{"id":7633,"date":"2025-11-27T10:14:08","date_gmt":"2025-11-27T08:14:08","guid":{"rendered":"https:\/\/saxbystone.com\/?post_type=product&#038;p=7633"},"modified":"2025-12-08T11:59:37","modified_gmt":"2025-12-08T09:59:37","slug":"kolmarden-marmor","status":"publish","type":"product","link":"https:\/\/saxbystone.com\/sv\/produkt\/kolmarden-marmor\/","title":{"rendered":"Kolm\u00e5rden Marble"},"content":{"rendered":"","protected":false},"excerpt":{"rendered":"<p>Mined close to the shores of Lake V\u00e4ttern in central Sweden, Kolm\u00e5rden Marble is famous for its unique green hues and decorative graining. This marble is popular for use as kitchen and bathroom countertops as well as floor tiles and is a Swedish national favourite.<\/p>\n<p>Kolm\u00e5rden Marble is classified as a World Heritage Stone and the quarry prides itself on its fossil-fuel free production and was the first in Sweden to receive this accreditation in 2020.<\/p>\n<p>Available in honed and brushed finish.<\/p>\n<p><em>Select tile size to see price. Free delivery for orders over 25 m<sup>2<\/sup>.\u00a0<\/em><\/p>\n","protected":false},"featured_media":7653,"template":"","meta":{"_acf_changed":false},"product_brand":[],"product_cat":[88,54],"product_tag":[],"class_list":{"0":"post-7633","1":"product","2":"type-product","3":"status-publish","4":"has-post-thumbnail","6":"product_cat-alla-plattor","7":"product_cat-golv-och-vaggplattor","9":"first","10":"instock","11":"shipping-taxable","12":"purchasable","13":"product-type-variable","14":"add-to-wishlist-after_add_to_cart"},"acf":[],"yoast_head":"<!-- This site is optimized with the Yoast SEO plugin v26.4 - https:\/\/yoast.com\/wordpress\/plugins\/seo\/ -->\n<title>Kolm\u00e5rden Marble - Saxby Stone<\/title>\n<meta name=\"description\" content=\"Kolm\u00e5rden Marble is popular for use as kitchen and bathroom countertops as well as floor tiles and is a Swedish national favorite.\" \/>\n<meta name=\"robots\" content=\"index, follow, max-snippet:-1, max-image-preview:large, max-video-preview:-1\" \/>\n<link rel=\"canonical\" href=\"https:\/\/saxbystone.com\/sv\/produkt\/kolmarden-marmor\/\" \/>\n<meta property=\"og:locale\" content=\"sv_SE\" \/>\n<meta property=\"og:type\" content=\"article\" \/>\n<meta property=\"og:title\" content=\"Kolm\u00e5rden Marble - Saxby Stone\" \/>\n<meta property=\"og:description\" content=\"Kolm\u00e5rden Marble is popular for use as kitchen and bathroom countertops as well as floor tiles and is a Swedish national favorite.\" \/>\n<meta property=\"og:url\" content=\"https:\/\/saxbystone.com\/sv\/produkt\/kolmarden-marmor\/\" \/>\n<meta property=\"og:site_name\" content=\"Saxby Stone\" \/>\n<meta property=\"article:modified_time\" content=\"2025-12-08T09:59:37+00:00\" \/>\n<meta property=\"og:image\" content=\"https:\/\/saxbystone.com\/wp-content\/uploads\/2025\/11\/Kolmarden-marble-OX-honed-1-1024x1024.png\" \/>\n\t<meta property=\"og:image:width\" content=\"1024\" \/>\n\t<meta property=\"og:image:height\" content=\"1024\" \/>\n\t<meta property=\"og:image:type\" content=\"image\/png\" \/>\n<meta name=\"twitter:card\" content=\"summary_large_image\" \/>\n<meta name=\"twitter:label1\" content=\"Ber\u00e4knad l\u00e4stid\" \/>\n\t<meta name=\"twitter:data1\" content=\"1 minut\" \/>\n<script type=\"application\/ld+json\" class=\"yoast-schema-graph\">{\"@context\":\"https:\/\/schema.org\",\"@graph\":[{\"@type\":\"WebPage\",\"@id\":\"https:\/\/saxbystone.com\/sv\/produkt\/kolmarden-marmor\/\",\"url\":\"https:\/\/saxbystone.com\/sv\/produkt\/kolmarden-marmor\/\",\"name\":\"Kolm\u00e5rden Marble - Saxby Stone\",\"isPartOf\":{\"@id\":\"https:\/\/saxbystone.com\/sv\/#website\"},\"primaryImageOfPage\":{\"@id\":\"https:\/\/saxbystone.com\/sv\/produkt\/kolmarden-marmor\/#primaryimage\"},\"image\":{\"@id\":\"https:\/\/saxbystone.com\/sv\/produkt\/kolmarden-marmor\/#primaryimage\"},\"thumbnailUrl\":\"https:\/\/saxbystone.com\/wp-content\/uploads\/2025\/11\/Kolmarden-marble-OX-honed-1.png\",\"datePublished\":\"2025-11-27T08:14:08+00:00\",\"dateModified\":\"2025-12-08T09:59:37+00:00\",\"description\":\"Kolm\u00e5rden Marble is popular for use as kitchen and bathroom countertops as well as floor tiles and is a Swedish national favorite.\",\"breadcrumb\":{\"@id\":\"https:\/\/saxbystone.com\/sv\/produkt\/kolmarden-marmor\/#breadcrumb\"},\"inLanguage\":\"sv-SE\",\"potentialAction\":[{\"@type\":\"ReadAction\",\"target\":[\"https:\/\/saxbystone.com\/sv\/produkt\/kolmarden-marmor\/\"]}]},{\"@type\":\"ImageObject\",\"inLanguage\":\"sv-SE\",\"@id\":\"https:\/\/saxbystone.com\/sv\/produkt\/kolmarden-marmor\/#primaryimage\",\"url\":\"https:\/\/saxbystone.com\/wp-content\/uploads\/2025\/11\/Kolmarden-marble-OX-honed-1.png\",\"contentUrl\":\"https:\/\/saxbystone.com\/wp-content\/uploads\/2025\/11\/Kolmarden-marble-OX-honed-1.png\",\"width\":2362,\"height\":2362},{\"@type\":\"BreadcrumbList\",\"@id\":\"https:\/\/saxbystone.com\/sv\/produkt\/kolmarden-marmor\/#breadcrumb\",\"itemListElement\":[{\"@type\":\"ListItem\",\"position\":1,\"name\":\"Home\",\"item\":\"https:\/\/saxbystone.com\/sv\/\"},{\"@type\":\"ListItem\",\"position\":2,\"name\":\"Stenplattor\",\"item\":\"https:\/\/saxbystone.com\/stone-tiles\/\"},{\"@type\":\"ListItem\",\"position\":3,\"name\":\"Kolm\u00e5rden Marble\"}]},{\"@type\":\"WebSite\",\"@id\":\"https:\/\/saxbystone.com\/sv\/#website\",\"url\":\"https:\/\/saxbystone.com\/sv\/\",\"name\":\"Saxby Stone\",\"description\":\"Natural stone tiles\",\"publisher\":{\"@id\":\"https:\/\/saxbystone.com\/sv\/#organization\"},\"potentialAction\":[{\"@type\":\"SearchAction\",\"target\":{\"@type\":\"EntryPoint\",\"urlTemplate\":\"https:\/\/saxbystone.com\/sv\/?s={search_term_string}\"},\"query-input\":{\"@type\":\"PropertyValueSpecification\",\"valueRequired\":true,\"valueName\":\"search_term_string\"}}],\"inLanguage\":\"sv-SE\"},{\"@type\":\"Organization\",\"@id\":\"https:\/\/saxbystone.com\/sv\/#organization\",\"name\":\"Saxby Stone\",\"url\":\"https:\/\/saxbystone.com\/sv\/\",\"logo\":{\"@type\":\"ImageObject\",\"inLanguage\":\"sv-SE\",\"@id\":\"https:\/\/saxbystone.com\/sv\/#\/schema\/logo\/image\/\",\"url\":\"https:\/\/saxbystone.com\/wp-content\/uploads\/2024\/09\/cropped-Saxby-Stone-logo-official-1st.png\",\"contentUrl\":\"https:\/\/saxbystone.com\/wp-content\/uploads\/2024\/09\/cropped-Saxby-Stone-logo-official-1st.png\",\"width\":512,\"height\":512,\"caption\":\"Saxby Stone\"},\"image\":{\"@id\":\"https:\/\/saxbystone.com\/sv\/#\/schema\/logo\/image\/\"},\"sameAs\":[\"https:\/\/www.instagram.com\/saxbystone\/\"]}]}<\/script>\n<!-- \/ Yoast SEO plugin. -->","yoast_head_json":{"title":"Kolm\u00e5rden Marble - Saxby Stone","description":"Kolm\u00e5rden Marble is popular for use as kitchen and bathroom countertops as well as floor tiles and is a Swedish national favorite.","robots":{"index":"index","follow":"follow","max-snippet":"max-snippet:-1","max-image-preview":"max-image-preview:large","max-video-preview":"max-video-preview:-1"},"canonical":"https:\/\/saxbystone.com\/sv\/produkt\/kolmarden-marmor\/","og_locale":"sv_SE","og_type":"article","og_title":"Kolm\u00e5rden Marble - Saxby Stone","og_description":"Kolm\u00e5rden Marble is popular for use as kitchen and bathroom countertops as well as floor tiles and is a Swedish national favorite.","og_url":"https:\/\/saxbystone.com\/sv\/produkt\/kolmarden-marmor\/","og_site_name":"Saxby Stone","article_modified_time":"2025-12-08T09:59:37+00:00","og_image":[{"width":1024,"height":1024,"url":"https:\/\/saxbystone.com\/wp-content\/uploads\/2025\/11\/Kolmarden-marble-OX-honed-1-1024x1024.png","type":"image\/png"}],"twitter_card":"summary_large_image","twitter_misc":{"Ber\u00e4knad l\u00e4stid":"1 minut"},"schema":{"@context":"https:\/\/schema.org","@graph":[{"@type":"WebPage","@id":"https:\/\/saxbystone.com\/sv\/produkt\/kolmarden-marmor\/","url":"https:\/\/saxbystone.com\/sv\/produkt\/kolmarden-marmor\/","name":"Kolm\u00e5rden Marble - Saxby Stone","isPartOf":{"@id":"https:\/\/saxbystone.com\/sv\/#website"},"primaryImageOfPage":{"@id":"https:\/\/saxbystone.com\/sv\/produkt\/kolmarden-marmor\/#primaryimage"},"image":{"@id":"https:\/\/saxbystone.com\/sv\/produkt\/kolmarden-marmor\/#primaryimage"},"thumbnailUrl":"https:\/\/saxbystone.com\/wp-content\/uploads\/2025\/11\/Kolmarden-marble-OX-honed-1.png","datePublished":"2025-11-27T08:14:08+00:00","dateModified":"2025-12-08T09:59:37+00:00","description":"Kolm\u00e5rden Marble is popular for use as kitchen and bathroom countertops as well as floor tiles and is a Swedish national favorite.","breadcrumb":{"@id":"https:\/\/saxbystone.com\/sv\/produkt\/kolmarden-marmor\/#breadcrumb"},"inLanguage":"sv-SE","potentialAction":[{"@type":"ReadAction","target":["https:\/\/saxbystone.com\/sv\/produkt\/kolmarden-marmor\/"]}]},{"@type":"ImageObject","inLanguage":"sv-SE","@id":"https:\/\/saxbystone.com\/sv\/produkt\/kolmarden-marmor\/#primaryimage","url":"https:\/\/saxbystone.com\/wp-content\/uploads\/2025\/11\/Kolmarden-marble-OX-honed-1.png","contentUrl":"https:\/\/saxbystone.com\/wp-content\/uploads\/2025\/11\/Kolmarden-marble-OX-honed-1.png","width":2362,"height":2362},{"@type":"BreadcrumbList","@id":"https:\/\/saxbystone.com\/sv\/produkt\/kolmarden-marmor\/#breadcrumb","itemListElement":[{"@type":"ListItem","position":1,"name":"Home","item":"https:\/\/saxbystone.com\/sv\/"},{"@type":"ListItem","position":2,"name":"Stenplattor","item":"https:\/\/saxbystone.com\/stone-tiles\/"},{"@type":"ListItem","position":3,"name":"Kolm\u00e5rden Marble"}]},{"@type":"WebSite","@id":"https:\/\/saxbystone.com\/sv\/#website","url":"https:\/\/saxbystone.com\/sv\/","name":"Saxby Stone","description":"Natural stone tiles","publisher":{"@id":"https:\/\/saxbystone.com\/sv\/#organization"},"potentialAction":[{"@type":"SearchAction","target":{"@type":"EntryPoint","urlTemplate":"https:\/\/saxbystone.com\/sv\/?s={search_term_string}"},"query-input":{"@type":"PropertyValueSpecification","valueRequired":true,"valueName":"search_term_string"}}],"inLanguage":"sv-SE"},{"@type":"Organization","@id":"https:\/\/saxbystone.com\/sv\/#organization","name":"Saxby Stone","url":"https:\/\/saxbystone.com\/sv\/","logo":{"@type":"ImageObject","inLanguage":"sv-SE","@id":"https:\/\/saxbystone.com\/sv\/#\/schema\/logo\/image\/","url":"https:\/\/saxbystone.com\/wp-content\/uploads\/2024\/09\/cropped-Saxby-Stone-logo-official-1st.png","contentUrl":"https:\/\/saxbystone.com\/wp-content\/uploads\/2024\/09\/cropped-Saxby-Stone-logo-official-1st.png","width":512,"height":512,"caption":"Saxby Stone"},"image":{"@id":"https:\/\/saxbystone.com\/sv\/#\/schema\/logo\/image\/"},"sameAs":["https:\/\/www.instagram.com\/saxbystone\/"]}]}},"_links":{"self":[{"href":"https:\/\/saxbystone.com\/sv\/wp-json\/wp\/v2\/product\/7633","targetHints":{"allow":["GET"]}}],"collection":[{"href":"https:\/\/saxbystone.com\/sv\/wp-json\/wp\/v2\/product"}],"about":[{"href":"https:\/\/saxbystone.com\/sv\/wp-json\/wp\/v2\/types\/product"}],"wp:featuredmedia":[{"embeddable":true,"href":"https:\/\/saxbystone.com\/sv\/wp-json\/wp\/v2\/media\/7653"}],"wp:attachment":[{"href":"https:\/\/saxbystone.com\/sv\/wp-json\/wp\/v2\/media?parent=7633"}],"wp:term":[{"taxonomy":"product_brand","embeddable":true,"href":"https:\/\/saxbystone.com\/sv\/wp-json\/wp\/v2\/product_brand?post=7633"},{"taxonomy":"product_cat","embeddable":true,"href":"https:\/\/saxbystone.com\/sv\/wp-json\/wp\/v2\/product_cat?post=7633"},{"taxonomy":"product_tag","embeddable":true,"href":"https:\/\/saxbystone.com\/sv\/wp-json\/wp\/v2\/product_tag?post=7633"}],"curies":[{"name":"wp","href":"https:\/\/api.w.org\/{rel}","templated":true}]}}