{"id":7045,"date":"2025-08-18T10:28:46","date_gmt":"2025-08-18T07:28:46","guid":{"rendered":"https:\/\/saxbystone.com\/?post_type=product&#038;p=7045"},"modified":"2026-02-27T08:30:15","modified_gmt":"2026-02-27T06:30:15","slug":"burford-grey-belaggningssten","status":"publish","type":"product","link":"https:\/\/saxbystone.com\/sv\/produkt\/burford-grey-belaggningssten\/","title":{"rendered":"Burford Grey Bel\u00e4ggningssten"},"content":{"rendered":"","protected":false},"excerpt":{"rendered":"<p>V\u00e5ra frosts\u00e4kra bel\u00e4ggningssten i Burford Grey-kalksten \u00e4r perfekte till tr\u00e4dg\u00e5rdsg\u00e5ngar och terrasser. Den tumlade ytan betyder att stenen ger ett bra grepp i alla v\u00e4der.<\/p>\n<p>Denna tuffa och slitt\u00e5liga kalkstenen beh\u00f6ver n\u00e4sten inget underh\u00e5ll och blandningen av ljusa och gr\u00e5 toner ger en f\u00e4rgsammans\u00e4ttning som bara kan skapas av naturen och som \u00e4r mycket mer attraktiv \u00e4n den som finns i en konstgjord kompositsten.<\/p>\n<p>Plattor i stora dimensioner kan kombineras med mindre bel\u00e4ggningssten i ett dekorativt syfte och p\u00e5 grund av Burford Greys t\u00e5lighet kommer de att h\u00e5lla evigt.<\/p>\n<p>Den finns att k\u00f6pa med tumlad ytfinish.<\/p>\n<p><em>V\u00e4lj kakelstorlek f\u00f6r att se priset. Fri frakt vid best\u00e4llningar \u00f6ver 25 m<sup>2<\/sup>. Dessa priser g\u00e4ller f\u00f6r svenska f\u00f6retag. <\/em><em>F\u00f6r plattor fr\u00e5n v\u00e5rt lager i Storbritannien tillkommer en ytterligare kostnad f\u00f6r privata kunder p\u00e5 grund av tullregler.<\/em><\/p>\n","protected":false},"featured_media":7085,"template":"","meta":{"_acf_changed":false},"product_brand":[],"product_cat":[88,75],"product_tag":[],"class_list":{"0":"post-7045","1":"product","2":"type-product","3":"status-publish","4":"has-post-thumbnail","6":"product_cat-alla-plattor","7":"product_cat-belaggningssten","9":"first","10":"instock","11":"shipping-taxable","12":"purchasable","13":"product-type-variable","14":"add-to-wishlist-after_add_to_cart"},"acf":[],"yoast_head":"<!-- This site is optimized with the Yoast SEO plugin v26.4 - https:\/\/yoast.com\/wordpress\/plugins\/seo\/ -->\n<title>Burford Grey Bel\u00e4ggningssten - Saxby Stone<\/title>\n<meta name=\"description\" content=\"Frost resistant Burford Grey limestone paving cobbles are perfect for garden paths and outdoor terraces.\" \/>\n<meta name=\"robots\" content=\"index, follow, max-snippet:-1, max-image-preview:large, max-video-preview:-1\" \/>\n<link rel=\"canonical\" href=\"https:\/\/saxbystone.com\/sv\/produkt\/burford-grey-belaggningssten\/\" \/>\n<meta property=\"og:locale\" content=\"sv_SE\" \/>\n<meta property=\"og:type\" content=\"article\" \/>\n<meta property=\"og:title\" content=\"Burford Grey Bel\u00e4ggningssten - Saxby Stone\" \/>\n<meta property=\"og:description\" content=\"Frost resistant Burford Grey limestone paving cobbles are perfect for garden paths and outdoor terraces.\" \/>\n<meta property=\"og:url\" content=\"https:\/\/saxbystone.com\/sv\/produkt\/burford-grey-belaggningssten\/\" \/>\n<meta property=\"og:site_name\" content=\"Saxby Stone\" \/>\n<meta property=\"article:modified_time\" content=\"2026-02-27T06:30:15+00:00\" \/>\n<meta property=\"og:image\" content=\"https:\/\/saxbystone.com\/wp-content\/uploads\/2025\/08\/Burford-Grey-Tumbled-Limestone-Exterior-Cobbles-main.jpg\" \/>\n\t<meta property=\"og:image:width\" content=\"907\" \/>\n\t<meta property=\"og:image:height\" content=\"680\" \/>\n\t<meta property=\"og:image:type\" content=\"image\/jpeg\" \/>\n<meta name=\"twitter:card\" content=\"summary_large_image\" \/>\n<meta name=\"twitter:label1\" content=\"Ber\u00e4knad l\u00e4stid\" \/>\n\t<meta name=\"twitter:data1\" content=\"1 minut\" \/>\n<script type=\"application\/ld+json\" class=\"yoast-schema-graph\">{\"@context\":\"https:\/\/schema.org\",\"@graph\":[{\"@type\":\"WebPage\",\"@id\":\"https:\/\/saxbystone.com\/sv\/produkt\/burford-grey-belaggningssten\/\",\"url\":\"https:\/\/saxbystone.com\/sv\/produkt\/burford-grey-belaggningssten\/\",\"name\":\"Burford Grey Bel\u00e4ggningssten - Saxby Stone\",\"isPartOf\":{\"@id\":\"https:\/\/saxbystone.com\/sv\/#website\"},\"primaryImageOfPage\":{\"@id\":\"https:\/\/saxbystone.com\/sv\/produkt\/burford-grey-belaggningssten\/#primaryimage\"},\"image\":{\"@id\":\"https:\/\/saxbystone.com\/sv\/produkt\/burford-grey-belaggningssten\/#primaryimage\"},\"thumbnailUrl\":\"https:\/\/saxbystone.com\/wp-content\/uploads\/2025\/08\/Burford-Grey-Tumbled-Limestone-Exterior-Cobbles-main.jpg\",\"datePublished\":\"2025-08-18T07:28:46+00:00\",\"dateModified\":\"2026-02-27T06:30:15+00:00\",\"description\":\"Frost resistant Burford Grey limestone paving cobbles are perfect for garden paths and outdoor terraces.\",\"breadcrumb\":{\"@id\":\"https:\/\/saxbystone.com\/sv\/produkt\/burford-grey-belaggningssten\/#breadcrumb\"},\"inLanguage\":\"sv-SE\",\"potentialAction\":[{\"@type\":\"ReadAction\",\"target\":[\"https:\/\/saxbystone.com\/sv\/produkt\/burford-grey-belaggningssten\/\"]}]},{\"@type\":\"ImageObject\",\"inLanguage\":\"sv-SE\",\"@id\":\"https:\/\/saxbystone.com\/sv\/produkt\/burford-grey-belaggningssten\/#primaryimage\",\"url\":\"https:\/\/saxbystone.com\/wp-content\/uploads\/2025\/08\/Burford-Grey-Tumbled-Limestone-Exterior-Cobbles-main.jpg\",\"contentUrl\":\"https:\/\/saxbystone.com\/wp-content\/uploads\/2025\/08\/Burford-Grey-Tumbled-Limestone-Exterior-Cobbles-main.jpg\",\"width\":907,\"height\":680},{\"@type\":\"BreadcrumbList\",\"@id\":\"https:\/\/saxbystone.com\/sv\/produkt\/burford-grey-belaggningssten\/#breadcrumb\",\"itemListElement\":[{\"@type\":\"ListItem\",\"position\":1,\"name\":\"Home\",\"item\":\"https:\/\/saxbystone.com\/sv\/\"},{\"@type\":\"ListItem\",\"position\":2,\"name\":\"Stenplattor\",\"item\":\"https:\/\/saxbystone.com\/stone-tiles\/\"},{\"@type\":\"ListItem\",\"position\":3,\"name\":\"Burford Grey Bel\u00e4ggningssten\"}]},{\"@type\":\"WebSite\",\"@id\":\"https:\/\/saxbystone.com\/sv\/#website\",\"url\":\"https:\/\/saxbystone.com\/sv\/\",\"name\":\"Saxby Stone\",\"description\":\"Natural stone tiles\",\"publisher\":{\"@id\":\"https:\/\/saxbystone.com\/sv\/#organization\"},\"potentialAction\":[{\"@type\":\"SearchAction\",\"target\":{\"@type\":\"EntryPoint\",\"urlTemplate\":\"https:\/\/saxbystone.com\/sv\/?s={search_term_string}\"},\"query-input\":{\"@type\":\"PropertyValueSpecification\",\"valueRequired\":true,\"valueName\":\"search_term_string\"}}],\"inLanguage\":\"sv-SE\"},{\"@type\":\"Organization\",\"@id\":\"https:\/\/saxbystone.com\/sv\/#organization\",\"name\":\"Saxby Stone\",\"url\":\"https:\/\/saxbystone.com\/sv\/\",\"logo\":{\"@type\":\"ImageObject\",\"inLanguage\":\"sv-SE\",\"@id\":\"https:\/\/saxbystone.com\/sv\/#\/schema\/logo\/image\/\",\"url\":\"https:\/\/saxbystone.com\/wp-content\/uploads\/2024\/09\/cropped-Saxby-Stone-logo-official-1st.png\",\"contentUrl\":\"https:\/\/saxbystone.com\/wp-content\/uploads\/2024\/09\/cropped-Saxby-Stone-logo-official-1st.png\",\"width\":512,\"height\":512,\"caption\":\"Saxby Stone\"},\"image\":{\"@id\":\"https:\/\/saxbystone.com\/sv\/#\/schema\/logo\/image\/\"},\"sameAs\":[\"https:\/\/www.instagram.com\/saxbystone\/\"]}]}<\/script>\n<!-- \/ Yoast SEO plugin. -->","yoast_head_json":{"title":"Burford Grey Bel\u00e4ggningssten - Saxby Stone","description":"Frost resistant Burford Grey limestone paving cobbles are perfect for garden paths and outdoor terraces.","robots":{"index":"index","follow":"follow","max-snippet":"max-snippet:-1","max-image-preview":"max-image-preview:large","max-video-preview":"max-video-preview:-1"},"canonical":"https:\/\/saxbystone.com\/sv\/produkt\/burford-grey-belaggningssten\/","og_locale":"sv_SE","og_type":"article","og_title":"Burford Grey Bel\u00e4ggningssten - Saxby Stone","og_description":"Frost resistant Burford Grey limestone paving cobbles are perfect for garden paths and outdoor terraces.","og_url":"https:\/\/saxbystone.com\/sv\/produkt\/burford-grey-belaggningssten\/","og_site_name":"Saxby Stone","article_modified_time":"2026-02-27T06:30:15+00:00","og_image":[{"width":907,"height":680,"url":"https:\/\/saxbystone.com\/wp-content\/uploads\/2025\/08\/Burford-Grey-Tumbled-Limestone-Exterior-Cobbles-main.jpg","type":"image\/jpeg"}],"twitter_card":"summary_large_image","twitter_misc":{"Ber\u00e4knad l\u00e4stid":"1 minut"},"schema":{"@context":"https:\/\/schema.org","@graph":[{"@type":"WebPage","@id":"https:\/\/saxbystone.com\/sv\/produkt\/burford-grey-belaggningssten\/","url":"https:\/\/saxbystone.com\/sv\/produkt\/burford-grey-belaggningssten\/","name":"Burford Grey Bel\u00e4ggningssten - Saxby Stone","isPartOf":{"@id":"https:\/\/saxbystone.com\/sv\/#website"},"primaryImageOfPage":{"@id":"https:\/\/saxbystone.com\/sv\/produkt\/burford-grey-belaggningssten\/#primaryimage"},"image":{"@id":"https:\/\/saxbystone.com\/sv\/produkt\/burford-grey-belaggningssten\/#primaryimage"},"thumbnailUrl":"https:\/\/saxbystone.com\/wp-content\/uploads\/2025\/08\/Burford-Grey-Tumbled-Limestone-Exterior-Cobbles-main.jpg","datePublished":"2025-08-18T07:28:46+00:00","dateModified":"2026-02-27T06:30:15+00:00","description":"Frost resistant Burford Grey limestone paving cobbles are perfect for garden paths and outdoor terraces.","breadcrumb":{"@id":"https:\/\/saxbystone.com\/sv\/produkt\/burford-grey-belaggningssten\/#breadcrumb"},"inLanguage":"sv-SE","potentialAction":[{"@type":"ReadAction","target":["https:\/\/saxbystone.com\/sv\/produkt\/burford-grey-belaggningssten\/"]}]},{"@type":"ImageObject","inLanguage":"sv-SE","@id":"https:\/\/saxbystone.com\/sv\/produkt\/burford-grey-belaggningssten\/#primaryimage","url":"https:\/\/saxbystone.com\/wp-content\/uploads\/2025\/08\/Burford-Grey-Tumbled-Limestone-Exterior-Cobbles-main.jpg","contentUrl":"https:\/\/saxbystone.com\/wp-content\/uploads\/2025\/08\/Burford-Grey-Tumbled-Limestone-Exterior-Cobbles-main.jpg","width":907,"height":680},{"@type":"BreadcrumbList","@id":"https:\/\/saxbystone.com\/sv\/produkt\/burford-grey-belaggningssten\/#breadcrumb","itemListElement":[{"@type":"ListItem","position":1,"name":"Home","item":"https:\/\/saxbystone.com\/sv\/"},{"@type":"ListItem","position":2,"name":"Stenplattor","item":"https:\/\/saxbystone.com\/stone-tiles\/"},{"@type":"ListItem","position":3,"name":"Burford Grey Bel\u00e4ggningssten"}]},{"@type":"WebSite","@id":"https:\/\/saxbystone.com\/sv\/#website","url":"https:\/\/saxbystone.com\/sv\/","name":"Saxby Stone","description":"Natural stone tiles","publisher":{"@id":"https:\/\/saxbystone.com\/sv\/#organization"},"potentialAction":[{"@type":"SearchAction","target":{"@type":"EntryPoint","urlTemplate":"https:\/\/saxbystone.com\/sv\/?s={search_term_string}"},"query-input":{"@type":"PropertyValueSpecification","valueRequired":true,"valueName":"search_term_string"}}],"inLanguage":"sv-SE"},{"@type":"Organization","@id":"https:\/\/saxbystone.com\/sv\/#organization","name":"Saxby Stone","url":"https:\/\/saxbystone.com\/sv\/","logo":{"@type":"ImageObject","inLanguage":"sv-SE","@id":"https:\/\/saxbystone.com\/sv\/#\/schema\/logo\/image\/","url":"https:\/\/saxbystone.com\/wp-content\/uploads\/2024\/09\/cropped-Saxby-Stone-logo-official-1st.png","contentUrl":"https:\/\/saxbystone.com\/wp-content\/uploads\/2024\/09\/cropped-Saxby-Stone-logo-official-1st.png","width":512,"height":512,"caption":"Saxby Stone"},"image":{"@id":"https:\/\/saxbystone.com\/sv\/#\/schema\/logo\/image\/"},"sameAs":["https:\/\/www.instagram.com\/saxbystone\/"]}]}},"_links":{"self":[{"href":"https:\/\/saxbystone.com\/sv\/wp-json\/wp\/v2\/product\/7045","targetHints":{"allow":["GET"]}}],"collection":[{"href":"https:\/\/saxbystone.com\/sv\/wp-json\/wp\/v2\/product"}],"about":[{"href":"https:\/\/saxbystone.com\/sv\/wp-json\/wp\/v2\/types\/product"}],"wp:featuredmedia":[{"embeddable":true,"href":"https:\/\/saxbystone.com\/sv\/wp-json\/wp\/v2\/media\/7085"}],"wp:attachment":[{"href":"https:\/\/saxbystone.com\/sv\/wp-json\/wp\/v2\/media?parent=7045"}],"wp:term":[{"taxonomy":"product_brand","embeddable":true,"href":"https:\/\/saxbystone.com\/sv\/wp-json\/wp\/v2\/product_brand?post=7045"},{"taxonomy":"product_cat","embeddable":true,"href":"https:\/\/saxbystone.com\/sv\/wp-json\/wp\/v2\/product_cat?post=7045"},{"taxonomy":"product_tag","embeddable":true,"href":"https:\/\/saxbystone.com\/sv\/wp-json\/wp\/v2\/product_tag?post=7045"}],"curies":[{"name":"wp","href":"https:\/\/api.w.org\/{rel}","templated":true}]}}