{"id":3289,"date":"2024-10-28T09:51:12","date_gmt":"2024-10-28T07:51:12","guid":{"rendered":"https:\/\/saxbystone.com\/?post_type=product&#038;p=3289"},"modified":"2025-11-26T12:09:05","modified_gmt":"2025-11-26T10:09:05","slug":"jura-beige","status":"publish","type":"product","link":"https:\/\/saxbystone.com\/sv\/produkt\/jura-beige\/","title":{"rendered":"Jura Beige Crema kalksten"},"content":{"rendered":"","protected":false},"excerpt":{"rendered":"<p class=\"has-medium-font-size\">Jura Beige Crema kalksten \u00e4r en extra h\u00e5rd dolomitkalksten fr\u00e5n foten av alperna i s\u00f6dra Tyskland. Stenen har ett intressant fossilm\u00f6nster som bildats av olika sj\u00f6organismer f\u00f6r miljoner \u00e5r sedan. Eftersom beige jurakalksten h\u00e5ller bra f\u00f6r dagligt slitage och \u00e4r l\u00e4tt att underh\u00e5lla \u00e4r den popul\u00e4r b\u00e5de som golvplattor och som k\u00f6ksb\u00e4nkskiva. M\u00e5nga k\u00f6pcentra, flygplatser och restauranger v\u00e4ljer beige jurakalksten som golvbel\u00e4ggning, vilket \u00e4r ett bra bevis p\u00e5 dess h\u00e5llfasthet och l\u00e5nga livsl\u00e4ngd.<\/p>\n<p class=\"has-medium-font-size\">Det \u00e4r viktigt att notera att vi erbjuder sortimentet Crema av den jurakalkstenen vilket inneb\u00e4r att plattorna har ett diskret m\u00f6nster med f\u00e5, om ens n\u00e5gra, rostf\u00e4rgade prickar. Cremasortimentet av beige jurakalksten ger en mer subtil och enhetlig f\u00e4rg, j\u00e4mf\u00f6rt med vanlig beige jurakalksten.<\/p>\n<p class=\"has-medium-font-size\">Vi erbjuder kakel, k\u00f6ksb\u00e4nkskivor, f\u00f6nsterb\u00e4nkar, trappor och golvlister av den h\u00e4r kalkstenen.<\/p>\n<p class=\"has-medium-font-size\">Den finns att k\u00f6pa med slipad, borstad och tumlad ytfinish.<\/p>\n<p><em>V\u00e4lj kakelstorlek f\u00f6r att se priset. Fri frakt vid best\u00e4llningar \u00f6ver 25 m<sup>2<\/sup>.<\/em><\/p>\n","protected":false},"featured_media":6937,"template":"","meta":{"_acf_changed":false},"product_brand":[],"product_cat":[88,54,78,69],"product_tag":[],"class_list":{"0":"post-3289","1":"product","2":"type-product","3":"status-publish","4":"has-post-thumbnail","6":"product_cat-alla-plattor","7":"product_cat-golv-och-vaggplattor","8":"product_cat-arbetsytor-fonsterbrador","9":"product_cat-fasadsten","11":"first","12":"instock","13":"shipping-taxable","14":"purchasable","15":"product-type-variable","16":"add-to-wishlist-after_add_to_cart"},"acf":[],"yoast_head":"<!-- This site is optimized with the Yoast SEO plugin v26.4 - https:\/\/yoast.com\/wordpress\/plugins\/seo\/ -->\n<title>Jura Beige Crema kalksten - Saxby Stone<\/title>\n<meta name=\"robots\" content=\"index, follow, max-snippet:-1, max-image-preview:large, max-video-preview:-1\" \/>\n<link rel=\"canonical\" href=\"https:\/\/saxbystone.com\/sv\/produkt\/jura-beige\/\" \/>\n<meta property=\"og:locale\" content=\"sv_SE\" \/>\n<meta property=\"og:type\" content=\"article\" \/>\n<meta property=\"og:title\" content=\"Jura Beige Crema kalksten - Saxby Stone\" \/>\n<meta property=\"og:description\" content=\"Jura Beige Crema kalksten \u00e4r en extra h\u00e5rd dolomitkalksten fr\u00e5n foten av alperna i s\u00f6dra Tyskland. Stenen har ett intressant fossilm\u00f6nster som bildats av olika sj\u00f6organismer f\u00f6r miljoner \u00e5r sedan. Eftersom beige jurakalksten h\u00e5ller bra f\u00f6r dagligt slitage och \u00e4r l\u00e4tt att underh\u00e5lla \u00e4r den popul\u00e4r b\u00e5de som golvplattor och som k\u00f6ksb\u00e4nkskiva. M\u00e5nga k\u00f6pcentra, flygplatser och restauranger v\u00e4ljer beige jurakalksten som golvbel\u00e4ggning, vilket \u00e4r ett bra bevis p\u00e5 dess h\u00e5llfasthet och l\u00e5nga livsl\u00e4ngd. Det \u00e4r viktigt att notera att vi erbjuder sortimentet Crema av den jurakalkstenen vilket inneb\u00e4r att plattorna har ett diskret m\u00f6nster med f\u00e5, om ens n\u00e5gra, rostf\u00e4rgade prickar. Cremasortimentet av beige jurakalksten ger en mer subtil och enhetlig f\u00e4rg, j\u00e4mf\u00f6rt med vanlig beige jurakalksten. Vi erbjuder kakel, k\u00f6ksb\u00e4nkskivor, f\u00f6nsterb\u00e4nkar, trappor och golvlister av den h\u00e4r kalkstenen. Den finns att k\u00f6pa med slipad, borstad och tumlad ytfinish. V\u00e4lj kakelstorlek f\u00f6r att se priset. Fri frakt vid best\u00e4llningar \u00f6ver 25 m2.\" \/>\n<meta property=\"og:url\" content=\"https:\/\/saxbystone.com\/sv\/produkt\/jura-beige\/\" \/>\n<meta property=\"og:site_name\" content=\"Saxby Stone\" \/>\n<meta property=\"article:modified_time\" content=\"2025-11-26T10:09:05+00:00\" \/>\n<meta property=\"og:image\" content=\"https:\/\/saxbystone.com\/wp-content\/uploads\/2024\/10\/Jura-Beige-Crema-Limestone-First-picture-1.jpg\" \/>\n\t<meta property=\"og:image:width\" content=\"1089\" \/>\n\t<meta property=\"og:image:height\" content=\"1110\" \/>\n\t<meta property=\"og:image:type\" content=\"image\/jpeg\" \/>\n<meta name=\"twitter:card\" content=\"summary_large_image\" \/>\n<meta name=\"twitter:label1\" content=\"Ber\u00e4knad l\u00e4stid\" \/>\n\t<meta name=\"twitter:data1\" content=\"1 minut\" \/>\n<script type=\"application\/ld+json\" class=\"yoast-schema-graph\">{\"@context\":\"https:\/\/schema.org\",\"@graph\":[{\"@type\":\"WebPage\",\"@id\":\"https:\/\/saxbystone.com\/sv\/produkt\/jura-beige\/\",\"url\":\"https:\/\/saxbystone.com\/sv\/produkt\/jura-beige\/\",\"name\":\"Jura Beige Crema kalksten - Saxby Stone\",\"isPartOf\":{\"@id\":\"https:\/\/saxbystone.com\/sv\/#website\"},\"primaryImageOfPage\":{\"@id\":\"https:\/\/saxbystone.com\/sv\/produkt\/jura-beige\/#primaryimage\"},\"image\":{\"@id\":\"https:\/\/saxbystone.com\/sv\/produkt\/jura-beige\/#primaryimage\"},\"thumbnailUrl\":\"https:\/\/saxbystone.com\/wp-content\/uploads\/2024\/10\/Jura-Beige-Crema-Limestone-First-picture-1.jpg\",\"datePublished\":\"2024-10-28T07:51:12+00:00\",\"dateModified\":\"2025-11-26T10:09:05+00:00\",\"breadcrumb\":{\"@id\":\"https:\/\/saxbystone.com\/sv\/produkt\/jura-beige\/#breadcrumb\"},\"inLanguage\":\"sv-SE\",\"potentialAction\":[{\"@type\":\"ReadAction\",\"target\":[\"https:\/\/saxbystone.com\/sv\/produkt\/jura-beige\/\"]}]},{\"@type\":\"ImageObject\",\"inLanguage\":\"sv-SE\",\"@id\":\"https:\/\/saxbystone.com\/sv\/produkt\/jura-beige\/#primaryimage\",\"url\":\"https:\/\/saxbystone.com\/wp-content\/uploads\/2024\/10\/Jura-Beige-Crema-Limestone-First-picture-1.jpg\",\"contentUrl\":\"https:\/\/saxbystone.com\/wp-content\/uploads\/2024\/10\/Jura-Beige-Crema-Limestone-First-picture-1.jpg\",\"width\":1089,\"height\":1110},{\"@type\":\"BreadcrumbList\",\"@id\":\"https:\/\/saxbystone.com\/sv\/produkt\/jura-beige\/#breadcrumb\",\"itemListElement\":[{\"@type\":\"ListItem\",\"position\":1,\"name\":\"Home\",\"item\":\"https:\/\/saxbystone.com\/sv\/\"},{\"@type\":\"ListItem\",\"position\":2,\"name\":\"Stenplattor\",\"item\":\"https:\/\/saxbystone.com\/stone-tiles\/\"},{\"@type\":\"ListItem\",\"position\":3,\"name\":\"Jura Beige Crema kalksten\"}]},{\"@type\":\"WebSite\",\"@id\":\"https:\/\/saxbystone.com\/sv\/#website\",\"url\":\"https:\/\/saxbystone.com\/sv\/\",\"name\":\"Saxby Stone\",\"description\":\"Natural stone tiles\",\"publisher\":{\"@id\":\"https:\/\/saxbystone.com\/sv\/#organization\"},\"potentialAction\":[{\"@type\":\"SearchAction\",\"target\":{\"@type\":\"EntryPoint\",\"urlTemplate\":\"https:\/\/saxbystone.com\/sv\/?s={search_term_string}\"},\"query-input\":{\"@type\":\"PropertyValueSpecification\",\"valueRequired\":true,\"valueName\":\"search_term_string\"}}],\"inLanguage\":\"sv-SE\"},{\"@type\":\"Organization\",\"@id\":\"https:\/\/saxbystone.com\/sv\/#organization\",\"name\":\"Saxby Stone\",\"url\":\"https:\/\/saxbystone.com\/sv\/\",\"logo\":{\"@type\":\"ImageObject\",\"inLanguage\":\"sv-SE\",\"@id\":\"https:\/\/saxbystone.com\/sv\/#\/schema\/logo\/image\/\",\"url\":\"https:\/\/saxbystone.com\/wp-content\/uploads\/2024\/09\/cropped-Saxby-Stone-logo-official-1st.png\",\"contentUrl\":\"https:\/\/saxbystone.com\/wp-content\/uploads\/2024\/09\/cropped-Saxby-Stone-logo-official-1st.png\",\"width\":512,\"height\":512,\"caption\":\"Saxby Stone\"},\"image\":{\"@id\":\"https:\/\/saxbystone.com\/sv\/#\/schema\/logo\/image\/\"},\"sameAs\":[\"https:\/\/www.instagram.com\/saxbystone\/\"]}]}<\/script>\n<!-- \/ Yoast SEO plugin. -->","yoast_head_json":{"title":"Jura Beige Crema kalksten - Saxby Stone","robots":{"index":"index","follow":"follow","max-snippet":"max-snippet:-1","max-image-preview":"max-image-preview:large","max-video-preview":"max-video-preview:-1"},"canonical":"https:\/\/saxbystone.com\/sv\/produkt\/jura-beige\/","og_locale":"sv_SE","og_type":"article","og_title":"Jura Beige Crema kalksten - Saxby Stone","og_description":"Jura Beige Crema kalksten \u00e4r en extra h\u00e5rd dolomitkalksten fr\u00e5n foten av alperna i s\u00f6dra Tyskland. Stenen har ett intressant fossilm\u00f6nster som bildats av olika sj\u00f6organismer f\u00f6r miljoner \u00e5r sedan. Eftersom beige jurakalksten h\u00e5ller bra f\u00f6r dagligt slitage och \u00e4r l\u00e4tt att underh\u00e5lla \u00e4r den popul\u00e4r b\u00e5de som golvplattor och som k\u00f6ksb\u00e4nkskiva. M\u00e5nga k\u00f6pcentra, flygplatser och restauranger v\u00e4ljer beige jurakalksten som golvbel\u00e4ggning, vilket \u00e4r ett bra bevis p\u00e5 dess h\u00e5llfasthet och l\u00e5nga livsl\u00e4ngd. Det \u00e4r viktigt att notera att vi erbjuder sortimentet Crema av den jurakalkstenen vilket inneb\u00e4r att plattorna har ett diskret m\u00f6nster med f\u00e5, om ens n\u00e5gra, rostf\u00e4rgade prickar. Cremasortimentet av beige jurakalksten ger en mer subtil och enhetlig f\u00e4rg, j\u00e4mf\u00f6rt med vanlig beige jurakalksten. Vi erbjuder kakel, k\u00f6ksb\u00e4nkskivor, f\u00f6nsterb\u00e4nkar, trappor och golvlister av den h\u00e4r kalkstenen. Den finns att k\u00f6pa med slipad, borstad och tumlad ytfinish. V\u00e4lj kakelstorlek f\u00f6r att se priset. Fri frakt vid best\u00e4llningar \u00f6ver 25 m2.","og_url":"https:\/\/saxbystone.com\/sv\/produkt\/jura-beige\/","og_site_name":"Saxby Stone","article_modified_time":"2025-11-26T10:09:05+00:00","og_image":[{"width":1089,"height":1110,"url":"https:\/\/saxbystone.com\/wp-content\/uploads\/2024\/10\/Jura-Beige-Crema-Limestone-First-picture-1.jpg","type":"image\/jpeg"}],"twitter_card":"summary_large_image","twitter_misc":{"Ber\u00e4knad l\u00e4stid":"1 minut"},"schema":{"@context":"https:\/\/schema.org","@graph":[{"@type":"WebPage","@id":"https:\/\/saxbystone.com\/sv\/produkt\/jura-beige\/","url":"https:\/\/saxbystone.com\/sv\/produkt\/jura-beige\/","name":"Jura Beige Crema kalksten - Saxby Stone","isPartOf":{"@id":"https:\/\/saxbystone.com\/sv\/#website"},"primaryImageOfPage":{"@id":"https:\/\/saxbystone.com\/sv\/produkt\/jura-beige\/#primaryimage"},"image":{"@id":"https:\/\/saxbystone.com\/sv\/produkt\/jura-beige\/#primaryimage"},"thumbnailUrl":"https:\/\/saxbystone.com\/wp-content\/uploads\/2024\/10\/Jura-Beige-Crema-Limestone-First-picture-1.jpg","datePublished":"2024-10-28T07:51:12+00:00","dateModified":"2025-11-26T10:09:05+00:00","breadcrumb":{"@id":"https:\/\/saxbystone.com\/sv\/produkt\/jura-beige\/#breadcrumb"},"inLanguage":"sv-SE","potentialAction":[{"@type":"ReadAction","target":["https:\/\/saxbystone.com\/sv\/produkt\/jura-beige\/"]}]},{"@type":"ImageObject","inLanguage":"sv-SE","@id":"https:\/\/saxbystone.com\/sv\/produkt\/jura-beige\/#primaryimage","url":"https:\/\/saxbystone.com\/wp-content\/uploads\/2024\/10\/Jura-Beige-Crema-Limestone-First-picture-1.jpg","contentUrl":"https:\/\/saxbystone.com\/wp-content\/uploads\/2024\/10\/Jura-Beige-Crema-Limestone-First-picture-1.jpg","width":1089,"height":1110},{"@type":"BreadcrumbList","@id":"https:\/\/saxbystone.com\/sv\/produkt\/jura-beige\/#breadcrumb","itemListElement":[{"@type":"ListItem","position":1,"name":"Home","item":"https:\/\/saxbystone.com\/sv\/"},{"@type":"ListItem","position":2,"name":"Stenplattor","item":"https:\/\/saxbystone.com\/stone-tiles\/"},{"@type":"ListItem","position":3,"name":"Jura Beige Crema kalksten"}]},{"@type":"WebSite","@id":"https:\/\/saxbystone.com\/sv\/#website","url":"https:\/\/saxbystone.com\/sv\/","name":"Saxby Stone","description":"Natural stone tiles","publisher":{"@id":"https:\/\/saxbystone.com\/sv\/#organization"},"potentialAction":[{"@type":"SearchAction","target":{"@type":"EntryPoint","urlTemplate":"https:\/\/saxbystone.com\/sv\/?s={search_term_string}"},"query-input":{"@type":"PropertyValueSpecification","valueRequired":true,"valueName":"search_term_string"}}],"inLanguage":"sv-SE"},{"@type":"Organization","@id":"https:\/\/saxbystone.com\/sv\/#organization","name":"Saxby Stone","url":"https:\/\/saxbystone.com\/sv\/","logo":{"@type":"ImageObject","inLanguage":"sv-SE","@id":"https:\/\/saxbystone.com\/sv\/#\/schema\/logo\/image\/","url":"https:\/\/saxbystone.com\/wp-content\/uploads\/2024\/09\/cropped-Saxby-Stone-logo-official-1st.png","contentUrl":"https:\/\/saxbystone.com\/wp-content\/uploads\/2024\/09\/cropped-Saxby-Stone-logo-official-1st.png","width":512,"height":512,"caption":"Saxby Stone"},"image":{"@id":"https:\/\/saxbystone.com\/sv\/#\/schema\/logo\/image\/"},"sameAs":["https:\/\/www.instagram.com\/saxbystone\/"]}]}},"_links":{"self":[{"href":"https:\/\/saxbystone.com\/sv\/wp-json\/wp\/v2\/product\/3289","targetHints":{"allow":["GET"]}}],"collection":[{"href":"https:\/\/saxbystone.com\/sv\/wp-json\/wp\/v2\/product"}],"about":[{"href":"https:\/\/saxbystone.com\/sv\/wp-json\/wp\/v2\/types\/product"}],"wp:featuredmedia":[{"embeddable":true,"href":"https:\/\/saxbystone.com\/sv\/wp-json\/wp\/v2\/media\/6937"}],"wp:attachment":[{"href":"https:\/\/saxbystone.com\/sv\/wp-json\/wp\/v2\/media?parent=3289"}],"wp:term":[{"taxonomy":"product_brand","embeddable":true,"href":"https:\/\/saxbystone.com\/sv\/wp-json\/wp\/v2\/product_brand?post=3289"},{"taxonomy":"product_cat","embeddable":true,"href":"https:\/\/saxbystone.com\/sv\/wp-json\/wp\/v2\/product_cat?post=3289"},{"taxonomy":"product_tag","embeddable":true,"href":"https:\/\/saxbystone.com\/sv\/wp-json\/wp\/v2\/product_tag?post=3289"}],"curies":[{"name":"wp","href":"https:\/\/api.w.org\/{rel}","templated":true}]}}