{"id":3259,"date":"2024-10-28T09:44:18","date_gmt":"2024-10-28T07:44:18","guid":{"rendered":"https:\/\/saxbystone.com\/?post_type=product&#038;p=3259"},"modified":"2025-11-27T10:49:46","modified_gmt":"2025-11-27T08:49:46","slug":"jura-grey","status":"publish","type":"product","link":"https:\/\/saxbystone.com\/sv\/produkt\/jura-grey\/","title":{"rendered":"Jura Grey kalksten"},"content":{"rendered":"","protected":false},"excerpt":{"rendered":"<p class=\"has-medium-font-size\">Jura Grey kalksten \u00e4r en extremt h\u00e5rd dolomitkalksten fr\u00e5n foten av alperna i s\u00f6dra Bayern. Dess h\u00e5llbarhet och styrka g\u00f6r den mycket anv\u00e4ndbar som kakel, klinkers, k\u00f6ksb\u00e4nkskivor, f\u00f6nsterb\u00e4nkar, trappor, fasad- och terrassplattor. Jura Grey kalksten l\u00e4mpar sig utm\u00e4rkt f\u00f6r platser med mycket g\u00e5ngtrafik, s\u00e5som restauranger och k\u00f6pcentra. Den inneh\u00e5ller rikligt med intressanta fossiler fr\u00e5n tropiska havsdjur fr\u00e5n miljontals \u00e5r sedan. Tack vare dess bevisade frostbest\u00e4ndighet kan den h\u00e4r kalkstenen \u00e4ven anv\u00e4ndas som fasadplattor i det nordiska klimatet.<\/p>\n<p class=\"has-medium-font-size\">Vi erbjuder kakel, klinkers, k\u00f6ksb\u00e4nkskivor, f\u00f6nsterb\u00e4nkar, trappor och golvlister av den h\u00e4r kalkstenen.<\/p>\n<p class=\"has-medium-font-size\">Den finns att k\u00f6pa med slipad, borstad och tumlad ytfinish.<\/p>\n<p><em>V\u00e4lj kakelstorlek f\u00f6r att se priset. Fri frakt vid best\u00e4llningar \u00f6ver 25 m<sup>2<\/sup>.<\/em><\/p>\n","protected":false},"featured_media":3267,"template":"","meta":{"_acf_changed":false},"product_brand":[],"product_cat":[88,54,78,69],"product_tag":[],"class_list":{"0":"post-3259","1":"product","2":"type-product","3":"status-publish","4":"has-post-thumbnail","6":"product_cat-alla-plattor","7":"product_cat-golv-och-vaggplattor","8":"product_cat-arbetsytor-fonsterbrador","9":"product_cat-fasadsten","11":"first","12":"instock","13":"shipping-taxable","14":"purchasable","15":"product-type-variable","16":"add-to-wishlist-after_add_to_cart"},"acf":[],"yoast_head":"<!-- This site is optimized with the Yoast SEO plugin v26.4 - https:\/\/yoast.com\/wordpress\/plugins\/seo\/ -->\n<title>Jura Grey kalksten - Saxby Stone<\/title>\n<meta name=\"robots\" content=\"index, follow, max-snippet:-1, max-image-preview:large, max-video-preview:-1\" \/>\n<link rel=\"canonical\" href=\"https:\/\/saxbystone.com\/sv\/produkt\/jura-grey\/\" \/>\n<meta property=\"og:locale\" content=\"sv_SE\" \/>\n<meta property=\"og:type\" content=\"article\" \/>\n<meta property=\"og:title\" content=\"Jura Grey kalksten - Saxby Stone\" \/>\n<meta property=\"og:description\" content=\"Jura Grey kalksten \u00e4r en extremt h\u00e5rd dolomitkalksten fr\u00e5n foten av alperna i s\u00f6dra Bayern. Dess h\u00e5llbarhet och styrka g\u00f6r den mycket anv\u00e4ndbar som kakel, klinkers, k\u00f6ksb\u00e4nkskivor, f\u00f6nsterb\u00e4nkar, trappor, fasad- och terrassplattor. Jura Grey kalksten l\u00e4mpar sig utm\u00e4rkt f\u00f6r platser med mycket g\u00e5ngtrafik, s\u00e5som restauranger och k\u00f6pcentra. Den inneh\u00e5ller rikligt med intressanta fossiler fr\u00e5n tropiska havsdjur fr\u00e5n miljontals \u00e5r sedan. Tack vare dess bevisade frostbest\u00e4ndighet kan den h\u00e4r kalkstenen \u00e4ven anv\u00e4ndas som fasadplattor i det nordiska klimatet. Vi erbjuder kakel, klinkers, k\u00f6ksb\u00e4nkskivor, f\u00f6nsterb\u00e4nkar, trappor och golvlister av den h\u00e4r kalkstenen. Den finns att k\u00f6pa med slipad, borstad och tumlad ytfinish. V\u00e4lj kakelstorlek f\u00f6r att se priset. Fri frakt vid best\u00e4llningar \u00f6ver 25 m2.\" \/>\n<meta property=\"og:url\" content=\"https:\/\/saxbystone.com\/sv\/produkt\/jura-grey\/\" \/>\n<meta property=\"og:site_name\" content=\"Saxby Stone\" \/>\n<meta property=\"article:modified_time\" content=\"2025-11-27T08:49:46+00:00\" \/>\n<meta property=\"og:image\" content=\"https:\/\/saxbystone.com\/wp-content\/uploads\/2024\/10\/Jura-Grey-Limestone.jpg\" \/>\n\t<meta property=\"og:image:width\" content=\"684\" \/>\n\t<meta property=\"og:image:height\" content=\"454\" \/>\n\t<meta property=\"og:image:type\" content=\"image\/jpeg\" \/>\n<meta name=\"twitter:card\" content=\"summary_large_image\" \/>\n<meta name=\"twitter:label1\" content=\"Ber\u00e4knad l\u00e4stid\" \/>\n\t<meta name=\"twitter:data1\" content=\"1 minut\" \/>\n<script type=\"application\/ld+json\" class=\"yoast-schema-graph\">{\"@context\":\"https:\/\/schema.org\",\"@graph\":[{\"@type\":\"WebPage\",\"@id\":\"https:\/\/saxbystone.com\/sv\/produkt\/jura-grey\/\",\"url\":\"https:\/\/saxbystone.com\/sv\/produkt\/jura-grey\/\",\"name\":\"Jura Grey kalksten - Saxby Stone\",\"isPartOf\":{\"@id\":\"https:\/\/saxbystone.com\/sv\/#website\"},\"primaryImageOfPage\":{\"@id\":\"https:\/\/saxbystone.com\/sv\/produkt\/jura-grey\/#primaryimage\"},\"image\":{\"@id\":\"https:\/\/saxbystone.com\/sv\/produkt\/jura-grey\/#primaryimage\"},\"thumbnailUrl\":\"https:\/\/saxbystone.com\/wp-content\/uploads\/2024\/10\/Jura-Grey-Limestone.jpg\",\"datePublished\":\"2024-10-28T07:44:18+00:00\",\"dateModified\":\"2025-11-27T08:49:46+00:00\",\"breadcrumb\":{\"@id\":\"https:\/\/saxbystone.com\/sv\/produkt\/jura-grey\/#breadcrumb\"},\"inLanguage\":\"sv-SE\",\"potentialAction\":[{\"@type\":\"ReadAction\",\"target\":[\"https:\/\/saxbystone.com\/sv\/produkt\/jura-grey\/\"]}]},{\"@type\":\"ImageObject\",\"inLanguage\":\"sv-SE\",\"@id\":\"https:\/\/saxbystone.com\/sv\/produkt\/jura-grey\/#primaryimage\",\"url\":\"https:\/\/saxbystone.com\/wp-content\/uploads\/2024\/10\/Jura-Grey-Limestone.jpg\",\"contentUrl\":\"https:\/\/saxbystone.com\/wp-content\/uploads\/2024\/10\/Jura-Grey-Limestone.jpg\",\"width\":684,\"height\":454},{\"@type\":\"BreadcrumbList\",\"@id\":\"https:\/\/saxbystone.com\/sv\/produkt\/jura-grey\/#breadcrumb\",\"itemListElement\":[{\"@type\":\"ListItem\",\"position\":1,\"name\":\"Home\",\"item\":\"https:\/\/saxbystone.com\/sv\/\"},{\"@type\":\"ListItem\",\"position\":2,\"name\":\"Stenplattor\",\"item\":\"https:\/\/saxbystone.com\/stone-tiles\/\"},{\"@type\":\"ListItem\",\"position\":3,\"name\":\"Jura Grey kalksten\"}]},{\"@type\":\"WebSite\",\"@id\":\"https:\/\/saxbystone.com\/sv\/#website\",\"url\":\"https:\/\/saxbystone.com\/sv\/\",\"name\":\"Saxby Stone\",\"description\":\"Natural stone tiles\",\"publisher\":{\"@id\":\"https:\/\/saxbystone.com\/sv\/#organization\"},\"potentialAction\":[{\"@type\":\"SearchAction\",\"target\":{\"@type\":\"EntryPoint\",\"urlTemplate\":\"https:\/\/saxbystone.com\/sv\/?s={search_term_string}\"},\"query-input\":{\"@type\":\"PropertyValueSpecification\",\"valueRequired\":true,\"valueName\":\"search_term_string\"}}],\"inLanguage\":\"sv-SE\"},{\"@type\":\"Organization\",\"@id\":\"https:\/\/saxbystone.com\/sv\/#organization\",\"name\":\"Saxby Stone\",\"url\":\"https:\/\/saxbystone.com\/sv\/\",\"logo\":{\"@type\":\"ImageObject\",\"inLanguage\":\"sv-SE\",\"@id\":\"https:\/\/saxbystone.com\/sv\/#\/schema\/logo\/image\/\",\"url\":\"https:\/\/saxbystone.com\/wp-content\/uploads\/2024\/09\/cropped-Saxby-Stone-logo-official-1st.png\",\"contentUrl\":\"https:\/\/saxbystone.com\/wp-content\/uploads\/2024\/09\/cropped-Saxby-Stone-logo-official-1st.png\",\"width\":512,\"height\":512,\"caption\":\"Saxby Stone\"},\"image\":{\"@id\":\"https:\/\/saxbystone.com\/sv\/#\/schema\/logo\/image\/\"},\"sameAs\":[\"https:\/\/www.instagram.com\/saxbystone\/\"]}]}<\/script>\n<!-- \/ Yoast SEO plugin. -->","yoast_head_json":{"title":"Jura Grey kalksten - Saxby Stone","robots":{"index":"index","follow":"follow","max-snippet":"max-snippet:-1","max-image-preview":"max-image-preview:large","max-video-preview":"max-video-preview:-1"},"canonical":"https:\/\/saxbystone.com\/sv\/produkt\/jura-grey\/","og_locale":"sv_SE","og_type":"article","og_title":"Jura Grey kalksten - Saxby Stone","og_description":"Jura Grey kalksten \u00e4r en extremt h\u00e5rd dolomitkalksten fr\u00e5n foten av alperna i s\u00f6dra Bayern. Dess h\u00e5llbarhet och styrka g\u00f6r den mycket anv\u00e4ndbar som kakel, klinkers, k\u00f6ksb\u00e4nkskivor, f\u00f6nsterb\u00e4nkar, trappor, fasad- och terrassplattor. Jura Grey kalksten l\u00e4mpar sig utm\u00e4rkt f\u00f6r platser med mycket g\u00e5ngtrafik, s\u00e5som restauranger och k\u00f6pcentra. Den inneh\u00e5ller rikligt med intressanta fossiler fr\u00e5n tropiska havsdjur fr\u00e5n miljontals \u00e5r sedan. Tack vare dess bevisade frostbest\u00e4ndighet kan den h\u00e4r kalkstenen \u00e4ven anv\u00e4ndas som fasadplattor i det nordiska klimatet. Vi erbjuder kakel, klinkers, k\u00f6ksb\u00e4nkskivor, f\u00f6nsterb\u00e4nkar, trappor och golvlister av den h\u00e4r kalkstenen. Den finns att k\u00f6pa med slipad, borstad och tumlad ytfinish. V\u00e4lj kakelstorlek f\u00f6r att se priset. Fri frakt vid best\u00e4llningar \u00f6ver 25 m2.","og_url":"https:\/\/saxbystone.com\/sv\/produkt\/jura-grey\/","og_site_name":"Saxby Stone","article_modified_time":"2025-11-27T08:49:46+00:00","og_image":[{"width":684,"height":454,"url":"https:\/\/saxbystone.com\/wp-content\/uploads\/2024\/10\/Jura-Grey-Limestone.jpg","type":"image\/jpeg"}],"twitter_card":"summary_large_image","twitter_misc":{"Ber\u00e4knad l\u00e4stid":"1 minut"},"schema":{"@context":"https:\/\/schema.org","@graph":[{"@type":"WebPage","@id":"https:\/\/saxbystone.com\/sv\/produkt\/jura-grey\/","url":"https:\/\/saxbystone.com\/sv\/produkt\/jura-grey\/","name":"Jura Grey kalksten - Saxby Stone","isPartOf":{"@id":"https:\/\/saxbystone.com\/sv\/#website"},"primaryImageOfPage":{"@id":"https:\/\/saxbystone.com\/sv\/produkt\/jura-grey\/#primaryimage"},"image":{"@id":"https:\/\/saxbystone.com\/sv\/produkt\/jura-grey\/#primaryimage"},"thumbnailUrl":"https:\/\/saxbystone.com\/wp-content\/uploads\/2024\/10\/Jura-Grey-Limestone.jpg","datePublished":"2024-10-28T07:44:18+00:00","dateModified":"2025-11-27T08:49:46+00:00","breadcrumb":{"@id":"https:\/\/saxbystone.com\/sv\/produkt\/jura-grey\/#breadcrumb"},"inLanguage":"sv-SE","potentialAction":[{"@type":"ReadAction","target":["https:\/\/saxbystone.com\/sv\/produkt\/jura-grey\/"]}]},{"@type":"ImageObject","inLanguage":"sv-SE","@id":"https:\/\/saxbystone.com\/sv\/produkt\/jura-grey\/#primaryimage","url":"https:\/\/saxbystone.com\/wp-content\/uploads\/2024\/10\/Jura-Grey-Limestone.jpg","contentUrl":"https:\/\/saxbystone.com\/wp-content\/uploads\/2024\/10\/Jura-Grey-Limestone.jpg","width":684,"height":454},{"@type":"BreadcrumbList","@id":"https:\/\/saxbystone.com\/sv\/produkt\/jura-grey\/#breadcrumb","itemListElement":[{"@type":"ListItem","position":1,"name":"Home","item":"https:\/\/saxbystone.com\/sv\/"},{"@type":"ListItem","position":2,"name":"Stenplattor","item":"https:\/\/saxbystone.com\/stone-tiles\/"},{"@type":"ListItem","position":3,"name":"Jura Grey kalksten"}]},{"@type":"WebSite","@id":"https:\/\/saxbystone.com\/sv\/#website","url":"https:\/\/saxbystone.com\/sv\/","name":"Saxby Stone","description":"Natural stone tiles","publisher":{"@id":"https:\/\/saxbystone.com\/sv\/#organization"},"potentialAction":[{"@type":"SearchAction","target":{"@type":"EntryPoint","urlTemplate":"https:\/\/saxbystone.com\/sv\/?s={search_term_string}"},"query-input":{"@type":"PropertyValueSpecification","valueRequired":true,"valueName":"search_term_string"}}],"inLanguage":"sv-SE"},{"@type":"Organization","@id":"https:\/\/saxbystone.com\/sv\/#organization","name":"Saxby Stone","url":"https:\/\/saxbystone.com\/sv\/","logo":{"@type":"ImageObject","inLanguage":"sv-SE","@id":"https:\/\/saxbystone.com\/sv\/#\/schema\/logo\/image\/","url":"https:\/\/saxbystone.com\/wp-content\/uploads\/2024\/09\/cropped-Saxby-Stone-logo-official-1st.png","contentUrl":"https:\/\/saxbystone.com\/wp-content\/uploads\/2024\/09\/cropped-Saxby-Stone-logo-official-1st.png","width":512,"height":512,"caption":"Saxby Stone"},"image":{"@id":"https:\/\/saxbystone.com\/sv\/#\/schema\/logo\/image\/"},"sameAs":["https:\/\/www.instagram.com\/saxbystone\/"]}]}},"_links":{"self":[{"href":"https:\/\/saxbystone.com\/sv\/wp-json\/wp\/v2\/product\/3259","targetHints":{"allow":["GET"]}}],"collection":[{"href":"https:\/\/saxbystone.com\/sv\/wp-json\/wp\/v2\/product"}],"about":[{"href":"https:\/\/saxbystone.com\/sv\/wp-json\/wp\/v2\/types\/product"}],"wp:featuredmedia":[{"embeddable":true,"href":"https:\/\/saxbystone.com\/sv\/wp-json\/wp\/v2\/media\/3267"}],"wp:attachment":[{"href":"https:\/\/saxbystone.com\/sv\/wp-json\/wp\/v2\/media?parent=3259"}],"wp:term":[{"taxonomy":"product_brand","embeddable":true,"href":"https:\/\/saxbystone.com\/sv\/wp-json\/wp\/v2\/product_brand?post=3259"},{"taxonomy":"product_cat","embeddable":true,"href":"https:\/\/saxbystone.com\/sv\/wp-json\/wp\/v2\/product_cat?post=3259"},{"taxonomy":"product_tag","embeddable":true,"href":"https:\/\/saxbystone.com\/sv\/wp-json\/wp\/v2\/product_tag?post=3259"}],"curies":[{"name":"wp","href":"https:\/\/api.w.org\/{rel}","templated":true}]}}