{"id":3214,"date":"2024-10-28T09:24:56","date_gmt":"2024-10-28T07:24:56","guid":{"rendered":"https:\/\/saxbystone.com\/?post_type=product&#038;p=3214"},"modified":"2026-02-27T08:41:34","modified_gmt":"2026-02-27T06:41:34","slug":"bordeaux-white","status":"publish","type":"product","link":"https:\/\/saxbystone.com\/sv\/produkt\/bordeaux-white\/","title":{"rendered":"Bordeaux White marmor, tumlad"},"content":{"rendered":"","protected":false},"excerpt":{"rendered":"<p>Bordeaux White marmorplattor med tumlad ytfinish \u00e4r sl\u00e5ende lika v\u00e5r Carraramarmor och har ett till synes v\u00e4l anv\u00e4nt utseende med fin patina.<\/p>\n<p>Med sina v\u00e4lk\u00e4nda klassiska f\u00e4rgtoner passar v\u00e5ra tumlade plattor i Bordeaux marmor in i alla inredningsstilar, b\u00e5de de moderna och de traditionella.<\/p>\n<p>Dessa plattor passar perfekt till k\u00f6k, badrum och uterum, d\u00e4r de ger ett intryck av diskret lyx. V\u00e5ra tumlade Bordeaux White marmorplattor kan enkelt kombineras med tumlade Bordeaux Black marmorplattor f\u00f6r att skapa ett tidl\u00f6st schackm\u00f6nster med gammaldags charm.<\/p>\n<p>Den finns att k\u00f6pa med tumlad ytfinish.<\/p>\n<p><em>V\u00e4lj kakelstorlek f\u00f6r att se priset. Fri frakt vid best\u00e4llningar \u00f6ver 25 m<sup>2<\/sup>. Detta pris g\u00e4ller f\u00f6r svenska f\u00f6retag. F\u00f6r plattor fr\u00e5n v\u00e5rt lager i Storbritannien tillkommer en ytterligare kostnad f\u00f6r privata kunder p\u00e5 grund av tullregler.<\/em><\/p>\n","protected":false},"featured_media":4766,"template":"","meta":{"_acf_changed":false},"product_brand":[],"product_cat":[88,54],"product_tag":[],"class_list":{"0":"post-3214","1":"product","2":"type-product","3":"status-publish","4":"has-post-thumbnail","6":"product_cat-alla-plattor","7":"product_cat-golv-och-vaggplattor","9":"first","10":"instock","11":"shipping-taxable","12":"purchasable","13":"product-type-variable","14":"add-to-wishlist-after_add_to_cart"},"acf":[],"yoast_head":"<!-- This site is optimized with the Yoast SEO plugin v26.4 - https:\/\/yoast.com\/wordpress\/plugins\/seo\/ -->\n<title>Bordeaux White marmor, tumlad - Saxby Stone<\/title>\n<meta name=\"robots\" content=\"index, follow, max-snippet:-1, max-image-preview:large, max-video-preview:-1\" \/>\n<link rel=\"canonical\" href=\"https:\/\/saxbystone.com\/sv\/produkt\/bordeaux-white\/\" \/>\n<meta property=\"og:locale\" content=\"sv_SE\" \/>\n<meta property=\"og:type\" content=\"article\" \/>\n<meta property=\"og:title\" content=\"Bordeaux White marmor, tumlad - Saxby Stone\" \/>\n<meta property=\"og:description\" content=\"Bordeaux White marmorplattor med tumlad ytfinish \u00e4r sl\u00e5ende lika v\u00e5r Carraramarmor och har ett till synes v\u00e4l anv\u00e4nt utseende med fin patina.  Med sina v\u00e4lk\u00e4nda klassiska f\u00e4rgtoner passar v\u00e5ra tumlade plattor i Bordeaux marmor in i alla inredningsstilar, b\u00e5de de moderna och de traditionella.  Dessa plattor passar perfekt till k\u00f6k, badrum och uterum, d\u00e4r de ger ett intryck av diskret lyx. V\u00e5ra tumlade Bordeaux White marmorplattor kan enkelt kombineras med tumlade Bordeaux Black marmorplattor f\u00f6r att skapa ett tidl\u00f6st schackm\u00f6nster med gammaldags charm.  Den finns att k\u00f6pa med tumlad ytfinish.  V\u00e4lj kakelstorlek f\u00f6r att se priset. Fri frakt vid best\u00e4llningar \u00f6ver 25 m2. Detta pris g\u00e4ller f\u00f6r svenska f\u00f6retag. F\u00f6r plattor fr\u00e5n v\u00e5rt lager i Storbritannien tillkommer en ytterligare kostnad f\u00f6r privata kunder p\u00e5 grund av tullregler.\" \/>\n<meta property=\"og:url\" content=\"https:\/\/saxbystone.com\/sv\/produkt\/bordeaux-white\/\" \/>\n<meta property=\"og:site_name\" content=\"Saxby Stone\" \/>\n<meta property=\"article:modified_time\" content=\"2026-02-27T06:41:34+00:00\" \/>\n<meta property=\"og:image\" content=\"https:\/\/saxbystone.com\/wp-content\/uploads\/2024\/10\/Bordeaux-White-Marble-tumbled-1.jpg\" \/>\n\t<meta property=\"og:image:width\" content=\"770\" \/>\n\t<meta property=\"og:image:height\" content=\"720\" \/>\n\t<meta property=\"og:image:type\" content=\"image\/jpeg\" \/>\n<meta name=\"twitter:card\" content=\"summary_large_image\" \/>\n<meta name=\"twitter:label1\" content=\"Ber\u00e4knad l\u00e4stid\" \/>\n\t<meta name=\"twitter:data1\" content=\"1 minut\" \/>\n<script type=\"application\/ld+json\" class=\"yoast-schema-graph\">{\"@context\":\"https:\/\/schema.org\",\"@graph\":[{\"@type\":\"WebPage\",\"@id\":\"https:\/\/saxbystone.com\/sv\/produkt\/bordeaux-white\/\",\"url\":\"https:\/\/saxbystone.com\/sv\/produkt\/bordeaux-white\/\",\"name\":\"Bordeaux White marmor, tumlad - Saxby Stone\",\"isPartOf\":{\"@id\":\"https:\/\/saxbystone.com\/sv\/#website\"},\"primaryImageOfPage\":{\"@id\":\"https:\/\/saxbystone.com\/sv\/produkt\/bordeaux-white\/#primaryimage\"},\"image\":{\"@id\":\"https:\/\/saxbystone.com\/sv\/produkt\/bordeaux-white\/#primaryimage\"},\"thumbnailUrl\":\"https:\/\/saxbystone.com\/wp-content\/uploads\/2024\/10\/Bordeaux-White-Marble-tumbled-1.jpg\",\"datePublished\":\"2024-10-28T07:24:56+00:00\",\"dateModified\":\"2026-02-27T06:41:34+00:00\",\"breadcrumb\":{\"@id\":\"https:\/\/saxbystone.com\/sv\/produkt\/bordeaux-white\/#breadcrumb\"},\"inLanguage\":\"sv-SE\",\"potentialAction\":[{\"@type\":\"ReadAction\",\"target\":[\"https:\/\/saxbystone.com\/sv\/produkt\/bordeaux-white\/\"]}]},{\"@type\":\"ImageObject\",\"inLanguage\":\"sv-SE\",\"@id\":\"https:\/\/saxbystone.com\/sv\/produkt\/bordeaux-white\/#primaryimage\",\"url\":\"https:\/\/saxbystone.com\/wp-content\/uploads\/2024\/10\/Bordeaux-White-Marble-tumbled-1.jpg\",\"contentUrl\":\"https:\/\/saxbystone.com\/wp-content\/uploads\/2024\/10\/Bordeaux-White-Marble-tumbled-1.jpg\",\"width\":770,\"height\":720},{\"@type\":\"BreadcrumbList\",\"@id\":\"https:\/\/saxbystone.com\/sv\/produkt\/bordeaux-white\/#breadcrumb\",\"itemListElement\":[{\"@type\":\"ListItem\",\"position\":1,\"name\":\"Home\",\"item\":\"https:\/\/saxbystone.com\/sv\/\"},{\"@type\":\"ListItem\",\"position\":2,\"name\":\"Stenplattor\",\"item\":\"https:\/\/saxbystone.com\/stone-tiles\/\"},{\"@type\":\"ListItem\",\"position\":3,\"name\":\"Bordeaux White marmor, tumlad\"}]},{\"@type\":\"WebSite\",\"@id\":\"https:\/\/saxbystone.com\/sv\/#website\",\"url\":\"https:\/\/saxbystone.com\/sv\/\",\"name\":\"Saxby Stone\",\"description\":\"Natural stone tiles\",\"publisher\":{\"@id\":\"https:\/\/saxbystone.com\/sv\/#organization\"},\"potentialAction\":[{\"@type\":\"SearchAction\",\"target\":{\"@type\":\"EntryPoint\",\"urlTemplate\":\"https:\/\/saxbystone.com\/sv\/?s={search_term_string}\"},\"query-input\":{\"@type\":\"PropertyValueSpecification\",\"valueRequired\":true,\"valueName\":\"search_term_string\"}}],\"inLanguage\":\"sv-SE\"},{\"@type\":\"Organization\",\"@id\":\"https:\/\/saxbystone.com\/sv\/#organization\",\"name\":\"Saxby Stone\",\"url\":\"https:\/\/saxbystone.com\/sv\/\",\"logo\":{\"@type\":\"ImageObject\",\"inLanguage\":\"sv-SE\",\"@id\":\"https:\/\/saxbystone.com\/sv\/#\/schema\/logo\/image\/\",\"url\":\"https:\/\/saxbystone.com\/wp-content\/uploads\/2024\/09\/cropped-Saxby-Stone-logo-official-1st.png\",\"contentUrl\":\"https:\/\/saxbystone.com\/wp-content\/uploads\/2024\/09\/cropped-Saxby-Stone-logo-official-1st.png\",\"width\":512,\"height\":512,\"caption\":\"Saxby Stone\"},\"image\":{\"@id\":\"https:\/\/saxbystone.com\/sv\/#\/schema\/logo\/image\/\"},\"sameAs\":[\"https:\/\/www.instagram.com\/saxbystone\/\"]}]}<\/script>\n<!-- \/ Yoast SEO plugin. -->","yoast_head_json":{"title":"Bordeaux White marmor, tumlad - Saxby Stone","robots":{"index":"index","follow":"follow","max-snippet":"max-snippet:-1","max-image-preview":"max-image-preview:large","max-video-preview":"max-video-preview:-1"},"canonical":"https:\/\/saxbystone.com\/sv\/produkt\/bordeaux-white\/","og_locale":"sv_SE","og_type":"article","og_title":"Bordeaux White marmor, tumlad - Saxby Stone","og_description":"Bordeaux White marmorplattor med tumlad ytfinish \u00e4r sl\u00e5ende lika v\u00e5r Carraramarmor och har ett till synes v\u00e4l anv\u00e4nt utseende med fin patina.  Med sina v\u00e4lk\u00e4nda klassiska f\u00e4rgtoner passar v\u00e5ra tumlade plattor i Bordeaux marmor in i alla inredningsstilar, b\u00e5de de moderna och de traditionella.  Dessa plattor passar perfekt till k\u00f6k, badrum och uterum, d\u00e4r de ger ett intryck av diskret lyx. V\u00e5ra tumlade Bordeaux White marmorplattor kan enkelt kombineras med tumlade Bordeaux Black marmorplattor f\u00f6r att skapa ett tidl\u00f6st schackm\u00f6nster med gammaldags charm.  Den finns att k\u00f6pa med tumlad ytfinish.  V\u00e4lj kakelstorlek f\u00f6r att se priset. Fri frakt vid best\u00e4llningar \u00f6ver 25 m2. Detta pris g\u00e4ller f\u00f6r svenska f\u00f6retag. F\u00f6r plattor fr\u00e5n v\u00e5rt lager i Storbritannien tillkommer en ytterligare kostnad f\u00f6r privata kunder p\u00e5 grund av tullregler.","og_url":"https:\/\/saxbystone.com\/sv\/produkt\/bordeaux-white\/","og_site_name":"Saxby Stone","article_modified_time":"2026-02-27T06:41:34+00:00","og_image":[{"width":770,"height":720,"url":"https:\/\/saxbystone.com\/wp-content\/uploads\/2024\/10\/Bordeaux-White-Marble-tumbled-1.jpg","type":"image\/jpeg"}],"twitter_card":"summary_large_image","twitter_misc":{"Ber\u00e4knad l\u00e4stid":"1 minut"},"schema":{"@context":"https:\/\/schema.org","@graph":[{"@type":"WebPage","@id":"https:\/\/saxbystone.com\/sv\/produkt\/bordeaux-white\/","url":"https:\/\/saxbystone.com\/sv\/produkt\/bordeaux-white\/","name":"Bordeaux White marmor, tumlad - Saxby Stone","isPartOf":{"@id":"https:\/\/saxbystone.com\/sv\/#website"},"primaryImageOfPage":{"@id":"https:\/\/saxbystone.com\/sv\/produkt\/bordeaux-white\/#primaryimage"},"image":{"@id":"https:\/\/saxbystone.com\/sv\/produkt\/bordeaux-white\/#primaryimage"},"thumbnailUrl":"https:\/\/saxbystone.com\/wp-content\/uploads\/2024\/10\/Bordeaux-White-Marble-tumbled-1.jpg","datePublished":"2024-10-28T07:24:56+00:00","dateModified":"2026-02-27T06:41:34+00:00","breadcrumb":{"@id":"https:\/\/saxbystone.com\/sv\/produkt\/bordeaux-white\/#breadcrumb"},"inLanguage":"sv-SE","potentialAction":[{"@type":"ReadAction","target":["https:\/\/saxbystone.com\/sv\/produkt\/bordeaux-white\/"]}]},{"@type":"ImageObject","inLanguage":"sv-SE","@id":"https:\/\/saxbystone.com\/sv\/produkt\/bordeaux-white\/#primaryimage","url":"https:\/\/saxbystone.com\/wp-content\/uploads\/2024\/10\/Bordeaux-White-Marble-tumbled-1.jpg","contentUrl":"https:\/\/saxbystone.com\/wp-content\/uploads\/2024\/10\/Bordeaux-White-Marble-tumbled-1.jpg","width":770,"height":720},{"@type":"BreadcrumbList","@id":"https:\/\/saxbystone.com\/sv\/produkt\/bordeaux-white\/#breadcrumb","itemListElement":[{"@type":"ListItem","position":1,"name":"Home","item":"https:\/\/saxbystone.com\/sv\/"},{"@type":"ListItem","position":2,"name":"Stenplattor","item":"https:\/\/saxbystone.com\/stone-tiles\/"},{"@type":"ListItem","position":3,"name":"Bordeaux White marmor, tumlad"}]},{"@type":"WebSite","@id":"https:\/\/saxbystone.com\/sv\/#website","url":"https:\/\/saxbystone.com\/sv\/","name":"Saxby Stone","description":"Natural stone tiles","publisher":{"@id":"https:\/\/saxbystone.com\/sv\/#organization"},"potentialAction":[{"@type":"SearchAction","target":{"@type":"EntryPoint","urlTemplate":"https:\/\/saxbystone.com\/sv\/?s={search_term_string}"},"query-input":{"@type":"PropertyValueSpecification","valueRequired":true,"valueName":"search_term_string"}}],"inLanguage":"sv-SE"},{"@type":"Organization","@id":"https:\/\/saxbystone.com\/sv\/#organization","name":"Saxby Stone","url":"https:\/\/saxbystone.com\/sv\/","logo":{"@type":"ImageObject","inLanguage":"sv-SE","@id":"https:\/\/saxbystone.com\/sv\/#\/schema\/logo\/image\/","url":"https:\/\/saxbystone.com\/wp-content\/uploads\/2024\/09\/cropped-Saxby-Stone-logo-official-1st.png","contentUrl":"https:\/\/saxbystone.com\/wp-content\/uploads\/2024\/09\/cropped-Saxby-Stone-logo-official-1st.png","width":512,"height":512,"caption":"Saxby Stone"},"image":{"@id":"https:\/\/saxbystone.com\/sv\/#\/schema\/logo\/image\/"},"sameAs":["https:\/\/www.instagram.com\/saxbystone\/"]}]}},"_links":{"self":[{"href":"https:\/\/saxbystone.com\/sv\/wp-json\/wp\/v2\/product\/3214","targetHints":{"allow":["GET"]}}],"collection":[{"href":"https:\/\/saxbystone.com\/sv\/wp-json\/wp\/v2\/product"}],"about":[{"href":"https:\/\/saxbystone.com\/sv\/wp-json\/wp\/v2\/types\/product"}],"wp:featuredmedia":[{"embeddable":true,"href":"https:\/\/saxbystone.com\/sv\/wp-json\/wp\/v2\/media\/4766"}],"wp:attachment":[{"href":"https:\/\/saxbystone.com\/sv\/wp-json\/wp\/v2\/media?parent=3214"}],"wp:term":[{"taxonomy":"product_brand","embeddable":true,"href":"https:\/\/saxbystone.com\/sv\/wp-json\/wp\/v2\/product_brand?post=3214"},{"taxonomy":"product_cat","embeddable":true,"href":"https:\/\/saxbystone.com\/sv\/wp-json\/wp\/v2\/product_cat?post=3214"},{"taxonomy":"product_tag","embeddable":true,"href":"https:\/\/saxbystone.com\/sv\/wp-json\/wp\/v2\/product_tag?post=3214"}],"curies":[{"name":"wp","href":"https:\/\/api.w.org\/{rel}","templated":true}]}}