{"id":3196,"date":"2024-10-28T09:16:51","date_gmt":"2024-10-28T07:16:51","guid":{"rendered":"https:\/\/saxbystone.com\/?post_type=product&#038;p=3196"},"modified":"2026-02-27T08:42:28","modified_gmt":"2026-02-27T06:42:28","slug":"bordeaux-schackmonster","status":"publish","type":"product","link":"https:\/\/saxbystone.com\/sv\/produkt\/bordeaux-schackmonster\/","title":{"rendered":"Bordeaux Schackm\u00f6nster marmor"},"content":{"rendered":"","protected":false},"excerpt":{"rendered":"<p class=\"has-medium-font-size\">Schackm\u00f6nstret blev popul\u00e4rt p\u00e5 1920-talet. Under de senaste \u00e5ren har plattor med schackm\u00f6nster upplevt en ren\u00e4ssans och blivit \u00e5terigen ett popul\u00e4rt val f\u00f6r hallar, k\u00f6k och badrum.<\/p>\n<p class=\"has-medium-font-size\">V\u00e5ra svarta och vita plattor i Bordeaux marmor med tumlad ytfinish kan enkelt kombineras f\u00f6r \u00e5terskapande av den hundra \u00e5r gamla stilen.<\/p>\n<p class=\"has-medium-font-size\">V\u00e5ra Bordeaux marmorplattor med tumlad ytfinish kan skapa en k\u00e4nsla av diskret lyx s\u00e5v\u00e4l i en Stockholmsl\u00e4genhet som i en nybyggd villa.<\/p>\n<p>Den finns att k\u00f6pa med tumlad ytfinish.<\/p>\n<p><em>V\u00e4lj kakelstorlek f\u00f6r att se priset. Fri frakt vid best\u00e4llningar \u00f6ver 25 m<sup>2<\/sup>. Detta pris g\u00e4ller f\u00f6r svenska f\u00f6retag. F\u00f6r plattor fr\u00e5n v\u00e5rt lager i Storbritannien tillkommer en ytterligare kostnad f\u00f6r privata kunder p\u00e5 grund av tullregler.<\/em><\/p>\n","protected":false},"featured_media":717,"template":"","meta":{"_acf_changed":false},"product_brand":[],"product_cat":[88,54],"product_tag":[],"class_list":{"0":"post-3196","1":"product","2":"type-product","3":"status-publish","4":"has-post-thumbnail","6":"product_cat-alla-plattor","7":"product_cat-golv-och-vaggplattor","9":"first","10":"instock","11":"shipping-taxable","12":"purchasable","13":"product-type-variable","14":"add-to-wishlist-after_add_to_cart"},"acf":[],"yoast_head":"<!-- This site is optimized with the Yoast SEO plugin v26.4 - https:\/\/yoast.com\/wordpress\/plugins\/seo\/ -->\n<title>Bordeaux Schackm\u00f6nster marmor - Saxby Stone<\/title>\n<meta name=\"robots\" content=\"index, follow, max-snippet:-1, max-image-preview:large, max-video-preview:-1\" \/>\n<link rel=\"canonical\" href=\"https:\/\/saxbystone.com\/sv\/produkt\/bordeaux-schackmonster\/\" \/>\n<meta property=\"og:locale\" content=\"sv_SE\" \/>\n<meta property=\"og:type\" content=\"article\" \/>\n<meta property=\"og:title\" content=\"Bordeaux Schackm\u00f6nster marmor - Saxby Stone\" \/>\n<meta property=\"og:description\" content=\"Schackm\u00f6nstret blev popul\u00e4rt p\u00e5 1920-talet. Under de senaste \u00e5ren har plattor med schackm\u00f6nster upplevt en ren\u00e4ssans och blivit \u00e5terigen ett popul\u00e4rt val f\u00f6r hallar, k\u00f6k och badrum. V\u00e5ra svarta och vita plattor i Bordeaux marmor med tumlad ytfinish kan enkelt kombineras f\u00f6r \u00e5terskapande av den hundra \u00e5r gamla stilen. V\u00e5ra Bordeaux marmorplattor med tumlad ytfinish kan skapa en k\u00e4nsla av diskret lyx s\u00e5v\u00e4l i en Stockholmsl\u00e4genhet som i en nybyggd villa. Den finns att k\u00f6pa med tumlad ytfinish.  V\u00e4lj kakelstorlek f\u00f6r att se priset. Fri frakt vid best\u00e4llningar \u00f6ver 25 m2. Detta pris g\u00e4ller f\u00f6r svenska f\u00f6retag. F\u00f6r plattor fr\u00e5n v\u00e5rt lager i Storbritannien tillkommer en ytterligare kostnad f\u00f6r privata kunder p\u00e5 grund av tullregler.\" \/>\n<meta property=\"og:url\" content=\"https:\/\/saxbystone.com\/sv\/produkt\/bordeaux-schackmonster\/\" \/>\n<meta property=\"og:site_name\" content=\"Saxby Stone\" \/>\n<meta property=\"article:modified_time\" content=\"2026-02-27T06:42:28+00:00\" \/>\n<meta property=\"og:image\" content=\"https:\/\/saxbystone.com\/wp-content\/uploads\/2024\/09\/EN-SUITE-EATON-FARM-19.jpg\" \/>\n\t<meta property=\"og:image:width\" content=\"960\" \/>\n\t<meta property=\"og:image:height\" content=\"669\" \/>\n\t<meta property=\"og:image:type\" content=\"image\/jpeg\" \/>\n<meta name=\"twitter:card\" content=\"summary_large_image\" \/>\n<meta name=\"twitter:label1\" content=\"Ber\u00e4knad l\u00e4stid\" \/>\n\t<meta name=\"twitter:data1\" content=\"1 minut\" \/>\n<script type=\"application\/ld+json\" class=\"yoast-schema-graph\">{\"@context\":\"https:\/\/schema.org\",\"@graph\":[{\"@type\":\"WebPage\",\"@id\":\"https:\/\/saxbystone.com\/sv\/produkt\/bordeaux-schackmonster\/\",\"url\":\"https:\/\/saxbystone.com\/sv\/produkt\/bordeaux-schackmonster\/\",\"name\":\"Bordeaux Schackm\u00f6nster marmor - Saxby Stone\",\"isPartOf\":{\"@id\":\"https:\/\/saxbystone.com\/sv\/#website\"},\"primaryImageOfPage\":{\"@id\":\"https:\/\/saxbystone.com\/sv\/produkt\/bordeaux-schackmonster\/#primaryimage\"},\"image\":{\"@id\":\"https:\/\/saxbystone.com\/sv\/produkt\/bordeaux-schackmonster\/#primaryimage\"},\"thumbnailUrl\":\"https:\/\/saxbystone.com\/wp-content\/uploads\/2024\/09\/EN-SUITE-EATON-FARM-19.jpg\",\"datePublished\":\"2024-10-28T07:16:51+00:00\",\"dateModified\":\"2026-02-27T06:42:28+00:00\",\"breadcrumb\":{\"@id\":\"https:\/\/saxbystone.com\/sv\/produkt\/bordeaux-schackmonster\/#breadcrumb\"},\"inLanguage\":\"sv-SE\",\"potentialAction\":[{\"@type\":\"ReadAction\",\"target\":[\"https:\/\/saxbystone.com\/sv\/produkt\/bordeaux-schackmonster\/\"]}]},{\"@type\":\"ImageObject\",\"inLanguage\":\"sv-SE\",\"@id\":\"https:\/\/saxbystone.com\/sv\/produkt\/bordeaux-schackmonster\/#primaryimage\",\"url\":\"https:\/\/saxbystone.com\/wp-content\/uploads\/2024\/09\/EN-SUITE-EATON-FARM-19.jpg\",\"contentUrl\":\"https:\/\/saxbystone.com\/wp-content\/uploads\/2024\/09\/EN-SUITE-EATON-FARM-19.jpg\",\"width\":960,\"height\":669},{\"@type\":\"BreadcrumbList\",\"@id\":\"https:\/\/saxbystone.com\/sv\/produkt\/bordeaux-schackmonster\/#breadcrumb\",\"itemListElement\":[{\"@type\":\"ListItem\",\"position\":1,\"name\":\"Home\",\"item\":\"https:\/\/saxbystone.com\/sv\/\"},{\"@type\":\"ListItem\",\"position\":2,\"name\":\"Stenplattor\",\"item\":\"https:\/\/saxbystone.com\/stone-tiles\/\"},{\"@type\":\"ListItem\",\"position\":3,\"name\":\"Bordeaux Schackm\u00f6nster marmor\"}]},{\"@type\":\"WebSite\",\"@id\":\"https:\/\/saxbystone.com\/sv\/#website\",\"url\":\"https:\/\/saxbystone.com\/sv\/\",\"name\":\"Saxby Stone\",\"description\":\"Natural stone tiles\",\"publisher\":{\"@id\":\"https:\/\/saxbystone.com\/sv\/#organization\"},\"potentialAction\":[{\"@type\":\"SearchAction\",\"target\":{\"@type\":\"EntryPoint\",\"urlTemplate\":\"https:\/\/saxbystone.com\/sv\/?s={search_term_string}\"},\"query-input\":{\"@type\":\"PropertyValueSpecification\",\"valueRequired\":true,\"valueName\":\"search_term_string\"}}],\"inLanguage\":\"sv-SE\"},{\"@type\":\"Organization\",\"@id\":\"https:\/\/saxbystone.com\/sv\/#organization\",\"name\":\"Saxby Stone\",\"url\":\"https:\/\/saxbystone.com\/sv\/\",\"logo\":{\"@type\":\"ImageObject\",\"inLanguage\":\"sv-SE\",\"@id\":\"https:\/\/saxbystone.com\/sv\/#\/schema\/logo\/image\/\",\"url\":\"https:\/\/saxbystone.com\/wp-content\/uploads\/2024\/09\/cropped-Saxby-Stone-logo-official-1st.png\",\"contentUrl\":\"https:\/\/saxbystone.com\/wp-content\/uploads\/2024\/09\/cropped-Saxby-Stone-logo-official-1st.png\",\"width\":512,\"height\":512,\"caption\":\"Saxby Stone\"},\"image\":{\"@id\":\"https:\/\/saxbystone.com\/sv\/#\/schema\/logo\/image\/\"},\"sameAs\":[\"https:\/\/www.instagram.com\/saxbystone\/\"]}]}<\/script>\n<!-- \/ Yoast SEO plugin. -->","yoast_head_json":{"title":"Bordeaux Schackm\u00f6nster marmor - Saxby Stone","robots":{"index":"index","follow":"follow","max-snippet":"max-snippet:-1","max-image-preview":"max-image-preview:large","max-video-preview":"max-video-preview:-1"},"canonical":"https:\/\/saxbystone.com\/sv\/produkt\/bordeaux-schackmonster\/","og_locale":"sv_SE","og_type":"article","og_title":"Bordeaux Schackm\u00f6nster marmor - Saxby Stone","og_description":"Schackm\u00f6nstret blev popul\u00e4rt p\u00e5 1920-talet. Under de senaste \u00e5ren har plattor med schackm\u00f6nster upplevt en ren\u00e4ssans och blivit \u00e5terigen ett popul\u00e4rt val f\u00f6r hallar, k\u00f6k och badrum. V\u00e5ra svarta och vita plattor i Bordeaux marmor med tumlad ytfinish kan enkelt kombineras f\u00f6r \u00e5terskapande av den hundra \u00e5r gamla stilen. V\u00e5ra Bordeaux marmorplattor med tumlad ytfinish kan skapa en k\u00e4nsla av diskret lyx s\u00e5v\u00e4l i en Stockholmsl\u00e4genhet som i en nybyggd villa. Den finns att k\u00f6pa med tumlad ytfinish.  V\u00e4lj kakelstorlek f\u00f6r att se priset. Fri frakt vid best\u00e4llningar \u00f6ver 25 m2. Detta pris g\u00e4ller f\u00f6r svenska f\u00f6retag. F\u00f6r plattor fr\u00e5n v\u00e5rt lager i Storbritannien tillkommer en ytterligare kostnad f\u00f6r privata kunder p\u00e5 grund av tullregler.","og_url":"https:\/\/saxbystone.com\/sv\/produkt\/bordeaux-schackmonster\/","og_site_name":"Saxby Stone","article_modified_time":"2026-02-27T06:42:28+00:00","og_image":[{"width":960,"height":669,"url":"https:\/\/saxbystone.com\/wp-content\/uploads\/2024\/09\/EN-SUITE-EATON-FARM-19.jpg","type":"image\/jpeg"}],"twitter_card":"summary_large_image","twitter_misc":{"Ber\u00e4knad l\u00e4stid":"1 minut"},"schema":{"@context":"https:\/\/schema.org","@graph":[{"@type":"WebPage","@id":"https:\/\/saxbystone.com\/sv\/produkt\/bordeaux-schackmonster\/","url":"https:\/\/saxbystone.com\/sv\/produkt\/bordeaux-schackmonster\/","name":"Bordeaux Schackm\u00f6nster marmor - Saxby Stone","isPartOf":{"@id":"https:\/\/saxbystone.com\/sv\/#website"},"primaryImageOfPage":{"@id":"https:\/\/saxbystone.com\/sv\/produkt\/bordeaux-schackmonster\/#primaryimage"},"image":{"@id":"https:\/\/saxbystone.com\/sv\/produkt\/bordeaux-schackmonster\/#primaryimage"},"thumbnailUrl":"https:\/\/saxbystone.com\/wp-content\/uploads\/2024\/09\/EN-SUITE-EATON-FARM-19.jpg","datePublished":"2024-10-28T07:16:51+00:00","dateModified":"2026-02-27T06:42:28+00:00","breadcrumb":{"@id":"https:\/\/saxbystone.com\/sv\/produkt\/bordeaux-schackmonster\/#breadcrumb"},"inLanguage":"sv-SE","potentialAction":[{"@type":"ReadAction","target":["https:\/\/saxbystone.com\/sv\/produkt\/bordeaux-schackmonster\/"]}]},{"@type":"ImageObject","inLanguage":"sv-SE","@id":"https:\/\/saxbystone.com\/sv\/produkt\/bordeaux-schackmonster\/#primaryimage","url":"https:\/\/saxbystone.com\/wp-content\/uploads\/2024\/09\/EN-SUITE-EATON-FARM-19.jpg","contentUrl":"https:\/\/saxbystone.com\/wp-content\/uploads\/2024\/09\/EN-SUITE-EATON-FARM-19.jpg","width":960,"height":669},{"@type":"BreadcrumbList","@id":"https:\/\/saxbystone.com\/sv\/produkt\/bordeaux-schackmonster\/#breadcrumb","itemListElement":[{"@type":"ListItem","position":1,"name":"Home","item":"https:\/\/saxbystone.com\/sv\/"},{"@type":"ListItem","position":2,"name":"Stenplattor","item":"https:\/\/saxbystone.com\/stone-tiles\/"},{"@type":"ListItem","position":3,"name":"Bordeaux Schackm\u00f6nster marmor"}]},{"@type":"WebSite","@id":"https:\/\/saxbystone.com\/sv\/#website","url":"https:\/\/saxbystone.com\/sv\/","name":"Saxby Stone","description":"Natural stone tiles","publisher":{"@id":"https:\/\/saxbystone.com\/sv\/#organization"},"potentialAction":[{"@type":"SearchAction","target":{"@type":"EntryPoint","urlTemplate":"https:\/\/saxbystone.com\/sv\/?s={search_term_string}"},"query-input":{"@type":"PropertyValueSpecification","valueRequired":true,"valueName":"search_term_string"}}],"inLanguage":"sv-SE"},{"@type":"Organization","@id":"https:\/\/saxbystone.com\/sv\/#organization","name":"Saxby Stone","url":"https:\/\/saxbystone.com\/sv\/","logo":{"@type":"ImageObject","inLanguage":"sv-SE","@id":"https:\/\/saxbystone.com\/sv\/#\/schema\/logo\/image\/","url":"https:\/\/saxbystone.com\/wp-content\/uploads\/2024\/09\/cropped-Saxby-Stone-logo-official-1st.png","contentUrl":"https:\/\/saxbystone.com\/wp-content\/uploads\/2024\/09\/cropped-Saxby-Stone-logo-official-1st.png","width":512,"height":512,"caption":"Saxby Stone"},"image":{"@id":"https:\/\/saxbystone.com\/sv\/#\/schema\/logo\/image\/"},"sameAs":["https:\/\/www.instagram.com\/saxbystone\/"]}]}},"_links":{"self":[{"href":"https:\/\/saxbystone.com\/sv\/wp-json\/wp\/v2\/product\/3196","targetHints":{"allow":["GET"]}}],"collection":[{"href":"https:\/\/saxbystone.com\/sv\/wp-json\/wp\/v2\/product"}],"about":[{"href":"https:\/\/saxbystone.com\/sv\/wp-json\/wp\/v2\/types\/product"}],"wp:featuredmedia":[{"embeddable":true,"href":"https:\/\/saxbystone.com\/sv\/wp-json\/wp\/v2\/media\/717"}],"wp:attachment":[{"href":"https:\/\/saxbystone.com\/sv\/wp-json\/wp\/v2\/media?parent=3196"}],"wp:term":[{"taxonomy":"product_brand","embeddable":true,"href":"https:\/\/saxbystone.com\/sv\/wp-json\/wp\/v2\/product_brand?post=3196"},{"taxonomy":"product_cat","embeddable":true,"href":"https:\/\/saxbystone.com\/sv\/wp-json\/wp\/v2\/product_cat?post=3196"},{"taxonomy":"product_tag","embeddable":true,"href":"https:\/\/saxbystone.com\/sv\/wp-json\/wp\/v2\/product_tag?post=3196"}],"curies":[{"name":"wp","href":"https:\/\/api.w.org\/{rel}","templated":true}]}}