{"id":3161,"date":"2024-10-25T16:34:50","date_gmt":"2024-10-25T13:34:50","guid":{"rendered":"https:\/\/saxbystone.com\/?post_type=product&#038;p=3161"},"modified":"2025-11-05T09:21:39","modified_gmt":"2025-11-05T07:21:39","slug":"carrara-c-marmor","status":"publish","type":"product","link":"https:\/\/saxbystone.com\/sv\/produkt\/carrara-c-marmor\/","title":{"rendered":"Bianco Carrara C Marmor"},"content":{"rendered":"","protected":false},"excerpt":{"rendered":"<p>Bianco Carraramarmor fr\u00e5n Apenninerna i Italien har varit en favoritmarmor bland arkitekter \u00e4nda fr\u00e5n romartiden fram till idag. Dess ber\u00f6mda m\u00f6nster utstr\u00e5lar lyx och stil.<\/p>\n<p>Vi erbjuder ett s\u00e4rskilt urval av Bianco Carraramarmorns C-plattor, d\u00e4r koncentrationen av m\u00f6rka \u00e5dror inte \u00e4r lika intensiv som hos \u00f6vriga urvalet av Bianco Carraramarmorn. Bianco Carraramarmorns C-sortiment st\u00e4mmer mer \u00f6verens med dagens minimalistiska smak och drar inte uppm\u00e4rksamhet fr\u00e5n andra inredningsdetaljer i hemmet.<\/p>\n<p>V\u00e5ra golv- och v\u00e4ggplattor i Bianco Carraramarmor levereras med slipad ytfinish.<\/p>\n<p><em>V\u00e4lj kakelstorlek f\u00f6r att se priset. Fri frakt vid best\u00e4llningar \u00f6ver 25 m<sup>2<\/sup>.<\/em><\/p>\n","protected":false},"featured_media":3180,"template":"","meta":{"_acf_changed":false},"product_brand":[],"product_cat":[88,54,78],"product_tag":[],"class_list":{"0":"post-3161","1":"product","2":"type-product","3":"status-publish","4":"has-post-thumbnail","6":"product_cat-alla-plattor","7":"product_cat-golv-och-vaggplattor","8":"product_cat-arbetsytor-fonsterbrador","10":"first","11":"instock","12":"shipping-taxable","13":"purchasable","14":"product-type-variable","15":"add-to-wishlist-after_add_to_cart"},"acf":[],"yoast_head":"<!-- This site is optimized with the Yoast SEO plugin v26.4 - https:\/\/yoast.com\/wordpress\/plugins\/seo\/ -->\n<title>Bianco Carrara C Marmor - Saxby Stone<\/title>\n<meta name=\"robots\" content=\"index, follow, max-snippet:-1, max-image-preview:large, max-video-preview:-1\" \/>\n<link rel=\"canonical\" href=\"https:\/\/saxbystone.com\/sv\/produkt\/carrara-c-marmor\/\" \/>\n<meta property=\"og:locale\" content=\"sv_SE\" \/>\n<meta property=\"og:type\" content=\"article\" \/>\n<meta property=\"og:title\" content=\"Bianco Carrara C Marmor - Saxby Stone\" \/>\n<meta property=\"og:description\" content=\"Bianco Carraramarmor fr\u00e5n Apenninerna i Italien har varit en favoritmarmor bland arkitekter \u00e4nda fr\u00e5n romartiden fram till idag. Dess ber\u00f6mda m\u00f6nster utstr\u00e5lar lyx och stil.  Vi erbjuder ett s\u00e4rskilt urval av Bianco Carraramarmorns C-plattor, d\u00e4r koncentrationen av m\u00f6rka \u00e5dror inte \u00e4r lika intensiv som hos \u00f6vriga urvalet av Bianco Carraramarmorn. Bianco Carraramarmorns C-sortiment st\u00e4mmer mer \u00f6verens med dagens minimalistiska smak och drar inte uppm\u00e4rksamhet fr\u00e5n andra inredningsdetaljer i hemmet.  V\u00e5ra golv- och v\u00e4ggplattor i Bianco Carraramarmor levereras med slipad ytfinish.  V\u00e4lj kakelstorlek f\u00f6r att se priset. Fri frakt vid best\u00e4llningar \u00f6ver 25 m2.\" \/>\n<meta property=\"og:url\" content=\"https:\/\/saxbystone.com\/sv\/produkt\/carrara-c-marmor\/\" \/>\n<meta property=\"og:site_name\" content=\"Saxby Stone\" \/>\n<meta property=\"article:modified_time\" content=\"2025-11-05T07:21:39+00:00\" \/>\n<meta property=\"og:image\" content=\"https:\/\/saxbystone.com\/wp-content\/uploads\/2024\/10\/Carrara-Marble-C.png\" \/>\n\t<meta property=\"og:image:width\" content=\"733\" \/>\n\t<meta property=\"og:image:height\" content=\"491\" \/>\n\t<meta property=\"og:image:type\" content=\"image\/png\" \/>\n<meta name=\"twitter:card\" content=\"summary_large_image\" \/>\n<meta name=\"twitter:label1\" content=\"Ber\u00e4knad l\u00e4stid\" \/>\n\t<meta name=\"twitter:data1\" content=\"1 minut\" \/>\n<script type=\"application\/ld+json\" class=\"yoast-schema-graph\">{\"@context\":\"https:\/\/schema.org\",\"@graph\":[{\"@type\":\"WebPage\",\"@id\":\"https:\/\/saxbystone.com\/sv\/produkt\/carrara-c-marmor\/\",\"url\":\"https:\/\/saxbystone.com\/sv\/produkt\/carrara-c-marmor\/\",\"name\":\"Bianco Carrara C Marmor - Saxby Stone\",\"isPartOf\":{\"@id\":\"https:\/\/saxbystone.com\/sv\/#website\"},\"primaryImageOfPage\":{\"@id\":\"https:\/\/saxbystone.com\/sv\/produkt\/carrara-c-marmor\/#primaryimage\"},\"image\":{\"@id\":\"https:\/\/saxbystone.com\/sv\/produkt\/carrara-c-marmor\/#primaryimage\"},\"thumbnailUrl\":\"https:\/\/saxbystone.com\/wp-content\/uploads\/2024\/10\/Carrara-Marble-C.png\",\"datePublished\":\"2024-10-25T13:34:50+00:00\",\"dateModified\":\"2025-11-05T07:21:39+00:00\",\"breadcrumb\":{\"@id\":\"https:\/\/saxbystone.com\/sv\/produkt\/carrara-c-marmor\/#breadcrumb\"},\"inLanguage\":\"sv-SE\",\"potentialAction\":[{\"@type\":\"ReadAction\",\"target\":[\"https:\/\/saxbystone.com\/sv\/produkt\/carrara-c-marmor\/\"]}]},{\"@type\":\"ImageObject\",\"inLanguage\":\"sv-SE\",\"@id\":\"https:\/\/saxbystone.com\/sv\/produkt\/carrara-c-marmor\/#primaryimage\",\"url\":\"https:\/\/saxbystone.com\/wp-content\/uploads\/2024\/10\/Carrara-Marble-C.png\",\"contentUrl\":\"https:\/\/saxbystone.com\/wp-content\/uploads\/2024\/10\/Carrara-Marble-C.png\",\"width\":733,\"height\":491},{\"@type\":\"BreadcrumbList\",\"@id\":\"https:\/\/saxbystone.com\/sv\/produkt\/carrara-c-marmor\/#breadcrumb\",\"itemListElement\":[{\"@type\":\"ListItem\",\"position\":1,\"name\":\"Home\",\"item\":\"https:\/\/saxbystone.com\/sv\/\"},{\"@type\":\"ListItem\",\"position\":2,\"name\":\"Stenplattor\",\"item\":\"https:\/\/saxbystone.com\/stone-tiles\/\"},{\"@type\":\"ListItem\",\"position\":3,\"name\":\"Bianco Carrara C Marmor\"}]},{\"@type\":\"WebSite\",\"@id\":\"https:\/\/saxbystone.com\/sv\/#website\",\"url\":\"https:\/\/saxbystone.com\/sv\/\",\"name\":\"Saxby Stone\",\"description\":\"Natural stone tiles\",\"publisher\":{\"@id\":\"https:\/\/saxbystone.com\/sv\/#organization\"},\"potentialAction\":[{\"@type\":\"SearchAction\",\"target\":{\"@type\":\"EntryPoint\",\"urlTemplate\":\"https:\/\/saxbystone.com\/sv\/?s={search_term_string}\"},\"query-input\":{\"@type\":\"PropertyValueSpecification\",\"valueRequired\":true,\"valueName\":\"search_term_string\"}}],\"inLanguage\":\"sv-SE\"},{\"@type\":\"Organization\",\"@id\":\"https:\/\/saxbystone.com\/sv\/#organization\",\"name\":\"Saxby Stone\",\"url\":\"https:\/\/saxbystone.com\/sv\/\",\"logo\":{\"@type\":\"ImageObject\",\"inLanguage\":\"sv-SE\",\"@id\":\"https:\/\/saxbystone.com\/sv\/#\/schema\/logo\/image\/\",\"url\":\"https:\/\/saxbystone.com\/wp-content\/uploads\/2024\/09\/cropped-Saxby-Stone-logo-official-1st.png\",\"contentUrl\":\"https:\/\/saxbystone.com\/wp-content\/uploads\/2024\/09\/cropped-Saxby-Stone-logo-official-1st.png\",\"width\":512,\"height\":512,\"caption\":\"Saxby Stone\"},\"image\":{\"@id\":\"https:\/\/saxbystone.com\/sv\/#\/schema\/logo\/image\/\"},\"sameAs\":[\"https:\/\/www.instagram.com\/saxbystone\/\"]}]}<\/script>\n<!-- \/ Yoast SEO plugin. -->","yoast_head_json":{"title":"Bianco Carrara C Marmor - Saxby Stone","robots":{"index":"index","follow":"follow","max-snippet":"max-snippet:-1","max-image-preview":"max-image-preview:large","max-video-preview":"max-video-preview:-1"},"canonical":"https:\/\/saxbystone.com\/sv\/produkt\/carrara-c-marmor\/","og_locale":"sv_SE","og_type":"article","og_title":"Bianco Carrara C Marmor - Saxby Stone","og_description":"Bianco Carraramarmor fr\u00e5n Apenninerna i Italien har varit en favoritmarmor bland arkitekter \u00e4nda fr\u00e5n romartiden fram till idag. Dess ber\u00f6mda m\u00f6nster utstr\u00e5lar lyx och stil.  Vi erbjuder ett s\u00e4rskilt urval av Bianco Carraramarmorns C-plattor, d\u00e4r koncentrationen av m\u00f6rka \u00e5dror inte \u00e4r lika intensiv som hos \u00f6vriga urvalet av Bianco Carraramarmorn. Bianco Carraramarmorns C-sortiment st\u00e4mmer mer \u00f6verens med dagens minimalistiska smak och drar inte uppm\u00e4rksamhet fr\u00e5n andra inredningsdetaljer i hemmet.  V\u00e5ra golv- och v\u00e4ggplattor i Bianco Carraramarmor levereras med slipad ytfinish.  V\u00e4lj kakelstorlek f\u00f6r att se priset. Fri frakt vid best\u00e4llningar \u00f6ver 25 m2.","og_url":"https:\/\/saxbystone.com\/sv\/produkt\/carrara-c-marmor\/","og_site_name":"Saxby Stone","article_modified_time":"2025-11-05T07:21:39+00:00","og_image":[{"width":733,"height":491,"url":"https:\/\/saxbystone.com\/wp-content\/uploads\/2024\/10\/Carrara-Marble-C.png","type":"image\/png"}],"twitter_card":"summary_large_image","twitter_misc":{"Ber\u00e4knad l\u00e4stid":"1 minut"},"schema":{"@context":"https:\/\/schema.org","@graph":[{"@type":"WebPage","@id":"https:\/\/saxbystone.com\/sv\/produkt\/carrara-c-marmor\/","url":"https:\/\/saxbystone.com\/sv\/produkt\/carrara-c-marmor\/","name":"Bianco Carrara C Marmor - Saxby Stone","isPartOf":{"@id":"https:\/\/saxbystone.com\/sv\/#website"},"primaryImageOfPage":{"@id":"https:\/\/saxbystone.com\/sv\/produkt\/carrara-c-marmor\/#primaryimage"},"image":{"@id":"https:\/\/saxbystone.com\/sv\/produkt\/carrara-c-marmor\/#primaryimage"},"thumbnailUrl":"https:\/\/saxbystone.com\/wp-content\/uploads\/2024\/10\/Carrara-Marble-C.png","datePublished":"2024-10-25T13:34:50+00:00","dateModified":"2025-11-05T07:21:39+00:00","breadcrumb":{"@id":"https:\/\/saxbystone.com\/sv\/produkt\/carrara-c-marmor\/#breadcrumb"},"inLanguage":"sv-SE","potentialAction":[{"@type":"ReadAction","target":["https:\/\/saxbystone.com\/sv\/produkt\/carrara-c-marmor\/"]}]},{"@type":"ImageObject","inLanguage":"sv-SE","@id":"https:\/\/saxbystone.com\/sv\/produkt\/carrara-c-marmor\/#primaryimage","url":"https:\/\/saxbystone.com\/wp-content\/uploads\/2024\/10\/Carrara-Marble-C.png","contentUrl":"https:\/\/saxbystone.com\/wp-content\/uploads\/2024\/10\/Carrara-Marble-C.png","width":733,"height":491},{"@type":"BreadcrumbList","@id":"https:\/\/saxbystone.com\/sv\/produkt\/carrara-c-marmor\/#breadcrumb","itemListElement":[{"@type":"ListItem","position":1,"name":"Home","item":"https:\/\/saxbystone.com\/sv\/"},{"@type":"ListItem","position":2,"name":"Stenplattor","item":"https:\/\/saxbystone.com\/stone-tiles\/"},{"@type":"ListItem","position":3,"name":"Bianco Carrara C Marmor"}]},{"@type":"WebSite","@id":"https:\/\/saxbystone.com\/sv\/#website","url":"https:\/\/saxbystone.com\/sv\/","name":"Saxby Stone","description":"Natural stone tiles","publisher":{"@id":"https:\/\/saxbystone.com\/sv\/#organization"},"potentialAction":[{"@type":"SearchAction","target":{"@type":"EntryPoint","urlTemplate":"https:\/\/saxbystone.com\/sv\/?s={search_term_string}"},"query-input":{"@type":"PropertyValueSpecification","valueRequired":true,"valueName":"search_term_string"}}],"inLanguage":"sv-SE"},{"@type":"Organization","@id":"https:\/\/saxbystone.com\/sv\/#organization","name":"Saxby Stone","url":"https:\/\/saxbystone.com\/sv\/","logo":{"@type":"ImageObject","inLanguage":"sv-SE","@id":"https:\/\/saxbystone.com\/sv\/#\/schema\/logo\/image\/","url":"https:\/\/saxbystone.com\/wp-content\/uploads\/2024\/09\/cropped-Saxby-Stone-logo-official-1st.png","contentUrl":"https:\/\/saxbystone.com\/wp-content\/uploads\/2024\/09\/cropped-Saxby-Stone-logo-official-1st.png","width":512,"height":512,"caption":"Saxby Stone"},"image":{"@id":"https:\/\/saxbystone.com\/sv\/#\/schema\/logo\/image\/"},"sameAs":["https:\/\/www.instagram.com\/saxbystone\/"]}]}},"_links":{"self":[{"href":"https:\/\/saxbystone.com\/sv\/wp-json\/wp\/v2\/product\/3161","targetHints":{"allow":["GET"]}}],"collection":[{"href":"https:\/\/saxbystone.com\/sv\/wp-json\/wp\/v2\/product"}],"about":[{"href":"https:\/\/saxbystone.com\/sv\/wp-json\/wp\/v2\/types\/product"}],"wp:featuredmedia":[{"embeddable":true,"href":"https:\/\/saxbystone.com\/sv\/wp-json\/wp\/v2\/media\/3180"}],"wp:attachment":[{"href":"https:\/\/saxbystone.com\/sv\/wp-json\/wp\/v2\/media?parent=3161"}],"wp:term":[{"taxonomy":"product_brand","embeddable":true,"href":"https:\/\/saxbystone.com\/sv\/wp-json\/wp\/v2\/product_brand?post=3161"},{"taxonomy":"product_cat","embeddable":true,"href":"https:\/\/saxbystone.com\/sv\/wp-json\/wp\/v2\/product_cat?post=3161"},{"taxonomy":"product_tag","embeddable":true,"href":"https:\/\/saxbystone.com\/sv\/wp-json\/wp\/v2\/product_tag?post=3161"}],"curies":[{"name":"wp","href":"https:\/\/api.w.org\/{rel}","templated":true}]}}