{"id":3137,"date":"2024-10-25T16:26:11","date_gmt":"2024-10-25T13:26:11","guid":{"rendered":"https:\/\/saxbystone.com\/?post_type=product&#038;p=3137"},"modified":"2025-08-14T11:46:12","modified_gmt":"2025-08-14T08:46:12","slug":"crema-marfil-marmor","status":"publish","type":"product","link":"https:\/\/saxbystone.com\/sv\/produkt\/crema-marfil-marmor\/","title":{"rendered":"Crema Marfil Marmor"},"content":{"rendered":"","protected":false},"excerpt":{"rendered":"<p>Crema Marfil marmor har brutits i \u00e5rhundraden fr\u00e5n bergen l\u00e4ngs kusten n\u00e4ra Alicante i Spanien. Den h\u00e4r klassiska ljusbeige marmorn med en subtil ljus \u00e5dring har anv\u00e4nts som golvplattor i medelhavsvillor sedan romartiden.<\/p>\n<p>Golvplattor i Crema Marfil marmor tillf\u00f6r modern design mer ljus och rymd, i synnerhet vid anv\u00e4ndning av storformatsplattor, som t.ex. 600 x 600 mm. D\u00e4rf\u00f6r har de blivit ett popul\u00e4rt val i st\u00f6rre nybyggda villor d\u00e4r fl\u00f6dande naturligt ljus l\u00e5ter golvplattorna att skapa en rymdk\u00e4nsla.<\/p>\n<p>Den finns att k\u00f6pa med slipad och tumlad ytfinish.<\/p>\n<p><em>V\u00e4lj kakelstorlek f\u00f6r att se priset. Fri frakt vid best\u00e4llningar \u00f6ver 25 m<sup>2<\/sup>.<\/em><\/p>\n","protected":false},"featured_media":4786,"template":"","meta":{"_acf_changed":false},"product_brand":[],"product_cat":[88,54],"product_tag":[],"class_list":{"0":"post-3137","1":"product","2":"type-product","3":"status-publish","4":"has-post-thumbnail","6":"product_cat-alla-plattor","7":"product_cat-golv-och-vaggplattor","9":"first","10":"instock","11":"shipping-taxable","12":"purchasable","13":"product-type-variable","14":"add-to-wishlist-after_add_to_cart"},"acf":[],"yoast_head":"<!-- This site is optimized with the Yoast SEO plugin v26.4 - https:\/\/yoast.com\/wordpress\/plugins\/seo\/ -->\n<title>Crema Marfil Marmor - Saxby Stone<\/title>\n<meta name=\"robots\" content=\"index, follow, max-snippet:-1, max-image-preview:large, max-video-preview:-1\" \/>\n<link rel=\"canonical\" href=\"https:\/\/saxbystone.com\/sv\/produkt\/crema-marfil-marmor\/\" \/>\n<meta property=\"og:locale\" content=\"sv_SE\" \/>\n<meta property=\"og:type\" content=\"article\" \/>\n<meta property=\"og:title\" content=\"Crema Marfil Marmor - Saxby Stone\" \/>\n<meta property=\"og:description\" content=\"Crema Marfil marmor har brutits i \u00e5rhundraden fr\u00e5n bergen l\u00e4ngs kusten n\u00e4ra Alicante i Spanien. Den h\u00e4r klassiska ljusbeige marmorn med en subtil ljus \u00e5dring har anv\u00e4nts som golvplattor i medelhavsvillor sedan romartiden.  Golvplattor i Crema Marfil marmor tillf\u00f6r modern design mer ljus och rymd, i synnerhet vid anv\u00e4ndning av storformatsplattor, som t.ex. 600 x 600 mm. D\u00e4rf\u00f6r har de blivit ett popul\u00e4rt val i st\u00f6rre nybyggda villor d\u00e4r fl\u00f6dande naturligt ljus l\u00e5ter golvplattorna att skapa en rymdk\u00e4nsla.  Den finns att k\u00f6pa med slipad och tumlad ytfinish.  V\u00e4lj kakelstorlek f\u00f6r att se priset. Fri frakt vid best\u00e4llningar \u00f6ver 25 m2.\" \/>\n<meta property=\"og:url\" content=\"https:\/\/saxbystone.com\/sv\/produkt\/crema-marfil-marmor\/\" \/>\n<meta property=\"og:site_name\" content=\"Saxby Stone\" \/>\n<meta property=\"article:modified_time\" content=\"2025-08-14T08:46:12+00:00\" \/>\n<meta property=\"og:image\" content=\"https:\/\/saxbystone.com\/wp-content\/uploads\/2024\/10\/Crema-Marfil-Marmor-honed-21-square-scaled.jpg\" \/>\n\t<meta property=\"og:image:width\" content=\"2560\" \/>\n\t<meta property=\"og:image:height\" content=\"2352\" \/>\n\t<meta property=\"og:image:type\" content=\"image\/jpeg\" \/>\n<meta name=\"twitter:card\" content=\"summary_large_image\" \/>\n<meta name=\"twitter:label1\" content=\"Ber\u00e4knad l\u00e4stid\" \/>\n\t<meta name=\"twitter:data1\" content=\"1 minut\" \/>\n<script type=\"application\/ld+json\" class=\"yoast-schema-graph\">{\"@context\":\"https:\/\/schema.org\",\"@graph\":[{\"@type\":\"WebPage\",\"@id\":\"https:\/\/saxbystone.com\/sv\/produkt\/crema-marfil-marmor\/\",\"url\":\"https:\/\/saxbystone.com\/sv\/produkt\/crema-marfil-marmor\/\",\"name\":\"Crema Marfil Marmor - Saxby Stone\",\"isPartOf\":{\"@id\":\"https:\/\/saxbystone.com\/sv\/#website\"},\"primaryImageOfPage\":{\"@id\":\"https:\/\/saxbystone.com\/sv\/produkt\/crema-marfil-marmor\/#primaryimage\"},\"image\":{\"@id\":\"https:\/\/saxbystone.com\/sv\/produkt\/crema-marfil-marmor\/#primaryimage\"},\"thumbnailUrl\":\"https:\/\/saxbystone.com\/wp-content\/uploads\/2024\/10\/Crema-Marfil-Marmor-honed-21-square-scaled.jpg\",\"datePublished\":\"2024-10-25T13:26:11+00:00\",\"dateModified\":\"2025-08-14T08:46:12+00:00\",\"breadcrumb\":{\"@id\":\"https:\/\/saxbystone.com\/sv\/produkt\/crema-marfil-marmor\/#breadcrumb\"},\"inLanguage\":\"sv-SE\",\"potentialAction\":[{\"@type\":\"ReadAction\",\"target\":[\"https:\/\/saxbystone.com\/sv\/produkt\/crema-marfil-marmor\/\"]}]},{\"@type\":\"ImageObject\",\"inLanguage\":\"sv-SE\",\"@id\":\"https:\/\/saxbystone.com\/sv\/produkt\/crema-marfil-marmor\/#primaryimage\",\"url\":\"https:\/\/saxbystone.com\/wp-content\/uploads\/2024\/10\/Crema-Marfil-Marmor-honed-21-square-scaled.jpg\",\"contentUrl\":\"https:\/\/saxbystone.com\/wp-content\/uploads\/2024\/10\/Crema-Marfil-Marmor-honed-21-square-scaled.jpg\",\"width\":2560,\"height\":2352},{\"@type\":\"BreadcrumbList\",\"@id\":\"https:\/\/saxbystone.com\/sv\/produkt\/crema-marfil-marmor\/#breadcrumb\",\"itemListElement\":[{\"@type\":\"ListItem\",\"position\":1,\"name\":\"Home\",\"item\":\"https:\/\/saxbystone.com\/sv\/\"},{\"@type\":\"ListItem\",\"position\":2,\"name\":\"Stenplattor\",\"item\":\"https:\/\/saxbystone.com\/stone-tiles\/\"},{\"@type\":\"ListItem\",\"position\":3,\"name\":\"Crema Marfil Marmor\"}]},{\"@type\":\"WebSite\",\"@id\":\"https:\/\/saxbystone.com\/sv\/#website\",\"url\":\"https:\/\/saxbystone.com\/sv\/\",\"name\":\"Saxby Stone\",\"description\":\"Natural stone tiles\",\"publisher\":{\"@id\":\"https:\/\/saxbystone.com\/sv\/#organization\"},\"potentialAction\":[{\"@type\":\"SearchAction\",\"target\":{\"@type\":\"EntryPoint\",\"urlTemplate\":\"https:\/\/saxbystone.com\/sv\/?s={search_term_string}\"},\"query-input\":{\"@type\":\"PropertyValueSpecification\",\"valueRequired\":true,\"valueName\":\"search_term_string\"}}],\"inLanguage\":\"sv-SE\"},{\"@type\":\"Organization\",\"@id\":\"https:\/\/saxbystone.com\/sv\/#organization\",\"name\":\"Saxby Stone\",\"url\":\"https:\/\/saxbystone.com\/sv\/\",\"logo\":{\"@type\":\"ImageObject\",\"inLanguage\":\"sv-SE\",\"@id\":\"https:\/\/saxbystone.com\/sv\/#\/schema\/logo\/image\/\",\"url\":\"https:\/\/saxbystone.com\/wp-content\/uploads\/2024\/09\/cropped-Saxby-Stone-logo-official-1st.png\",\"contentUrl\":\"https:\/\/saxbystone.com\/wp-content\/uploads\/2024\/09\/cropped-Saxby-Stone-logo-official-1st.png\",\"width\":512,\"height\":512,\"caption\":\"Saxby Stone\"},\"image\":{\"@id\":\"https:\/\/saxbystone.com\/sv\/#\/schema\/logo\/image\/\"},\"sameAs\":[\"https:\/\/www.instagram.com\/saxbystone\/\"]}]}<\/script>\n<!-- \/ Yoast SEO plugin. -->","yoast_head_json":{"title":"Crema Marfil Marmor - Saxby Stone","robots":{"index":"index","follow":"follow","max-snippet":"max-snippet:-1","max-image-preview":"max-image-preview:large","max-video-preview":"max-video-preview:-1"},"canonical":"https:\/\/saxbystone.com\/sv\/produkt\/crema-marfil-marmor\/","og_locale":"sv_SE","og_type":"article","og_title":"Crema Marfil Marmor - Saxby Stone","og_description":"Crema Marfil marmor har brutits i \u00e5rhundraden fr\u00e5n bergen l\u00e4ngs kusten n\u00e4ra Alicante i Spanien. Den h\u00e4r klassiska ljusbeige marmorn med en subtil ljus \u00e5dring har anv\u00e4nts som golvplattor i medelhavsvillor sedan romartiden.  Golvplattor i Crema Marfil marmor tillf\u00f6r modern design mer ljus och rymd, i synnerhet vid anv\u00e4ndning av storformatsplattor, som t.ex. 600 x 600 mm. D\u00e4rf\u00f6r har de blivit ett popul\u00e4rt val i st\u00f6rre nybyggda villor d\u00e4r fl\u00f6dande naturligt ljus l\u00e5ter golvplattorna att skapa en rymdk\u00e4nsla.  Den finns att k\u00f6pa med slipad och tumlad ytfinish.  V\u00e4lj kakelstorlek f\u00f6r att se priset. Fri frakt vid best\u00e4llningar \u00f6ver 25 m2.","og_url":"https:\/\/saxbystone.com\/sv\/produkt\/crema-marfil-marmor\/","og_site_name":"Saxby Stone","article_modified_time":"2025-08-14T08:46:12+00:00","og_image":[{"width":2560,"height":2352,"url":"https:\/\/saxbystone.com\/wp-content\/uploads\/2024\/10\/Crema-Marfil-Marmor-honed-21-square-scaled.jpg","type":"image\/jpeg"}],"twitter_card":"summary_large_image","twitter_misc":{"Ber\u00e4knad l\u00e4stid":"1 minut"},"schema":{"@context":"https:\/\/schema.org","@graph":[{"@type":"WebPage","@id":"https:\/\/saxbystone.com\/sv\/produkt\/crema-marfil-marmor\/","url":"https:\/\/saxbystone.com\/sv\/produkt\/crema-marfil-marmor\/","name":"Crema Marfil Marmor - Saxby Stone","isPartOf":{"@id":"https:\/\/saxbystone.com\/sv\/#website"},"primaryImageOfPage":{"@id":"https:\/\/saxbystone.com\/sv\/produkt\/crema-marfil-marmor\/#primaryimage"},"image":{"@id":"https:\/\/saxbystone.com\/sv\/produkt\/crema-marfil-marmor\/#primaryimage"},"thumbnailUrl":"https:\/\/saxbystone.com\/wp-content\/uploads\/2024\/10\/Crema-Marfil-Marmor-honed-21-square-scaled.jpg","datePublished":"2024-10-25T13:26:11+00:00","dateModified":"2025-08-14T08:46:12+00:00","breadcrumb":{"@id":"https:\/\/saxbystone.com\/sv\/produkt\/crema-marfil-marmor\/#breadcrumb"},"inLanguage":"sv-SE","potentialAction":[{"@type":"ReadAction","target":["https:\/\/saxbystone.com\/sv\/produkt\/crema-marfil-marmor\/"]}]},{"@type":"ImageObject","inLanguage":"sv-SE","@id":"https:\/\/saxbystone.com\/sv\/produkt\/crema-marfil-marmor\/#primaryimage","url":"https:\/\/saxbystone.com\/wp-content\/uploads\/2024\/10\/Crema-Marfil-Marmor-honed-21-square-scaled.jpg","contentUrl":"https:\/\/saxbystone.com\/wp-content\/uploads\/2024\/10\/Crema-Marfil-Marmor-honed-21-square-scaled.jpg","width":2560,"height":2352},{"@type":"BreadcrumbList","@id":"https:\/\/saxbystone.com\/sv\/produkt\/crema-marfil-marmor\/#breadcrumb","itemListElement":[{"@type":"ListItem","position":1,"name":"Home","item":"https:\/\/saxbystone.com\/sv\/"},{"@type":"ListItem","position":2,"name":"Stenplattor","item":"https:\/\/saxbystone.com\/stone-tiles\/"},{"@type":"ListItem","position":3,"name":"Crema Marfil Marmor"}]},{"@type":"WebSite","@id":"https:\/\/saxbystone.com\/sv\/#website","url":"https:\/\/saxbystone.com\/sv\/","name":"Saxby Stone","description":"Natural stone tiles","publisher":{"@id":"https:\/\/saxbystone.com\/sv\/#organization"},"potentialAction":[{"@type":"SearchAction","target":{"@type":"EntryPoint","urlTemplate":"https:\/\/saxbystone.com\/sv\/?s={search_term_string}"},"query-input":{"@type":"PropertyValueSpecification","valueRequired":true,"valueName":"search_term_string"}}],"inLanguage":"sv-SE"},{"@type":"Organization","@id":"https:\/\/saxbystone.com\/sv\/#organization","name":"Saxby Stone","url":"https:\/\/saxbystone.com\/sv\/","logo":{"@type":"ImageObject","inLanguage":"sv-SE","@id":"https:\/\/saxbystone.com\/sv\/#\/schema\/logo\/image\/","url":"https:\/\/saxbystone.com\/wp-content\/uploads\/2024\/09\/cropped-Saxby-Stone-logo-official-1st.png","contentUrl":"https:\/\/saxbystone.com\/wp-content\/uploads\/2024\/09\/cropped-Saxby-Stone-logo-official-1st.png","width":512,"height":512,"caption":"Saxby Stone"},"image":{"@id":"https:\/\/saxbystone.com\/sv\/#\/schema\/logo\/image\/"},"sameAs":["https:\/\/www.instagram.com\/saxbystone\/"]}]}},"_links":{"self":[{"href":"https:\/\/saxbystone.com\/sv\/wp-json\/wp\/v2\/product\/3137","targetHints":{"allow":["GET"]}}],"collection":[{"href":"https:\/\/saxbystone.com\/sv\/wp-json\/wp\/v2\/product"}],"about":[{"href":"https:\/\/saxbystone.com\/sv\/wp-json\/wp\/v2\/types\/product"}],"wp:featuredmedia":[{"embeddable":true,"href":"https:\/\/saxbystone.com\/sv\/wp-json\/wp\/v2\/media\/4786"}],"wp:attachment":[{"href":"https:\/\/saxbystone.com\/sv\/wp-json\/wp\/v2\/media?parent=3137"}],"wp:term":[{"taxonomy":"product_brand","embeddable":true,"href":"https:\/\/saxbystone.com\/sv\/wp-json\/wp\/v2\/product_brand?post=3137"},{"taxonomy":"product_cat","embeddable":true,"href":"https:\/\/saxbystone.com\/sv\/wp-json\/wp\/v2\/product_cat?post=3137"},{"taxonomy":"product_tag","embeddable":true,"href":"https:\/\/saxbystone.com\/sv\/wp-json\/wp\/v2\/product_tag?post=3137"}],"curies":[{"name":"wp","href":"https:\/\/api.w.org\/{rel}","templated":true}]}}