{"id":3116,"date":"2024-10-25T16:16:34","date_gmt":"2024-10-25T13:16:34","guid":{"rendered":"https:\/\/saxbystone.com\/?post_type=product&#038;p=3116"},"modified":"2026-04-21T08:38:16","modified_gmt":"2026-04-21T05:38:16","slug":"oland","status":"publish","type":"product","link":"https:\/\/saxbystone.com\/sv\/produkt\/oland\/","title":{"rendered":"\u00d6land Grey G1S Kalksten"},"content":{"rendered":"","protected":false},"excerpt":{"rendered":"<p class=\"has-medium-font-size\">\u00d6land Grey kalksten, med en rik v\u00e4v av fossiler fr\u00e5n tropiska havsdjur och v\u00e4xter, bildades f\u00f6r \u00f6ver 550 miljoner \u00e5r sedan n\u00e4r Sverige l\u00e5g s\u00f6der om ekvatorn. Fossiler fr\u00e5n ammoniter och nautiloider ger \u00d6land Grey kalkstenen en identitet och originalitet som uppskattas h\u00f6gt \u00f6ver hela Skandinavien och Norden.<\/p>\n<p class=\"has-medium-font-size\">F\u00f6rutom herrg\u00e5rdar, villor och l\u00e4genheter runt om i Sverige kan golvplattor i \u00d6land Grey kalksten G1S \u00e4ven hittas i lyxiga boutiquehotell som Ett Hem i Stockholm och p\u00e5 Arlanda flygplats.<\/p>\n<p class=\"has-medium-font-size\">Djupt rotad i traditionen av familje\u00e4gda stenbrottsverksamheter p\u00e5 \u00f6n \u00d6land \u00e4r denna kalksten stark, h\u00e5llbar och p\u00e5litlig, och b\u00e4r alla k\u00e4nnetecken f\u00f6r svensk kvalitet.<\/p>\n<p>Den finns att k\u00f6pa med slipad ytfinish.<\/p>\n<p><em>V\u00e4lj kakelstorlek f\u00f6r att se priset. Fri frakt vid best\u00e4llningar \u00f6ver 25 m<sup>2<\/sup>.<\/em><\/p>\n","protected":false},"featured_media":3121,"template":"","meta":{"_acf_changed":false},"product_brand":[],"product_cat":[88,54,78,75,72],"product_tag":[],"class_list":{"0":"post-3116","1":"product","2":"type-product","3":"status-publish","4":"has-post-thumbnail","6":"product_cat-alla-plattor","7":"product_cat-golv-och-vaggplattor","8":"product_cat-arbetsytor-fonsterbrador","9":"product_cat-belaggningssten","10":"product_cat-kommersiella-ytor","12":"first","13":"instock","14":"shipping-taxable","15":"purchasable","16":"product-type-variable","17":"add-to-wishlist-after_add_to_cart"},"acf":[],"yoast_head":"<!-- This site is optimized with the Yoast SEO plugin v26.4 - https:\/\/yoast.com\/wordpress\/plugins\/seo\/ -->\n<title>\u00d6land Grey G1S Kalksten - Saxby Stone<\/title>\n<meta name=\"robots\" content=\"index, follow, max-snippet:-1, max-image-preview:large, max-video-preview:-1\" \/>\n<link rel=\"canonical\" href=\"https:\/\/saxbystone.com\/sv\/produkt\/oland\/\" \/>\n<meta property=\"og:locale\" content=\"sv_SE\" \/>\n<meta property=\"og:type\" content=\"article\" \/>\n<meta property=\"og:title\" content=\"\u00d6land Grey G1S Kalksten - Saxby Stone\" \/>\n<meta property=\"og:description\" content=\"\u00d6land Grey kalksten, med en rik v\u00e4v av fossiler fr\u00e5n tropiska havsdjur och v\u00e4xter, bildades f\u00f6r \u00f6ver 550 miljoner \u00e5r sedan n\u00e4r Sverige l\u00e5g s\u00f6der om ekvatorn. Fossiler fr\u00e5n ammoniter och nautiloider ger \u00d6land Grey kalkstenen en identitet och originalitet som uppskattas h\u00f6gt \u00f6ver hela Skandinavien och Norden. F\u00f6rutom herrg\u00e5rdar, villor och l\u00e4genheter runt om i Sverige kan golvplattor i \u00d6land Grey kalksten G1S \u00e4ven hittas i lyxiga boutiquehotell som Ett Hem i Stockholm och p\u00e5 Arlanda flygplats. Djupt rotad i traditionen av familje\u00e4gda stenbrottsverksamheter p\u00e5 \u00f6n \u00d6land \u00e4r denna kalksten stark, h\u00e5llbar och p\u00e5litlig, och b\u00e4r alla k\u00e4nnetecken f\u00f6r svensk kvalitet. Den finns att k\u00f6pa med slipad ytfinish.  V\u00e4lj kakelstorlek f\u00f6r att se priset. Fri frakt vid best\u00e4llningar \u00f6ver 25 m2.\" \/>\n<meta property=\"og:url\" content=\"https:\/\/saxbystone.com\/sv\/produkt\/oland\/\" \/>\n<meta property=\"og:site_name\" content=\"Saxby Stone\" \/>\n<meta property=\"article:modified_time\" content=\"2026-04-21T05:38:16+00:00\" \/>\n<meta property=\"og:image\" content=\"https:\/\/saxbystone.com\/wp-content\/uploads\/2024\/10\/Oland-Limestone.jpg\" \/>\n\t<meta property=\"og:image:width\" content=\"1200\" \/>\n\t<meta property=\"og:image:height\" content=\"900\" \/>\n\t<meta property=\"og:image:type\" content=\"image\/jpeg\" \/>\n<meta name=\"twitter:card\" content=\"summary_large_image\" \/>\n<meta name=\"twitter:label1\" content=\"Ber\u00e4knad l\u00e4stid\" \/>\n\t<meta name=\"twitter:data1\" content=\"1 minut\" \/>\n<script type=\"application\/ld+json\" class=\"yoast-schema-graph\">{\"@context\":\"https:\/\/schema.org\",\"@graph\":[{\"@type\":\"WebPage\",\"@id\":\"https:\/\/saxbystone.com\/sv\/produkt\/oland\/\",\"url\":\"https:\/\/saxbystone.com\/sv\/produkt\/oland\/\",\"name\":\"\u00d6land Grey G1S Kalksten - Saxby Stone\",\"isPartOf\":{\"@id\":\"https:\/\/saxbystone.com\/sv\/#website\"},\"primaryImageOfPage\":{\"@id\":\"https:\/\/saxbystone.com\/sv\/produkt\/oland\/#primaryimage\"},\"image\":{\"@id\":\"https:\/\/saxbystone.com\/sv\/produkt\/oland\/#primaryimage\"},\"thumbnailUrl\":\"https:\/\/saxbystone.com\/wp-content\/uploads\/2024\/10\/Oland-Limestone.jpg\",\"datePublished\":\"2024-10-25T13:16:34+00:00\",\"dateModified\":\"2026-04-21T05:38:16+00:00\",\"breadcrumb\":{\"@id\":\"https:\/\/saxbystone.com\/sv\/produkt\/oland\/#breadcrumb\"},\"inLanguage\":\"sv-SE\",\"potentialAction\":[{\"@type\":\"ReadAction\",\"target\":[\"https:\/\/saxbystone.com\/sv\/produkt\/oland\/\"]}]},{\"@type\":\"ImageObject\",\"inLanguage\":\"sv-SE\",\"@id\":\"https:\/\/saxbystone.com\/sv\/produkt\/oland\/#primaryimage\",\"url\":\"https:\/\/saxbystone.com\/wp-content\/uploads\/2024\/10\/Oland-Limestone.jpg\",\"contentUrl\":\"https:\/\/saxbystone.com\/wp-content\/uploads\/2024\/10\/Oland-Limestone.jpg\",\"width\":1200,\"height\":900},{\"@type\":\"BreadcrumbList\",\"@id\":\"https:\/\/saxbystone.com\/sv\/produkt\/oland\/#breadcrumb\",\"itemListElement\":[{\"@type\":\"ListItem\",\"position\":1,\"name\":\"Home\",\"item\":\"https:\/\/saxbystone.com\/sv\/\"},{\"@type\":\"ListItem\",\"position\":2,\"name\":\"Stenplattor\",\"item\":\"https:\/\/saxbystone.com\/stone-tiles\/\"},{\"@type\":\"ListItem\",\"position\":3,\"name\":\"\u00d6land Grey G1S Kalksten\"}]},{\"@type\":\"WebSite\",\"@id\":\"https:\/\/saxbystone.com\/sv\/#website\",\"url\":\"https:\/\/saxbystone.com\/sv\/\",\"name\":\"Saxby Stone\",\"description\":\"Natural stone tiles\",\"publisher\":{\"@id\":\"https:\/\/saxbystone.com\/sv\/#organization\"},\"potentialAction\":[{\"@type\":\"SearchAction\",\"target\":{\"@type\":\"EntryPoint\",\"urlTemplate\":\"https:\/\/saxbystone.com\/sv\/?s={search_term_string}\"},\"query-input\":{\"@type\":\"PropertyValueSpecification\",\"valueRequired\":true,\"valueName\":\"search_term_string\"}}],\"inLanguage\":\"sv-SE\"},{\"@type\":\"Organization\",\"@id\":\"https:\/\/saxbystone.com\/sv\/#organization\",\"name\":\"Saxby Stone\",\"url\":\"https:\/\/saxbystone.com\/sv\/\",\"logo\":{\"@type\":\"ImageObject\",\"inLanguage\":\"sv-SE\",\"@id\":\"https:\/\/saxbystone.com\/sv\/#\/schema\/logo\/image\/\",\"url\":\"https:\/\/saxbystone.com\/wp-content\/uploads\/2024\/09\/cropped-Saxby-Stone-logo-official-1st.png\",\"contentUrl\":\"https:\/\/saxbystone.com\/wp-content\/uploads\/2024\/09\/cropped-Saxby-Stone-logo-official-1st.png\",\"width\":512,\"height\":512,\"caption\":\"Saxby Stone\"},\"image\":{\"@id\":\"https:\/\/saxbystone.com\/sv\/#\/schema\/logo\/image\/\"},\"sameAs\":[\"https:\/\/www.instagram.com\/saxbystone\/\"]}]}<\/script>\n<!-- \/ Yoast SEO plugin. -->","yoast_head_json":{"title":"\u00d6land Grey G1S Kalksten - Saxby Stone","robots":{"index":"index","follow":"follow","max-snippet":"max-snippet:-1","max-image-preview":"max-image-preview:large","max-video-preview":"max-video-preview:-1"},"canonical":"https:\/\/saxbystone.com\/sv\/produkt\/oland\/","og_locale":"sv_SE","og_type":"article","og_title":"\u00d6land Grey G1S Kalksten - Saxby Stone","og_description":"\u00d6land Grey kalksten, med en rik v\u00e4v av fossiler fr\u00e5n tropiska havsdjur och v\u00e4xter, bildades f\u00f6r \u00f6ver 550 miljoner \u00e5r sedan n\u00e4r Sverige l\u00e5g s\u00f6der om ekvatorn. Fossiler fr\u00e5n ammoniter och nautiloider ger \u00d6land Grey kalkstenen en identitet och originalitet som uppskattas h\u00f6gt \u00f6ver hela Skandinavien och Norden. F\u00f6rutom herrg\u00e5rdar, villor och l\u00e4genheter runt om i Sverige kan golvplattor i \u00d6land Grey kalksten G1S \u00e4ven hittas i lyxiga boutiquehotell som Ett Hem i Stockholm och p\u00e5 Arlanda flygplats. Djupt rotad i traditionen av familje\u00e4gda stenbrottsverksamheter p\u00e5 \u00f6n \u00d6land \u00e4r denna kalksten stark, h\u00e5llbar och p\u00e5litlig, och b\u00e4r alla k\u00e4nnetecken f\u00f6r svensk kvalitet. Den finns att k\u00f6pa med slipad ytfinish.  V\u00e4lj kakelstorlek f\u00f6r att se priset. Fri frakt vid best\u00e4llningar \u00f6ver 25 m2.","og_url":"https:\/\/saxbystone.com\/sv\/produkt\/oland\/","og_site_name":"Saxby Stone","article_modified_time":"2026-04-21T05:38:16+00:00","og_image":[{"width":1200,"height":900,"url":"https:\/\/saxbystone.com\/wp-content\/uploads\/2024\/10\/Oland-Limestone.jpg","type":"image\/jpeg"}],"twitter_card":"summary_large_image","twitter_misc":{"Ber\u00e4knad l\u00e4stid":"1 minut"},"schema":{"@context":"https:\/\/schema.org","@graph":[{"@type":"WebPage","@id":"https:\/\/saxbystone.com\/sv\/produkt\/oland\/","url":"https:\/\/saxbystone.com\/sv\/produkt\/oland\/","name":"\u00d6land Grey G1S Kalksten - Saxby Stone","isPartOf":{"@id":"https:\/\/saxbystone.com\/sv\/#website"},"primaryImageOfPage":{"@id":"https:\/\/saxbystone.com\/sv\/produkt\/oland\/#primaryimage"},"image":{"@id":"https:\/\/saxbystone.com\/sv\/produkt\/oland\/#primaryimage"},"thumbnailUrl":"https:\/\/saxbystone.com\/wp-content\/uploads\/2024\/10\/Oland-Limestone.jpg","datePublished":"2024-10-25T13:16:34+00:00","dateModified":"2026-04-21T05:38:16+00:00","breadcrumb":{"@id":"https:\/\/saxbystone.com\/sv\/produkt\/oland\/#breadcrumb"},"inLanguage":"sv-SE","potentialAction":[{"@type":"ReadAction","target":["https:\/\/saxbystone.com\/sv\/produkt\/oland\/"]}]},{"@type":"ImageObject","inLanguage":"sv-SE","@id":"https:\/\/saxbystone.com\/sv\/produkt\/oland\/#primaryimage","url":"https:\/\/saxbystone.com\/wp-content\/uploads\/2024\/10\/Oland-Limestone.jpg","contentUrl":"https:\/\/saxbystone.com\/wp-content\/uploads\/2024\/10\/Oland-Limestone.jpg","width":1200,"height":900},{"@type":"BreadcrumbList","@id":"https:\/\/saxbystone.com\/sv\/produkt\/oland\/#breadcrumb","itemListElement":[{"@type":"ListItem","position":1,"name":"Home","item":"https:\/\/saxbystone.com\/sv\/"},{"@type":"ListItem","position":2,"name":"Stenplattor","item":"https:\/\/saxbystone.com\/stone-tiles\/"},{"@type":"ListItem","position":3,"name":"\u00d6land Grey G1S Kalksten"}]},{"@type":"WebSite","@id":"https:\/\/saxbystone.com\/sv\/#website","url":"https:\/\/saxbystone.com\/sv\/","name":"Saxby Stone","description":"Natural stone tiles","publisher":{"@id":"https:\/\/saxbystone.com\/sv\/#organization"},"potentialAction":[{"@type":"SearchAction","target":{"@type":"EntryPoint","urlTemplate":"https:\/\/saxbystone.com\/sv\/?s={search_term_string}"},"query-input":{"@type":"PropertyValueSpecification","valueRequired":true,"valueName":"search_term_string"}}],"inLanguage":"sv-SE"},{"@type":"Organization","@id":"https:\/\/saxbystone.com\/sv\/#organization","name":"Saxby Stone","url":"https:\/\/saxbystone.com\/sv\/","logo":{"@type":"ImageObject","inLanguage":"sv-SE","@id":"https:\/\/saxbystone.com\/sv\/#\/schema\/logo\/image\/","url":"https:\/\/saxbystone.com\/wp-content\/uploads\/2024\/09\/cropped-Saxby-Stone-logo-official-1st.png","contentUrl":"https:\/\/saxbystone.com\/wp-content\/uploads\/2024\/09\/cropped-Saxby-Stone-logo-official-1st.png","width":512,"height":512,"caption":"Saxby Stone"},"image":{"@id":"https:\/\/saxbystone.com\/sv\/#\/schema\/logo\/image\/"},"sameAs":["https:\/\/www.instagram.com\/saxbystone\/"]}]}},"_links":{"self":[{"href":"https:\/\/saxbystone.com\/sv\/wp-json\/wp\/v2\/product\/3116","targetHints":{"allow":["GET"]}}],"collection":[{"href":"https:\/\/saxbystone.com\/sv\/wp-json\/wp\/v2\/product"}],"about":[{"href":"https:\/\/saxbystone.com\/sv\/wp-json\/wp\/v2\/types\/product"}],"wp:featuredmedia":[{"embeddable":true,"href":"https:\/\/saxbystone.com\/sv\/wp-json\/wp\/v2\/media\/3121"}],"wp:attachment":[{"href":"https:\/\/saxbystone.com\/sv\/wp-json\/wp\/v2\/media?parent=3116"}],"wp:term":[{"taxonomy":"product_brand","embeddable":true,"href":"https:\/\/saxbystone.com\/sv\/wp-json\/wp\/v2\/product_brand?post=3116"},{"taxonomy":"product_cat","embeddable":true,"href":"https:\/\/saxbystone.com\/sv\/wp-json\/wp\/v2\/product_cat?post=3116"},{"taxonomy":"product_tag","embeddable":true,"href":"https:\/\/saxbystone.com\/sv\/wp-json\/wp\/v2\/product_tag?post=3116"}],"curies":[{"name":"wp","href":"https:\/\/api.w.org\/{rel}","templated":true}]}}