{"id":3095,"date":"2024-10-25T16:08:19","date_gmt":"2024-10-25T13:08:19","guid":{"rendered":"https:\/\/saxbystone.com\/?post_type=product&#038;p=3095"},"modified":"2025-11-28T11:15:01","modified_gmt":"2025-11-28T09:15:01","slug":"jamtland-grey","status":"publish","type":"product","link":"https:\/\/saxbystone.com\/sv\/produkt\/jamtland-grey\/","title":{"rendered":"J\u00e4mtland Grey Kalksten"},"content":{"rendered":"","protected":false},"excerpt":{"rendered":"<p class=\"has-medium-font-size\">Kalkstenen J\u00e4mtland Grey bryts i fj\u00e4llberggrunden runt \u00d6stersund och i Brunflo, d\u00e4r kalkstenen bildades f\u00f6r \u00f6ver 465 miljoner \u00e5r sedan. Enligt vissa uppgifter \u00e4r den Europas \u00e4ldsta och h\u00e5rdaste kalksten.<\/p>\n<p class=\"has-medium-font-size\">Arkitekter brukar v\u00e4lja den h\u00e4r kalkstenen, som \u00e4ven r\u00e5kar vara en orubblig symbol f\u00f6r den svenska nationella identiteten, till kunder som s\u00f6ker en attraktiv men slitstark kalksten.<\/p>\n<p class=\"has-medium-font-size\">Oavsett om den anv\u00e4nds i ett elegant advokatkontor i centrala Stockholm eller i en sommarstuga i yttersta sk\u00e4rg\u00e5rden, f\u00f6rmedlar J\u00e4mtland Grey alltid kvalitet och tillf\u00f6rlitlighet p\u00e5 ett diskret s\u00e4tt.<\/p>\n<p>Den finns att k\u00f6pa med slipad ytfinish.<\/p>\n<p><em>V\u00e4lj kakelstorlek f\u00f6r att se priset. Fri frakt vid best\u00e4llningar \u00f6ver 25 m<sup>2<\/sup>.<\/em><\/p>\n","protected":false},"featured_media":3100,"template":"","meta":{"_acf_changed":false},"product_brand":[],"product_cat":[88,54,78,75,72],"product_tag":[],"class_list":{"0":"post-3095","1":"product","2":"type-product","3":"status-publish","4":"has-post-thumbnail","6":"product_cat-alla-plattor","7":"product_cat-golv-och-vaggplattor","8":"product_cat-arbetsytor-fonsterbrador","9":"product_cat-belaggningssten","10":"product_cat-kommersiella-ytor","12":"first","13":"instock","14":"shipping-taxable","15":"purchasable","16":"product-type-variable","17":"add-to-wishlist-after_add_to_cart"},"acf":[],"yoast_head":"<!-- This site is optimized with the Yoast SEO plugin v26.4 - https:\/\/yoast.com\/wordpress\/plugins\/seo\/ -->\n<title>J\u00e4mtland Grey Kalksten - Saxby Stone<\/title>\n<meta name=\"robots\" content=\"index, follow, max-snippet:-1, max-image-preview:large, max-video-preview:-1\" \/>\n<link rel=\"canonical\" href=\"https:\/\/saxbystone.com\/sv\/produkt\/jamtland-grey\/\" \/>\n<meta property=\"og:locale\" content=\"sv_SE\" \/>\n<meta property=\"og:type\" content=\"article\" \/>\n<meta property=\"og:title\" content=\"J\u00e4mtland Grey Kalksten - Saxby Stone\" \/>\n<meta property=\"og:description\" content=\"Kalkstenen J\u00e4mtland Grey bryts i fj\u00e4llberggrunden runt \u00d6stersund och i Brunflo, d\u00e4r kalkstenen bildades f\u00f6r \u00f6ver 465 miljoner \u00e5r sedan. Enligt vissa uppgifter \u00e4r den Europas \u00e4ldsta och h\u00e5rdaste kalksten. Arkitekter brukar v\u00e4lja den h\u00e4r kalkstenen, som \u00e4ven r\u00e5kar vara en orubblig symbol f\u00f6r den svenska nationella identiteten, till kunder som s\u00f6ker en attraktiv men slitstark kalksten. Oavsett om den anv\u00e4nds i ett elegant advokatkontor i centrala Stockholm eller i en sommarstuga i yttersta sk\u00e4rg\u00e5rden, f\u00f6rmedlar J\u00e4mtland Grey alltid kvalitet och tillf\u00f6rlitlighet p\u00e5 ett diskret s\u00e4tt. Den finns att k\u00f6pa med slipad ytfinish.  V\u00e4lj kakelstorlek f\u00f6r att se priset. Fri frakt vid best\u00e4llningar \u00f6ver 25 m2.\" \/>\n<meta property=\"og:url\" content=\"https:\/\/saxbystone.com\/sv\/produkt\/jamtland-grey\/\" \/>\n<meta property=\"og:site_name\" content=\"Saxby Stone\" \/>\n<meta property=\"article:modified_time\" content=\"2025-11-28T09:15:01+00:00\" \/>\n<meta property=\"og:image\" content=\"https:\/\/saxbystone.com\/wp-content\/uploads\/2024\/10\/Jamtlands-Grey-Mannheimer-Swartling-office.jpg\" \/>\n\t<meta property=\"og:image:width\" content=\"2048\" \/>\n\t<meta property=\"og:image:height\" content=\"1536\" \/>\n\t<meta property=\"og:image:type\" content=\"image\/jpeg\" \/>\n<meta name=\"twitter:card\" content=\"summary_large_image\" \/>\n<meta name=\"twitter:label1\" content=\"Ber\u00e4knad l\u00e4stid\" \/>\n\t<meta name=\"twitter:data1\" content=\"1 minut\" \/>\n<script type=\"application\/ld+json\" class=\"yoast-schema-graph\">{\"@context\":\"https:\/\/schema.org\",\"@graph\":[{\"@type\":\"WebPage\",\"@id\":\"https:\/\/saxbystone.com\/sv\/produkt\/jamtland-grey\/\",\"url\":\"https:\/\/saxbystone.com\/sv\/produkt\/jamtland-grey\/\",\"name\":\"J\u00e4mtland Grey Kalksten - Saxby Stone\",\"isPartOf\":{\"@id\":\"https:\/\/saxbystone.com\/sv\/#website\"},\"primaryImageOfPage\":{\"@id\":\"https:\/\/saxbystone.com\/sv\/produkt\/jamtland-grey\/#primaryimage\"},\"image\":{\"@id\":\"https:\/\/saxbystone.com\/sv\/produkt\/jamtland-grey\/#primaryimage\"},\"thumbnailUrl\":\"https:\/\/saxbystone.com\/wp-content\/uploads\/2024\/10\/Jamtlands-Grey-Mannheimer-Swartling-office.jpg\",\"datePublished\":\"2024-10-25T13:08:19+00:00\",\"dateModified\":\"2025-11-28T09:15:01+00:00\",\"breadcrumb\":{\"@id\":\"https:\/\/saxbystone.com\/sv\/produkt\/jamtland-grey\/#breadcrumb\"},\"inLanguage\":\"sv-SE\",\"potentialAction\":[{\"@type\":\"ReadAction\",\"target\":[\"https:\/\/saxbystone.com\/sv\/produkt\/jamtland-grey\/\"]}]},{\"@type\":\"ImageObject\",\"inLanguage\":\"sv-SE\",\"@id\":\"https:\/\/saxbystone.com\/sv\/produkt\/jamtland-grey\/#primaryimage\",\"url\":\"https:\/\/saxbystone.com\/wp-content\/uploads\/2024\/10\/Jamtlands-Grey-Mannheimer-Swartling-office.jpg\",\"contentUrl\":\"https:\/\/saxbystone.com\/wp-content\/uploads\/2024\/10\/Jamtlands-Grey-Mannheimer-Swartling-office.jpg\",\"width\":2048,\"height\":1536},{\"@type\":\"BreadcrumbList\",\"@id\":\"https:\/\/saxbystone.com\/sv\/produkt\/jamtland-grey\/#breadcrumb\",\"itemListElement\":[{\"@type\":\"ListItem\",\"position\":1,\"name\":\"Home\",\"item\":\"https:\/\/saxbystone.com\/sv\/\"},{\"@type\":\"ListItem\",\"position\":2,\"name\":\"Stenplattor\",\"item\":\"https:\/\/saxbystone.com\/stone-tiles\/\"},{\"@type\":\"ListItem\",\"position\":3,\"name\":\"J\u00e4mtland Grey Kalksten\"}]},{\"@type\":\"WebSite\",\"@id\":\"https:\/\/saxbystone.com\/sv\/#website\",\"url\":\"https:\/\/saxbystone.com\/sv\/\",\"name\":\"Saxby Stone\",\"description\":\"Natural stone tiles\",\"publisher\":{\"@id\":\"https:\/\/saxbystone.com\/sv\/#organization\"},\"potentialAction\":[{\"@type\":\"SearchAction\",\"target\":{\"@type\":\"EntryPoint\",\"urlTemplate\":\"https:\/\/saxbystone.com\/sv\/?s={search_term_string}\"},\"query-input\":{\"@type\":\"PropertyValueSpecification\",\"valueRequired\":true,\"valueName\":\"search_term_string\"}}],\"inLanguage\":\"sv-SE\"},{\"@type\":\"Organization\",\"@id\":\"https:\/\/saxbystone.com\/sv\/#organization\",\"name\":\"Saxby Stone\",\"url\":\"https:\/\/saxbystone.com\/sv\/\",\"logo\":{\"@type\":\"ImageObject\",\"inLanguage\":\"sv-SE\",\"@id\":\"https:\/\/saxbystone.com\/sv\/#\/schema\/logo\/image\/\",\"url\":\"https:\/\/saxbystone.com\/wp-content\/uploads\/2024\/09\/cropped-Saxby-Stone-logo-official-1st.png\",\"contentUrl\":\"https:\/\/saxbystone.com\/wp-content\/uploads\/2024\/09\/cropped-Saxby-Stone-logo-official-1st.png\",\"width\":512,\"height\":512,\"caption\":\"Saxby Stone\"},\"image\":{\"@id\":\"https:\/\/saxbystone.com\/sv\/#\/schema\/logo\/image\/\"},\"sameAs\":[\"https:\/\/www.instagram.com\/saxbystone\/\"]}]}<\/script>\n<!-- \/ Yoast SEO plugin. -->","yoast_head_json":{"title":"J\u00e4mtland Grey Kalksten - Saxby Stone","robots":{"index":"index","follow":"follow","max-snippet":"max-snippet:-1","max-image-preview":"max-image-preview:large","max-video-preview":"max-video-preview:-1"},"canonical":"https:\/\/saxbystone.com\/sv\/produkt\/jamtland-grey\/","og_locale":"sv_SE","og_type":"article","og_title":"J\u00e4mtland Grey Kalksten - Saxby Stone","og_description":"Kalkstenen J\u00e4mtland Grey bryts i fj\u00e4llberggrunden runt \u00d6stersund och i Brunflo, d\u00e4r kalkstenen bildades f\u00f6r \u00f6ver 465 miljoner \u00e5r sedan. Enligt vissa uppgifter \u00e4r den Europas \u00e4ldsta och h\u00e5rdaste kalksten. Arkitekter brukar v\u00e4lja den h\u00e4r kalkstenen, som \u00e4ven r\u00e5kar vara en orubblig symbol f\u00f6r den svenska nationella identiteten, till kunder som s\u00f6ker en attraktiv men slitstark kalksten. Oavsett om den anv\u00e4nds i ett elegant advokatkontor i centrala Stockholm eller i en sommarstuga i yttersta sk\u00e4rg\u00e5rden, f\u00f6rmedlar J\u00e4mtland Grey alltid kvalitet och tillf\u00f6rlitlighet p\u00e5 ett diskret s\u00e4tt. Den finns att k\u00f6pa med slipad ytfinish.  V\u00e4lj kakelstorlek f\u00f6r att se priset. Fri frakt vid best\u00e4llningar \u00f6ver 25 m2.","og_url":"https:\/\/saxbystone.com\/sv\/produkt\/jamtland-grey\/","og_site_name":"Saxby Stone","article_modified_time":"2025-11-28T09:15:01+00:00","og_image":[{"width":2048,"height":1536,"url":"https:\/\/saxbystone.com\/wp-content\/uploads\/2024\/10\/Jamtlands-Grey-Mannheimer-Swartling-office.jpg","type":"image\/jpeg"}],"twitter_card":"summary_large_image","twitter_misc":{"Ber\u00e4knad l\u00e4stid":"1 minut"},"schema":{"@context":"https:\/\/schema.org","@graph":[{"@type":"WebPage","@id":"https:\/\/saxbystone.com\/sv\/produkt\/jamtland-grey\/","url":"https:\/\/saxbystone.com\/sv\/produkt\/jamtland-grey\/","name":"J\u00e4mtland Grey Kalksten - Saxby Stone","isPartOf":{"@id":"https:\/\/saxbystone.com\/sv\/#website"},"primaryImageOfPage":{"@id":"https:\/\/saxbystone.com\/sv\/produkt\/jamtland-grey\/#primaryimage"},"image":{"@id":"https:\/\/saxbystone.com\/sv\/produkt\/jamtland-grey\/#primaryimage"},"thumbnailUrl":"https:\/\/saxbystone.com\/wp-content\/uploads\/2024\/10\/Jamtlands-Grey-Mannheimer-Swartling-office.jpg","datePublished":"2024-10-25T13:08:19+00:00","dateModified":"2025-11-28T09:15:01+00:00","breadcrumb":{"@id":"https:\/\/saxbystone.com\/sv\/produkt\/jamtland-grey\/#breadcrumb"},"inLanguage":"sv-SE","potentialAction":[{"@type":"ReadAction","target":["https:\/\/saxbystone.com\/sv\/produkt\/jamtland-grey\/"]}]},{"@type":"ImageObject","inLanguage":"sv-SE","@id":"https:\/\/saxbystone.com\/sv\/produkt\/jamtland-grey\/#primaryimage","url":"https:\/\/saxbystone.com\/wp-content\/uploads\/2024\/10\/Jamtlands-Grey-Mannheimer-Swartling-office.jpg","contentUrl":"https:\/\/saxbystone.com\/wp-content\/uploads\/2024\/10\/Jamtlands-Grey-Mannheimer-Swartling-office.jpg","width":2048,"height":1536},{"@type":"BreadcrumbList","@id":"https:\/\/saxbystone.com\/sv\/produkt\/jamtland-grey\/#breadcrumb","itemListElement":[{"@type":"ListItem","position":1,"name":"Home","item":"https:\/\/saxbystone.com\/sv\/"},{"@type":"ListItem","position":2,"name":"Stenplattor","item":"https:\/\/saxbystone.com\/stone-tiles\/"},{"@type":"ListItem","position":3,"name":"J\u00e4mtland Grey Kalksten"}]},{"@type":"WebSite","@id":"https:\/\/saxbystone.com\/sv\/#website","url":"https:\/\/saxbystone.com\/sv\/","name":"Saxby Stone","description":"Natural stone tiles","publisher":{"@id":"https:\/\/saxbystone.com\/sv\/#organization"},"potentialAction":[{"@type":"SearchAction","target":{"@type":"EntryPoint","urlTemplate":"https:\/\/saxbystone.com\/sv\/?s={search_term_string}"},"query-input":{"@type":"PropertyValueSpecification","valueRequired":true,"valueName":"search_term_string"}}],"inLanguage":"sv-SE"},{"@type":"Organization","@id":"https:\/\/saxbystone.com\/sv\/#organization","name":"Saxby Stone","url":"https:\/\/saxbystone.com\/sv\/","logo":{"@type":"ImageObject","inLanguage":"sv-SE","@id":"https:\/\/saxbystone.com\/sv\/#\/schema\/logo\/image\/","url":"https:\/\/saxbystone.com\/wp-content\/uploads\/2024\/09\/cropped-Saxby-Stone-logo-official-1st.png","contentUrl":"https:\/\/saxbystone.com\/wp-content\/uploads\/2024\/09\/cropped-Saxby-Stone-logo-official-1st.png","width":512,"height":512,"caption":"Saxby Stone"},"image":{"@id":"https:\/\/saxbystone.com\/sv\/#\/schema\/logo\/image\/"},"sameAs":["https:\/\/www.instagram.com\/saxbystone\/"]}]}},"_links":{"self":[{"href":"https:\/\/saxbystone.com\/sv\/wp-json\/wp\/v2\/product\/3095","targetHints":{"allow":["GET"]}}],"collection":[{"href":"https:\/\/saxbystone.com\/sv\/wp-json\/wp\/v2\/product"}],"about":[{"href":"https:\/\/saxbystone.com\/sv\/wp-json\/wp\/v2\/types\/product"}],"wp:featuredmedia":[{"embeddable":true,"href":"https:\/\/saxbystone.com\/sv\/wp-json\/wp\/v2\/media\/3100"}],"wp:attachment":[{"href":"https:\/\/saxbystone.com\/sv\/wp-json\/wp\/v2\/media?parent=3095"}],"wp:term":[{"taxonomy":"product_brand","embeddable":true,"href":"https:\/\/saxbystone.com\/sv\/wp-json\/wp\/v2\/product_brand?post=3095"},{"taxonomy":"product_cat","embeddable":true,"href":"https:\/\/saxbystone.com\/sv\/wp-json\/wp\/v2\/product_cat?post=3095"},{"taxonomy":"product_tag","embeddable":true,"href":"https:\/\/saxbystone.com\/sv\/wp-json\/wp\/v2\/product_tag?post=3095"}],"curies":[{"name":"wp","href":"https:\/\/api.w.org\/{rel}","templated":true}]}}