{"id":3066,"date":"2024-10-25T15:58:17","date_gmt":"2024-10-25T12:58:17","guid":{"rendered":"https:\/\/saxbystone.com\/?post_type=product&#038;p=3066"},"modified":"2026-04-09T08:16:40","modified_gmt":"2026-04-09T05:16:40","slug":"bothnia-blue","status":"publish","type":"product","link":"https:\/\/saxbystone.com\/sv\/produkt\/bothnia-blue\/","title":{"rendered":"Bothnia Blue Kalksten"},"content":{"rendered":"","protected":false},"excerpt":{"rendered":"<p>Bothnia Blue, \u00e4ven k\u00e4nd som Ata\u00edja Azul, bryts i centrala Portugal, n\u00e4ra den historiska staden Alcoba\u00e7a. Det \u00e4r de bl\u00e5aktiga tonerna, med tecken av fossiler och vattenlinjer som g\u00f6r stenen unik. F\u00f6rutom golv- och v\u00e4ggplattor anv\u00e4nds den h\u00e4r kalkstenen \u00e4ven f\u00f6r trappor och f\u00f6nsterb\u00e4nkar. Bothnia Blues bl\u00e5aktiga ton \u00e4r inte vanligt f\u00f6rekommande hos kalkstenar och d\u00e4rf\u00f6r tycker vi att den tillf\u00f6r n\u00e5gonting sp\u00e4nnande och unikt.<\/p>\n<p>Den finns att k\u00f6pa med slipad och borstad ytfinish.<\/p>\n<p><em>V\u00e4lj kakelstorlek f\u00f6r att se priset. Fri frakt vid best\u00e4llningar \u00f6ver 25 m<sup>2<\/sup>.<\/em><\/p>\n","protected":false},"featured_media":3080,"template":"","meta":{"_acf_changed":false},"product_brand":[],"product_cat":[88,54],"product_tag":[],"class_list":{"0":"post-3066","1":"product","2":"type-product","3":"status-publish","4":"has-post-thumbnail","6":"product_cat-alla-plattor","7":"product_cat-golv-och-vaggplattor","9":"first","10":"instock","11":"shipping-taxable","12":"purchasable","13":"product-type-variable","14":"add-to-wishlist-after_add_to_cart"},"acf":[],"yoast_head":"<!-- This site is optimized with the Yoast SEO plugin v26.4 - https:\/\/yoast.com\/wordpress\/plugins\/seo\/ -->\n<title>Bothnia Blue Kalksten - Saxby Stone<\/title>\n<meta name=\"robots\" content=\"index, follow, max-snippet:-1, max-image-preview:large, max-video-preview:-1\" \/>\n<link rel=\"canonical\" href=\"https:\/\/saxbystone.com\/sv\/produkt\/bothnia-blue\/\" \/>\n<meta property=\"og:locale\" content=\"sv_SE\" \/>\n<meta property=\"og:type\" content=\"article\" \/>\n<meta property=\"og:title\" content=\"Bothnia Blue Kalksten - Saxby Stone\" \/>\n<meta property=\"og:description\" content=\"Bothnia Blue, \u00e4ven k\u00e4nd som Ata\u00edja Azul, bryts i centrala Portugal, n\u00e4ra den historiska staden Alcoba\u00e7a. Det \u00e4r de bl\u00e5aktiga tonerna, med tecken av fossiler och vattenlinjer som g\u00f6r stenen unik. F\u00f6rutom golv- och v\u00e4ggplattor anv\u00e4nds den h\u00e4r kalkstenen \u00e4ven f\u00f6r trappor och f\u00f6nsterb\u00e4nkar. Bothnia Blues bl\u00e5aktiga ton \u00e4r inte vanligt f\u00f6rekommande hos kalkstenar och d\u00e4rf\u00f6r tycker vi att den tillf\u00f6r n\u00e5gonting sp\u00e4nnande och unikt.  Den finns att k\u00f6pa med slipad och borstad ytfinish.  V\u00e4lj kakelstorlek f\u00f6r att se priset. Fri frakt vid best\u00e4llningar \u00f6ver 25 m2.\" \/>\n<meta property=\"og:url\" content=\"https:\/\/saxbystone.com\/sv\/produkt\/bothnia-blue\/\" \/>\n<meta property=\"og:site_name\" content=\"Saxby Stone\" \/>\n<meta property=\"article:modified_time\" content=\"2026-04-09T05:16:40+00:00\" \/>\n<meta property=\"og:image\" content=\"https:\/\/saxbystone.com\/wp-content\/uploads\/2024\/10\/Bothnia-Blue-Limestone-e1731400655645.jpg\" \/>\n\t<meta property=\"og:image:width\" content=\"695\" \/>\n\t<meta property=\"og:image:height\" content=\"500\" \/>\n\t<meta property=\"og:image:type\" content=\"image\/jpeg\" \/>\n<meta name=\"twitter:card\" content=\"summary_large_image\" \/>\n<meta name=\"twitter:label1\" content=\"Ber\u00e4knad l\u00e4stid\" \/>\n\t<meta name=\"twitter:data1\" content=\"1 minut\" \/>\n<script type=\"application\/ld+json\" class=\"yoast-schema-graph\">{\"@context\":\"https:\/\/schema.org\",\"@graph\":[{\"@type\":\"WebPage\",\"@id\":\"https:\/\/saxbystone.com\/sv\/produkt\/bothnia-blue\/\",\"url\":\"https:\/\/saxbystone.com\/sv\/produkt\/bothnia-blue\/\",\"name\":\"Bothnia Blue Kalksten - Saxby Stone\",\"isPartOf\":{\"@id\":\"https:\/\/saxbystone.com\/sv\/#website\"},\"primaryImageOfPage\":{\"@id\":\"https:\/\/saxbystone.com\/sv\/produkt\/bothnia-blue\/#primaryimage\"},\"image\":{\"@id\":\"https:\/\/saxbystone.com\/sv\/produkt\/bothnia-blue\/#primaryimage\"},\"thumbnailUrl\":\"https:\/\/saxbystone.com\/wp-content\/uploads\/2024\/10\/Bothnia-Blue-Limestone-e1731400655645.jpg\",\"datePublished\":\"2024-10-25T12:58:17+00:00\",\"dateModified\":\"2026-04-09T05:16:40+00:00\",\"breadcrumb\":{\"@id\":\"https:\/\/saxbystone.com\/sv\/produkt\/bothnia-blue\/#breadcrumb\"},\"inLanguage\":\"sv-SE\",\"potentialAction\":[{\"@type\":\"ReadAction\",\"target\":[\"https:\/\/saxbystone.com\/sv\/produkt\/bothnia-blue\/\"]}]},{\"@type\":\"ImageObject\",\"inLanguage\":\"sv-SE\",\"@id\":\"https:\/\/saxbystone.com\/sv\/produkt\/bothnia-blue\/#primaryimage\",\"url\":\"https:\/\/saxbystone.com\/wp-content\/uploads\/2024\/10\/Bothnia-Blue-Limestone-e1731400655645.jpg\",\"contentUrl\":\"https:\/\/saxbystone.com\/wp-content\/uploads\/2024\/10\/Bothnia-Blue-Limestone-e1731400655645.jpg\",\"width\":695,\"height\":500},{\"@type\":\"BreadcrumbList\",\"@id\":\"https:\/\/saxbystone.com\/sv\/produkt\/bothnia-blue\/#breadcrumb\",\"itemListElement\":[{\"@type\":\"ListItem\",\"position\":1,\"name\":\"Home\",\"item\":\"https:\/\/saxbystone.com\/sv\/\"},{\"@type\":\"ListItem\",\"position\":2,\"name\":\"Stenplattor\",\"item\":\"https:\/\/saxbystone.com\/stone-tiles\/\"},{\"@type\":\"ListItem\",\"position\":3,\"name\":\"Bothnia Blue Kalksten\"}]},{\"@type\":\"WebSite\",\"@id\":\"https:\/\/saxbystone.com\/sv\/#website\",\"url\":\"https:\/\/saxbystone.com\/sv\/\",\"name\":\"Saxby Stone\",\"description\":\"Natural stone tiles\",\"publisher\":{\"@id\":\"https:\/\/saxbystone.com\/sv\/#organization\"},\"potentialAction\":[{\"@type\":\"SearchAction\",\"target\":{\"@type\":\"EntryPoint\",\"urlTemplate\":\"https:\/\/saxbystone.com\/sv\/?s={search_term_string}\"},\"query-input\":{\"@type\":\"PropertyValueSpecification\",\"valueRequired\":true,\"valueName\":\"search_term_string\"}}],\"inLanguage\":\"sv-SE\"},{\"@type\":\"Organization\",\"@id\":\"https:\/\/saxbystone.com\/sv\/#organization\",\"name\":\"Saxby Stone\",\"url\":\"https:\/\/saxbystone.com\/sv\/\",\"logo\":{\"@type\":\"ImageObject\",\"inLanguage\":\"sv-SE\",\"@id\":\"https:\/\/saxbystone.com\/sv\/#\/schema\/logo\/image\/\",\"url\":\"https:\/\/saxbystone.com\/wp-content\/uploads\/2024\/09\/cropped-Saxby-Stone-logo-official-1st.png\",\"contentUrl\":\"https:\/\/saxbystone.com\/wp-content\/uploads\/2024\/09\/cropped-Saxby-Stone-logo-official-1st.png\",\"width\":512,\"height\":512,\"caption\":\"Saxby Stone\"},\"image\":{\"@id\":\"https:\/\/saxbystone.com\/sv\/#\/schema\/logo\/image\/\"},\"sameAs\":[\"https:\/\/www.instagram.com\/saxbystone\/\"]}]}<\/script>\n<!-- \/ Yoast SEO plugin. -->","yoast_head_json":{"title":"Bothnia Blue Kalksten - Saxby Stone","robots":{"index":"index","follow":"follow","max-snippet":"max-snippet:-1","max-image-preview":"max-image-preview:large","max-video-preview":"max-video-preview:-1"},"canonical":"https:\/\/saxbystone.com\/sv\/produkt\/bothnia-blue\/","og_locale":"sv_SE","og_type":"article","og_title":"Bothnia Blue Kalksten - Saxby Stone","og_description":"Bothnia Blue, \u00e4ven k\u00e4nd som Ata\u00edja Azul, bryts i centrala Portugal, n\u00e4ra den historiska staden Alcoba\u00e7a. Det \u00e4r de bl\u00e5aktiga tonerna, med tecken av fossiler och vattenlinjer som g\u00f6r stenen unik. F\u00f6rutom golv- och v\u00e4ggplattor anv\u00e4nds den h\u00e4r kalkstenen \u00e4ven f\u00f6r trappor och f\u00f6nsterb\u00e4nkar. Bothnia Blues bl\u00e5aktiga ton \u00e4r inte vanligt f\u00f6rekommande hos kalkstenar och d\u00e4rf\u00f6r tycker vi att den tillf\u00f6r n\u00e5gonting sp\u00e4nnande och unikt.  Den finns att k\u00f6pa med slipad och borstad ytfinish.  V\u00e4lj kakelstorlek f\u00f6r att se priset. Fri frakt vid best\u00e4llningar \u00f6ver 25 m2.","og_url":"https:\/\/saxbystone.com\/sv\/produkt\/bothnia-blue\/","og_site_name":"Saxby Stone","article_modified_time":"2026-04-09T05:16:40+00:00","og_image":[{"width":695,"height":500,"url":"https:\/\/saxbystone.com\/wp-content\/uploads\/2024\/10\/Bothnia-Blue-Limestone-e1731400655645.jpg","type":"image\/jpeg"}],"twitter_card":"summary_large_image","twitter_misc":{"Ber\u00e4knad l\u00e4stid":"1 minut"},"schema":{"@context":"https:\/\/schema.org","@graph":[{"@type":"WebPage","@id":"https:\/\/saxbystone.com\/sv\/produkt\/bothnia-blue\/","url":"https:\/\/saxbystone.com\/sv\/produkt\/bothnia-blue\/","name":"Bothnia Blue Kalksten - Saxby Stone","isPartOf":{"@id":"https:\/\/saxbystone.com\/sv\/#website"},"primaryImageOfPage":{"@id":"https:\/\/saxbystone.com\/sv\/produkt\/bothnia-blue\/#primaryimage"},"image":{"@id":"https:\/\/saxbystone.com\/sv\/produkt\/bothnia-blue\/#primaryimage"},"thumbnailUrl":"https:\/\/saxbystone.com\/wp-content\/uploads\/2024\/10\/Bothnia-Blue-Limestone-e1731400655645.jpg","datePublished":"2024-10-25T12:58:17+00:00","dateModified":"2026-04-09T05:16:40+00:00","breadcrumb":{"@id":"https:\/\/saxbystone.com\/sv\/produkt\/bothnia-blue\/#breadcrumb"},"inLanguage":"sv-SE","potentialAction":[{"@type":"ReadAction","target":["https:\/\/saxbystone.com\/sv\/produkt\/bothnia-blue\/"]}]},{"@type":"ImageObject","inLanguage":"sv-SE","@id":"https:\/\/saxbystone.com\/sv\/produkt\/bothnia-blue\/#primaryimage","url":"https:\/\/saxbystone.com\/wp-content\/uploads\/2024\/10\/Bothnia-Blue-Limestone-e1731400655645.jpg","contentUrl":"https:\/\/saxbystone.com\/wp-content\/uploads\/2024\/10\/Bothnia-Blue-Limestone-e1731400655645.jpg","width":695,"height":500},{"@type":"BreadcrumbList","@id":"https:\/\/saxbystone.com\/sv\/produkt\/bothnia-blue\/#breadcrumb","itemListElement":[{"@type":"ListItem","position":1,"name":"Home","item":"https:\/\/saxbystone.com\/sv\/"},{"@type":"ListItem","position":2,"name":"Stenplattor","item":"https:\/\/saxbystone.com\/stone-tiles\/"},{"@type":"ListItem","position":3,"name":"Bothnia Blue Kalksten"}]},{"@type":"WebSite","@id":"https:\/\/saxbystone.com\/sv\/#website","url":"https:\/\/saxbystone.com\/sv\/","name":"Saxby Stone","description":"Natural stone tiles","publisher":{"@id":"https:\/\/saxbystone.com\/sv\/#organization"},"potentialAction":[{"@type":"SearchAction","target":{"@type":"EntryPoint","urlTemplate":"https:\/\/saxbystone.com\/sv\/?s={search_term_string}"},"query-input":{"@type":"PropertyValueSpecification","valueRequired":true,"valueName":"search_term_string"}}],"inLanguage":"sv-SE"},{"@type":"Organization","@id":"https:\/\/saxbystone.com\/sv\/#organization","name":"Saxby Stone","url":"https:\/\/saxbystone.com\/sv\/","logo":{"@type":"ImageObject","inLanguage":"sv-SE","@id":"https:\/\/saxbystone.com\/sv\/#\/schema\/logo\/image\/","url":"https:\/\/saxbystone.com\/wp-content\/uploads\/2024\/09\/cropped-Saxby-Stone-logo-official-1st.png","contentUrl":"https:\/\/saxbystone.com\/wp-content\/uploads\/2024\/09\/cropped-Saxby-Stone-logo-official-1st.png","width":512,"height":512,"caption":"Saxby Stone"},"image":{"@id":"https:\/\/saxbystone.com\/sv\/#\/schema\/logo\/image\/"},"sameAs":["https:\/\/www.instagram.com\/saxbystone\/"]}]}},"_links":{"self":[{"href":"https:\/\/saxbystone.com\/sv\/wp-json\/wp\/v2\/product\/3066","targetHints":{"allow":["GET"]}}],"collection":[{"href":"https:\/\/saxbystone.com\/sv\/wp-json\/wp\/v2\/product"}],"about":[{"href":"https:\/\/saxbystone.com\/sv\/wp-json\/wp\/v2\/types\/product"}],"wp:featuredmedia":[{"embeddable":true,"href":"https:\/\/saxbystone.com\/sv\/wp-json\/wp\/v2\/media\/3080"}],"wp:attachment":[{"href":"https:\/\/saxbystone.com\/sv\/wp-json\/wp\/v2\/media?parent=3066"}],"wp:term":[{"taxonomy":"product_brand","embeddable":true,"href":"https:\/\/saxbystone.com\/sv\/wp-json\/wp\/v2\/product_brand?post=3066"},{"taxonomy":"product_cat","embeddable":true,"href":"https:\/\/saxbystone.com\/sv\/wp-json\/wp\/v2\/product_cat?post=3066"},{"taxonomy":"product_tag","embeddable":true,"href":"https:\/\/saxbystone.com\/sv\/wp-json\/wp\/v2\/product_tag?post=3066"}],"curies":[{"name":"wp","href":"https:\/\/api.w.org\/{rel}","templated":true}]}}