{"id":3036,"date":"2024-10-25T15:31:57","date_gmt":"2024-10-25T12:31:57","guid":{"rendered":"https:\/\/saxbystone.com\/?post_type=product&#038;p=3036"},"modified":"2026-04-09T08:27:18","modified_gmt":"2026-04-09T05:27:18","slug":"moleanos-blue","status":"publish","type":"product","link":"https:\/\/saxbystone.com\/sv\/produkt\/moleanos-blue\/","title":{"rendered":"Moleanos Blue Kalksten"},"content":{"rendered":"","protected":false},"excerpt":{"rendered":"<p class=\"has-medium-font-size\">Moleanos Blues ljusgr\u00e5 och bl\u00e5aktiga f\u00e4rger uppskattas h\u00f6gt av arkitekter och inredningsarkitekter i Skandinavien som str\u00e4var efter en modern minimalistisk stil. Fossiler fr\u00e5n sn\u00e4ckskal ger en tydlig karakt\u00e4r till den h\u00e4r kalkstenen som ofta anv\u00e4nds som golvplattor och f\u00f6nsterb\u00e4nkar.<\/p>\n<p class=\"has-medium-font-size\">Plattor med slipad ytfinish och rak s\u00e5gad kant passar utm\u00e4rkt till moderna, tidstypiska villor och l\u00e4genheter. Tack vare sin utm\u00e4rkta slitstyrka och l\u00e5nga livsl\u00e4ngd visar den h\u00e4r naturstenen inga tecken p\u00e5 \u00e5ldrande eller allm\u00e4nt slitage ens efter m\u00e5nga \u00e5rs anv\u00e4ndning.<\/p>\n<p>Den finns att k\u00f6pa med slipad och borstad ytfinish.<\/p>\n<p><em>V\u00e4lj kakelstorlek f\u00f6r att se priset. Fri frakt vid best\u00e4llningar \u00f6ver 25 m<sup>2<\/sup>.<\/em><\/p>\n","protected":false},"featured_media":3050,"template":"","meta":{"_acf_changed":false},"product_brand":[],"product_cat":[88,54,78],"product_tag":[],"class_list":{"0":"post-3036","1":"product","2":"type-product","3":"status-publish","4":"has-post-thumbnail","6":"product_cat-alla-plattor","7":"product_cat-golv-och-vaggplattor","8":"product_cat-arbetsytor-fonsterbrador","10":"first","11":"instock","12":"shipping-taxable","13":"purchasable","14":"product-type-variable","15":"add-to-wishlist-after_add_to_cart"},"acf":[],"yoast_head":"<!-- This site is optimized with the Yoast SEO plugin v26.4 - https:\/\/yoast.com\/wordpress\/plugins\/seo\/ -->\n<title>Moleanos Blue Kalksten - Saxby Stone<\/title>\n<meta name=\"robots\" content=\"index, follow, max-snippet:-1, max-image-preview:large, max-video-preview:-1\" \/>\n<link rel=\"canonical\" href=\"https:\/\/saxbystone.com\/sv\/produkt\/moleanos-blue\/\" \/>\n<meta property=\"og:locale\" content=\"sv_SE\" \/>\n<meta property=\"og:type\" content=\"article\" \/>\n<meta property=\"og:title\" content=\"Moleanos Blue Kalksten - Saxby Stone\" \/>\n<meta property=\"og:description\" content=\"Moleanos Blues ljusgr\u00e5 och bl\u00e5aktiga f\u00e4rger uppskattas h\u00f6gt av arkitekter och inredningsarkitekter i Skandinavien som str\u00e4var efter en modern minimalistisk stil. Fossiler fr\u00e5n sn\u00e4ckskal ger en tydlig karakt\u00e4r till den h\u00e4r kalkstenen som ofta anv\u00e4nds som golvplattor och f\u00f6nsterb\u00e4nkar. Plattor med slipad ytfinish och rak s\u00e5gad kant passar utm\u00e4rkt till moderna, tidstypiska villor och l\u00e4genheter. Tack vare sin utm\u00e4rkta slitstyrka och l\u00e5nga livsl\u00e4ngd visar den h\u00e4r naturstenen inga tecken p\u00e5 \u00e5ldrande eller allm\u00e4nt slitage ens efter m\u00e5nga \u00e5rs anv\u00e4ndning. Den finns att k\u00f6pa med slipad och borstad ytfinish.  V\u00e4lj kakelstorlek f\u00f6r att se priset. Fri frakt vid best\u00e4llningar \u00f6ver 25 m2.\" \/>\n<meta property=\"og:url\" content=\"https:\/\/saxbystone.com\/sv\/produkt\/moleanos-blue\/\" \/>\n<meta property=\"og:site_name\" content=\"Saxby Stone\" \/>\n<meta property=\"article:modified_time\" content=\"2026-04-09T05:27:18+00:00\" \/>\n<meta property=\"og:image\" content=\"https:\/\/saxbystone.com\/wp-content\/uploads\/2024\/10\/Moleanos-Blue-Limestone.jpg\" \/>\n\t<meta property=\"og:image:width\" content=\"900\" \/>\n\t<meta property=\"og:image:height\" content=\"600\" \/>\n\t<meta property=\"og:image:type\" content=\"image\/jpeg\" \/>\n<meta name=\"twitter:card\" content=\"summary_large_image\" \/>\n<meta name=\"twitter:label1\" content=\"Ber\u00e4knad l\u00e4stid\" \/>\n\t<meta name=\"twitter:data1\" content=\"1 minut\" \/>\n<script type=\"application\/ld+json\" class=\"yoast-schema-graph\">{\"@context\":\"https:\/\/schema.org\",\"@graph\":[{\"@type\":\"WebPage\",\"@id\":\"https:\/\/saxbystone.com\/sv\/produkt\/moleanos-blue\/\",\"url\":\"https:\/\/saxbystone.com\/sv\/produkt\/moleanos-blue\/\",\"name\":\"Moleanos Blue Kalksten - Saxby Stone\",\"isPartOf\":{\"@id\":\"https:\/\/saxbystone.com\/sv\/#website\"},\"primaryImageOfPage\":{\"@id\":\"https:\/\/saxbystone.com\/sv\/produkt\/moleanos-blue\/#primaryimage\"},\"image\":{\"@id\":\"https:\/\/saxbystone.com\/sv\/produkt\/moleanos-blue\/#primaryimage\"},\"thumbnailUrl\":\"https:\/\/saxbystone.com\/wp-content\/uploads\/2024\/10\/Moleanos-Blue-Limestone.jpg\",\"datePublished\":\"2024-10-25T12:31:57+00:00\",\"dateModified\":\"2026-04-09T05:27:18+00:00\",\"breadcrumb\":{\"@id\":\"https:\/\/saxbystone.com\/sv\/produkt\/moleanos-blue\/#breadcrumb\"},\"inLanguage\":\"sv-SE\",\"potentialAction\":[{\"@type\":\"ReadAction\",\"target\":[\"https:\/\/saxbystone.com\/sv\/produkt\/moleanos-blue\/\"]}]},{\"@type\":\"ImageObject\",\"inLanguage\":\"sv-SE\",\"@id\":\"https:\/\/saxbystone.com\/sv\/produkt\/moleanos-blue\/#primaryimage\",\"url\":\"https:\/\/saxbystone.com\/wp-content\/uploads\/2024\/10\/Moleanos-Blue-Limestone.jpg\",\"contentUrl\":\"https:\/\/saxbystone.com\/wp-content\/uploads\/2024\/10\/Moleanos-Blue-Limestone.jpg\",\"width\":900,\"height\":600},{\"@type\":\"BreadcrumbList\",\"@id\":\"https:\/\/saxbystone.com\/sv\/produkt\/moleanos-blue\/#breadcrumb\",\"itemListElement\":[{\"@type\":\"ListItem\",\"position\":1,\"name\":\"Home\",\"item\":\"https:\/\/saxbystone.com\/sv\/\"},{\"@type\":\"ListItem\",\"position\":2,\"name\":\"Stenplattor\",\"item\":\"https:\/\/saxbystone.com\/stone-tiles\/\"},{\"@type\":\"ListItem\",\"position\":3,\"name\":\"Moleanos Blue Kalksten\"}]},{\"@type\":\"WebSite\",\"@id\":\"https:\/\/saxbystone.com\/sv\/#website\",\"url\":\"https:\/\/saxbystone.com\/sv\/\",\"name\":\"Saxby Stone\",\"description\":\"Natural stone tiles\",\"publisher\":{\"@id\":\"https:\/\/saxbystone.com\/sv\/#organization\"},\"potentialAction\":[{\"@type\":\"SearchAction\",\"target\":{\"@type\":\"EntryPoint\",\"urlTemplate\":\"https:\/\/saxbystone.com\/sv\/?s={search_term_string}\"},\"query-input\":{\"@type\":\"PropertyValueSpecification\",\"valueRequired\":true,\"valueName\":\"search_term_string\"}}],\"inLanguage\":\"sv-SE\"},{\"@type\":\"Organization\",\"@id\":\"https:\/\/saxbystone.com\/sv\/#organization\",\"name\":\"Saxby Stone\",\"url\":\"https:\/\/saxbystone.com\/sv\/\",\"logo\":{\"@type\":\"ImageObject\",\"inLanguage\":\"sv-SE\",\"@id\":\"https:\/\/saxbystone.com\/sv\/#\/schema\/logo\/image\/\",\"url\":\"https:\/\/saxbystone.com\/wp-content\/uploads\/2024\/09\/cropped-Saxby-Stone-logo-official-1st.png\",\"contentUrl\":\"https:\/\/saxbystone.com\/wp-content\/uploads\/2024\/09\/cropped-Saxby-Stone-logo-official-1st.png\",\"width\":512,\"height\":512,\"caption\":\"Saxby Stone\"},\"image\":{\"@id\":\"https:\/\/saxbystone.com\/sv\/#\/schema\/logo\/image\/\"},\"sameAs\":[\"https:\/\/www.instagram.com\/saxbystone\/\"]}]}<\/script>\n<!-- \/ Yoast SEO plugin. -->","yoast_head_json":{"title":"Moleanos Blue Kalksten - Saxby Stone","robots":{"index":"index","follow":"follow","max-snippet":"max-snippet:-1","max-image-preview":"max-image-preview:large","max-video-preview":"max-video-preview:-1"},"canonical":"https:\/\/saxbystone.com\/sv\/produkt\/moleanos-blue\/","og_locale":"sv_SE","og_type":"article","og_title":"Moleanos Blue Kalksten - Saxby Stone","og_description":"Moleanos Blues ljusgr\u00e5 och bl\u00e5aktiga f\u00e4rger uppskattas h\u00f6gt av arkitekter och inredningsarkitekter i Skandinavien som str\u00e4var efter en modern minimalistisk stil. Fossiler fr\u00e5n sn\u00e4ckskal ger en tydlig karakt\u00e4r till den h\u00e4r kalkstenen som ofta anv\u00e4nds som golvplattor och f\u00f6nsterb\u00e4nkar. Plattor med slipad ytfinish och rak s\u00e5gad kant passar utm\u00e4rkt till moderna, tidstypiska villor och l\u00e4genheter. Tack vare sin utm\u00e4rkta slitstyrka och l\u00e5nga livsl\u00e4ngd visar den h\u00e4r naturstenen inga tecken p\u00e5 \u00e5ldrande eller allm\u00e4nt slitage ens efter m\u00e5nga \u00e5rs anv\u00e4ndning. Den finns att k\u00f6pa med slipad och borstad ytfinish.  V\u00e4lj kakelstorlek f\u00f6r att se priset. Fri frakt vid best\u00e4llningar \u00f6ver 25 m2.","og_url":"https:\/\/saxbystone.com\/sv\/produkt\/moleanos-blue\/","og_site_name":"Saxby Stone","article_modified_time":"2026-04-09T05:27:18+00:00","og_image":[{"width":900,"height":600,"url":"https:\/\/saxbystone.com\/wp-content\/uploads\/2024\/10\/Moleanos-Blue-Limestone.jpg","type":"image\/jpeg"}],"twitter_card":"summary_large_image","twitter_misc":{"Ber\u00e4knad l\u00e4stid":"1 minut"},"schema":{"@context":"https:\/\/schema.org","@graph":[{"@type":"WebPage","@id":"https:\/\/saxbystone.com\/sv\/produkt\/moleanos-blue\/","url":"https:\/\/saxbystone.com\/sv\/produkt\/moleanos-blue\/","name":"Moleanos Blue Kalksten - Saxby Stone","isPartOf":{"@id":"https:\/\/saxbystone.com\/sv\/#website"},"primaryImageOfPage":{"@id":"https:\/\/saxbystone.com\/sv\/produkt\/moleanos-blue\/#primaryimage"},"image":{"@id":"https:\/\/saxbystone.com\/sv\/produkt\/moleanos-blue\/#primaryimage"},"thumbnailUrl":"https:\/\/saxbystone.com\/wp-content\/uploads\/2024\/10\/Moleanos-Blue-Limestone.jpg","datePublished":"2024-10-25T12:31:57+00:00","dateModified":"2026-04-09T05:27:18+00:00","breadcrumb":{"@id":"https:\/\/saxbystone.com\/sv\/produkt\/moleanos-blue\/#breadcrumb"},"inLanguage":"sv-SE","potentialAction":[{"@type":"ReadAction","target":["https:\/\/saxbystone.com\/sv\/produkt\/moleanos-blue\/"]}]},{"@type":"ImageObject","inLanguage":"sv-SE","@id":"https:\/\/saxbystone.com\/sv\/produkt\/moleanos-blue\/#primaryimage","url":"https:\/\/saxbystone.com\/wp-content\/uploads\/2024\/10\/Moleanos-Blue-Limestone.jpg","contentUrl":"https:\/\/saxbystone.com\/wp-content\/uploads\/2024\/10\/Moleanos-Blue-Limestone.jpg","width":900,"height":600},{"@type":"BreadcrumbList","@id":"https:\/\/saxbystone.com\/sv\/produkt\/moleanos-blue\/#breadcrumb","itemListElement":[{"@type":"ListItem","position":1,"name":"Home","item":"https:\/\/saxbystone.com\/sv\/"},{"@type":"ListItem","position":2,"name":"Stenplattor","item":"https:\/\/saxbystone.com\/stone-tiles\/"},{"@type":"ListItem","position":3,"name":"Moleanos Blue Kalksten"}]},{"@type":"WebSite","@id":"https:\/\/saxbystone.com\/sv\/#website","url":"https:\/\/saxbystone.com\/sv\/","name":"Saxby Stone","description":"Natural stone tiles","publisher":{"@id":"https:\/\/saxbystone.com\/sv\/#organization"},"potentialAction":[{"@type":"SearchAction","target":{"@type":"EntryPoint","urlTemplate":"https:\/\/saxbystone.com\/sv\/?s={search_term_string}"},"query-input":{"@type":"PropertyValueSpecification","valueRequired":true,"valueName":"search_term_string"}}],"inLanguage":"sv-SE"},{"@type":"Organization","@id":"https:\/\/saxbystone.com\/sv\/#organization","name":"Saxby Stone","url":"https:\/\/saxbystone.com\/sv\/","logo":{"@type":"ImageObject","inLanguage":"sv-SE","@id":"https:\/\/saxbystone.com\/sv\/#\/schema\/logo\/image\/","url":"https:\/\/saxbystone.com\/wp-content\/uploads\/2024\/09\/cropped-Saxby-Stone-logo-official-1st.png","contentUrl":"https:\/\/saxbystone.com\/wp-content\/uploads\/2024\/09\/cropped-Saxby-Stone-logo-official-1st.png","width":512,"height":512,"caption":"Saxby Stone"},"image":{"@id":"https:\/\/saxbystone.com\/sv\/#\/schema\/logo\/image\/"},"sameAs":["https:\/\/www.instagram.com\/saxbystone\/"]}]}},"_links":{"self":[{"href":"https:\/\/saxbystone.com\/sv\/wp-json\/wp\/v2\/product\/3036","targetHints":{"allow":["GET"]}}],"collection":[{"href":"https:\/\/saxbystone.com\/sv\/wp-json\/wp\/v2\/product"}],"about":[{"href":"https:\/\/saxbystone.com\/sv\/wp-json\/wp\/v2\/types\/product"}],"wp:featuredmedia":[{"embeddable":true,"href":"https:\/\/saxbystone.com\/sv\/wp-json\/wp\/v2\/media\/3050"}],"wp:attachment":[{"href":"https:\/\/saxbystone.com\/sv\/wp-json\/wp\/v2\/media?parent=3036"}],"wp:term":[{"taxonomy":"product_brand","embeddable":true,"href":"https:\/\/saxbystone.com\/sv\/wp-json\/wp\/v2\/product_brand?post=3036"},{"taxonomy":"product_cat","embeddable":true,"href":"https:\/\/saxbystone.com\/sv\/wp-json\/wp\/v2\/product_cat?post=3036"},{"taxonomy":"product_tag","embeddable":true,"href":"https:\/\/saxbystone.com\/sv\/wp-json\/wp\/v2\/product_tag?post=3036"}],"curies":[{"name":"wp","href":"https:\/\/api.w.org\/{rel}","templated":true}]}}