{"id":2985,"date":"2024-10-25T15:00:21","date_gmt":"2024-10-25T12:00:21","guid":{"rendered":"https:\/\/saxbystone.com\/?post_type=product&#038;p=2985"},"modified":"2026-02-27T08:46:11","modified_gmt":"2026-02-27T06:46:11","slug":"soderby","status":"publish","type":"product","link":"https:\/\/saxbystone.com\/sv\/produkt\/soderby\/","title":{"rendered":"S\u00f6derby Kalksten"},"content":{"rendered":"","protected":false},"excerpt":{"rendered":"<p>V\u00e5ra S\u00f6derby kalkstensplattor med tumlad ytfinish \u00e4r ett popul\u00e4rt val tack vare deras gr\u00e4ddf\u00e4rgade fossilm\u00f6nster och rustika \u00e5dring som ger golvet ett tidl\u00f6st utseende. Ett perfekt val till lantk\u00f6k eller allm\u00e4nna bostadsutrymmen.<\/p>\n<p>De ljusbeige f\u00e4rgtonerna maximerar det naturliga ljuset, vilket ger vardagsrum och k\u00f6k en \u00f6ppnare k\u00e4nsla och g\u00f6r v\u00e5ra korta vinterdagar mysigare och mindre gr\u00e5.<\/p>\n<p>Den finns att k\u00f6pa med tumlad ytfinish.<\/p>\n<p><em>V\u00e4lj kakelstorlek f\u00f6r att se priset. Fri frakt vid best\u00e4llningar \u00f6ver 25 m<sup>2<\/sup>. Dessa priser g\u00e4ller f\u00f6r svenska f\u00f6retag. F\u00f6r plattor fr\u00e5n v\u00e5rt lager i Storbritannien tillkommer en ytterligare kostnad f\u00f6r privata kunder p\u00e5 grund av tullregler.<\/em><\/p>\n","protected":false},"featured_media":2991,"template":"","meta":{"_acf_changed":false},"product_brand":[],"product_cat":[88,54],"product_tag":[],"class_list":{"0":"post-2985","1":"product","2":"type-product","3":"status-publish","4":"has-post-thumbnail","6":"product_cat-alla-plattor","7":"product_cat-golv-och-vaggplattor","9":"first","10":"instock","11":"shipping-taxable","12":"purchasable","13":"product-type-variable","14":"add-to-wishlist-after_add_to_cart"},"acf":[],"yoast_head":"<!-- This site is optimized with the Yoast SEO plugin v26.4 - https:\/\/yoast.com\/wordpress\/plugins\/seo\/ -->\n<title>S\u00f6derby Kalksten - Saxby Stone<\/title>\n<meta name=\"robots\" content=\"index, follow, max-snippet:-1, max-image-preview:large, max-video-preview:-1\" \/>\n<link rel=\"canonical\" href=\"https:\/\/saxbystone.com\/sv\/produkt\/soderby\/\" \/>\n<meta property=\"og:locale\" content=\"sv_SE\" \/>\n<meta property=\"og:type\" content=\"article\" \/>\n<meta property=\"og:title\" content=\"S\u00f6derby Kalksten - Saxby Stone\" \/>\n<meta property=\"og:description\" content=\"V\u00e5ra S\u00f6derby kalkstensplattor med tumlad ytfinish \u00e4r ett popul\u00e4rt val tack vare deras gr\u00e4ddf\u00e4rgade fossilm\u00f6nster och rustika \u00e5dring som ger golvet ett tidl\u00f6st utseende. Ett perfekt val till lantk\u00f6k eller allm\u00e4nna bostadsutrymmen.  De ljusbeige f\u00e4rgtonerna maximerar det naturliga ljuset, vilket ger vardagsrum och k\u00f6k en \u00f6ppnare k\u00e4nsla och g\u00f6r v\u00e5ra korta vinterdagar mysigare och mindre gr\u00e5.  Den finns att k\u00f6pa med tumlad ytfinish.  V\u00e4lj kakelstorlek f\u00f6r att se priset. Fri frakt vid best\u00e4llningar \u00f6ver 25 m2. Dessa priser g\u00e4ller f\u00f6r svenska f\u00f6retag. F\u00f6r plattor fr\u00e5n v\u00e5rt lager i Storbritannien tillkommer en ytterligare kostnad f\u00f6r privata kunder p\u00e5 grund av tullregler.\" \/>\n<meta property=\"og:url\" content=\"https:\/\/saxbystone.com\/sv\/produkt\/soderby\/\" \/>\n<meta property=\"og:site_name\" content=\"Saxby Stone\" \/>\n<meta property=\"article:modified_time\" content=\"2026-02-27T06:46:11+00:00\" \/>\n<meta property=\"og:image\" content=\"https:\/\/saxbystone.com\/wp-content\/uploads\/2024\/10\/Soderby-Limestone-flooring-tiles.jpg\" \/>\n\t<meta property=\"og:image:width\" content=\"720\" \/>\n\t<meta property=\"og:image:height\" content=\"540\" \/>\n\t<meta property=\"og:image:type\" content=\"image\/jpeg\" \/>\n<meta name=\"twitter:card\" content=\"summary_large_image\" \/>\n<meta name=\"twitter:label1\" content=\"Ber\u00e4knad l\u00e4stid\" \/>\n\t<meta name=\"twitter:data1\" content=\"1 minut\" \/>\n<script type=\"application\/ld+json\" class=\"yoast-schema-graph\">{\"@context\":\"https:\/\/schema.org\",\"@graph\":[{\"@type\":\"WebPage\",\"@id\":\"https:\/\/saxbystone.com\/sv\/produkt\/soderby\/\",\"url\":\"https:\/\/saxbystone.com\/sv\/produkt\/soderby\/\",\"name\":\"S\u00f6derby Kalksten - Saxby Stone\",\"isPartOf\":{\"@id\":\"https:\/\/saxbystone.com\/sv\/#website\"},\"primaryImageOfPage\":{\"@id\":\"https:\/\/saxbystone.com\/sv\/produkt\/soderby\/#primaryimage\"},\"image\":{\"@id\":\"https:\/\/saxbystone.com\/sv\/produkt\/soderby\/#primaryimage\"},\"thumbnailUrl\":\"https:\/\/saxbystone.com\/wp-content\/uploads\/2024\/10\/Soderby-Limestone-flooring-tiles.jpg\",\"datePublished\":\"2024-10-25T12:00:21+00:00\",\"dateModified\":\"2026-02-27T06:46:11+00:00\",\"breadcrumb\":{\"@id\":\"https:\/\/saxbystone.com\/sv\/produkt\/soderby\/#breadcrumb\"},\"inLanguage\":\"sv-SE\",\"potentialAction\":[{\"@type\":\"ReadAction\",\"target\":[\"https:\/\/saxbystone.com\/sv\/produkt\/soderby\/\"]}]},{\"@type\":\"ImageObject\",\"inLanguage\":\"sv-SE\",\"@id\":\"https:\/\/saxbystone.com\/sv\/produkt\/soderby\/#primaryimage\",\"url\":\"https:\/\/saxbystone.com\/wp-content\/uploads\/2024\/10\/Soderby-Limestone-flooring-tiles.jpg\",\"contentUrl\":\"https:\/\/saxbystone.com\/wp-content\/uploads\/2024\/10\/Soderby-Limestone-flooring-tiles.jpg\",\"width\":720,\"height\":540},{\"@type\":\"BreadcrumbList\",\"@id\":\"https:\/\/saxbystone.com\/sv\/produkt\/soderby\/#breadcrumb\",\"itemListElement\":[{\"@type\":\"ListItem\",\"position\":1,\"name\":\"Home\",\"item\":\"https:\/\/saxbystone.com\/sv\/\"},{\"@type\":\"ListItem\",\"position\":2,\"name\":\"Stenplattor\",\"item\":\"https:\/\/saxbystone.com\/stone-tiles\/\"},{\"@type\":\"ListItem\",\"position\":3,\"name\":\"S\u00f6derby Kalksten\"}]},{\"@type\":\"WebSite\",\"@id\":\"https:\/\/saxbystone.com\/sv\/#website\",\"url\":\"https:\/\/saxbystone.com\/sv\/\",\"name\":\"Saxby Stone\",\"description\":\"Natural stone tiles\",\"publisher\":{\"@id\":\"https:\/\/saxbystone.com\/sv\/#organization\"},\"potentialAction\":[{\"@type\":\"SearchAction\",\"target\":{\"@type\":\"EntryPoint\",\"urlTemplate\":\"https:\/\/saxbystone.com\/sv\/?s={search_term_string}\"},\"query-input\":{\"@type\":\"PropertyValueSpecification\",\"valueRequired\":true,\"valueName\":\"search_term_string\"}}],\"inLanguage\":\"sv-SE\"},{\"@type\":\"Organization\",\"@id\":\"https:\/\/saxbystone.com\/sv\/#organization\",\"name\":\"Saxby Stone\",\"url\":\"https:\/\/saxbystone.com\/sv\/\",\"logo\":{\"@type\":\"ImageObject\",\"inLanguage\":\"sv-SE\",\"@id\":\"https:\/\/saxbystone.com\/sv\/#\/schema\/logo\/image\/\",\"url\":\"https:\/\/saxbystone.com\/wp-content\/uploads\/2024\/09\/cropped-Saxby-Stone-logo-official-1st.png\",\"contentUrl\":\"https:\/\/saxbystone.com\/wp-content\/uploads\/2024\/09\/cropped-Saxby-Stone-logo-official-1st.png\",\"width\":512,\"height\":512,\"caption\":\"Saxby Stone\"},\"image\":{\"@id\":\"https:\/\/saxbystone.com\/sv\/#\/schema\/logo\/image\/\"},\"sameAs\":[\"https:\/\/www.instagram.com\/saxbystone\/\"]}]}<\/script>\n<!-- \/ Yoast SEO plugin. -->","yoast_head_json":{"title":"S\u00f6derby Kalksten - Saxby Stone","robots":{"index":"index","follow":"follow","max-snippet":"max-snippet:-1","max-image-preview":"max-image-preview:large","max-video-preview":"max-video-preview:-1"},"canonical":"https:\/\/saxbystone.com\/sv\/produkt\/soderby\/","og_locale":"sv_SE","og_type":"article","og_title":"S\u00f6derby Kalksten - Saxby Stone","og_description":"V\u00e5ra S\u00f6derby kalkstensplattor med tumlad ytfinish \u00e4r ett popul\u00e4rt val tack vare deras gr\u00e4ddf\u00e4rgade fossilm\u00f6nster och rustika \u00e5dring som ger golvet ett tidl\u00f6st utseende. Ett perfekt val till lantk\u00f6k eller allm\u00e4nna bostadsutrymmen.  De ljusbeige f\u00e4rgtonerna maximerar det naturliga ljuset, vilket ger vardagsrum och k\u00f6k en \u00f6ppnare k\u00e4nsla och g\u00f6r v\u00e5ra korta vinterdagar mysigare och mindre gr\u00e5.  Den finns att k\u00f6pa med tumlad ytfinish.  V\u00e4lj kakelstorlek f\u00f6r att se priset. Fri frakt vid best\u00e4llningar \u00f6ver 25 m2. Dessa priser g\u00e4ller f\u00f6r svenska f\u00f6retag. F\u00f6r plattor fr\u00e5n v\u00e5rt lager i Storbritannien tillkommer en ytterligare kostnad f\u00f6r privata kunder p\u00e5 grund av tullregler.","og_url":"https:\/\/saxbystone.com\/sv\/produkt\/soderby\/","og_site_name":"Saxby Stone","article_modified_time":"2026-02-27T06:46:11+00:00","og_image":[{"width":720,"height":540,"url":"https:\/\/saxbystone.com\/wp-content\/uploads\/2024\/10\/Soderby-Limestone-flooring-tiles.jpg","type":"image\/jpeg"}],"twitter_card":"summary_large_image","twitter_misc":{"Ber\u00e4knad l\u00e4stid":"1 minut"},"schema":{"@context":"https:\/\/schema.org","@graph":[{"@type":"WebPage","@id":"https:\/\/saxbystone.com\/sv\/produkt\/soderby\/","url":"https:\/\/saxbystone.com\/sv\/produkt\/soderby\/","name":"S\u00f6derby Kalksten - Saxby Stone","isPartOf":{"@id":"https:\/\/saxbystone.com\/sv\/#website"},"primaryImageOfPage":{"@id":"https:\/\/saxbystone.com\/sv\/produkt\/soderby\/#primaryimage"},"image":{"@id":"https:\/\/saxbystone.com\/sv\/produkt\/soderby\/#primaryimage"},"thumbnailUrl":"https:\/\/saxbystone.com\/wp-content\/uploads\/2024\/10\/Soderby-Limestone-flooring-tiles.jpg","datePublished":"2024-10-25T12:00:21+00:00","dateModified":"2026-02-27T06:46:11+00:00","breadcrumb":{"@id":"https:\/\/saxbystone.com\/sv\/produkt\/soderby\/#breadcrumb"},"inLanguage":"sv-SE","potentialAction":[{"@type":"ReadAction","target":["https:\/\/saxbystone.com\/sv\/produkt\/soderby\/"]}]},{"@type":"ImageObject","inLanguage":"sv-SE","@id":"https:\/\/saxbystone.com\/sv\/produkt\/soderby\/#primaryimage","url":"https:\/\/saxbystone.com\/wp-content\/uploads\/2024\/10\/Soderby-Limestone-flooring-tiles.jpg","contentUrl":"https:\/\/saxbystone.com\/wp-content\/uploads\/2024\/10\/Soderby-Limestone-flooring-tiles.jpg","width":720,"height":540},{"@type":"BreadcrumbList","@id":"https:\/\/saxbystone.com\/sv\/produkt\/soderby\/#breadcrumb","itemListElement":[{"@type":"ListItem","position":1,"name":"Home","item":"https:\/\/saxbystone.com\/sv\/"},{"@type":"ListItem","position":2,"name":"Stenplattor","item":"https:\/\/saxbystone.com\/stone-tiles\/"},{"@type":"ListItem","position":3,"name":"S\u00f6derby Kalksten"}]},{"@type":"WebSite","@id":"https:\/\/saxbystone.com\/sv\/#website","url":"https:\/\/saxbystone.com\/sv\/","name":"Saxby Stone","description":"Natural stone tiles","publisher":{"@id":"https:\/\/saxbystone.com\/sv\/#organization"},"potentialAction":[{"@type":"SearchAction","target":{"@type":"EntryPoint","urlTemplate":"https:\/\/saxbystone.com\/sv\/?s={search_term_string}"},"query-input":{"@type":"PropertyValueSpecification","valueRequired":true,"valueName":"search_term_string"}}],"inLanguage":"sv-SE"},{"@type":"Organization","@id":"https:\/\/saxbystone.com\/sv\/#organization","name":"Saxby Stone","url":"https:\/\/saxbystone.com\/sv\/","logo":{"@type":"ImageObject","inLanguage":"sv-SE","@id":"https:\/\/saxbystone.com\/sv\/#\/schema\/logo\/image\/","url":"https:\/\/saxbystone.com\/wp-content\/uploads\/2024\/09\/cropped-Saxby-Stone-logo-official-1st.png","contentUrl":"https:\/\/saxbystone.com\/wp-content\/uploads\/2024\/09\/cropped-Saxby-Stone-logo-official-1st.png","width":512,"height":512,"caption":"Saxby Stone"},"image":{"@id":"https:\/\/saxbystone.com\/sv\/#\/schema\/logo\/image\/"},"sameAs":["https:\/\/www.instagram.com\/saxbystone\/"]}]}},"_links":{"self":[{"href":"https:\/\/saxbystone.com\/sv\/wp-json\/wp\/v2\/product\/2985","targetHints":{"allow":["GET"]}}],"collection":[{"href":"https:\/\/saxbystone.com\/sv\/wp-json\/wp\/v2\/product"}],"about":[{"href":"https:\/\/saxbystone.com\/sv\/wp-json\/wp\/v2\/types\/product"}],"wp:featuredmedia":[{"embeddable":true,"href":"https:\/\/saxbystone.com\/sv\/wp-json\/wp\/v2\/media\/2991"}],"wp:attachment":[{"href":"https:\/\/saxbystone.com\/sv\/wp-json\/wp\/v2\/media?parent=2985"}],"wp:term":[{"taxonomy":"product_brand","embeddable":true,"href":"https:\/\/saxbystone.com\/sv\/wp-json\/wp\/v2\/product_brand?post=2985"},{"taxonomy":"product_cat","embeddable":true,"href":"https:\/\/saxbystone.com\/sv\/wp-json\/wp\/v2\/product_cat?post=2985"},{"taxonomy":"product_tag","embeddable":true,"href":"https:\/\/saxbystone.com\/sv\/wp-json\/wp\/v2\/product_tag?post=2985"}],"curies":[{"name":"wp","href":"https:\/\/api.w.org\/{rel}","templated":true}]}}