{"id":2875,"date":"2024-10-25T14:13:00","date_gmt":"2024-10-25T11:13:00","guid":{"rendered":"https:\/\/saxbystone.com\/?post_type=product&#038;p=2875"},"modified":"2025-12-04T10:29:26","modified_gmt":"2025-12-04T08:29:26","slug":"gotland-gra","status":"publish","type":"product","link":"https:\/\/saxbystone.com\/sv\/produkt\/gotland-gra\/","title":{"rendered":"Gotland Grey Kalksten"},"content":{"rendered":"","protected":false},"excerpt":{"rendered":"<p>Kalkstenen Gotland Grey, som bryts fr\u00e5n ett berglager som l\u00f6per under \u00d6stersj\u00f6n fr\u00e5n Gotland till \u00d6sel i Estland, har enast\u00e5ende frostbest\u00e4ndighet och anv\u00e4nds d\u00e4rf\u00f6r oftast som terrass- och fasadplattor.<\/p>\n<p>Plattor i Gotland Grey kalksten passar perfekt till poolmilj\u00f6er och solterrasser d\u00e4r stenens naturliga gr\u00e5 och beige f\u00e4rgtoner sm\u00e4lter s\u00f6ml\u00f6st in i den naturliga milj\u00f6n.<\/p>\n<p>Den finns att k\u00f6pa med slipad och borstad ytfinish.<\/p>\n<p><em>V\u00e4lj kakelstorlek f\u00f6r att se priset. Fri frakt vid best\u00e4llningar \u00f6ver 25 m<sup>2<\/sup>. <i><span lang=\"SV\">Rabatt p\u00e5 best\u00e4llningar \u00f6ver 100 m<sup>2<\/sup><\/span><\/i>.<\/em><\/p>\n","protected":false},"featured_media":6323,"template":"","meta":{"_acf_changed":false},"product_brand":[],"product_cat":[88,54,69,75],"product_tag":[],"class_list":{"0":"post-2875","1":"product","2":"type-product","3":"status-publish","4":"has-post-thumbnail","6":"product_cat-alla-plattor","7":"product_cat-golv-och-vaggplattor","8":"product_cat-fasadsten","9":"product_cat-belaggningssten","11":"first","12":"instock","13":"shipping-taxable","14":"purchasable","15":"product-type-variable","16":"add-to-wishlist-after_add_to_cart"},"acf":[],"yoast_head":"<!-- This site is optimized with the Yoast SEO plugin v26.4 - https:\/\/yoast.com\/wordpress\/plugins\/seo\/ -->\n<title>Gotland Grey Kalksten - Saxby Stone<\/title>\n<meta name=\"description\" content=\"Quarried from a seam of rock that runs from Gotland to Saaremaa in Estonia\" \/>\n<meta name=\"robots\" content=\"index, follow, max-snippet:-1, max-image-preview:large, max-video-preview:-1\" \/>\n<link rel=\"canonical\" href=\"https:\/\/saxbystone.com\/sv\/produkt\/gotland-gra\/\" \/>\n<meta property=\"og:locale\" content=\"sv_SE\" \/>\n<meta property=\"og:type\" content=\"article\" \/>\n<meta property=\"og:title\" content=\"Gotland Grey Kalksten - Saxby Stone\" \/>\n<meta property=\"og:description\" content=\"Quarried from a seam of rock that runs from Gotland to Saaremaa in Estonia\" \/>\n<meta property=\"og:url\" content=\"https:\/\/saxbystone.com\/sv\/produkt\/gotland-gra\/\" \/>\n<meta property=\"og:site_name\" content=\"Saxby Stone\" \/>\n<meta property=\"article:modified_time\" content=\"2025-12-04T08:29:26+00:00\" \/>\n<meta property=\"og:image\" content=\"https:\/\/saxbystone.com\/wp-content\/uploads\/2025\/03\/Noblessner-Residential-Tallinn-Estonia-5.jpg\" \/>\n\t<meta property=\"og:image:width\" content=\"2435\" \/>\n\t<meta property=\"og:image:height\" content=\"1826\" \/>\n\t<meta property=\"og:image:type\" content=\"image\/jpeg\" \/>\n<meta name=\"twitter:card\" content=\"summary_large_image\" \/>\n<meta name=\"twitter:label1\" content=\"Ber\u00e4knad l\u00e4stid\" \/>\n\t<meta name=\"twitter:data1\" content=\"1 minut\" \/>\n<script type=\"application\/ld+json\" class=\"yoast-schema-graph\">{\"@context\":\"https:\/\/schema.org\",\"@graph\":[{\"@type\":\"WebPage\",\"@id\":\"https:\/\/saxbystone.com\/sv\/produkt\/gotland-gra\/\",\"url\":\"https:\/\/saxbystone.com\/sv\/produkt\/gotland-gra\/\",\"name\":\"Gotland Grey Kalksten - Saxby Stone\",\"isPartOf\":{\"@id\":\"https:\/\/saxbystone.com\/sv\/#website\"},\"primaryImageOfPage\":{\"@id\":\"https:\/\/saxbystone.com\/sv\/produkt\/gotland-gra\/#primaryimage\"},\"image\":{\"@id\":\"https:\/\/saxbystone.com\/sv\/produkt\/gotland-gra\/#primaryimage\"},\"thumbnailUrl\":\"https:\/\/saxbystone.com\/wp-content\/uploads\/2025\/03\/Noblessner-Residential-Tallinn-Estonia-5.jpg\",\"datePublished\":\"2024-10-25T11:13:00+00:00\",\"dateModified\":\"2025-12-04T08:29:26+00:00\",\"description\":\"Quarried from a seam of rock that runs from Gotland to Saaremaa in Estonia\",\"breadcrumb\":{\"@id\":\"https:\/\/saxbystone.com\/sv\/produkt\/gotland-gra\/#breadcrumb\"},\"inLanguage\":\"sv-SE\",\"potentialAction\":[{\"@type\":\"ReadAction\",\"target\":[\"https:\/\/saxbystone.com\/sv\/produkt\/gotland-gra\/\"]}]},{\"@type\":\"ImageObject\",\"inLanguage\":\"sv-SE\",\"@id\":\"https:\/\/saxbystone.com\/sv\/produkt\/gotland-gra\/#primaryimage\",\"url\":\"https:\/\/saxbystone.com\/wp-content\/uploads\/2025\/03\/Noblessner-Residential-Tallinn-Estonia-5.jpg\",\"contentUrl\":\"https:\/\/saxbystone.com\/wp-content\/uploads\/2025\/03\/Noblessner-Residential-Tallinn-Estonia-5.jpg\",\"width\":2435,\"height\":1826},{\"@type\":\"BreadcrumbList\",\"@id\":\"https:\/\/saxbystone.com\/sv\/produkt\/gotland-gra\/#breadcrumb\",\"itemListElement\":[{\"@type\":\"ListItem\",\"position\":1,\"name\":\"Home\",\"item\":\"https:\/\/saxbystone.com\/sv\/\"},{\"@type\":\"ListItem\",\"position\":2,\"name\":\"Stenplattor\",\"item\":\"https:\/\/saxbystone.com\/stone-tiles\/\"},{\"@type\":\"ListItem\",\"position\":3,\"name\":\"Gotland Grey Kalksten\"}]},{\"@type\":\"WebSite\",\"@id\":\"https:\/\/saxbystone.com\/sv\/#website\",\"url\":\"https:\/\/saxbystone.com\/sv\/\",\"name\":\"Saxby Stone\",\"description\":\"Natural stone tiles\",\"publisher\":{\"@id\":\"https:\/\/saxbystone.com\/sv\/#organization\"},\"potentialAction\":[{\"@type\":\"SearchAction\",\"target\":{\"@type\":\"EntryPoint\",\"urlTemplate\":\"https:\/\/saxbystone.com\/sv\/?s={search_term_string}\"},\"query-input\":{\"@type\":\"PropertyValueSpecification\",\"valueRequired\":true,\"valueName\":\"search_term_string\"}}],\"inLanguage\":\"sv-SE\"},{\"@type\":\"Organization\",\"@id\":\"https:\/\/saxbystone.com\/sv\/#organization\",\"name\":\"Saxby Stone\",\"url\":\"https:\/\/saxbystone.com\/sv\/\",\"logo\":{\"@type\":\"ImageObject\",\"inLanguage\":\"sv-SE\",\"@id\":\"https:\/\/saxbystone.com\/sv\/#\/schema\/logo\/image\/\",\"url\":\"https:\/\/saxbystone.com\/wp-content\/uploads\/2024\/09\/cropped-Saxby-Stone-logo-official-1st.png\",\"contentUrl\":\"https:\/\/saxbystone.com\/wp-content\/uploads\/2024\/09\/cropped-Saxby-Stone-logo-official-1st.png\",\"width\":512,\"height\":512,\"caption\":\"Saxby Stone\"},\"image\":{\"@id\":\"https:\/\/saxbystone.com\/sv\/#\/schema\/logo\/image\/\"},\"sameAs\":[\"https:\/\/www.instagram.com\/saxbystone\/\"]}]}<\/script>\n<!-- \/ Yoast SEO plugin. -->","yoast_head_json":{"title":"Gotland Grey Kalksten - Saxby Stone","description":"Quarried from a seam of rock that runs from Gotland to Saaremaa in Estonia","robots":{"index":"index","follow":"follow","max-snippet":"max-snippet:-1","max-image-preview":"max-image-preview:large","max-video-preview":"max-video-preview:-1"},"canonical":"https:\/\/saxbystone.com\/sv\/produkt\/gotland-gra\/","og_locale":"sv_SE","og_type":"article","og_title":"Gotland Grey Kalksten - Saxby Stone","og_description":"Quarried from a seam of rock that runs from Gotland to Saaremaa in Estonia","og_url":"https:\/\/saxbystone.com\/sv\/produkt\/gotland-gra\/","og_site_name":"Saxby Stone","article_modified_time":"2025-12-04T08:29:26+00:00","og_image":[{"width":2435,"height":1826,"url":"https:\/\/saxbystone.com\/wp-content\/uploads\/2025\/03\/Noblessner-Residential-Tallinn-Estonia-5.jpg","type":"image\/jpeg"}],"twitter_card":"summary_large_image","twitter_misc":{"Ber\u00e4knad l\u00e4stid":"1 minut"},"schema":{"@context":"https:\/\/schema.org","@graph":[{"@type":"WebPage","@id":"https:\/\/saxbystone.com\/sv\/produkt\/gotland-gra\/","url":"https:\/\/saxbystone.com\/sv\/produkt\/gotland-gra\/","name":"Gotland Grey Kalksten - Saxby Stone","isPartOf":{"@id":"https:\/\/saxbystone.com\/sv\/#website"},"primaryImageOfPage":{"@id":"https:\/\/saxbystone.com\/sv\/produkt\/gotland-gra\/#primaryimage"},"image":{"@id":"https:\/\/saxbystone.com\/sv\/produkt\/gotland-gra\/#primaryimage"},"thumbnailUrl":"https:\/\/saxbystone.com\/wp-content\/uploads\/2025\/03\/Noblessner-Residential-Tallinn-Estonia-5.jpg","datePublished":"2024-10-25T11:13:00+00:00","dateModified":"2025-12-04T08:29:26+00:00","description":"Quarried from a seam of rock that runs from Gotland to Saaremaa in Estonia","breadcrumb":{"@id":"https:\/\/saxbystone.com\/sv\/produkt\/gotland-gra\/#breadcrumb"},"inLanguage":"sv-SE","potentialAction":[{"@type":"ReadAction","target":["https:\/\/saxbystone.com\/sv\/produkt\/gotland-gra\/"]}]},{"@type":"ImageObject","inLanguage":"sv-SE","@id":"https:\/\/saxbystone.com\/sv\/produkt\/gotland-gra\/#primaryimage","url":"https:\/\/saxbystone.com\/wp-content\/uploads\/2025\/03\/Noblessner-Residential-Tallinn-Estonia-5.jpg","contentUrl":"https:\/\/saxbystone.com\/wp-content\/uploads\/2025\/03\/Noblessner-Residential-Tallinn-Estonia-5.jpg","width":2435,"height":1826},{"@type":"BreadcrumbList","@id":"https:\/\/saxbystone.com\/sv\/produkt\/gotland-gra\/#breadcrumb","itemListElement":[{"@type":"ListItem","position":1,"name":"Home","item":"https:\/\/saxbystone.com\/sv\/"},{"@type":"ListItem","position":2,"name":"Stenplattor","item":"https:\/\/saxbystone.com\/stone-tiles\/"},{"@type":"ListItem","position":3,"name":"Gotland Grey Kalksten"}]},{"@type":"WebSite","@id":"https:\/\/saxbystone.com\/sv\/#website","url":"https:\/\/saxbystone.com\/sv\/","name":"Saxby Stone","description":"Natural stone tiles","publisher":{"@id":"https:\/\/saxbystone.com\/sv\/#organization"},"potentialAction":[{"@type":"SearchAction","target":{"@type":"EntryPoint","urlTemplate":"https:\/\/saxbystone.com\/sv\/?s={search_term_string}"},"query-input":{"@type":"PropertyValueSpecification","valueRequired":true,"valueName":"search_term_string"}}],"inLanguage":"sv-SE"},{"@type":"Organization","@id":"https:\/\/saxbystone.com\/sv\/#organization","name":"Saxby Stone","url":"https:\/\/saxbystone.com\/sv\/","logo":{"@type":"ImageObject","inLanguage":"sv-SE","@id":"https:\/\/saxbystone.com\/sv\/#\/schema\/logo\/image\/","url":"https:\/\/saxbystone.com\/wp-content\/uploads\/2024\/09\/cropped-Saxby-Stone-logo-official-1st.png","contentUrl":"https:\/\/saxbystone.com\/wp-content\/uploads\/2024\/09\/cropped-Saxby-Stone-logo-official-1st.png","width":512,"height":512,"caption":"Saxby Stone"},"image":{"@id":"https:\/\/saxbystone.com\/sv\/#\/schema\/logo\/image\/"},"sameAs":["https:\/\/www.instagram.com\/saxbystone\/"]}]}},"_links":{"self":[{"href":"https:\/\/saxbystone.com\/sv\/wp-json\/wp\/v2\/product\/2875","targetHints":{"allow":["GET"]}}],"collection":[{"href":"https:\/\/saxbystone.com\/sv\/wp-json\/wp\/v2\/product"}],"about":[{"href":"https:\/\/saxbystone.com\/sv\/wp-json\/wp\/v2\/types\/product"}],"wp:featuredmedia":[{"embeddable":true,"href":"https:\/\/saxbystone.com\/sv\/wp-json\/wp\/v2\/media\/6323"}],"wp:attachment":[{"href":"https:\/\/saxbystone.com\/sv\/wp-json\/wp\/v2\/media?parent=2875"}],"wp:term":[{"taxonomy":"product_brand","embeddable":true,"href":"https:\/\/saxbystone.com\/sv\/wp-json\/wp\/v2\/product_brand?post=2875"},{"taxonomy":"product_cat","embeddable":true,"href":"https:\/\/saxbystone.com\/sv\/wp-json\/wp\/v2\/product_cat?post=2875"},{"taxonomy":"product_tag","embeddable":true,"href":"https:\/\/saxbystone.com\/sv\/wp-json\/wp\/v2\/product_tag?post=2875"}],"curies":[{"name":"wp","href":"https:\/\/api.w.org\/{rel}","templated":true}]}}