{"id":2825,"date":"2024-10-25T13:59:26","date_gmt":"2024-10-25T10:59:26","guid":{"rendered":"https:\/\/saxbystone.com\/?post_type=product&#038;p=2825"},"modified":"2025-12-04T10:25:15","modified_gmt":"2025-12-04T08:25:15","slug":"aland-gra-beige","status":"publish","type":"product","link":"https:\/\/saxbystone.com\/sv\/produkt\/aland-gra-beige\/","title":{"rendered":"\u00c5lands Grey-Beige Kalksten"},"content":{"rendered":"","protected":false},"excerpt":{"rendered":"<p>\u00c5lands Grey-Beige kalksten med sina bl\u00e5beige f\u00e4rgtoner \u00e5terspeglar i v\u00e5ra \u00f6gon st\u00e4mningen f\u00f6r \u00d6stersj\u00f6n och passar perfekt som golv- och v\u00e4ggplattor f\u00f6r moderna l\u00e4genhets- och villaprojekt.<\/p>\n<p>\u00c5lands Grey-Beige kalksten \u00e4r v\u00e4lk\u00e4nd f\u00f6r sin frostbest\u00e4ndighet och kan anv\u00e4ndas utv\u00e4ndigt som fasadplattor b\u00e5de f\u00f6r bost\u00e4der och f\u00f6r kommersiella byggnader.<\/p>\n<p>Vi har nyligen levererat storformatsplattor p\u00e5 1200 x 600 mm, med rektangul\u00e4ra sp\u00e5r f\u00f6r v\u00e4ggmontering till ett k\u00f6pcentrum som kan ses p\u00e5 bilderna.<\/p>\n<p>Den finns att k\u00f6pa med slipad ytfinish.<\/p>\n<p><em>V\u00e4lj kakelstorlek f\u00f6r att se priset. Fri frakt vid best\u00e4llningar \u00f6ver 25 m<sup>2<\/sup>. <i><span lang=\"SV\">Rabatt p\u00e5 best\u00e4llningar \u00f6ver 100 m<sup>2<\/sup><\/span><\/i>.<\/em><\/p>\n","protected":false},"featured_media":2832,"template":"","meta":{"_acf_changed":false},"product_brand":[],"product_cat":[88,54,78,69,75,72],"product_tag":[],"class_list":{"0":"post-2825","1":"product","2":"type-product","3":"status-publish","4":"has-post-thumbnail","6":"product_cat-alla-plattor","7":"product_cat-golv-och-vaggplattor","8":"product_cat-arbetsytor-fonsterbrador","9":"product_cat-fasadsten","10":"product_cat-belaggningssten","11":"product_cat-kommersiella-ytor","13":"first","14":"instock","15":"shipping-taxable","16":"purchasable","17":"product-type-variable","18":"add-to-wishlist-after_add_to_cart"},"acf":[],"yoast_head":"<!-- This site is optimized with the Yoast SEO plugin v26.4 - https:\/\/yoast.com\/wordpress\/plugins\/seo\/ -->\n<title>\u00c5lands Grey-Beige Kalksten - Saxby Stone<\/title>\n<meta name=\"robots\" content=\"index, follow, max-snippet:-1, max-image-preview:large, max-video-preview:-1\" \/>\n<link rel=\"canonical\" href=\"https:\/\/saxbystone.com\/sv\/produkt\/aland-gra-beige\/\" \/>\n<meta property=\"og:locale\" content=\"sv_SE\" \/>\n<meta property=\"og:type\" content=\"article\" \/>\n<meta property=\"og:title\" content=\"\u00c5lands Grey-Beige Kalksten - Saxby Stone\" \/>\n<meta property=\"og:description\" content=\"\u00c5lands Grey-Beige kalksten med sina bl\u00e5beige f\u00e4rgtoner \u00e5terspeglar i v\u00e5ra \u00f6gon st\u00e4mningen f\u00f6r \u00d6stersj\u00f6n och passar perfekt som golv- och v\u00e4ggplattor f\u00f6r moderna l\u00e4genhets- och villaprojekt.  \u00c5lands Grey-Beige kalksten \u00e4r v\u00e4lk\u00e4nd f\u00f6r sin frostbest\u00e4ndighet och kan anv\u00e4ndas utv\u00e4ndigt som fasadplattor b\u00e5de f\u00f6r bost\u00e4der och f\u00f6r kommersiella byggnader.  Vi har nyligen levererat storformatsplattor p\u00e5 1200 x 600 mm, med rektangul\u00e4ra sp\u00e5r f\u00f6r v\u00e4ggmontering till ett k\u00f6pcentrum som kan ses p\u00e5 bilderna.  Den finns att k\u00f6pa med slipad ytfinish.  V\u00e4lj kakelstorlek f\u00f6r att se priset. Fri frakt vid best\u00e4llningar \u00f6ver 25 m2. Rabatt p\u00e5 best\u00e4llningar \u00f6ver 100 m2.\" \/>\n<meta property=\"og:url\" content=\"https:\/\/saxbystone.com\/sv\/produkt\/aland-gra-beige\/\" \/>\n<meta property=\"og:site_name\" content=\"Saxby Stone\" \/>\n<meta property=\"article:modified_time\" content=\"2025-12-04T08:25:15+00:00\" \/>\n<meta property=\"og:image\" content=\"https:\/\/saxbystone.com\/wp-content\/uploads\/2024\/10\/Aland-Grey-Beige-Porto-Franco.jpg\" \/>\n\t<meta property=\"og:image:width\" content=\"900\" \/>\n\t<meta property=\"og:image:height\" content=\"600\" \/>\n\t<meta property=\"og:image:type\" content=\"image\/jpeg\" \/>\n<meta name=\"twitter:card\" content=\"summary_large_image\" \/>\n<meta name=\"twitter:label1\" content=\"Ber\u00e4knad l\u00e4stid\" \/>\n\t<meta name=\"twitter:data1\" content=\"1 minut\" \/>\n<script type=\"application\/ld+json\" class=\"yoast-schema-graph\">{\"@context\":\"https:\/\/schema.org\",\"@graph\":[{\"@type\":\"WebPage\",\"@id\":\"https:\/\/saxbystone.com\/sv\/produkt\/aland-gra-beige\/\",\"url\":\"https:\/\/saxbystone.com\/sv\/produkt\/aland-gra-beige\/\",\"name\":\"\u00c5lands Grey-Beige Kalksten - Saxby Stone\",\"isPartOf\":{\"@id\":\"https:\/\/saxbystone.com\/sv\/#website\"},\"primaryImageOfPage\":{\"@id\":\"https:\/\/saxbystone.com\/sv\/produkt\/aland-gra-beige\/#primaryimage\"},\"image\":{\"@id\":\"https:\/\/saxbystone.com\/sv\/produkt\/aland-gra-beige\/#primaryimage\"},\"thumbnailUrl\":\"https:\/\/saxbystone.com\/wp-content\/uploads\/2024\/10\/Aland-Grey-Beige-Porto-Franco.jpg\",\"datePublished\":\"2024-10-25T10:59:26+00:00\",\"dateModified\":\"2025-12-04T08:25:15+00:00\",\"breadcrumb\":{\"@id\":\"https:\/\/saxbystone.com\/sv\/produkt\/aland-gra-beige\/#breadcrumb\"},\"inLanguage\":\"sv-SE\",\"potentialAction\":[{\"@type\":\"ReadAction\",\"target\":[\"https:\/\/saxbystone.com\/sv\/produkt\/aland-gra-beige\/\"]}]},{\"@type\":\"ImageObject\",\"inLanguage\":\"sv-SE\",\"@id\":\"https:\/\/saxbystone.com\/sv\/produkt\/aland-gra-beige\/#primaryimage\",\"url\":\"https:\/\/saxbystone.com\/wp-content\/uploads\/2024\/10\/Aland-Grey-Beige-Porto-Franco.jpg\",\"contentUrl\":\"https:\/\/saxbystone.com\/wp-content\/uploads\/2024\/10\/Aland-Grey-Beige-Porto-Franco.jpg\",\"width\":900,\"height\":600},{\"@type\":\"BreadcrumbList\",\"@id\":\"https:\/\/saxbystone.com\/sv\/produkt\/aland-gra-beige\/#breadcrumb\",\"itemListElement\":[{\"@type\":\"ListItem\",\"position\":1,\"name\":\"Home\",\"item\":\"https:\/\/saxbystone.com\/sv\/\"},{\"@type\":\"ListItem\",\"position\":2,\"name\":\"Stenplattor\",\"item\":\"https:\/\/saxbystone.com\/stone-tiles\/\"},{\"@type\":\"ListItem\",\"position\":3,\"name\":\"\u00c5lands Grey-Beige Kalksten\"}]},{\"@type\":\"WebSite\",\"@id\":\"https:\/\/saxbystone.com\/sv\/#website\",\"url\":\"https:\/\/saxbystone.com\/sv\/\",\"name\":\"Saxby Stone\",\"description\":\"Natural stone tiles\",\"publisher\":{\"@id\":\"https:\/\/saxbystone.com\/sv\/#organization\"},\"potentialAction\":[{\"@type\":\"SearchAction\",\"target\":{\"@type\":\"EntryPoint\",\"urlTemplate\":\"https:\/\/saxbystone.com\/sv\/?s={search_term_string}\"},\"query-input\":{\"@type\":\"PropertyValueSpecification\",\"valueRequired\":true,\"valueName\":\"search_term_string\"}}],\"inLanguage\":\"sv-SE\"},{\"@type\":\"Organization\",\"@id\":\"https:\/\/saxbystone.com\/sv\/#organization\",\"name\":\"Saxby Stone\",\"url\":\"https:\/\/saxbystone.com\/sv\/\",\"logo\":{\"@type\":\"ImageObject\",\"inLanguage\":\"sv-SE\",\"@id\":\"https:\/\/saxbystone.com\/sv\/#\/schema\/logo\/image\/\",\"url\":\"https:\/\/saxbystone.com\/wp-content\/uploads\/2024\/09\/cropped-Saxby-Stone-logo-official-1st.png\",\"contentUrl\":\"https:\/\/saxbystone.com\/wp-content\/uploads\/2024\/09\/cropped-Saxby-Stone-logo-official-1st.png\",\"width\":512,\"height\":512,\"caption\":\"Saxby Stone\"},\"image\":{\"@id\":\"https:\/\/saxbystone.com\/sv\/#\/schema\/logo\/image\/\"},\"sameAs\":[\"https:\/\/www.instagram.com\/saxbystone\/\"]}]}<\/script>\n<!-- \/ Yoast SEO plugin. -->","yoast_head_json":{"title":"\u00c5lands Grey-Beige Kalksten - Saxby Stone","robots":{"index":"index","follow":"follow","max-snippet":"max-snippet:-1","max-image-preview":"max-image-preview:large","max-video-preview":"max-video-preview:-1"},"canonical":"https:\/\/saxbystone.com\/sv\/produkt\/aland-gra-beige\/","og_locale":"sv_SE","og_type":"article","og_title":"\u00c5lands Grey-Beige Kalksten - Saxby Stone","og_description":"\u00c5lands Grey-Beige kalksten med sina bl\u00e5beige f\u00e4rgtoner \u00e5terspeglar i v\u00e5ra \u00f6gon st\u00e4mningen f\u00f6r \u00d6stersj\u00f6n och passar perfekt som golv- och v\u00e4ggplattor f\u00f6r moderna l\u00e4genhets- och villaprojekt.  \u00c5lands Grey-Beige kalksten \u00e4r v\u00e4lk\u00e4nd f\u00f6r sin frostbest\u00e4ndighet och kan anv\u00e4ndas utv\u00e4ndigt som fasadplattor b\u00e5de f\u00f6r bost\u00e4der och f\u00f6r kommersiella byggnader.  Vi har nyligen levererat storformatsplattor p\u00e5 1200 x 600 mm, med rektangul\u00e4ra sp\u00e5r f\u00f6r v\u00e4ggmontering till ett k\u00f6pcentrum som kan ses p\u00e5 bilderna.  Den finns att k\u00f6pa med slipad ytfinish.  V\u00e4lj kakelstorlek f\u00f6r att se priset. Fri frakt vid best\u00e4llningar \u00f6ver 25 m2. Rabatt p\u00e5 best\u00e4llningar \u00f6ver 100 m2.","og_url":"https:\/\/saxbystone.com\/sv\/produkt\/aland-gra-beige\/","og_site_name":"Saxby Stone","article_modified_time":"2025-12-04T08:25:15+00:00","og_image":[{"width":900,"height":600,"url":"https:\/\/saxbystone.com\/wp-content\/uploads\/2024\/10\/Aland-Grey-Beige-Porto-Franco.jpg","type":"image\/jpeg"}],"twitter_card":"summary_large_image","twitter_misc":{"Ber\u00e4knad l\u00e4stid":"1 minut"},"schema":{"@context":"https:\/\/schema.org","@graph":[{"@type":"WebPage","@id":"https:\/\/saxbystone.com\/sv\/produkt\/aland-gra-beige\/","url":"https:\/\/saxbystone.com\/sv\/produkt\/aland-gra-beige\/","name":"\u00c5lands Grey-Beige Kalksten - Saxby Stone","isPartOf":{"@id":"https:\/\/saxbystone.com\/sv\/#website"},"primaryImageOfPage":{"@id":"https:\/\/saxbystone.com\/sv\/produkt\/aland-gra-beige\/#primaryimage"},"image":{"@id":"https:\/\/saxbystone.com\/sv\/produkt\/aland-gra-beige\/#primaryimage"},"thumbnailUrl":"https:\/\/saxbystone.com\/wp-content\/uploads\/2024\/10\/Aland-Grey-Beige-Porto-Franco.jpg","datePublished":"2024-10-25T10:59:26+00:00","dateModified":"2025-12-04T08:25:15+00:00","breadcrumb":{"@id":"https:\/\/saxbystone.com\/sv\/produkt\/aland-gra-beige\/#breadcrumb"},"inLanguage":"sv-SE","potentialAction":[{"@type":"ReadAction","target":["https:\/\/saxbystone.com\/sv\/produkt\/aland-gra-beige\/"]}]},{"@type":"ImageObject","inLanguage":"sv-SE","@id":"https:\/\/saxbystone.com\/sv\/produkt\/aland-gra-beige\/#primaryimage","url":"https:\/\/saxbystone.com\/wp-content\/uploads\/2024\/10\/Aland-Grey-Beige-Porto-Franco.jpg","contentUrl":"https:\/\/saxbystone.com\/wp-content\/uploads\/2024\/10\/Aland-Grey-Beige-Porto-Franco.jpg","width":900,"height":600},{"@type":"BreadcrumbList","@id":"https:\/\/saxbystone.com\/sv\/produkt\/aland-gra-beige\/#breadcrumb","itemListElement":[{"@type":"ListItem","position":1,"name":"Home","item":"https:\/\/saxbystone.com\/sv\/"},{"@type":"ListItem","position":2,"name":"Stenplattor","item":"https:\/\/saxbystone.com\/stone-tiles\/"},{"@type":"ListItem","position":3,"name":"\u00c5lands Grey-Beige Kalksten"}]},{"@type":"WebSite","@id":"https:\/\/saxbystone.com\/sv\/#website","url":"https:\/\/saxbystone.com\/sv\/","name":"Saxby Stone","description":"Natural stone tiles","publisher":{"@id":"https:\/\/saxbystone.com\/sv\/#organization"},"potentialAction":[{"@type":"SearchAction","target":{"@type":"EntryPoint","urlTemplate":"https:\/\/saxbystone.com\/sv\/?s={search_term_string}"},"query-input":{"@type":"PropertyValueSpecification","valueRequired":true,"valueName":"search_term_string"}}],"inLanguage":"sv-SE"},{"@type":"Organization","@id":"https:\/\/saxbystone.com\/sv\/#organization","name":"Saxby Stone","url":"https:\/\/saxbystone.com\/sv\/","logo":{"@type":"ImageObject","inLanguage":"sv-SE","@id":"https:\/\/saxbystone.com\/sv\/#\/schema\/logo\/image\/","url":"https:\/\/saxbystone.com\/wp-content\/uploads\/2024\/09\/cropped-Saxby-Stone-logo-official-1st.png","contentUrl":"https:\/\/saxbystone.com\/wp-content\/uploads\/2024\/09\/cropped-Saxby-Stone-logo-official-1st.png","width":512,"height":512,"caption":"Saxby Stone"},"image":{"@id":"https:\/\/saxbystone.com\/sv\/#\/schema\/logo\/image\/"},"sameAs":["https:\/\/www.instagram.com\/saxbystone\/"]}]}},"_links":{"self":[{"href":"https:\/\/saxbystone.com\/sv\/wp-json\/wp\/v2\/product\/2825","targetHints":{"allow":["GET"]}}],"collection":[{"href":"https:\/\/saxbystone.com\/sv\/wp-json\/wp\/v2\/product"}],"about":[{"href":"https:\/\/saxbystone.com\/sv\/wp-json\/wp\/v2\/types\/product"}],"wp:featuredmedia":[{"embeddable":true,"href":"https:\/\/saxbystone.com\/sv\/wp-json\/wp\/v2\/media\/2832"}],"wp:attachment":[{"href":"https:\/\/saxbystone.com\/sv\/wp-json\/wp\/v2\/media?parent=2825"}],"wp:term":[{"taxonomy":"product_brand","embeddable":true,"href":"https:\/\/saxbystone.com\/sv\/wp-json\/wp\/v2\/product_brand?post=2825"},{"taxonomy":"product_cat","embeddable":true,"href":"https:\/\/saxbystone.com\/sv\/wp-json\/wp\/v2\/product_cat?post=2825"},{"taxonomy":"product_tag","embeddable":true,"href":"https:\/\/saxbystone.com\/sv\/wp-json\/wp\/v2\/product_tag?post=2825"}],"curies":[{"name":"wp","href":"https:\/\/api.w.org\/{rel}","templated":true}]}}