{"id":2798,"date":"2024-10-25T13:39:56","date_gmt":"2024-10-25T10:39:56","guid":{"rendered":"https:\/\/saxbystone.com\/?post_type=product&#038;p=2798"},"modified":"2025-11-26T11:26:42","modified_gmt":"2025-11-26T09:26:42","slug":"ivory-travertin-slipad","status":"publish","type":"product","link":"https:\/\/saxbystone.com\/sv\/produkt\/ivory-travertin-slipad\/","title":{"rendered":"Ivory Travertin, Slipad"},"content":{"rendered":"","protected":false},"excerpt":{"rendered":"<p class=\"has-medium-font-size\">V\u00e5r Ivory travertin i premiumkvalitet, med slipad ytfinish, har en enhetlig elfenbensbeige f\u00e4rgton. Travertin passar perfekt i moderna hem d\u00e4r dess diskret neutrala f\u00e4rg lyfter snyggt fram andra delar av heminredningen.<\/p>\n<p class=\"has-medium-font-size\">Ivory travertins klara neutrala f\u00e4rgtoner g\u00f6r den till ett lugnande komplement i k\u00f6k, vardagsrum och badrum b\u00e5de i cityl\u00e4genheter och i sommarhus.<\/p>\n<p><em>V\u00e4lj kakelstorlek f\u00f6r att se priset. Fri frakt vid best\u00e4llningar \u00f6ver 25 m<sup>2<\/sup>.<\/em><\/p>\n","protected":false},"featured_media":720,"template":"","meta":{"_acf_changed":false},"product_brand":[],"product_cat":[88,54],"product_tag":[],"class_list":{"0":"post-2798","1":"product","2":"type-product","3":"status-publish","4":"has-post-thumbnail","6":"product_cat-alla-plattor","7":"product_cat-golv-och-vaggplattor","9":"first","10":"instock","11":"shipping-taxable","12":"purchasable","13":"product-type-variable","14":"add-to-wishlist-after_add_to_cart"},"acf":[],"yoast_head":"<!-- This site is optimized with the Yoast SEO plugin v26.4 - https:\/\/yoast.com\/wordpress\/plugins\/seo\/ -->\n<title>Ivory Travertin, Slipad - Saxby Stone<\/title>\n<meta name=\"robots\" content=\"index, follow, max-snippet:-1, max-image-preview:large, max-video-preview:-1\" \/>\n<link rel=\"canonical\" href=\"https:\/\/saxbystone.com\/sv\/produkt\/ivory-travertin-slipad\/\" \/>\n<meta property=\"og:locale\" content=\"sv_SE\" \/>\n<meta property=\"og:type\" content=\"article\" \/>\n<meta property=\"og:title\" content=\"Ivory Travertin, Slipad - Saxby Stone\" \/>\n<meta property=\"og:description\" content=\"V\u00e5r Ivory travertin i premiumkvalitet, med slipad ytfinish, har en enhetlig elfenbensbeige f\u00e4rgton. Travertin passar perfekt i moderna hem d\u00e4r dess diskret neutrala f\u00e4rg lyfter snyggt fram andra delar av heminredningen. Ivory travertins klara neutrala f\u00e4rgtoner g\u00f6r den till ett lugnande komplement i k\u00f6k, vardagsrum och badrum b\u00e5de i cityl\u00e4genheter och i sommarhus. V\u00e4lj kakelstorlek f\u00f6r att se priset. Fri frakt vid best\u00e4llningar \u00f6ver 25 m2.\" \/>\n<meta property=\"og:url\" content=\"https:\/\/saxbystone.com\/sv\/produkt\/ivory-travertin-slipad\/\" \/>\n<meta property=\"og:site_name\" content=\"Saxby Stone\" \/>\n<meta property=\"article:modified_time\" content=\"2025-11-26T09:26:42+00:00\" \/>\n<meta property=\"og:image\" content=\"https:\/\/saxbystone.com\/wp-content\/uploads\/2024\/09\/Beige-Travertine-a-1.jpg\" \/>\n\t<meta property=\"og:image:width\" content=\"900\" \/>\n\t<meta property=\"og:image:height\" content=\"600\" \/>\n\t<meta property=\"og:image:type\" content=\"image\/jpeg\" \/>\n<meta name=\"twitter:card\" content=\"summary_large_image\" \/>\n<meta name=\"twitter:label1\" content=\"Ber\u00e4knad l\u00e4stid\" \/>\n\t<meta name=\"twitter:data1\" content=\"1 minut\" \/>\n<script type=\"application\/ld+json\" class=\"yoast-schema-graph\">{\"@context\":\"https:\/\/schema.org\",\"@graph\":[{\"@type\":\"WebPage\",\"@id\":\"https:\/\/saxbystone.com\/sv\/produkt\/ivory-travertin-slipad\/\",\"url\":\"https:\/\/saxbystone.com\/sv\/produkt\/ivory-travertin-slipad\/\",\"name\":\"Ivory Travertin, Slipad - Saxby Stone\",\"isPartOf\":{\"@id\":\"https:\/\/saxbystone.com\/sv\/#website\"},\"primaryImageOfPage\":{\"@id\":\"https:\/\/saxbystone.com\/sv\/produkt\/ivory-travertin-slipad\/#primaryimage\"},\"image\":{\"@id\":\"https:\/\/saxbystone.com\/sv\/produkt\/ivory-travertin-slipad\/#primaryimage\"},\"thumbnailUrl\":\"https:\/\/saxbystone.com\/wp-content\/uploads\/2024\/09\/Beige-Travertine-a-1.jpg\",\"datePublished\":\"2024-10-25T10:39:56+00:00\",\"dateModified\":\"2025-11-26T09:26:42+00:00\",\"breadcrumb\":{\"@id\":\"https:\/\/saxbystone.com\/sv\/produkt\/ivory-travertin-slipad\/#breadcrumb\"},\"inLanguage\":\"sv-SE\",\"potentialAction\":[{\"@type\":\"ReadAction\",\"target\":[\"https:\/\/saxbystone.com\/sv\/produkt\/ivory-travertin-slipad\/\"]}]},{\"@type\":\"ImageObject\",\"inLanguage\":\"sv-SE\",\"@id\":\"https:\/\/saxbystone.com\/sv\/produkt\/ivory-travertin-slipad\/#primaryimage\",\"url\":\"https:\/\/saxbystone.com\/wp-content\/uploads\/2024\/09\/Beige-Travertine-a-1.jpg\",\"contentUrl\":\"https:\/\/saxbystone.com\/wp-content\/uploads\/2024\/09\/Beige-Travertine-a-1.jpg\",\"width\":900,\"height\":600},{\"@type\":\"BreadcrumbList\",\"@id\":\"https:\/\/saxbystone.com\/sv\/produkt\/ivory-travertin-slipad\/#breadcrumb\",\"itemListElement\":[{\"@type\":\"ListItem\",\"position\":1,\"name\":\"Home\",\"item\":\"https:\/\/saxbystone.com\/sv\/\"},{\"@type\":\"ListItem\",\"position\":2,\"name\":\"Stenplattor\",\"item\":\"https:\/\/saxbystone.com\/stone-tiles\/\"},{\"@type\":\"ListItem\",\"position\":3,\"name\":\"Ivory Travertin, Slipad\"}]},{\"@type\":\"WebSite\",\"@id\":\"https:\/\/saxbystone.com\/sv\/#website\",\"url\":\"https:\/\/saxbystone.com\/sv\/\",\"name\":\"Saxby Stone\",\"description\":\"Natural stone tiles\",\"publisher\":{\"@id\":\"https:\/\/saxbystone.com\/sv\/#organization\"},\"potentialAction\":[{\"@type\":\"SearchAction\",\"target\":{\"@type\":\"EntryPoint\",\"urlTemplate\":\"https:\/\/saxbystone.com\/sv\/?s={search_term_string}\"},\"query-input\":{\"@type\":\"PropertyValueSpecification\",\"valueRequired\":true,\"valueName\":\"search_term_string\"}}],\"inLanguage\":\"sv-SE\"},{\"@type\":\"Organization\",\"@id\":\"https:\/\/saxbystone.com\/sv\/#organization\",\"name\":\"Saxby Stone\",\"url\":\"https:\/\/saxbystone.com\/sv\/\",\"logo\":{\"@type\":\"ImageObject\",\"inLanguage\":\"sv-SE\",\"@id\":\"https:\/\/saxbystone.com\/sv\/#\/schema\/logo\/image\/\",\"url\":\"https:\/\/saxbystone.com\/wp-content\/uploads\/2024\/09\/cropped-Saxby-Stone-logo-official-1st.png\",\"contentUrl\":\"https:\/\/saxbystone.com\/wp-content\/uploads\/2024\/09\/cropped-Saxby-Stone-logo-official-1st.png\",\"width\":512,\"height\":512,\"caption\":\"Saxby Stone\"},\"image\":{\"@id\":\"https:\/\/saxbystone.com\/sv\/#\/schema\/logo\/image\/\"},\"sameAs\":[\"https:\/\/www.instagram.com\/saxbystone\/\"]}]}<\/script>\n<!-- \/ Yoast SEO plugin. -->","yoast_head_json":{"title":"Ivory Travertin, Slipad - Saxby Stone","robots":{"index":"index","follow":"follow","max-snippet":"max-snippet:-1","max-image-preview":"max-image-preview:large","max-video-preview":"max-video-preview:-1"},"canonical":"https:\/\/saxbystone.com\/sv\/produkt\/ivory-travertin-slipad\/","og_locale":"sv_SE","og_type":"article","og_title":"Ivory Travertin, Slipad - Saxby Stone","og_description":"V\u00e5r Ivory travertin i premiumkvalitet, med slipad ytfinish, har en enhetlig elfenbensbeige f\u00e4rgton. Travertin passar perfekt i moderna hem d\u00e4r dess diskret neutrala f\u00e4rg lyfter snyggt fram andra delar av heminredningen. Ivory travertins klara neutrala f\u00e4rgtoner g\u00f6r den till ett lugnande komplement i k\u00f6k, vardagsrum och badrum b\u00e5de i cityl\u00e4genheter och i sommarhus. V\u00e4lj kakelstorlek f\u00f6r att se priset. Fri frakt vid best\u00e4llningar \u00f6ver 25 m2.","og_url":"https:\/\/saxbystone.com\/sv\/produkt\/ivory-travertin-slipad\/","og_site_name":"Saxby Stone","article_modified_time":"2025-11-26T09:26:42+00:00","og_image":[{"width":900,"height":600,"url":"https:\/\/saxbystone.com\/wp-content\/uploads\/2024\/09\/Beige-Travertine-a-1.jpg","type":"image\/jpeg"}],"twitter_card":"summary_large_image","twitter_misc":{"Ber\u00e4knad l\u00e4stid":"1 minut"},"schema":{"@context":"https:\/\/schema.org","@graph":[{"@type":"WebPage","@id":"https:\/\/saxbystone.com\/sv\/produkt\/ivory-travertin-slipad\/","url":"https:\/\/saxbystone.com\/sv\/produkt\/ivory-travertin-slipad\/","name":"Ivory Travertin, Slipad - Saxby Stone","isPartOf":{"@id":"https:\/\/saxbystone.com\/sv\/#website"},"primaryImageOfPage":{"@id":"https:\/\/saxbystone.com\/sv\/produkt\/ivory-travertin-slipad\/#primaryimage"},"image":{"@id":"https:\/\/saxbystone.com\/sv\/produkt\/ivory-travertin-slipad\/#primaryimage"},"thumbnailUrl":"https:\/\/saxbystone.com\/wp-content\/uploads\/2024\/09\/Beige-Travertine-a-1.jpg","datePublished":"2024-10-25T10:39:56+00:00","dateModified":"2025-11-26T09:26:42+00:00","breadcrumb":{"@id":"https:\/\/saxbystone.com\/sv\/produkt\/ivory-travertin-slipad\/#breadcrumb"},"inLanguage":"sv-SE","potentialAction":[{"@type":"ReadAction","target":["https:\/\/saxbystone.com\/sv\/produkt\/ivory-travertin-slipad\/"]}]},{"@type":"ImageObject","inLanguage":"sv-SE","@id":"https:\/\/saxbystone.com\/sv\/produkt\/ivory-travertin-slipad\/#primaryimage","url":"https:\/\/saxbystone.com\/wp-content\/uploads\/2024\/09\/Beige-Travertine-a-1.jpg","contentUrl":"https:\/\/saxbystone.com\/wp-content\/uploads\/2024\/09\/Beige-Travertine-a-1.jpg","width":900,"height":600},{"@type":"BreadcrumbList","@id":"https:\/\/saxbystone.com\/sv\/produkt\/ivory-travertin-slipad\/#breadcrumb","itemListElement":[{"@type":"ListItem","position":1,"name":"Home","item":"https:\/\/saxbystone.com\/sv\/"},{"@type":"ListItem","position":2,"name":"Stenplattor","item":"https:\/\/saxbystone.com\/stone-tiles\/"},{"@type":"ListItem","position":3,"name":"Ivory Travertin, Slipad"}]},{"@type":"WebSite","@id":"https:\/\/saxbystone.com\/sv\/#website","url":"https:\/\/saxbystone.com\/sv\/","name":"Saxby Stone","description":"Natural stone tiles","publisher":{"@id":"https:\/\/saxbystone.com\/sv\/#organization"},"potentialAction":[{"@type":"SearchAction","target":{"@type":"EntryPoint","urlTemplate":"https:\/\/saxbystone.com\/sv\/?s={search_term_string}"},"query-input":{"@type":"PropertyValueSpecification","valueRequired":true,"valueName":"search_term_string"}}],"inLanguage":"sv-SE"},{"@type":"Organization","@id":"https:\/\/saxbystone.com\/sv\/#organization","name":"Saxby Stone","url":"https:\/\/saxbystone.com\/sv\/","logo":{"@type":"ImageObject","inLanguage":"sv-SE","@id":"https:\/\/saxbystone.com\/sv\/#\/schema\/logo\/image\/","url":"https:\/\/saxbystone.com\/wp-content\/uploads\/2024\/09\/cropped-Saxby-Stone-logo-official-1st.png","contentUrl":"https:\/\/saxbystone.com\/wp-content\/uploads\/2024\/09\/cropped-Saxby-Stone-logo-official-1st.png","width":512,"height":512,"caption":"Saxby Stone"},"image":{"@id":"https:\/\/saxbystone.com\/sv\/#\/schema\/logo\/image\/"},"sameAs":["https:\/\/www.instagram.com\/saxbystone\/"]}]}},"_links":{"self":[{"href":"https:\/\/saxbystone.com\/sv\/wp-json\/wp\/v2\/product\/2798","targetHints":{"allow":["GET"]}}],"collection":[{"href":"https:\/\/saxbystone.com\/sv\/wp-json\/wp\/v2\/product"}],"about":[{"href":"https:\/\/saxbystone.com\/sv\/wp-json\/wp\/v2\/types\/product"}],"wp:featuredmedia":[{"embeddable":true,"href":"https:\/\/saxbystone.com\/sv\/wp-json\/wp\/v2\/media\/720"}],"wp:attachment":[{"href":"https:\/\/saxbystone.com\/sv\/wp-json\/wp\/v2\/media?parent=2798"}],"wp:term":[{"taxonomy":"product_brand","embeddable":true,"href":"https:\/\/saxbystone.com\/sv\/wp-json\/wp\/v2\/product_brand?post=2798"},{"taxonomy":"product_cat","embeddable":true,"href":"https:\/\/saxbystone.com\/sv\/wp-json\/wp\/v2\/product_cat?post=2798"},{"taxonomy":"product_tag","embeddable":true,"href":"https:\/\/saxbystone.com\/sv\/wp-json\/wp\/v2\/product_tag?post=2798"}],"curies":[{"name":"wp","href":"https:\/\/api.w.org\/{rel}","templated":true}]}}