{"id":2674,"date":"2024-10-25T11:29:41","date_gmt":"2024-10-25T08:29:41","guid":{"rendered":"https:\/\/saxbystone.com\/?post_type=product&#038;p=2674"},"modified":"2026-02-27T08:53:03","modified_gmt":"2026-02-27T06:53:03","slug":"burford-grey","status":"publish","type":"product","link":"https:\/\/saxbystone.com\/sv\/produkt\/burford-grey\/","title":{"rendered":"Burford Grey Kalksten"},"content":{"rendered":"","protected":false},"excerpt":{"rendered":"<p>De bl\u00e5gr\u00e5 f\u00e4rgtonerna hos kalkstenen Burford Grey passar perfekt f\u00f6r familjek\u00f6k och vardagsrum. Den \u00e4r en slitstark kalksten som h\u00e5ller bra f\u00f6r vardagligt slitage utan att visa n\u00e5gra tecken p\u00e5 tr\u00f6tthet.<\/p>\n<p>Vi har levererat Burford Grey till massor av olika projekt, fr\u00e5n familjehem i norra Finland och Stockholms vink\u00e4llare till sommarhus vid kusten n\u00e4ra Oslo.<\/p>\n<p>Den finns att k\u00f6pa med tumlad ytfinish.<\/p>\n<p><em>V\u00e4lj kakelstorlek f\u00f6r att se priset. Fri frakt vid best\u00e4llningar \u00f6ver 25 m<sup>2<\/sup>. Dessa priser g\u00e4ller f\u00f6r svenska f\u00f6retag. F\u00f6r plattor fr\u00e5n v\u00e5rt lager i Storbritannien tillkommer en ytterligare kostnad f\u00f6r privata kunder p\u00e5 grund av tullregler.<\/em><\/p>\n","protected":false},"featured_media":2681,"template":"","meta":{"_acf_changed":false},"product_brand":[],"product_cat":[88,54],"product_tag":[],"class_list":{"0":"post-2674","1":"product","2":"type-product","3":"status-publish","4":"has-post-thumbnail","6":"product_cat-alla-plattor","7":"product_cat-golv-och-vaggplattor","9":"first","10":"instock","11":"shipping-taxable","12":"purchasable","13":"product-type-variable","14":"add-to-wishlist-after_add_to_cart"},"acf":[],"yoast_head":"<!-- This site is optimized with the Yoast SEO plugin v26.4 - https:\/\/yoast.com\/wordpress\/plugins\/seo\/ -->\n<title>Burford Grey Kalksten - Saxby Stone<\/title>\n<meta name=\"robots\" content=\"index, follow, max-snippet:-1, max-image-preview:large, max-video-preview:-1\" \/>\n<link rel=\"canonical\" href=\"https:\/\/saxbystone.com\/sv\/produkt\/burford-grey\/\" \/>\n<meta property=\"og:locale\" content=\"sv_SE\" \/>\n<meta property=\"og:type\" content=\"article\" \/>\n<meta property=\"og:title\" content=\"Burford Grey Kalksten - Saxby Stone\" \/>\n<meta property=\"og:description\" content=\"De bl\u00e5gr\u00e5 f\u00e4rgtonerna hos kalkstenen Burford Grey passar perfekt f\u00f6r familjek\u00f6k och vardagsrum. Den \u00e4r en slitstark kalksten som h\u00e5ller bra f\u00f6r vardagligt slitage utan att visa n\u00e5gra tecken p\u00e5 tr\u00f6tthet.  Vi har levererat Burford Grey till massor av olika projekt, fr\u00e5n familjehem i norra Finland och Stockholms vink\u00e4llare till sommarhus vid kusten n\u00e4ra Oslo.  Den finns att k\u00f6pa med tumlad ytfinish.  V\u00e4lj kakelstorlek f\u00f6r att se priset. Fri frakt vid best\u00e4llningar \u00f6ver 25 m2. Dessa priser g\u00e4ller f\u00f6r svenska f\u00f6retag. F\u00f6r plattor fr\u00e5n v\u00e5rt lager i Storbritannien tillkommer en ytterligare kostnad f\u00f6r privata kunder p\u00e5 grund av tullregler.\" \/>\n<meta property=\"og:url\" content=\"https:\/\/saxbystone.com\/sv\/produkt\/burford-grey\/\" \/>\n<meta property=\"og:site_name\" content=\"Saxby Stone\" \/>\n<meta property=\"article:modified_time\" content=\"2026-02-27T06:53:03+00:00\" \/>\n<meta property=\"og:image\" content=\"https:\/\/saxbystone.com\/wp-content\/uploads\/2024\/10\/Burford-Grey-Private-House-Oulu-Finland-2-e1731402122639.jpeg\" \/>\n\t<meta property=\"og:image:width\" content=\"1397\" \/>\n\t<meta property=\"og:image:height\" content=\"907\" \/>\n\t<meta property=\"og:image:type\" content=\"image\/jpeg\" \/>\n<meta name=\"twitter:card\" content=\"summary_large_image\" \/>\n<meta name=\"twitter:label1\" content=\"Ber\u00e4knad l\u00e4stid\" \/>\n\t<meta name=\"twitter:data1\" content=\"1 minut\" \/>\n<script type=\"application\/ld+json\" class=\"yoast-schema-graph\">{\"@context\":\"https:\/\/schema.org\",\"@graph\":[{\"@type\":\"WebPage\",\"@id\":\"https:\/\/saxbystone.com\/sv\/produkt\/burford-grey\/\",\"url\":\"https:\/\/saxbystone.com\/sv\/produkt\/burford-grey\/\",\"name\":\"Burford Grey Kalksten - Saxby Stone\",\"isPartOf\":{\"@id\":\"https:\/\/saxbystone.com\/sv\/#website\"},\"primaryImageOfPage\":{\"@id\":\"https:\/\/saxbystone.com\/sv\/produkt\/burford-grey\/#primaryimage\"},\"image\":{\"@id\":\"https:\/\/saxbystone.com\/sv\/produkt\/burford-grey\/#primaryimage\"},\"thumbnailUrl\":\"https:\/\/saxbystone.com\/wp-content\/uploads\/2024\/10\/Burford-Grey-Private-House-Oulu-Finland-2-e1731402122639.jpeg\",\"datePublished\":\"2024-10-25T08:29:41+00:00\",\"dateModified\":\"2026-02-27T06:53:03+00:00\",\"breadcrumb\":{\"@id\":\"https:\/\/saxbystone.com\/sv\/produkt\/burford-grey\/#breadcrumb\"},\"inLanguage\":\"sv-SE\",\"potentialAction\":[{\"@type\":\"ReadAction\",\"target\":[\"https:\/\/saxbystone.com\/sv\/produkt\/burford-grey\/\"]}]},{\"@type\":\"ImageObject\",\"inLanguage\":\"sv-SE\",\"@id\":\"https:\/\/saxbystone.com\/sv\/produkt\/burford-grey\/#primaryimage\",\"url\":\"https:\/\/saxbystone.com\/wp-content\/uploads\/2024\/10\/Burford-Grey-Private-House-Oulu-Finland-2-e1731402122639.jpeg\",\"contentUrl\":\"https:\/\/saxbystone.com\/wp-content\/uploads\/2024\/10\/Burford-Grey-Private-House-Oulu-Finland-2-e1731402122639.jpeg\",\"width\":1397,\"height\":907},{\"@type\":\"BreadcrumbList\",\"@id\":\"https:\/\/saxbystone.com\/sv\/produkt\/burford-grey\/#breadcrumb\",\"itemListElement\":[{\"@type\":\"ListItem\",\"position\":1,\"name\":\"Home\",\"item\":\"https:\/\/saxbystone.com\/sv\/\"},{\"@type\":\"ListItem\",\"position\":2,\"name\":\"Stenplattor\",\"item\":\"https:\/\/saxbystone.com\/stone-tiles\/\"},{\"@type\":\"ListItem\",\"position\":3,\"name\":\"Burford Grey Kalksten\"}]},{\"@type\":\"WebSite\",\"@id\":\"https:\/\/saxbystone.com\/sv\/#website\",\"url\":\"https:\/\/saxbystone.com\/sv\/\",\"name\":\"Saxby Stone\",\"description\":\"Natural stone tiles\",\"publisher\":{\"@id\":\"https:\/\/saxbystone.com\/sv\/#organization\"},\"potentialAction\":[{\"@type\":\"SearchAction\",\"target\":{\"@type\":\"EntryPoint\",\"urlTemplate\":\"https:\/\/saxbystone.com\/sv\/?s={search_term_string}\"},\"query-input\":{\"@type\":\"PropertyValueSpecification\",\"valueRequired\":true,\"valueName\":\"search_term_string\"}}],\"inLanguage\":\"sv-SE\"},{\"@type\":\"Organization\",\"@id\":\"https:\/\/saxbystone.com\/sv\/#organization\",\"name\":\"Saxby Stone\",\"url\":\"https:\/\/saxbystone.com\/sv\/\",\"logo\":{\"@type\":\"ImageObject\",\"inLanguage\":\"sv-SE\",\"@id\":\"https:\/\/saxbystone.com\/sv\/#\/schema\/logo\/image\/\",\"url\":\"https:\/\/saxbystone.com\/wp-content\/uploads\/2024\/09\/cropped-Saxby-Stone-logo-official-1st.png\",\"contentUrl\":\"https:\/\/saxbystone.com\/wp-content\/uploads\/2024\/09\/cropped-Saxby-Stone-logo-official-1st.png\",\"width\":512,\"height\":512,\"caption\":\"Saxby Stone\"},\"image\":{\"@id\":\"https:\/\/saxbystone.com\/sv\/#\/schema\/logo\/image\/\"},\"sameAs\":[\"https:\/\/www.instagram.com\/saxbystone\/\"]}]}<\/script>\n<!-- \/ Yoast SEO plugin. -->","yoast_head_json":{"title":"Burford Grey Kalksten - Saxby Stone","robots":{"index":"index","follow":"follow","max-snippet":"max-snippet:-1","max-image-preview":"max-image-preview:large","max-video-preview":"max-video-preview:-1"},"canonical":"https:\/\/saxbystone.com\/sv\/produkt\/burford-grey\/","og_locale":"sv_SE","og_type":"article","og_title":"Burford Grey Kalksten - Saxby Stone","og_description":"De bl\u00e5gr\u00e5 f\u00e4rgtonerna hos kalkstenen Burford Grey passar perfekt f\u00f6r familjek\u00f6k och vardagsrum. Den \u00e4r en slitstark kalksten som h\u00e5ller bra f\u00f6r vardagligt slitage utan att visa n\u00e5gra tecken p\u00e5 tr\u00f6tthet.  Vi har levererat Burford Grey till massor av olika projekt, fr\u00e5n familjehem i norra Finland och Stockholms vink\u00e4llare till sommarhus vid kusten n\u00e4ra Oslo.  Den finns att k\u00f6pa med tumlad ytfinish.  V\u00e4lj kakelstorlek f\u00f6r att se priset. Fri frakt vid best\u00e4llningar \u00f6ver 25 m2. Dessa priser g\u00e4ller f\u00f6r svenska f\u00f6retag. F\u00f6r plattor fr\u00e5n v\u00e5rt lager i Storbritannien tillkommer en ytterligare kostnad f\u00f6r privata kunder p\u00e5 grund av tullregler.","og_url":"https:\/\/saxbystone.com\/sv\/produkt\/burford-grey\/","og_site_name":"Saxby Stone","article_modified_time":"2026-02-27T06:53:03+00:00","og_image":[{"width":1397,"height":907,"url":"https:\/\/saxbystone.com\/wp-content\/uploads\/2024\/10\/Burford-Grey-Private-House-Oulu-Finland-2-e1731402122639.jpeg","type":"image\/jpeg"}],"twitter_card":"summary_large_image","twitter_misc":{"Ber\u00e4knad l\u00e4stid":"1 minut"},"schema":{"@context":"https:\/\/schema.org","@graph":[{"@type":"WebPage","@id":"https:\/\/saxbystone.com\/sv\/produkt\/burford-grey\/","url":"https:\/\/saxbystone.com\/sv\/produkt\/burford-grey\/","name":"Burford Grey Kalksten - Saxby Stone","isPartOf":{"@id":"https:\/\/saxbystone.com\/sv\/#website"},"primaryImageOfPage":{"@id":"https:\/\/saxbystone.com\/sv\/produkt\/burford-grey\/#primaryimage"},"image":{"@id":"https:\/\/saxbystone.com\/sv\/produkt\/burford-grey\/#primaryimage"},"thumbnailUrl":"https:\/\/saxbystone.com\/wp-content\/uploads\/2024\/10\/Burford-Grey-Private-House-Oulu-Finland-2-e1731402122639.jpeg","datePublished":"2024-10-25T08:29:41+00:00","dateModified":"2026-02-27T06:53:03+00:00","breadcrumb":{"@id":"https:\/\/saxbystone.com\/sv\/produkt\/burford-grey\/#breadcrumb"},"inLanguage":"sv-SE","potentialAction":[{"@type":"ReadAction","target":["https:\/\/saxbystone.com\/sv\/produkt\/burford-grey\/"]}]},{"@type":"ImageObject","inLanguage":"sv-SE","@id":"https:\/\/saxbystone.com\/sv\/produkt\/burford-grey\/#primaryimage","url":"https:\/\/saxbystone.com\/wp-content\/uploads\/2024\/10\/Burford-Grey-Private-House-Oulu-Finland-2-e1731402122639.jpeg","contentUrl":"https:\/\/saxbystone.com\/wp-content\/uploads\/2024\/10\/Burford-Grey-Private-House-Oulu-Finland-2-e1731402122639.jpeg","width":1397,"height":907},{"@type":"BreadcrumbList","@id":"https:\/\/saxbystone.com\/sv\/produkt\/burford-grey\/#breadcrumb","itemListElement":[{"@type":"ListItem","position":1,"name":"Home","item":"https:\/\/saxbystone.com\/sv\/"},{"@type":"ListItem","position":2,"name":"Stenplattor","item":"https:\/\/saxbystone.com\/stone-tiles\/"},{"@type":"ListItem","position":3,"name":"Burford Grey Kalksten"}]},{"@type":"WebSite","@id":"https:\/\/saxbystone.com\/sv\/#website","url":"https:\/\/saxbystone.com\/sv\/","name":"Saxby Stone","description":"Natural stone tiles","publisher":{"@id":"https:\/\/saxbystone.com\/sv\/#organization"},"potentialAction":[{"@type":"SearchAction","target":{"@type":"EntryPoint","urlTemplate":"https:\/\/saxbystone.com\/sv\/?s={search_term_string}"},"query-input":{"@type":"PropertyValueSpecification","valueRequired":true,"valueName":"search_term_string"}}],"inLanguage":"sv-SE"},{"@type":"Organization","@id":"https:\/\/saxbystone.com\/sv\/#organization","name":"Saxby Stone","url":"https:\/\/saxbystone.com\/sv\/","logo":{"@type":"ImageObject","inLanguage":"sv-SE","@id":"https:\/\/saxbystone.com\/sv\/#\/schema\/logo\/image\/","url":"https:\/\/saxbystone.com\/wp-content\/uploads\/2024\/09\/cropped-Saxby-Stone-logo-official-1st.png","contentUrl":"https:\/\/saxbystone.com\/wp-content\/uploads\/2024\/09\/cropped-Saxby-Stone-logo-official-1st.png","width":512,"height":512,"caption":"Saxby Stone"},"image":{"@id":"https:\/\/saxbystone.com\/sv\/#\/schema\/logo\/image\/"},"sameAs":["https:\/\/www.instagram.com\/saxbystone\/"]}]}},"_links":{"self":[{"href":"https:\/\/saxbystone.com\/sv\/wp-json\/wp\/v2\/product\/2674","targetHints":{"allow":["GET"]}}],"collection":[{"href":"https:\/\/saxbystone.com\/sv\/wp-json\/wp\/v2\/product"}],"about":[{"href":"https:\/\/saxbystone.com\/sv\/wp-json\/wp\/v2\/types\/product"}],"wp:featuredmedia":[{"embeddable":true,"href":"https:\/\/saxbystone.com\/sv\/wp-json\/wp\/v2\/media\/2681"}],"wp:attachment":[{"href":"https:\/\/saxbystone.com\/sv\/wp-json\/wp\/v2\/media?parent=2674"}],"wp:term":[{"taxonomy":"product_brand","embeddable":true,"href":"https:\/\/saxbystone.com\/sv\/wp-json\/wp\/v2\/product_brand?post=2674"},{"taxonomy":"product_cat","embeddable":true,"href":"https:\/\/saxbystone.com\/sv\/wp-json\/wp\/v2\/product_cat?post=2674"},{"taxonomy":"product_tag","embeddable":true,"href":"https:\/\/saxbystone.com\/sv\/wp-json\/wp\/v2\/product_tag?post=2674"}],"curies":[{"name":"wp","href":"https:\/\/api.w.org\/{rel}","templated":true}]}}