{"id":2563,"date":"2024-10-25T10:41:15","date_gmt":"2024-10-25T07:41:15","guid":{"rendered":"https:\/\/saxbystone.com\/?post_type=product&#038;p=2563"},"modified":"2026-04-08T10:59:36","modified_gmt":"2026-04-08T07:59:36","slug":"livonia","status":"publish","type":"product","link":"https:\/\/saxbystone.com\/sv\/produkt\/livonia\/","title":{"rendered":"Livonia Kalksten"},"content":{"rendered":"","protected":false},"excerpt":{"rendered":"<p class=\"has-medium-font-size\">Den h\u00e4r neutrala gr\u00e5gr\u00f6na kalkstenen \u00e4r k\u00e4nd b\u00e5de f\u00f6r sina rikliga fossiler och f\u00f6r sin extrema h\u00e5rdhet. Livoniakalkstenens l\u00e5nga livsl\u00e4ngd g\u00f6r den l\u00e4mplig f\u00f6r alla utrymmen i hemmet, inklusive badrum och k\u00f6ksb\u00e4nkskivor.<\/p>\n<p class=\"has-medium-font-size\">Tyska och italienska arkitekter valde nyligen att anv\u00e4nda Livoniakalksten som fasadpaneler p\u00e5 en stor kontorsbyggnad i M\u00fcnchen och resultatet var enast\u00e5ende.<\/p>\n<p class=\"has-medium-font-size\">Ett annat intressant faktum \u00e4r att Livoniakalksten bryts fr\u00e5n h\u00e5lrum djupt under jorden, en brytningsteknik som har minimal milj\u00f6p\u00e5verkan.<\/p>\n<p>Den finns att k\u00f6pa med slipad och borstad ytfinish.<\/p>\n<p><em>V\u00e4lj kakelstorlek f\u00f6r att se priset. Fri frakt vid best\u00e4llningar \u00f6ver 25 m<sup>2<\/sup>.<\/em><\/p>\n","protected":false},"featured_media":7678,"template":"","meta":{"_acf_changed":false},"product_brand":[],"product_cat":[88,54,78],"product_tag":[],"class_list":{"0":"post-2563","1":"product","2":"type-product","3":"status-publish","4":"has-post-thumbnail","6":"product_cat-alla-plattor","7":"product_cat-golv-och-vaggplattor","8":"product_cat-arbetsytor-fonsterbrador","10":"first","11":"instock","12":"shipping-taxable","13":"purchasable","14":"product-type-variable","15":"add-to-wishlist-after_add_to_cart"},"acf":[],"yoast_head":"<!-- This site is optimized with the Yoast SEO plugin v26.4 - https:\/\/yoast.com\/wordpress\/plugins\/seo\/ -->\n<title>Livonia Kalksten - Saxby Stone<\/title>\n<meta name=\"robots\" content=\"index, follow, max-snippet:-1, max-image-preview:large, max-video-preview:-1\" \/>\n<link rel=\"canonical\" href=\"https:\/\/saxbystone.com\/sv\/produkt\/livonia\/\" \/>\n<meta property=\"og:locale\" content=\"sv_SE\" \/>\n<meta property=\"og:type\" content=\"article\" \/>\n<meta property=\"og:title\" content=\"Livonia Kalksten - Saxby Stone\" \/>\n<meta property=\"og:description\" content=\"Den h\u00e4r neutrala gr\u00e5gr\u00f6na kalkstenen \u00e4r k\u00e4nd b\u00e5de f\u00f6r sina rikliga fossiler och f\u00f6r sin extrema h\u00e5rdhet. Livoniakalkstenens l\u00e5nga livsl\u00e4ngd g\u00f6r den l\u00e4mplig f\u00f6r alla utrymmen i hemmet, inklusive badrum och k\u00f6ksb\u00e4nkskivor. Tyska och italienska arkitekter valde nyligen att anv\u00e4nda Livoniakalksten som fasadpaneler p\u00e5 en stor kontorsbyggnad i M\u00fcnchen och resultatet var enast\u00e5ende. Ett annat intressant faktum \u00e4r att Livoniakalksten bryts fr\u00e5n h\u00e5lrum djupt under jorden, en brytningsteknik som har minimal milj\u00f6p\u00e5verkan. Den finns att k\u00f6pa med slipad och borstad ytfinish.  V\u00e4lj kakelstorlek f\u00f6r att se priset. Fri frakt vid best\u00e4llningar \u00f6ver 25 m2.\" \/>\n<meta property=\"og:url\" content=\"https:\/\/saxbystone.com\/sv\/produkt\/livonia\/\" \/>\n<meta property=\"og:site_name\" content=\"Saxby Stone\" \/>\n<meta property=\"article:modified_time\" content=\"2026-04-08T07:59:36+00:00\" \/>\n<meta property=\"og:image\" content=\"https:\/\/saxbystone.com\/wp-content\/uploads\/2024\/10\/Livonia-limestone-min-scaled.jpg\" \/>\n\t<meta property=\"og:image:width\" content=\"2560\" \/>\n\t<meta property=\"og:image:height\" content=\"2348\" \/>\n\t<meta property=\"og:image:type\" content=\"image\/jpeg\" \/>\n<meta name=\"twitter:card\" content=\"summary_large_image\" \/>\n<meta name=\"twitter:label1\" content=\"Ber\u00e4knad l\u00e4stid\" \/>\n\t<meta name=\"twitter:data1\" content=\"1 minut\" \/>\n<script type=\"application\/ld+json\" class=\"yoast-schema-graph\">{\"@context\":\"https:\/\/schema.org\",\"@graph\":[{\"@type\":\"WebPage\",\"@id\":\"https:\/\/saxbystone.com\/sv\/produkt\/livonia\/\",\"url\":\"https:\/\/saxbystone.com\/sv\/produkt\/livonia\/\",\"name\":\"Livonia Kalksten - Saxby Stone\",\"isPartOf\":{\"@id\":\"https:\/\/saxbystone.com\/sv\/#website\"},\"primaryImageOfPage\":{\"@id\":\"https:\/\/saxbystone.com\/sv\/produkt\/livonia\/#primaryimage\"},\"image\":{\"@id\":\"https:\/\/saxbystone.com\/sv\/produkt\/livonia\/#primaryimage\"},\"thumbnailUrl\":\"https:\/\/saxbystone.com\/wp-content\/uploads\/2024\/10\/Livonia-limestone-min-scaled.jpg\",\"datePublished\":\"2024-10-25T07:41:15+00:00\",\"dateModified\":\"2026-04-08T07:59:36+00:00\",\"breadcrumb\":{\"@id\":\"https:\/\/saxbystone.com\/sv\/produkt\/livonia\/#breadcrumb\"},\"inLanguage\":\"sv-SE\",\"potentialAction\":[{\"@type\":\"ReadAction\",\"target\":[\"https:\/\/saxbystone.com\/sv\/produkt\/livonia\/\"]}]},{\"@type\":\"ImageObject\",\"inLanguage\":\"sv-SE\",\"@id\":\"https:\/\/saxbystone.com\/sv\/produkt\/livonia\/#primaryimage\",\"url\":\"https:\/\/saxbystone.com\/wp-content\/uploads\/2024\/10\/Livonia-limestone-min-scaled.jpg\",\"contentUrl\":\"https:\/\/saxbystone.com\/wp-content\/uploads\/2024\/10\/Livonia-limestone-min-scaled.jpg\",\"width\":2560,\"height\":2348},{\"@type\":\"BreadcrumbList\",\"@id\":\"https:\/\/saxbystone.com\/sv\/produkt\/livonia\/#breadcrumb\",\"itemListElement\":[{\"@type\":\"ListItem\",\"position\":1,\"name\":\"Home\",\"item\":\"https:\/\/saxbystone.com\/sv\/\"},{\"@type\":\"ListItem\",\"position\":2,\"name\":\"Stenplattor\",\"item\":\"https:\/\/saxbystone.com\/stone-tiles\/\"},{\"@type\":\"ListItem\",\"position\":3,\"name\":\"Livonia Kalksten\"}]},{\"@type\":\"WebSite\",\"@id\":\"https:\/\/saxbystone.com\/sv\/#website\",\"url\":\"https:\/\/saxbystone.com\/sv\/\",\"name\":\"Saxby Stone\",\"description\":\"Natural stone tiles\",\"publisher\":{\"@id\":\"https:\/\/saxbystone.com\/sv\/#organization\"},\"potentialAction\":[{\"@type\":\"SearchAction\",\"target\":{\"@type\":\"EntryPoint\",\"urlTemplate\":\"https:\/\/saxbystone.com\/sv\/?s={search_term_string}\"},\"query-input\":{\"@type\":\"PropertyValueSpecification\",\"valueRequired\":true,\"valueName\":\"search_term_string\"}}],\"inLanguage\":\"sv-SE\"},{\"@type\":\"Organization\",\"@id\":\"https:\/\/saxbystone.com\/sv\/#organization\",\"name\":\"Saxby Stone\",\"url\":\"https:\/\/saxbystone.com\/sv\/\",\"logo\":{\"@type\":\"ImageObject\",\"inLanguage\":\"sv-SE\",\"@id\":\"https:\/\/saxbystone.com\/sv\/#\/schema\/logo\/image\/\",\"url\":\"https:\/\/saxbystone.com\/wp-content\/uploads\/2024\/09\/cropped-Saxby-Stone-logo-official-1st.png\",\"contentUrl\":\"https:\/\/saxbystone.com\/wp-content\/uploads\/2024\/09\/cropped-Saxby-Stone-logo-official-1st.png\",\"width\":512,\"height\":512,\"caption\":\"Saxby Stone\"},\"image\":{\"@id\":\"https:\/\/saxbystone.com\/sv\/#\/schema\/logo\/image\/\"},\"sameAs\":[\"https:\/\/www.instagram.com\/saxbystone\/\"]}]}<\/script>\n<!-- \/ Yoast SEO plugin. -->","yoast_head_json":{"title":"Livonia Kalksten - Saxby Stone","robots":{"index":"index","follow":"follow","max-snippet":"max-snippet:-1","max-image-preview":"max-image-preview:large","max-video-preview":"max-video-preview:-1"},"canonical":"https:\/\/saxbystone.com\/sv\/produkt\/livonia\/","og_locale":"sv_SE","og_type":"article","og_title":"Livonia Kalksten - Saxby Stone","og_description":"Den h\u00e4r neutrala gr\u00e5gr\u00f6na kalkstenen \u00e4r k\u00e4nd b\u00e5de f\u00f6r sina rikliga fossiler och f\u00f6r sin extrema h\u00e5rdhet. Livoniakalkstenens l\u00e5nga livsl\u00e4ngd g\u00f6r den l\u00e4mplig f\u00f6r alla utrymmen i hemmet, inklusive badrum och k\u00f6ksb\u00e4nkskivor. Tyska och italienska arkitekter valde nyligen att anv\u00e4nda Livoniakalksten som fasadpaneler p\u00e5 en stor kontorsbyggnad i M\u00fcnchen och resultatet var enast\u00e5ende. Ett annat intressant faktum \u00e4r att Livoniakalksten bryts fr\u00e5n h\u00e5lrum djupt under jorden, en brytningsteknik som har minimal milj\u00f6p\u00e5verkan. Den finns att k\u00f6pa med slipad och borstad ytfinish.  V\u00e4lj kakelstorlek f\u00f6r att se priset. Fri frakt vid best\u00e4llningar \u00f6ver 25 m2.","og_url":"https:\/\/saxbystone.com\/sv\/produkt\/livonia\/","og_site_name":"Saxby Stone","article_modified_time":"2026-04-08T07:59:36+00:00","og_image":[{"width":2560,"height":2348,"url":"https:\/\/saxbystone.com\/wp-content\/uploads\/2024\/10\/Livonia-limestone-min-scaled.jpg","type":"image\/jpeg"}],"twitter_card":"summary_large_image","twitter_misc":{"Ber\u00e4knad l\u00e4stid":"1 minut"},"schema":{"@context":"https:\/\/schema.org","@graph":[{"@type":"WebPage","@id":"https:\/\/saxbystone.com\/sv\/produkt\/livonia\/","url":"https:\/\/saxbystone.com\/sv\/produkt\/livonia\/","name":"Livonia Kalksten - Saxby Stone","isPartOf":{"@id":"https:\/\/saxbystone.com\/sv\/#website"},"primaryImageOfPage":{"@id":"https:\/\/saxbystone.com\/sv\/produkt\/livonia\/#primaryimage"},"image":{"@id":"https:\/\/saxbystone.com\/sv\/produkt\/livonia\/#primaryimage"},"thumbnailUrl":"https:\/\/saxbystone.com\/wp-content\/uploads\/2024\/10\/Livonia-limestone-min-scaled.jpg","datePublished":"2024-10-25T07:41:15+00:00","dateModified":"2026-04-08T07:59:36+00:00","breadcrumb":{"@id":"https:\/\/saxbystone.com\/sv\/produkt\/livonia\/#breadcrumb"},"inLanguage":"sv-SE","potentialAction":[{"@type":"ReadAction","target":["https:\/\/saxbystone.com\/sv\/produkt\/livonia\/"]}]},{"@type":"ImageObject","inLanguage":"sv-SE","@id":"https:\/\/saxbystone.com\/sv\/produkt\/livonia\/#primaryimage","url":"https:\/\/saxbystone.com\/wp-content\/uploads\/2024\/10\/Livonia-limestone-min-scaled.jpg","contentUrl":"https:\/\/saxbystone.com\/wp-content\/uploads\/2024\/10\/Livonia-limestone-min-scaled.jpg","width":2560,"height":2348},{"@type":"BreadcrumbList","@id":"https:\/\/saxbystone.com\/sv\/produkt\/livonia\/#breadcrumb","itemListElement":[{"@type":"ListItem","position":1,"name":"Home","item":"https:\/\/saxbystone.com\/sv\/"},{"@type":"ListItem","position":2,"name":"Stenplattor","item":"https:\/\/saxbystone.com\/stone-tiles\/"},{"@type":"ListItem","position":3,"name":"Livonia Kalksten"}]},{"@type":"WebSite","@id":"https:\/\/saxbystone.com\/sv\/#website","url":"https:\/\/saxbystone.com\/sv\/","name":"Saxby Stone","description":"Natural stone tiles","publisher":{"@id":"https:\/\/saxbystone.com\/sv\/#organization"},"potentialAction":[{"@type":"SearchAction","target":{"@type":"EntryPoint","urlTemplate":"https:\/\/saxbystone.com\/sv\/?s={search_term_string}"},"query-input":{"@type":"PropertyValueSpecification","valueRequired":true,"valueName":"search_term_string"}}],"inLanguage":"sv-SE"},{"@type":"Organization","@id":"https:\/\/saxbystone.com\/sv\/#organization","name":"Saxby Stone","url":"https:\/\/saxbystone.com\/sv\/","logo":{"@type":"ImageObject","inLanguage":"sv-SE","@id":"https:\/\/saxbystone.com\/sv\/#\/schema\/logo\/image\/","url":"https:\/\/saxbystone.com\/wp-content\/uploads\/2024\/09\/cropped-Saxby-Stone-logo-official-1st.png","contentUrl":"https:\/\/saxbystone.com\/wp-content\/uploads\/2024\/09\/cropped-Saxby-Stone-logo-official-1st.png","width":512,"height":512,"caption":"Saxby Stone"},"image":{"@id":"https:\/\/saxbystone.com\/sv\/#\/schema\/logo\/image\/"},"sameAs":["https:\/\/www.instagram.com\/saxbystone\/"]}]}},"_links":{"self":[{"href":"https:\/\/saxbystone.com\/sv\/wp-json\/wp\/v2\/product\/2563","targetHints":{"allow":["GET"]}}],"collection":[{"href":"https:\/\/saxbystone.com\/sv\/wp-json\/wp\/v2\/product"}],"about":[{"href":"https:\/\/saxbystone.com\/sv\/wp-json\/wp\/v2\/types\/product"}],"wp:featuredmedia":[{"embeddable":true,"href":"https:\/\/saxbystone.com\/sv\/wp-json\/wp\/v2\/media\/7678"}],"wp:attachment":[{"href":"https:\/\/saxbystone.com\/sv\/wp-json\/wp\/v2\/media?parent=2563"}],"wp:term":[{"taxonomy":"product_brand","embeddable":true,"href":"https:\/\/saxbystone.com\/sv\/wp-json\/wp\/v2\/product_brand?post=2563"},{"taxonomy":"product_cat","embeddable":true,"href":"https:\/\/saxbystone.com\/sv\/wp-json\/wp\/v2\/product_cat?post=2563"},{"taxonomy":"product_tag","embeddable":true,"href":"https:\/\/saxbystone.com\/sv\/wp-json\/wp\/v2\/product_tag?post=2563"}],"curies":[{"name":"wp","href":"https:\/\/api.w.org\/{rel}","templated":true}]}}