{"id":2535,"date":"2024-10-25T10:31:12","date_gmt":"2024-10-25T07:31:12","guid":{"rendered":"https:\/\/saxbystone.com\/?post_type=product&#038;p=2535"},"modified":"2025-11-26T11:58:10","modified_gmt":"2025-11-26T09:58:10","slug":"arensburg-avsagad","status":"publish","type":"product","link":"https:\/\/saxbystone.com\/sv\/produkt\/arensburg-avsagad\/","title":{"rendered":"Arensburg Kalksten, Avs\u00e5gad"},"content":{"rendered":"","protected":false},"excerpt":{"rendered":"<p>Vid utv\u00e4ndig anv\u00e4ndning som fasadpaneler skapar Arensburg kalksten med s\u00e5gad ytfinish en effekt av ljusgr\u00e5 tegelstenar. En av de b\u00e4sta egenskaperna hos Arensburg kalksten \u00e4r dess best\u00e4ndighet mot upprepad frysning och upptining, vilket g\u00f6r den till en av ytterst f\u00e5 kalkstenar som kan anv\u00e4ndas som fasadplattor i det nordiska klimatet. Arensburg kalksten, som \u00e4r en stor favorit bland v\u00e5ra svenska kunder, bryts i n\u00e4rheten av Tallinn, eller Reval som staden en g\u00e5ng hette.<\/p>\n<p><em>V\u00e4lj kakelstorlek f\u00f6r att se priset. Fri frakt vid best\u00e4llningar \u00f6ver 25 m<sup>2<\/sup>. <i><span lang=\"SV\">Rabatt p\u00e5 best\u00e4llningar \u00f6ver 100 m<sup>2<\/sup><\/span><\/i>.<\/em><\/p>\n","protected":false},"featured_media":7335,"template":"","meta":{"_acf_changed":false},"product_brand":[],"product_cat":[88,69],"product_tag":[],"class_list":{"0":"post-2535","1":"product","2":"type-product","3":"status-publish","4":"has-post-thumbnail","6":"product_cat-alla-plattor","7":"product_cat-fasadsten","9":"first","10":"instock","11":"shipping-taxable","12":"purchasable","13":"product-type-variable","14":"add-to-wishlist-after_add_to_cart"},"acf":[],"yoast_head":"<!-- This site is optimized with the Yoast SEO plugin v26.4 - https:\/\/yoast.com\/wordpress\/plugins\/seo\/ -->\n<title>Arensburg Kalksten, Avs\u00e5gad - Saxby Stone<\/title>\n<meta name=\"robots\" content=\"index, follow, max-snippet:-1, max-image-preview:large, max-video-preview:-1\" \/>\n<link rel=\"canonical\" href=\"https:\/\/saxbystone.com\/sv\/produkt\/arensburg-avsagad\/\" \/>\n<meta property=\"og:locale\" content=\"sv_SE\" \/>\n<meta property=\"og:type\" content=\"article\" \/>\n<meta property=\"og:title\" content=\"Arensburg Kalksten, Avs\u00e5gad - Saxby Stone\" \/>\n<meta property=\"og:description\" content=\"Vid utv\u00e4ndig anv\u00e4ndning som fasadpaneler skapar Arensburg kalksten med s\u00e5gad ytfinish en effekt av ljusgr\u00e5 tegelstenar. En av de b\u00e4sta egenskaperna hos Arensburg kalksten \u00e4r dess best\u00e4ndighet mot upprepad frysning och upptining, vilket g\u00f6r den till en av ytterst f\u00e5 kalkstenar som kan anv\u00e4ndas som fasadplattor i det nordiska klimatet. Arensburg kalksten, som \u00e4r en stor favorit bland v\u00e5ra svenska kunder, bryts i n\u00e4rheten av Tallinn, eller Reval som staden en g\u00e5ng hette.  V\u00e4lj kakelstorlek f\u00f6r att se priset. Fri frakt vid best\u00e4llningar \u00f6ver 25 m2. Rabatt p\u00e5 best\u00e4llningar \u00f6ver 100 m2.\" \/>\n<meta property=\"og:url\" content=\"https:\/\/saxbystone.com\/sv\/produkt\/arensburg-avsagad\/\" \/>\n<meta property=\"og:site_name\" content=\"Saxby Stone\" \/>\n<meta property=\"article:modified_time\" content=\"2025-11-26T09:58:10+00:00\" \/>\n<meta property=\"og:image\" content=\"https:\/\/saxbystone.com\/wp-content\/uploads\/2024\/10\/Arensburg-Sawn-Noblessner.jpg\" \/>\n\t<meta property=\"og:image:width\" content=\"1030\" \/>\n\t<meta property=\"og:image:height\" content=\"687\" \/>\n\t<meta property=\"og:image:type\" content=\"image\/jpeg\" \/>\n<meta name=\"twitter:card\" content=\"summary_large_image\" \/>\n<meta name=\"twitter:label1\" content=\"Ber\u00e4knad l\u00e4stid\" \/>\n\t<meta name=\"twitter:data1\" content=\"1 minut\" \/>\n<script type=\"application\/ld+json\" class=\"yoast-schema-graph\">{\"@context\":\"https:\/\/schema.org\",\"@graph\":[{\"@type\":\"WebPage\",\"@id\":\"https:\/\/saxbystone.com\/sv\/produkt\/arensburg-avsagad\/\",\"url\":\"https:\/\/saxbystone.com\/sv\/produkt\/arensburg-avsagad\/\",\"name\":\"Arensburg Kalksten, Avs\u00e5gad - Saxby Stone\",\"isPartOf\":{\"@id\":\"https:\/\/saxbystone.com\/sv\/#website\"},\"primaryImageOfPage\":{\"@id\":\"https:\/\/saxbystone.com\/sv\/produkt\/arensburg-avsagad\/#primaryimage\"},\"image\":{\"@id\":\"https:\/\/saxbystone.com\/sv\/produkt\/arensburg-avsagad\/#primaryimage\"},\"thumbnailUrl\":\"https:\/\/saxbystone.com\/wp-content\/uploads\/2024\/10\/Arensburg-Sawn-Noblessner.jpg\",\"datePublished\":\"2024-10-25T07:31:12+00:00\",\"dateModified\":\"2025-11-26T09:58:10+00:00\",\"breadcrumb\":{\"@id\":\"https:\/\/saxbystone.com\/sv\/produkt\/arensburg-avsagad\/#breadcrumb\"},\"inLanguage\":\"sv-SE\",\"potentialAction\":[{\"@type\":\"ReadAction\",\"target\":[\"https:\/\/saxbystone.com\/sv\/produkt\/arensburg-avsagad\/\"]}]},{\"@type\":\"ImageObject\",\"inLanguage\":\"sv-SE\",\"@id\":\"https:\/\/saxbystone.com\/sv\/produkt\/arensburg-avsagad\/#primaryimage\",\"url\":\"https:\/\/saxbystone.com\/wp-content\/uploads\/2024\/10\/Arensburg-Sawn-Noblessner.jpg\",\"contentUrl\":\"https:\/\/saxbystone.com\/wp-content\/uploads\/2024\/10\/Arensburg-Sawn-Noblessner.jpg\",\"width\":1030,\"height\":687},{\"@type\":\"BreadcrumbList\",\"@id\":\"https:\/\/saxbystone.com\/sv\/produkt\/arensburg-avsagad\/#breadcrumb\",\"itemListElement\":[{\"@type\":\"ListItem\",\"position\":1,\"name\":\"Home\",\"item\":\"https:\/\/saxbystone.com\/sv\/\"},{\"@type\":\"ListItem\",\"position\":2,\"name\":\"Stenplattor\",\"item\":\"https:\/\/saxbystone.com\/stone-tiles\/\"},{\"@type\":\"ListItem\",\"position\":3,\"name\":\"Arensburg Kalksten, Avs\u00e5gad\"}]},{\"@type\":\"WebSite\",\"@id\":\"https:\/\/saxbystone.com\/sv\/#website\",\"url\":\"https:\/\/saxbystone.com\/sv\/\",\"name\":\"Saxby Stone\",\"description\":\"Natural stone tiles\",\"publisher\":{\"@id\":\"https:\/\/saxbystone.com\/sv\/#organization\"},\"potentialAction\":[{\"@type\":\"SearchAction\",\"target\":{\"@type\":\"EntryPoint\",\"urlTemplate\":\"https:\/\/saxbystone.com\/sv\/?s={search_term_string}\"},\"query-input\":{\"@type\":\"PropertyValueSpecification\",\"valueRequired\":true,\"valueName\":\"search_term_string\"}}],\"inLanguage\":\"sv-SE\"},{\"@type\":\"Organization\",\"@id\":\"https:\/\/saxbystone.com\/sv\/#organization\",\"name\":\"Saxby Stone\",\"url\":\"https:\/\/saxbystone.com\/sv\/\",\"logo\":{\"@type\":\"ImageObject\",\"inLanguage\":\"sv-SE\",\"@id\":\"https:\/\/saxbystone.com\/sv\/#\/schema\/logo\/image\/\",\"url\":\"https:\/\/saxbystone.com\/wp-content\/uploads\/2024\/09\/cropped-Saxby-Stone-logo-official-1st.png\",\"contentUrl\":\"https:\/\/saxbystone.com\/wp-content\/uploads\/2024\/09\/cropped-Saxby-Stone-logo-official-1st.png\",\"width\":512,\"height\":512,\"caption\":\"Saxby Stone\"},\"image\":{\"@id\":\"https:\/\/saxbystone.com\/sv\/#\/schema\/logo\/image\/\"},\"sameAs\":[\"https:\/\/www.instagram.com\/saxbystone\/\"]}]}<\/script>\n<!-- \/ Yoast SEO plugin. -->","yoast_head_json":{"title":"Arensburg Kalksten, Avs\u00e5gad - Saxby Stone","robots":{"index":"index","follow":"follow","max-snippet":"max-snippet:-1","max-image-preview":"max-image-preview:large","max-video-preview":"max-video-preview:-1"},"canonical":"https:\/\/saxbystone.com\/sv\/produkt\/arensburg-avsagad\/","og_locale":"sv_SE","og_type":"article","og_title":"Arensburg Kalksten, Avs\u00e5gad - Saxby Stone","og_description":"Vid utv\u00e4ndig anv\u00e4ndning som fasadpaneler skapar Arensburg kalksten med s\u00e5gad ytfinish en effekt av ljusgr\u00e5 tegelstenar. En av de b\u00e4sta egenskaperna hos Arensburg kalksten \u00e4r dess best\u00e4ndighet mot upprepad frysning och upptining, vilket g\u00f6r den till en av ytterst f\u00e5 kalkstenar som kan anv\u00e4ndas som fasadplattor i det nordiska klimatet. Arensburg kalksten, som \u00e4r en stor favorit bland v\u00e5ra svenska kunder, bryts i n\u00e4rheten av Tallinn, eller Reval som staden en g\u00e5ng hette.  V\u00e4lj kakelstorlek f\u00f6r att se priset. Fri frakt vid best\u00e4llningar \u00f6ver 25 m2. Rabatt p\u00e5 best\u00e4llningar \u00f6ver 100 m2.","og_url":"https:\/\/saxbystone.com\/sv\/produkt\/arensburg-avsagad\/","og_site_name":"Saxby Stone","article_modified_time":"2025-11-26T09:58:10+00:00","og_image":[{"width":1030,"height":687,"url":"https:\/\/saxbystone.com\/wp-content\/uploads\/2024\/10\/Arensburg-Sawn-Noblessner.jpg","type":"image\/jpeg"}],"twitter_card":"summary_large_image","twitter_misc":{"Ber\u00e4knad l\u00e4stid":"1 minut"},"schema":{"@context":"https:\/\/schema.org","@graph":[{"@type":"WebPage","@id":"https:\/\/saxbystone.com\/sv\/produkt\/arensburg-avsagad\/","url":"https:\/\/saxbystone.com\/sv\/produkt\/arensburg-avsagad\/","name":"Arensburg Kalksten, Avs\u00e5gad - Saxby Stone","isPartOf":{"@id":"https:\/\/saxbystone.com\/sv\/#website"},"primaryImageOfPage":{"@id":"https:\/\/saxbystone.com\/sv\/produkt\/arensburg-avsagad\/#primaryimage"},"image":{"@id":"https:\/\/saxbystone.com\/sv\/produkt\/arensburg-avsagad\/#primaryimage"},"thumbnailUrl":"https:\/\/saxbystone.com\/wp-content\/uploads\/2024\/10\/Arensburg-Sawn-Noblessner.jpg","datePublished":"2024-10-25T07:31:12+00:00","dateModified":"2025-11-26T09:58:10+00:00","breadcrumb":{"@id":"https:\/\/saxbystone.com\/sv\/produkt\/arensburg-avsagad\/#breadcrumb"},"inLanguage":"sv-SE","potentialAction":[{"@type":"ReadAction","target":["https:\/\/saxbystone.com\/sv\/produkt\/arensburg-avsagad\/"]}]},{"@type":"ImageObject","inLanguage":"sv-SE","@id":"https:\/\/saxbystone.com\/sv\/produkt\/arensburg-avsagad\/#primaryimage","url":"https:\/\/saxbystone.com\/wp-content\/uploads\/2024\/10\/Arensburg-Sawn-Noblessner.jpg","contentUrl":"https:\/\/saxbystone.com\/wp-content\/uploads\/2024\/10\/Arensburg-Sawn-Noblessner.jpg","width":1030,"height":687},{"@type":"BreadcrumbList","@id":"https:\/\/saxbystone.com\/sv\/produkt\/arensburg-avsagad\/#breadcrumb","itemListElement":[{"@type":"ListItem","position":1,"name":"Home","item":"https:\/\/saxbystone.com\/sv\/"},{"@type":"ListItem","position":2,"name":"Stenplattor","item":"https:\/\/saxbystone.com\/stone-tiles\/"},{"@type":"ListItem","position":3,"name":"Arensburg Kalksten, Avs\u00e5gad"}]},{"@type":"WebSite","@id":"https:\/\/saxbystone.com\/sv\/#website","url":"https:\/\/saxbystone.com\/sv\/","name":"Saxby Stone","description":"Natural stone tiles","publisher":{"@id":"https:\/\/saxbystone.com\/sv\/#organization"},"potentialAction":[{"@type":"SearchAction","target":{"@type":"EntryPoint","urlTemplate":"https:\/\/saxbystone.com\/sv\/?s={search_term_string}"},"query-input":{"@type":"PropertyValueSpecification","valueRequired":true,"valueName":"search_term_string"}}],"inLanguage":"sv-SE"},{"@type":"Organization","@id":"https:\/\/saxbystone.com\/sv\/#organization","name":"Saxby Stone","url":"https:\/\/saxbystone.com\/sv\/","logo":{"@type":"ImageObject","inLanguage":"sv-SE","@id":"https:\/\/saxbystone.com\/sv\/#\/schema\/logo\/image\/","url":"https:\/\/saxbystone.com\/wp-content\/uploads\/2024\/09\/cropped-Saxby-Stone-logo-official-1st.png","contentUrl":"https:\/\/saxbystone.com\/wp-content\/uploads\/2024\/09\/cropped-Saxby-Stone-logo-official-1st.png","width":512,"height":512,"caption":"Saxby Stone"},"image":{"@id":"https:\/\/saxbystone.com\/sv\/#\/schema\/logo\/image\/"},"sameAs":["https:\/\/www.instagram.com\/saxbystone\/"]}]}},"_links":{"self":[{"href":"https:\/\/saxbystone.com\/sv\/wp-json\/wp\/v2\/product\/2535","targetHints":{"allow":["GET"]}}],"collection":[{"href":"https:\/\/saxbystone.com\/sv\/wp-json\/wp\/v2\/product"}],"about":[{"href":"https:\/\/saxbystone.com\/sv\/wp-json\/wp\/v2\/types\/product"}],"wp:featuredmedia":[{"embeddable":true,"href":"https:\/\/saxbystone.com\/sv\/wp-json\/wp\/v2\/media\/7335"}],"wp:attachment":[{"href":"https:\/\/saxbystone.com\/sv\/wp-json\/wp\/v2\/media?parent=2535"}],"wp:term":[{"taxonomy":"product_brand","embeddable":true,"href":"https:\/\/saxbystone.com\/sv\/wp-json\/wp\/v2\/product_brand?post=2535"},{"taxonomy":"product_cat","embeddable":true,"href":"https:\/\/saxbystone.com\/sv\/wp-json\/wp\/v2\/product_cat?post=2535"},{"taxonomy":"product_tag","embeddable":true,"href":"https:\/\/saxbystone.com\/sv\/wp-json\/wp\/v2\/product_tag?post=2535"}],"curies":[{"name":"wp","href":"https:\/\/api.w.org\/{rel}","templated":true}]}}