{"id":2493,"date":"2024-10-25T10:08:28","date_gmt":"2024-10-25T07:08:28","guid":{"rendered":"https:\/\/saxbystone.com\/?post_type=product&#038;p=2493"},"modified":"2025-11-26T12:00:49","modified_gmt":"2025-11-26T10:00:49","slug":"arensburg-borstad","status":"publish","type":"product","link":"https:\/\/saxbystone.com\/sv\/produkt\/arensburg-borstad\/","title":{"rendered":"Arensburg Kalksten, Borstad"},"content":{"rendered":"","protected":false},"excerpt":{"rendered":"<p>Arensburg kalksten med borstad ytfinish anv\u00e4nds oftare i historiska sammanhang, vid renovering av gamla byggnader som herrg\u00e5rdar eller kyrkor, men \u00e4ven i nybyggda hem vid behov av b\u00e4ttre halkskydd f\u00f6r golven i v\u00e5trum eller bastur.<\/p>\n<p>I bra ljusf\u00f6rh\u00e5llanden, med mycket naturligt ljus, har borstad Baltic Grey kalksten en ljus bl\u00e5gr\u00e5 f\u00e4rgton som i artificiellt ljus f\u00e5r en m\u00f6rkare gr\u00e5 framtoning, vilket \u00e4ven framg\u00e5r av bilderna. Stenens f\u00e4rgnyanser s\u00e4gs \u00e5terspegla hum\u00f6rsv\u00e4ngningarna hos \u00d6stersj\u00f6n.<\/p>\n<p>Plattor i Arensburg kalksten med borstad yta ser extra imponerande ut i st\u00f6rre format s\u00e5som 900 x 600 mm eller 600 x fallande l\u00e4ngder.<\/p>\n<p><em>V\u00e4lj kakelstorlek f\u00f6r att se priset. Fri frakt vid best\u00e4llningar \u00f6ver 25 m<sup>2<\/sup>. <i><span lang=\"SV\">Rabatt p\u00e5 best\u00e4llningar \u00f6ver 100 m<sup>2<\/sup><\/span><\/i>.<\/em><\/p>\n","protected":false},"featured_media":7293,"template":"","meta":{"_acf_changed":false},"product_brand":[],"product_cat":[88,54],"product_tag":[],"class_list":{"0":"post-2493","1":"product","2":"type-product","3":"status-publish","4":"has-post-thumbnail","6":"product_cat-alla-plattor","7":"product_cat-golv-och-vaggplattor","9":"first","10":"instock","11":"shipping-taxable","12":"purchasable","13":"product-type-variable","14":"add-to-wishlist-after_add_to_cart"},"acf":[],"yoast_head":"<!-- This site is optimized with the Yoast SEO plugin v26.4 - https:\/\/yoast.com\/wordpress\/plugins\/seo\/ -->\n<title>Arensburg Kalksten, Borstad - Saxby Stone<\/title>\n<meta name=\"robots\" content=\"index, follow, max-snippet:-1, max-image-preview:large, max-video-preview:-1\" \/>\n<link rel=\"canonical\" href=\"https:\/\/saxbystone.com\/sv\/produkt\/arensburg-borstad\/\" \/>\n<meta property=\"og:locale\" content=\"sv_SE\" \/>\n<meta property=\"og:type\" content=\"article\" \/>\n<meta property=\"og:title\" content=\"Arensburg Kalksten, Borstad - Saxby Stone\" \/>\n<meta property=\"og:description\" content=\"Arensburg kalksten med borstad ytfinish anv\u00e4nds oftare i historiska sammanhang, vid renovering av gamla byggnader som herrg\u00e5rdar eller kyrkor, men \u00e4ven i nybyggda hem vid behov av b\u00e4ttre halkskydd f\u00f6r golven i v\u00e5trum eller bastur.  I bra ljusf\u00f6rh\u00e5llanden, med mycket naturligt ljus, har borstad Baltic Grey kalksten en ljus bl\u00e5gr\u00e5 f\u00e4rgton som i artificiellt ljus f\u00e5r en m\u00f6rkare gr\u00e5 framtoning, vilket \u00e4ven framg\u00e5r av bilderna. Stenens f\u00e4rgnyanser s\u00e4gs \u00e5terspegla hum\u00f6rsv\u00e4ngningarna hos \u00d6stersj\u00f6n.  Plattor i Arensburg kalksten med borstad yta ser extra imponerande ut i st\u00f6rre format s\u00e5som 900 x 600 mm eller 600 x fallande l\u00e4ngder.  V\u00e4lj kakelstorlek f\u00f6r att se priset. Fri frakt vid best\u00e4llningar \u00f6ver 25 m2. Rabatt p\u00e5 best\u00e4llningar \u00f6ver 100 m2.\" \/>\n<meta property=\"og:url\" content=\"https:\/\/saxbystone.com\/sv\/produkt\/arensburg-borstad\/\" \/>\n<meta property=\"og:site_name\" content=\"Saxby Stone\" \/>\n<meta property=\"article:modified_time\" content=\"2025-11-26T10:00:49+00:00\" \/>\n<meta property=\"og:image\" content=\"https:\/\/saxbystone.com\/wp-content\/uploads\/2024\/10\/Arensburg-Limestone-Brushed-1.jpg\" \/>\n\t<meta property=\"og:image:width\" content=\"715\" \/>\n\t<meta property=\"og:image:height\" content=\"500\" \/>\n\t<meta property=\"og:image:type\" content=\"image\/jpeg\" \/>\n<meta name=\"twitter:card\" content=\"summary_large_image\" \/>\n<meta name=\"twitter:label1\" content=\"Ber\u00e4knad l\u00e4stid\" \/>\n\t<meta name=\"twitter:data1\" content=\"1 minut\" \/>\n<script type=\"application\/ld+json\" class=\"yoast-schema-graph\">{\"@context\":\"https:\/\/schema.org\",\"@graph\":[{\"@type\":\"WebPage\",\"@id\":\"https:\/\/saxbystone.com\/sv\/produkt\/arensburg-borstad\/\",\"url\":\"https:\/\/saxbystone.com\/sv\/produkt\/arensburg-borstad\/\",\"name\":\"Arensburg Kalksten, Borstad - Saxby Stone\",\"isPartOf\":{\"@id\":\"https:\/\/saxbystone.com\/sv\/#website\"},\"primaryImageOfPage\":{\"@id\":\"https:\/\/saxbystone.com\/sv\/produkt\/arensburg-borstad\/#primaryimage\"},\"image\":{\"@id\":\"https:\/\/saxbystone.com\/sv\/produkt\/arensburg-borstad\/#primaryimage\"},\"thumbnailUrl\":\"https:\/\/saxbystone.com\/wp-content\/uploads\/2024\/10\/Arensburg-Limestone-Brushed-1.jpg\",\"datePublished\":\"2024-10-25T07:08:28+00:00\",\"dateModified\":\"2025-11-26T10:00:49+00:00\",\"breadcrumb\":{\"@id\":\"https:\/\/saxbystone.com\/sv\/produkt\/arensburg-borstad\/#breadcrumb\"},\"inLanguage\":\"sv-SE\",\"potentialAction\":[{\"@type\":\"ReadAction\",\"target\":[\"https:\/\/saxbystone.com\/sv\/produkt\/arensburg-borstad\/\"]}]},{\"@type\":\"ImageObject\",\"inLanguage\":\"sv-SE\",\"@id\":\"https:\/\/saxbystone.com\/sv\/produkt\/arensburg-borstad\/#primaryimage\",\"url\":\"https:\/\/saxbystone.com\/wp-content\/uploads\/2024\/10\/Arensburg-Limestone-Brushed-1.jpg\",\"contentUrl\":\"https:\/\/saxbystone.com\/wp-content\/uploads\/2024\/10\/Arensburg-Limestone-Brushed-1.jpg\",\"width\":715,\"height\":500},{\"@type\":\"BreadcrumbList\",\"@id\":\"https:\/\/saxbystone.com\/sv\/produkt\/arensburg-borstad\/#breadcrumb\",\"itemListElement\":[{\"@type\":\"ListItem\",\"position\":1,\"name\":\"Home\",\"item\":\"https:\/\/saxbystone.com\/sv\/\"},{\"@type\":\"ListItem\",\"position\":2,\"name\":\"Stenplattor\",\"item\":\"https:\/\/saxbystone.com\/stone-tiles\/\"},{\"@type\":\"ListItem\",\"position\":3,\"name\":\"Arensburg Kalksten, Borstad\"}]},{\"@type\":\"WebSite\",\"@id\":\"https:\/\/saxbystone.com\/sv\/#website\",\"url\":\"https:\/\/saxbystone.com\/sv\/\",\"name\":\"Saxby Stone\",\"description\":\"Natural stone tiles\",\"publisher\":{\"@id\":\"https:\/\/saxbystone.com\/sv\/#organization\"},\"potentialAction\":[{\"@type\":\"SearchAction\",\"target\":{\"@type\":\"EntryPoint\",\"urlTemplate\":\"https:\/\/saxbystone.com\/sv\/?s={search_term_string}\"},\"query-input\":{\"@type\":\"PropertyValueSpecification\",\"valueRequired\":true,\"valueName\":\"search_term_string\"}}],\"inLanguage\":\"sv-SE\"},{\"@type\":\"Organization\",\"@id\":\"https:\/\/saxbystone.com\/sv\/#organization\",\"name\":\"Saxby Stone\",\"url\":\"https:\/\/saxbystone.com\/sv\/\",\"logo\":{\"@type\":\"ImageObject\",\"inLanguage\":\"sv-SE\",\"@id\":\"https:\/\/saxbystone.com\/sv\/#\/schema\/logo\/image\/\",\"url\":\"https:\/\/saxbystone.com\/wp-content\/uploads\/2024\/09\/cropped-Saxby-Stone-logo-official-1st.png\",\"contentUrl\":\"https:\/\/saxbystone.com\/wp-content\/uploads\/2024\/09\/cropped-Saxby-Stone-logo-official-1st.png\",\"width\":512,\"height\":512,\"caption\":\"Saxby Stone\"},\"image\":{\"@id\":\"https:\/\/saxbystone.com\/sv\/#\/schema\/logo\/image\/\"},\"sameAs\":[\"https:\/\/www.instagram.com\/saxbystone\/\"]}]}<\/script>\n<!-- \/ Yoast SEO plugin. -->","yoast_head_json":{"title":"Arensburg Kalksten, Borstad - Saxby Stone","robots":{"index":"index","follow":"follow","max-snippet":"max-snippet:-1","max-image-preview":"max-image-preview:large","max-video-preview":"max-video-preview:-1"},"canonical":"https:\/\/saxbystone.com\/sv\/produkt\/arensburg-borstad\/","og_locale":"sv_SE","og_type":"article","og_title":"Arensburg Kalksten, Borstad - Saxby Stone","og_description":"Arensburg kalksten med borstad ytfinish anv\u00e4nds oftare i historiska sammanhang, vid renovering av gamla byggnader som herrg\u00e5rdar eller kyrkor, men \u00e4ven i nybyggda hem vid behov av b\u00e4ttre halkskydd f\u00f6r golven i v\u00e5trum eller bastur.  I bra ljusf\u00f6rh\u00e5llanden, med mycket naturligt ljus, har borstad Baltic Grey kalksten en ljus bl\u00e5gr\u00e5 f\u00e4rgton som i artificiellt ljus f\u00e5r en m\u00f6rkare gr\u00e5 framtoning, vilket \u00e4ven framg\u00e5r av bilderna. Stenens f\u00e4rgnyanser s\u00e4gs \u00e5terspegla hum\u00f6rsv\u00e4ngningarna hos \u00d6stersj\u00f6n.  Plattor i Arensburg kalksten med borstad yta ser extra imponerande ut i st\u00f6rre format s\u00e5som 900 x 600 mm eller 600 x fallande l\u00e4ngder.  V\u00e4lj kakelstorlek f\u00f6r att se priset. Fri frakt vid best\u00e4llningar \u00f6ver 25 m2. Rabatt p\u00e5 best\u00e4llningar \u00f6ver 100 m2.","og_url":"https:\/\/saxbystone.com\/sv\/produkt\/arensburg-borstad\/","og_site_name":"Saxby Stone","article_modified_time":"2025-11-26T10:00:49+00:00","og_image":[{"width":715,"height":500,"url":"https:\/\/saxbystone.com\/wp-content\/uploads\/2024\/10\/Arensburg-Limestone-Brushed-1.jpg","type":"image\/jpeg"}],"twitter_card":"summary_large_image","twitter_misc":{"Ber\u00e4knad l\u00e4stid":"1 minut"},"schema":{"@context":"https:\/\/schema.org","@graph":[{"@type":"WebPage","@id":"https:\/\/saxbystone.com\/sv\/produkt\/arensburg-borstad\/","url":"https:\/\/saxbystone.com\/sv\/produkt\/arensburg-borstad\/","name":"Arensburg Kalksten, Borstad - Saxby Stone","isPartOf":{"@id":"https:\/\/saxbystone.com\/sv\/#website"},"primaryImageOfPage":{"@id":"https:\/\/saxbystone.com\/sv\/produkt\/arensburg-borstad\/#primaryimage"},"image":{"@id":"https:\/\/saxbystone.com\/sv\/produkt\/arensburg-borstad\/#primaryimage"},"thumbnailUrl":"https:\/\/saxbystone.com\/wp-content\/uploads\/2024\/10\/Arensburg-Limestone-Brushed-1.jpg","datePublished":"2024-10-25T07:08:28+00:00","dateModified":"2025-11-26T10:00:49+00:00","breadcrumb":{"@id":"https:\/\/saxbystone.com\/sv\/produkt\/arensburg-borstad\/#breadcrumb"},"inLanguage":"sv-SE","potentialAction":[{"@type":"ReadAction","target":["https:\/\/saxbystone.com\/sv\/produkt\/arensburg-borstad\/"]}]},{"@type":"ImageObject","inLanguage":"sv-SE","@id":"https:\/\/saxbystone.com\/sv\/produkt\/arensburg-borstad\/#primaryimage","url":"https:\/\/saxbystone.com\/wp-content\/uploads\/2024\/10\/Arensburg-Limestone-Brushed-1.jpg","contentUrl":"https:\/\/saxbystone.com\/wp-content\/uploads\/2024\/10\/Arensburg-Limestone-Brushed-1.jpg","width":715,"height":500},{"@type":"BreadcrumbList","@id":"https:\/\/saxbystone.com\/sv\/produkt\/arensburg-borstad\/#breadcrumb","itemListElement":[{"@type":"ListItem","position":1,"name":"Home","item":"https:\/\/saxbystone.com\/sv\/"},{"@type":"ListItem","position":2,"name":"Stenplattor","item":"https:\/\/saxbystone.com\/stone-tiles\/"},{"@type":"ListItem","position":3,"name":"Arensburg Kalksten, Borstad"}]},{"@type":"WebSite","@id":"https:\/\/saxbystone.com\/sv\/#website","url":"https:\/\/saxbystone.com\/sv\/","name":"Saxby Stone","description":"Natural stone tiles","publisher":{"@id":"https:\/\/saxbystone.com\/sv\/#organization"},"potentialAction":[{"@type":"SearchAction","target":{"@type":"EntryPoint","urlTemplate":"https:\/\/saxbystone.com\/sv\/?s={search_term_string}"},"query-input":{"@type":"PropertyValueSpecification","valueRequired":true,"valueName":"search_term_string"}}],"inLanguage":"sv-SE"},{"@type":"Organization","@id":"https:\/\/saxbystone.com\/sv\/#organization","name":"Saxby Stone","url":"https:\/\/saxbystone.com\/sv\/","logo":{"@type":"ImageObject","inLanguage":"sv-SE","@id":"https:\/\/saxbystone.com\/sv\/#\/schema\/logo\/image\/","url":"https:\/\/saxbystone.com\/wp-content\/uploads\/2024\/09\/cropped-Saxby-Stone-logo-official-1st.png","contentUrl":"https:\/\/saxbystone.com\/wp-content\/uploads\/2024\/09\/cropped-Saxby-Stone-logo-official-1st.png","width":512,"height":512,"caption":"Saxby Stone"},"image":{"@id":"https:\/\/saxbystone.com\/sv\/#\/schema\/logo\/image\/"},"sameAs":["https:\/\/www.instagram.com\/saxbystone\/"]}]}},"_links":{"self":[{"href":"https:\/\/saxbystone.com\/sv\/wp-json\/wp\/v2\/product\/2493","targetHints":{"allow":["GET"]}}],"collection":[{"href":"https:\/\/saxbystone.com\/sv\/wp-json\/wp\/v2\/product"}],"about":[{"href":"https:\/\/saxbystone.com\/sv\/wp-json\/wp\/v2\/types\/product"}],"wp:featuredmedia":[{"embeddable":true,"href":"https:\/\/saxbystone.com\/sv\/wp-json\/wp\/v2\/media\/7293"}],"wp:attachment":[{"href":"https:\/\/saxbystone.com\/sv\/wp-json\/wp\/v2\/media?parent=2493"}],"wp:term":[{"taxonomy":"product_brand","embeddable":true,"href":"https:\/\/saxbystone.com\/sv\/wp-json\/wp\/v2\/product_brand?post=2493"},{"taxonomy":"product_cat","embeddable":true,"href":"https:\/\/saxbystone.com\/sv\/wp-json\/wp\/v2\/product_cat?post=2493"},{"taxonomy":"product_tag","embeddable":true,"href":"https:\/\/saxbystone.com\/sv\/wp-json\/wp\/v2\/product_tag?post=2493"}],"curies":[{"name":"wp","href":"https:\/\/api.w.org\/{rel}","templated":true}]}}