{"id":2448,"date":"2024-10-24T10:31:34","date_gmt":"2024-10-24T07:31:34","guid":{"rendered":"https:\/\/saxbystone.com\/?post_type=product&#038;p=2448"},"modified":"2025-11-26T12:02:10","modified_gmt":"2025-11-26T10:02:10","slug":"arensburg-slipad","status":"publish","type":"product","link":"https:\/\/saxbystone.com\/sv\/produkt\/arensburg-slipad\/","title":{"rendered":"Arensburg Kalksten, Slipad"},"content":{"rendered":"","protected":false},"excerpt":{"rendered":"<p>Arensburg kalksten \u00e4r en extremt h\u00e5rd och fossilrik dolomitkalksten fr\u00e5n ett berglager som str\u00e4cker sig genom \u00d6stersj\u00f6n fr\u00e5n \u00d6land i Sverige till Estlands huvudstad Tallinn, eller Reval som den en g\u00e5ng hette. Arensburg kalksten har blivit en \u00e4lskad favorit bland arkitekter och inredningsarkitekter \u00f6ver hela Skandinavien, d\u00e4r den ofta anv\u00e4nds s\u00e5v\u00e4l f\u00f6r golvplattor och golvlister som f\u00f6r k\u00f6ksb\u00e4nkskivor, trappor och f\u00f6nsterb\u00e4nkar. Arensburg kalksten har m\u00e5nga egenskaper som liknar egenskaperna hos svensk \u00d6landskalksten.<\/p>\n<p>Vi erbjuder kakel, k\u00f6ksb\u00e4nkskivor, f\u00f6nsterb\u00e4nkar, trappor och golvlister av den h\u00e4r kalkstenen.<\/p>\n<p><em>V\u00e4lj kakelstorlek f\u00f6r att se priset. Fri frakt vid best\u00e4llningar \u00f6ver 25 m<sup>2<\/sup>. <i><span lang=\"SV\">Rabatt p\u00e5 best\u00e4llningar \u00f6ver 100 m<sup>2<\/sup><\/span><\/i>.<\/em><\/p>\n","protected":false},"featured_media":7245,"template":"","meta":{"_acf_changed":false},"product_brand":[],"product_cat":[88,54,78,69],"product_tag":[],"class_list":{"0":"post-2448","1":"product","2":"type-product","3":"status-publish","4":"has-post-thumbnail","6":"product_cat-alla-plattor","7":"product_cat-golv-och-vaggplattor","8":"product_cat-arbetsytor-fonsterbrador","9":"product_cat-fasadsten","11":"first","12":"instock","13":"shipping-taxable","14":"purchasable","15":"product-type-variable","16":"add-to-wishlist-after_add_to_cart"},"acf":[],"yoast_head":"<!-- This site is optimized with the Yoast SEO plugin v26.4 - https:\/\/yoast.com\/wordpress\/plugins\/seo\/ -->\n<title>Arensburg Kalksten, Slipad - Saxby Stone<\/title>\n<meta name=\"robots\" content=\"index, follow, max-snippet:-1, max-image-preview:large, max-video-preview:-1\" \/>\n<link rel=\"canonical\" href=\"https:\/\/saxbystone.com\/sv\/produkt\/arensburg-slipad\/\" \/>\n<meta property=\"og:locale\" content=\"sv_SE\" \/>\n<meta property=\"og:type\" content=\"article\" \/>\n<meta property=\"og:title\" content=\"Arensburg Kalksten, Slipad - Saxby Stone\" \/>\n<meta property=\"og:description\" content=\"Arensburg kalksten \u00e4r en extremt h\u00e5rd och fossilrik dolomitkalksten fr\u00e5n ett berglager som str\u00e4cker sig genom \u00d6stersj\u00f6n fr\u00e5n \u00d6land i Sverige till Estlands huvudstad Tallinn, eller Reval som den en g\u00e5ng hette. Arensburg kalksten har blivit en \u00e4lskad favorit bland arkitekter och inredningsarkitekter \u00f6ver hela Skandinavien, d\u00e4r den ofta anv\u00e4nds s\u00e5v\u00e4l f\u00f6r golvplattor och golvlister som f\u00f6r k\u00f6ksb\u00e4nkskivor, trappor och f\u00f6nsterb\u00e4nkar. Arensburg kalksten har m\u00e5nga egenskaper som liknar egenskaperna hos svensk \u00d6landskalksten.  Vi erbjuder kakel, k\u00f6ksb\u00e4nkskivor, f\u00f6nsterb\u00e4nkar, trappor och golvlister av den h\u00e4r kalkstenen.  V\u00e4lj kakelstorlek f\u00f6r att se priset. Fri frakt vid best\u00e4llningar \u00f6ver 25 m2. Rabatt p\u00e5 best\u00e4llningar \u00f6ver 100 m2.\" \/>\n<meta property=\"og:url\" content=\"https:\/\/saxbystone.com\/sv\/produkt\/arensburg-slipad\/\" \/>\n<meta property=\"og:site_name\" content=\"Saxby Stone\" \/>\n<meta property=\"article:modified_time\" content=\"2025-11-26T10:02:10+00:00\" \/>\n<meta property=\"og:image\" content=\"https:\/\/saxbystone.com\/wp-content\/uploads\/2024\/10\/Arensburg-Limestone-Honed-Bathroom.jpg\" \/>\n\t<meta property=\"og:image:width\" content=\"920\" \/>\n\t<meta property=\"og:image:height\" content=\"578\" \/>\n\t<meta property=\"og:image:type\" content=\"image\/jpeg\" \/>\n<meta name=\"twitter:card\" content=\"summary_large_image\" \/>\n<meta name=\"twitter:label1\" content=\"Ber\u00e4knad l\u00e4stid\" \/>\n\t<meta name=\"twitter:data1\" content=\"1 minut\" \/>\n<script type=\"application\/ld+json\" class=\"yoast-schema-graph\">{\"@context\":\"https:\/\/schema.org\",\"@graph\":[{\"@type\":\"WebPage\",\"@id\":\"https:\/\/saxbystone.com\/sv\/produkt\/arensburg-slipad\/\",\"url\":\"https:\/\/saxbystone.com\/sv\/produkt\/arensburg-slipad\/\",\"name\":\"Arensburg Kalksten, Slipad - Saxby Stone\",\"isPartOf\":{\"@id\":\"https:\/\/saxbystone.com\/sv\/#website\"},\"primaryImageOfPage\":{\"@id\":\"https:\/\/saxbystone.com\/sv\/produkt\/arensburg-slipad\/#primaryimage\"},\"image\":{\"@id\":\"https:\/\/saxbystone.com\/sv\/produkt\/arensburg-slipad\/#primaryimage\"},\"thumbnailUrl\":\"https:\/\/saxbystone.com\/wp-content\/uploads\/2024\/10\/Arensburg-Limestone-Honed-Bathroom.jpg\",\"datePublished\":\"2024-10-24T07:31:34+00:00\",\"dateModified\":\"2025-11-26T10:02:10+00:00\",\"breadcrumb\":{\"@id\":\"https:\/\/saxbystone.com\/sv\/produkt\/arensburg-slipad\/#breadcrumb\"},\"inLanguage\":\"sv-SE\",\"potentialAction\":[{\"@type\":\"ReadAction\",\"target\":[\"https:\/\/saxbystone.com\/sv\/produkt\/arensburg-slipad\/\"]}]},{\"@type\":\"ImageObject\",\"inLanguage\":\"sv-SE\",\"@id\":\"https:\/\/saxbystone.com\/sv\/produkt\/arensburg-slipad\/#primaryimage\",\"url\":\"https:\/\/saxbystone.com\/wp-content\/uploads\/2024\/10\/Arensburg-Limestone-Honed-Bathroom.jpg\",\"contentUrl\":\"https:\/\/saxbystone.com\/wp-content\/uploads\/2024\/10\/Arensburg-Limestone-Honed-Bathroom.jpg\",\"width\":920,\"height\":578},{\"@type\":\"BreadcrumbList\",\"@id\":\"https:\/\/saxbystone.com\/sv\/produkt\/arensburg-slipad\/#breadcrumb\",\"itemListElement\":[{\"@type\":\"ListItem\",\"position\":1,\"name\":\"Home\",\"item\":\"https:\/\/saxbystone.com\/sv\/\"},{\"@type\":\"ListItem\",\"position\":2,\"name\":\"Stenplattor\",\"item\":\"https:\/\/saxbystone.com\/stone-tiles\/\"},{\"@type\":\"ListItem\",\"position\":3,\"name\":\"Arensburg Kalksten, Slipad\"}]},{\"@type\":\"WebSite\",\"@id\":\"https:\/\/saxbystone.com\/sv\/#website\",\"url\":\"https:\/\/saxbystone.com\/sv\/\",\"name\":\"Saxby Stone\",\"description\":\"Natural stone tiles\",\"publisher\":{\"@id\":\"https:\/\/saxbystone.com\/sv\/#organization\"},\"potentialAction\":[{\"@type\":\"SearchAction\",\"target\":{\"@type\":\"EntryPoint\",\"urlTemplate\":\"https:\/\/saxbystone.com\/sv\/?s={search_term_string}\"},\"query-input\":{\"@type\":\"PropertyValueSpecification\",\"valueRequired\":true,\"valueName\":\"search_term_string\"}}],\"inLanguage\":\"sv-SE\"},{\"@type\":\"Organization\",\"@id\":\"https:\/\/saxbystone.com\/sv\/#organization\",\"name\":\"Saxby Stone\",\"url\":\"https:\/\/saxbystone.com\/sv\/\",\"logo\":{\"@type\":\"ImageObject\",\"inLanguage\":\"sv-SE\",\"@id\":\"https:\/\/saxbystone.com\/sv\/#\/schema\/logo\/image\/\",\"url\":\"https:\/\/saxbystone.com\/wp-content\/uploads\/2024\/09\/cropped-Saxby-Stone-logo-official-1st.png\",\"contentUrl\":\"https:\/\/saxbystone.com\/wp-content\/uploads\/2024\/09\/cropped-Saxby-Stone-logo-official-1st.png\",\"width\":512,\"height\":512,\"caption\":\"Saxby Stone\"},\"image\":{\"@id\":\"https:\/\/saxbystone.com\/sv\/#\/schema\/logo\/image\/\"},\"sameAs\":[\"https:\/\/www.instagram.com\/saxbystone\/\"]}]}<\/script>\n<!-- \/ Yoast SEO plugin. -->","yoast_head_json":{"title":"Arensburg Kalksten, Slipad - Saxby Stone","robots":{"index":"index","follow":"follow","max-snippet":"max-snippet:-1","max-image-preview":"max-image-preview:large","max-video-preview":"max-video-preview:-1"},"canonical":"https:\/\/saxbystone.com\/sv\/produkt\/arensburg-slipad\/","og_locale":"sv_SE","og_type":"article","og_title":"Arensburg Kalksten, Slipad - Saxby Stone","og_description":"Arensburg kalksten \u00e4r en extremt h\u00e5rd och fossilrik dolomitkalksten fr\u00e5n ett berglager som str\u00e4cker sig genom \u00d6stersj\u00f6n fr\u00e5n \u00d6land i Sverige till Estlands huvudstad Tallinn, eller Reval som den en g\u00e5ng hette. Arensburg kalksten har blivit en \u00e4lskad favorit bland arkitekter och inredningsarkitekter \u00f6ver hela Skandinavien, d\u00e4r den ofta anv\u00e4nds s\u00e5v\u00e4l f\u00f6r golvplattor och golvlister som f\u00f6r k\u00f6ksb\u00e4nkskivor, trappor och f\u00f6nsterb\u00e4nkar. Arensburg kalksten har m\u00e5nga egenskaper som liknar egenskaperna hos svensk \u00d6landskalksten.  Vi erbjuder kakel, k\u00f6ksb\u00e4nkskivor, f\u00f6nsterb\u00e4nkar, trappor och golvlister av den h\u00e4r kalkstenen.  V\u00e4lj kakelstorlek f\u00f6r att se priset. Fri frakt vid best\u00e4llningar \u00f6ver 25 m2. Rabatt p\u00e5 best\u00e4llningar \u00f6ver 100 m2.","og_url":"https:\/\/saxbystone.com\/sv\/produkt\/arensburg-slipad\/","og_site_name":"Saxby Stone","article_modified_time":"2025-11-26T10:02:10+00:00","og_image":[{"width":920,"height":578,"url":"https:\/\/saxbystone.com\/wp-content\/uploads\/2024\/10\/Arensburg-Limestone-Honed-Bathroom.jpg","type":"image\/jpeg"}],"twitter_card":"summary_large_image","twitter_misc":{"Ber\u00e4knad l\u00e4stid":"1 minut"},"schema":{"@context":"https:\/\/schema.org","@graph":[{"@type":"WebPage","@id":"https:\/\/saxbystone.com\/sv\/produkt\/arensburg-slipad\/","url":"https:\/\/saxbystone.com\/sv\/produkt\/arensburg-slipad\/","name":"Arensburg Kalksten, Slipad - Saxby Stone","isPartOf":{"@id":"https:\/\/saxbystone.com\/sv\/#website"},"primaryImageOfPage":{"@id":"https:\/\/saxbystone.com\/sv\/produkt\/arensburg-slipad\/#primaryimage"},"image":{"@id":"https:\/\/saxbystone.com\/sv\/produkt\/arensburg-slipad\/#primaryimage"},"thumbnailUrl":"https:\/\/saxbystone.com\/wp-content\/uploads\/2024\/10\/Arensburg-Limestone-Honed-Bathroom.jpg","datePublished":"2024-10-24T07:31:34+00:00","dateModified":"2025-11-26T10:02:10+00:00","breadcrumb":{"@id":"https:\/\/saxbystone.com\/sv\/produkt\/arensburg-slipad\/#breadcrumb"},"inLanguage":"sv-SE","potentialAction":[{"@type":"ReadAction","target":["https:\/\/saxbystone.com\/sv\/produkt\/arensburg-slipad\/"]}]},{"@type":"ImageObject","inLanguage":"sv-SE","@id":"https:\/\/saxbystone.com\/sv\/produkt\/arensburg-slipad\/#primaryimage","url":"https:\/\/saxbystone.com\/wp-content\/uploads\/2024\/10\/Arensburg-Limestone-Honed-Bathroom.jpg","contentUrl":"https:\/\/saxbystone.com\/wp-content\/uploads\/2024\/10\/Arensburg-Limestone-Honed-Bathroom.jpg","width":920,"height":578},{"@type":"BreadcrumbList","@id":"https:\/\/saxbystone.com\/sv\/produkt\/arensburg-slipad\/#breadcrumb","itemListElement":[{"@type":"ListItem","position":1,"name":"Home","item":"https:\/\/saxbystone.com\/sv\/"},{"@type":"ListItem","position":2,"name":"Stenplattor","item":"https:\/\/saxbystone.com\/stone-tiles\/"},{"@type":"ListItem","position":3,"name":"Arensburg Kalksten, Slipad"}]},{"@type":"WebSite","@id":"https:\/\/saxbystone.com\/sv\/#website","url":"https:\/\/saxbystone.com\/sv\/","name":"Saxby Stone","description":"Natural stone tiles","publisher":{"@id":"https:\/\/saxbystone.com\/sv\/#organization"},"potentialAction":[{"@type":"SearchAction","target":{"@type":"EntryPoint","urlTemplate":"https:\/\/saxbystone.com\/sv\/?s={search_term_string}"},"query-input":{"@type":"PropertyValueSpecification","valueRequired":true,"valueName":"search_term_string"}}],"inLanguage":"sv-SE"},{"@type":"Organization","@id":"https:\/\/saxbystone.com\/sv\/#organization","name":"Saxby Stone","url":"https:\/\/saxbystone.com\/sv\/","logo":{"@type":"ImageObject","inLanguage":"sv-SE","@id":"https:\/\/saxbystone.com\/sv\/#\/schema\/logo\/image\/","url":"https:\/\/saxbystone.com\/wp-content\/uploads\/2024\/09\/cropped-Saxby-Stone-logo-official-1st.png","contentUrl":"https:\/\/saxbystone.com\/wp-content\/uploads\/2024\/09\/cropped-Saxby-Stone-logo-official-1st.png","width":512,"height":512,"caption":"Saxby Stone"},"image":{"@id":"https:\/\/saxbystone.com\/sv\/#\/schema\/logo\/image\/"},"sameAs":["https:\/\/www.instagram.com\/saxbystone\/"]}]}},"_links":{"self":[{"href":"https:\/\/saxbystone.com\/sv\/wp-json\/wp\/v2\/product\/2448","targetHints":{"allow":["GET"]}}],"collection":[{"href":"https:\/\/saxbystone.com\/sv\/wp-json\/wp\/v2\/product"}],"about":[{"href":"https:\/\/saxbystone.com\/sv\/wp-json\/wp\/v2\/types\/product"}],"wp:featuredmedia":[{"embeddable":true,"href":"https:\/\/saxbystone.com\/sv\/wp-json\/wp\/v2\/media\/7245"}],"wp:attachment":[{"href":"https:\/\/saxbystone.com\/sv\/wp-json\/wp\/v2\/media?parent=2448"}],"wp:term":[{"taxonomy":"product_brand","embeddable":true,"href":"https:\/\/saxbystone.com\/sv\/wp-json\/wp\/v2\/product_brand?post=2448"},{"taxonomy":"product_cat","embeddable":true,"href":"https:\/\/saxbystone.com\/sv\/wp-json\/wp\/v2\/product_cat?post=2448"},{"taxonomy":"product_tag","embeddable":true,"href":"https:\/\/saxbystone.com\/sv\/wp-json\/wp\/v2\/product_tag?post=2448"}],"curies":[{"name":"wp","href":"https:\/\/api.w.org\/{rel}","templated":true}]}}