{"id":8026,"date":"2024-10-28T09:51:12","date_gmt":"2024-10-28T07:51:12","guid":{"rendered":"https:\/\/saxbystone.com\/product\/jura-beige-crema-kalkstein\/"},"modified":"2024-10-28T09:51:12","modified_gmt":"2024-10-28T07:51:12","slug":"jura-beige-crema-kalkstein","status":"publish","type":"product","link":"https:\/\/saxbystone.com\/no\/produkt\/jura-beige-crema-kalkstein\/","title":{"rendered":"Jura Beige Crema kalkstein"},"content":{"rendered":"","protected":false},"excerpt":{"rendered":"<p>Jura Beige kalkstein er en ekstremt hard dolomittisk kalkstein fra foten av de s\u00f8r-tyske Alpene. Steinen har mange interessante fossiler av sj\u00f8dyr fra millioner av \u00e5r siden. B\u00e5de fliser og kj\u00f8kkenbenkeplater er popul\u00e6re, ettersom Jura Beige kan motst\u00e5 slitasjen fra daglig bruk og er enkel \u00e5 vedlikeholde. Mange kj\u00f8pesentre, flyplasser og restauranter bruker Jura Beige kalkstein, noe som vitner om b\u00e5de styrken og varigheten.<\/p>\n<p>Det er viktig \u00e5 merke seg at vi tilbyr Crema-kolleksjonen av Jura Beige, som inneb\u00e6rer at flisene ikke har s\u00e5 sterke merker og f\u00e5 om noen rustfargede flekker. Crema-variantene av Jura Beige gir en mer subtil og mer ensartet farge enn vanlig Jura Beige kalkstein.<\/p>\n<p>Vi tilbyr fliser, kj\u00f8kkenbenkeplater, vinduskarmer, trinn og listverk laget av Arensburg kalkstein.<\/p>\n<p class=\"has-medium-font-size\">Tilgjengelig i slipt, b\u00f8rstet og tromlet utf\u00f8relse.<\/p>\n<p><em>Velg flisst\u00f8rrelse for \u00e5 se pris. Gratis levering p\u00e5 bestillinger over 25 m\u00b2.<\/em><\/p>\n","protected":false},"featured_media":6936,"template":"","meta":{"_acf_changed":false},"product_brand":[],"product_cat":[89,53,77,68],"product_tag":[],"class_list":{"0":"post-8026","1":"product","2":"type-product","3":"status-publish","4":"has-post-thumbnail","6":"product_cat-alle-fliser","7":"product_cat-gulv-og-veggfliser","8":"product_cat-benkeplater-vinduskarmer","9":"product_cat-fasade","11":"first","12":"instock","13":"shipping-taxable","14":"purchasable","15":"product-type-variable","16":"add-to-wishlist-after_add_to_cart"},"acf":[],"yoast_head":"<!-- This site is optimized with the Yoast SEO plugin v26.4 - https:\/\/yoast.com\/wordpress\/plugins\/seo\/ -->\n<title>Jura Beige Crema kalkstein - Saxby Stone<\/title>\n<meta name=\"robots\" content=\"index, follow, max-snippet:-1, max-image-preview:large, max-video-preview:-1\" \/>\n<link rel=\"canonical\" href=\"https:\/\/saxbystone.com\/no\/produkt\/jura-beige-crema-kalkstein\/\" \/>\n<meta property=\"og:locale\" content=\"nb_NO\" \/>\n<meta property=\"og:type\" content=\"article\" \/>\n<meta property=\"og:title\" content=\"Jura Beige Crema kalkstein - Saxby Stone\" \/>\n<meta property=\"og:description\" content=\"Jura Beige kalkstein er en ekstremt hard dolomittisk kalkstein fra foten av de s\u00f8r-tyske Alpene. Steinen har mange interessante fossiler av sj\u00f8dyr fra millioner av \u00e5r siden. B\u00e5de fliser og kj\u00f8kkenbenkeplater er popul\u00e6re, ettersom Jura Beige kan motst\u00e5 slitasjen fra daglig bruk og er enkel \u00e5 vedlikeholde. Mange kj\u00f8pesentre, flyplasser og restauranter bruker Jura Beige kalkstein, noe som vitner om b\u00e5de styrken og varigheten.  Det er viktig \u00e5 merke seg at vi tilbyr Crema-kolleksjonen av Jura Beige, som inneb\u00e6rer at flisene ikke har s\u00e5 sterke merker og f\u00e5 om noen rustfargede flekker. Crema-variantene av Jura Beige gir en mer subtil og mer ensartet farge enn vanlig Jura Beige kalkstein.  Vi tilbyr fliser, kj\u00f8kkenbenkeplater, vinduskarmer, trinn og listverk laget av Arensburg kalkstein. Tilgjengelig i slipt, b\u00f8rstet og tromlet utf\u00f8relse. Velg flisst\u00f8rrelse for \u00e5 se pris. Gratis levering p\u00e5 bestillinger over 25 m\u00b2.\" \/>\n<meta property=\"og:url\" content=\"https:\/\/saxbystone.com\/no\/produkt\/jura-beige-crema-kalkstein\/\" \/>\n<meta property=\"og:site_name\" content=\"Saxby Stone\" \/>\n<meta property=\"og:image\" content=\"https:\/\/saxbystone.com\/wp-content\/uploads\/2024\/10\/Jura-Beige-Crema-Limestone-First-picture-1.jpg\" \/>\n\t<meta property=\"og:image:width\" content=\"1089\" \/>\n\t<meta property=\"og:image:height\" content=\"1110\" \/>\n\t<meta property=\"og:image:type\" content=\"image\/jpeg\" \/>\n<meta name=\"twitter:card\" content=\"summary_large_image\" \/>\n<script type=\"application\/ld+json\" class=\"yoast-schema-graph\">{\"@context\":\"https:\/\/schema.org\",\"@graph\":[{\"@type\":\"WebPage\",\"@id\":\"https:\/\/saxbystone.com\/no\/produkt\/jura-beige-crema-kalkstein\/\",\"url\":\"https:\/\/saxbystone.com\/no\/produkt\/jura-beige-crema-kalkstein\/\",\"name\":\"Jura Beige Crema kalkstein - Saxby Stone\",\"isPartOf\":{\"@id\":\"https:\/\/saxbystone.com\/no\/#website\"},\"primaryImageOfPage\":{\"@id\":\"https:\/\/saxbystone.com\/no\/produkt\/jura-beige-crema-kalkstein\/#primaryimage\"},\"image\":{\"@id\":\"https:\/\/saxbystone.com\/no\/produkt\/jura-beige-crema-kalkstein\/#primaryimage\"},\"thumbnailUrl\":\"https:\/\/saxbystone.com\/wp-content\/uploads\/2024\/10\/Jura-Beige-Crema-Limestone-First-picture-1.jpg\",\"datePublished\":\"2024-10-28T07:51:12+00:00\",\"breadcrumb\":{\"@id\":\"https:\/\/saxbystone.com\/no\/produkt\/jura-beige-crema-kalkstein\/#breadcrumb\"},\"inLanguage\":\"nb-NO\",\"potentialAction\":[{\"@type\":\"ReadAction\",\"target\":[\"https:\/\/saxbystone.com\/no\/produkt\/jura-beige-crema-kalkstein\/\"]}]},{\"@type\":\"ImageObject\",\"inLanguage\":\"nb-NO\",\"@id\":\"https:\/\/saxbystone.com\/no\/produkt\/jura-beige-crema-kalkstein\/#primaryimage\",\"url\":\"https:\/\/saxbystone.com\/wp-content\/uploads\/2024\/10\/Jura-Beige-Crema-Limestone-First-picture-1.jpg\",\"contentUrl\":\"https:\/\/saxbystone.com\/wp-content\/uploads\/2024\/10\/Jura-Beige-Crema-Limestone-First-picture-1.jpg\",\"width\":1089,\"height\":1110},{\"@type\":\"BreadcrumbList\",\"@id\":\"https:\/\/saxbystone.com\/no\/produkt\/jura-beige-crema-kalkstein\/#breadcrumb\",\"itemListElement\":[{\"@type\":\"ListItem\",\"position\":1,\"name\":\"Home\",\"item\":\"https:\/\/saxbystone.com\/no\/\"},{\"@type\":\"ListItem\",\"position\":2,\"name\":\"Steinfliser\",\"item\":\"https:\/\/saxbystone.com\/stone-tiles\/\"},{\"@type\":\"ListItem\",\"position\":3,\"name\":\"Jura Beige Crema kalkstein\"}]},{\"@type\":\"WebSite\",\"@id\":\"https:\/\/saxbystone.com\/no\/#website\",\"url\":\"https:\/\/saxbystone.com\/no\/\",\"name\":\"Saxby Stone\",\"description\":\"Natural stone tiles\",\"publisher\":{\"@id\":\"https:\/\/saxbystone.com\/no\/#organization\"},\"potentialAction\":[{\"@type\":\"SearchAction\",\"target\":{\"@type\":\"EntryPoint\",\"urlTemplate\":\"https:\/\/saxbystone.com\/no\/?s={search_term_string}\"},\"query-input\":{\"@type\":\"PropertyValueSpecification\",\"valueRequired\":true,\"valueName\":\"search_term_string\"}}],\"inLanguage\":\"nb-NO\"},{\"@type\":\"Organization\",\"@id\":\"https:\/\/saxbystone.com\/no\/#organization\",\"name\":\"Saxby Stone\",\"url\":\"https:\/\/saxbystone.com\/no\/\",\"logo\":{\"@type\":\"ImageObject\",\"inLanguage\":\"nb-NO\",\"@id\":\"https:\/\/saxbystone.com\/no\/#\/schema\/logo\/image\/\",\"url\":\"https:\/\/saxbystone.com\/wp-content\/uploads\/2024\/09\/cropped-Saxby-Stone-logo-official-1st.png\",\"contentUrl\":\"https:\/\/saxbystone.com\/wp-content\/uploads\/2024\/09\/cropped-Saxby-Stone-logo-official-1st.png\",\"width\":512,\"height\":512,\"caption\":\"Saxby Stone\"},\"image\":{\"@id\":\"https:\/\/saxbystone.com\/no\/#\/schema\/logo\/image\/\"},\"sameAs\":[\"https:\/\/www.instagram.com\/saxbystone\/\"]}]}<\/script>\n<!-- \/ Yoast SEO plugin. -->","yoast_head_json":{"title":"Jura Beige Crema kalkstein - Saxby Stone","robots":{"index":"index","follow":"follow","max-snippet":"max-snippet:-1","max-image-preview":"max-image-preview:large","max-video-preview":"max-video-preview:-1"},"canonical":"https:\/\/saxbystone.com\/no\/produkt\/jura-beige-crema-kalkstein\/","og_locale":"nb_NO","og_type":"article","og_title":"Jura Beige Crema kalkstein - Saxby Stone","og_description":"Jura Beige kalkstein er en ekstremt hard dolomittisk kalkstein fra foten av de s\u00f8r-tyske Alpene. Steinen har mange interessante fossiler av sj\u00f8dyr fra millioner av \u00e5r siden. B\u00e5de fliser og kj\u00f8kkenbenkeplater er popul\u00e6re, ettersom Jura Beige kan motst\u00e5 slitasjen fra daglig bruk og er enkel \u00e5 vedlikeholde. Mange kj\u00f8pesentre, flyplasser og restauranter bruker Jura Beige kalkstein, noe som vitner om b\u00e5de styrken og varigheten.  Det er viktig \u00e5 merke seg at vi tilbyr Crema-kolleksjonen av Jura Beige, som inneb\u00e6rer at flisene ikke har s\u00e5 sterke merker og f\u00e5 om noen rustfargede flekker. Crema-variantene av Jura Beige gir en mer subtil og mer ensartet farge enn vanlig Jura Beige kalkstein.  Vi tilbyr fliser, kj\u00f8kkenbenkeplater, vinduskarmer, trinn og listverk laget av Arensburg kalkstein. Tilgjengelig i slipt, b\u00f8rstet og tromlet utf\u00f8relse. Velg flisst\u00f8rrelse for \u00e5 se pris. Gratis levering p\u00e5 bestillinger over 25 m\u00b2.","og_url":"https:\/\/saxbystone.com\/no\/produkt\/jura-beige-crema-kalkstein\/","og_site_name":"Saxby Stone","og_image":[{"width":1089,"height":1110,"url":"https:\/\/saxbystone.com\/wp-content\/uploads\/2024\/10\/Jura-Beige-Crema-Limestone-First-picture-1.jpg","type":"image\/jpeg"}],"twitter_card":"summary_large_image","schema":{"@context":"https:\/\/schema.org","@graph":[{"@type":"WebPage","@id":"https:\/\/saxbystone.com\/no\/produkt\/jura-beige-crema-kalkstein\/","url":"https:\/\/saxbystone.com\/no\/produkt\/jura-beige-crema-kalkstein\/","name":"Jura Beige Crema kalkstein - Saxby Stone","isPartOf":{"@id":"https:\/\/saxbystone.com\/no\/#website"},"primaryImageOfPage":{"@id":"https:\/\/saxbystone.com\/no\/produkt\/jura-beige-crema-kalkstein\/#primaryimage"},"image":{"@id":"https:\/\/saxbystone.com\/no\/produkt\/jura-beige-crema-kalkstein\/#primaryimage"},"thumbnailUrl":"https:\/\/saxbystone.com\/wp-content\/uploads\/2024\/10\/Jura-Beige-Crema-Limestone-First-picture-1.jpg","datePublished":"2024-10-28T07:51:12+00:00","breadcrumb":{"@id":"https:\/\/saxbystone.com\/no\/produkt\/jura-beige-crema-kalkstein\/#breadcrumb"},"inLanguage":"nb-NO","potentialAction":[{"@type":"ReadAction","target":["https:\/\/saxbystone.com\/no\/produkt\/jura-beige-crema-kalkstein\/"]}]},{"@type":"ImageObject","inLanguage":"nb-NO","@id":"https:\/\/saxbystone.com\/no\/produkt\/jura-beige-crema-kalkstein\/#primaryimage","url":"https:\/\/saxbystone.com\/wp-content\/uploads\/2024\/10\/Jura-Beige-Crema-Limestone-First-picture-1.jpg","contentUrl":"https:\/\/saxbystone.com\/wp-content\/uploads\/2024\/10\/Jura-Beige-Crema-Limestone-First-picture-1.jpg","width":1089,"height":1110},{"@type":"BreadcrumbList","@id":"https:\/\/saxbystone.com\/no\/produkt\/jura-beige-crema-kalkstein\/#breadcrumb","itemListElement":[{"@type":"ListItem","position":1,"name":"Home","item":"https:\/\/saxbystone.com\/no\/"},{"@type":"ListItem","position":2,"name":"Steinfliser","item":"https:\/\/saxbystone.com\/stone-tiles\/"},{"@type":"ListItem","position":3,"name":"Jura Beige Crema kalkstein"}]},{"@type":"WebSite","@id":"https:\/\/saxbystone.com\/no\/#website","url":"https:\/\/saxbystone.com\/no\/","name":"Saxby Stone","description":"Natural stone tiles","publisher":{"@id":"https:\/\/saxbystone.com\/no\/#organization"},"potentialAction":[{"@type":"SearchAction","target":{"@type":"EntryPoint","urlTemplate":"https:\/\/saxbystone.com\/no\/?s={search_term_string}"},"query-input":{"@type":"PropertyValueSpecification","valueRequired":true,"valueName":"search_term_string"}}],"inLanguage":"nb-NO"},{"@type":"Organization","@id":"https:\/\/saxbystone.com\/no\/#organization","name":"Saxby Stone","url":"https:\/\/saxbystone.com\/no\/","logo":{"@type":"ImageObject","inLanguage":"nb-NO","@id":"https:\/\/saxbystone.com\/no\/#\/schema\/logo\/image\/","url":"https:\/\/saxbystone.com\/wp-content\/uploads\/2024\/09\/cropped-Saxby-Stone-logo-official-1st.png","contentUrl":"https:\/\/saxbystone.com\/wp-content\/uploads\/2024\/09\/cropped-Saxby-Stone-logo-official-1st.png","width":512,"height":512,"caption":"Saxby Stone"},"image":{"@id":"https:\/\/saxbystone.com\/no\/#\/schema\/logo\/image\/"},"sameAs":["https:\/\/www.instagram.com\/saxbystone\/"]}]}},"_links":{"self":[{"href":"https:\/\/saxbystone.com\/no\/wp-json\/wp\/v2\/product\/8026","targetHints":{"allow":["GET"]}}],"collection":[{"href":"https:\/\/saxbystone.com\/no\/wp-json\/wp\/v2\/product"}],"about":[{"href":"https:\/\/saxbystone.com\/no\/wp-json\/wp\/v2\/types\/product"}],"wp:featuredmedia":[{"embeddable":true,"href":"https:\/\/saxbystone.com\/no\/wp-json\/wp\/v2\/media\/6936"}],"wp:attachment":[{"href":"https:\/\/saxbystone.com\/no\/wp-json\/wp\/v2\/media?parent=8026"}],"wp:term":[{"taxonomy":"product_brand","embeddable":true,"href":"https:\/\/saxbystone.com\/no\/wp-json\/wp\/v2\/product_brand?post=8026"},{"taxonomy":"product_cat","embeddable":true,"href":"https:\/\/saxbystone.com\/no\/wp-json\/wp\/v2\/product_cat?post=8026"},{"taxonomy":"product_tag","embeddable":true,"href":"https:\/\/saxbystone.com\/no\/wp-json\/wp\/v2\/product_tag?post=8026"}],"curies":[{"name":"wp","href":"https:\/\/api.w.org\/{rel}","templated":true}]}}