{"id":8017,"date":"2024-10-28T09:44:18","date_gmt":"2024-10-28T07:44:18","guid":{"rendered":"https:\/\/saxbystone.com\/product\/jura-grey-kalkstein\/"},"modified":"2026-02-19T10:31:18","modified_gmt":"2026-02-19T08:31:18","slug":"jura-grey-kalkstein","status":"publish","type":"product","link":"https:\/\/saxbystone.com\/no\/produkt\/jura-grey-kalkstein\/","title":{"rendered":"Jura Grey kalkstein"},"content":{"rendered":"","protected":false},"excerpt":{"rendered":"<p>Jura Grey kalkstein er en ekstremt hard dolomittisk kalkstein fra foten av Alpene i S\u00f8r-Bayern. Dens varighet og styrke inneb\u00e6rer at den ogs\u00e5 kan brukes for fliser, kj\u00f8kkenbenkeplater, vinduskarmer, trapper, fasader og terrasser. Jura Grey kalkstein er sv\u00e6rt egnet for omr\u00e5der med mye fottrafikk, som restauranter og kj\u00f8pesentre, og bugner av interessante fossiler av tropiske sj\u00f8dyr som levde for millioner av \u00e5r siden. Den dokumenterte frostbestandigheten betyr ogs\u00e5 at denne kalksteinen kan brukes utend\u00f8rs i et nordisk klima.<\/p>\n<p>Vi tilbyr fliser, kj\u00f8kkenbenkeplater, vinduskarmer, trinn og listverk laget av Arensburg kalkstein.<\/p>\n<p class=\"has-medium-font-size\">Tilgjengelig i slipt, b\u00f8rstet og tromlet utf\u00f8relse.<\/p>\n<p class=\"has-medium-font-size\"><em>Velg flisst\u00f8rrelse for \u00e5 se pris. Gratis levering p\u00e5 bestillinger over 25 m\u00b2.<\/em><\/p>\n","protected":false},"featured_media":8018,"template":"","meta":{"_acf_changed":false},"product_brand":[],"product_cat":[89,53,77,68],"product_tag":[],"class_list":{"0":"post-8017","1":"product","2":"type-product","3":"status-publish","4":"has-post-thumbnail","6":"product_cat-alle-fliser","7":"product_cat-gulv-og-veggfliser","8":"product_cat-benkeplater-vinduskarmer","9":"product_cat-fasade","11":"first","12":"instock","13":"shipping-taxable","14":"purchasable","15":"product-type-variable","16":"add-to-wishlist-after_add_to_cart"},"acf":[],"yoast_head":"<!-- This site is optimized with the Yoast SEO plugin v26.4 - https:\/\/yoast.com\/wordpress\/plugins\/seo\/ -->\n<title>Jura Grey kalkstein - Saxby Stone<\/title>\n<meta name=\"robots\" content=\"index, follow, max-snippet:-1, max-image-preview:large, max-video-preview:-1\" \/>\n<link rel=\"canonical\" href=\"https:\/\/saxbystone.com\/no\/produkt\/jura-grey-kalkstein\/\" \/>\n<meta property=\"og:locale\" content=\"nb_NO\" \/>\n<meta property=\"og:type\" content=\"article\" \/>\n<meta property=\"og:title\" content=\"Jura Grey kalkstein - Saxby Stone\" \/>\n<meta property=\"og:description\" content=\"Jura Grey kalkstein er en ekstremt hard dolomittisk kalkstein fra foten av Alpene i S\u00f8r-Bayern. Dens varighet og styrke inneb\u00e6rer at den ogs\u00e5 kan brukes for fliser, kj\u00f8kkenbenkeplater, vinduskarmer, trapper, fasader og terrasser. Jura Grey kalkstein er sv\u00e6rt egnet for omr\u00e5der med mye fottrafikk, som restauranter og kj\u00f8pesentre, og bugner av interessante fossiler av tropiske sj\u00f8dyr som levde for millioner av \u00e5r siden. Den dokumenterte frostbestandigheten betyr ogs\u00e5 at denne kalksteinen kan brukes utend\u00f8rs i et nordisk klima.  Vi tilbyr fliser, kj\u00f8kkenbenkeplater, vinduskarmer, trinn og listverk laget av Arensburg kalkstein. Tilgjengelig i slipt, b\u00f8rstet og tromlet utf\u00f8relse. Velg flisst\u00f8rrelse for \u00e5 se pris. Gratis levering p\u00e5 bestillinger over 25 m\u00b2.\" \/>\n<meta property=\"og:url\" content=\"https:\/\/saxbystone.com\/no\/produkt\/jura-grey-kalkstein\/\" \/>\n<meta property=\"og:site_name\" content=\"Saxby Stone\" \/>\n<meta property=\"article:modified_time\" content=\"2026-02-19T08:31:18+00:00\" \/>\n<meta property=\"og:image\" content=\"https:\/\/saxbystone.com\/wp-content\/uploads\/2024\/10\/Jura-Grey-Limestone.jpg\" \/>\n\t<meta property=\"og:image:width\" content=\"684\" \/>\n\t<meta property=\"og:image:height\" content=\"454\" \/>\n\t<meta property=\"og:image:type\" content=\"image\/jpeg\" \/>\n<meta name=\"twitter:card\" content=\"summary_large_image\" \/>\n<script type=\"application\/ld+json\" class=\"yoast-schema-graph\">{\"@context\":\"https:\/\/schema.org\",\"@graph\":[{\"@type\":\"WebPage\",\"@id\":\"https:\/\/saxbystone.com\/no\/produkt\/jura-grey-kalkstein\/\",\"url\":\"https:\/\/saxbystone.com\/no\/produkt\/jura-grey-kalkstein\/\",\"name\":\"Jura Grey kalkstein - Saxby Stone\",\"isPartOf\":{\"@id\":\"https:\/\/saxbystone.com\/no\/#website\"},\"primaryImageOfPage\":{\"@id\":\"https:\/\/saxbystone.com\/no\/produkt\/jura-grey-kalkstein\/#primaryimage\"},\"image\":{\"@id\":\"https:\/\/saxbystone.com\/no\/produkt\/jura-grey-kalkstein\/#primaryimage\"},\"thumbnailUrl\":\"https:\/\/saxbystone.com\/wp-content\/uploads\/2024\/10\/Jura-Grey-Limestone.jpg\",\"datePublished\":\"2024-10-28T07:44:18+00:00\",\"dateModified\":\"2026-02-19T08:31:18+00:00\",\"breadcrumb\":{\"@id\":\"https:\/\/saxbystone.com\/no\/produkt\/jura-grey-kalkstein\/#breadcrumb\"},\"inLanguage\":\"nb-NO\",\"potentialAction\":[{\"@type\":\"ReadAction\",\"target\":[\"https:\/\/saxbystone.com\/no\/produkt\/jura-grey-kalkstein\/\"]}]},{\"@type\":\"ImageObject\",\"inLanguage\":\"nb-NO\",\"@id\":\"https:\/\/saxbystone.com\/no\/produkt\/jura-grey-kalkstein\/#primaryimage\",\"url\":\"https:\/\/saxbystone.com\/wp-content\/uploads\/2024\/10\/Jura-Grey-Limestone.jpg\",\"contentUrl\":\"https:\/\/saxbystone.com\/wp-content\/uploads\/2024\/10\/Jura-Grey-Limestone.jpg\",\"width\":684,\"height\":454},{\"@type\":\"BreadcrumbList\",\"@id\":\"https:\/\/saxbystone.com\/no\/produkt\/jura-grey-kalkstein\/#breadcrumb\",\"itemListElement\":[{\"@type\":\"ListItem\",\"position\":1,\"name\":\"Home\",\"item\":\"https:\/\/saxbystone.com\/no\/\"},{\"@type\":\"ListItem\",\"position\":2,\"name\":\"Steinfliser\",\"item\":\"https:\/\/saxbystone.com\/stone-tiles\/\"},{\"@type\":\"ListItem\",\"position\":3,\"name\":\"Jura Grey kalkstein\"}]},{\"@type\":\"WebSite\",\"@id\":\"https:\/\/saxbystone.com\/no\/#website\",\"url\":\"https:\/\/saxbystone.com\/no\/\",\"name\":\"Saxby Stone\",\"description\":\"Natural stone tiles\",\"publisher\":{\"@id\":\"https:\/\/saxbystone.com\/no\/#organization\"},\"potentialAction\":[{\"@type\":\"SearchAction\",\"target\":{\"@type\":\"EntryPoint\",\"urlTemplate\":\"https:\/\/saxbystone.com\/no\/?s={search_term_string}\"},\"query-input\":{\"@type\":\"PropertyValueSpecification\",\"valueRequired\":true,\"valueName\":\"search_term_string\"}}],\"inLanguage\":\"nb-NO\"},{\"@type\":\"Organization\",\"@id\":\"https:\/\/saxbystone.com\/no\/#organization\",\"name\":\"Saxby Stone\",\"url\":\"https:\/\/saxbystone.com\/no\/\",\"logo\":{\"@type\":\"ImageObject\",\"inLanguage\":\"nb-NO\",\"@id\":\"https:\/\/saxbystone.com\/no\/#\/schema\/logo\/image\/\",\"url\":\"https:\/\/saxbystone.com\/wp-content\/uploads\/2024\/09\/cropped-Saxby-Stone-logo-official-1st.png\",\"contentUrl\":\"https:\/\/saxbystone.com\/wp-content\/uploads\/2024\/09\/cropped-Saxby-Stone-logo-official-1st.png\",\"width\":512,\"height\":512,\"caption\":\"Saxby Stone\"},\"image\":{\"@id\":\"https:\/\/saxbystone.com\/no\/#\/schema\/logo\/image\/\"},\"sameAs\":[\"https:\/\/www.instagram.com\/saxbystone\/\"]}]}<\/script>\n<!-- \/ Yoast SEO plugin. -->","yoast_head_json":{"title":"Jura Grey kalkstein - Saxby Stone","robots":{"index":"index","follow":"follow","max-snippet":"max-snippet:-1","max-image-preview":"max-image-preview:large","max-video-preview":"max-video-preview:-1"},"canonical":"https:\/\/saxbystone.com\/no\/produkt\/jura-grey-kalkstein\/","og_locale":"nb_NO","og_type":"article","og_title":"Jura Grey kalkstein - Saxby Stone","og_description":"Jura Grey kalkstein er en ekstremt hard dolomittisk kalkstein fra foten av Alpene i S\u00f8r-Bayern. Dens varighet og styrke inneb\u00e6rer at den ogs\u00e5 kan brukes for fliser, kj\u00f8kkenbenkeplater, vinduskarmer, trapper, fasader og terrasser. Jura Grey kalkstein er sv\u00e6rt egnet for omr\u00e5der med mye fottrafikk, som restauranter og kj\u00f8pesentre, og bugner av interessante fossiler av tropiske sj\u00f8dyr som levde for millioner av \u00e5r siden. Den dokumenterte frostbestandigheten betyr ogs\u00e5 at denne kalksteinen kan brukes utend\u00f8rs i et nordisk klima.  Vi tilbyr fliser, kj\u00f8kkenbenkeplater, vinduskarmer, trinn og listverk laget av Arensburg kalkstein. Tilgjengelig i slipt, b\u00f8rstet og tromlet utf\u00f8relse. Velg flisst\u00f8rrelse for \u00e5 se pris. Gratis levering p\u00e5 bestillinger over 25 m\u00b2.","og_url":"https:\/\/saxbystone.com\/no\/produkt\/jura-grey-kalkstein\/","og_site_name":"Saxby Stone","article_modified_time":"2026-02-19T08:31:18+00:00","og_image":[{"width":684,"height":454,"url":"https:\/\/saxbystone.com\/wp-content\/uploads\/2024\/10\/Jura-Grey-Limestone.jpg","type":"image\/jpeg"}],"twitter_card":"summary_large_image","schema":{"@context":"https:\/\/schema.org","@graph":[{"@type":"WebPage","@id":"https:\/\/saxbystone.com\/no\/produkt\/jura-grey-kalkstein\/","url":"https:\/\/saxbystone.com\/no\/produkt\/jura-grey-kalkstein\/","name":"Jura Grey kalkstein - Saxby Stone","isPartOf":{"@id":"https:\/\/saxbystone.com\/no\/#website"},"primaryImageOfPage":{"@id":"https:\/\/saxbystone.com\/no\/produkt\/jura-grey-kalkstein\/#primaryimage"},"image":{"@id":"https:\/\/saxbystone.com\/no\/produkt\/jura-grey-kalkstein\/#primaryimage"},"thumbnailUrl":"https:\/\/saxbystone.com\/wp-content\/uploads\/2024\/10\/Jura-Grey-Limestone.jpg","datePublished":"2024-10-28T07:44:18+00:00","dateModified":"2026-02-19T08:31:18+00:00","breadcrumb":{"@id":"https:\/\/saxbystone.com\/no\/produkt\/jura-grey-kalkstein\/#breadcrumb"},"inLanguage":"nb-NO","potentialAction":[{"@type":"ReadAction","target":["https:\/\/saxbystone.com\/no\/produkt\/jura-grey-kalkstein\/"]}]},{"@type":"ImageObject","inLanguage":"nb-NO","@id":"https:\/\/saxbystone.com\/no\/produkt\/jura-grey-kalkstein\/#primaryimage","url":"https:\/\/saxbystone.com\/wp-content\/uploads\/2024\/10\/Jura-Grey-Limestone.jpg","contentUrl":"https:\/\/saxbystone.com\/wp-content\/uploads\/2024\/10\/Jura-Grey-Limestone.jpg","width":684,"height":454},{"@type":"BreadcrumbList","@id":"https:\/\/saxbystone.com\/no\/produkt\/jura-grey-kalkstein\/#breadcrumb","itemListElement":[{"@type":"ListItem","position":1,"name":"Home","item":"https:\/\/saxbystone.com\/no\/"},{"@type":"ListItem","position":2,"name":"Steinfliser","item":"https:\/\/saxbystone.com\/stone-tiles\/"},{"@type":"ListItem","position":3,"name":"Jura Grey kalkstein"}]},{"@type":"WebSite","@id":"https:\/\/saxbystone.com\/no\/#website","url":"https:\/\/saxbystone.com\/no\/","name":"Saxby Stone","description":"Natural stone tiles","publisher":{"@id":"https:\/\/saxbystone.com\/no\/#organization"},"potentialAction":[{"@type":"SearchAction","target":{"@type":"EntryPoint","urlTemplate":"https:\/\/saxbystone.com\/no\/?s={search_term_string}"},"query-input":{"@type":"PropertyValueSpecification","valueRequired":true,"valueName":"search_term_string"}}],"inLanguage":"nb-NO"},{"@type":"Organization","@id":"https:\/\/saxbystone.com\/no\/#organization","name":"Saxby Stone","url":"https:\/\/saxbystone.com\/no\/","logo":{"@type":"ImageObject","inLanguage":"nb-NO","@id":"https:\/\/saxbystone.com\/no\/#\/schema\/logo\/image\/","url":"https:\/\/saxbystone.com\/wp-content\/uploads\/2024\/09\/cropped-Saxby-Stone-logo-official-1st.png","contentUrl":"https:\/\/saxbystone.com\/wp-content\/uploads\/2024\/09\/cropped-Saxby-Stone-logo-official-1st.png","width":512,"height":512,"caption":"Saxby Stone"},"image":{"@id":"https:\/\/saxbystone.com\/no\/#\/schema\/logo\/image\/"},"sameAs":["https:\/\/www.instagram.com\/saxbystone\/"]}]}},"_links":{"self":[{"href":"https:\/\/saxbystone.com\/no\/wp-json\/wp\/v2\/product\/8017","targetHints":{"allow":["GET"]}}],"collection":[{"href":"https:\/\/saxbystone.com\/no\/wp-json\/wp\/v2\/product"}],"about":[{"href":"https:\/\/saxbystone.com\/no\/wp-json\/wp\/v2\/types\/product"}],"wp:featuredmedia":[{"embeddable":true,"href":"https:\/\/saxbystone.com\/no\/wp-json\/wp\/v2\/media\/8018"}],"wp:attachment":[{"href":"https:\/\/saxbystone.com\/no\/wp-json\/wp\/v2\/media?parent=8017"}],"wp:term":[{"taxonomy":"product_brand","embeddable":true,"href":"https:\/\/saxbystone.com\/no\/wp-json\/wp\/v2\/product_brand?post=8017"},{"taxonomy":"product_cat","embeddable":true,"href":"https:\/\/saxbystone.com\/no\/wp-json\/wp\/v2\/product_cat?post=8017"},{"taxonomy":"product_tag","embeddable":true,"href":"https:\/\/saxbystone.com\/no\/wp-json\/wp\/v2\/product_tag?post=8017"}],"curies":[{"name":"wp","href":"https:\/\/api.w.org\/{rel}","templated":true}]}}