{"id":8004,"date":"2024-10-28T09:24:56","date_gmt":"2024-10-28T07:24:56","guid":{"rendered":"https:\/\/saxbystone.com\/product\/bordeaux-white-marmor-tromlet\/"},"modified":"2026-02-27T08:41:07","modified_gmt":"2026-02-27T06:41:07","slug":"bordeaux-white-marmor-tromlet","status":"publish","type":"product","link":"https:\/\/saxbystone.com\/no\/produkt\/bordeaux-white-marmor-tromlet\/","title":{"rendered":"Bordeaux White marmor, tromlet"},"content":{"rendered":"","protected":false},"excerpt":{"rendered":"<p>Med sitt utseende som er p\u00e5fallende likt v\u00e5re Carrara-marmorfliser og sin tromlede overflate har Bordeaux White et godt brukt eller slitt preg.<\/p>\n<p>Med sine kjente klassiske fargetoner passer v\u00e5re Bordeaux-trommelfliser enkelt inn i alle interi\u00f8rstiler, enten det er moderne eller tradisjonelt.<\/p>\n<p>Flisene er ideelle for bruk p\u00e5 kj\u00f8kken, bad og solrom, og gir en f\u00f8lelse av diskret luksus.<\/p>\n<p>V\u00e5re Bordeaux White tromlede marmorfliser kan enkelt kombineres med Bordeaux Black tromlede marmorfliseer for \u00e5 lage en sjarmerende sjakkbretteffekt med en f\u00f8lelse av den gamle verden.<\/p>\n<p>Tilgjengelig med tromlet overflate.<\/p>\n<p><em>Velg flisst\u00f8rrelse for \u00e5 se pris. Gratis levering p\u00e5 bestillinger over 25 m\u00b2. Privatkunder m\u00e5 betale et tillegg for fliser fra v\u00e5rt lager i Storbritannia p\u00e5 grunn av tollregler.<\/em><\/p>\n","protected":false},"featured_media":6460,"template":"","meta":{"_acf_changed":false},"product_brand":[],"product_cat":[89,53],"product_tag":[],"class_list":{"0":"post-8004","1":"product","2":"type-product","3":"status-publish","4":"has-post-thumbnail","6":"product_cat-alle-fliser","7":"product_cat-gulv-og-veggfliser","9":"first","10":"instock","11":"shipping-taxable","12":"purchasable","13":"product-type-variable","14":"add-to-wishlist-after_add_to_cart"},"acf":[],"yoast_head":"<!-- This site is optimized with the Yoast SEO plugin v26.4 - https:\/\/yoast.com\/wordpress\/plugins\/seo\/ -->\n<title>Bordeaux White marmor, tromlet - Saxby Stone<\/title>\n<meta name=\"robots\" content=\"index, follow, max-snippet:-1, max-image-preview:large, max-video-preview:-1\" \/>\n<link rel=\"canonical\" href=\"https:\/\/saxbystone.com\/no\/produkt\/bordeaux-white-marmor-tromlet\/\" \/>\n<meta property=\"og:locale\" content=\"nb_NO\" \/>\n<meta property=\"og:type\" content=\"article\" \/>\n<meta property=\"og:title\" content=\"Bordeaux White marmor, tromlet - Saxby Stone\" \/>\n<meta property=\"og:description\" content=\"Med sitt utseende som er p\u00e5fallende likt v\u00e5re Carrara-marmorfliser og sin tromlede overflate har Bordeaux White et godt brukt eller slitt preg.  Med sine kjente klassiske fargetoner passer v\u00e5re Bordeaux-trommelfliser enkelt inn i alle interi\u00f8rstiler, enten det er moderne eller tradisjonelt.  Flisene er ideelle for bruk p\u00e5 kj\u00f8kken, bad og solrom, og gir en f\u00f8lelse av diskret luksus.  V\u00e5re Bordeaux White tromlede marmorfliser kan enkelt kombineres med Bordeaux Black tromlede marmorfliseer for \u00e5 lage en sjarmerende sjakkbretteffekt med en f\u00f8lelse av den gamle verden.  Tilgjengelig med tromlet overflate.  Velg flisst\u00f8rrelse for \u00e5 se pris. Gratis levering p\u00e5 bestillinger over 25 m\u00b2. Privatkunder m\u00e5 betale et tillegg for fliser fra v\u00e5rt lager i Storbritannia p\u00e5 grunn av tollregler.\" \/>\n<meta property=\"og:url\" content=\"https:\/\/saxbystone.com\/no\/produkt\/bordeaux-white-marmor-tromlet\/\" \/>\n<meta property=\"og:site_name\" content=\"Saxby Stone\" \/>\n<meta property=\"article:modified_time\" content=\"2026-02-27T06:41:07+00:00\" \/>\n<meta property=\"og:image\" content=\"https:\/\/saxbystone.com\/wp-content\/uploads\/2024\/10\/Bordeaux-White-Marble-tumbled-1.jpg\" \/>\n\t<meta property=\"og:image:width\" content=\"770\" \/>\n\t<meta property=\"og:image:height\" content=\"720\" \/>\n\t<meta property=\"og:image:type\" content=\"image\/jpeg\" \/>\n<meta name=\"twitter:card\" content=\"summary_large_image\" \/>\n<script type=\"application\/ld+json\" class=\"yoast-schema-graph\">{\"@context\":\"https:\/\/schema.org\",\"@graph\":[{\"@type\":\"WebPage\",\"@id\":\"https:\/\/saxbystone.com\/no\/produkt\/bordeaux-white-marmor-tromlet\/\",\"url\":\"https:\/\/saxbystone.com\/no\/produkt\/bordeaux-white-marmor-tromlet\/\",\"name\":\"Bordeaux White marmor, tromlet - Saxby Stone\",\"isPartOf\":{\"@id\":\"https:\/\/saxbystone.com\/no\/#website\"},\"primaryImageOfPage\":{\"@id\":\"https:\/\/saxbystone.com\/no\/produkt\/bordeaux-white-marmor-tromlet\/#primaryimage\"},\"image\":{\"@id\":\"https:\/\/saxbystone.com\/no\/produkt\/bordeaux-white-marmor-tromlet\/#primaryimage\"},\"thumbnailUrl\":\"https:\/\/saxbystone.com\/wp-content\/uploads\/2024\/10\/Bordeaux-White-Marble-tumbled-1.jpg\",\"datePublished\":\"2024-10-28T07:24:56+00:00\",\"dateModified\":\"2026-02-27T06:41:07+00:00\",\"breadcrumb\":{\"@id\":\"https:\/\/saxbystone.com\/no\/produkt\/bordeaux-white-marmor-tromlet\/#breadcrumb\"},\"inLanguage\":\"nb-NO\",\"potentialAction\":[{\"@type\":\"ReadAction\",\"target\":[\"https:\/\/saxbystone.com\/no\/produkt\/bordeaux-white-marmor-tromlet\/\"]}]},{\"@type\":\"ImageObject\",\"inLanguage\":\"nb-NO\",\"@id\":\"https:\/\/saxbystone.com\/no\/produkt\/bordeaux-white-marmor-tromlet\/#primaryimage\",\"url\":\"https:\/\/saxbystone.com\/wp-content\/uploads\/2024\/10\/Bordeaux-White-Marble-tumbled-1.jpg\",\"contentUrl\":\"https:\/\/saxbystone.com\/wp-content\/uploads\/2024\/10\/Bordeaux-White-Marble-tumbled-1.jpg\",\"width\":770,\"height\":720},{\"@type\":\"BreadcrumbList\",\"@id\":\"https:\/\/saxbystone.com\/no\/produkt\/bordeaux-white-marmor-tromlet\/#breadcrumb\",\"itemListElement\":[{\"@type\":\"ListItem\",\"position\":1,\"name\":\"Home\",\"item\":\"https:\/\/saxbystone.com\/no\/\"},{\"@type\":\"ListItem\",\"position\":2,\"name\":\"Steinfliser\",\"item\":\"https:\/\/saxbystone.com\/stone-tiles\/\"},{\"@type\":\"ListItem\",\"position\":3,\"name\":\"Bordeaux White marmor, tromlet\"}]},{\"@type\":\"WebSite\",\"@id\":\"https:\/\/saxbystone.com\/no\/#website\",\"url\":\"https:\/\/saxbystone.com\/no\/\",\"name\":\"Saxby Stone\",\"description\":\"Natural stone tiles\",\"publisher\":{\"@id\":\"https:\/\/saxbystone.com\/no\/#organization\"},\"potentialAction\":[{\"@type\":\"SearchAction\",\"target\":{\"@type\":\"EntryPoint\",\"urlTemplate\":\"https:\/\/saxbystone.com\/no\/?s={search_term_string}\"},\"query-input\":{\"@type\":\"PropertyValueSpecification\",\"valueRequired\":true,\"valueName\":\"search_term_string\"}}],\"inLanguage\":\"nb-NO\"},{\"@type\":\"Organization\",\"@id\":\"https:\/\/saxbystone.com\/no\/#organization\",\"name\":\"Saxby Stone\",\"url\":\"https:\/\/saxbystone.com\/no\/\",\"logo\":{\"@type\":\"ImageObject\",\"inLanguage\":\"nb-NO\",\"@id\":\"https:\/\/saxbystone.com\/no\/#\/schema\/logo\/image\/\",\"url\":\"https:\/\/saxbystone.com\/wp-content\/uploads\/2024\/09\/cropped-Saxby-Stone-logo-official-1st.png\",\"contentUrl\":\"https:\/\/saxbystone.com\/wp-content\/uploads\/2024\/09\/cropped-Saxby-Stone-logo-official-1st.png\",\"width\":512,\"height\":512,\"caption\":\"Saxby Stone\"},\"image\":{\"@id\":\"https:\/\/saxbystone.com\/no\/#\/schema\/logo\/image\/\"},\"sameAs\":[\"https:\/\/www.instagram.com\/saxbystone\/\"]}]}<\/script>\n<!-- \/ Yoast SEO plugin. -->","yoast_head_json":{"title":"Bordeaux White marmor, tromlet - Saxby Stone","robots":{"index":"index","follow":"follow","max-snippet":"max-snippet:-1","max-image-preview":"max-image-preview:large","max-video-preview":"max-video-preview:-1"},"canonical":"https:\/\/saxbystone.com\/no\/produkt\/bordeaux-white-marmor-tromlet\/","og_locale":"nb_NO","og_type":"article","og_title":"Bordeaux White marmor, tromlet - Saxby Stone","og_description":"Med sitt utseende som er p\u00e5fallende likt v\u00e5re Carrara-marmorfliser og sin tromlede overflate har Bordeaux White et godt brukt eller slitt preg.  Med sine kjente klassiske fargetoner passer v\u00e5re Bordeaux-trommelfliser enkelt inn i alle interi\u00f8rstiler, enten det er moderne eller tradisjonelt.  Flisene er ideelle for bruk p\u00e5 kj\u00f8kken, bad og solrom, og gir en f\u00f8lelse av diskret luksus.  V\u00e5re Bordeaux White tromlede marmorfliser kan enkelt kombineres med Bordeaux Black tromlede marmorfliseer for \u00e5 lage en sjarmerende sjakkbretteffekt med en f\u00f8lelse av den gamle verden.  Tilgjengelig med tromlet overflate.  Velg flisst\u00f8rrelse for \u00e5 se pris. Gratis levering p\u00e5 bestillinger over 25 m\u00b2. Privatkunder m\u00e5 betale et tillegg for fliser fra v\u00e5rt lager i Storbritannia p\u00e5 grunn av tollregler.","og_url":"https:\/\/saxbystone.com\/no\/produkt\/bordeaux-white-marmor-tromlet\/","og_site_name":"Saxby Stone","article_modified_time":"2026-02-27T06:41:07+00:00","og_image":[{"width":770,"height":720,"url":"https:\/\/saxbystone.com\/wp-content\/uploads\/2024\/10\/Bordeaux-White-Marble-tumbled-1.jpg","type":"image\/jpeg"}],"twitter_card":"summary_large_image","schema":{"@context":"https:\/\/schema.org","@graph":[{"@type":"WebPage","@id":"https:\/\/saxbystone.com\/no\/produkt\/bordeaux-white-marmor-tromlet\/","url":"https:\/\/saxbystone.com\/no\/produkt\/bordeaux-white-marmor-tromlet\/","name":"Bordeaux White marmor, tromlet - Saxby Stone","isPartOf":{"@id":"https:\/\/saxbystone.com\/no\/#website"},"primaryImageOfPage":{"@id":"https:\/\/saxbystone.com\/no\/produkt\/bordeaux-white-marmor-tromlet\/#primaryimage"},"image":{"@id":"https:\/\/saxbystone.com\/no\/produkt\/bordeaux-white-marmor-tromlet\/#primaryimage"},"thumbnailUrl":"https:\/\/saxbystone.com\/wp-content\/uploads\/2024\/10\/Bordeaux-White-Marble-tumbled-1.jpg","datePublished":"2024-10-28T07:24:56+00:00","dateModified":"2026-02-27T06:41:07+00:00","breadcrumb":{"@id":"https:\/\/saxbystone.com\/no\/produkt\/bordeaux-white-marmor-tromlet\/#breadcrumb"},"inLanguage":"nb-NO","potentialAction":[{"@type":"ReadAction","target":["https:\/\/saxbystone.com\/no\/produkt\/bordeaux-white-marmor-tromlet\/"]}]},{"@type":"ImageObject","inLanguage":"nb-NO","@id":"https:\/\/saxbystone.com\/no\/produkt\/bordeaux-white-marmor-tromlet\/#primaryimage","url":"https:\/\/saxbystone.com\/wp-content\/uploads\/2024\/10\/Bordeaux-White-Marble-tumbled-1.jpg","contentUrl":"https:\/\/saxbystone.com\/wp-content\/uploads\/2024\/10\/Bordeaux-White-Marble-tumbled-1.jpg","width":770,"height":720},{"@type":"BreadcrumbList","@id":"https:\/\/saxbystone.com\/no\/produkt\/bordeaux-white-marmor-tromlet\/#breadcrumb","itemListElement":[{"@type":"ListItem","position":1,"name":"Home","item":"https:\/\/saxbystone.com\/no\/"},{"@type":"ListItem","position":2,"name":"Steinfliser","item":"https:\/\/saxbystone.com\/stone-tiles\/"},{"@type":"ListItem","position":3,"name":"Bordeaux White marmor, tromlet"}]},{"@type":"WebSite","@id":"https:\/\/saxbystone.com\/no\/#website","url":"https:\/\/saxbystone.com\/no\/","name":"Saxby Stone","description":"Natural stone tiles","publisher":{"@id":"https:\/\/saxbystone.com\/no\/#organization"},"potentialAction":[{"@type":"SearchAction","target":{"@type":"EntryPoint","urlTemplate":"https:\/\/saxbystone.com\/no\/?s={search_term_string}"},"query-input":{"@type":"PropertyValueSpecification","valueRequired":true,"valueName":"search_term_string"}}],"inLanguage":"nb-NO"},{"@type":"Organization","@id":"https:\/\/saxbystone.com\/no\/#organization","name":"Saxby Stone","url":"https:\/\/saxbystone.com\/no\/","logo":{"@type":"ImageObject","inLanguage":"nb-NO","@id":"https:\/\/saxbystone.com\/no\/#\/schema\/logo\/image\/","url":"https:\/\/saxbystone.com\/wp-content\/uploads\/2024\/09\/cropped-Saxby-Stone-logo-official-1st.png","contentUrl":"https:\/\/saxbystone.com\/wp-content\/uploads\/2024\/09\/cropped-Saxby-Stone-logo-official-1st.png","width":512,"height":512,"caption":"Saxby Stone"},"image":{"@id":"https:\/\/saxbystone.com\/no\/#\/schema\/logo\/image\/"},"sameAs":["https:\/\/www.instagram.com\/saxbystone\/"]}]}},"_links":{"self":[{"href":"https:\/\/saxbystone.com\/no\/wp-json\/wp\/v2\/product\/8004","targetHints":{"allow":["GET"]}}],"collection":[{"href":"https:\/\/saxbystone.com\/no\/wp-json\/wp\/v2\/product"}],"about":[{"href":"https:\/\/saxbystone.com\/no\/wp-json\/wp\/v2\/types\/product"}],"wp:featuredmedia":[{"embeddable":true,"href":"https:\/\/saxbystone.com\/no\/wp-json\/wp\/v2\/media\/6460"}],"wp:attachment":[{"href":"https:\/\/saxbystone.com\/no\/wp-json\/wp\/v2\/media?parent=8004"}],"wp:term":[{"taxonomy":"product_brand","embeddable":true,"href":"https:\/\/saxbystone.com\/no\/wp-json\/wp\/v2\/product_brand?post=8004"},{"taxonomy":"product_cat","embeddable":true,"href":"https:\/\/saxbystone.com\/no\/wp-json\/wp\/v2\/product_cat?post=8004"},{"taxonomy":"product_tag","embeddable":true,"href":"https:\/\/saxbystone.com\/no\/wp-json\/wp\/v2\/product_tag?post=8004"}],"curies":[{"name":"wp","href":"https:\/\/api.w.org\/{rel}","templated":true}]}}