{"id":7998,"date":"2024-10-28T09:16:51","date_gmt":"2024-10-28T07:16:51","guid":{"rendered":"https:\/\/saxbystone.com\/product\/bordeaux-marmor-sjakkbrettmonster\/"},"modified":"2026-02-26T11:44:59","modified_gmt":"2026-02-26T09:44:59","slug":"bordeaux-marmor-sjakkbrettmonster","status":"publish","type":"product","link":"https:\/\/saxbystone.com\/no\/produkt\/bordeaux-marmor-sjakkbrettmonster\/","title":{"rendered":"Bordeaux marmor, sjakkbrettm\u00f8nster"},"content":{"rendered":"","protected":false},"excerpt":{"rendered":"<p>Det s\u00e5kalte sjakkbrettm\u00f8nsteret ble f\u00f8rst popul\u00e6rt p\u00e5 1920-tallet, og i de senere \u00e5rene har fliser med dette m\u00f8nsteret gjennomg\u00e5tt en slags renessanse. Igjen har de blitt popul\u00e6re til bruk i korridorer, kj\u00f8kken og bad.<\/p>\n<p>V\u00e5re Bordeaux-fargede tromlede svarte og hvite marmorfliser gjenskaper uanstrengt og ubevisst stilen og motene fra hundre \u00e5r tilbake.<\/p>\n<p>Den tromlede Bordeaux-marmoren passer like godt til en leilighet i Stockholm som en nybygd villa, med eit hint av diskret luksus.<\/p>\n<p>Tilgjengelig med tromlet overflate.<\/p>\n<p><em>Velg flisst\u00f8rrelse for \u00e5 se pris. Gratis levering p\u00e5 bestillinger over 25 m\u00b2. Privatkunder m\u00e5 betale et tillegg for fliser fra v\u00e5rt lager i Storbritannia p\u00e5 grunn av tollregler. \u00a0<\/em><\/p>\n","protected":false},"featured_media":8002,"template":"","meta":{"_acf_changed":false},"product_brand":[],"product_cat":[89,53],"product_tag":[],"class_list":{"0":"post-7998","1":"product","2":"type-product","3":"status-publish","4":"has-post-thumbnail","6":"product_cat-alle-fliser","7":"product_cat-gulv-og-veggfliser","9":"first","10":"instock","11":"shipping-taxable","12":"purchasable","13":"product-type-variable","14":"add-to-wishlist-after_add_to_cart"},"acf":[],"yoast_head":"<!-- This site is optimized with the Yoast SEO plugin v26.4 - https:\/\/yoast.com\/wordpress\/plugins\/seo\/ -->\n<title>Bordeaux marmor, sjakkbrettm\u00f8nster - Saxby Stone<\/title>\n<meta name=\"robots\" content=\"index, follow, max-snippet:-1, max-image-preview:large, max-video-preview:-1\" \/>\n<link rel=\"canonical\" href=\"https:\/\/saxbystone.com\/no\/produkt\/bordeaux-marmor-sjakkbrettmonster\/\" \/>\n<meta property=\"og:locale\" content=\"nb_NO\" \/>\n<meta property=\"og:type\" content=\"article\" \/>\n<meta property=\"og:title\" content=\"Bordeaux marmor, sjakkbrettm\u00f8nster - Saxby Stone\" \/>\n<meta property=\"og:description\" content=\"Det s\u00e5kalte sjakkbrettm\u00f8nsteret ble f\u00f8rst popul\u00e6rt p\u00e5 1920-tallet, og i de senere \u00e5rene har fliser med dette m\u00f8nsteret gjennomg\u00e5tt en slags renessanse. Igjen har de blitt popul\u00e6re til bruk i korridorer, kj\u00f8kken og bad.  V\u00e5re Bordeaux-fargede tromlede svarte og hvite marmorfliser gjenskaper uanstrengt og ubevisst stilen og motene fra hundre \u00e5r tilbake.  Den tromlede Bordeaux-marmoren passer like godt til en leilighet i Stockholm som en nybygd villa, med eit hint av diskret luksus.  Tilgjengelig med tromlet overflate.  Velg flisst\u00f8rrelse for \u00e5 se pris. Gratis levering p\u00e5 bestillinger over 25 m\u00b2. Privatkunder m\u00e5 betale et tillegg for fliser fra v\u00e5rt lager i Storbritannia p\u00e5 grunn av tollregler. \u00a0\" \/>\n<meta property=\"og:url\" content=\"https:\/\/saxbystone.com\/no\/produkt\/bordeaux-marmor-sjakkbrettmonster\/\" \/>\n<meta property=\"og:site_name\" content=\"Saxby Stone\" \/>\n<meta property=\"article:modified_time\" content=\"2026-02-26T09:44:59+00:00\" \/>\n<meta property=\"og:image\" content=\"https:\/\/saxbystone.com\/wp-content\/uploads\/2024\/09\/EN-SUITE-EATON-FARM-19.jpg\" \/>\n\t<meta property=\"og:image:width\" content=\"960\" \/>\n\t<meta property=\"og:image:height\" content=\"669\" \/>\n\t<meta property=\"og:image:type\" content=\"image\/jpeg\" \/>\n<meta name=\"twitter:card\" content=\"summary_large_image\" \/>\n<script type=\"application\/ld+json\" class=\"yoast-schema-graph\">{\"@context\":\"https:\/\/schema.org\",\"@graph\":[{\"@type\":\"WebPage\",\"@id\":\"https:\/\/saxbystone.com\/no\/produkt\/bordeaux-marmor-sjakkbrettmonster\/\",\"url\":\"https:\/\/saxbystone.com\/no\/produkt\/bordeaux-marmor-sjakkbrettmonster\/\",\"name\":\"Bordeaux marmor, sjakkbrettm\u00f8nster - Saxby Stone\",\"isPartOf\":{\"@id\":\"https:\/\/saxbystone.com\/no\/#website\"},\"primaryImageOfPage\":{\"@id\":\"https:\/\/saxbystone.com\/no\/produkt\/bordeaux-marmor-sjakkbrettmonster\/#primaryimage\"},\"image\":{\"@id\":\"https:\/\/saxbystone.com\/no\/produkt\/bordeaux-marmor-sjakkbrettmonster\/#primaryimage\"},\"thumbnailUrl\":\"https:\/\/saxbystone.com\/wp-content\/uploads\/2024\/09\/EN-SUITE-EATON-FARM-19.jpg\",\"datePublished\":\"2024-10-28T07:16:51+00:00\",\"dateModified\":\"2026-02-26T09:44:59+00:00\",\"breadcrumb\":{\"@id\":\"https:\/\/saxbystone.com\/no\/produkt\/bordeaux-marmor-sjakkbrettmonster\/#breadcrumb\"},\"inLanguage\":\"nb-NO\",\"potentialAction\":[{\"@type\":\"ReadAction\",\"target\":[\"https:\/\/saxbystone.com\/no\/produkt\/bordeaux-marmor-sjakkbrettmonster\/\"]}]},{\"@type\":\"ImageObject\",\"inLanguage\":\"nb-NO\",\"@id\":\"https:\/\/saxbystone.com\/no\/produkt\/bordeaux-marmor-sjakkbrettmonster\/#primaryimage\",\"url\":\"https:\/\/saxbystone.com\/wp-content\/uploads\/2024\/09\/EN-SUITE-EATON-FARM-19.jpg\",\"contentUrl\":\"https:\/\/saxbystone.com\/wp-content\/uploads\/2024\/09\/EN-SUITE-EATON-FARM-19.jpg\",\"width\":960,\"height\":669},{\"@type\":\"BreadcrumbList\",\"@id\":\"https:\/\/saxbystone.com\/no\/produkt\/bordeaux-marmor-sjakkbrettmonster\/#breadcrumb\",\"itemListElement\":[{\"@type\":\"ListItem\",\"position\":1,\"name\":\"Home\",\"item\":\"https:\/\/saxbystone.com\/no\/\"},{\"@type\":\"ListItem\",\"position\":2,\"name\":\"Steinfliser\",\"item\":\"https:\/\/saxbystone.com\/stone-tiles\/\"},{\"@type\":\"ListItem\",\"position\":3,\"name\":\"Bordeaux marmor, sjakkbrettm\u00f8nster\"}]},{\"@type\":\"WebSite\",\"@id\":\"https:\/\/saxbystone.com\/no\/#website\",\"url\":\"https:\/\/saxbystone.com\/no\/\",\"name\":\"Saxby Stone\",\"description\":\"Natural stone tiles\",\"publisher\":{\"@id\":\"https:\/\/saxbystone.com\/no\/#organization\"},\"potentialAction\":[{\"@type\":\"SearchAction\",\"target\":{\"@type\":\"EntryPoint\",\"urlTemplate\":\"https:\/\/saxbystone.com\/no\/?s={search_term_string}\"},\"query-input\":{\"@type\":\"PropertyValueSpecification\",\"valueRequired\":true,\"valueName\":\"search_term_string\"}}],\"inLanguage\":\"nb-NO\"},{\"@type\":\"Organization\",\"@id\":\"https:\/\/saxbystone.com\/no\/#organization\",\"name\":\"Saxby Stone\",\"url\":\"https:\/\/saxbystone.com\/no\/\",\"logo\":{\"@type\":\"ImageObject\",\"inLanguage\":\"nb-NO\",\"@id\":\"https:\/\/saxbystone.com\/no\/#\/schema\/logo\/image\/\",\"url\":\"https:\/\/saxbystone.com\/wp-content\/uploads\/2024\/09\/cropped-Saxby-Stone-logo-official-1st.png\",\"contentUrl\":\"https:\/\/saxbystone.com\/wp-content\/uploads\/2024\/09\/cropped-Saxby-Stone-logo-official-1st.png\",\"width\":512,\"height\":512,\"caption\":\"Saxby Stone\"},\"image\":{\"@id\":\"https:\/\/saxbystone.com\/no\/#\/schema\/logo\/image\/\"},\"sameAs\":[\"https:\/\/www.instagram.com\/saxbystone\/\"]}]}<\/script>\n<!-- \/ Yoast SEO plugin. -->","yoast_head_json":{"title":"Bordeaux marmor, sjakkbrettm\u00f8nster - Saxby Stone","robots":{"index":"index","follow":"follow","max-snippet":"max-snippet:-1","max-image-preview":"max-image-preview:large","max-video-preview":"max-video-preview:-1"},"canonical":"https:\/\/saxbystone.com\/no\/produkt\/bordeaux-marmor-sjakkbrettmonster\/","og_locale":"nb_NO","og_type":"article","og_title":"Bordeaux marmor, sjakkbrettm\u00f8nster - Saxby Stone","og_description":"Det s\u00e5kalte sjakkbrettm\u00f8nsteret ble f\u00f8rst popul\u00e6rt p\u00e5 1920-tallet, og i de senere \u00e5rene har fliser med dette m\u00f8nsteret gjennomg\u00e5tt en slags renessanse. Igjen har de blitt popul\u00e6re til bruk i korridorer, kj\u00f8kken og bad.  V\u00e5re Bordeaux-fargede tromlede svarte og hvite marmorfliser gjenskaper uanstrengt og ubevisst stilen og motene fra hundre \u00e5r tilbake.  Den tromlede Bordeaux-marmoren passer like godt til en leilighet i Stockholm som en nybygd villa, med eit hint av diskret luksus.  Tilgjengelig med tromlet overflate.  Velg flisst\u00f8rrelse for \u00e5 se pris. Gratis levering p\u00e5 bestillinger over 25 m\u00b2. Privatkunder m\u00e5 betale et tillegg for fliser fra v\u00e5rt lager i Storbritannia p\u00e5 grunn av tollregler. \u00a0","og_url":"https:\/\/saxbystone.com\/no\/produkt\/bordeaux-marmor-sjakkbrettmonster\/","og_site_name":"Saxby Stone","article_modified_time":"2026-02-26T09:44:59+00:00","og_image":[{"width":960,"height":669,"url":"https:\/\/saxbystone.com\/wp-content\/uploads\/2024\/09\/EN-SUITE-EATON-FARM-19.jpg","type":"image\/jpeg"}],"twitter_card":"summary_large_image","schema":{"@context":"https:\/\/schema.org","@graph":[{"@type":"WebPage","@id":"https:\/\/saxbystone.com\/no\/produkt\/bordeaux-marmor-sjakkbrettmonster\/","url":"https:\/\/saxbystone.com\/no\/produkt\/bordeaux-marmor-sjakkbrettmonster\/","name":"Bordeaux marmor, sjakkbrettm\u00f8nster - Saxby Stone","isPartOf":{"@id":"https:\/\/saxbystone.com\/no\/#website"},"primaryImageOfPage":{"@id":"https:\/\/saxbystone.com\/no\/produkt\/bordeaux-marmor-sjakkbrettmonster\/#primaryimage"},"image":{"@id":"https:\/\/saxbystone.com\/no\/produkt\/bordeaux-marmor-sjakkbrettmonster\/#primaryimage"},"thumbnailUrl":"https:\/\/saxbystone.com\/wp-content\/uploads\/2024\/09\/EN-SUITE-EATON-FARM-19.jpg","datePublished":"2024-10-28T07:16:51+00:00","dateModified":"2026-02-26T09:44:59+00:00","breadcrumb":{"@id":"https:\/\/saxbystone.com\/no\/produkt\/bordeaux-marmor-sjakkbrettmonster\/#breadcrumb"},"inLanguage":"nb-NO","potentialAction":[{"@type":"ReadAction","target":["https:\/\/saxbystone.com\/no\/produkt\/bordeaux-marmor-sjakkbrettmonster\/"]}]},{"@type":"ImageObject","inLanguage":"nb-NO","@id":"https:\/\/saxbystone.com\/no\/produkt\/bordeaux-marmor-sjakkbrettmonster\/#primaryimage","url":"https:\/\/saxbystone.com\/wp-content\/uploads\/2024\/09\/EN-SUITE-EATON-FARM-19.jpg","contentUrl":"https:\/\/saxbystone.com\/wp-content\/uploads\/2024\/09\/EN-SUITE-EATON-FARM-19.jpg","width":960,"height":669},{"@type":"BreadcrumbList","@id":"https:\/\/saxbystone.com\/no\/produkt\/bordeaux-marmor-sjakkbrettmonster\/#breadcrumb","itemListElement":[{"@type":"ListItem","position":1,"name":"Home","item":"https:\/\/saxbystone.com\/no\/"},{"@type":"ListItem","position":2,"name":"Steinfliser","item":"https:\/\/saxbystone.com\/stone-tiles\/"},{"@type":"ListItem","position":3,"name":"Bordeaux marmor, sjakkbrettm\u00f8nster"}]},{"@type":"WebSite","@id":"https:\/\/saxbystone.com\/no\/#website","url":"https:\/\/saxbystone.com\/no\/","name":"Saxby Stone","description":"Natural stone tiles","publisher":{"@id":"https:\/\/saxbystone.com\/no\/#organization"},"potentialAction":[{"@type":"SearchAction","target":{"@type":"EntryPoint","urlTemplate":"https:\/\/saxbystone.com\/no\/?s={search_term_string}"},"query-input":{"@type":"PropertyValueSpecification","valueRequired":true,"valueName":"search_term_string"}}],"inLanguage":"nb-NO"},{"@type":"Organization","@id":"https:\/\/saxbystone.com\/no\/#organization","name":"Saxby Stone","url":"https:\/\/saxbystone.com\/no\/","logo":{"@type":"ImageObject","inLanguage":"nb-NO","@id":"https:\/\/saxbystone.com\/no\/#\/schema\/logo\/image\/","url":"https:\/\/saxbystone.com\/wp-content\/uploads\/2024\/09\/cropped-Saxby-Stone-logo-official-1st.png","contentUrl":"https:\/\/saxbystone.com\/wp-content\/uploads\/2024\/09\/cropped-Saxby-Stone-logo-official-1st.png","width":512,"height":512,"caption":"Saxby Stone"},"image":{"@id":"https:\/\/saxbystone.com\/no\/#\/schema\/logo\/image\/"},"sameAs":["https:\/\/www.instagram.com\/saxbystone\/"]}]}},"_links":{"self":[{"href":"https:\/\/saxbystone.com\/no\/wp-json\/wp\/v2\/product\/7998","targetHints":{"allow":["GET"]}}],"collection":[{"href":"https:\/\/saxbystone.com\/no\/wp-json\/wp\/v2\/product"}],"about":[{"href":"https:\/\/saxbystone.com\/no\/wp-json\/wp\/v2\/types\/product"}],"wp:featuredmedia":[{"embeddable":true,"href":"https:\/\/saxbystone.com\/no\/wp-json\/wp\/v2\/media\/8002"}],"wp:attachment":[{"href":"https:\/\/saxbystone.com\/no\/wp-json\/wp\/v2\/media?parent=7998"}],"wp:term":[{"taxonomy":"product_brand","embeddable":true,"href":"https:\/\/saxbystone.com\/no\/wp-json\/wp\/v2\/product_brand?post=7998"},{"taxonomy":"product_cat","embeddable":true,"href":"https:\/\/saxbystone.com\/no\/wp-json\/wp\/v2\/product_cat?post=7998"},{"taxonomy":"product_tag","embeddable":true,"href":"https:\/\/saxbystone.com\/no\/wp-json\/wp\/v2\/product_tag?post=7998"}],"curies":[{"name":"wp","href":"https:\/\/api.w.org\/{rel}","templated":true}]}}