{"id":7991,"date":"2024-10-25T16:34:50","date_gmt":"2024-10-25T13:34:50","guid":{"rendered":"https:\/\/saxbystone.com\/product\/bianca-carrara-marmor-c\/"},"modified":"2024-10-25T16:34:50","modified_gmt":"2024-10-25T13:34:50","slug":"bianca-carrara-marmor-c","status":"publish","type":"product","link":"https:\/\/saxbystone.com\/no\/produkt\/bianca-carrara-marmor-c\/","title":{"rendered":"Bianca Carrara marmor C"},"content":{"rendered":"","protected":false},"excerpt":{"rendered":"<p>Bianca Carrara-marmor fra Appenninene i Italia har v\u00e6rt en favoritt blant arkitekter helt fra romertiden og fram til i dag. Det ber\u00f8mte m\u00f8nsteret utstr\u00e5ler luksus og stil.<\/p>\n<p>Vi tilbyr et spesielt utvalg av Carrara-marmor \u00abC\u00bb-fliser, der konsentrasjonen av m\u00f8rke \u00e5rer er mindre intens enn p\u00e5 andre varianter av Carrara-marmor. \u00abC\u00bb-seleksjonen av Carrara-marmor er mer i tr\u00e5d med dagens minimalistiske smak og distraherer ikke fra andre interi\u00f8rdetaljer i hjemmet.<\/p>\n<p class=\"has-medium-font-size\">V\u00e5re Carrara-marmorfliser leveres med en slipt overflatefinish.<\/p>\n<p class=\"has-medium-font-size\"><em>Velg flisst\u00f8rrelse for \u00e5 se pris. Gratis levering p\u00e5 bestillinger over 25 m\u00b2.<\/em><\/p>\n","protected":false},"featured_media":7992,"template":"","meta":{"_acf_changed":false},"product_brand":[],"product_cat":[89,53,77],"product_tag":[],"class_list":{"0":"post-7991","1":"product","2":"type-product","3":"status-publish","4":"has-post-thumbnail","6":"product_cat-alle-fliser","7":"product_cat-gulv-og-veggfliser","8":"product_cat-benkeplater-vinduskarmer","10":"first","11":"instock","12":"shipping-taxable","13":"purchasable","14":"product-type-variable","15":"add-to-wishlist-after_add_to_cart"},"acf":[],"yoast_head":"<!-- This site is optimized with the Yoast SEO plugin v26.4 - https:\/\/yoast.com\/wordpress\/plugins\/seo\/ -->\n<title>Bianca Carrara marmor C - Saxby Stone<\/title>\n<meta name=\"robots\" content=\"index, follow, max-snippet:-1, max-image-preview:large, max-video-preview:-1\" \/>\n<link rel=\"canonical\" href=\"https:\/\/saxbystone.com\/no\/produkt\/bianca-carrara-marmor-c\/\" \/>\n<meta property=\"og:locale\" content=\"nb_NO\" \/>\n<meta property=\"og:type\" content=\"article\" \/>\n<meta property=\"og:title\" content=\"Bianca Carrara marmor C - Saxby Stone\" \/>\n<meta property=\"og:description\" content=\"Bianca Carrara-marmor fra Appenninene i Italia har v\u00e6rt en favoritt blant arkitekter helt fra romertiden og fram til i dag. Det ber\u00f8mte m\u00f8nsteret utstr\u00e5ler luksus og stil.  Vi tilbyr et spesielt utvalg av Carrara-marmor \u00abC\u00bb-fliser, der konsentrasjonen av m\u00f8rke \u00e5rer er mindre intens enn p\u00e5 andre varianter av Carrara-marmor. \u00abC\u00bb-seleksjonen av Carrara-marmor er mer i tr\u00e5d med dagens minimalistiske smak og distraherer ikke fra andre interi\u00f8rdetaljer i hjemmet. V\u00e5re Carrara-marmorfliser leveres med en slipt overflatefinish. Velg flisst\u00f8rrelse for \u00e5 se pris. Gratis levering p\u00e5 bestillinger over 25 m\u00b2.\" \/>\n<meta property=\"og:url\" content=\"https:\/\/saxbystone.com\/no\/produkt\/bianca-carrara-marmor-c\/\" \/>\n<meta property=\"og:site_name\" content=\"Saxby Stone\" \/>\n<meta property=\"og:image\" content=\"https:\/\/saxbystone.com\/wp-content\/uploads\/2024\/10\/Carrara-Marble-C.png\" \/>\n\t<meta property=\"og:image:width\" content=\"733\" \/>\n\t<meta property=\"og:image:height\" content=\"491\" \/>\n\t<meta property=\"og:image:type\" content=\"image\/png\" \/>\n<meta name=\"twitter:card\" content=\"summary_large_image\" \/>\n<script type=\"application\/ld+json\" class=\"yoast-schema-graph\">{\"@context\":\"https:\/\/schema.org\",\"@graph\":[{\"@type\":\"WebPage\",\"@id\":\"https:\/\/saxbystone.com\/no\/produkt\/bianca-carrara-marmor-c\/\",\"url\":\"https:\/\/saxbystone.com\/no\/produkt\/bianca-carrara-marmor-c\/\",\"name\":\"Bianca Carrara marmor C - Saxby Stone\",\"isPartOf\":{\"@id\":\"https:\/\/saxbystone.com\/no\/#website\"},\"primaryImageOfPage\":{\"@id\":\"https:\/\/saxbystone.com\/no\/produkt\/bianca-carrara-marmor-c\/#primaryimage\"},\"image\":{\"@id\":\"https:\/\/saxbystone.com\/no\/produkt\/bianca-carrara-marmor-c\/#primaryimage\"},\"thumbnailUrl\":\"https:\/\/saxbystone.com\/wp-content\/uploads\/2024\/10\/Carrara-Marble-C.png\",\"datePublished\":\"2024-10-25T13:34:50+00:00\",\"breadcrumb\":{\"@id\":\"https:\/\/saxbystone.com\/no\/produkt\/bianca-carrara-marmor-c\/#breadcrumb\"},\"inLanguage\":\"nb-NO\",\"potentialAction\":[{\"@type\":\"ReadAction\",\"target\":[\"https:\/\/saxbystone.com\/no\/produkt\/bianca-carrara-marmor-c\/\"]}]},{\"@type\":\"ImageObject\",\"inLanguage\":\"nb-NO\",\"@id\":\"https:\/\/saxbystone.com\/no\/produkt\/bianca-carrara-marmor-c\/#primaryimage\",\"url\":\"https:\/\/saxbystone.com\/wp-content\/uploads\/2024\/10\/Carrara-Marble-C.png\",\"contentUrl\":\"https:\/\/saxbystone.com\/wp-content\/uploads\/2024\/10\/Carrara-Marble-C.png\",\"width\":733,\"height\":491},{\"@type\":\"BreadcrumbList\",\"@id\":\"https:\/\/saxbystone.com\/no\/produkt\/bianca-carrara-marmor-c\/#breadcrumb\",\"itemListElement\":[{\"@type\":\"ListItem\",\"position\":1,\"name\":\"Home\",\"item\":\"https:\/\/saxbystone.com\/no\/\"},{\"@type\":\"ListItem\",\"position\":2,\"name\":\"Steinfliser\",\"item\":\"https:\/\/saxbystone.com\/stone-tiles\/\"},{\"@type\":\"ListItem\",\"position\":3,\"name\":\"Bianca Carrara marmor C\"}]},{\"@type\":\"WebSite\",\"@id\":\"https:\/\/saxbystone.com\/no\/#website\",\"url\":\"https:\/\/saxbystone.com\/no\/\",\"name\":\"Saxby Stone\",\"description\":\"Natural stone tiles\",\"publisher\":{\"@id\":\"https:\/\/saxbystone.com\/no\/#organization\"},\"potentialAction\":[{\"@type\":\"SearchAction\",\"target\":{\"@type\":\"EntryPoint\",\"urlTemplate\":\"https:\/\/saxbystone.com\/no\/?s={search_term_string}\"},\"query-input\":{\"@type\":\"PropertyValueSpecification\",\"valueRequired\":true,\"valueName\":\"search_term_string\"}}],\"inLanguage\":\"nb-NO\"},{\"@type\":\"Organization\",\"@id\":\"https:\/\/saxbystone.com\/no\/#organization\",\"name\":\"Saxby Stone\",\"url\":\"https:\/\/saxbystone.com\/no\/\",\"logo\":{\"@type\":\"ImageObject\",\"inLanguage\":\"nb-NO\",\"@id\":\"https:\/\/saxbystone.com\/no\/#\/schema\/logo\/image\/\",\"url\":\"https:\/\/saxbystone.com\/wp-content\/uploads\/2024\/09\/cropped-Saxby-Stone-logo-official-1st.png\",\"contentUrl\":\"https:\/\/saxbystone.com\/wp-content\/uploads\/2024\/09\/cropped-Saxby-Stone-logo-official-1st.png\",\"width\":512,\"height\":512,\"caption\":\"Saxby Stone\"},\"image\":{\"@id\":\"https:\/\/saxbystone.com\/no\/#\/schema\/logo\/image\/\"},\"sameAs\":[\"https:\/\/www.instagram.com\/saxbystone\/\"]}]}<\/script>\n<!-- \/ Yoast SEO plugin. -->","yoast_head_json":{"title":"Bianca Carrara marmor C - Saxby Stone","robots":{"index":"index","follow":"follow","max-snippet":"max-snippet:-1","max-image-preview":"max-image-preview:large","max-video-preview":"max-video-preview:-1"},"canonical":"https:\/\/saxbystone.com\/no\/produkt\/bianca-carrara-marmor-c\/","og_locale":"nb_NO","og_type":"article","og_title":"Bianca Carrara marmor C - Saxby Stone","og_description":"Bianca Carrara-marmor fra Appenninene i Italia har v\u00e6rt en favoritt blant arkitekter helt fra romertiden og fram til i dag. Det ber\u00f8mte m\u00f8nsteret utstr\u00e5ler luksus og stil.  Vi tilbyr et spesielt utvalg av Carrara-marmor \u00abC\u00bb-fliser, der konsentrasjonen av m\u00f8rke \u00e5rer er mindre intens enn p\u00e5 andre varianter av Carrara-marmor. \u00abC\u00bb-seleksjonen av Carrara-marmor er mer i tr\u00e5d med dagens minimalistiske smak og distraherer ikke fra andre interi\u00f8rdetaljer i hjemmet. V\u00e5re Carrara-marmorfliser leveres med en slipt overflatefinish. Velg flisst\u00f8rrelse for \u00e5 se pris. Gratis levering p\u00e5 bestillinger over 25 m\u00b2.","og_url":"https:\/\/saxbystone.com\/no\/produkt\/bianca-carrara-marmor-c\/","og_site_name":"Saxby Stone","og_image":[{"width":733,"height":491,"url":"https:\/\/saxbystone.com\/wp-content\/uploads\/2024\/10\/Carrara-Marble-C.png","type":"image\/png"}],"twitter_card":"summary_large_image","schema":{"@context":"https:\/\/schema.org","@graph":[{"@type":"WebPage","@id":"https:\/\/saxbystone.com\/no\/produkt\/bianca-carrara-marmor-c\/","url":"https:\/\/saxbystone.com\/no\/produkt\/bianca-carrara-marmor-c\/","name":"Bianca Carrara marmor C - Saxby Stone","isPartOf":{"@id":"https:\/\/saxbystone.com\/no\/#website"},"primaryImageOfPage":{"@id":"https:\/\/saxbystone.com\/no\/produkt\/bianca-carrara-marmor-c\/#primaryimage"},"image":{"@id":"https:\/\/saxbystone.com\/no\/produkt\/bianca-carrara-marmor-c\/#primaryimage"},"thumbnailUrl":"https:\/\/saxbystone.com\/wp-content\/uploads\/2024\/10\/Carrara-Marble-C.png","datePublished":"2024-10-25T13:34:50+00:00","breadcrumb":{"@id":"https:\/\/saxbystone.com\/no\/produkt\/bianca-carrara-marmor-c\/#breadcrumb"},"inLanguage":"nb-NO","potentialAction":[{"@type":"ReadAction","target":["https:\/\/saxbystone.com\/no\/produkt\/bianca-carrara-marmor-c\/"]}]},{"@type":"ImageObject","inLanguage":"nb-NO","@id":"https:\/\/saxbystone.com\/no\/produkt\/bianca-carrara-marmor-c\/#primaryimage","url":"https:\/\/saxbystone.com\/wp-content\/uploads\/2024\/10\/Carrara-Marble-C.png","contentUrl":"https:\/\/saxbystone.com\/wp-content\/uploads\/2024\/10\/Carrara-Marble-C.png","width":733,"height":491},{"@type":"BreadcrumbList","@id":"https:\/\/saxbystone.com\/no\/produkt\/bianca-carrara-marmor-c\/#breadcrumb","itemListElement":[{"@type":"ListItem","position":1,"name":"Home","item":"https:\/\/saxbystone.com\/no\/"},{"@type":"ListItem","position":2,"name":"Steinfliser","item":"https:\/\/saxbystone.com\/stone-tiles\/"},{"@type":"ListItem","position":3,"name":"Bianca Carrara marmor C"}]},{"@type":"WebSite","@id":"https:\/\/saxbystone.com\/no\/#website","url":"https:\/\/saxbystone.com\/no\/","name":"Saxby Stone","description":"Natural stone tiles","publisher":{"@id":"https:\/\/saxbystone.com\/no\/#organization"},"potentialAction":[{"@type":"SearchAction","target":{"@type":"EntryPoint","urlTemplate":"https:\/\/saxbystone.com\/no\/?s={search_term_string}"},"query-input":{"@type":"PropertyValueSpecification","valueRequired":true,"valueName":"search_term_string"}}],"inLanguage":"nb-NO"},{"@type":"Organization","@id":"https:\/\/saxbystone.com\/no\/#organization","name":"Saxby Stone","url":"https:\/\/saxbystone.com\/no\/","logo":{"@type":"ImageObject","inLanguage":"nb-NO","@id":"https:\/\/saxbystone.com\/no\/#\/schema\/logo\/image\/","url":"https:\/\/saxbystone.com\/wp-content\/uploads\/2024\/09\/cropped-Saxby-Stone-logo-official-1st.png","contentUrl":"https:\/\/saxbystone.com\/wp-content\/uploads\/2024\/09\/cropped-Saxby-Stone-logo-official-1st.png","width":512,"height":512,"caption":"Saxby Stone"},"image":{"@id":"https:\/\/saxbystone.com\/no\/#\/schema\/logo\/image\/"},"sameAs":["https:\/\/www.instagram.com\/saxbystone\/"]}]}},"_links":{"self":[{"href":"https:\/\/saxbystone.com\/no\/wp-json\/wp\/v2\/product\/7991","targetHints":{"allow":["GET"]}}],"collection":[{"href":"https:\/\/saxbystone.com\/no\/wp-json\/wp\/v2\/product"}],"about":[{"href":"https:\/\/saxbystone.com\/no\/wp-json\/wp\/v2\/types\/product"}],"wp:featuredmedia":[{"embeddable":true,"href":"https:\/\/saxbystone.com\/no\/wp-json\/wp\/v2\/media\/7992"}],"wp:attachment":[{"href":"https:\/\/saxbystone.com\/no\/wp-json\/wp\/v2\/media?parent=7991"}],"wp:term":[{"taxonomy":"product_brand","embeddable":true,"href":"https:\/\/saxbystone.com\/no\/wp-json\/wp\/v2\/product_brand?post=7991"},{"taxonomy":"product_cat","embeddable":true,"href":"https:\/\/saxbystone.com\/no\/wp-json\/wp\/v2\/product_cat?post=7991"},{"taxonomy":"product_tag","embeddable":true,"href":"https:\/\/saxbystone.com\/no\/wp-json\/wp\/v2\/product_tag?post=7991"}],"curies":[{"name":"wp","href":"https:\/\/api.w.org\/{rel}","templated":true}]}}