{"id":7984,"date":"2024-10-25T16:26:11","date_gmt":"2024-10-25T13:26:11","guid":{"rendered":"https:\/\/saxbystone.com\/product\/crema-marfil-marmor\/"},"modified":"2024-10-25T16:26:11","modified_gmt":"2024-10-25T13:26:11","slug":"crema-marfil-marmor","status":"publish","type":"product","link":"https:\/\/saxbystone.com\/no\/produkt\/crema-marfil-marmor\/","title":{"rendered":"Crema Marfil marmor"},"content":{"rendered":"","protected":false},"excerpt":{"rendered":"<p>I flere \u00e5rhundrer har Crema Marfil-marmor blitt brutt i fjellene langs kyststripen n\u00e6r Alicante i Spania. Den klassiske lysbeige marmoren med subtile lyse \u00e5rer har faktisk blitt brukt som gulvfliser i middelhavsvillaer helt siden romertiden.<\/p>\n<p>Gulvfliser av Crema Marfil marmor tilf\u00f8rer ogs\u00e5 moderne design lys og rom, spesielt ved bruk av storformatfliser som 600 x 600 mm. Dette har gjort dem popul\u00e6re i st\u00f8rre nye villaer der rikelig naturlig lys lar flisene skape romf\u00f8lelse.<\/p>\n<p>Tilgjengelig med finslipte og tromlete overflater.<\/p>\n<p><em>Velg flisst\u00f8rrelse for \u00e5 se pris. Gratis levering p\u00e5 bestillinger over 25 m\u00b2.<\/em><\/p>\n","protected":false},"featured_media":5699,"template":"","meta":{"_acf_changed":false},"product_brand":[],"product_cat":[89,53],"product_tag":[],"class_list":{"0":"post-7984","1":"product","2":"type-product","3":"status-publish","4":"has-post-thumbnail","6":"product_cat-alle-fliser","7":"product_cat-gulv-og-veggfliser","9":"first","10":"instock","11":"shipping-taxable","12":"purchasable","13":"product-type-variable","14":"add-to-wishlist-after_add_to_cart"},"acf":[],"yoast_head":"<!-- This site is optimized with the Yoast SEO plugin v26.4 - https:\/\/yoast.com\/wordpress\/plugins\/seo\/ -->\n<title>Crema Marfil marmor - Saxby Stone<\/title>\n<meta name=\"robots\" content=\"index, follow, max-snippet:-1, max-image-preview:large, max-video-preview:-1\" \/>\n<link rel=\"canonical\" href=\"https:\/\/saxbystone.com\/no\/produkt\/crema-marfil-marmor\/\" \/>\n<meta property=\"og:locale\" content=\"nb_NO\" \/>\n<meta property=\"og:type\" content=\"article\" \/>\n<meta property=\"og:title\" content=\"Crema Marfil marmor - Saxby Stone\" \/>\n<meta property=\"og:description\" content=\"I flere \u00e5rhundrer har Crema Marfil-marmor blitt brutt i fjellene langs kyststripen n\u00e6r Alicante i Spania. Den klassiske lysbeige marmoren med subtile lyse \u00e5rer har faktisk blitt brukt som gulvfliser i middelhavsvillaer helt siden romertiden.  Gulvfliser av Crema Marfil marmor tilf\u00f8rer ogs\u00e5 moderne design lys og rom, spesielt ved bruk av storformatfliser som 600 x 600 mm. Dette har gjort dem popul\u00e6re i st\u00f8rre nye villaer der rikelig naturlig lys lar flisene skape romf\u00f8lelse.  Tilgjengelig med finslipte og tromlete overflater.  Velg flisst\u00f8rrelse for \u00e5 se pris. Gratis levering p\u00e5 bestillinger over 25 m\u00b2.\" \/>\n<meta property=\"og:url\" content=\"https:\/\/saxbystone.com\/no\/produkt\/crema-marfil-marmor\/\" \/>\n<meta property=\"og:site_name\" content=\"Saxby Stone\" \/>\n<meta property=\"og:image\" content=\"https:\/\/saxbystone.com\/wp-content\/uploads\/2024\/10\/Crema-Marfil-Marmor-honed-21-square-scaled.jpg\" \/>\n\t<meta property=\"og:image:width\" content=\"2560\" \/>\n\t<meta property=\"og:image:height\" content=\"2352\" \/>\n\t<meta property=\"og:image:type\" content=\"image\/jpeg\" \/>\n<meta name=\"twitter:card\" content=\"summary_large_image\" \/>\n<script type=\"application\/ld+json\" class=\"yoast-schema-graph\">{\"@context\":\"https:\/\/schema.org\",\"@graph\":[{\"@type\":\"WebPage\",\"@id\":\"https:\/\/saxbystone.com\/no\/produkt\/crema-marfil-marmor\/\",\"url\":\"https:\/\/saxbystone.com\/no\/produkt\/crema-marfil-marmor\/\",\"name\":\"Crema Marfil marmor - Saxby Stone\",\"isPartOf\":{\"@id\":\"https:\/\/saxbystone.com\/no\/#website\"},\"primaryImageOfPage\":{\"@id\":\"https:\/\/saxbystone.com\/no\/produkt\/crema-marfil-marmor\/#primaryimage\"},\"image\":{\"@id\":\"https:\/\/saxbystone.com\/no\/produkt\/crema-marfil-marmor\/#primaryimage\"},\"thumbnailUrl\":\"https:\/\/saxbystone.com\/wp-content\/uploads\/2024\/10\/Crema-Marfil-Marmor-honed-21-square-scaled.jpg\",\"datePublished\":\"2024-10-25T13:26:11+00:00\",\"breadcrumb\":{\"@id\":\"https:\/\/saxbystone.com\/no\/produkt\/crema-marfil-marmor\/#breadcrumb\"},\"inLanguage\":\"nb-NO\",\"potentialAction\":[{\"@type\":\"ReadAction\",\"target\":[\"https:\/\/saxbystone.com\/no\/produkt\/crema-marfil-marmor\/\"]}]},{\"@type\":\"ImageObject\",\"inLanguage\":\"nb-NO\",\"@id\":\"https:\/\/saxbystone.com\/no\/produkt\/crema-marfil-marmor\/#primaryimage\",\"url\":\"https:\/\/saxbystone.com\/wp-content\/uploads\/2024\/10\/Crema-Marfil-Marmor-honed-21-square-scaled.jpg\",\"contentUrl\":\"https:\/\/saxbystone.com\/wp-content\/uploads\/2024\/10\/Crema-Marfil-Marmor-honed-21-square-scaled.jpg\",\"width\":2560,\"height\":2352},{\"@type\":\"BreadcrumbList\",\"@id\":\"https:\/\/saxbystone.com\/no\/produkt\/crema-marfil-marmor\/#breadcrumb\",\"itemListElement\":[{\"@type\":\"ListItem\",\"position\":1,\"name\":\"Home\",\"item\":\"https:\/\/saxbystone.com\/no\/\"},{\"@type\":\"ListItem\",\"position\":2,\"name\":\"Steinfliser\",\"item\":\"https:\/\/saxbystone.com\/stone-tiles\/\"},{\"@type\":\"ListItem\",\"position\":3,\"name\":\"Crema Marfil marmor\"}]},{\"@type\":\"WebSite\",\"@id\":\"https:\/\/saxbystone.com\/no\/#website\",\"url\":\"https:\/\/saxbystone.com\/no\/\",\"name\":\"Saxby Stone\",\"description\":\"Natural stone tiles\",\"publisher\":{\"@id\":\"https:\/\/saxbystone.com\/no\/#organization\"},\"potentialAction\":[{\"@type\":\"SearchAction\",\"target\":{\"@type\":\"EntryPoint\",\"urlTemplate\":\"https:\/\/saxbystone.com\/no\/?s={search_term_string}\"},\"query-input\":{\"@type\":\"PropertyValueSpecification\",\"valueRequired\":true,\"valueName\":\"search_term_string\"}}],\"inLanguage\":\"nb-NO\"},{\"@type\":\"Organization\",\"@id\":\"https:\/\/saxbystone.com\/no\/#organization\",\"name\":\"Saxby Stone\",\"url\":\"https:\/\/saxbystone.com\/no\/\",\"logo\":{\"@type\":\"ImageObject\",\"inLanguage\":\"nb-NO\",\"@id\":\"https:\/\/saxbystone.com\/no\/#\/schema\/logo\/image\/\",\"url\":\"https:\/\/saxbystone.com\/wp-content\/uploads\/2024\/09\/cropped-Saxby-Stone-logo-official-1st.png\",\"contentUrl\":\"https:\/\/saxbystone.com\/wp-content\/uploads\/2024\/09\/cropped-Saxby-Stone-logo-official-1st.png\",\"width\":512,\"height\":512,\"caption\":\"Saxby Stone\"},\"image\":{\"@id\":\"https:\/\/saxbystone.com\/no\/#\/schema\/logo\/image\/\"},\"sameAs\":[\"https:\/\/www.instagram.com\/saxbystone\/\"]}]}<\/script>\n<!-- \/ Yoast SEO plugin. -->","yoast_head_json":{"title":"Crema Marfil marmor - Saxby Stone","robots":{"index":"index","follow":"follow","max-snippet":"max-snippet:-1","max-image-preview":"max-image-preview:large","max-video-preview":"max-video-preview:-1"},"canonical":"https:\/\/saxbystone.com\/no\/produkt\/crema-marfil-marmor\/","og_locale":"nb_NO","og_type":"article","og_title":"Crema Marfil marmor - Saxby Stone","og_description":"I flere \u00e5rhundrer har Crema Marfil-marmor blitt brutt i fjellene langs kyststripen n\u00e6r Alicante i Spania. Den klassiske lysbeige marmoren med subtile lyse \u00e5rer har faktisk blitt brukt som gulvfliser i middelhavsvillaer helt siden romertiden.  Gulvfliser av Crema Marfil marmor tilf\u00f8rer ogs\u00e5 moderne design lys og rom, spesielt ved bruk av storformatfliser som 600 x 600 mm. Dette har gjort dem popul\u00e6re i st\u00f8rre nye villaer der rikelig naturlig lys lar flisene skape romf\u00f8lelse.  Tilgjengelig med finslipte og tromlete overflater.  Velg flisst\u00f8rrelse for \u00e5 se pris. Gratis levering p\u00e5 bestillinger over 25 m\u00b2.","og_url":"https:\/\/saxbystone.com\/no\/produkt\/crema-marfil-marmor\/","og_site_name":"Saxby Stone","og_image":[{"width":2560,"height":2352,"url":"https:\/\/saxbystone.com\/wp-content\/uploads\/2024\/10\/Crema-Marfil-Marmor-honed-21-square-scaled.jpg","type":"image\/jpeg"}],"twitter_card":"summary_large_image","schema":{"@context":"https:\/\/schema.org","@graph":[{"@type":"WebPage","@id":"https:\/\/saxbystone.com\/no\/produkt\/crema-marfil-marmor\/","url":"https:\/\/saxbystone.com\/no\/produkt\/crema-marfil-marmor\/","name":"Crema Marfil marmor - Saxby Stone","isPartOf":{"@id":"https:\/\/saxbystone.com\/no\/#website"},"primaryImageOfPage":{"@id":"https:\/\/saxbystone.com\/no\/produkt\/crema-marfil-marmor\/#primaryimage"},"image":{"@id":"https:\/\/saxbystone.com\/no\/produkt\/crema-marfil-marmor\/#primaryimage"},"thumbnailUrl":"https:\/\/saxbystone.com\/wp-content\/uploads\/2024\/10\/Crema-Marfil-Marmor-honed-21-square-scaled.jpg","datePublished":"2024-10-25T13:26:11+00:00","breadcrumb":{"@id":"https:\/\/saxbystone.com\/no\/produkt\/crema-marfil-marmor\/#breadcrumb"},"inLanguage":"nb-NO","potentialAction":[{"@type":"ReadAction","target":["https:\/\/saxbystone.com\/no\/produkt\/crema-marfil-marmor\/"]}]},{"@type":"ImageObject","inLanguage":"nb-NO","@id":"https:\/\/saxbystone.com\/no\/produkt\/crema-marfil-marmor\/#primaryimage","url":"https:\/\/saxbystone.com\/wp-content\/uploads\/2024\/10\/Crema-Marfil-Marmor-honed-21-square-scaled.jpg","contentUrl":"https:\/\/saxbystone.com\/wp-content\/uploads\/2024\/10\/Crema-Marfil-Marmor-honed-21-square-scaled.jpg","width":2560,"height":2352},{"@type":"BreadcrumbList","@id":"https:\/\/saxbystone.com\/no\/produkt\/crema-marfil-marmor\/#breadcrumb","itemListElement":[{"@type":"ListItem","position":1,"name":"Home","item":"https:\/\/saxbystone.com\/no\/"},{"@type":"ListItem","position":2,"name":"Steinfliser","item":"https:\/\/saxbystone.com\/stone-tiles\/"},{"@type":"ListItem","position":3,"name":"Crema Marfil marmor"}]},{"@type":"WebSite","@id":"https:\/\/saxbystone.com\/no\/#website","url":"https:\/\/saxbystone.com\/no\/","name":"Saxby Stone","description":"Natural stone tiles","publisher":{"@id":"https:\/\/saxbystone.com\/no\/#organization"},"potentialAction":[{"@type":"SearchAction","target":{"@type":"EntryPoint","urlTemplate":"https:\/\/saxbystone.com\/no\/?s={search_term_string}"},"query-input":{"@type":"PropertyValueSpecification","valueRequired":true,"valueName":"search_term_string"}}],"inLanguage":"nb-NO"},{"@type":"Organization","@id":"https:\/\/saxbystone.com\/no\/#organization","name":"Saxby Stone","url":"https:\/\/saxbystone.com\/no\/","logo":{"@type":"ImageObject","inLanguage":"nb-NO","@id":"https:\/\/saxbystone.com\/no\/#\/schema\/logo\/image\/","url":"https:\/\/saxbystone.com\/wp-content\/uploads\/2024\/09\/cropped-Saxby-Stone-logo-official-1st.png","contentUrl":"https:\/\/saxbystone.com\/wp-content\/uploads\/2024\/09\/cropped-Saxby-Stone-logo-official-1st.png","width":512,"height":512,"caption":"Saxby Stone"},"image":{"@id":"https:\/\/saxbystone.com\/no\/#\/schema\/logo\/image\/"},"sameAs":["https:\/\/www.instagram.com\/saxbystone\/"]}]}},"_links":{"self":[{"href":"https:\/\/saxbystone.com\/no\/wp-json\/wp\/v2\/product\/7984","targetHints":{"allow":["GET"]}}],"collection":[{"href":"https:\/\/saxbystone.com\/no\/wp-json\/wp\/v2\/product"}],"about":[{"href":"https:\/\/saxbystone.com\/no\/wp-json\/wp\/v2\/types\/product"}],"wp:featuredmedia":[{"embeddable":true,"href":"https:\/\/saxbystone.com\/no\/wp-json\/wp\/v2\/media\/5699"}],"wp:attachment":[{"href":"https:\/\/saxbystone.com\/no\/wp-json\/wp\/v2\/media?parent=7984"}],"wp:term":[{"taxonomy":"product_brand","embeddable":true,"href":"https:\/\/saxbystone.com\/no\/wp-json\/wp\/v2\/product_brand?post=7984"},{"taxonomy":"product_cat","embeddable":true,"href":"https:\/\/saxbystone.com\/no\/wp-json\/wp\/v2\/product_cat?post=7984"},{"taxonomy":"product_tag","embeddable":true,"href":"https:\/\/saxbystone.com\/no\/wp-json\/wp\/v2\/product_tag?post=7984"}],"curies":[{"name":"wp","href":"https:\/\/api.w.org\/{rel}","templated":true}]}}