{"id":7978,"date":"2024-10-25T16:16:34","date_gmt":"2024-10-25T13:16:34","guid":{"rendered":"https:\/\/saxbystone.com\/product\/oland-grey-g1s-kalkstein\/"},"modified":"2026-04-09T10:57:43","modified_gmt":"2026-04-09T07:57:43","slug":"oland-grey-g1s-kalkstein","status":"publish","type":"product","link":"https:\/\/saxbystone.com\/no\/produkt\/oland-grey-g1s-kalkstein\/","title":{"rendered":"\u00d6land Grey G1S kalkstein"},"content":{"rendered":"","protected":false},"excerpt":{"rendered":"<p class=\"has-medium-font-size\">\u00d6lands kalkstein ble dannet for over 550 millioner \u00e5r siden da Sverige l\u00e5 s\u00f8r for ekvator, og har en rik sammensetning av fossiler etter tropiske sj\u00f8dyr og planter. Fossiler av ammonitter og nautiloider gir \u00d6lands kalkstein en identitet og en unikhet som verdsettes i hele Skandinavia og Norden.<\/p>\n<p class=\"has-medium-font-size\">I tillegg til \u00e5 pryde gulvene i herreg\u00e5rder, villaer og leiligheter over hele Sverige, finnes G1S gulvfliser av \u00d6land kalkstein ogs\u00e5 p\u00e5 luksuri\u00f8se boutiquehoteller som Ett Hem i Stockholm og p\u00e5 Arlanda lufthavn.<\/p>\n<p class=\"has-medium-font-size\">Denne kalksteinen er gjennomsyret av kulturen ved de tradisjonelle familiesteinbruddene langs den \u00f6landske \u00d8stersj\u00f8kysten: den er sterk, holdbar og p\u00e5litelig, med alle kjennetegn p\u00e5 svensk kvalitet.<\/p>\n<p class=\"has-medium-font-size\">Tilgjengelig med slipte overflate.<\/p>\n<p><em>Velg flisst\u00f8rrelse for \u00e5 se pris. Gratis levering p\u00e5 bestillinger over 25 m\u00b2.<\/em><\/p>\n","protected":false},"featured_media":7979,"template":"","meta":{"_acf_changed":false},"product_brand":[],"product_cat":[89,53,77,74,71],"product_tag":[],"class_list":{"0":"post-7978","1":"product","2":"type-product","3":"status-publish","4":"has-post-thumbnail","6":"product_cat-alle-fliser","7":"product_cat-gulv-og-veggfliser","8":"product_cat-benkeplater-vinduskarmer","9":"product_cat-belegningsstein","10":"product_cat-naeringslokaler","12":"first","13":"instock","14":"shipping-taxable","15":"purchasable","16":"product-type-variable","17":"add-to-wishlist-after_add_to_cart"},"acf":[],"yoast_head":"<!-- This site is optimized with the Yoast SEO plugin v26.4 - https:\/\/yoast.com\/wordpress\/plugins\/seo\/ -->\n<title>\u00d6land Grey G1S kalkstein - Saxby Stone<\/title>\n<meta name=\"robots\" content=\"index, follow, max-snippet:-1, max-image-preview:large, max-video-preview:-1\" \/>\n<link rel=\"canonical\" href=\"https:\/\/saxbystone.com\/no\/produkt\/oland-grey-g1s-kalkstein\/\" \/>\n<meta property=\"og:locale\" content=\"nb_NO\" \/>\n<meta property=\"og:type\" content=\"article\" \/>\n<meta property=\"og:title\" content=\"\u00d6land Grey G1S kalkstein - Saxby Stone\" \/>\n<meta property=\"og:description\" content=\"\u00d6lands kalkstein ble dannet for over 550 millioner \u00e5r siden da Sverige l\u00e5 s\u00f8r for ekvator, og har en rik sammensetning av fossiler etter tropiske sj\u00f8dyr og planter. Fossiler av ammonitter og nautiloider gir \u00d6lands kalkstein en identitet og en unikhet som verdsettes i hele Skandinavia og Norden. I tillegg til \u00e5 pryde gulvene i herreg\u00e5rder, villaer og leiligheter over hele Sverige, finnes G1S gulvfliser av \u00d6land kalkstein ogs\u00e5 p\u00e5 luksuri\u00f8se boutiquehoteller som Ett Hem i Stockholm og p\u00e5 Arlanda lufthavn. Denne kalksteinen er gjennomsyret av kulturen ved de tradisjonelle familiesteinbruddene langs den \u00f6landske \u00d8stersj\u00f8kysten: den er sterk, holdbar og p\u00e5litelig, med alle kjennetegn p\u00e5 svensk kvalitet. Tilgjengelig med slipte overflate. Velg flisst\u00f8rrelse for \u00e5 se pris. Gratis levering p\u00e5 bestillinger over 25 m\u00b2.\" \/>\n<meta property=\"og:url\" content=\"https:\/\/saxbystone.com\/no\/produkt\/oland-grey-g1s-kalkstein\/\" \/>\n<meta property=\"og:site_name\" content=\"Saxby Stone\" \/>\n<meta property=\"article:modified_time\" content=\"2026-04-09T07:57:43+00:00\" \/>\n<meta property=\"og:image\" content=\"https:\/\/saxbystone.com\/wp-content\/uploads\/2024\/10\/Oland-Limestone.jpg\" \/>\n\t<meta property=\"og:image:width\" content=\"1200\" \/>\n\t<meta property=\"og:image:height\" content=\"900\" \/>\n\t<meta property=\"og:image:type\" content=\"image\/jpeg\" \/>\n<meta name=\"twitter:card\" content=\"summary_large_image\" \/>\n<script type=\"application\/ld+json\" class=\"yoast-schema-graph\">{\"@context\":\"https:\/\/schema.org\",\"@graph\":[{\"@type\":\"WebPage\",\"@id\":\"https:\/\/saxbystone.com\/no\/produkt\/oland-grey-g1s-kalkstein\/\",\"url\":\"https:\/\/saxbystone.com\/no\/produkt\/oland-grey-g1s-kalkstein\/\",\"name\":\"\u00d6land Grey G1S kalkstein - Saxby Stone\",\"isPartOf\":{\"@id\":\"https:\/\/saxbystone.com\/no\/#website\"},\"primaryImageOfPage\":{\"@id\":\"https:\/\/saxbystone.com\/no\/produkt\/oland-grey-g1s-kalkstein\/#primaryimage\"},\"image\":{\"@id\":\"https:\/\/saxbystone.com\/no\/produkt\/oland-grey-g1s-kalkstein\/#primaryimage\"},\"thumbnailUrl\":\"https:\/\/saxbystone.com\/wp-content\/uploads\/2024\/10\/Oland-Limestone.jpg\",\"datePublished\":\"2024-10-25T13:16:34+00:00\",\"dateModified\":\"2026-04-09T07:57:43+00:00\",\"breadcrumb\":{\"@id\":\"https:\/\/saxbystone.com\/no\/produkt\/oland-grey-g1s-kalkstein\/#breadcrumb\"},\"inLanguage\":\"nb-NO\",\"potentialAction\":[{\"@type\":\"ReadAction\",\"target\":[\"https:\/\/saxbystone.com\/no\/produkt\/oland-grey-g1s-kalkstein\/\"]}]},{\"@type\":\"ImageObject\",\"inLanguage\":\"nb-NO\",\"@id\":\"https:\/\/saxbystone.com\/no\/produkt\/oland-grey-g1s-kalkstein\/#primaryimage\",\"url\":\"https:\/\/saxbystone.com\/wp-content\/uploads\/2024\/10\/Oland-Limestone.jpg\",\"contentUrl\":\"https:\/\/saxbystone.com\/wp-content\/uploads\/2024\/10\/Oland-Limestone.jpg\",\"width\":1200,\"height\":900},{\"@type\":\"BreadcrumbList\",\"@id\":\"https:\/\/saxbystone.com\/no\/produkt\/oland-grey-g1s-kalkstein\/#breadcrumb\",\"itemListElement\":[{\"@type\":\"ListItem\",\"position\":1,\"name\":\"Home\",\"item\":\"https:\/\/saxbystone.com\/no\/\"},{\"@type\":\"ListItem\",\"position\":2,\"name\":\"Steinfliser\",\"item\":\"https:\/\/saxbystone.com\/stone-tiles\/\"},{\"@type\":\"ListItem\",\"position\":3,\"name\":\"\u00d6land Grey G1S kalkstein\"}]},{\"@type\":\"WebSite\",\"@id\":\"https:\/\/saxbystone.com\/no\/#website\",\"url\":\"https:\/\/saxbystone.com\/no\/\",\"name\":\"Saxby Stone\",\"description\":\"Natural stone tiles\",\"publisher\":{\"@id\":\"https:\/\/saxbystone.com\/no\/#organization\"},\"potentialAction\":[{\"@type\":\"SearchAction\",\"target\":{\"@type\":\"EntryPoint\",\"urlTemplate\":\"https:\/\/saxbystone.com\/no\/?s={search_term_string}\"},\"query-input\":{\"@type\":\"PropertyValueSpecification\",\"valueRequired\":true,\"valueName\":\"search_term_string\"}}],\"inLanguage\":\"nb-NO\"},{\"@type\":\"Organization\",\"@id\":\"https:\/\/saxbystone.com\/no\/#organization\",\"name\":\"Saxby Stone\",\"url\":\"https:\/\/saxbystone.com\/no\/\",\"logo\":{\"@type\":\"ImageObject\",\"inLanguage\":\"nb-NO\",\"@id\":\"https:\/\/saxbystone.com\/no\/#\/schema\/logo\/image\/\",\"url\":\"https:\/\/saxbystone.com\/wp-content\/uploads\/2024\/09\/cropped-Saxby-Stone-logo-official-1st.png\",\"contentUrl\":\"https:\/\/saxbystone.com\/wp-content\/uploads\/2024\/09\/cropped-Saxby-Stone-logo-official-1st.png\",\"width\":512,\"height\":512,\"caption\":\"Saxby Stone\"},\"image\":{\"@id\":\"https:\/\/saxbystone.com\/no\/#\/schema\/logo\/image\/\"},\"sameAs\":[\"https:\/\/www.instagram.com\/saxbystone\/\"]}]}<\/script>\n<!-- \/ Yoast SEO plugin. -->","yoast_head_json":{"title":"\u00d6land Grey G1S kalkstein - Saxby Stone","robots":{"index":"index","follow":"follow","max-snippet":"max-snippet:-1","max-image-preview":"max-image-preview:large","max-video-preview":"max-video-preview:-1"},"canonical":"https:\/\/saxbystone.com\/no\/produkt\/oland-grey-g1s-kalkstein\/","og_locale":"nb_NO","og_type":"article","og_title":"\u00d6land Grey G1S kalkstein - Saxby Stone","og_description":"\u00d6lands kalkstein ble dannet for over 550 millioner \u00e5r siden da Sverige l\u00e5 s\u00f8r for ekvator, og har en rik sammensetning av fossiler etter tropiske sj\u00f8dyr og planter. Fossiler av ammonitter og nautiloider gir \u00d6lands kalkstein en identitet og en unikhet som verdsettes i hele Skandinavia og Norden. I tillegg til \u00e5 pryde gulvene i herreg\u00e5rder, villaer og leiligheter over hele Sverige, finnes G1S gulvfliser av \u00d6land kalkstein ogs\u00e5 p\u00e5 luksuri\u00f8se boutiquehoteller som Ett Hem i Stockholm og p\u00e5 Arlanda lufthavn. Denne kalksteinen er gjennomsyret av kulturen ved de tradisjonelle familiesteinbruddene langs den \u00f6landske \u00d8stersj\u00f8kysten: den er sterk, holdbar og p\u00e5litelig, med alle kjennetegn p\u00e5 svensk kvalitet. Tilgjengelig med slipte overflate. Velg flisst\u00f8rrelse for \u00e5 se pris. Gratis levering p\u00e5 bestillinger over 25 m\u00b2.","og_url":"https:\/\/saxbystone.com\/no\/produkt\/oland-grey-g1s-kalkstein\/","og_site_name":"Saxby Stone","article_modified_time":"2026-04-09T07:57:43+00:00","og_image":[{"width":1200,"height":900,"url":"https:\/\/saxbystone.com\/wp-content\/uploads\/2024\/10\/Oland-Limestone.jpg","type":"image\/jpeg"}],"twitter_card":"summary_large_image","schema":{"@context":"https:\/\/schema.org","@graph":[{"@type":"WebPage","@id":"https:\/\/saxbystone.com\/no\/produkt\/oland-grey-g1s-kalkstein\/","url":"https:\/\/saxbystone.com\/no\/produkt\/oland-grey-g1s-kalkstein\/","name":"\u00d6land Grey G1S kalkstein - Saxby Stone","isPartOf":{"@id":"https:\/\/saxbystone.com\/no\/#website"},"primaryImageOfPage":{"@id":"https:\/\/saxbystone.com\/no\/produkt\/oland-grey-g1s-kalkstein\/#primaryimage"},"image":{"@id":"https:\/\/saxbystone.com\/no\/produkt\/oland-grey-g1s-kalkstein\/#primaryimage"},"thumbnailUrl":"https:\/\/saxbystone.com\/wp-content\/uploads\/2024\/10\/Oland-Limestone.jpg","datePublished":"2024-10-25T13:16:34+00:00","dateModified":"2026-04-09T07:57:43+00:00","breadcrumb":{"@id":"https:\/\/saxbystone.com\/no\/produkt\/oland-grey-g1s-kalkstein\/#breadcrumb"},"inLanguage":"nb-NO","potentialAction":[{"@type":"ReadAction","target":["https:\/\/saxbystone.com\/no\/produkt\/oland-grey-g1s-kalkstein\/"]}]},{"@type":"ImageObject","inLanguage":"nb-NO","@id":"https:\/\/saxbystone.com\/no\/produkt\/oland-grey-g1s-kalkstein\/#primaryimage","url":"https:\/\/saxbystone.com\/wp-content\/uploads\/2024\/10\/Oland-Limestone.jpg","contentUrl":"https:\/\/saxbystone.com\/wp-content\/uploads\/2024\/10\/Oland-Limestone.jpg","width":1200,"height":900},{"@type":"BreadcrumbList","@id":"https:\/\/saxbystone.com\/no\/produkt\/oland-grey-g1s-kalkstein\/#breadcrumb","itemListElement":[{"@type":"ListItem","position":1,"name":"Home","item":"https:\/\/saxbystone.com\/no\/"},{"@type":"ListItem","position":2,"name":"Steinfliser","item":"https:\/\/saxbystone.com\/stone-tiles\/"},{"@type":"ListItem","position":3,"name":"\u00d6land Grey G1S kalkstein"}]},{"@type":"WebSite","@id":"https:\/\/saxbystone.com\/no\/#website","url":"https:\/\/saxbystone.com\/no\/","name":"Saxby Stone","description":"Natural stone tiles","publisher":{"@id":"https:\/\/saxbystone.com\/no\/#organization"},"potentialAction":[{"@type":"SearchAction","target":{"@type":"EntryPoint","urlTemplate":"https:\/\/saxbystone.com\/no\/?s={search_term_string}"},"query-input":{"@type":"PropertyValueSpecification","valueRequired":true,"valueName":"search_term_string"}}],"inLanguage":"nb-NO"},{"@type":"Organization","@id":"https:\/\/saxbystone.com\/no\/#organization","name":"Saxby Stone","url":"https:\/\/saxbystone.com\/no\/","logo":{"@type":"ImageObject","inLanguage":"nb-NO","@id":"https:\/\/saxbystone.com\/no\/#\/schema\/logo\/image\/","url":"https:\/\/saxbystone.com\/wp-content\/uploads\/2024\/09\/cropped-Saxby-Stone-logo-official-1st.png","contentUrl":"https:\/\/saxbystone.com\/wp-content\/uploads\/2024\/09\/cropped-Saxby-Stone-logo-official-1st.png","width":512,"height":512,"caption":"Saxby Stone"},"image":{"@id":"https:\/\/saxbystone.com\/no\/#\/schema\/logo\/image\/"},"sameAs":["https:\/\/www.instagram.com\/saxbystone\/"]}]}},"_links":{"self":[{"href":"https:\/\/saxbystone.com\/no\/wp-json\/wp\/v2\/product\/7978","targetHints":{"allow":["GET"]}}],"collection":[{"href":"https:\/\/saxbystone.com\/no\/wp-json\/wp\/v2\/product"}],"about":[{"href":"https:\/\/saxbystone.com\/no\/wp-json\/wp\/v2\/types\/product"}],"wp:featuredmedia":[{"embeddable":true,"href":"https:\/\/saxbystone.com\/no\/wp-json\/wp\/v2\/media\/7979"}],"wp:attachment":[{"href":"https:\/\/saxbystone.com\/no\/wp-json\/wp\/v2\/media?parent=7978"}],"wp:term":[{"taxonomy":"product_brand","embeddable":true,"href":"https:\/\/saxbystone.com\/no\/wp-json\/wp\/v2\/product_brand?post=7978"},{"taxonomy":"product_cat","embeddable":true,"href":"https:\/\/saxbystone.com\/no\/wp-json\/wp\/v2\/product_cat?post=7978"},{"taxonomy":"product_tag","embeddable":true,"href":"https:\/\/saxbystone.com\/no\/wp-json\/wp\/v2\/product_tag?post=7978"}],"curies":[{"name":"wp","href":"https:\/\/api.w.org\/{rel}","templated":true}]}}