{"id":7972,"date":"2024-10-25T16:08:19","date_gmt":"2024-10-25T13:08:19","guid":{"rendered":"https:\/\/saxbystone.com\/product\/jamtlands-grey-kalkstein\/"},"modified":"2024-10-25T16:08:19","modified_gmt":"2024-10-25T13:08:19","slug":"jamtlands-grey-kalkstein","status":"publish","type":"product","link":"https:\/\/saxbystone.com\/no\/produkt\/jamtlands-grey-kalkstein\/","title":{"rendered":"J\u00e4mtlands Grey kalkstein"},"content":{"rendered":"","protected":false},"excerpt":{"rendered":"<p class=\"has-medium-font-size\">J\u00e4mtlands gr\u00e5 kalkstein er en svensk nasjonalfavoritt som brytes i h\u00f8ydene rundt \u00d6stersund og Brunflo, der kalksteinen ble dannet for over 465 millioner \u00e5r siden. Den g\u00e5r for \u00e5 v\u00e6re b\u00e5de den eldste og hardeste kalksteinen i Europa.<\/p>\n<p class=\"has-medium-font-size\">Arkitekter spesifiserer denne kalksteinen n\u00e5r kundene deres \u00f8nsker en attraktiv men slitesterk kalkstein \u2013 som samtidig er et urokkelig symbol p\u00e5 svensk nasjonal identitet.<\/p>\n<p class=\"has-medium-font-size\">Enten det er et elegant advokatkontor i sentrale Stockholm eller et sommerhus ytterst i Stockholms skj\u00e6rg\u00e5rd, gir J\u00e4mtlands gr\u00e5 kalkstein et diskr\u00e9 preg av kvalitet og troverdighet.<\/p>\n<p class=\"has-medium-font-size\">Tilgjengelig med slipte overflate.<\/p>\n<p><em>Velg flisst\u00f8rrelse for \u00e5 se pris. Gratis levering p\u00e5 bestillinger over 25 m\u00b2.<\/em><\/p>\n","protected":false},"featured_media":7973,"template":"","meta":{"_acf_changed":false},"product_brand":[],"product_cat":[89,53,77,74,71],"product_tag":[],"class_list":{"0":"post-7972","1":"product","2":"type-product","3":"status-publish","4":"has-post-thumbnail","6":"product_cat-alle-fliser","7":"product_cat-gulv-og-veggfliser","8":"product_cat-benkeplater-vinduskarmer","9":"product_cat-belegningsstein","10":"product_cat-naeringslokaler","12":"first","13":"instock","14":"shipping-taxable","15":"purchasable","16":"product-type-variable","17":"add-to-wishlist-after_add_to_cart"},"acf":[],"yoast_head":"<!-- This site is optimized with the Yoast SEO plugin v26.4 - https:\/\/yoast.com\/wordpress\/plugins\/seo\/ -->\n<title>J\u00e4mtlands Grey kalkstein - Saxby Stone<\/title>\n<meta name=\"robots\" content=\"index, follow, max-snippet:-1, max-image-preview:large, max-video-preview:-1\" \/>\n<link rel=\"canonical\" href=\"https:\/\/saxbystone.com\/no\/produkt\/jamtlands-grey-kalkstein\/\" \/>\n<meta property=\"og:locale\" content=\"nb_NO\" \/>\n<meta property=\"og:type\" content=\"article\" \/>\n<meta property=\"og:title\" content=\"J\u00e4mtlands Grey kalkstein - Saxby Stone\" \/>\n<meta property=\"og:description\" content=\"J\u00e4mtlands gr\u00e5 kalkstein er en svensk nasjonalfavoritt som brytes i h\u00f8ydene rundt \u00d6stersund og Brunflo, der kalksteinen ble dannet for over 465 millioner \u00e5r siden. Den g\u00e5r for \u00e5 v\u00e6re b\u00e5de den eldste og hardeste kalksteinen i Europa. Arkitekter spesifiserer denne kalksteinen n\u00e5r kundene deres \u00f8nsker en attraktiv men slitesterk kalkstein \u2013 som samtidig er et urokkelig symbol p\u00e5 svensk nasjonal identitet. Enten det er et elegant advokatkontor i sentrale Stockholm eller et sommerhus ytterst i Stockholms skj\u00e6rg\u00e5rd, gir J\u00e4mtlands gr\u00e5 kalkstein et diskr\u00e9 preg av kvalitet og troverdighet. Tilgjengelig med slipte overflate. Velg flisst\u00f8rrelse for \u00e5 se pris. Gratis levering p\u00e5 bestillinger over 25 m\u00b2.\" \/>\n<meta property=\"og:url\" content=\"https:\/\/saxbystone.com\/no\/produkt\/jamtlands-grey-kalkstein\/\" \/>\n<meta property=\"og:site_name\" content=\"Saxby Stone\" \/>\n<meta property=\"og:image\" content=\"https:\/\/saxbystone.com\/wp-content\/uploads\/2024\/10\/Jamtlands-Grey-Mannheimer-Swartling-office.jpg\" \/>\n\t<meta property=\"og:image:width\" content=\"2048\" \/>\n\t<meta property=\"og:image:height\" content=\"1536\" \/>\n\t<meta property=\"og:image:type\" content=\"image\/jpeg\" \/>\n<meta name=\"twitter:card\" content=\"summary_large_image\" \/>\n<script type=\"application\/ld+json\" class=\"yoast-schema-graph\">{\"@context\":\"https:\/\/schema.org\",\"@graph\":[{\"@type\":\"WebPage\",\"@id\":\"https:\/\/saxbystone.com\/no\/produkt\/jamtlands-grey-kalkstein\/\",\"url\":\"https:\/\/saxbystone.com\/no\/produkt\/jamtlands-grey-kalkstein\/\",\"name\":\"J\u00e4mtlands Grey kalkstein - Saxby Stone\",\"isPartOf\":{\"@id\":\"https:\/\/saxbystone.com\/no\/#website\"},\"primaryImageOfPage\":{\"@id\":\"https:\/\/saxbystone.com\/no\/produkt\/jamtlands-grey-kalkstein\/#primaryimage\"},\"image\":{\"@id\":\"https:\/\/saxbystone.com\/no\/produkt\/jamtlands-grey-kalkstein\/#primaryimage\"},\"thumbnailUrl\":\"https:\/\/saxbystone.com\/wp-content\/uploads\/2024\/10\/Jamtlands-Grey-Mannheimer-Swartling-office.jpg\",\"datePublished\":\"2024-10-25T13:08:19+00:00\",\"breadcrumb\":{\"@id\":\"https:\/\/saxbystone.com\/no\/produkt\/jamtlands-grey-kalkstein\/#breadcrumb\"},\"inLanguage\":\"nb-NO\",\"potentialAction\":[{\"@type\":\"ReadAction\",\"target\":[\"https:\/\/saxbystone.com\/no\/produkt\/jamtlands-grey-kalkstein\/\"]}]},{\"@type\":\"ImageObject\",\"inLanguage\":\"nb-NO\",\"@id\":\"https:\/\/saxbystone.com\/no\/produkt\/jamtlands-grey-kalkstein\/#primaryimage\",\"url\":\"https:\/\/saxbystone.com\/wp-content\/uploads\/2024\/10\/Jamtlands-Grey-Mannheimer-Swartling-office.jpg\",\"contentUrl\":\"https:\/\/saxbystone.com\/wp-content\/uploads\/2024\/10\/Jamtlands-Grey-Mannheimer-Swartling-office.jpg\",\"width\":2048,\"height\":1536},{\"@type\":\"BreadcrumbList\",\"@id\":\"https:\/\/saxbystone.com\/no\/produkt\/jamtlands-grey-kalkstein\/#breadcrumb\",\"itemListElement\":[{\"@type\":\"ListItem\",\"position\":1,\"name\":\"Home\",\"item\":\"https:\/\/saxbystone.com\/no\/\"},{\"@type\":\"ListItem\",\"position\":2,\"name\":\"Steinfliser\",\"item\":\"https:\/\/saxbystone.com\/stone-tiles\/\"},{\"@type\":\"ListItem\",\"position\":3,\"name\":\"J\u00e4mtlands Grey kalkstein\"}]},{\"@type\":\"WebSite\",\"@id\":\"https:\/\/saxbystone.com\/no\/#website\",\"url\":\"https:\/\/saxbystone.com\/no\/\",\"name\":\"Saxby Stone\",\"description\":\"Natural stone tiles\",\"publisher\":{\"@id\":\"https:\/\/saxbystone.com\/no\/#organization\"},\"potentialAction\":[{\"@type\":\"SearchAction\",\"target\":{\"@type\":\"EntryPoint\",\"urlTemplate\":\"https:\/\/saxbystone.com\/no\/?s={search_term_string}\"},\"query-input\":{\"@type\":\"PropertyValueSpecification\",\"valueRequired\":true,\"valueName\":\"search_term_string\"}}],\"inLanguage\":\"nb-NO\"},{\"@type\":\"Organization\",\"@id\":\"https:\/\/saxbystone.com\/no\/#organization\",\"name\":\"Saxby Stone\",\"url\":\"https:\/\/saxbystone.com\/no\/\",\"logo\":{\"@type\":\"ImageObject\",\"inLanguage\":\"nb-NO\",\"@id\":\"https:\/\/saxbystone.com\/no\/#\/schema\/logo\/image\/\",\"url\":\"https:\/\/saxbystone.com\/wp-content\/uploads\/2024\/09\/cropped-Saxby-Stone-logo-official-1st.png\",\"contentUrl\":\"https:\/\/saxbystone.com\/wp-content\/uploads\/2024\/09\/cropped-Saxby-Stone-logo-official-1st.png\",\"width\":512,\"height\":512,\"caption\":\"Saxby Stone\"},\"image\":{\"@id\":\"https:\/\/saxbystone.com\/no\/#\/schema\/logo\/image\/\"},\"sameAs\":[\"https:\/\/www.instagram.com\/saxbystone\/\"]}]}<\/script>\n<!-- \/ Yoast SEO plugin. -->","yoast_head_json":{"title":"J\u00e4mtlands Grey kalkstein - Saxby Stone","robots":{"index":"index","follow":"follow","max-snippet":"max-snippet:-1","max-image-preview":"max-image-preview:large","max-video-preview":"max-video-preview:-1"},"canonical":"https:\/\/saxbystone.com\/no\/produkt\/jamtlands-grey-kalkstein\/","og_locale":"nb_NO","og_type":"article","og_title":"J\u00e4mtlands Grey kalkstein - Saxby Stone","og_description":"J\u00e4mtlands gr\u00e5 kalkstein er en svensk nasjonalfavoritt som brytes i h\u00f8ydene rundt \u00d6stersund og Brunflo, der kalksteinen ble dannet for over 465 millioner \u00e5r siden. Den g\u00e5r for \u00e5 v\u00e6re b\u00e5de den eldste og hardeste kalksteinen i Europa. Arkitekter spesifiserer denne kalksteinen n\u00e5r kundene deres \u00f8nsker en attraktiv men slitesterk kalkstein \u2013 som samtidig er et urokkelig symbol p\u00e5 svensk nasjonal identitet. Enten det er et elegant advokatkontor i sentrale Stockholm eller et sommerhus ytterst i Stockholms skj\u00e6rg\u00e5rd, gir J\u00e4mtlands gr\u00e5 kalkstein et diskr\u00e9 preg av kvalitet og troverdighet. Tilgjengelig med slipte overflate. Velg flisst\u00f8rrelse for \u00e5 se pris. Gratis levering p\u00e5 bestillinger over 25 m\u00b2.","og_url":"https:\/\/saxbystone.com\/no\/produkt\/jamtlands-grey-kalkstein\/","og_site_name":"Saxby Stone","og_image":[{"width":2048,"height":1536,"url":"https:\/\/saxbystone.com\/wp-content\/uploads\/2024\/10\/Jamtlands-Grey-Mannheimer-Swartling-office.jpg","type":"image\/jpeg"}],"twitter_card":"summary_large_image","schema":{"@context":"https:\/\/schema.org","@graph":[{"@type":"WebPage","@id":"https:\/\/saxbystone.com\/no\/produkt\/jamtlands-grey-kalkstein\/","url":"https:\/\/saxbystone.com\/no\/produkt\/jamtlands-grey-kalkstein\/","name":"J\u00e4mtlands Grey kalkstein - Saxby Stone","isPartOf":{"@id":"https:\/\/saxbystone.com\/no\/#website"},"primaryImageOfPage":{"@id":"https:\/\/saxbystone.com\/no\/produkt\/jamtlands-grey-kalkstein\/#primaryimage"},"image":{"@id":"https:\/\/saxbystone.com\/no\/produkt\/jamtlands-grey-kalkstein\/#primaryimage"},"thumbnailUrl":"https:\/\/saxbystone.com\/wp-content\/uploads\/2024\/10\/Jamtlands-Grey-Mannheimer-Swartling-office.jpg","datePublished":"2024-10-25T13:08:19+00:00","breadcrumb":{"@id":"https:\/\/saxbystone.com\/no\/produkt\/jamtlands-grey-kalkstein\/#breadcrumb"},"inLanguage":"nb-NO","potentialAction":[{"@type":"ReadAction","target":["https:\/\/saxbystone.com\/no\/produkt\/jamtlands-grey-kalkstein\/"]}]},{"@type":"ImageObject","inLanguage":"nb-NO","@id":"https:\/\/saxbystone.com\/no\/produkt\/jamtlands-grey-kalkstein\/#primaryimage","url":"https:\/\/saxbystone.com\/wp-content\/uploads\/2024\/10\/Jamtlands-Grey-Mannheimer-Swartling-office.jpg","contentUrl":"https:\/\/saxbystone.com\/wp-content\/uploads\/2024\/10\/Jamtlands-Grey-Mannheimer-Swartling-office.jpg","width":2048,"height":1536},{"@type":"BreadcrumbList","@id":"https:\/\/saxbystone.com\/no\/produkt\/jamtlands-grey-kalkstein\/#breadcrumb","itemListElement":[{"@type":"ListItem","position":1,"name":"Home","item":"https:\/\/saxbystone.com\/no\/"},{"@type":"ListItem","position":2,"name":"Steinfliser","item":"https:\/\/saxbystone.com\/stone-tiles\/"},{"@type":"ListItem","position":3,"name":"J\u00e4mtlands Grey kalkstein"}]},{"@type":"WebSite","@id":"https:\/\/saxbystone.com\/no\/#website","url":"https:\/\/saxbystone.com\/no\/","name":"Saxby Stone","description":"Natural stone tiles","publisher":{"@id":"https:\/\/saxbystone.com\/no\/#organization"},"potentialAction":[{"@type":"SearchAction","target":{"@type":"EntryPoint","urlTemplate":"https:\/\/saxbystone.com\/no\/?s={search_term_string}"},"query-input":{"@type":"PropertyValueSpecification","valueRequired":true,"valueName":"search_term_string"}}],"inLanguage":"nb-NO"},{"@type":"Organization","@id":"https:\/\/saxbystone.com\/no\/#organization","name":"Saxby Stone","url":"https:\/\/saxbystone.com\/no\/","logo":{"@type":"ImageObject","inLanguage":"nb-NO","@id":"https:\/\/saxbystone.com\/no\/#\/schema\/logo\/image\/","url":"https:\/\/saxbystone.com\/wp-content\/uploads\/2024\/09\/cropped-Saxby-Stone-logo-official-1st.png","contentUrl":"https:\/\/saxbystone.com\/wp-content\/uploads\/2024\/09\/cropped-Saxby-Stone-logo-official-1st.png","width":512,"height":512,"caption":"Saxby Stone"},"image":{"@id":"https:\/\/saxbystone.com\/no\/#\/schema\/logo\/image\/"},"sameAs":["https:\/\/www.instagram.com\/saxbystone\/"]}]}},"_links":{"self":[{"href":"https:\/\/saxbystone.com\/no\/wp-json\/wp\/v2\/product\/7972","targetHints":{"allow":["GET"]}}],"collection":[{"href":"https:\/\/saxbystone.com\/no\/wp-json\/wp\/v2\/product"}],"about":[{"href":"https:\/\/saxbystone.com\/no\/wp-json\/wp\/v2\/types\/product"}],"wp:featuredmedia":[{"embeddable":true,"href":"https:\/\/saxbystone.com\/no\/wp-json\/wp\/v2\/media\/7973"}],"wp:attachment":[{"href":"https:\/\/saxbystone.com\/no\/wp-json\/wp\/v2\/media?parent=7972"}],"wp:term":[{"taxonomy":"product_brand","embeddable":true,"href":"https:\/\/saxbystone.com\/no\/wp-json\/wp\/v2\/product_brand?post=7972"},{"taxonomy":"product_cat","embeddable":true,"href":"https:\/\/saxbystone.com\/no\/wp-json\/wp\/v2\/product_cat?post=7972"},{"taxonomy":"product_tag","embeddable":true,"href":"https:\/\/saxbystone.com\/no\/wp-json\/wp\/v2\/product_tag?post=7972"}],"curies":[{"name":"wp","href":"https:\/\/api.w.org\/{rel}","templated":true}]}}