{"id":7962,"date":"2024-10-25T15:58:17","date_gmt":"2024-10-25T12:58:17","guid":{"rendered":"https:\/\/saxbystone.com\/product\/botnia-blue-kalkstein\/"},"modified":"2024-10-25T15:58:17","modified_gmt":"2024-10-25T12:58:17","slug":"botnia-blue-kalkstein","status":"publish","type":"product","link":"https:\/\/saxbystone.com\/no\/produkt\/botnia-blue-kalkstein\/","title":{"rendered":"Botnia Blue kalkstein"},"content":{"rendered":"","protected":false},"excerpt":{"rendered":"<p class=\"has-medium-font-size\">Bothnia Blue, ogs\u00e5 kjent som Ata\u00edja Azul, brytes i sentrum av Portugal, n\u00e6r den historiske byen Alcoba\u00e7a. De bl\u00e5aktige tonene gj\u00f8r sammen med kjennetegn p\u00e5 fossiler og vannlinjer denne steinen unik. I tillegg til gulv- og veggfliser brukes denne kalksteinen ogs\u00e5 til trapper og vinduskarmer.<\/p>\n<p class=\"has-medium-font-size\">Den bl\u00e5aktige tonen i Bothnia Blue er uvanlig i kalkstein og gj\u00f8r den etter v\u00e5r oppfatning til noe spennende og unikt.<\/p>\n<p class=\"has-medium-font-size\">Tilgjengelig med finslipte og b\u00f8rstede overflater.<\/p>\n<p><em>Velg flisst\u00f8rrelse for \u00e5 se pris. Gratis levering p\u00e5 bestillinger over 25 m\u00b2.<\/em><\/p>\n","protected":false},"featured_media":7963,"template":"","meta":{"_acf_changed":false},"product_brand":[],"product_cat":[89,53],"product_tag":[],"class_list":{"0":"post-7962","1":"product","2":"type-product","3":"status-publish","4":"has-post-thumbnail","6":"product_cat-alle-fliser","7":"product_cat-gulv-og-veggfliser","9":"first","10":"instock","11":"shipping-taxable","12":"purchasable","13":"product-type-variable","14":"add-to-wishlist-after_add_to_cart"},"acf":[],"yoast_head":"<!-- This site is optimized with the Yoast SEO plugin v26.4 - https:\/\/yoast.com\/wordpress\/plugins\/seo\/ -->\n<title>Botnia Blue kalkstein - Saxby Stone<\/title>\n<meta name=\"robots\" content=\"index, follow, max-snippet:-1, max-image-preview:large, max-video-preview:-1\" \/>\n<link rel=\"canonical\" href=\"https:\/\/saxbystone.com\/no\/produkt\/botnia-blue-kalkstein\/\" \/>\n<meta property=\"og:locale\" content=\"nb_NO\" \/>\n<meta property=\"og:type\" content=\"article\" \/>\n<meta property=\"og:title\" content=\"Botnia Blue kalkstein - Saxby Stone\" \/>\n<meta property=\"og:description\" content=\"Bothnia Blue, ogs\u00e5 kjent som Ata\u00edja Azul, brytes i sentrum av Portugal, n\u00e6r den historiske byen Alcoba\u00e7a. De bl\u00e5aktige tonene gj\u00f8r sammen med kjennetegn p\u00e5 fossiler og vannlinjer denne steinen unik. I tillegg til gulv- og veggfliser brukes denne kalksteinen ogs\u00e5 til trapper og vinduskarmer. Den bl\u00e5aktige tonen i Bothnia Blue er uvanlig i kalkstein og gj\u00f8r den etter v\u00e5r oppfatning til noe spennende og unikt. Tilgjengelig med finslipte og b\u00f8rstede overflater. Velg flisst\u00f8rrelse for \u00e5 se pris. Gratis levering p\u00e5 bestillinger over 25 m\u00b2.\" \/>\n<meta property=\"og:url\" content=\"https:\/\/saxbystone.com\/no\/produkt\/botnia-blue-kalkstein\/\" \/>\n<meta property=\"og:site_name\" content=\"Saxby Stone\" \/>\n<meta property=\"og:image\" content=\"https:\/\/saxbystone.com\/wp-content\/uploads\/2024\/10\/Bothnia-Blue-Limestone-e1731400655645.jpg\" \/>\n\t<meta property=\"og:image:width\" content=\"695\" \/>\n\t<meta property=\"og:image:height\" content=\"500\" \/>\n\t<meta property=\"og:image:type\" content=\"image\/jpeg\" \/>\n<meta name=\"twitter:card\" content=\"summary_large_image\" \/>\n<script type=\"application\/ld+json\" class=\"yoast-schema-graph\">{\"@context\":\"https:\/\/schema.org\",\"@graph\":[{\"@type\":\"WebPage\",\"@id\":\"https:\/\/saxbystone.com\/no\/produkt\/botnia-blue-kalkstein\/\",\"url\":\"https:\/\/saxbystone.com\/no\/produkt\/botnia-blue-kalkstein\/\",\"name\":\"Botnia Blue kalkstein - Saxby Stone\",\"isPartOf\":{\"@id\":\"https:\/\/saxbystone.com\/no\/#website\"},\"primaryImageOfPage\":{\"@id\":\"https:\/\/saxbystone.com\/no\/produkt\/botnia-blue-kalkstein\/#primaryimage\"},\"image\":{\"@id\":\"https:\/\/saxbystone.com\/no\/produkt\/botnia-blue-kalkstein\/#primaryimage\"},\"thumbnailUrl\":\"https:\/\/saxbystone.com\/wp-content\/uploads\/2024\/10\/Bothnia-Blue-Limestone-e1731400655645.jpg\",\"datePublished\":\"2024-10-25T12:58:17+00:00\",\"breadcrumb\":{\"@id\":\"https:\/\/saxbystone.com\/no\/produkt\/botnia-blue-kalkstein\/#breadcrumb\"},\"inLanguage\":\"nb-NO\",\"potentialAction\":[{\"@type\":\"ReadAction\",\"target\":[\"https:\/\/saxbystone.com\/no\/produkt\/botnia-blue-kalkstein\/\"]}]},{\"@type\":\"ImageObject\",\"inLanguage\":\"nb-NO\",\"@id\":\"https:\/\/saxbystone.com\/no\/produkt\/botnia-blue-kalkstein\/#primaryimage\",\"url\":\"https:\/\/saxbystone.com\/wp-content\/uploads\/2024\/10\/Bothnia-Blue-Limestone-e1731400655645.jpg\",\"contentUrl\":\"https:\/\/saxbystone.com\/wp-content\/uploads\/2024\/10\/Bothnia-Blue-Limestone-e1731400655645.jpg\",\"width\":695,\"height\":500},{\"@type\":\"BreadcrumbList\",\"@id\":\"https:\/\/saxbystone.com\/no\/produkt\/botnia-blue-kalkstein\/#breadcrumb\",\"itemListElement\":[{\"@type\":\"ListItem\",\"position\":1,\"name\":\"Home\",\"item\":\"https:\/\/saxbystone.com\/no\/\"},{\"@type\":\"ListItem\",\"position\":2,\"name\":\"Steinfliser\",\"item\":\"https:\/\/saxbystone.com\/stone-tiles\/\"},{\"@type\":\"ListItem\",\"position\":3,\"name\":\"Botnia Blue kalkstein\"}]},{\"@type\":\"WebSite\",\"@id\":\"https:\/\/saxbystone.com\/no\/#website\",\"url\":\"https:\/\/saxbystone.com\/no\/\",\"name\":\"Saxby Stone\",\"description\":\"Natural stone tiles\",\"publisher\":{\"@id\":\"https:\/\/saxbystone.com\/no\/#organization\"},\"potentialAction\":[{\"@type\":\"SearchAction\",\"target\":{\"@type\":\"EntryPoint\",\"urlTemplate\":\"https:\/\/saxbystone.com\/no\/?s={search_term_string}\"},\"query-input\":{\"@type\":\"PropertyValueSpecification\",\"valueRequired\":true,\"valueName\":\"search_term_string\"}}],\"inLanguage\":\"nb-NO\"},{\"@type\":\"Organization\",\"@id\":\"https:\/\/saxbystone.com\/no\/#organization\",\"name\":\"Saxby Stone\",\"url\":\"https:\/\/saxbystone.com\/no\/\",\"logo\":{\"@type\":\"ImageObject\",\"inLanguage\":\"nb-NO\",\"@id\":\"https:\/\/saxbystone.com\/no\/#\/schema\/logo\/image\/\",\"url\":\"https:\/\/saxbystone.com\/wp-content\/uploads\/2024\/09\/cropped-Saxby-Stone-logo-official-1st.png\",\"contentUrl\":\"https:\/\/saxbystone.com\/wp-content\/uploads\/2024\/09\/cropped-Saxby-Stone-logo-official-1st.png\",\"width\":512,\"height\":512,\"caption\":\"Saxby Stone\"},\"image\":{\"@id\":\"https:\/\/saxbystone.com\/no\/#\/schema\/logo\/image\/\"},\"sameAs\":[\"https:\/\/www.instagram.com\/saxbystone\/\"]}]}<\/script>\n<!-- \/ Yoast SEO plugin. -->","yoast_head_json":{"title":"Botnia Blue kalkstein - Saxby Stone","robots":{"index":"index","follow":"follow","max-snippet":"max-snippet:-1","max-image-preview":"max-image-preview:large","max-video-preview":"max-video-preview:-1"},"canonical":"https:\/\/saxbystone.com\/no\/produkt\/botnia-blue-kalkstein\/","og_locale":"nb_NO","og_type":"article","og_title":"Botnia Blue kalkstein - Saxby Stone","og_description":"Bothnia Blue, ogs\u00e5 kjent som Ata\u00edja Azul, brytes i sentrum av Portugal, n\u00e6r den historiske byen Alcoba\u00e7a. De bl\u00e5aktige tonene gj\u00f8r sammen med kjennetegn p\u00e5 fossiler og vannlinjer denne steinen unik. I tillegg til gulv- og veggfliser brukes denne kalksteinen ogs\u00e5 til trapper og vinduskarmer. Den bl\u00e5aktige tonen i Bothnia Blue er uvanlig i kalkstein og gj\u00f8r den etter v\u00e5r oppfatning til noe spennende og unikt. Tilgjengelig med finslipte og b\u00f8rstede overflater. Velg flisst\u00f8rrelse for \u00e5 se pris. Gratis levering p\u00e5 bestillinger over 25 m\u00b2.","og_url":"https:\/\/saxbystone.com\/no\/produkt\/botnia-blue-kalkstein\/","og_site_name":"Saxby Stone","og_image":[{"width":695,"height":500,"url":"https:\/\/saxbystone.com\/wp-content\/uploads\/2024\/10\/Bothnia-Blue-Limestone-e1731400655645.jpg","type":"image\/jpeg"}],"twitter_card":"summary_large_image","schema":{"@context":"https:\/\/schema.org","@graph":[{"@type":"WebPage","@id":"https:\/\/saxbystone.com\/no\/produkt\/botnia-blue-kalkstein\/","url":"https:\/\/saxbystone.com\/no\/produkt\/botnia-blue-kalkstein\/","name":"Botnia Blue kalkstein - Saxby Stone","isPartOf":{"@id":"https:\/\/saxbystone.com\/no\/#website"},"primaryImageOfPage":{"@id":"https:\/\/saxbystone.com\/no\/produkt\/botnia-blue-kalkstein\/#primaryimage"},"image":{"@id":"https:\/\/saxbystone.com\/no\/produkt\/botnia-blue-kalkstein\/#primaryimage"},"thumbnailUrl":"https:\/\/saxbystone.com\/wp-content\/uploads\/2024\/10\/Bothnia-Blue-Limestone-e1731400655645.jpg","datePublished":"2024-10-25T12:58:17+00:00","breadcrumb":{"@id":"https:\/\/saxbystone.com\/no\/produkt\/botnia-blue-kalkstein\/#breadcrumb"},"inLanguage":"nb-NO","potentialAction":[{"@type":"ReadAction","target":["https:\/\/saxbystone.com\/no\/produkt\/botnia-blue-kalkstein\/"]}]},{"@type":"ImageObject","inLanguage":"nb-NO","@id":"https:\/\/saxbystone.com\/no\/produkt\/botnia-blue-kalkstein\/#primaryimage","url":"https:\/\/saxbystone.com\/wp-content\/uploads\/2024\/10\/Bothnia-Blue-Limestone-e1731400655645.jpg","contentUrl":"https:\/\/saxbystone.com\/wp-content\/uploads\/2024\/10\/Bothnia-Blue-Limestone-e1731400655645.jpg","width":695,"height":500},{"@type":"BreadcrumbList","@id":"https:\/\/saxbystone.com\/no\/produkt\/botnia-blue-kalkstein\/#breadcrumb","itemListElement":[{"@type":"ListItem","position":1,"name":"Home","item":"https:\/\/saxbystone.com\/no\/"},{"@type":"ListItem","position":2,"name":"Steinfliser","item":"https:\/\/saxbystone.com\/stone-tiles\/"},{"@type":"ListItem","position":3,"name":"Botnia Blue kalkstein"}]},{"@type":"WebSite","@id":"https:\/\/saxbystone.com\/no\/#website","url":"https:\/\/saxbystone.com\/no\/","name":"Saxby Stone","description":"Natural stone tiles","publisher":{"@id":"https:\/\/saxbystone.com\/no\/#organization"},"potentialAction":[{"@type":"SearchAction","target":{"@type":"EntryPoint","urlTemplate":"https:\/\/saxbystone.com\/no\/?s={search_term_string}"},"query-input":{"@type":"PropertyValueSpecification","valueRequired":true,"valueName":"search_term_string"}}],"inLanguage":"nb-NO"},{"@type":"Organization","@id":"https:\/\/saxbystone.com\/no\/#organization","name":"Saxby Stone","url":"https:\/\/saxbystone.com\/no\/","logo":{"@type":"ImageObject","inLanguage":"nb-NO","@id":"https:\/\/saxbystone.com\/no\/#\/schema\/logo\/image\/","url":"https:\/\/saxbystone.com\/wp-content\/uploads\/2024\/09\/cropped-Saxby-Stone-logo-official-1st.png","contentUrl":"https:\/\/saxbystone.com\/wp-content\/uploads\/2024\/09\/cropped-Saxby-Stone-logo-official-1st.png","width":512,"height":512,"caption":"Saxby Stone"},"image":{"@id":"https:\/\/saxbystone.com\/no\/#\/schema\/logo\/image\/"},"sameAs":["https:\/\/www.instagram.com\/saxbystone\/"]}]}},"_links":{"self":[{"href":"https:\/\/saxbystone.com\/no\/wp-json\/wp\/v2\/product\/7962","targetHints":{"allow":["GET"]}}],"collection":[{"href":"https:\/\/saxbystone.com\/no\/wp-json\/wp\/v2\/product"}],"about":[{"href":"https:\/\/saxbystone.com\/no\/wp-json\/wp\/v2\/types\/product"}],"wp:featuredmedia":[{"embeddable":true,"href":"https:\/\/saxbystone.com\/no\/wp-json\/wp\/v2\/media\/7963"}],"wp:attachment":[{"href":"https:\/\/saxbystone.com\/no\/wp-json\/wp\/v2\/media?parent=7962"}],"wp:term":[{"taxonomy":"product_brand","embeddable":true,"href":"https:\/\/saxbystone.com\/no\/wp-json\/wp\/v2\/product_brand?post=7962"},{"taxonomy":"product_cat","embeddable":true,"href":"https:\/\/saxbystone.com\/no\/wp-json\/wp\/v2\/product_cat?post=7962"},{"taxonomy":"product_tag","embeddable":true,"href":"https:\/\/saxbystone.com\/no\/wp-json\/wp\/v2\/product_tag?post=7962"}],"curies":[{"name":"wp","href":"https:\/\/api.w.org\/{rel}","templated":true}]}}