{"id":7938,"date":"2024-10-25T15:00:21","date_gmt":"2024-10-25T12:00:21","guid":{"rendered":"https:\/\/saxbystone.com\/product\/soderby-kalkstein\/"},"modified":"2026-02-27T08:45:49","modified_gmt":"2026-02-27T06:45:49","slug":"soderby-kalkstein","status":"publish","type":"product","link":"https:\/\/saxbystone.com\/no\/produkt\/soderby-kalkstein\/","title":{"rendered":"S\u00f6derby kalkstein"},"content":{"rendered":"","protected":false},"excerpt":{"rendered":"<p class=\"has-medium-font-size\">V\u00e5re S\u00f6derby kalksteinsfliser med tromlet overflate er et popul\u00e6rt valg fordi de har kremfargede fossiler og rustikke \u00e5rer som gir inntrykk av et gulv som alt har v\u00e6rt i bruk i mange \u00e5r. Ideell for bruk p\u00e5 et landlig kj\u00f8kken eller generelle oppholdsrom.<\/p>\n<p class=\"has-medium-font-size\">De lysebeige fargetonene maksimerer naturlig lys, noe som \u00e5pner opp oppholdsrom og kj\u00f8kken og gj\u00f8r de korte vinterdagene koseligere og mindre gr\u00e5.<\/p>\n<p>Tilgjengelig i tromlet utf\u00f8relse.<\/p>\n<p><em>Velg flisst\u00f8rrelse for \u00e5 se pris. Gratis levering p\u00e5 bestillinger over 25 m\u00b2. Privatkunder m\u00e5 betale et tillegg for fliser fra v\u00e5rt lager i Storbritannia p\u00e5 grunn av tollregler. <\/em><\/p>\n","protected":false},"featured_media":7939,"template":"","meta":{"_acf_changed":false},"product_brand":[],"product_cat":[89,53],"product_tag":[],"class_list":{"0":"post-7938","1":"product","2":"type-product","3":"status-publish","4":"has-post-thumbnail","6":"product_cat-alle-fliser","7":"product_cat-gulv-og-veggfliser","9":"first","10":"instock","11":"shipping-taxable","12":"purchasable","13":"product-type-variable","14":"add-to-wishlist-after_add_to_cart"},"acf":[],"yoast_head":"<!-- This site is optimized with the Yoast SEO plugin v26.4 - https:\/\/yoast.com\/wordpress\/plugins\/seo\/ -->\n<title>S\u00f6derby kalkstein - Saxby Stone<\/title>\n<meta name=\"robots\" content=\"index, follow, max-snippet:-1, max-image-preview:large, max-video-preview:-1\" \/>\n<link rel=\"canonical\" href=\"https:\/\/saxbystone.com\/no\/produkt\/soderby-kalkstein\/\" \/>\n<meta property=\"og:locale\" content=\"nb_NO\" \/>\n<meta property=\"og:type\" content=\"article\" \/>\n<meta property=\"og:title\" content=\"S\u00f6derby kalkstein - Saxby Stone\" \/>\n<meta property=\"og:description\" content=\"V\u00e5re S\u00f6derby kalksteinsfliser med tromlet overflate er et popul\u00e6rt valg fordi de har kremfargede fossiler og rustikke \u00e5rer som gir inntrykk av et gulv som alt har v\u00e6rt i bruk i mange \u00e5r. Ideell for bruk p\u00e5 et landlig kj\u00f8kken eller generelle oppholdsrom. De lysebeige fargetonene maksimerer naturlig lys, noe som \u00e5pner opp oppholdsrom og kj\u00f8kken og gj\u00f8r de korte vinterdagene koseligere og mindre gr\u00e5. Tilgjengelig i tromlet utf\u00f8relse.  Velg flisst\u00f8rrelse for \u00e5 se pris. Gratis levering p\u00e5 bestillinger over 25 m\u00b2. Privatkunder m\u00e5 betale et tillegg for fliser fra v\u00e5rt lager i Storbritannia p\u00e5 grunn av tollregler.\" \/>\n<meta property=\"og:url\" content=\"https:\/\/saxbystone.com\/no\/produkt\/soderby-kalkstein\/\" \/>\n<meta property=\"og:site_name\" content=\"Saxby Stone\" \/>\n<meta property=\"article:modified_time\" content=\"2026-02-27T06:45:49+00:00\" \/>\n<meta property=\"og:image\" content=\"https:\/\/saxbystone.com\/wp-content\/uploads\/2024\/10\/Soderby-Limestone-flooring-tiles.jpg\" \/>\n\t<meta property=\"og:image:width\" content=\"720\" \/>\n\t<meta property=\"og:image:height\" content=\"540\" \/>\n\t<meta property=\"og:image:type\" content=\"image\/jpeg\" \/>\n<meta name=\"twitter:card\" content=\"summary_large_image\" \/>\n<script type=\"application\/ld+json\" class=\"yoast-schema-graph\">{\"@context\":\"https:\/\/schema.org\",\"@graph\":[{\"@type\":\"WebPage\",\"@id\":\"https:\/\/saxbystone.com\/no\/produkt\/soderby-kalkstein\/\",\"url\":\"https:\/\/saxbystone.com\/no\/produkt\/soderby-kalkstein\/\",\"name\":\"S\u00f6derby kalkstein - Saxby Stone\",\"isPartOf\":{\"@id\":\"https:\/\/saxbystone.com\/no\/#website\"},\"primaryImageOfPage\":{\"@id\":\"https:\/\/saxbystone.com\/no\/produkt\/soderby-kalkstein\/#primaryimage\"},\"image\":{\"@id\":\"https:\/\/saxbystone.com\/no\/produkt\/soderby-kalkstein\/#primaryimage\"},\"thumbnailUrl\":\"https:\/\/saxbystone.com\/wp-content\/uploads\/2024\/10\/Soderby-Limestone-flooring-tiles.jpg\",\"datePublished\":\"2024-10-25T12:00:21+00:00\",\"dateModified\":\"2026-02-27T06:45:49+00:00\",\"breadcrumb\":{\"@id\":\"https:\/\/saxbystone.com\/no\/produkt\/soderby-kalkstein\/#breadcrumb\"},\"inLanguage\":\"nb-NO\",\"potentialAction\":[{\"@type\":\"ReadAction\",\"target\":[\"https:\/\/saxbystone.com\/no\/produkt\/soderby-kalkstein\/\"]}]},{\"@type\":\"ImageObject\",\"inLanguage\":\"nb-NO\",\"@id\":\"https:\/\/saxbystone.com\/no\/produkt\/soderby-kalkstein\/#primaryimage\",\"url\":\"https:\/\/saxbystone.com\/wp-content\/uploads\/2024\/10\/Soderby-Limestone-flooring-tiles.jpg\",\"contentUrl\":\"https:\/\/saxbystone.com\/wp-content\/uploads\/2024\/10\/Soderby-Limestone-flooring-tiles.jpg\",\"width\":720,\"height\":540},{\"@type\":\"BreadcrumbList\",\"@id\":\"https:\/\/saxbystone.com\/no\/produkt\/soderby-kalkstein\/#breadcrumb\",\"itemListElement\":[{\"@type\":\"ListItem\",\"position\":1,\"name\":\"Home\",\"item\":\"https:\/\/saxbystone.com\/no\/\"},{\"@type\":\"ListItem\",\"position\":2,\"name\":\"Steinfliser\",\"item\":\"https:\/\/saxbystone.com\/stone-tiles\/\"},{\"@type\":\"ListItem\",\"position\":3,\"name\":\"S\u00f6derby kalkstein\"}]},{\"@type\":\"WebSite\",\"@id\":\"https:\/\/saxbystone.com\/no\/#website\",\"url\":\"https:\/\/saxbystone.com\/no\/\",\"name\":\"Saxby Stone\",\"description\":\"Natural stone tiles\",\"publisher\":{\"@id\":\"https:\/\/saxbystone.com\/no\/#organization\"},\"potentialAction\":[{\"@type\":\"SearchAction\",\"target\":{\"@type\":\"EntryPoint\",\"urlTemplate\":\"https:\/\/saxbystone.com\/no\/?s={search_term_string}\"},\"query-input\":{\"@type\":\"PropertyValueSpecification\",\"valueRequired\":true,\"valueName\":\"search_term_string\"}}],\"inLanguage\":\"nb-NO\"},{\"@type\":\"Organization\",\"@id\":\"https:\/\/saxbystone.com\/no\/#organization\",\"name\":\"Saxby Stone\",\"url\":\"https:\/\/saxbystone.com\/no\/\",\"logo\":{\"@type\":\"ImageObject\",\"inLanguage\":\"nb-NO\",\"@id\":\"https:\/\/saxbystone.com\/no\/#\/schema\/logo\/image\/\",\"url\":\"https:\/\/saxbystone.com\/wp-content\/uploads\/2024\/09\/cropped-Saxby-Stone-logo-official-1st.png\",\"contentUrl\":\"https:\/\/saxbystone.com\/wp-content\/uploads\/2024\/09\/cropped-Saxby-Stone-logo-official-1st.png\",\"width\":512,\"height\":512,\"caption\":\"Saxby Stone\"},\"image\":{\"@id\":\"https:\/\/saxbystone.com\/no\/#\/schema\/logo\/image\/\"},\"sameAs\":[\"https:\/\/www.instagram.com\/saxbystone\/\"]}]}<\/script>\n<!-- \/ Yoast SEO plugin. -->","yoast_head_json":{"title":"S\u00f6derby kalkstein - Saxby Stone","robots":{"index":"index","follow":"follow","max-snippet":"max-snippet:-1","max-image-preview":"max-image-preview:large","max-video-preview":"max-video-preview:-1"},"canonical":"https:\/\/saxbystone.com\/no\/produkt\/soderby-kalkstein\/","og_locale":"nb_NO","og_type":"article","og_title":"S\u00f6derby kalkstein - Saxby Stone","og_description":"V\u00e5re S\u00f6derby kalksteinsfliser med tromlet overflate er et popul\u00e6rt valg fordi de har kremfargede fossiler og rustikke \u00e5rer som gir inntrykk av et gulv som alt har v\u00e6rt i bruk i mange \u00e5r. Ideell for bruk p\u00e5 et landlig kj\u00f8kken eller generelle oppholdsrom. De lysebeige fargetonene maksimerer naturlig lys, noe som \u00e5pner opp oppholdsrom og kj\u00f8kken og gj\u00f8r de korte vinterdagene koseligere og mindre gr\u00e5. Tilgjengelig i tromlet utf\u00f8relse.  Velg flisst\u00f8rrelse for \u00e5 se pris. Gratis levering p\u00e5 bestillinger over 25 m\u00b2. Privatkunder m\u00e5 betale et tillegg for fliser fra v\u00e5rt lager i Storbritannia p\u00e5 grunn av tollregler.","og_url":"https:\/\/saxbystone.com\/no\/produkt\/soderby-kalkstein\/","og_site_name":"Saxby Stone","article_modified_time":"2026-02-27T06:45:49+00:00","og_image":[{"width":720,"height":540,"url":"https:\/\/saxbystone.com\/wp-content\/uploads\/2024\/10\/Soderby-Limestone-flooring-tiles.jpg","type":"image\/jpeg"}],"twitter_card":"summary_large_image","schema":{"@context":"https:\/\/schema.org","@graph":[{"@type":"WebPage","@id":"https:\/\/saxbystone.com\/no\/produkt\/soderby-kalkstein\/","url":"https:\/\/saxbystone.com\/no\/produkt\/soderby-kalkstein\/","name":"S\u00f6derby kalkstein - Saxby Stone","isPartOf":{"@id":"https:\/\/saxbystone.com\/no\/#website"},"primaryImageOfPage":{"@id":"https:\/\/saxbystone.com\/no\/produkt\/soderby-kalkstein\/#primaryimage"},"image":{"@id":"https:\/\/saxbystone.com\/no\/produkt\/soderby-kalkstein\/#primaryimage"},"thumbnailUrl":"https:\/\/saxbystone.com\/wp-content\/uploads\/2024\/10\/Soderby-Limestone-flooring-tiles.jpg","datePublished":"2024-10-25T12:00:21+00:00","dateModified":"2026-02-27T06:45:49+00:00","breadcrumb":{"@id":"https:\/\/saxbystone.com\/no\/produkt\/soderby-kalkstein\/#breadcrumb"},"inLanguage":"nb-NO","potentialAction":[{"@type":"ReadAction","target":["https:\/\/saxbystone.com\/no\/produkt\/soderby-kalkstein\/"]}]},{"@type":"ImageObject","inLanguage":"nb-NO","@id":"https:\/\/saxbystone.com\/no\/produkt\/soderby-kalkstein\/#primaryimage","url":"https:\/\/saxbystone.com\/wp-content\/uploads\/2024\/10\/Soderby-Limestone-flooring-tiles.jpg","contentUrl":"https:\/\/saxbystone.com\/wp-content\/uploads\/2024\/10\/Soderby-Limestone-flooring-tiles.jpg","width":720,"height":540},{"@type":"BreadcrumbList","@id":"https:\/\/saxbystone.com\/no\/produkt\/soderby-kalkstein\/#breadcrumb","itemListElement":[{"@type":"ListItem","position":1,"name":"Home","item":"https:\/\/saxbystone.com\/no\/"},{"@type":"ListItem","position":2,"name":"Steinfliser","item":"https:\/\/saxbystone.com\/stone-tiles\/"},{"@type":"ListItem","position":3,"name":"S\u00f6derby kalkstein"}]},{"@type":"WebSite","@id":"https:\/\/saxbystone.com\/no\/#website","url":"https:\/\/saxbystone.com\/no\/","name":"Saxby Stone","description":"Natural stone tiles","publisher":{"@id":"https:\/\/saxbystone.com\/no\/#organization"},"potentialAction":[{"@type":"SearchAction","target":{"@type":"EntryPoint","urlTemplate":"https:\/\/saxbystone.com\/no\/?s={search_term_string}"},"query-input":{"@type":"PropertyValueSpecification","valueRequired":true,"valueName":"search_term_string"}}],"inLanguage":"nb-NO"},{"@type":"Organization","@id":"https:\/\/saxbystone.com\/no\/#organization","name":"Saxby Stone","url":"https:\/\/saxbystone.com\/no\/","logo":{"@type":"ImageObject","inLanguage":"nb-NO","@id":"https:\/\/saxbystone.com\/no\/#\/schema\/logo\/image\/","url":"https:\/\/saxbystone.com\/wp-content\/uploads\/2024\/09\/cropped-Saxby-Stone-logo-official-1st.png","contentUrl":"https:\/\/saxbystone.com\/wp-content\/uploads\/2024\/09\/cropped-Saxby-Stone-logo-official-1st.png","width":512,"height":512,"caption":"Saxby Stone"},"image":{"@id":"https:\/\/saxbystone.com\/no\/#\/schema\/logo\/image\/"},"sameAs":["https:\/\/www.instagram.com\/saxbystone\/"]}]}},"_links":{"self":[{"href":"https:\/\/saxbystone.com\/no\/wp-json\/wp\/v2\/product\/7938","targetHints":{"allow":["GET"]}}],"collection":[{"href":"https:\/\/saxbystone.com\/no\/wp-json\/wp\/v2\/product"}],"about":[{"href":"https:\/\/saxbystone.com\/no\/wp-json\/wp\/v2\/types\/product"}],"wp:featuredmedia":[{"embeddable":true,"href":"https:\/\/saxbystone.com\/no\/wp-json\/wp\/v2\/media\/7939"}],"wp:attachment":[{"href":"https:\/\/saxbystone.com\/no\/wp-json\/wp\/v2\/media?parent=7938"}],"wp:term":[{"taxonomy":"product_brand","embeddable":true,"href":"https:\/\/saxbystone.com\/no\/wp-json\/wp\/v2\/product_brand?post=7938"},{"taxonomy":"product_cat","embeddable":true,"href":"https:\/\/saxbystone.com\/no\/wp-json\/wp\/v2\/product_cat?post=7938"},{"taxonomy":"product_tag","embeddable":true,"href":"https:\/\/saxbystone.com\/no\/wp-json\/wp\/v2\/product_tag?post=7938"}],"curies":[{"name":"wp","href":"https:\/\/api.w.org\/{rel}","templated":true}]}}