{"id":7890,"date":"2024-10-25T13:59:26","date_gmt":"2024-10-25T10:59:26","guid":{"rendered":"https:\/\/saxbystone.com\/product\/aland-grey-beige-kalkstein\/"},"modified":"2024-10-25T13:59:26","modified_gmt":"2024-10-25T10:59:26","slug":"aland-grey-beige-kalkstein","status":"publish","type":"product","link":"https:\/\/saxbystone.com\/no\/produkt\/aland-grey-beige-kalkstein\/","title":{"rendered":"\u00c5land Grey-Beige kalkstein"},"content":{"rendered":"","protected":false},"excerpt":{"rendered":"<p>Med sine bl\u00e5beige fargetoner mener vi \u00c5land gr\u00e5beige kalkstein gjenspeiler stemningen i \u00d8stersj\u00f8en, og gir perfekte gulv- og veggfliser for moderne leilighets- og villaprosjekter.<\/p>\n<p>\u00c5land Grey-Beige er en av de f\u00e5 natursteintypene med h\u00f8y frostbestandighet. Den vil ikke endre utseende over tid, selv ikke i et hardt nordisk klima.<\/p>\n<p class=\"has-medium-font-size\">Vi har nylig levert storformatfliser, 1200 x 600 mm, med rektangul\u00e6re spor for bruk som veggfliser i et kj\u00f8pesenter, som vist p\u00e5 bildene.<\/p>\n<p class=\"has-medium-font-size\">Tilgjengelig i slipt utf\u00f8relse.<\/p>\n<p><em>Velg flisst\u00f8rrelse for \u00e5 se pris. Gratis levering p\u00e5 bestillinger over 25 m\u00b2. F\u00e5 rabatt p\u00e5 bestillinger over 100 m\u00b2.<\/em><\/p>\n","protected":false},"featured_media":7891,"template":"","meta":{"_acf_changed":false},"product_brand":[],"product_cat":[89,53,77,68,74,71],"product_tag":[],"class_list":{"0":"post-7890","1":"product","2":"type-product","3":"status-publish","4":"has-post-thumbnail","6":"product_cat-alle-fliser","7":"product_cat-gulv-og-veggfliser","8":"product_cat-benkeplater-vinduskarmer","9":"product_cat-fasade","10":"product_cat-belegningsstein","11":"product_cat-naeringslokaler","13":"first","14":"instock","15":"shipping-taxable","16":"purchasable","17":"product-type-variable","18":"add-to-wishlist-after_add_to_cart"},"acf":[],"yoast_head":"<!-- This site is optimized with the Yoast SEO plugin v26.4 - https:\/\/yoast.com\/wordpress\/plugins\/seo\/ -->\n<title>\u00c5land Grey-Beige kalkstein - Saxby Stone<\/title>\n<meta name=\"robots\" content=\"index, follow, max-snippet:-1, max-image-preview:large, max-video-preview:-1\" \/>\n<link rel=\"canonical\" href=\"https:\/\/saxbystone.com\/no\/produkt\/aland-grey-beige-kalkstein\/\" \/>\n<meta property=\"og:locale\" content=\"nb_NO\" \/>\n<meta property=\"og:type\" content=\"article\" \/>\n<meta property=\"og:title\" content=\"\u00c5land Grey-Beige kalkstein - Saxby Stone\" \/>\n<meta property=\"og:description\" content=\"Med sine bl\u00e5beige fargetoner mener vi \u00c5land gr\u00e5beige kalkstein gjenspeiler stemningen i \u00d8stersj\u00f8en, og gir perfekte gulv- og veggfliser for moderne leilighets- og villaprosjekter.  \u00c5land Grey-Beige er en av de f\u00e5 natursteintypene med h\u00f8y frostbestandighet. Den vil ikke endre utseende over tid, selv ikke i et hardt nordisk klima. Vi har nylig levert storformatfliser, 1200 x 600 mm, med rektangul\u00e6re spor for bruk som veggfliser i et kj\u00f8pesenter, som vist p\u00e5 bildene. Tilgjengelig i slipt utf\u00f8relse. Velg flisst\u00f8rrelse for \u00e5 se pris. Gratis levering p\u00e5 bestillinger over 25 m\u00b2. F\u00e5 rabatt p\u00e5 bestillinger over 100 m\u00b2.\" \/>\n<meta property=\"og:url\" content=\"https:\/\/saxbystone.com\/no\/produkt\/aland-grey-beige-kalkstein\/\" \/>\n<meta property=\"og:site_name\" content=\"Saxby Stone\" \/>\n<meta property=\"og:image\" content=\"https:\/\/saxbystone.com\/wp-content\/uploads\/2024\/10\/Aland-Grey-Beige-Porto-Franco.jpg\" \/>\n\t<meta property=\"og:image:width\" content=\"900\" \/>\n\t<meta property=\"og:image:height\" content=\"600\" \/>\n\t<meta property=\"og:image:type\" content=\"image\/jpeg\" \/>\n<meta name=\"twitter:card\" content=\"summary_large_image\" \/>\n<script type=\"application\/ld+json\" class=\"yoast-schema-graph\">{\"@context\":\"https:\/\/schema.org\",\"@graph\":[{\"@type\":\"WebPage\",\"@id\":\"https:\/\/saxbystone.com\/no\/produkt\/aland-grey-beige-kalkstein\/\",\"url\":\"https:\/\/saxbystone.com\/no\/produkt\/aland-grey-beige-kalkstein\/\",\"name\":\"\u00c5land Grey-Beige kalkstein - Saxby Stone\",\"isPartOf\":{\"@id\":\"https:\/\/saxbystone.com\/no\/#website\"},\"primaryImageOfPage\":{\"@id\":\"https:\/\/saxbystone.com\/no\/produkt\/aland-grey-beige-kalkstein\/#primaryimage\"},\"image\":{\"@id\":\"https:\/\/saxbystone.com\/no\/produkt\/aland-grey-beige-kalkstein\/#primaryimage\"},\"thumbnailUrl\":\"https:\/\/saxbystone.com\/wp-content\/uploads\/2024\/10\/Aland-Grey-Beige-Porto-Franco.jpg\",\"datePublished\":\"2024-10-25T10:59:26+00:00\",\"breadcrumb\":{\"@id\":\"https:\/\/saxbystone.com\/no\/produkt\/aland-grey-beige-kalkstein\/#breadcrumb\"},\"inLanguage\":\"nb-NO\",\"potentialAction\":[{\"@type\":\"ReadAction\",\"target\":[\"https:\/\/saxbystone.com\/no\/produkt\/aland-grey-beige-kalkstein\/\"]}]},{\"@type\":\"ImageObject\",\"inLanguage\":\"nb-NO\",\"@id\":\"https:\/\/saxbystone.com\/no\/produkt\/aland-grey-beige-kalkstein\/#primaryimage\",\"url\":\"https:\/\/saxbystone.com\/wp-content\/uploads\/2024\/10\/Aland-Grey-Beige-Porto-Franco.jpg\",\"contentUrl\":\"https:\/\/saxbystone.com\/wp-content\/uploads\/2024\/10\/Aland-Grey-Beige-Porto-Franco.jpg\",\"width\":900,\"height\":600},{\"@type\":\"BreadcrumbList\",\"@id\":\"https:\/\/saxbystone.com\/no\/produkt\/aland-grey-beige-kalkstein\/#breadcrumb\",\"itemListElement\":[{\"@type\":\"ListItem\",\"position\":1,\"name\":\"Home\",\"item\":\"https:\/\/saxbystone.com\/no\/\"},{\"@type\":\"ListItem\",\"position\":2,\"name\":\"Steinfliser\",\"item\":\"https:\/\/saxbystone.com\/stone-tiles\/\"},{\"@type\":\"ListItem\",\"position\":3,\"name\":\"\u00c5land Grey-Beige kalkstein\"}]},{\"@type\":\"WebSite\",\"@id\":\"https:\/\/saxbystone.com\/no\/#website\",\"url\":\"https:\/\/saxbystone.com\/no\/\",\"name\":\"Saxby Stone\",\"description\":\"Natural stone tiles\",\"publisher\":{\"@id\":\"https:\/\/saxbystone.com\/no\/#organization\"},\"potentialAction\":[{\"@type\":\"SearchAction\",\"target\":{\"@type\":\"EntryPoint\",\"urlTemplate\":\"https:\/\/saxbystone.com\/no\/?s={search_term_string}\"},\"query-input\":{\"@type\":\"PropertyValueSpecification\",\"valueRequired\":true,\"valueName\":\"search_term_string\"}}],\"inLanguage\":\"nb-NO\"},{\"@type\":\"Organization\",\"@id\":\"https:\/\/saxbystone.com\/no\/#organization\",\"name\":\"Saxby Stone\",\"url\":\"https:\/\/saxbystone.com\/no\/\",\"logo\":{\"@type\":\"ImageObject\",\"inLanguage\":\"nb-NO\",\"@id\":\"https:\/\/saxbystone.com\/no\/#\/schema\/logo\/image\/\",\"url\":\"https:\/\/saxbystone.com\/wp-content\/uploads\/2024\/09\/cropped-Saxby-Stone-logo-official-1st.png\",\"contentUrl\":\"https:\/\/saxbystone.com\/wp-content\/uploads\/2024\/09\/cropped-Saxby-Stone-logo-official-1st.png\",\"width\":512,\"height\":512,\"caption\":\"Saxby Stone\"},\"image\":{\"@id\":\"https:\/\/saxbystone.com\/no\/#\/schema\/logo\/image\/\"},\"sameAs\":[\"https:\/\/www.instagram.com\/saxbystone\/\"]}]}<\/script>\n<!-- \/ Yoast SEO plugin. -->","yoast_head_json":{"title":"\u00c5land Grey-Beige kalkstein - Saxby Stone","robots":{"index":"index","follow":"follow","max-snippet":"max-snippet:-1","max-image-preview":"max-image-preview:large","max-video-preview":"max-video-preview:-1"},"canonical":"https:\/\/saxbystone.com\/no\/produkt\/aland-grey-beige-kalkstein\/","og_locale":"nb_NO","og_type":"article","og_title":"\u00c5land Grey-Beige kalkstein - Saxby Stone","og_description":"Med sine bl\u00e5beige fargetoner mener vi \u00c5land gr\u00e5beige kalkstein gjenspeiler stemningen i \u00d8stersj\u00f8en, og gir perfekte gulv- og veggfliser for moderne leilighets- og villaprosjekter.  \u00c5land Grey-Beige er en av de f\u00e5 natursteintypene med h\u00f8y frostbestandighet. Den vil ikke endre utseende over tid, selv ikke i et hardt nordisk klima. Vi har nylig levert storformatfliser, 1200 x 600 mm, med rektangul\u00e6re spor for bruk som veggfliser i et kj\u00f8pesenter, som vist p\u00e5 bildene. Tilgjengelig i slipt utf\u00f8relse. Velg flisst\u00f8rrelse for \u00e5 se pris. Gratis levering p\u00e5 bestillinger over 25 m\u00b2. F\u00e5 rabatt p\u00e5 bestillinger over 100 m\u00b2.","og_url":"https:\/\/saxbystone.com\/no\/produkt\/aland-grey-beige-kalkstein\/","og_site_name":"Saxby Stone","og_image":[{"width":900,"height":600,"url":"https:\/\/saxbystone.com\/wp-content\/uploads\/2024\/10\/Aland-Grey-Beige-Porto-Franco.jpg","type":"image\/jpeg"}],"twitter_card":"summary_large_image","schema":{"@context":"https:\/\/schema.org","@graph":[{"@type":"WebPage","@id":"https:\/\/saxbystone.com\/no\/produkt\/aland-grey-beige-kalkstein\/","url":"https:\/\/saxbystone.com\/no\/produkt\/aland-grey-beige-kalkstein\/","name":"\u00c5land Grey-Beige kalkstein - Saxby Stone","isPartOf":{"@id":"https:\/\/saxbystone.com\/no\/#website"},"primaryImageOfPage":{"@id":"https:\/\/saxbystone.com\/no\/produkt\/aland-grey-beige-kalkstein\/#primaryimage"},"image":{"@id":"https:\/\/saxbystone.com\/no\/produkt\/aland-grey-beige-kalkstein\/#primaryimage"},"thumbnailUrl":"https:\/\/saxbystone.com\/wp-content\/uploads\/2024\/10\/Aland-Grey-Beige-Porto-Franco.jpg","datePublished":"2024-10-25T10:59:26+00:00","breadcrumb":{"@id":"https:\/\/saxbystone.com\/no\/produkt\/aland-grey-beige-kalkstein\/#breadcrumb"},"inLanguage":"nb-NO","potentialAction":[{"@type":"ReadAction","target":["https:\/\/saxbystone.com\/no\/produkt\/aland-grey-beige-kalkstein\/"]}]},{"@type":"ImageObject","inLanguage":"nb-NO","@id":"https:\/\/saxbystone.com\/no\/produkt\/aland-grey-beige-kalkstein\/#primaryimage","url":"https:\/\/saxbystone.com\/wp-content\/uploads\/2024\/10\/Aland-Grey-Beige-Porto-Franco.jpg","contentUrl":"https:\/\/saxbystone.com\/wp-content\/uploads\/2024\/10\/Aland-Grey-Beige-Porto-Franco.jpg","width":900,"height":600},{"@type":"BreadcrumbList","@id":"https:\/\/saxbystone.com\/no\/produkt\/aland-grey-beige-kalkstein\/#breadcrumb","itemListElement":[{"@type":"ListItem","position":1,"name":"Home","item":"https:\/\/saxbystone.com\/no\/"},{"@type":"ListItem","position":2,"name":"Steinfliser","item":"https:\/\/saxbystone.com\/stone-tiles\/"},{"@type":"ListItem","position":3,"name":"\u00c5land Grey-Beige kalkstein"}]},{"@type":"WebSite","@id":"https:\/\/saxbystone.com\/no\/#website","url":"https:\/\/saxbystone.com\/no\/","name":"Saxby Stone","description":"Natural stone tiles","publisher":{"@id":"https:\/\/saxbystone.com\/no\/#organization"},"potentialAction":[{"@type":"SearchAction","target":{"@type":"EntryPoint","urlTemplate":"https:\/\/saxbystone.com\/no\/?s={search_term_string}"},"query-input":{"@type":"PropertyValueSpecification","valueRequired":true,"valueName":"search_term_string"}}],"inLanguage":"nb-NO"},{"@type":"Organization","@id":"https:\/\/saxbystone.com\/no\/#organization","name":"Saxby Stone","url":"https:\/\/saxbystone.com\/no\/","logo":{"@type":"ImageObject","inLanguage":"nb-NO","@id":"https:\/\/saxbystone.com\/no\/#\/schema\/logo\/image\/","url":"https:\/\/saxbystone.com\/wp-content\/uploads\/2024\/09\/cropped-Saxby-Stone-logo-official-1st.png","contentUrl":"https:\/\/saxbystone.com\/wp-content\/uploads\/2024\/09\/cropped-Saxby-Stone-logo-official-1st.png","width":512,"height":512,"caption":"Saxby Stone"},"image":{"@id":"https:\/\/saxbystone.com\/no\/#\/schema\/logo\/image\/"},"sameAs":["https:\/\/www.instagram.com\/saxbystone\/"]}]}},"_links":{"self":[{"href":"https:\/\/saxbystone.com\/no\/wp-json\/wp\/v2\/product\/7890","targetHints":{"allow":["GET"]}}],"collection":[{"href":"https:\/\/saxbystone.com\/no\/wp-json\/wp\/v2\/product"}],"about":[{"href":"https:\/\/saxbystone.com\/no\/wp-json\/wp\/v2\/types\/product"}],"wp:featuredmedia":[{"embeddable":true,"href":"https:\/\/saxbystone.com\/no\/wp-json\/wp\/v2\/media\/7891"}],"wp:attachment":[{"href":"https:\/\/saxbystone.com\/no\/wp-json\/wp\/v2\/media?parent=7890"}],"wp:term":[{"taxonomy":"product_brand","embeddable":true,"href":"https:\/\/saxbystone.com\/no\/wp-json\/wp\/v2\/product_brand?post=7890"},{"taxonomy":"product_cat","embeddable":true,"href":"https:\/\/saxbystone.com\/no\/wp-json\/wp\/v2\/product_cat?post=7890"},{"taxonomy":"product_tag","embeddable":true,"href":"https:\/\/saxbystone.com\/no\/wp-json\/wp\/v2\/product_tag?post=7890"}],"curies":[{"name":"wp","href":"https:\/\/api.w.org\/{rel}","templated":true}]}}