{"id":7858,"date":"2024-10-25T11:42:33","date_gmt":"2024-10-25T08:42:33","guid":{"rendered":"https:\/\/saxbystone.com\/product\/burford-grey-blend-kalkstein\/"},"modified":"2026-02-27T08:48:46","modified_gmt":"2026-02-27T06:48:46","slug":"burford-grey-blend-kalkstein","status":"publish","type":"product","link":"https:\/\/saxbystone.com\/no\/produkt\/burford-grey-blend-kalkstein\/","title":{"rendered":"Burford Grey Blend kalkstein"},"content":{"rendered":"","protected":false},"excerpt":{"rendered":"<p>Buford Grey tromlet Blend best\u00e5r av en andresortering i motsetning til premium-utvalget av fliser. Disse kalksteinsflisene kan utvise en st\u00f8rre variasjon i fargetoner, flere \u00e5rer av kalsitt, overflategroper og hulrom \u2013 alt dette kjennetegn ved naturstein. Alle bildene er eksempler p\u00e5 tidligere partier av Burford Grey Blend og gir en god representasjon av kvaliteten, men v\u00e6r oppmerksom p\u00e5 at Burford Blend kan ha st\u00f8rre variasjon fra parti til parti.<\/p>\n<p>Tilgjengelig med tromlet overflate.<\/p>\n<p><em>Velg flisst\u00f8rrelse for \u00e5 se pris. Gratis levering p\u00e5 bestillinger over 25 m\u00b2. Privatkunder m\u00e5 betale et tillegg for fliser fra v\u00e5rt lager i Storbritannia p\u00e5 grunn av tollregler.<\/em><\/p>\n","protected":false},"featured_media":7859,"template":"","meta":{"_acf_changed":false},"product_brand":[],"product_cat":[89,53],"product_tag":[],"class_list":{"0":"post-7858","1":"product","2":"type-product","3":"status-publish","4":"has-post-thumbnail","6":"product_cat-alle-fliser","7":"product_cat-gulv-og-veggfliser","9":"first","10":"instock","11":"shipping-taxable","12":"purchasable","13":"product-type-variable","14":"add-to-wishlist-after_add_to_cart"},"acf":[],"yoast_head":"<!-- This site is optimized with the Yoast SEO plugin v26.4 - https:\/\/yoast.com\/wordpress\/plugins\/seo\/ -->\n<title>Burford Grey Blend kalkstein - Saxby Stone<\/title>\n<meta name=\"robots\" content=\"index, follow, max-snippet:-1, max-image-preview:large, max-video-preview:-1\" \/>\n<link rel=\"canonical\" href=\"https:\/\/saxbystone.com\/no\/produkt\/burford-grey-blend-kalkstein\/\" \/>\n<meta property=\"og:locale\" content=\"nb_NO\" \/>\n<meta property=\"og:type\" content=\"article\" \/>\n<meta property=\"og:title\" content=\"Burford Grey Blend kalkstein - Saxby Stone\" \/>\n<meta property=\"og:description\" content=\"Buford Grey tromlet Blend best\u00e5r av en andresortering i motsetning til premium-utvalget av fliser. Disse kalksteinsflisene kan utvise en st\u00f8rre variasjon i fargetoner, flere \u00e5rer av kalsitt, overflategroper og hulrom \u2013 alt dette kjennetegn ved naturstein. Alle bildene er eksempler p\u00e5 tidligere partier av Burford Grey Blend og gir en god representasjon av kvaliteten, men v\u00e6r oppmerksom p\u00e5 at Burford Blend kan ha st\u00f8rre variasjon fra parti til parti.  Tilgjengelig med tromlet overflate.  Velg flisst\u00f8rrelse for \u00e5 se pris. Gratis levering p\u00e5 bestillinger over 25 m\u00b2. Privatkunder m\u00e5 betale et tillegg for fliser fra v\u00e5rt lager i Storbritannia p\u00e5 grunn av tollregler.\" \/>\n<meta property=\"og:url\" content=\"https:\/\/saxbystone.com\/no\/produkt\/burford-grey-blend-kalkstein\/\" \/>\n<meta property=\"og:site_name\" content=\"Saxby Stone\" \/>\n<meta property=\"article:modified_time\" content=\"2026-02-27T06:48:46+00:00\" \/>\n<meta property=\"og:image\" content=\"https:\/\/saxbystone.com\/wp-content\/uploads\/2024\/10\/Burford-Grey-Blend-Tumbled-Limestone.jpg\" \/>\n\t<meta property=\"og:image:width\" content=\"922\" \/>\n\t<meta property=\"og:image:height\" content=\"692\" \/>\n\t<meta property=\"og:image:type\" content=\"image\/jpeg\" \/>\n<meta name=\"twitter:card\" content=\"summary_large_image\" \/>\n<script type=\"application\/ld+json\" class=\"yoast-schema-graph\">{\"@context\":\"https:\/\/schema.org\",\"@graph\":[{\"@type\":\"WebPage\",\"@id\":\"https:\/\/saxbystone.com\/no\/produkt\/burford-grey-blend-kalkstein\/\",\"url\":\"https:\/\/saxbystone.com\/no\/produkt\/burford-grey-blend-kalkstein\/\",\"name\":\"Burford Grey Blend kalkstein - Saxby Stone\",\"isPartOf\":{\"@id\":\"https:\/\/saxbystone.com\/no\/#website\"},\"primaryImageOfPage\":{\"@id\":\"https:\/\/saxbystone.com\/no\/produkt\/burford-grey-blend-kalkstein\/#primaryimage\"},\"image\":{\"@id\":\"https:\/\/saxbystone.com\/no\/produkt\/burford-grey-blend-kalkstein\/#primaryimage\"},\"thumbnailUrl\":\"https:\/\/saxbystone.com\/wp-content\/uploads\/2024\/10\/Burford-Grey-Blend-Tumbled-Limestone.jpg\",\"datePublished\":\"2024-10-25T08:42:33+00:00\",\"dateModified\":\"2026-02-27T06:48:46+00:00\",\"breadcrumb\":{\"@id\":\"https:\/\/saxbystone.com\/no\/produkt\/burford-grey-blend-kalkstein\/#breadcrumb\"},\"inLanguage\":\"nb-NO\",\"potentialAction\":[{\"@type\":\"ReadAction\",\"target\":[\"https:\/\/saxbystone.com\/no\/produkt\/burford-grey-blend-kalkstein\/\"]}]},{\"@type\":\"ImageObject\",\"inLanguage\":\"nb-NO\",\"@id\":\"https:\/\/saxbystone.com\/no\/produkt\/burford-grey-blend-kalkstein\/#primaryimage\",\"url\":\"https:\/\/saxbystone.com\/wp-content\/uploads\/2024\/10\/Burford-Grey-Blend-Tumbled-Limestone.jpg\",\"contentUrl\":\"https:\/\/saxbystone.com\/wp-content\/uploads\/2024\/10\/Burford-Grey-Blend-Tumbled-Limestone.jpg\",\"width\":922,\"height\":692},{\"@type\":\"BreadcrumbList\",\"@id\":\"https:\/\/saxbystone.com\/no\/produkt\/burford-grey-blend-kalkstein\/#breadcrumb\",\"itemListElement\":[{\"@type\":\"ListItem\",\"position\":1,\"name\":\"Home\",\"item\":\"https:\/\/saxbystone.com\/no\/\"},{\"@type\":\"ListItem\",\"position\":2,\"name\":\"Steinfliser\",\"item\":\"https:\/\/saxbystone.com\/stone-tiles\/\"},{\"@type\":\"ListItem\",\"position\":3,\"name\":\"Burford Grey Blend kalkstein\"}]},{\"@type\":\"WebSite\",\"@id\":\"https:\/\/saxbystone.com\/no\/#website\",\"url\":\"https:\/\/saxbystone.com\/no\/\",\"name\":\"Saxby Stone\",\"description\":\"Natural stone tiles\",\"publisher\":{\"@id\":\"https:\/\/saxbystone.com\/no\/#organization\"},\"potentialAction\":[{\"@type\":\"SearchAction\",\"target\":{\"@type\":\"EntryPoint\",\"urlTemplate\":\"https:\/\/saxbystone.com\/no\/?s={search_term_string}\"},\"query-input\":{\"@type\":\"PropertyValueSpecification\",\"valueRequired\":true,\"valueName\":\"search_term_string\"}}],\"inLanguage\":\"nb-NO\"},{\"@type\":\"Organization\",\"@id\":\"https:\/\/saxbystone.com\/no\/#organization\",\"name\":\"Saxby Stone\",\"url\":\"https:\/\/saxbystone.com\/no\/\",\"logo\":{\"@type\":\"ImageObject\",\"inLanguage\":\"nb-NO\",\"@id\":\"https:\/\/saxbystone.com\/no\/#\/schema\/logo\/image\/\",\"url\":\"https:\/\/saxbystone.com\/wp-content\/uploads\/2024\/09\/cropped-Saxby-Stone-logo-official-1st.png\",\"contentUrl\":\"https:\/\/saxbystone.com\/wp-content\/uploads\/2024\/09\/cropped-Saxby-Stone-logo-official-1st.png\",\"width\":512,\"height\":512,\"caption\":\"Saxby Stone\"},\"image\":{\"@id\":\"https:\/\/saxbystone.com\/no\/#\/schema\/logo\/image\/\"},\"sameAs\":[\"https:\/\/www.instagram.com\/saxbystone\/\"]}]}<\/script>\n<!-- \/ Yoast SEO plugin. -->","yoast_head_json":{"title":"Burford Grey Blend kalkstein - Saxby Stone","robots":{"index":"index","follow":"follow","max-snippet":"max-snippet:-1","max-image-preview":"max-image-preview:large","max-video-preview":"max-video-preview:-1"},"canonical":"https:\/\/saxbystone.com\/no\/produkt\/burford-grey-blend-kalkstein\/","og_locale":"nb_NO","og_type":"article","og_title":"Burford Grey Blend kalkstein - Saxby Stone","og_description":"Buford Grey tromlet Blend best\u00e5r av en andresortering i motsetning til premium-utvalget av fliser. Disse kalksteinsflisene kan utvise en st\u00f8rre variasjon i fargetoner, flere \u00e5rer av kalsitt, overflategroper og hulrom \u2013 alt dette kjennetegn ved naturstein. Alle bildene er eksempler p\u00e5 tidligere partier av Burford Grey Blend og gir en god representasjon av kvaliteten, men v\u00e6r oppmerksom p\u00e5 at Burford Blend kan ha st\u00f8rre variasjon fra parti til parti.  Tilgjengelig med tromlet overflate.  Velg flisst\u00f8rrelse for \u00e5 se pris. Gratis levering p\u00e5 bestillinger over 25 m\u00b2. Privatkunder m\u00e5 betale et tillegg for fliser fra v\u00e5rt lager i Storbritannia p\u00e5 grunn av tollregler.","og_url":"https:\/\/saxbystone.com\/no\/produkt\/burford-grey-blend-kalkstein\/","og_site_name":"Saxby Stone","article_modified_time":"2026-02-27T06:48:46+00:00","og_image":[{"width":922,"height":692,"url":"https:\/\/saxbystone.com\/wp-content\/uploads\/2024\/10\/Burford-Grey-Blend-Tumbled-Limestone.jpg","type":"image\/jpeg"}],"twitter_card":"summary_large_image","schema":{"@context":"https:\/\/schema.org","@graph":[{"@type":"WebPage","@id":"https:\/\/saxbystone.com\/no\/produkt\/burford-grey-blend-kalkstein\/","url":"https:\/\/saxbystone.com\/no\/produkt\/burford-grey-blend-kalkstein\/","name":"Burford Grey Blend kalkstein - Saxby Stone","isPartOf":{"@id":"https:\/\/saxbystone.com\/no\/#website"},"primaryImageOfPage":{"@id":"https:\/\/saxbystone.com\/no\/produkt\/burford-grey-blend-kalkstein\/#primaryimage"},"image":{"@id":"https:\/\/saxbystone.com\/no\/produkt\/burford-grey-blend-kalkstein\/#primaryimage"},"thumbnailUrl":"https:\/\/saxbystone.com\/wp-content\/uploads\/2024\/10\/Burford-Grey-Blend-Tumbled-Limestone.jpg","datePublished":"2024-10-25T08:42:33+00:00","dateModified":"2026-02-27T06:48:46+00:00","breadcrumb":{"@id":"https:\/\/saxbystone.com\/no\/produkt\/burford-grey-blend-kalkstein\/#breadcrumb"},"inLanguage":"nb-NO","potentialAction":[{"@type":"ReadAction","target":["https:\/\/saxbystone.com\/no\/produkt\/burford-grey-blend-kalkstein\/"]}]},{"@type":"ImageObject","inLanguage":"nb-NO","@id":"https:\/\/saxbystone.com\/no\/produkt\/burford-grey-blend-kalkstein\/#primaryimage","url":"https:\/\/saxbystone.com\/wp-content\/uploads\/2024\/10\/Burford-Grey-Blend-Tumbled-Limestone.jpg","contentUrl":"https:\/\/saxbystone.com\/wp-content\/uploads\/2024\/10\/Burford-Grey-Blend-Tumbled-Limestone.jpg","width":922,"height":692},{"@type":"BreadcrumbList","@id":"https:\/\/saxbystone.com\/no\/produkt\/burford-grey-blend-kalkstein\/#breadcrumb","itemListElement":[{"@type":"ListItem","position":1,"name":"Home","item":"https:\/\/saxbystone.com\/no\/"},{"@type":"ListItem","position":2,"name":"Steinfliser","item":"https:\/\/saxbystone.com\/stone-tiles\/"},{"@type":"ListItem","position":3,"name":"Burford Grey Blend kalkstein"}]},{"@type":"WebSite","@id":"https:\/\/saxbystone.com\/no\/#website","url":"https:\/\/saxbystone.com\/no\/","name":"Saxby Stone","description":"Natural stone tiles","publisher":{"@id":"https:\/\/saxbystone.com\/no\/#organization"},"potentialAction":[{"@type":"SearchAction","target":{"@type":"EntryPoint","urlTemplate":"https:\/\/saxbystone.com\/no\/?s={search_term_string}"},"query-input":{"@type":"PropertyValueSpecification","valueRequired":true,"valueName":"search_term_string"}}],"inLanguage":"nb-NO"},{"@type":"Organization","@id":"https:\/\/saxbystone.com\/no\/#organization","name":"Saxby Stone","url":"https:\/\/saxbystone.com\/no\/","logo":{"@type":"ImageObject","inLanguage":"nb-NO","@id":"https:\/\/saxbystone.com\/no\/#\/schema\/logo\/image\/","url":"https:\/\/saxbystone.com\/wp-content\/uploads\/2024\/09\/cropped-Saxby-Stone-logo-official-1st.png","contentUrl":"https:\/\/saxbystone.com\/wp-content\/uploads\/2024\/09\/cropped-Saxby-Stone-logo-official-1st.png","width":512,"height":512,"caption":"Saxby Stone"},"image":{"@id":"https:\/\/saxbystone.com\/no\/#\/schema\/logo\/image\/"},"sameAs":["https:\/\/www.instagram.com\/saxbystone\/"]}]}},"_links":{"self":[{"href":"https:\/\/saxbystone.com\/no\/wp-json\/wp\/v2\/product\/7858","targetHints":{"allow":["GET"]}}],"collection":[{"href":"https:\/\/saxbystone.com\/no\/wp-json\/wp\/v2\/product"}],"about":[{"href":"https:\/\/saxbystone.com\/no\/wp-json\/wp\/v2\/types\/product"}],"wp:featuredmedia":[{"embeddable":true,"href":"https:\/\/saxbystone.com\/no\/wp-json\/wp\/v2\/media\/7859"}],"wp:attachment":[{"href":"https:\/\/saxbystone.com\/no\/wp-json\/wp\/v2\/media?parent=7858"}],"wp:term":[{"taxonomy":"product_brand","embeddable":true,"href":"https:\/\/saxbystone.com\/no\/wp-json\/wp\/v2\/product_brand?post=7858"},{"taxonomy":"product_cat","embeddable":true,"href":"https:\/\/saxbystone.com\/no\/wp-json\/wp\/v2\/product_cat?post=7858"},{"taxonomy":"product_tag","embeddable":true,"href":"https:\/\/saxbystone.com\/no\/wp-json\/wp\/v2\/product_tag?post=7858"}],"curies":[{"name":"wp","href":"https:\/\/api.w.org\/{rel}","templated":true}]}}