{"id":7779,"date":"2024-10-24T10:31:34","date_gmt":"2024-10-24T07:31:34","guid":{"rendered":"https:\/\/saxbystone.com\/product\/arensburg-kalkstein-slipt\/"},"modified":"2024-10-24T10:31:34","modified_gmt":"2024-10-24T07:31:34","slug":"arensburg-kalkstein-slipt","status":"publish","type":"product","link":"https:\/\/saxbystone.com\/no\/produkt\/arensburg-kalkstein-slipt\/","title":{"rendered":"Arensburg kalkstein, slipt"},"content":{"rendered":"","protected":false},"excerpt":{"rendered":"<p>Arensburg kalkstein er en ekstremt hard, fossilrik dolomittisk kalkstein utvunnet fra et berglag som strekker seg under \u00d8stersj\u00f8en fra \u00d6land i Sverige til St. Petersburg i Russland. Arensburg kalkstein fra \u00d8stersj\u00f8kysten har blitt en favoritt blant arkitekter og interi\u00f8rdesignere over hele Skandinavia, der det brukes for gulvfliser, kj\u00f8kkenbenkeplater, trapper, vinduskarmer og listverk. Arensburg kalkstein deler mange kjennetegn med Sveriges gr\u00e5 \u00d6land-kalkstein.<\/p>\n<p>Vi tilbyr fliser, kj\u00f8kkenbenkeplater, vinduskarmer, trinn og listverk laget av Arensburg kalkstein.<\/p>\n<p><em>Velg flisst\u00f8rrelse for \u00e5 se pris. Gratis levering p\u00e5 bestillinger over 25 m\u00b2. F\u00e5 rabatt p\u00e5 bestillinger over 100 m\u00b2.<\/em><\/p>\n","protected":false},"featured_media":7244,"template":"","meta":{"_acf_changed":false},"product_brand":[],"product_cat":[89,53,77,68],"product_tag":[],"class_list":{"0":"post-7779","1":"product","2":"type-product","3":"status-publish","4":"has-post-thumbnail","6":"product_cat-alle-fliser","7":"product_cat-gulv-og-veggfliser","8":"product_cat-benkeplater-vinduskarmer","9":"product_cat-fasade","11":"first","12":"instock","13":"shipping-taxable","14":"purchasable","15":"product-type-variable","16":"add-to-wishlist-after_add_to_cart"},"acf":[],"yoast_head":"<!-- This site is optimized with the Yoast SEO plugin v26.4 - https:\/\/yoast.com\/wordpress\/plugins\/seo\/ -->\n<title>Arensburg kalkstein, slipt - Saxby Stone<\/title>\n<meta name=\"robots\" content=\"index, follow, max-snippet:-1, max-image-preview:large, max-video-preview:-1\" \/>\n<link rel=\"canonical\" href=\"https:\/\/saxbystone.com\/no\/produkt\/arensburg-kalkstein-slipt\/\" \/>\n<meta property=\"og:locale\" content=\"nb_NO\" \/>\n<meta property=\"og:type\" content=\"article\" \/>\n<meta property=\"og:title\" content=\"Arensburg kalkstein, slipt - Saxby Stone\" \/>\n<meta property=\"og:description\" content=\"Arensburg kalkstein er en ekstremt hard, fossilrik dolomittisk kalkstein utvunnet fra et berglag som strekker seg under \u00d8stersj\u00f8en fra \u00d6land i Sverige til St. Petersburg i Russland. Arensburg kalkstein fra \u00d8stersj\u00f8kysten har blitt en favoritt blant arkitekter og interi\u00f8rdesignere over hele Skandinavia, der det brukes for gulvfliser, kj\u00f8kkenbenkeplater, trapper, vinduskarmer og listverk. Arensburg kalkstein deler mange kjennetegn med Sveriges gr\u00e5 \u00d6land-kalkstein.  Vi tilbyr fliser, kj\u00f8kkenbenkeplater, vinduskarmer, trinn og listverk laget av Arensburg kalkstein.  Velg flisst\u00f8rrelse for \u00e5 se pris. Gratis levering p\u00e5 bestillinger over 25 m\u00b2. F\u00e5 rabatt p\u00e5 bestillinger over 100 m\u00b2.\" \/>\n<meta property=\"og:url\" content=\"https:\/\/saxbystone.com\/no\/produkt\/arensburg-kalkstein-slipt\/\" \/>\n<meta property=\"og:site_name\" content=\"Saxby Stone\" \/>\n<meta property=\"og:image\" content=\"https:\/\/saxbystone.com\/wp-content\/uploads\/2024\/10\/Arensburg-Limestone-Honed-Bathroom.jpg\" \/>\n\t<meta property=\"og:image:width\" content=\"920\" \/>\n\t<meta property=\"og:image:height\" content=\"578\" \/>\n\t<meta property=\"og:image:type\" content=\"image\/jpeg\" \/>\n<meta name=\"twitter:card\" content=\"summary_large_image\" \/>\n<script type=\"application\/ld+json\" class=\"yoast-schema-graph\">{\"@context\":\"https:\/\/schema.org\",\"@graph\":[{\"@type\":\"WebPage\",\"@id\":\"https:\/\/saxbystone.com\/no\/produkt\/arensburg-kalkstein-slipt\/\",\"url\":\"https:\/\/saxbystone.com\/no\/produkt\/arensburg-kalkstein-slipt\/\",\"name\":\"Arensburg kalkstein, slipt - Saxby Stone\",\"isPartOf\":{\"@id\":\"https:\/\/saxbystone.com\/no\/#website\"},\"primaryImageOfPage\":{\"@id\":\"https:\/\/saxbystone.com\/no\/produkt\/arensburg-kalkstein-slipt\/#primaryimage\"},\"image\":{\"@id\":\"https:\/\/saxbystone.com\/no\/produkt\/arensburg-kalkstein-slipt\/#primaryimage\"},\"thumbnailUrl\":\"https:\/\/saxbystone.com\/wp-content\/uploads\/2024\/10\/Arensburg-Limestone-Honed-Bathroom.jpg\",\"datePublished\":\"2024-10-24T07:31:34+00:00\",\"breadcrumb\":{\"@id\":\"https:\/\/saxbystone.com\/no\/produkt\/arensburg-kalkstein-slipt\/#breadcrumb\"},\"inLanguage\":\"nb-NO\",\"potentialAction\":[{\"@type\":\"ReadAction\",\"target\":[\"https:\/\/saxbystone.com\/no\/produkt\/arensburg-kalkstein-slipt\/\"]}]},{\"@type\":\"ImageObject\",\"inLanguage\":\"nb-NO\",\"@id\":\"https:\/\/saxbystone.com\/no\/produkt\/arensburg-kalkstein-slipt\/#primaryimage\",\"url\":\"https:\/\/saxbystone.com\/wp-content\/uploads\/2024\/10\/Arensburg-Limestone-Honed-Bathroom.jpg\",\"contentUrl\":\"https:\/\/saxbystone.com\/wp-content\/uploads\/2024\/10\/Arensburg-Limestone-Honed-Bathroom.jpg\",\"width\":920,\"height\":578},{\"@type\":\"BreadcrumbList\",\"@id\":\"https:\/\/saxbystone.com\/no\/produkt\/arensburg-kalkstein-slipt\/#breadcrumb\",\"itemListElement\":[{\"@type\":\"ListItem\",\"position\":1,\"name\":\"Home\",\"item\":\"https:\/\/saxbystone.com\/no\/\"},{\"@type\":\"ListItem\",\"position\":2,\"name\":\"Steinfliser\",\"item\":\"https:\/\/saxbystone.com\/stone-tiles\/\"},{\"@type\":\"ListItem\",\"position\":3,\"name\":\"Arensburg kalkstein, slipt\"}]},{\"@type\":\"WebSite\",\"@id\":\"https:\/\/saxbystone.com\/no\/#website\",\"url\":\"https:\/\/saxbystone.com\/no\/\",\"name\":\"Saxby Stone\",\"description\":\"Natural stone tiles\",\"publisher\":{\"@id\":\"https:\/\/saxbystone.com\/no\/#organization\"},\"potentialAction\":[{\"@type\":\"SearchAction\",\"target\":{\"@type\":\"EntryPoint\",\"urlTemplate\":\"https:\/\/saxbystone.com\/no\/?s={search_term_string}\"},\"query-input\":{\"@type\":\"PropertyValueSpecification\",\"valueRequired\":true,\"valueName\":\"search_term_string\"}}],\"inLanguage\":\"nb-NO\"},{\"@type\":\"Organization\",\"@id\":\"https:\/\/saxbystone.com\/no\/#organization\",\"name\":\"Saxby Stone\",\"url\":\"https:\/\/saxbystone.com\/no\/\",\"logo\":{\"@type\":\"ImageObject\",\"inLanguage\":\"nb-NO\",\"@id\":\"https:\/\/saxbystone.com\/no\/#\/schema\/logo\/image\/\",\"url\":\"https:\/\/saxbystone.com\/wp-content\/uploads\/2024\/09\/cropped-Saxby-Stone-logo-official-1st.png\",\"contentUrl\":\"https:\/\/saxbystone.com\/wp-content\/uploads\/2024\/09\/cropped-Saxby-Stone-logo-official-1st.png\",\"width\":512,\"height\":512,\"caption\":\"Saxby Stone\"},\"image\":{\"@id\":\"https:\/\/saxbystone.com\/no\/#\/schema\/logo\/image\/\"},\"sameAs\":[\"https:\/\/www.instagram.com\/saxbystone\/\"]}]}<\/script>\n<!-- \/ Yoast SEO plugin. -->","yoast_head_json":{"title":"Arensburg kalkstein, slipt - Saxby Stone","robots":{"index":"index","follow":"follow","max-snippet":"max-snippet:-1","max-image-preview":"max-image-preview:large","max-video-preview":"max-video-preview:-1"},"canonical":"https:\/\/saxbystone.com\/no\/produkt\/arensburg-kalkstein-slipt\/","og_locale":"nb_NO","og_type":"article","og_title":"Arensburg kalkstein, slipt - Saxby Stone","og_description":"Arensburg kalkstein er en ekstremt hard, fossilrik dolomittisk kalkstein utvunnet fra et berglag som strekker seg under \u00d8stersj\u00f8en fra \u00d6land i Sverige til St. Petersburg i Russland. Arensburg kalkstein fra \u00d8stersj\u00f8kysten har blitt en favoritt blant arkitekter og interi\u00f8rdesignere over hele Skandinavia, der det brukes for gulvfliser, kj\u00f8kkenbenkeplater, trapper, vinduskarmer og listverk. Arensburg kalkstein deler mange kjennetegn med Sveriges gr\u00e5 \u00d6land-kalkstein.  Vi tilbyr fliser, kj\u00f8kkenbenkeplater, vinduskarmer, trinn og listverk laget av Arensburg kalkstein.  Velg flisst\u00f8rrelse for \u00e5 se pris. Gratis levering p\u00e5 bestillinger over 25 m\u00b2. F\u00e5 rabatt p\u00e5 bestillinger over 100 m\u00b2.","og_url":"https:\/\/saxbystone.com\/no\/produkt\/arensburg-kalkstein-slipt\/","og_site_name":"Saxby Stone","og_image":[{"width":920,"height":578,"url":"https:\/\/saxbystone.com\/wp-content\/uploads\/2024\/10\/Arensburg-Limestone-Honed-Bathroom.jpg","type":"image\/jpeg"}],"twitter_card":"summary_large_image","schema":{"@context":"https:\/\/schema.org","@graph":[{"@type":"WebPage","@id":"https:\/\/saxbystone.com\/no\/produkt\/arensburg-kalkstein-slipt\/","url":"https:\/\/saxbystone.com\/no\/produkt\/arensburg-kalkstein-slipt\/","name":"Arensburg kalkstein, slipt - Saxby Stone","isPartOf":{"@id":"https:\/\/saxbystone.com\/no\/#website"},"primaryImageOfPage":{"@id":"https:\/\/saxbystone.com\/no\/produkt\/arensburg-kalkstein-slipt\/#primaryimage"},"image":{"@id":"https:\/\/saxbystone.com\/no\/produkt\/arensburg-kalkstein-slipt\/#primaryimage"},"thumbnailUrl":"https:\/\/saxbystone.com\/wp-content\/uploads\/2024\/10\/Arensburg-Limestone-Honed-Bathroom.jpg","datePublished":"2024-10-24T07:31:34+00:00","breadcrumb":{"@id":"https:\/\/saxbystone.com\/no\/produkt\/arensburg-kalkstein-slipt\/#breadcrumb"},"inLanguage":"nb-NO","potentialAction":[{"@type":"ReadAction","target":["https:\/\/saxbystone.com\/no\/produkt\/arensburg-kalkstein-slipt\/"]}]},{"@type":"ImageObject","inLanguage":"nb-NO","@id":"https:\/\/saxbystone.com\/no\/produkt\/arensburg-kalkstein-slipt\/#primaryimage","url":"https:\/\/saxbystone.com\/wp-content\/uploads\/2024\/10\/Arensburg-Limestone-Honed-Bathroom.jpg","contentUrl":"https:\/\/saxbystone.com\/wp-content\/uploads\/2024\/10\/Arensburg-Limestone-Honed-Bathroom.jpg","width":920,"height":578},{"@type":"BreadcrumbList","@id":"https:\/\/saxbystone.com\/no\/produkt\/arensburg-kalkstein-slipt\/#breadcrumb","itemListElement":[{"@type":"ListItem","position":1,"name":"Home","item":"https:\/\/saxbystone.com\/no\/"},{"@type":"ListItem","position":2,"name":"Steinfliser","item":"https:\/\/saxbystone.com\/stone-tiles\/"},{"@type":"ListItem","position":3,"name":"Arensburg kalkstein, slipt"}]},{"@type":"WebSite","@id":"https:\/\/saxbystone.com\/no\/#website","url":"https:\/\/saxbystone.com\/no\/","name":"Saxby Stone","description":"Natural stone tiles","publisher":{"@id":"https:\/\/saxbystone.com\/no\/#organization"},"potentialAction":[{"@type":"SearchAction","target":{"@type":"EntryPoint","urlTemplate":"https:\/\/saxbystone.com\/no\/?s={search_term_string}"},"query-input":{"@type":"PropertyValueSpecification","valueRequired":true,"valueName":"search_term_string"}}],"inLanguage":"nb-NO"},{"@type":"Organization","@id":"https:\/\/saxbystone.com\/no\/#organization","name":"Saxby Stone","url":"https:\/\/saxbystone.com\/no\/","logo":{"@type":"ImageObject","inLanguage":"nb-NO","@id":"https:\/\/saxbystone.com\/no\/#\/schema\/logo\/image\/","url":"https:\/\/saxbystone.com\/wp-content\/uploads\/2024\/09\/cropped-Saxby-Stone-logo-official-1st.png","contentUrl":"https:\/\/saxbystone.com\/wp-content\/uploads\/2024\/09\/cropped-Saxby-Stone-logo-official-1st.png","width":512,"height":512,"caption":"Saxby Stone"},"image":{"@id":"https:\/\/saxbystone.com\/no\/#\/schema\/logo\/image\/"},"sameAs":["https:\/\/www.instagram.com\/saxbystone\/"]}]}},"_links":{"self":[{"href":"https:\/\/saxbystone.com\/no\/wp-json\/wp\/v2\/product\/7779","targetHints":{"allow":["GET"]}}],"collection":[{"href":"https:\/\/saxbystone.com\/no\/wp-json\/wp\/v2\/product"}],"about":[{"href":"https:\/\/saxbystone.com\/no\/wp-json\/wp\/v2\/types\/product"}],"wp:featuredmedia":[{"embeddable":true,"href":"https:\/\/saxbystone.com\/no\/wp-json\/wp\/v2\/media\/7244"}],"wp:attachment":[{"href":"https:\/\/saxbystone.com\/no\/wp-json\/wp\/v2\/media?parent=7779"}],"wp:term":[{"taxonomy":"product_brand","embeddable":true,"href":"https:\/\/saxbystone.com\/no\/wp-json\/wp\/v2\/product_brand?post=7779"},{"taxonomy":"product_cat","embeddable":true,"href":"https:\/\/saxbystone.com\/no\/wp-json\/wp\/v2\/product_cat?post=7779"},{"taxonomy":"product_tag","embeddable":true,"href":"https:\/\/saxbystone.com\/no\/wp-json\/wp\/v2\/product_tag?post=7779"}],"curies":[{"name":"wp","href":"https:\/\/api.w.org\/{rel}","templated":true}]}}