{"id":8348,"date":"2026-03-26T10:51:30","date_gmt":"2026-03-26T08:51:30","guid":{"rendered":"https:\/\/saxbystone.com\/?post_type=product&#038;p=8348"},"modified":"2026-05-04T11:14:39","modified_gmt":"2026-05-04T08:14:39","slug":"burgundy-white","status":"publish","type":"product","link":"https:\/\/saxbystone.com\/lv\/produkts\/burgundy-white\/","title":{"rendered":"Burgundy White ka\u013c\u0137akmens"},"content":{"rendered":"","protected":false},"excerpt":{"rendered":"<p>M\u016bsu Burgundy White ka\u013c\u0137akmens fl\u012bzes ir iecien\u012btas arhitektu un interjera dizaineru vid\u016b, pateicoties to est\u0113tiskajai pievilc\u012bbai, iztur\u012bbai un funkcionalit\u0101tei.<\/p>\n<p>T\u0101s ir vienl\u012bdz piem\u0113rotas gan m\u016bsdien\u012bgai villai, gan vec\u0101kas \u0113kas renov\u0101cijai, un Burgundy ka\u013c\u0137akmens izstaro klasisku stilu un kvalit\u0101ti. Burgundy White ka\u013c\u0137akmens fl\u012bzes ir piem\u0113rotas viet\u0101m ar lielu cilv\u0113ku pl\u016bsmu, piem\u0113ram, viesn\u012bc\u0101m, sabiedrisk\u0101m \u0113k\u0101m un priv\u0101t\u0101m dz\u012bvojam\u0101m m\u0101j\u0101m.<\/p>\n<p>Pieejams ar sl\u012bp\u0113tu un birst\u0113tu virsmas apdari.<\/p>\n<p><em>Lai redz\u0113tu cenu, izv\u0113lieties fl\u012bzes izm\u0113ru. Bezmaksas pieg\u0101de ir pas\u016bt\u012bjumiem virs 25 m2.<\/em><\/p>\n","protected":false},"featured_media":8424,"template":"","meta":{"_acf_changed":false},"product_brand":[],"product_cat":[188,187],"product_tag":[],"class_list":{"0":"post-8348","1":"product","2":"type-product","3":"status-publish","4":"has-post-thumbnail","6":"product_cat-visas-flizes","7":"product_cat-gridas-sienas-flizes","9":"first","10":"instock","11":"shipping-taxable","12":"purchasable","13":"product-type-variable","14":"add-to-wishlist-after_add_to_cart"},"acf":[],"yoast_head":"<!-- This site is optimized with the Yoast SEO plugin v26.4 - https:\/\/yoast.com\/wordpress\/plugins\/seo\/ -->\n<title>Burgundy White ka\u013c\u0137akmens - Saxby Stone<\/title>\n<meta name=\"description\" content=\"White limestone\" \/>\n<meta name=\"robots\" content=\"index, follow, max-snippet:-1, max-image-preview:large, max-video-preview:-1\" \/>\n<link rel=\"canonical\" href=\"https:\/\/saxbystone.com\/lv\/produkts\/burgundy-white\/\" \/>\n<meta property=\"og:locale\" content=\"lv_LV\" \/>\n<meta property=\"og:type\" content=\"article\" \/>\n<meta property=\"og:title\" content=\"Burgundy White ka\u013c\u0137akmens - Saxby Stone\" \/>\n<meta property=\"og:description\" content=\"White limestone\" \/>\n<meta property=\"og:url\" content=\"https:\/\/saxbystone.com\/lv\/produkts\/burgundy-white\/\" \/>\n<meta property=\"og:site_name\" content=\"Saxby Stone\" \/>\n<meta property=\"article:modified_time\" content=\"2026-05-04T08:14:39+00:00\" \/>\n<meta property=\"og:image\" content=\"https:\/\/saxbystone.com\/wp-content\/uploads\/2026\/03\/Burgundy-White-Limestone-12-scaled.jpg\" \/>\n\t<meta property=\"og:image:width\" content=\"2560\" \/>\n\t<meta property=\"og:image:height\" content=\"1786\" \/>\n\t<meta property=\"og:image:type\" content=\"image\/jpeg\" \/>\n<meta name=\"twitter:card\" content=\"summary_large_image\" \/>\n<meta name=\"twitter:label1\" content=\"Est. reading time\" \/>\n\t<meta name=\"twitter:data1\" content=\"1 minute\" \/>\n<script type=\"application\/ld+json\" class=\"yoast-schema-graph\">{\"@context\":\"https:\/\/schema.org\",\"@graph\":[{\"@type\":\"WebPage\",\"@id\":\"https:\/\/saxbystone.com\/lv\/produkts\/burgundy-white\/\",\"url\":\"https:\/\/saxbystone.com\/lv\/produkts\/burgundy-white\/\",\"name\":\"Burgundy White ka\u013c\u0137akmens - Saxby Stone\",\"isPartOf\":{\"@id\":\"https:\/\/saxbystone.com\/lv\/#website\"},\"primaryImageOfPage\":{\"@id\":\"https:\/\/saxbystone.com\/lv\/produkts\/burgundy-white\/#primaryimage\"},\"image\":{\"@id\":\"https:\/\/saxbystone.com\/lv\/produkts\/burgundy-white\/#primaryimage\"},\"thumbnailUrl\":\"https:\/\/saxbystone.com\/wp-content\/uploads\/2026\/03\/Burgundy-White-Limestone-12-scaled.jpg\",\"datePublished\":\"2026-03-26T08:51:30+00:00\",\"dateModified\":\"2026-05-04T08:14:39+00:00\",\"description\":\"White limestone\",\"breadcrumb\":{\"@id\":\"https:\/\/saxbystone.com\/lv\/produkts\/burgundy-white\/#breadcrumb\"},\"inLanguage\":\"lv-LV\",\"potentialAction\":[{\"@type\":\"ReadAction\",\"target\":[\"https:\/\/saxbystone.com\/lv\/produkts\/burgundy-white\/\"]}]},{\"@type\":\"ImageObject\",\"inLanguage\":\"lv-LV\",\"@id\":\"https:\/\/saxbystone.com\/lv\/produkts\/burgundy-white\/#primaryimage\",\"url\":\"https:\/\/saxbystone.com\/wp-content\/uploads\/2026\/03\/Burgundy-White-Limestone-12-scaled.jpg\",\"contentUrl\":\"https:\/\/saxbystone.com\/wp-content\/uploads\/2026\/03\/Burgundy-White-Limestone-12-scaled.jpg\",\"width\":2560,\"height\":1786},{\"@type\":\"BreadcrumbList\",\"@id\":\"https:\/\/saxbystone.com\/lv\/produkts\/burgundy-white\/#breadcrumb\",\"itemListElement\":[{\"@type\":\"ListItem\",\"position\":1,\"name\":\"Home\",\"item\":\"https:\/\/saxbystone.com\/lv\/\"},{\"@type\":\"ListItem\",\"position\":2,\"name\":\"Akmens fl\u012bzes\",\"item\":\"https:\/\/saxbystone.com\/stone-tiles\/\"},{\"@type\":\"ListItem\",\"position\":3,\"name\":\"Burgundy White ka\u013c\u0137akmens\"}]},{\"@type\":\"WebSite\",\"@id\":\"https:\/\/saxbystone.com\/lv\/#website\",\"url\":\"https:\/\/saxbystone.com\/lv\/\",\"name\":\"Saxby Stone\",\"description\":\"Natural stone tiles\",\"publisher\":{\"@id\":\"https:\/\/saxbystone.com\/lv\/#organization\"},\"potentialAction\":[{\"@type\":\"SearchAction\",\"target\":{\"@type\":\"EntryPoint\",\"urlTemplate\":\"https:\/\/saxbystone.com\/lv\/?s={search_term_string}\"},\"query-input\":{\"@type\":\"PropertyValueSpecification\",\"valueRequired\":true,\"valueName\":\"search_term_string\"}}],\"inLanguage\":\"lv-LV\"},{\"@type\":\"Organization\",\"@id\":\"https:\/\/saxbystone.com\/lv\/#organization\",\"name\":\"Saxby Stone\",\"url\":\"https:\/\/saxbystone.com\/lv\/\",\"logo\":{\"@type\":\"ImageObject\",\"inLanguage\":\"lv-LV\",\"@id\":\"https:\/\/saxbystone.com\/lv\/#\/schema\/logo\/image\/\",\"url\":\"https:\/\/saxbystone.com\/wp-content\/uploads\/2024\/09\/cropped-Saxby-Stone-logo-official-1st.png\",\"contentUrl\":\"https:\/\/saxbystone.com\/wp-content\/uploads\/2024\/09\/cropped-Saxby-Stone-logo-official-1st.png\",\"width\":512,\"height\":512,\"caption\":\"Saxby Stone\"},\"image\":{\"@id\":\"https:\/\/saxbystone.com\/lv\/#\/schema\/logo\/image\/\"},\"sameAs\":[\"https:\/\/www.instagram.com\/saxbystone\/\"]}]}<\/script>\n<!-- \/ Yoast SEO plugin. -->","yoast_head_json":{"title":"Burgundy White ka\u013c\u0137akmens - Saxby Stone","description":"White limestone","robots":{"index":"index","follow":"follow","max-snippet":"max-snippet:-1","max-image-preview":"max-image-preview:large","max-video-preview":"max-video-preview:-1"},"canonical":"https:\/\/saxbystone.com\/lv\/produkts\/burgundy-white\/","og_locale":"lv_LV","og_type":"article","og_title":"Burgundy White ka\u013c\u0137akmens - Saxby Stone","og_description":"White limestone","og_url":"https:\/\/saxbystone.com\/lv\/produkts\/burgundy-white\/","og_site_name":"Saxby Stone","article_modified_time":"2026-05-04T08:14:39+00:00","og_image":[{"width":2560,"height":1786,"url":"https:\/\/saxbystone.com\/wp-content\/uploads\/2026\/03\/Burgundy-White-Limestone-12-scaled.jpg","type":"image\/jpeg"}],"twitter_card":"summary_large_image","twitter_misc":{"Est. reading time":"1 minute"},"schema":{"@context":"https:\/\/schema.org","@graph":[{"@type":"WebPage","@id":"https:\/\/saxbystone.com\/lv\/produkts\/burgundy-white\/","url":"https:\/\/saxbystone.com\/lv\/produkts\/burgundy-white\/","name":"Burgundy White ka\u013c\u0137akmens - Saxby Stone","isPartOf":{"@id":"https:\/\/saxbystone.com\/lv\/#website"},"primaryImageOfPage":{"@id":"https:\/\/saxbystone.com\/lv\/produkts\/burgundy-white\/#primaryimage"},"image":{"@id":"https:\/\/saxbystone.com\/lv\/produkts\/burgundy-white\/#primaryimage"},"thumbnailUrl":"https:\/\/saxbystone.com\/wp-content\/uploads\/2026\/03\/Burgundy-White-Limestone-12-scaled.jpg","datePublished":"2026-03-26T08:51:30+00:00","dateModified":"2026-05-04T08:14:39+00:00","description":"White limestone","breadcrumb":{"@id":"https:\/\/saxbystone.com\/lv\/produkts\/burgundy-white\/#breadcrumb"},"inLanguage":"lv-LV","potentialAction":[{"@type":"ReadAction","target":["https:\/\/saxbystone.com\/lv\/produkts\/burgundy-white\/"]}]},{"@type":"ImageObject","inLanguage":"lv-LV","@id":"https:\/\/saxbystone.com\/lv\/produkts\/burgundy-white\/#primaryimage","url":"https:\/\/saxbystone.com\/wp-content\/uploads\/2026\/03\/Burgundy-White-Limestone-12-scaled.jpg","contentUrl":"https:\/\/saxbystone.com\/wp-content\/uploads\/2026\/03\/Burgundy-White-Limestone-12-scaled.jpg","width":2560,"height":1786},{"@type":"BreadcrumbList","@id":"https:\/\/saxbystone.com\/lv\/produkts\/burgundy-white\/#breadcrumb","itemListElement":[{"@type":"ListItem","position":1,"name":"Home","item":"https:\/\/saxbystone.com\/lv\/"},{"@type":"ListItem","position":2,"name":"Akmens fl\u012bzes","item":"https:\/\/saxbystone.com\/stone-tiles\/"},{"@type":"ListItem","position":3,"name":"Burgundy White ka\u013c\u0137akmens"}]},{"@type":"WebSite","@id":"https:\/\/saxbystone.com\/lv\/#website","url":"https:\/\/saxbystone.com\/lv\/","name":"Saxby Stone","description":"Natural stone tiles","publisher":{"@id":"https:\/\/saxbystone.com\/lv\/#organization"},"potentialAction":[{"@type":"SearchAction","target":{"@type":"EntryPoint","urlTemplate":"https:\/\/saxbystone.com\/lv\/?s={search_term_string}"},"query-input":{"@type":"PropertyValueSpecification","valueRequired":true,"valueName":"search_term_string"}}],"inLanguage":"lv-LV"},{"@type":"Organization","@id":"https:\/\/saxbystone.com\/lv\/#organization","name":"Saxby Stone","url":"https:\/\/saxbystone.com\/lv\/","logo":{"@type":"ImageObject","inLanguage":"lv-LV","@id":"https:\/\/saxbystone.com\/lv\/#\/schema\/logo\/image\/","url":"https:\/\/saxbystone.com\/wp-content\/uploads\/2024\/09\/cropped-Saxby-Stone-logo-official-1st.png","contentUrl":"https:\/\/saxbystone.com\/wp-content\/uploads\/2024\/09\/cropped-Saxby-Stone-logo-official-1st.png","width":512,"height":512,"caption":"Saxby Stone"},"image":{"@id":"https:\/\/saxbystone.com\/lv\/#\/schema\/logo\/image\/"},"sameAs":["https:\/\/www.instagram.com\/saxbystone\/"]}]}},"_links":{"self":[{"href":"https:\/\/saxbystone.com\/lv\/wp-json\/wp\/v2\/product\/8348","targetHints":{"allow":["GET"]}}],"collection":[{"href":"https:\/\/saxbystone.com\/lv\/wp-json\/wp\/v2\/product"}],"about":[{"href":"https:\/\/saxbystone.com\/lv\/wp-json\/wp\/v2\/types\/product"}],"wp:featuredmedia":[{"embeddable":true,"href":"https:\/\/saxbystone.com\/lv\/wp-json\/wp\/v2\/media\/8424"}],"wp:attachment":[{"href":"https:\/\/saxbystone.com\/lv\/wp-json\/wp\/v2\/media?parent=8348"}],"wp:term":[{"taxonomy":"product_brand","embeddable":true,"href":"https:\/\/saxbystone.com\/lv\/wp-json\/wp\/v2\/product_brand?post=8348"},{"taxonomy":"product_cat","embeddable":true,"href":"https:\/\/saxbystone.com\/lv\/wp-json\/wp\/v2\/product_cat?post=8348"},{"taxonomy":"product_tag","embeddable":true,"href":"https:\/\/saxbystone.com\/lv\/wp-json\/wp\/v2\/product_tag?post=8348"}],"curies":[{"name":"wp","href":"https:\/\/api.w.org\/{rel}","templated":true}]}}