{"id":7630,"date":"2025-11-27T10:14:08","date_gmt":"2025-11-27T08:14:08","guid":{"rendered":"https:\/\/saxbystone.com\/?post_type=product&#038;p=7630"},"modified":"2025-12-08T11:59:24","modified_gmt":"2025-12-08T09:59:24","slug":"kolmarden-marble","status":"publish","type":"product","link":"https:\/\/saxbystone.com\/lv\/produkts\/kolmarden-marble\/","title":{"rendered":"Kolm\u00e5rden marmors"},"content":{"rendered":"","protected":false},"excerpt":{"rendered":"<p>Kas ieg\u016bts net\u0101lu no Veternas ezera krastiem Zviedrijas centr\u0101laj\u0101 da\u013c\u0101, ir slavens ar saviem unik\u0101lajiem za\u013cajiem to\u0146iem un dekorat\u012bvo rakstu. \u0160is marmors ir iecien\u012bts izmanto\u0161anai virtuves un vannas istabas darba virsm\u0101m, k\u0101 ar\u012b gr\u012bdas fl\u012b\u017eu izgatavo\u0161an\u0101 un ir Zviedrijas nacion\u0101lais lepnums.<\/p>\n<p>Kolm\u0101rdenas marmors ir klasific\u0113ts k\u0101 Pasaules mantojuma akmens, karjers lepojas ar savu ra\u017eo\u0161anu, kur\u0101 netiek izmantots fosilais kurin\u0101mais, un bija pirmais Zviedrij\u0101, kas sa\u0146\u0113ma \u0161o akredit\u0101ciju 2020. gad\u0101.<\/p>\n<p>Pieejams ar sl\u012bp\u0113tu un birst\u0113tu virsmas apdari.<\/p>\n<p><em>Lai redz\u0113tu cenu, izv\u0113lieties fl\u012bzes izm\u0113ru. Bezmaksas pieg\u0101de ir pas\u016bt\u012bjumiem virs 25 m2.<\/em><\/p>\n","protected":false},"featured_media":7651,"template":"","meta":{"_acf_changed":false},"product_brand":[],"product_cat":[188,187],"product_tag":[],"class_list":{"0":"post-7630","1":"product","2":"type-product","3":"status-publish","4":"has-post-thumbnail","6":"product_cat-visas-flizes","7":"product_cat-gridas-sienas-flizes","9":"first","10":"instock","11":"shipping-taxable","12":"purchasable","13":"product-type-variable","14":"add-to-wishlist-after_add_to_cart"},"acf":[],"yoast_head":"<!-- This site is optimized with the Yoast SEO plugin v26.4 - https:\/\/yoast.com\/wordpress\/plugins\/seo\/ -->\n<title>Kolm\u00e5rden marmors - Saxby Stone<\/title>\n<meta name=\"description\" content=\"Kolm\u00e5rden Marble is popular for use as kitchen and bathroom countertops as well as floor tiles and is a Swedish national favorite.\" \/>\n<meta name=\"robots\" content=\"index, follow, max-snippet:-1, max-image-preview:large, max-video-preview:-1\" \/>\n<link rel=\"canonical\" href=\"https:\/\/saxbystone.com\/lv\/produkts\/kolmarden-marble\/\" \/>\n<meta property=\"og:locale\" content=\"lv_LV\" \/>\n<meta property=\"og:type\" content=\"article\" \/>\n<meta property=\"og:title\" content=\"Kolm\u00e5rden marmors - Saxby Stone\" \/>\n<meta property=\"og:description\" content=\"Kolm\u00e5rden Marble is popular for use as kitchen and bathroom countertops as well as floor tiles and is a Swedish national favorite.\" \/>\n<meta property=\"og:url\" content=\"https:\/\/saxbystone.com\/lv\/produkts\/kolmarden-marble\/\" \/>\n<meta property=\"og:site_name\" content=\"Saxby Stone\" \/>\n<meta property=\"article:modified_time\" content=\"2025-12-08T09:59:24+00:00\" \/>\n<meta property=\"og:image\" content=\"https:\/\/saxbystone.com\/wp-content\/uploads\/2025\/11\/Kolmarden-marble-OX-honed-1-1024x1024.png\" \/>\n\t<meta property=\"og:image:width\" content=\"1024\" \/>\n\t<meta property=\"og:image:height\" content=\"1024\" \/>\n\t<meta property=\"og:image:type\" content=\"image\/png\" \/>\n<meta name=\"twitter:card\" content=\"summary_large_image\" \/>\n<meta name=\"twitter:label1\" content=\"Est. reading time\" \/>\n\t<meta name=\"twitter:data1\" content=\"1 minute\" \/>\n<script type=\"application\/ld+json\" class=\"yoast-schema-graph\">{\"@context\":\"https:\/\/schema.org\",\"@graph\":[{\"@type\":\"WebPage\",\"@id\":\"https:\/\/saxbystone.com\/lv\/produkts\/kolmarden-marble\/\",\"url\":\"https:\/\/saxbystone.com\/lv\/produkts\/kolmarden-marble\/\",\"name\":\"Kolm\u00e5rden marmors - Saxby Stone\",\"isPartOf\":{\"@id\":\"https:\/\/saxbystone.com\/lv\/#website\"},\"primaryImageOfPage\":{\"@id\":\"https:\/\/saxbystone.com\/lv\/produkts\/kolmarden-marble\/#primaryimage\"},\"image\":{\"@id\":\"https:\/\/saxbystone.com\/lv\/produkts\/kolmarden-marble\/#primaryimage\"},\"thumbnailUrl\":\"https:\/\/saxbystone.com\/wp-content\/uploads\/2025\/11\/Kolmarden-marble-OX-honed-1.png\",\"datePublished\":\"2025-11-27T08:14:08+00:00\",\"dateModified\":\"2025-12-08T09:59:24+00:00\",\"description\":\"Kolm\u00e5rden Marble is popular for use as kitchen and bathroom countertops as well as floor tiles and is a Swedish national favorite.\",\"breadcrumb\":{\"@id\":\"https:\/\/saxbystone.com\/lv\/produkts\/kolmarden-marble\/#breadcrumb\"},\"inLanguage\":\"lv-LV\",\"potentialAction\":[{\"@type\":\"ReadAction\",\"target\":[\"https:\/\/saxbystone.com\/lv\/produkts\/kolmarden-marble\/\"]}]},{\"@type\":\"ImageObject\",\"inLanguage\":\"lv-LV\",\"@id\":\"https:\/\/saxbystone.com\/lv\/produkts\/kolmarden-marble\/#primaryimage\",\"url\":\"https:\/\/saxbystone.com\/wp-content\/uploads\/2025\/11\/Kolmarden-marble-OX-honed-1.png\",\"contentUrl\":\"https:\/\/saxbystone.com\/wp-content\/uploads\/2025\/11\/Kolmarden-marble-OX-honed-1.png\",\"width\":2362,\"height\":2362},{\"@type\":\"BreadcrumbList\",\"@id\":\"https:\/\/saxbystone.com\/lv\/produkts\/kolmarden-marble\/#breadcrumb\",\"itemListElement\":[{\"@type\":\"ListItem\",\"position\":1,\"name\":\"Home\",\"item\":\"https:\/\/saxbystone.com\/lv\/\"},{\"@type\":\"ListItem\",\"position\":2,\"name\":\"Akmens fl\u012bzes\",\"item\":\"https:\/\/saxbystone.com\/stone-tiles\/\"},{\"@type\":\"ListItem\",\"position\":3,\"name\":\"Kolm\u00e5rden marmors\"}]},{\"@type\":\"WebSite\",\"@id\":\"https:\/\/saxbystone.com\/lv\/#website\",\"url\":\"https:\/\/saxbystone.com\/lv\/\",\"name\":\"Saxby Stone\",\"description\":\"Natural stone tiles\",\"publisher\":{\"@id\":\"https:\/\/saxbystone.com\/lv\/#organization\"},\"potentialAction\":[{\"@type\":\"SearchAction\",\"target\":{\"@type\":\"EntryPoint\",\"urlTemplate\":\"https:\/\/saxbystone.com\/lv\/?s={search_term_string}\"},\"query-input\":{\"@type\":\"PropertyValueSpecification\",\"valueRequired\":true,\"valueName\":\"search_term_string\"}}],\"inLanguage\":\"lv-LV\"},{\"@type\":\"Organization\",\"@id\":\"https:\/\/saxbystone.com\/lv\/#organization\",\"name\":\"Saxby Stone\",\"url\":\"https:\/\/saxbystone.com\/lv\/\",\"logo\":{\"@type\":\"ImageObject\",\"inLanguage\":\"lv-LV\",\"@id\":\"https:\/\/saxbystone.com\/lv\/#\/schema\/logo\/image\/\",\"url\":\"https:\/\/saxbystone.com\/wp-content\/uploads\/2024\/09\/cropped-Saxby-Stone-logo-official-1st.png\",\"contentUrl\":\"https:\/\/saxbystone.com\/wp-content\/uploads\/2024\/09\/cropped-Saxby-Stone-logo-official-1st.png\",\"width\":512,\"height\":512,\"caption\":\"Saxby Stone\"},\"image\":{\"@id\":\"https:\/\/saxbystone.com\/lv\/#\/schema\/logo\/image\/\"},\"sameAs\":[\"https:\/\/www.instagram.com\/saxbystone\/\"]}]}<\/script>\n<!-- \/ Yoast SEO plugin. -->","yoast_head_json":{"title":"Kolm\u00e5rden marmors - Saxby Stone","description":"Kolm\u00e5rden Marble is popular for use as kitchen and bathroom countertops as well as floor tiles and is a Swedish national favorite.","robots":{"index":"index","follow":"follow","max-snippet":"max-snippet:-1","max-image-preview":"max-image-preview:large","max-video-preview":"max-video-preview:-1"},"canonical":"https:\/\/saxbystone.com\/lv\/produkts\/kolmarden-marble\/","og_locale":"lv_LV","og_type":"article","og_title":"Kolm\u00e5rden marmors - Saxby Stone","og_description":"Kolm\u00e5rden Marble is popular for use as kitchen and bathroom countertops as well as floor tiles and is a Swedish national favorite.","og_url":"https:\/\/saxbystone.com\/lv\/produkts\/kolmarden-marble\/","og_site_name":"Saxby Stone","article_modified_time":"2025-12-08T09:59:24+00:00","og_image":[{"width":1024,"height":1024,"url":"https:\/\/saxbystone.com\/wp-content\/uploads\/2025\/11\/Kolmarden-marble-OX-honed-1-1024x1024.png","type":"image\/png"}],"twitter_card":"summary_large_image","twitter_misc":{"Est. reading time":"1 minute"},"schema":{"@context":"https:\/\/schema.org","@graph":[{"@type":"WebPage","@id":"https:\/\/saxbystone.com\/lv\/produkts\/kolmarden-marble\/","url":"https:\/\/saxbystone.com\/lv\/produkts\/kolmarden-marble\/","name":"Kolm\u00e5rden marmors - Saxby Stone","isPartOf":{"@id":"https:\/\/saxbystone.com\/lv\/#website"},"primaryImageOfPage":{"@id":"https:\/\/saxbystone.com\/lv\/produkts\/kolmarden-marble\/#primaryimage"},"image":{"@id":"https:\/\/saxbystone.com\/lv\/produkts\/kolmarden-marble\/#primaryimage"},"thumbnailUrl":"https:\/\/saxbystone.com\/wp-content\/uploads\/2025\/11\/Kolmarden-marble-OX-honed-1.png","datePublished":"2025-11-27T08:14:08+00:00","dateModified":"2025-12-08T09:59:24+00:00","description":"Kolm\u00e5rden Marble is popular for use as kitchen and bathroom countertops as well as floor tiles and is a Swedish national favorite.","breadcrumb":{"@id":"https:\/\/saxbystone.com\/lv\/produkts\/kolmarden-marble\/#breadcrumb"},"inLanguage":"lv-LV","potentialAction":[{"@type":"ReadAction","target":["https:\/\/saxbystone.com\/lv\/produkts\/kolmarden-marble\/"]}]},{"@type":"ImageObject","inLanguage":"lv-LV","@id":"https:\/\/saxbystone.com\/lv\/produkts\/kolmarden-marble\/#primaryimage","url":"https:\/\/saxbystone.com\/wp-content\/uploads\/2025\/11\/Kolmarden-marble-OX-honed-1.png","contentUrl":"https:\/\/saxbystone.com\/wp-content\/uploads\/2025\/11\/Kolmarden-marble-OX-honed-1.png","width":2362,"height":2362},{"@type":"BreadcrumbList","@id":"https:\/\/saxbystone.com\/lv\/produkts\/kolmarden-marble\/#breadcrumb","itemListElement":[{"@type":"ListItem","position":1,"name":"Home","item":"https:\/\/saxbystone.com\/lv\/"},{"@type":"ListItem","position":2,"name":"Akmens fl\u012bzes","item":"https:\/\/saxbystone.com\/stone-tiles\/"},{"@type":"ListItem","position":3,"name":"Kolm\u00e5rden marmors"}]},{"@type":"WebSite","@id":"https:\/\/saxbystone.com\/lv\/#website","url":"https:\/\/saxbystone.com\/lv\/","name":"Saxby Stone","description":"Natural stone tiles","publisher":{"@id":"https:\/\/saxbystone.com\/lv\/#organization"},"potentialAction":[{"@type":"SearchAction","target":{"@type":"EntryPoint","urlTemplate":"https:\/\/saxbystone.com\/lv\/?s={search_term_string}"},"query-input":{"@type":"PropertyValueSpecification","valueRequired":true,"valueName":"search_term_string"}}],"inLanguage":"lv-LV"},{"@type":"Organization","@id":"https:\/\/saxbystone.com\/lv\/#organization","name":"Saxby Stone","url":"https:\/\/saxbystone.com\/lv\/","logo":{"@type":"ImageObject","inLanguage":"lv-LV","@id":"https:\/\/saxbystone.com\/lv\/#\/schema\/logo\/image\/","url":"https:\/\/saxbystone.com\/wp-content\/uploads\/2024\/09\/cropped-Saxby-Stone-logo-official-1st.png","contentUrl":"https:\/\/saxbystone.com\/wp-content\/uploads\/2024\/09\/cropped-Saxby-Stone-logo-official-1st.png","width":512,"height":512,"caption":"Saxby Stone"},"image":{"@id":"https:\/\/saxbystone.com\/lv\/#\/schema\/logo\/image\/"},"sameAs":["https:\/\/www.instagram.com\/saxbystone\/"]}]}},"_links":{"self":[{"href":"https:\/\/saxbystone.com\/lv\/wp-json\/wp\/v2\/product\/7630","targetHints":{"allow":["GET"]}}],"collection":[{"href":"https:\/\/saxbystone.com\/lv\/wp-json\/wp\/v2\/product"}],"about":[{"href":"https:\/\/saxbystone.com\/lv\/wp-json\/wp\/v2\/types\/product"}],"wp:featuredmedia":[{"embeddable":true,"href":"https:\/\/saxbystone.com\/lv\/wp-json\/wp\/v2\/media\/7651"}],"wp:attachment":[{"href":"https:\/\/saxbystone.com\/lv\/wp-json\/wp\/v2\/media?parent=7630"}],"wp:term":[{"taxonomy":"product_brand","embeddable":true,"href":"https:\/\/saxbystone.com\/lv\/wp-json\/wp\/v2\/product_brand?post=7630"},{"taxonomy":"product_cat","embeddable":true,"href":"https:\/\/saxbystone.com\/lv\/wp-json\/wp\/v2\/product_cat?post=7630"},{"taxonomy":"product_tag","embeddable":true,"href":"https:\/\/saxbystone.com\/lv\/wp-json\/wp\/v2\/product_tag?post=7630"}],"curies":[{"name":"wp","href":"https:\/\/api.w.org\/{rel}","templated":true}]}}