{"id":4084,"date":"2024-10-28T09:44:18","date_gmt":"2024-10-28T07:44:18","guid":{"rendered":"https:\/\/saxbystone.com\/product\/juras-pelekais-kalkakmens\/"},"modified":"2025-11-27T10:49:21","modified_gmt":"2025-11-27T08:49:21","slug":"jura-grey","status":"publish","type":"product","link":"https:\/\/saxbystone.com\/lv\/produkts\/jura-grey\/","title":{"rendered":"Jura Grey ka\u013c\u0137akmens"},"content":{"rendered":"","protected":false},"excerpt":{"rendered":"<p>Jura Grey ka\u013c\u0137akmens ir \u0101rk\u0101rt\u012bgi ciets dolom\u012bta ka\u013c\u0137akmens no kalnu pak\u0101j\u0113m Alpos Dienvidbav\u0101rij\u0101. Pateicoties t\u0101 iztur\u012bbai un stipr\u012bbai, to var izmantot fl\u012bz\u0113m, virtuves virsm\u0101m, logu palodz\u0113m, trep\u0113m, \u0101r\u0113j\u0101m fas\u0101d\u0113m un teras\u0113m. Tas ir \u013coti labi piem\u0113rots zon\u0101m, kur notiek intens\u012bva staig\u0101\u0161ana, piem\u0113ram, restor\u0101nos un tirdzniec\u012bbas centros. Jura Grey ka\u013c\u0137akmens sast\u0101v\u0101 ir \u013coti daudz interesantu miljoniem gadu senu tropisko j\u016bras iem\u012btnieku fos\u012bliju. T\u0101 k\u0101 ir pier\u0101d\u012bta \u0161\u012b ka\u013c\u0137akmens sala iztur\u012bba, to var izmantot \u0101rpus telp\u0101m zieme\u013cu klimat\u0101.<\/p>\n<p>M\u0113s pied\u0101v\u0101jam no \u0161\u012b ka\u013c\u0137akmens izgatavotas fl\u012bzes, virtuves virsmas, logu palodzes, pak\u0101pienus un gr\u012bdl\u012bstes.<\/p>\n<p>Pieejamas ar mat\u0113tu, birst\u0113tu un vecin\u0101tu virsmas apstr\u0101di.<\/p>\n<p><em>Lai redz\u0113tu cenu, izv\u0113lieties fl\u012bzes izm\u0113ru. Bezmaksas pieg\u0101de ir pas\u016bt\u012bjumiem virs 25 m<sup>2<\/sup>.<\/em><\/p>\n","protected":false},"featured_media":4085,"template":"","meta":{"_acf_changed":false},"product_brand":[],"product_cat":[188,187,190,191],"product_tag":[],"class_list":{"0":"post-4084","1":"product","2":"type-product","3":"status-publish","4":"has-post-thumbnail","6":"product_cat-visas-flizes","7":"product_cat-gridas-sienas-flizes","8":"product_cat-darba-virsmas-palodzes","9":"product_cat-fasades-akmens","11":"first","12":"instock","13":"shipping-taxable","14":"purchasable","15":"product-type-variable","16":"add-to-wishlist-after_add_to_cart"},"acf":[],"yoast_head":"<!-- This site is optimized with the Yoast SEO plugin v26.4 - https:\/\/yoast.com\/wordpress\/plugins\/seo\/ -->\n<title>Jura Grey ka\u013c\u0137akmens - Saxby Stone<\/title>\n<meta name=\"robots\" content=\"index, follow, max-snippet:-1, max-image-preview:large, max-video-preview:-1\" \/>\n<link rel=\"canonical\" href=\"https:\/\/saxbystone.com\/lv\/produkts\/jura-grey\/\" \/>\n<meta property=\"og:locale\" content=\"lv_LV\" \/>\n<meta property=\"og:type\" content=\"article\" \/>\n<meta property=\"og:title\" content=\"Jura Grey ka\u013c\u0137akmens - Saxby Stone\" \/>\n<meta property=\"og:description\" content=\"Jura Grey ka\u013c\u0137akmens ir \u0101rk\u0101rt\u012bgi ciets dolom\u012bta ka\u013c\u0137akmens no kalnu pak\u0101j\u0113m Alpos Dienvidbav\u0101rij\u0101. Pateicoties t\u0101 iztur\u012bbai un stipr\u012bbai, to var izmantot fl\u012bz\u0113m, virtuves virsm\u0101m, logu palodz\u0113m, trep\u0113m, \u0101r\u0113j\u0101m fas\u0101d\u0113m un teras\u0113m. Tas ir \u013coti labi piem\u0113rots zon\u0101m, kur notiek intens\u012bva staig\u0101\u0161ana, piem\u0113ram, restor\u0101nos un tirdzniec\u012bbas centros. Jura Grey ka\u013c\u0137akmens sast\u0101v\u0101 ir \u013coti daudz interesantu miljoniem gadu senu tropisko j\u016bras iem\u012btnieku fos\u012bliju. T\u0101 k\u0101 ir pier\u0101d\u012bta \u0161\u012b ka\u013c\u0137akmens sala iztur\u012bba, to var izmantot \u0101rpus telp\u0101m zieme\u013cu klimat\u0101.  M\u0113s pied\u0101v\u0101jam no \u0161\u012b ka\u013c\u0137akmens izgatavotas fl\u012bzes, virtuves virsmas, logu palodzes, pak\u0101pienus un gr\u012bdl\u012bstes.  Pieejamas ar mat\u0113tu, birst\u0113tu un vecin\u0101tu virsmas apstr\u0101di.  Lai redz\u0113tu cenu, izv\u0113lieties fl\u012bzes izm\u0113ru. Bezmaksas pieg\u0101de ir pas\u016bt\u012bjumiem virs 25 m2.\" \/>\n<meta property=\"og:url\" content=\"https:\/\/saxbystone.com\/lv\/produkts\/jura-grey\/\" \/>\n<meta property=\"og:site_name\" content=\"Saxby Stone\" \/>\n<meta property=\"article:modified_time\" content=\"2025-11-27T08:49:21+00:00\" \/>\n<meta property=\"og:image\" content=\"https:\/\/saxbystone.com\/wp-content\/uploads\/2024\/10\/Jura-Grey-Limestone.jpg\" \/>\n\t<meta property=\"og:image:width\" content=\"684\" \/>\n\t<meta property=\"og:image:height\" content=\"454\" \/>\n\t<meta property=\"og:image:type\" content=\"image\/jpeg\" \/>\n<meta name=\"twitter:card\" content=\"summary_large_image\" \/>\n<meta name=\"twitter:label1\" content=\"Est. reading time\" \/>\n\t<meta name=\"twitter:data1\" content=\"1 minute\" \/>\n<script type=\"application\/ld+json\" class=\"yoast-schema-graph\">{\"@context\":\"https:\/\/schema.org\",\"@graph\":[{\"@type\":\"WebPage\",\"@id\":\"https:\/\/saxbystone.com\/lv\/produkts\/jura-grey\/\",\"url\":\"https:\/\/saxbystone.com\/lv\/produkts\/jura-grey\/\",\"name\":\"Jura Grey ka\u013c\u0137akmens - Saxby Stone\",\"isPartOf\":{\"@id\":\"https:\/\/saxbystone.com\/lv\/#website\"},\"primaryImageOfPage\":{\"@id\":\"https:\/\/saxbystone.com\/lv\/produkts\/jura-grey\/#primaryimage\"},\"image\":{\"@id\":\"https:\/\/saxbystone.com\/lv\/produkts\/jura-grey\/#primaryimage\"},\"thumbnailUrl\":\"https:\/\/saxbystone.com\/wp-content\/uploads\/2024\/10\/Jura-Grey-Limestone.jpg\",\"datePublished\":\"2024-10-28T07:44:18+00:00\",\"dateModified\":\"2025-11-27T08:49:21+00:00\",\"breadcrumb\":{\"@id\":\"https:\/\/saxbystone.com\/lv\/produkts\/jura-grey\/#breadcrumb\"},\"inLanguage\":\"lv-LV\",\"potentialAction\":[{\"@type\":\"ReadAction\",\"target\":[\"https:\/\/saxbystone.com\/lv\/produkts\/jura-grey\/\"]}]},{\"@type\":\"ImageObject\",\"inLanguage\":\"lv-LV\",\"@id\":\"https:\/\/saxbystone.com\/lv\/produkts\/jura-grey\/#primaryimage\",\"url\":\"https:\/\/saxbystone.com\/wp-content\/uploads\/2024\/10\/Jura-Grey-Limestone.jpg\",\"contentUrl\":\"https:\/\/saxbystone.com\/wp-content\/uploads\/2024\/10\/Jura-Grey-Limestone.jpg\",\"width\":684,\"height\":454},{\"@type\":\"BreadcrumbList\",\"@id\":\"https:\/\/saxbystone.com\/lv\/produkts\/jura-grey\/#breadcrumb\",\"itemListElement\":[{\"@type\":\"ListItem\",\"position\":1,\"name\":\"Home\",\"item\":\"https:\/\/saxbystone.com\/lv\/\"},{\"@type\":\"ListItem\",\"position\":2,\"name\":\"Akmens fl\u012bzes\",\"item\":\"https:\/\/saxbystone.com\/stone-tiles\/\"},{\"@type\":\"ListItem\",\"position\":3,\"name\":\"Jura Grey ka\u013c\u0137akmens\"}]},{\"@type\":\"WebSite\",\"@id\":\"https:\/\/saxbystone.com\/lv\/#website\",\"url\":\"https:\/\/saxbystone.com\/lv\/\",\"name\":\"Saxby Stone\",\"description\":\"Natural stone tiles\",\"publisher\":{\"@id\":\"https:\/\/saxbystone.com\/lv\/#organization\"},\"potentialAction\":[{\"@type\":\"SearchAction\",\"target\":{\"@type\":\"EntryPoint\",\"urlTemplate\":\"https:\/\/saxbystone.com\/lv\/?s={search_term_string}\"},\"query-input\":{\"@type\":\"PropertyValueSpecification\",\"valueRequired\":true,\"valueName\":\"search_term_string\"}}],\"inLanguage\":\"lv-LV\"},{\"@type\":\"Organization\",\"@id\":\"https:\/\/saxbystone.com\/lv\/#organization\",\"name\":\"Saxby Stone\",\"url\":\"https:\/\/saxbystone.com\/lv\/\",\"logo\":{\"@type\":\"ImageObject\",\"inLanguage\":\"lv-LV\",\"@id\":\"https:\/\/saxbystone.com\/lv\/#\/schema\/logo\/image\/\",\"url\":\"https:\/\/saxbystone.com\/wp-content\/uploads\/2024\/09\/cropped-Saxby-Stone-logo-official-1st.png\",\"contentUrl\":\"https:\/\/saxbystone.com\/wp-content\/uploads\/2024\/09\/cropped-Saxby-Stone-logo-official-1st.png\",\"width\":512,\"height\":512,\"caption\":\"Saxby Stone\"},\"image\":{\"@id\":\"https:\/\/saxbystone.com\/lv\/#\/schema\/logo\/image\/\"},\"sameAs\":[\"https:\/\/www.instagram.com\/saxbystone\/\"]}]}<\/script>\n<!-- \/ Yoast SEO plugin. -->","yoast_head_json":{"title":"Jura Grey ka\u013c\u0137akmens - Saxby Stone","robots":{"index":"index","follow":"follow","max-snippet":"max-snippet:-1","max-image-preview":"max-image-preview:large","max-video-preview":"max-video-preview:-1"},"canonical":"https:\/\/saxbystone.com\/lv\/produkts\/jura-grey\/","og_locale":"lv_LV","og_type":"article","og_title":"Jura Grey ka\u013c\u0137akmens - Saxby Stone","og_description":"Jura Grey ka\u013c\u0137akmens ir \u0101rk\u0101rt\u012bgi ciets dolom\u012bta ka\u013c\u0137akmens no kalnu pak\u0101j\u0113m Alpos Dienvidbav\u0101rij\u0101. Pateicoties t\u0101 iztur\u012bbai un stipr\u012bbai, to var izmantot fl\u012bz\u0113m, virtuves virsm\u0101m, logu palodz\u0113m, trep\u0113m, \u0101r\u0113j\u0101m fas\u0101d\u0113m un teras\u0113m. Tas ir \u013coti labi piem\u0113rots zon\u0101m, kur notiek intens\u012bva staig\u0101\u0161ana, piem\u0113ram, restor\u0101nos un tirdzniec\u012bbas centros. Jura Grey ka\u013c\u0137akmens sast\u0101v\u0101 ir \u013coti daudz interesantu miljoniem gadu senu tropisko j\u016bras iem\u012btnieku fos\u012bliju. T\u0101 k\u0101 ir pier\u0101d\u012bta \u0161\u012b ka\u013c\u0137akmens sala iztur\u012bba, to var izmantot \u0101rpus telp\u0101m zieme\u013cu klimat\u0101.  M\u0113s pied\u0101v\u0101jam no \u0161\u012b ka\u013c\u0137akmens izgatavotas fl\u012bzes, virtuves virsmas, logu palodzes, pak\u0101pienus un gr\u012bdl\u012bstes.  Pieejamas ar mat\u0113tu, birst\u0113tu un vecin\u0101tu virsmas apstr\u0101di.  Lai redz\u0113tu cenu, izv\u0113lieties fl\u012bzes izm\u0113ru. Bezmaksas pieg\u0101de ir pas\u016bt\u012bjumiem virs 25 m2.","og_url":"https:\/\/saxbystone.com\/lv\/produkts\/jura-grey\/","og_site_name":"Saxby Stone","article_modified_time":"2025-11-27T08:49:21+00:00","og_image":[{"width":684,"height":454,"url":"https:\/\/saxbystone.com\/wp-content\/uploads\/2024\/10\/Jura-Grey-Limestone.jpg","type":"image\/jpeg"}],"twitter_card":"summary_large_image","twitter_misc":{"Est. reading time":"1 minute"},"schema":{"@context":"https:\/\/schema.org","@graph":[{"@type":"WebPage","@id":"https:\/\/saxbystone.com\/lv\/produkts\/jura-grey\/","url":"https:\/\/saxbystone.com\/lv\/produkts\/jura-grey\/","name":"Jura Grey ka\u013c\u0137akmens - Saxby Stone","isPartOf":{"@id":"https:\/\/saxbystone.com\/lv\/#website"},"primaryImageOfPage":{"@id":"https:\/\/saxbystone.com\/lv\/produkts\/jura-grey\/#primaryimage"},"image":{"@id":"https:\/\/saxbystone.com\/lv\/produkts\/jura-grey\/#primaryimage"},"thumbnailUrl":"https:\/\/saxbystone.com\/wp-content\/uploads\/2024\/10\/Jura-Grey-Limestone.jpg","datePublished":"2024-10-28T07:44:18+00:00","dateModified":"2025-11-27T08:49:21+00:00","breadcrumb":{"@id":"https:\/\/saxbystone.com\/lv\/produkts\/jura-grey\/#breadcrumb"},"inLanguage":"lv-LV","potentialAction":[{"@type":"ReadAction","target":["https:\/\/saxbystone.com\/lv\/produkts\/jura-grey\/"]}]},{"@type":"ImageObject","inLanguage":"lv-LV","@id":"https:\/\/saxbystone.com\/lv\/produkts\/jura-grey\/#primaryimage","url":"https:\/\/saxbystone.com\/wp-content\/uploads\/2024\/10\/Jura-Grey-Limestone.jpg","contentUrl":"https:\/\/saxbystone.com\/wp-content\/uploads\/2024\/10\/Jura-Grey-Limestone.jpg","width":684,"height":454},{"@type":"BreadcrumbList","@id":"https:\/\/saxbystone.com\/lv\/produkts\/jura-grey\/#breadcrumb","itemListElement":[{"@type":"ListItem","position":1,"name":"Home","item":"https:\/\/saxbystone.com\/lv\/"},{"@type":"ListItem","position":2,"name":"Akmens fl\u012bzes","item":"https:\/\/saxbystone.com\/stone-tiles\/"},{"@type":"ListItem","position":3,"name":"Jura Grey ka\u013c\u0137akmens"}]},{"@type":"WebSite","@id":"https:\/\/saxbystone.com\/lv\/#website","url":"https:\/\/saxbystone.com\/lv\/","name":"Saxby Stone","description":"Natural stone tiles","publisher":{"@id":"https:\/\/saxbystone.com\/lv\/#organization"},"potentialAction":[{"@type":"SearchAction","target":{"@type":"EntryPoint","urlTemplate":"https:\/\/saxbystone.com\/lv\/?s={search_term_string}"},"query-input":{"@type":"PropertyValueSpecification","valueRequired":true,"valueName":"search_term_string"}}],"inLanguage":"lv-LV"},{"@type":"Organization","@id":"https:\/\/saxbystone.com\/lv\/#organization","name":"Saxby Stone","url":"https:\/\/saxbystone.com\/lv\/","logo":{"@type":"ImageObject","inLanguage":"lv-LV","@id":"https:\/\/saxbystone.com\/lv\/#\/schema\/logo\/image\/","url":"https:\/\/saxbystone.com\/wp-content\/uploads\/2024\/09\/cropped-Saxby-Stone-logo-official-1st.png","contentUrl":"https:\/\/saxbystone.com\/wp-content\/uploads\/2024\/09\/cropped-Saxby-Stone-logo-official-1st.png","width":512,"height":512,"caption":"Saxby Stone"},"image":{"@id":"https:\/\/saxbystone.com\/lv\/#\/schema\/logo\/image\/"},"sameAs":["https:\/\/www.instagram.com\/saxbystone\/"]}]}},"_links":{"self":[{"href":"https:\/\/saxbystone.com\/lv\/wp-json\/wp\/v2\/product\/4084","targetHints":{"allow":["GET"]}}],"collection":[{"href":"https:\/\/saxbystone.com\/lv\/wp-json\/wp\/v2\/product"}],"about":[{"href":"https:\/\/saxbystone.com\/lv\/wp-json\/wp\/v2\/types\/product"}],"wp:featuredmedia":[{"embeddable":true,"href":"https:\/\/saxbystone.com\/lv\/wp-json\/wp\/v2\/media\/4085"}],"wp:attachment":[{"href":"https:\/\/saxbystone.com\/lv\/wp-json\/wp\/v2\/media?parent=4084"}],"wp:term":[{"taxonomy":"product_brand","embeddable":true,"href":"https:\/\/saxbystone.com\/lv\/wp-json\/wp\/v2\/product_brand?post=4084"},{"taxonomy":"product_cat","embeddable":true,"href":"https:\/\/saxbystone.com\/lv\/wp-json\/wp\/v2\/product_cat?post=4084"},{"taxonomy":"product_tag","embeddable":true,"href":"https:\/\/saxbystone.com\/lv\/wp-json\/wp\/v2\/product_tag?post=4084"}],"curies":[{"name":"wp","href":"https:\/\/api.w.org\/{rel}","templated":true}]}}