{"id":4077,"date":"2024-10-28T09:35:30","date_gmt":"2024-10-28T07:35:30","guid":{"rendered":"https:\/\/saxbystone.com\/product\/bordo-marmors-muizas-stils\/"},"modified":"2026-02-27T08:39:08","modified_gmt":"2026-02-27T06:39:08","slug":"bordeaux-marmors-muizas-stils","status":"publish","type":"product","link":"https:\/\/saxbystone.com\/lv\/produkts\/bordeaux-marmors-muizas-stils\/","title":{"rendered":"Bordeaux marmors, mui\u017eas stils"},"content":{"rendered":"","protected":false},"excerpt":{"rendered":"<p>M\u016bsu Bordeaux vecin\u0101t\u0101 marmora mui\u017eas stila raksts ir ar pel\u0113ka marmora ielaidumiem visos \u010detros balt\u0101 marmora fl\u012b\u017eu st\u016bros, pie\u0161\u0137irot tam klasisko balt\u0101s un pel\u0113k\u0101s kr\u0101sas kontrastu atbilsto\u0161i stilam, k\u0101ds bija rakstur\u012bgs 19. gadsimta beig\u0101s un 20. gadsimta s\u0101kum\u0101.<\/p>\n<p>Pieejama vecin\u0101ta apdare.<\/p>\n<p><em>Lai redz\u0113tu cenu, izv\u0113lieties fl\u012bzes izm\u0113ru. Bezmaksas pieg\u0101de ir pas\u016bt\u012bjumiem virs 25 m<sup>2<\/sup>.<\/em><\/p>\n","protected":false},"featured_media":4082,"template":"","meta":{"_acf_changed":false},"product_brand":[],"product_cat":[188,187],"product_tag":[],"class_list":{"0":"post-4077","1":"product","2":"type-product","3":"status-publish","4":"has-post-thumbnail","6":"product_cat-visas-flizes","7":"product_cat-gridas-sienas-flizes","9":"first","10":"instock","11":"shipping-taxable","12":"purchasable","13":"product-type-variable","14":"add-to-wishlist-after_add_to_cart"},"acf":[],"yoast_head":"<!-- This site is optimized with the Yoast SEO plugin v26.4 - https:\/\/yoast.com\/wordpress\/plugins\/seo\/ -->\n<title>Bordeaux marmors, mui\u017eas stils - Saxby Stone<\/title>\n<meta name=\"robots\" content=\"index, follow, max-snippet:-1, max-image-preview:large, max-video-preview:-1\" \/>\n<link rel=\"canonical\" href=\"https:\/\/saxbystone.com\/lv\/produkts\/bordeaux-marmors-muizas-stils\/\" \/>\n<meta property=\"og:locale\" content=\"lv_LV\" \/>\n<meta property=\"og:type\" content=\"article\" \/>\n<meta property=\"og:title\" content=\"Bordeaux marmors, mui\u017eas stils - Saxby Stone\" \/>\n<meta property=\"og:description\" content=\"M\u016bsu Bordeaux vecin\u0101t\u0101 marmora mui\u017eas stila raksts ir ar pel\u0113ka marmora ielaidumiem visos \u010detros balt\u0101 marmora fl\u012b\u017eu st\u016bros, pie\u0161\u0137irot tam klasisko balt\u0101s un pel\u0113k\u0101s kr\u0101sas kontrastu atbilsto\u0161i stilam, k\u0101ds bija rakstur\u012bgs 19. gadsimta beig\u0101s un 20. gadsimta s\u0101kum\u0101.  Pieejama vecin\u0101ta apdare.  Lai redz\u0113tu cenu, izv\u0113lieties fl\u012bzes izm\u0113ru. Bezmaksas pieg\u0101de ir pas\u016bt\u012bjumiem virs 25 m2.\" \/>\n<meta property=\"og:url\" content=\"https:\/\/saxbystone.com\/lv\/produkts\/bordeaux-marmors-muizas-stils\/\" \/>\n<meta property=\"og:site_name\" content=\"Saxby Stone\" \/>\n<meta property=\"article:modified_time\" content=\"2026-02-27T06:39:08+00:00\" \/>\n<meta property=\"og:image\" content=\"https:\/\/saxbystone.com\/wp-content\/uploads\/2024\/10\/Bordeaux-Marble-Manor-House-4-e1730978534550.jpg\" \/>\n\t<meta property=\"og:image:width\" content=\"922\" \/>\n\t<meta property=\"og:image:height\" content=\"776\" \/>\n\t<meta property=\"og:image:type\" content=\"image\/jpeg\" \/>\n<meta name=\"twitter:card\" content=\"summary_large_image\" \/>\n<meta name=\"twitter:label1\" content=\"Est. reading time\" \/>\n\t<meta name=\"twitter:data1\" content=\"1 minute\" \/>\n<script type=\"application\/ld+json\" class=\"yoast-schema-graph\">{\"@context\":\"https:\/\/schema.org\",\"@graph\":[{\"@type\":\"WebPage\",\"@id\":\"https:\/\/saxbystone.com\/lv\/produkts\/bordeaux-marmors-muizas-stils\/\",\"url\":\"https:\/\/saxbystone.com\/lv\/produkts\/bordeaux-marmors-muizas-stils\/\",\"name\":\"Bordeaux marmors, mui\u017eas stils - Saxby Stone\",\"isPartOf\":{\"@id\":\"https:\/\/saxbystone.com\/lv\/#website\"},\"primaryImageOfPage\":{\"@id\":\"https:\/\/saxbystone.com\/lv\/produkts\/bordeaux-marmors-muizas-stils\/#primaryimage\"},\"image\":{\"@id\":\"https:\/\/saxbystone.com\/lv\/produkts\/bordeaux-marmors-muizas-stils\/#primaryimage\"},\"thumbnailUrl\":\"https:\/\/saxbystone.com\/wp-content\/uploads\/2024\/10\/Bordeaux-Marble-Manor-House-4-e1730978534550.jpg\",\"datePublished\":\"2024-10-28T07:35:30+00:00\",\"dateModified\":\"2026-02-27T06:39:08+00:00\",\"breadcrumb\":{\"@id\":\"https:\/\/saxbystone.com\/lv\/produkts\/bordeaux-marmors-muizas-stils\/#breadcrumb\"},\"inLanguage\":\"lv-LV\",\"potentialAction\":[{\"@type\":\"ReadAction\",\"target\":[\"https:\/\/saxbystone.com\/lv\/produkts\/bordeaux-marmors-muizas-stils\/\"]}]},{\"@type\":\"ImageObject\",\"inLanguage\":\"lv-LV\",\"@id\":\"https:\/\/saxbystone.com\/lv\/produkts\/bordeaux-marmors-muizas-stils\/#primaryimage\",\"url\":\"https:\/\/saxbystone.com\/wp-content\/uploads\/2024\/10\/Bordeaux-Marble-Manor-House-4-e1730978534550.jpg\",\"contentUrl\":\"https:\/\/saxbystone.com\/wp-content\/uploads\/2024\/10\/Bordeaux-Marble-Manor-House-4-e1730978534550.jpg\",\"width\":922,\"height\":776},{\"@type\":\"BreadcrumbList\",\"@id\":\"https:\/\/saxbystone.com\/lv\/produkts\/bordeaux-marmors-muizas-stils\/#breadcrumb\",\"itemListElement\":[{\"@type\":\"ListItem\",\"position\":1,\"name\":\"Home\",\"item\":\"https:\/\/saxbystone.com\/lv\/\"},{\"@type\":\"ListItem\",\"position\":2,\"name\":\"Akmens fl\u012bzes\",\"item\":\"https:\/\/saxbystone.com\/stone-tiles\/\"},{\"@type\":\"ListItem\",\"position\":3,\"name\":\"Bordeaux marmors, mui\u017eas stils\"}]},{\"@type\":\"WebSite\",\"@id\":\"https:\/\/saxbystone.com\/lv\/#website\",\"url\":\"https:\/\/saxbystone.com\/lv\/\",\"name\":\"Saxby Stone\",\"description\":\"Natural stone tiles\",\"publisher\":{\"@id\":\"https:\/\/saxbystone.com\/lv\/#organization\"},\"potentialAction\":[{\"@type\":\"SearchAction\",\"target\":{\"@type\":\"EntryPoint\",\"urlTemplate\":\"https:\/\/saxbystone.com\/lv\/?s={search_term_string}\"},\"query-input\":{\"@type\":\"PropertyValueSpecification\",\"valueRequired\":true,\"valueName\":\"search_term_string\"}}],\"inLanguage\":\"lv-LV\"},{\"@type\":\"Organization\",\"@id\":\"https:\/\/saxbystone.com\/lv\/#organization\",\"name\":\"Saxby Stone\",\"url\":\"https:\/\/saxbystone.com\/lv\/\",\"logo\":{\"@type\":\"ImageObject\",\"inLanguage\":\"lv-LV\",\"@id\":\"https:\/\/saxbystone.com\/lv\/#\/schema\/logo\/image\/\",\"url\":\"https:\/\/saxbystone.com\/wp-content\/uploads\/2024\/09\/cropped-Saxby-Stone-logo-official-1st.png\",\"contentUrl\":\"https:\/\/saxbystone.com\/wp-content\/uploads\/2024\/09\/cropped-Saxby-Stone-logo-official-1st.png\",\"width\":512,\"height\":512,\"caption\":\"Saxby Stone\"},\"image\":{\"@id\":\"https:\/\/saxbystone.com\/lv\/#\/schema\/logo\/image\/\"},\"sameAs\":[\"https:\/\/www.instagram.com\/saxbystone\/\"]}]}<\/script>\n<!-- \/ Yoast SEO plugin. -->","yoast_head_json":{"title":"Bordeaux marmors, mui\u017eas stils - Saxby Stone","robots":{"index":"index","follow":"follow","max-snippet":"max-snippet:-1","max-image-preview":"max-image-preview:large","max-video-preview":"max-video-preview:-1"},"canonical":"https:\/\/saxbystone.com\/lv\/produkts\/bordeaux-marmors-muizas-stils\/","og_locale":"lv_LV","og_type":"article","og_title":"Bordeaux marmors, mui\u017eas stils - Saxby Stone","og_description":"M\u016bsu Bordeaux vecin\u0101t\u0101 marmora mui\u017eas stila raksts ir ar pel\u0113ka marmora ielaidumiem visos \u010detros balt\u0101 marmora fl\u012b\u017eu st\u016bros, pie\u0161\u0137irot tam klasisko balt\u0101s un pel\u0113k\u0101s kr\u0101sas kontrastu atbilsto\u0161i stilam, k\u0101ds bija rakstur\u012bgs 19. gadsimta beig\u0101s un 20. gadsimta s\u0101kum\u0101.  Pieejama vecin\u0101ta apdare.  Lai redz\u0113tu cenu, izv\u0113lieties fl\u012bzes izm\u0113ru. Bezmaksas pieg\u0101de ir pas\u016bt\u012bjumiem virs 25 m2.","og_url":"https:\/\/saxbystone.com\/lv\/produkts\/bordeaux-marmors-muizas-stils\/","og_site_name":"Saxby Stone","article_modified_time":"2026-02-27T06:39:08+00:00","og_image":[{"width":922,"height":776,"url":"https:\/\/saxbystone.com\/wp-content\/uploads\/2024\/10\/Bordeaux-Marble-Manor-House-4-e1730978534550.jpg","type":"image\/jpeg"}],"twitter_card":"summary_large_image","twitter_misc":{"Est. reading time":"1 minute"},"schema":{"@context":"https:\/\/schema.org","@graph":[{"@type":"WebPage","@id":"https:\/\/saxbystone.com\/lv\/produkts\/bordeaux-marmors-muizas-stils\/","url":"https:\/\/saxbystone.com\/lv\/produkts\/bordeaux-marmors-muizas-stils\/","name":"Bordeaux marmors, mui\u017eas stils - Saxby Stone","isPartOf":{"@id":"https:\/\/saxbystone.com\/lv\/#website"},"primaryImageOfPage":{"@id":"https:\/\/saxbystone.com\/lv\/produkts\/bordeaux-marmors-muizas-stils\/#primaryimage"},"image":{"@id":"https:\/\/saxbystone.com\/lv\/produkts\/bordeaux-marmors-muizas-stils\/#primaryimage"},"thumbnailUrl":"https:\/\/saxbystone.com\/wp-content\/uploads\/2024\/10\/Bordeaux-Marble-Manor-House-4-e1730978534550.jpg","datePublished":"2024-10-28T07:35:30+00:00","dateModified":"2026-02-27T06:39:08+00:00","breadcrumb":{"@id":"https:\/\/saxbystone.com\/lv\/produkts\/bordeaux-marmors-muizas-stils\/#breadcrumb"},"inLanguage":"lv-LV","potentialAction":[{"@type":"ReadAction","target":["https:\/\/saxbystone.com\/lv\/produkts\/bordeaux-marmors-muizas-stils\/"]}]},{"@type":"ImageObject","inLanguage":"lv-LV","@id":"https:\/\/saxbystone.com\/lv\/produkts\/bordeaux-marmors-muizas-stils\/#primaryimage","url":"https:\/\/saxbystone.com\/wp-content\/uploads\/2024\/10\/Bordeaux-Marble-Manor-House-4-e1730978534550.jpg","contentUrl":"https:\/\/saxbystone.com\/wp-content\/uploads\/2024\/10\/Bordeaux-Marble-Manor-House-4-e1730978534550.jpg","width":922,"height":776},{"@type":"BreadcrumbList","@id":"https:\/\/saxbystone.com\/lv\/produkts\/bordeaux-marmors-muizas-stils\/#breadcrumb","itemListElement":[{"@type":"ListItem","position":1,"name":"Home","item":"https:\/\/saxbystone.com\/lv\/"},{"@type":"ListItem","position":2,"name":"Akmens fl\u012bzes","item":"https:\/\/saxbystone.com\/stone-tiles\/"},{"@type":"ListItem","position":3,"name":"Bordeaux marmors, mui\u017eas stils"}]},{"@type":"WebSite","@id":"https:\/\/saxbystone.com\/lv\/#website","url":"https:\/\/saxbystone.com\/lv\/","name":"Saxby Stone","description":"Natural stone tiles","publisher":{"@id":"https:\/\/saxbystone.com\/lv\/#organization"},"potentialAction":[{"@type":"SearchAction","target":{"@type":"EntryPoint","urlTemplate":"https:\/\/saxbystone.com\/lv\/?s={search_term_string}"},"query-input":{"@type":"PropertyValueSpecification","valueRequired":true,"valueName":"search_term_string"}}],"inLanguage":"lv-LV"},{"@type":"Organization","@id":"https:\/\/saxbystone.com\/lv\/#organization","name":"Saxby Stone","url":"https:\/\/saxbystone.com\/lv\/","logo":{"@type":"ImageObject","inLanguage":"lv-LV","@id":"https:\/\/saxbystone.com\/lv\/#\/schema\/logo\/image\/","url":"https:\/\/saxbystone.com\/wp-content\/uploads\/2024\/09\/cropped-Saxby-Stone-logo-official-1st.png","contentUrl":"https:\/\/saxbystone.com\/wp-content\/uploads\/2024\/09\/cropped-Saxby-Stone-logo-official-1st.png","width":512,"height":512,"caption":"Saxby Stone"},"image":{"@id":"https:\/\/saxbystone.com\/lv\/#\/schema\/logo\/image\/"},"sameAs":["https:\/\/www.instagram.com\/saxbystone\/"]}]}},"_links":{"self":[{"href":"https:\/\/saxbystone.com\/lv\/wp-json\/wp\/v2\/product\/4077","targetHints":{"allow":["GET"]}}],"collection":[{"href":"https:\/\/saxbystone.com\/lv\/wp-json\/wp\/v2\/product"}],"about":[{"href":"https:\/\/saxbystone.com\/lv\/wp-json\/wp\/v2\/types\/product"}],"wp:featuredmedia":[{"embeddable":true,"href":"https:\/\/saxbystone.com\/lv\/wp-json\/wp\/v2\/media\/4082"}],"wp:attachment":[{"href":"https:\/\/saxbystone.com\/lv\/wp-json\/wp\/v2\/media?parent=4077"}],"wp:term":[{"taxonomy":"product_brand","embeddable":true,"href":"https:\/\/saxbystone.com\/lv\/wp-json\/wp\/v2\/product_brand?post=4077"},{"taxonomy":"product_cat","embeddable":true,"href":"https:\/\/saxbystone.com\/lv\/wp-json\/wp\/v2\/product_cat?post=4077"},{"taxonomy":"product_tag","embeddable":true,"href":"https:\/\/saxbystone.com\/lv\/wp-json\/wp\/v2\/product_tag?post=4077"}],"curies":[{"name":"wp","href":"https:\/\/api.w.org\/{rel}","templated":true}]}}