{"id":4071,"date":"2024-10-28T09:24:56","date_gmt":"2024-10-28T07:24:56","guid":{"rendered":"https:\/\/saxbystone.com\/product\/bordo-baltais-marmors\/"},"modified":"2026-02-27T08:40:53","modified_gmt":"2026-02-27T06:40:53","slug":"bordeaux-white","status":"publish","type":"product","link":"https:\/\/saxbystone.com\/lv\/produkts\/bordeaux-white\/","title":{"rendered":"Bordeaux White marmors"},"content":{"rendered":"","protected":false},"excerpt":{"rendered":"<p>Bordeaux White marmoram, kas p\u0113c izskata ir p\u0101rsteidzo\u0161i l\u012bdz\u012bgs m\u016bsu Carrara marmora fl\u012bz\u0113m, ar vecin\u0101to virsmu piem\u012bt \u0161\u0137ietami labi lietotas un novalk\u0101tas virsmas izskats.<\/p>\n<p>Pateicoties labi zin\u0101miem klasiskajiem kr\u0101su to\u0146iem, m\u016bsu Bordeaux vecin\u0101t\u0101s fl\u012bzes viegli iederas visos interjera dizaina stilos &#8211; gan modernos, gan tradicion\u0101los.<\/p>\n<p>Ide\u0101li piem\u0113rotas izmanto\u0161anai virtuv\u0113s, vannas istab\u0101s un verand\u0101s.<\/p>\n<p>M\u016bsu Bordeaux White vecin\u0101ta marmora fl\u012bzes var viegli kombin\u0113t ar m\u016bsu Bordo meln\u0101 vecin\u0101t\u0101 marmora fl\u012bz\u0113m, lai izveidotu vienm\u0113r popul\u0101ro \u0161ahveida rakstu ar vec\u0101s pasaules \u0161armu.<\/p>\n<p>Pieejama vecin\u0101ta apdare.<\/p>\n<p><em>Lai redz\u0113tu cenu, izv\u0113lieties fl\u012bzes izm\u0113ru. Bezmaksas pieg\u0101de ir pas\u016bt\u012bjumiem virs 25 m<sup>2<\/sup>.<\/em><\/p>\n","protected":false},"featured_media":4765,"template":"","meta":{"_acf_changed":false},"product_brand":[],"product_cat":[188,187],"product_tag":[],"class_list":{"0":"post-4071","1":"product","2":"type-product","3":"status-publish","4":"has-post-thumbnail","6":"product_cat-visas-flizes","7":"product_cat-gridas-sienas-flizes","9":"first","10":"instock","11":"shipping-taxable","12":"purchasable","13":"product-type-variable","14":"add-to-wishlist-after_add_to_cart"},"acf":[],"yoast_head":"<!-- This site is optimized with the Yoast SEO plugin v26.4 - https:\/\/yoast.com\/wordpress\/plugins\/seo\/ -->\n<title>Bordeaux White marmors - Saxby Stone<\/title>\n<meta name=\"robots\" content=\"index, follow, max-snippet:-1, max-image-preview:large, max-video-preview:-1\" \/>\n<link rel=\"canonical\" href=\"https:\/\/saxbystone.com\/lv\/produkts\/bordeaux-white\/\" \/>\n<meta property=\"og:locale\" content=\"lv_LV\" \/>\n<meta property=\"og:type\" content=\"article\" \/>\n<meta property=\"og:title\" content=\"Bordeaux White marmors - Saxby Stone\" \/>\n<meta property=\"og:description\" content=\"Bordeaux White marmoram, kas p\u0113c izskata ir p\u0101rsteidzo\u0161i l\u012bdz\u012bgs m\u016bsu Carrara marmora fl\u012bz\u0113m, ar vecin\u0101to virsmu piem\u012bt \u0161\u0137ietami labi lietotas un novalk\u0101tas virsmas izskats.  Pateicoties labi zin\u0101miem klasiskajiem kr\u0101su to\u0146iem, m\u016bsu Bordeaux vecin\u0101t\u0101s fl\u012bzes viegli iederas visos interjera dizaina stilos - gan modernos, gan tradicion\u0101los.  Ide\u0101li piem\u0113rotas izmanto\u0161anai virtuv\u0113s, vannas istab\u0101s un verand\u0101s.  M\u016bsu Bordeaux White vecin\u0101ta marmora fl\u012bzes var viegli kombin\u0113t ar m\u016bsu Bordo meln\u0101 vecin\u0101t\u0101 marmora fl\u012bz\u0113m, lai izveidotu vienm\u0113r popul\u0101ro \u0161ahveida rakstu ar vec\u0101s pasaules \u0161armu.  Pieejama vecin\u0101ta apdare.  Lai redz\u0113tu cenu, izv\u0113lieties fl\u012bzes izm\u0113ru. Bezmaksas pieg\u0101de ir pas\u016bt\u012bjumiem virs 25 m2.\" \/>\n<meta property=\"og:url\" content=\"https:\/\/saxbystone.com\/lv\/produkts\/bordeaux-white\/\" \/>\n<meta property=\"og:site_name\" content=\"Saxby Stone\" \/>\n<meta property=\"article:modified_time\" content=\"2026-02-27T06:40:53+00:00\" \/>\n<meta property=\"og:image\" content=\"https:\/\/saxbystone.com\/wp-content\/uploads\/2024\/10\/Bordeaux-White-Marble-tumbled-1.jpg\" \/>\n\t<meta property=\"og:image:width\" content=\"770\" \/>\n\t<meta property=\"og:image:height\" content=\"720\" \/>\n\t<meta property=\"og:image:type\" content=\"image\/jpeg\" \/>\n<meta name=\"twitter:card\" content=\"summary_large_image\" \/>\n<meta name=\"twitter:label1\" content=\"Est. reading time\" \/>\n\t<meta name=\"twitter:data1\" content=\"1 minute\" \/>\n<script type=\"application\/ld+json\" class=\"yoast-schema-graph\">{\"@context\":\"https:\/\/schema.org\",\"@graph\":[{\"@type\":\"WebPage\",\"@id\":\"https:\/\/saxbystone.com\/lv\/produkts\/bordeaux-white\/\",\"url\":\"https:\/\/saxbystone.com\/lv\/produkts\/bordeaux-white\/\",\"name\":\"Bordeaux White marmors - Saxby Stone\",\"isPartOf\":{\"@id\":\"https:\/\/saxbystone.com\/lv\/#website\"},\"primaryImageOfPage\":{\"@id\":\"https:\/\/saxbystone.com\/lv\/produkts\/bordeaux-white\/#primaryimage\"},\"image\":{\"@id\":\"https:\/\/saxbystone.com\/lv\/produkts\/bordeaux-white\/#primaryimage\"},\"thumbnailUrl\":\"https:\/\/saxbystone.com\/wp-content\/uploads\/2024\/10\/Bordeaux-White-Marble-tumbled-1.jpg\",\"datePublished\":\"2024-10-28T07:24:56+00:00\",\"dateModified\":\"2026-02-27T06:40:53+00:00\",\"breadcrumb\":{\"@id\":\"https:\/\/saxbystone.com\/lv\/produkts\/bordeaux-white\/#breadcrumb\"},\"inLanguage\":\"lv-LV\",\"potentialAction\":[{\"@type\":\"ReadAction\",\"target\":[\"https:\/\/saxbystone.com\/lv\/produkts\/bordeaux-white\/\"]}]},{\"@type\":\"ImageObject\",\"inLanguage\":\"lv-LV\",\"@id\":\"https:\/\/saxbystone.com\/lv\/produkts\/bordeaux-white\/#primaryimage\",\"url\":\"https:\/\/saxbystone.com\/wp-content\/uploads\/2024\/10\/Bordeaux-White-Marble-tumbled-1.jpg\",\"contentUrl\":\"https:\/\/saxbystone.com\/wp-content\/uploads\/2024\/10\/Bordeaux-White-Marble-tumbled-1.jpg\",\"width\":770,\"height\":720},{\"@type\":\"BreadcrumbList\",\"@id\":\"https:\/\/saxbystone.com\/lv\/produkts\/bordeaux-white\/#breadcrumb\",\"itemListElement\":[{\"@type\":\"ListItem\",\"position\":1,\"name\":\"Home\",\"item\":\"https:\/\/saxbystone.com\/lv\/\"},{\"@type\":\"ListItem\",\"position\":2,\"name\":\"Akmens fl\u012bzes\",\"item\":\"https:\/\/saxbystone.com\/stone-tiles\/\"},{\"@type\":\"ListItem\",\"position\":3,\"name\":\"Bordeaux White marmors\"}]},{\"@type\":\"WebSite\",\"@id\":\"https:\/\/saxbystone.com\/lv\/#website\",\"url\":\"https:\/\/saxbystone.com\/lv\/\",\"name\":\"Saxby Stone\",\"description\":\"Natural stone tiles\",\"publisher\":{\"@id\":\"https:\/\/saxbystone.com\/lv\/#organization\"},\"potentialAction\":[{\"@type\":\"SearchAction\",\"target\":{\"@type\":\"EntryPoint\",\"urlTemplate\":\"https:\/\/saxbystone.com\/lv\/?s={search_term_string}\"},\"query-input\":{\"@type\":\"PropertyValueSpecification\",\"valueRequired\":true,\"valueName\":\"search_term_string\"}}],\"inLanguage\":\"lv-LV\"},{\"@type\":\"Organization\",\"@id\":\"https:\/\/saxbystone.com\/lv\/#organization\",\"name\":\"Saxby Stone\",\"url\":\"https:\/\/saxbystone.com\/lv\/\",\"logo\":{\"@type\":\"ImageObject\",\"inLanguage\":\"lv-LV\",\"@id\":\"https:\/\/saxbystone.com\/lv\/#\/schema\/logo\/image\/\",\"url\":\"https:\/\/saxbystone.com\/wp-content\/uploads\/2024\/09\/cropped-Saxby-Stone-logo-official-1st.png\",\"contentUrl\":\"https:\/\/saxbystone.com\/wp-content\/uploads\/2024\/09\/cropped-Saxby-Stone-logo-official-1st.png\",\"width\":512,\"height\":512,\"caption\":\"Saxby Stone\"},\"image\":{\"@id\":\"https:\/\/saxbystone.com\/lv\/#\/schema\/logo\/image\/\"},\"sameAs\":[\"https:\/\/www.instagram.com\/saxbystone\/\"]}]}<\/script>\n<!-- \/ Yoast SEO plugin. -->","yoast_head_json":{"title":"Bordeaux White marmors - Saxby Stone","robots":{"index":"index","follow":"follow","max-snippet":"max-snippet:-1","max-image-preview":"max-image-preview:large","max-video-preview":"max-video-preview:-1"},"canonical":"https:\/\/saxbystone.com\/lv\/produkts\/bordeaux-white\/","og_locale":"lv_LV","og_type":"article","og_title":"Bordeaux White marmors - Saxby Stone","og_description":"Bordeaux White marmoram, kas p\u0113c izskata ir p\u0101rsteidzo\u0161i l\u012bdz\u012bgs m\u016bsu Carrara marmora fl\u012bz\u0113m, ar vecin\u0101to virsmu piem\u012bt \u0161\u0137ietami labi lietotas un novalk\u0101tas virsmas izskats.  Pateicoties labi zin\u0101miem klasiskajiem kr\u0101su to\u0146iem, m\u016bsu Bordeaux vecin\u0101t\u0101s fl\u012bzes viegli iederas visos interjera dizaina stilos - gan modernos, gan tradicion\u0101los.  Ide\u0101li piem\u0113rotas izmanto\u0161anai virtuv\u0113s, vannas istab\u0101s un verand\u0101s.  M\u016bsu Bordeaux White vecin\u0101ta marmora fl\u012bzes var viegli kombin\u0113t ar m\u016bsu Bordo meln\u0101 vecin\u0101t\u0101 marmora fl\u012bz\u0113m, lai izveidotu vienm\u0113r popul\u0101ro \u0161ahveida rakstu ar vec\u0101s pasaules \u0161armu.  Pieejama vecin\u0101ta apdare.  Lai redz\u0113tu cenu, izv\u0113lieties fl\u012bzes izm\u0113ru. Bezmaksas pieg\u0101de ir pas\u016bt\u012bjumiem virs 25 m2.","og_url":"https:\/\/saxbystone.com\/lv\/produkts\/bordeaux-white\/","og_site_name":"Saxby Stone","article_modified_time":"2026-02-27T06:40:53+00:00","og_image":[{"width":770,"height":720,"url":"https:\/\/saxbystone.com\/wp-content\/uploads\/2024\/10\/Bordeaux-White-Marble-tumbled-1.jpg","type":"image\/jpeg"}],"twitter_card":"summary_large_image","twitter_misc":{"Est. reading time":"1 minute"},"schema":{"@context":"https:\/\/schema.org","@graph":[{"@type":"WebPage","@id":"https:\/\/saxbystone.com\/lv\/produkts\/bordeaux-white\/","url":"https:\/\/saxbystone.com\/lv\/produkts\/bordeaux-white\/","name":"Bordeaux White marmors - Saxby Stone","isPartOf":{"@id":"https:\/\/saxbystone.com\/lv\/#website"},"primaryImageOfPage":{"@id":"https:\/\/saxbystone.com\/lv\/produkts\/bordeaux-white\/#primaryimage"},"image":{"@id":"https:\/\/saxbystone.com\/lv\/produkts\/bordeaux-white\/#primaryimage"},"thumbnailUrl":"https:\/\/saxbystone.com\/wp-content\/uploads\/2024\/10\/Bordeaux-White-Marble-tumbled-1.jpg","datePublished":"2024-10-28T07:24:56+00:00","dateModified":"2026-02-27T06:40:53+00:00","breadcrumb":{"@id":"https:\/\/saxbystone.com\/lv\/produkts\/bordeaux-white\/#breadcrumb"},"inLanguage":"lv-LV","potentialAction":[{"@type":"ReadAction","target":["https:\/\/saxbystone.com\/lv\/produkts\/bordeaux-white\/"]}]},{"@type":"ImageObject","inLanguage":"lv-LV","@id":"https:\/\/saxbystone.com\/lv\/produkts\/bordeaux-white\/#primaryimage","url":"https:\/\/saxbystone.com\/wp-content\/uploads\/2024\/10\/Bordeaux-White-Marble-tumbled-1.jpg","contentUrl":"https:\/\/saxbystone.com\/wp-content\/uploads\/2024\/10\/Bordeaux-White-Marble-tumbled-1.jpg","width":770,"height":720},{"@type":"BreadcrumbList","@id":"https:\/\/saxbystone.com\/lv\/produkts\/bordeaux-white\/#breadcrumb","itemListElement":[{"@type":"ListItem","position":1,"name":"Home","item":"https:\/\/saxbystone.com\/lv\/"},{"@type":"ListItem","position":2,"name":"Akmens fl\u012bzes","item":"https:\/\/saxbystone.com\/stone-tiles\/"},{"@type":"ListItem","position":3,"name":"Bordeaux White marmors"}]},{"@type":"WebSite","@id":"https:\/\/saxbystone.com\/lv\/#website","url":"https:\/\/saxbystone.com\/lv\/","name":"Saxby Stone","description":"Natural stone tiles","publisher":{"@id":"https:\/\/saxbystone.com\/lv\/#organization"},"potentialAction":[{"@type":"SearchAction","target":{"@type":"EntryPoint","urlTemplate":"https:\/\/saxbystone.com\/lv\/?s={search_term_string}"},"query-input":{"@type":"PropertyValueSpecification","valueRequired":true,"valueName":"search_term_string"}}],"inLanguage":"lv-LV"},{"@type":"Organization","@id":"https:\/\/saxbystone.com\/lv\/#organization","name":"Saxby Stone","url":"https:\/\/saxbystone.com\/lv\/","logo":{"@type":"ImageObject","inLanguage":"lv-LV","@id":"https:\/\/saxbystone.com\/lv\/#\/schema\/logo\/image\/","url":"https:\/\/saxbystone.com\/wp-content\/uploads\/2024\/09\/cropped-Saxby-Stone-logo-official-1st.png","contentUrl":"https:\/\/saxbystone.com\/wp-content\/uploads\/2024\/09\/cropped-Saxby-Stone-logo-official-1st.png","width":512,"height":512,"caption":"Saxby Stone"},"image":{"@id":"https:\/\/saxbystone.com\/lv\/#\/schema\/logo\/image\/"},"sameAs":["https:\/\/www.instagram.com\/saxbystone\/"]}]}},"_links":{"self":[{"href":"https:\/\/saxbystone.com\/lv\/wp-json\/wp\/v2\/product\/4071","targetHints":{"allow":["GET"]}}],"collection":[{"href":"https:\/\/saxbystone.com\/lv\/wp-json\/wp\/v2\/product"}],"about":[{"href":"https:\/\/saxbystone.com\/lv\/wp-json\/wp\/v2\/types\/product"}],"wp:featuredmedia":[{"embeddable":true,"href":"https:\/\/saxbystone.com\/lv\/wp-json\/wp\/v2\/media\/4765"}],"wp:attachment":[{"href":"https:\/\/saxbystone.com\/lv\/wp-json\/wp\/v2\/media?parent=4071"}],"wp:term":[{"taxonomy":"product_brand","embeddable":true,"href":"https:\/\/saxbystone.com\/lv\/wp-json\/wp\/v2\/product_brand?post=4071"},{"taxonomy":"product_cat","embeddable":true,"href":"https:\/\/saxbystone.com\/lv\/wp-json\/wp\/v2\/product_cat?post=4071"},{"taxonomy":"product_tag","embeddable":true,"href":"https:\/\/saxbystone.com\/lv\/wp-json\/wp\/v2\/product_tag?post=4071"}],"curies":[{"name":"wp","href":"https:\/\/api.w.org\/{rel}","templated":true}]}}