{"id":4065,"date":"2024-10-28T09:16:51","date_gmt":"2024-10-28T07:16:51","guid":{"rendered":"https:\/\/saxbystone.com\/product\/bordo-marmors-sahveida-raksts\/"},"modified":"2026-02-26T11:44:38","modified_gmt":"2026-02-26T09:44:38","slug":"bordeaux-marmors-sahveida-raksts","status":"publish","type":"product","link":"https:\/\/saxbystone.com\/lv\/produkts\/bordeaux-marmors-sahveida-raksts\/","title":{"rendered":"Bordeaux marmors, \u0161ahveida raksts"},"content":{"rendered":"","protected":false},"excerpt":{"rendered":"<p>\u0160ahveida kvadr\u0101ti\u0146u raksts pirmoreiz k\u013cuva popul\u0101rs 20. gadsimta 20. gados, un p\u0113d\u0113jo gadu laik\u0101 fl\u012bzes ar \u0161o rakstu ir piedz\u012bvoju\u0161as renesansi un atkal ieguvu\u0161as popularit\u0101ti izmanto\u0161anai koridoros, virtuv\u0113s un vannas istab\u0101s.<\/p>\n<p>M\u016bsu Bordeaux vecin\u0101t\u0101s meln\u0101 un balt\u0101 marmora fl\u012bzes ir viegli bez sare\u017e\u0123\u012bjumiem kombin\u0113t, lai atveidotu pirms simts gadiem past\u0101v\u0113ju\u0161o stilu.<\/p>\n<p>Vienl\u012bdz labi piem\u0113rotas gan dz\u012bvoklim Sotkholm\u0101, gan jaunuzceltai villai, m\u016bsu Bordeaux vecin\u0101t\u0101s fl\u012bzes pied\u0101v\u0101 nenov\u0113rt\u0113ta luksusa iesp\u0113jas.<\/p>\n<p>Pieejama vecin\u0101ta apdare.<\/p>\n<p><em>Lai redz\u0113tu cenu, izv\u0113lieties fl\u012bzes izm\u0113ru. Bezmaksas pieg\u0101de ir pas\u016bt\u012bjumiem virs 25 m<sup>2<\/sup>.<\/em><\/p>\n","protected":false},"featured_media":4069,"template":"","meta":{"_acf_changed":false},"product_brand":[],"product_cat":[188,187],"product_tag":[],"class_list":{"0":"post-4065","1":"product","2":"type-product","3":"status-publish","4":"has-post-thumbnail","6":"product_cat-visas-flizes","7":"product_cat-gridas-sienas-flizes","9":"first","10":"instock","11":"shipping-taxable","12":"purchasable","13":"product-type-variable","14":"add-to-wishlist-after_add_to_cart"},"acf":[],"yoast_head":"<!-- This site is optimized with the Yoast SEO plugin v26.4 - https:\/\/yoast.com\/wordpress\/plugins\/seo\/ -->\n<title>Bordeaux marmors, \u0161ahveida raksts - Saxby Stone<\/title>\n<meta name=\"robots\" content=\"index, follow, max-snippet:-1, max-image-preview:large, max-video-preview:-1\" \/>\n<link rel=\"canonical\" href=\"https:\/\/saxbystone.com\/lv\/produkts\/bordeaux-marmors-sahveida-raksts\/\" \/>\n<meta property=\"og:locale\" content=\"lv_LV\" \/>\n<meta property=\"og:type\" content=\"article\" \/>\n<meta property=\"og:title\" content=\"Bordeaux marmors, \u0161ahveida raksts - Saxby Stone\" \/>\n<meta property=\"og:description\" content=\"\u0160ahveida kvadr\u0101ti\u0146u raksts pirmoreiz k\u013cuva popul\u0101rs 20. gadsimta 20. gados, un p\u0113d\u0113jo gadu laik\u0101 fl\u012bzes ar \u0161o rakstu ir piedz\u012bvoju\u0161as renesansi un atkal ieguvu\u0161as popularit\u0101ti izmanto\u0161anai koridoros, virtuv\u0113s un vannas istab\u0101s.  M\u016bsu Bordeaux vecin\u0101t\u0101s meln\u0101 un balt\u0101 marmora fl\u012bzes ir viegli bez sare\u017e\u0123\u012bjumiem kombin\u0113t, lai atveidotu pirms simts gadiem past\u0101v\u0113ju\u0161o stilu.  Vienl\u012bdz labi piem\u0113rotas gan dz\u012bvoklim Sotkholm\u0101, gan jaunuzceltai villai, m\u016bsu Bordeaux vecin\u0101t\u0101s fl\u012bzes pied\u0101v\u0101 nenov\u0113rt\u0113ta luksusa iesp\u0113jas.  Pieejama vecin\u0101ta apdare.  Lai redz\u0113tu cenu, izv\u0113lieties fl\u012bzes izm\u0113ru. Bezmaksas pieg\u0101de ir pas\u016bt\u012bjumiem virs 25 m2.\" \/>\n<meta property=\"og:url\" content=\"https:\/\/saxbystone.com\/lv\/produkts\/bordeaux-marmors-sahveida-raksts\/\" \/>\n<meta property=\"og:site_name\" content=\"Saxby Stone\" \/>\n<meta property=\"article:modified_time\" content=\"2026-02-26T09:44:38+00:00\" \/>\n<meta property=\"og:image\" content=\"https:\/\/saxbystone.com\/wp-content\/uploads\/2024\/09\/EN-SUITE-EATON-FARM-19.jpg\" \/>\n\t<meta property=\"og:image:width\" content=\"960\" \/>\n\t<meta property=\"og:image:height\" content=\"669\" \/>\n\t<meta property=\"og:image:type\" content=\"image\/jpeg\" \/>\n<meta name=\"twitter:card\" content=\"summary_large_image\" \/>\n<meta name=\"twitter:label1\" content=\"Est. reading time\" \/>\n\t<meta name=\"twitter:data1\" content=\"1 minute\" \/>\n<script type=\"application\/ld+json\" class=\"yoast-schema-graph\">{\"@context\":\"https:\/\/schema.org\",\"@graph\":[{\"@type\":\"WebPage\",\"@id\":\"https:\/\/saxbystone.com\/lv\/produkts\/bordeaux-marmors-sahveida-raksts\/\",\"url\":\"https:\/\/saxbystone.com\/lv\/produkts\/bordeaux-marmors-sahveida-raksts\/\",\"name\":\"Bordeaux marmors, \u0161ahveida raksts - Saxby Stone\",\"isPartOf\":{\"@id\":\"https:\/\/saxbystone.com\/lv\/#website\"},\"primaryImageOfPage\":{\"@id\":\"https:\/\/saxbystone.com\/lv\/produkts\/bordeaux-marmors-sahveida-raksts\/#primaryimage\"},\"image\":{\"@id\":\"https:\/\/saxbystone.com\/lv\/produkts\/bordeaux-marmors-sahveida-raksts\/#primaryimage\"},\"thumbnailUrl\":\"https:\/\/saxbystone.com\/wp-content\/uploads\/2024\/09\/EN-SUITE-EATON-FARM-19.jpg\",\"datePublished\":\"2024-10-28T07:16:51+00:00\",\"dateModified\":\"2026-02-26T09:44:38+00:00\",\"breadcrumb\":{\"@id\":\"https:\/\/saxbystone.com\/lv\/produkts\/bordeaux-marmors-sahveida-raksts\/#breadcrumb\"},\"inLanguage\":\"lv-LV\",\"potentialAction\":[{\"@type\":\"ReadAction\",\"target\":[\"https:\/\/saxbystone.com\/lv\/produkts\/bordeaux-marmors-sahveida-raksts\/\"]}]},{\"@type\":\"ImageObject\",\"inLanguage\":\"lv-LV\",\"@id\":\"https:\/\/saxbystone.com\/lv\/produkts\/bordeaux-marmors-sahveida-raksts\/#primaryimage\",\"url\":\"https:\/\/saxbystone.com\/wp-content\/uploads\/2024\/09\/EN-SUITE-EATON-FARM-19.jpg\",\"contentUrl\":\"https:\/\/saxbystone.com\/wp-content\/uploads\/2024\/09\/EN-SUITE-EATON-FARM-19.jpg\",\"width\":960,\"height\":669},{\"@type\":\"BreadcrumbList\",\"@id\":\"https:\/\/saxbystone.com\/lv\/produkts\/bordeaux-marmors-sahveida-raksts\/#breadcrumb\",\"itemListElement\":[{\"@type\":\"ListItem\",\"position\":1,\"name\":\"Home\",\"item\":\"https:\/\/saxbystone.com\/lv\/\"},{\"@type\":\"ListItem\",\"position\":2,\"name\":\"Akmens fl\u012bzes\",\"item\":\"https:\/\/saxbystone.com\/stone-tiles\/\"},{\"@type\":\"ListItem\",\"position\":3,\"name\":\"Bordeaux marmors, \u0161ahveida raksts\"}]},{\"@type\":\"WebSite\",\"@id\":\"https:\/\/saxbystone.com\/lv\/#website\",\"url\":\"https:\/\/saxbystone.com\/lv\/\",\"name\":\"Saxby Stone\",\"description\":\"Natural stone tiles\",\"publisher\":{\"@id\":\"https:\/\/saxbystone.com\/lv\/#organization\"},\"potentialAction\":[{\"@type\":\"SearchAction\",\"target\":{\"@type\":\"EntryPoint\",\"urlTemplate\":\"https:\/\/saxbystone.com\/lv\/?s={search_term_string}\"},\"query-input\":{\"@type\":\"PropertyValueSpecification\",\"valueRequired\":true,\"valueName\":\"search_term_string\"}}],\"inLanguage\":\"lv-LV\"},{\"@type\":\"Organization\",\"@id\":\"https:\/\/saxbystone.com\/lv\/#organization\",\"name\":\"Saxby Stone\",\"url\":\"https:\/\/saxbystone.com\/lv\/\",\"logo\":{\"@type\":\"ImageObject\",\"inLanguage\":\"lv-LV\",\"@id\":\"https:\/\/saxbystone.com\/lv\/#\/schema\/logo\/image\/\",\"url\":\"https:\/\/saxbystone.com\/wp-content\/uploads\/2024\/09\/cropped-Saxby-Stone-logo-official-1st.png\",\"contentUrl\":\"https:\/\/saxbystone.com\/wp-content\/uploads\/2024\/09\/cropped-Saxby-Stone-logo-official-1st.png\",\"width\":512,\"height\":512,\"caption\":\"Saxby Stone\"},\"image\":{\"@id\":\"https:\/\/saxbystone.com\/lv\/#\/schema\/logo\/image\/\"},\"sameAs\":[\"https:\/\/www.instagram.com\/saxbystone\/\"]}]}<\/script>\n<!-- \/ Yoast SEO plugin. -->","yoast_head_json":{"title":"Bordeaux marmors, \u0161ahveida raksts - Saxby Stone","robots":{"index":"index","follow":"follow","max-snippet":"max-snippet:-1","max-image-preview":"max-image-preview:large","max-video-preview":"max-video-preview:-1"},"canonical":"https:\/\/saxbystone.com\/lv\/produkts\/bordeaux-marmors-sahveida-raksts\/","og_locale":"lv_LV","og_type":"article","og_title":"Bordeaux marmors, \u0161ahveida raksts - Saxby Stone","og_description":"\u0160ahveida kvadr\u0101ti\u0146u raksts pirmoreiz k\u013cuva popul\u0101rs 20. gadsimta 20. gados, un p\u0113d\u0113jo gadu laik\u0101 fl\u012bzes ar \u0161o rakstu ir piedz\u012bvoju\u0161as renesansi un atkal ieguvu\u0161as popularit\u0101ti izmanto\u0161anai koridoros, virtuv\u0113s un vannas istab\u0101s.  M\u016bsu Bordeaux vecin\u0101t\u0101s meln\u0101 un balt\u0101 marmora fl\u012bzes ir viegli bez sare\u017e\u0123\u012bjumiem kombin\u0113t, lai atveidotu pirms simts gadiem past\u0101v\u0113ju\u0161o stilu.  Vienl\u012bdz labi piem\u0113rotas gan dz\u012bvoklim Sotkholm\u0101, gan jaunuzceltai villai, m\u016bsu Bordeaux vecin\u0101t\u0101s fl\u012bzes pied\u0101v\u0101 nenov\u0113rt\u0113ta luksusa iesp\u0113jas.  Pieejama vecin\u0101ta apdare.  Lai redz\u0113tu cenu, izv\u0113lieties fl\u012bzes izm\u0113ru. Bezmaksas pieg\u0101de ir pas\u016bt\u012bjumiem virs 25 m2.","og_url":"https:\/\/saxbystone.com\/lv\/produkts\/bordeaux-marmors-sahveida-raksts\/","og_site_name":"Saxby Stone","article_modified_time":"2026-02-26T09:44:38+00:00","og_image":[{"width":960,"height":669,"url":"https:\/\/saxbystone.com\/wp-content\/uploads\/2024\/09\/EN-SUITE-EATON-FARM-19.jpg","type":"image\/jpeg"}],"twitter_card":"summary_large_image","twitter_misc":{"Est. reading time":"1 minute"},"schema":{"@context":"https:\/\/schema.org","@graph":[{"@type":"WebPage","@id":"https:\/\/saxbystone.com\/lv\/produkts\/bordeaux-marmors-sahveida-raksts\/","url":"https:\/\/saxbystone.com\/lv\/produkts\/bordeaux-marmors-sahveida-raksts\/","name":"Bordeaux marmors, \u0161ahveida raksts - Saxby Stone","isPartOf":{"@id":"https:\/\/saxbystone.com\/lv\/#website"},"primaryImageOfPage":{"@id":"https:\/\/saxbystone.com\/lv\/produkts\/bordeaux-marmors-sahveida-raksts\/#primaryimage"},"image":{"@id":"https:\/\/saxbystone.com\/lv\/produkts\/bordeaux-marmors-sahveida-raksts\/#primaryimage"},"thumbnailUrl":"https:\/\/saxbystone.com\/wp-content\/uploads\/2024\/09\/EN-SUITE-EATON-FARM-19.jpg","datePublished":"2024-10-28T07:16:51+00:00","dateModified":"2026-02-26T09:44:38+00:00","breadcrumb":{"@id":"https:\/\/saxbystone.com\/lv\/produkts\/bordeaux-marmors-sahveida-raksts\/#breadcrumb"},"inLanguage":"lv-LV","potentialAction":[{"@type":"ReadAction","target":["https:\/\/saxbystone.com\/lv\/produkts\/bordeaux-marmors-sahveida-raksts\/"]}]},{"@type":"ImageObject","inLanguage":"lv-LV","@id":"https:\/\/saxbystone.com\/lv\/produkts\/bordeaux-marmors-sahveida-raksts\/#primaryimage","url":"https:\/\/saxbystone.com\/wp-content\/uploads\/2024\/09\/EN-SUITE-EATON-FARM-19.jpg","contentUrl":"https:\/\/saxbystone.com\/wp-content\/uploads\/2024\/09\/EN-SUITE-EATON-FARM-19.jpg","width":960,"height":669},{"@type":"BreadcrumbList","@id":"https:\/\/saxbystone.com\/lv\/produkts\/bordeaux-marmors-sahveida-raksts\/#breadcrumb","itemListElement":[{"@type":"ListItem","position":1,"name":"Home","item":"https:\/\/saxbystone.com\/lv\/"},{"@type":"ListItem","position":2,"name":"Akmens fl\u012bzes","item":"https:\/\/saxbystone.com\/stone-tiles\/"},{"@type":"ListItem","position":3,"name":"Bordeaux marmors, \u0161ahveida raksts"}]},{"@type":"WebSite","@id":"https:\/\/saxbystone.com\/lv\/#website","url":"https:\/\/saxbystone.com\/lv\/","name":"Saxby Stone","description":"Natural stone tiles","publisher":{"@id":"https:\/\/saxbystone.com\/lv\/#organization"},"potentialAction":[{"@type":"SearchAction","target":{"@type":"EntryPoint","urlTemplate":"https:\/\/saxbystone.com\/lv\/?s={search_term_string}"},"query-input":{"@type":"PropertyValueSpecification","valueRequired":true,"valueName":"search_term_string"}}],"inLanguage":"lv-LV"},{"@type":"Organization","@id":"https:\/\/saxbystone.com\/lv\/#organization","name":"Saxby Stone","url":"https:\/\/saxbystone.com\/lv\/","logo":{"@type":"ImageObject","inLanguage":"lv-LV","@id":"https:\/\/saxbystone.com\/lv\/#\/schema\/logo\/image\/","url":"https:\/\/saxbystone.com\/wp-content\/uploads\/2024\/09\/cropped-Saxby-Stone-logo-official-1st.png","contentUrl":"https:\/\/saxbystone.com\/wp-content\/uploads\/2024\/09\/cropped-Saxby-Stone-logo-official-1st.png","width":512,"height":512,"caption":"Saxby Stone"},"image":{"@id":"https:\/\/saxbystone.com\/lv\/#\/schema\/logo\/image\/"},"sameAs":["https:\/\/www.instagram.com\/saxbystone\/"]}]}},"_links":{"self":[{"href":"https:\/\/saxbystone.com\/lv\/wp-json\/wp\/v2\/product\/4065","targetHints":{"allow":["GET"]}}],"collection":[{"href":"https:\/\/saxbystone.com\/lv\/wp-json\/wp\/v2\/product"}],"about":[{"href":"https:\/\/saxbystone.com\/lv\/wp-json\/wp\/v2\/types\/product"}],"wp:featuredmedia":[{"embeddable":true,"href":"https:\/\/saxbystone.com\/lv\/wp-json\/wp\/v2\/media\/4069"}],"wp:attachment":[{"href":"https:\/\/saxbystone.com\/lv\/wp-json\/wp\/v2\/media?parent=4065"}],"wp:term":[{"taxonomy":"product_brand","embeddable":true,"href":"https:\/\/saxbystone.com\/lv\/wp-json\/wp\/v2\/product_brand?post=4065"},{"taxonomy":"product_cat","embeddable":true,"href":"https:\/\/saxbystone.com\/lv\/wp-json\/wp\/v2\/product_cat?post=4065"},{"taxonomy":"product_tag","embeddable":true,"href":"https:\/\/saxbystone.com\/lv\/wp-json\/wp\/v2\/product_tag?post=4065"}],"curies":[{"name":"wp","href":"https:\/\/api.w.org\/{rel}","templated":true}]}}