{"id":4058,"date":"2024-10-25T16:34:50","date_gmt":"2024-10-25T13:34:50","guid":{"rendered":"https:\/\/saxbystone.com\/product\/karraras-marmors-c\/"},"modified":"2025-11-05T09:20:46","modified_gmt":"2025-11-05T07:20:46","slug":"carrara-marmors-c","status":"publish","type":"product","link":"https:\/\/saxbystone.com\/lv\/produkts\/carrara-marmors-c\/","title":{"rendered":"Bianco Carrara marmors C"},"content":{"rendered":"","protected":false},"excerpt":{"rendered":"<p>Bianco Carrara marmors no Apen\u012bnu kalniem It\u0101lij\u0101 ir bijis arhitektu iecien\u012bts materi\u0101ls kop\u0161 Romas laikiem l\u012bdz pat m\u016bsdien\u0101m. T\u0101 labi paz\u012bstamie raksti izstaro luksusu un \u012bpa\u0161o stilu.<\/p>\n<p>M\u0113s pied\u0101v\u0101jam \u012bpa\u0161u Bianco Carrara marmora \u201cC\u201d fl\u012b\u017eu izlasi, kas noz\u012bm\u0113, ka tum\u0161o dz\u012bslu koncentr\u0101cija ir maz\u0101ka nek\u0101 cit\u0101s Bianco Carr\u0101ras marmora kolekcij\u0101s. Bianco Carr\u0101ras marmora \u201cC\u201d izlase ir vair\u0101k saska\u0146ota ar m\u016bsdienu minim\u0101lisma gaumi un nenov\u0113r\u0161 uzman\u012bbu no cit\u0101m m\u0101jas interjera iez\u012bm\u0113m.<\/p>\n<p>M\u016bsu Bianco Carrara marmora fl\u012bzes tiek pieg\u0101d\u0101tas ar mat\u0113tu virsmas apdari.<\/p>\n<p><em>Lai redz\u0113tu cenu, izv\u0113lieties fl\u012bzes izm\u0113ru. Bezmaksas pieg\u0101de ir pas\u016bt\u012bjumiem virs 25 m<sup>2<\/sup>.<\/em><\/p>\n","protected":false},"featured_media":4059,"template":"","meta":{"_acf_changed":false},"product_brand":[],"product_cat":[188,187,190],"product_tag":[],"class_list":{"0":"post-4058","1":"product","2":"type-product","3":"status-publish","4":"has-post-thumbnail","6":"product_cat-visas-flizes","7":"product_cat-gridas-sienas-flizes","8":"product_cat-darba-virsmas-palodzes","10":"first","11":"instock","12":"shipping-taxable","13":"purchasable","14":"product-type-variable","15":"add-to-wishlist-after_add_to_cart"},"acf":[],"yoast_head":"<!-- This site is optimized with the Yoast SEO plugin v26.4 - https:\/\/yoast.com\/wordpress\/plugins\/seo\/ -->\n<title>Bianco Carrara marmors C - Saxby Stone<\/title>\n<meta name=\"robots\" content=\"index, follow, max-snippet:-1, max-image-preview:large, max-video-preview:-1\" \/>\n<link rel=\"canonical\" href=\"https:\/\/saxbystone.com\/lv\/produkts\/carrara-marmors-c\/\" \/>\n<meta property=\"og:locale\" content=\"lv_LV\" \/>\n<meta property=\"og:type\" content=\"article\" \/>\n<meta property=\"og:title\" content=\"Bianco Carrara marmors C - Saxby Stone\" \/>\n<meta property=\"og:description\" content=\"Bianco Carrara marmors no Apen\u012bnu kalniem It\u0101lij\u0101 ir bijis arhitektu iecien\u012bts materi\u0101ls kop\u0161 Romas laikiem l\u012bdz pat m\u016bsdien\u0101m. T\u0101 labi paz\u012bstamie raksti izstaro luksusu un \u012bpa\u0161o stilu.  M\u0113s pied\u0101v\u0101jam \u012bpa\u0161u Bianco Carrara marmora \u201cC\u201d fl\u012b\u017eu izlasi, kas noz\u012bm\u0113, ka tum\u0161o dz\u012bslu koncentr\u0101cija ir maz\u0101ka nek\u0101 cit\u0101s Bianco Carr\u0101ras marmora kolekcij\u0101s. Bianco Carr\u0101ras marmora \u201cC\u201d izlase ir vair\u0101k saska\u0146ota ar m\u016bsdienu minim\u0101lisma gaumi un nenov\u0113r\u0161 uzman\u012bbu no cit\u0101m m\u0101jas interjera iez\u012bm\u0113m.  M\u016bsu Bianco Carrara marmora fl\u012bzes tiek pieg\u0101d\u0101tas ar mat\u0113tu virsmas apdari.  Lai redz\u0113tu cenu, izv\u0113lieties fl\u012bzes izm\u0113ru. Bezmaksas pieg\u0101de ir pas\u016bt\u012bjumiem virs 25 m2.\" \/>\n<meta property=\"og:url\" content=\"https:\/\/saxbystone.com\/lv\/produkts\/carrara-marmors-c\/\" \/>\n<meta property=\"og:site_name\" content=\"Saxby Stone\" \/>\n<meta property=\"article:modified_time\" content=\"2025-11-05T07:20:46+00:00\" \/>\n<meta property=\"og:image\" content=\"https:\/\/saxbystone.com\/wp-content\/uploads\/2024\/10\/Carrara-Marble-C.png\" \/>\n\t<meta property=\"og:image:width\" content=\"733\" \/>\n\t<meta property=\"og:image:height\" content=\"491\" \/>\n\t<meta property=\"og:image:type\" content=\"image\/png\" \/>\n<meta name=\"twitter:card\" content=\"summary_large_image\" \/>\n<meta name=\"twitter:label1\" content=\"Est. reading time\" \/>\n\t<meta name=\"twitter:data1\" content=\"1 minute\" \/>\n<script type=\"application\/ld+json\" class=\"yoast-schema-graph\">{\"@context\":\"https:\/\/schema.org\",\"@graph\":[{\"@type\":\"WebPage\",\"@id\":\"https:\/\/saxbystone.com\/lv\/produkts\/carrara-marmors-c\/\",\"url\":\"https:\/\/saxbystone.com\/lv\/produkts\/carrara-marmors-c\/\",\"name\":\"Bianco Carrara marmors C - Saxby Stone\",\"isPartOf\":{\"@id\":\"https:\/\/saxbystone.com\/lv\/#website\"},\"primaryImageOfPage\":{\"@id\":\"https:\/\/saxbystone.com\/lv\/produkts\/carrara-marmors-c\/#primaryimage\"},\"image\":{\"@id\":\"https:\/\/saxbystone.com\/lv\/produkts\/carrara-marmors-c\/#primaryimage\"},\"thumbnailUrl\":\"https:\/\/saxbystone.com\/wp-content\/uploads\/2024\/10\/Carrara-Marble-C.png\",\"datePublished\":\"2024-10-25T13:34:50+00:00\",\"dateModified\":\"2025-11-05T07:20:46+00:00\",\"breadcrumb\":{\"@id\":\"https:\/\/saxbystone.com\/lv\/produkts\/carrara-marmors-c\/#breadcrumb\"},\"inLanguage\":\"lv-LV\",\"potentialAction\":[{\"@type\":\"ReadAction\",\"target\":[\"https:\/\/saxbystone.com\/lv\/produkts\/carrara-marmors-c\/\"]}]},{\"@type\":\"ImageObject\",\"inLanguage\":\"lv-LV\",\"@id\":\"https:\/\/saxbystone.com\/lv\/produkts\/carrara-marmors-c\/#primaryimage\",\"url\":\"https:\/\/saxbystone.com\/wp-content\/uploads\/2024\/10\/Carrara-Marble-C.png\",\"contentUrl\":\"https:\/\/saxbystone.com\/wp-content\/uploads\/2024\/10\/Carrara-Marble-C.png\",\"width\":733,\"height\":491},{\"@type\":\"BreadcrumbList\",\"@id\":\"https:\/\/saxbystone.com\/lv\/produkts\/carrara-marmors-c\/#breadcrumb\",\"itemListElement\":[{\"@type\":\"ListItem\",\"position\":1,\"name\":\"Home\",\"item\":\"https:\/\/saxbystone.com\/lv\/\"},{\"@type\":\"ListItem\",\"position\":2,\"name\":\"Akmens fl\u012bzes\",\"item\":\"https:\/\/saxbystone.com\/stone-tiles\/\"},{\"@type\":\"ListItem\",\"position\":3,\"name\":\"Bianco Carrara marmors C\"}]},{\"@type\":\"WebSite\",\"@id\":\"https:\/\/saxbystone.com\/lv\/#website\",\"url\":\"https:\/\/saxbystone.com\/lv\/\",\"name\":\"Saxby Stone\",\"description\":\"Natural stone tiles\",\"publisher\":{\"@id\":\"https:\/\/saxbystone.com\/lv\/#organization\"},\"potentialAction\":[{\"@type\":\"SearchAction\",\"target\":{\"@type\":\"EntryPoint\",\"urlTemplate\":\"https:\/\/saxbystone.com\/lv\/?s={search_term_string}\"},\"query-input\":{\"@type\":\"PropertyValueSpecification\",\"valueRequired\":true,\"valueName\":\"search_term_string\"}}],\"inLanguage\":\"lv-LV\"},{\"@type\":\"Organization\",\"@id\":\"https:\/\/saxbystone.com\/lv\/#organization\",\"name\":\"Saxby Stone\",\"url\":\"https:\/\/saxbystone.com\/lv\/\",\"logo\":{\"@type\":\"ImageObject\",\"inLanguage\":\"lv-LV\",\"@id\":\"https:\/\/saxbystone.com\/lv\/#\/schema\/logo\/image\/\",\"url\":\"https:\/\/saxbystone.com\/wp-content\/uploads\/2024\/09\/cropped-Saxby-Stone-logo-official-1st.png\",\"contentUrl\":\"https:\/\/saxbystone.com\/wp-content\/uploads\/2024\/09\/cropped-Saxby-Stone-logo-official-1st.png\",\"width\":512,\"height\":512,\"caption\":\"Saxby Stone\"},\"image\":{\"@id\":\"https:\/\/saxbystone.com\/lv\/#\/schema\/logo\/image\/\"},\"sameAs\":[\"https:\/\/www.instagram.com\/saxbystone\/\"]}]}<\/script>\n<!-- \/ Yoast SEO plugin. -->","yoast_head_json":{"title":"Bianco Carrara marmors C - Saxby Stone","robots":{"index":"index","follow":"follow","max-snippet":"max-snippet:-1","max-image-preview":"max-image-preview:large","max-video-preview":"max-video-preview:-1"},"canonical":"https:\/\/saxbystone.com\/lv\/produkts\/carrara-marmors-c\/","og_locale":"lv_LV","og_type":"article","og_title":"Bianco Carrara marmors C - Saxby Stone","og_description":"Bianco Carrara marmors no Apen\u012bnu kalniem It\u0101lij\u0101 ir bijis arhitektu iecien\u012bts materi\u0101ls kop\u0161 Romas laikiem l\u012bdz pat m\u016bsdien\u0101m. T\u0101 labi paz\u012bstamie raksti izstaro luksusu un \u012bpa\u0161o stilu.  M\u0113s pied\u0101v\u0101jam \u012bpa\u0161u Bianco Carrara marmora \u201cC\u201d fl\u012b\u017eu izlasi, kas noz\u012bm\u0113, ka tum\u0161o dz\u012bslu koncentr\u0101cija ir maz\u0101ka nek\u0101 cit\u0101s Bianco Carr\u0101ras marmora kolekcij\u0101s. Bianco Carr\u0101ras marmora \u201cC\u201d izlase ir vair\u0101k saska\u0146ota ar m\u016bsdienu minim\u0101lisma gaumi un nenov\u0113r\u0161 uzman\u012bbu no cit\u0101m m\u0101jas interjera iez\u012bm\u0113m.  M\u016bsu Bianco Carrara marmora fl\u012bzes tiek pieg\u0101d\u0101tas ar mat\u0113tu virsmas apdari.  Lai redz\u0113tu cenu, izv\u0113lieties fl\u012bzes izm\u0113ru. Bezmaksas pieg\u0101de ir pas\u016bt\u012bjumiem virs 25 m2.","og_url":"https:\/\/saxbystone.com\/lv\/produkts\/carrara-marmors-c\/","og_site_name":"Saxby Stone","article_modified_time":"2025-11-05T07:20:46+00:00","og_image":[{"width":733,"height":491,"url":"https:\/\/saxbystone.com\/wp-content\/uploads\/2024\/10\/Carrara-Marble-C.png","type":"image\/png"}],"twitter_card":"summary_large_image","twitter_misc":{"Est. reading time":"1 minute"},"schema":{"@context":"https:\/\/schema.org","@graph":[{"@type":"WebPage","@id":"https:\/\/saxbystone.com\/lv\/produkts\/carrara-marmors-c\/","url":"https:\/\/saxbystone.com\/lv\/produkts\/carrara-marmors-c\/","name":"Bianco Carrara marmors C - Saxby Stone","isPartOf":{"@id":"https:\/\/saxbystone.com\/lv\/#website"},"primaryImageOfPage":{"@id":"https:\/\/saxbystone.com\/lv\/produkts\/carrara-marmors-c\/#primaryimage"},"image":{"@id":"https:\/\/saxbystone.com\/lv\/produkts\/carrara-marmors-c\/#primaryimage"},"thumbnailUrl":"https:\/\/saxbystone.com\/wp-content\/uploads\/2024\/10\/Carrara-Marble-C.png","datePublished":"2024-10-25T13:34:50+00:00","dateModified":"2025-11-05T07:20:46+00:00","breadcrumb":{"@id":"https:\/\/saxbystone.com\/lv\/produkts\/carrara-marmors-c\/#breadcrumb"},"inLanguage":"lv-LV","potentialAction":[{"@type":"ReadAction","target":["https:\/\/saxbystone.com\/lv\/produkts\/carrara-marmors-c\/"]}]},{"@type":"ImageObject","inLanguage":"lv-LV","@id":"https:\/\/saxbystone.com\/lv\/produkts\/carrara-marmors-c\/#primaryimage","url":"https:\/\/saxbystone.com\/wp-content\/uploads\/2024\/10\/Carrara-Marble-C.png","contentUrl":"https:\/\/saxbystone.com\/wp-content\/uploads\/2024\/10\/Carrara-Marble-C.png","width":733,"height":491},{"@type":"BreadcrumbList","@id":"https:\/\/saxbystone.com\/lv\/produkts\/carrara-marmors-c\/#breadcrumb","itemListElement":[{"@type":"ListItem","position":1,"name":"Home","item":"https:\/\/saxbystone.com\/lv\/"},{"@type":"ListItem","position":2,"name":"Akmens fl\u012bzes","item":"https:\/\/saxbystone.com\/stone-tiles\/"},{"@type":"ListItem","position":3,"name":"Bianco Carrara marmors C"}]},{"@type":"WebSite","@id":"https:\/\/saxbystone.com\/lv\/#website","url":"https:\/\/saxbystone.com\/lv\/","name":"Saxby Stone","description":"Natural stone tiles","publisher":{"@id":"https:\/\/saxbystone.com\/lv\/#organization"},"potentialAction":[{"@type":"SearchAction","target":{"@type":"EntryPoint","urlTemplate":"https:\/\/saxbystone.com\/lv\/?s={search_term_string}"},"query-input":{"@type":"PropertyValueSpecification","valueRequired":true,"valueName":"search_term_string"}}],"inLanguage":"lv-LV"},{"@type":"Organization","@id":"https:\/\/saxbystone.com\/lv\/#organization","name":"Saxby Stone","url":"https:\/\/saxbystone.com\/lv\/","logo":{"@type":"ImageObject","inLanguage":"lv-LV","@id":"https:\/\/saxbystone.com\/lv\/#\/schema\/logo\/image\/","url":"https:\/\/saxbystone.com\/wp-content\/uploads\/2024\/09\/cropped-Saxby-Stone-logo-official-1st.png","contentUrl":"https:\/\/saxbystone.com\/wp-content\/uploads\/2024\/09\/cropped-Saxby-Stone-logo-official-1st.png","width":512,"height":512,"caption":"Saxby Stone"},"image":{"@id":"https:\/\/saxbystone.com\/lv\/#\/schema\/logo\/image\/"},"sameAs":["https:\/\/www.instagram.com\/saxbystone\/"]}]}},"_links":{"self":[{"href":"https:\/\/saxbystone.com\/lv\/wp-json\/wp\/v2\/product\/4058","targetHints":{"allow":["GET"]}}],"collection":[{"href":"https:\/\/saxbystone.com\/lv\/wp-json\/wp\/v2\/product"}],"about":[{"href":"https:\/\/saxbystone.com\/lv\/wp-json\/wp\/v2\/types\/product"}],"wp:featuredmedia":[{"embeddable":true,"href":"https:\/\/saxbystone.com\/lv\/wp-json\/wp\/v2\/media\/4059"}],"wp:attachment":[{"href":"https:\/\/saxbystone.com\/lv\/wp-json\/wp\/v2\/media?parent=4058"}],"wp:term":[{"taxonomy":"product_brand","embeddable":true,"href":"https:\/\/saxbystone.com\/lv\/wp-json\/wp\/v2\/product_brand?post=4058"},{"taxonomy":"product_cat","embeddable":true,"href":"https:\/\/saxbystone.com\/lv\/wp-json\/wp\/v2\/product_cat?post=4058"},{"taxonomy":"product_tag","embeddable":true,"href":"https:\/\/saxbystone.com\/lv\/wp-json\/wp\/v2\/product_tag?post=4058"}],"curies":[{"name":"wp","href":"https:\/\/api.w.org\/{rel}","templated":true}]}}