{"id":4050,"date":"2024-10-25T16:26:11","date_gmt":"2024-10-25T13:26:11","guid":{"rendered":"https:\/\/saxbystone.com\/product\/kremkrasas-marfil-marmors\/"},"modified":"2025-08-14T11:46:02","modified_gmt":"2025-08-14T08:46:02","slug":"crema-marfil-marmors","status":"publish","type":"product","link":"https:\/\/saxbystone.com\/lv\/produkts\/crema-marfil-marmors\/","title":{"rendered":"Crema Marfil marmors"},"content":{"rendered":"","protected":false},"excerpt":{"rendered":"<p>Crema Marfil marmoru jau gadsimtiem ilgi ieg\u016bst kalnos piej\u016bras josl\u0101 net\u0101lu no Alikantes Sp\u0101nij\u0101. \u0160is klasiskais gai\u0161i b\u0113\u0161\u0101s kr\u0101sas marmors ar viegl\u0101m gai\u0161\u0101m dz\u012bsl\u0101m ir izmantots gr\u012bdas fl\u012bz\u0113m Vidusj\u016bras vill\u0101s kop\u0161 sen\u0101s Romas laikiem.<\/p>\n<p>Crema Marfil marmora gr\u012bdas fl\u012bzes ienes gaismu un telpiskumu m\u016bsdienu dizain\u0101, \u012bpa\u0161i, ja tiek izmantotas liela izm\u0113ra, piem\u0113ram, 600 x 600 mm fl\u012bzes. \u0160\u012b iemesla d\u0113\u013c t\u0101s ir pier\u0101d\u012bju\u0161as savu popularit\u0101ti liel\u0101s jaunuzcelt\u0101s vill\u0101s, kur bag\u0101t\u012bgs dabiskais apgaismojums \u013cauj fl\u012bz\u0113m rad\u012bt telpiskuma iespaidu.<\/p>\n<p>Pieejama mat\u0113ta apdare.<\/p>\n<p><em>Lai redz\u0113tu cenu, izv\u0113lieties fl\u012bzes izm\u0113ru. Bezmaksas pieg\u0101de ir pas\u016bt\u012bjumiem virs 25 m<sup>2<\/sup>.<\/em><\/p>\n","protected":false},"featured_media":4785,"template":"","meta":{"_acf_changed":false},"product_brand":[],"product_cat":[188,187],"product_tag":[],"class_list":{"0":"post-4050","1":"product","2":"type-product","3":"status-publish","4":"has-post-thumbnail","6":"product_cat-visas-flizes","7":"product_cat-gridas-sienas-flizes","9":"first","10":"instock","11":"shipping-taxable","12":"purchasable","13":"product-type-variable","14":"add-to-wishlist-after_add_to_cart"},"acf":[],"yoast_head":"<!-- This site is optimized with the Yoast SEO plugin v26.4 - https:\/\/yoast.com\/wordpress\/plugins\/seo\/ -->\n<title>Crema Marfil marmors - Saxby Stone<\/title>\n<meta name=\"robots\" content=\"index, follow, max-snippet:-1, max-image-preview:large, max-video-preview:-1\" \/>\n<link rel=\"canonical\" href=\"https:\/\/saxbystone.com\/lv\/produkts\/crema-marfil-marmors\/\" \/>\n<meta property=\"og:locale\" content=\"lv_LV\" \/>\n<meta property=\"og:type\" content=\"article\" \/>\n<meta property=\"og:title\" content=\"Crema Marfil marmors - Saxby Stone\" \/>\n<meta property=\"og:description\" content=\"Crema Marfil marmoru jau gadsimtiem ilgi ieg\u016bst kalnos piej\u016bras josl\u0101 net\u0101lu no Alikantes Sp\u0101nij\u0101. \u0160is klasiskais gai\u0161i b\u0113\u0161\u0101s kr\u0101sas marmors ar viegl\u0101m gai\u0161\u0101m dz\u012bsl\u0101m ir izmantots gr\u012bdas fl\u012bz\u0113m Vidusj\u016bras vill\u0101s kop\u0161 sen\u0101s Romas laikiem.  Crema Marfil marmora gr\u012bdas fl\u012bzes ienes gaismu un telpiskumu m\u016bsdienu dizain\u0101, \u012bpa\u0161i, ja tiek izmantotas liela izm\u0113ra, piem\u0113ram, 600 x 600 mm fl\u012bzes. \u0160\u012b iemesla d\u0113\u013c t\u0101s ir pier\u0101d\u012bju\u0161as savu popularit\u0101ti liel\u0101s jaunuzcelt\u0101s vill\u0101s, kur bag\u0101t\u012bgs dabiskais apgaismojums \u013cauj fl\u012bz\u0113m rad\u012bt telpiskuma iespaidu.  Pieejama mat\u0113ta apdare.  Lai redz\u0113tu cenu, izv\u0113lieties fl\u012bzes izm\u0113ru. Bezmaksas pieg\u0101de ir pas\u016bt\u012bjumiem virs 25 m2.\" \/>\n<meta property=\"og:url\" content=\"https:\/\/saxbystone.com\/lv\/produkts\/crema-marfil-marmors\/\" \/>\n<meta property=\"og:site_name\" content=\"Saxby Stone\" \/>\n<meta property=\"article:modified_time\" content=\"2025-08-14T08:46:02+00:00\" \/>\n<meta property=\"og:image\" content=\"https:\/\/saxbystone.com\/wp-content\/uploads\/2024\/10\/Crema-Marfil-Marmor-honed-21-square-scaled.jpg\" \/>\n\t<meta property=\"og:image:width\" content=\"2560\" \/>\n\t<meta property=\"og:image:height\" content=\"2352\" \/>\n\t<meta property=\"og:image:type\" content=\"image\/jpeg\" \/>\n<meta name=\"twitter:card\" content=\"summary_large_image\" \/>\n<meta name=\"twitter:label1\" content=\"Est. reading time\" \/>\n\t<meta name=\"twitter:data1\" content=\"1 minute\" \/>\n<script type=\"application\/ld+json\" class=\"yoast-schema-graph\">{\"@context\":\"https:\/\/schema.org\",\"@graph\":[{\"@type\":\"WebPage\",\"@id\":\"https:\/\/saxbystone.com\/lv\/produkts\/crema-marfil-marmors\/\",\"url\":\"https:\/\/saxbystone.com\/lv\/produkts\/crema-marfil-marmors\/\",\"name\":\"Crema Marfil marmors - Saxby Stone\",\"isPartOf\":{\"@id\":\"https:\/\/saxbystone.com\/lv\/#website\"},\"primaryImageOfPage\":{\"@id\":\"https:\/\/saxbystone.com\/lv\/produkts\/crema-marfil-marmors\/#primaryimage\"},\"image\":{\"@id\":\"https:\/\/saxbystone.com\/lv\/produkts\/crema-marfil-marmors\/#primaryimage\"},\"thumbnailUrl\":\"https:\/\/saxbystone.com\/wp-content\/uploads\/2024\/10\/Crema-Marfil-Marmor-honed-21-square-scaled.jpg\",\"datePublished\":\"2024-10-25T13:26:11+00:00\",\"dateModified\":\"2025-08-14T08:46:02+00:00\",\"breadcrumb\":{\"@id\":\"https:\/\/saxbystone.com\/lv\/produkts\/crema-marfil-marmors\/#breadcrumb\"},\"inLanguage\":\"lv-LV\",\"potentialAction\":[{\"@type\":\"ReadAction\",\"target\":[\"https:\/\/saxbystone.com\/lv\/produkts\/crema-marfil-marmors\/\"]}]},{\"@type\":\"ImageObject\",\"inLanguage\":\"lv-LV\",\"@id\":\"https:\/\/saxbystone.com\/lv\/produkts\/crema-marfil-marmors\/#primaryimage\",\"url\":\"https:\/\/saxbystone.com\/wp-content\/uploads\/2024\/10\/Crema-Marfil-Marmor-honed-21-square-scaled.jpg\",\"contentUrl\":\"https:\/\/saxbystone.com\/wp-content\/uploads\/2024\/10\/Crema-Marfil-Marmor-honed-21-square-scaled.jpg\",\"width\":2560,\"height\":2352},{\"@type\":\"BreadcrumbList\",\"@id\":\"https:\/\/saxbystone.com\/lv\/produkts\/crema-marfil-marmors\/#breadcrumb\",\"itemListElement\":[{\"@type\":\"ListItem\",\"position\":1,\"name\":\"Home\",\"item\":\"https:\/\/saxbystone.com\/lv\/\"},{\"@type\":\"ListItem\",\"position\":2,\"name\":\"Akmens fl\u012bzes\",\"item\":\"https:\/\/saxbystone.com\/stone-tiles\/\"},{\"@type\":\"ListItem\",\"position\":3,\"name\":\"Crema Marfil marmors\"}]},{\"@type\":\"WebSite\",\"@id\":\"https:\/\/saxbystone.com\/lv\/#website\",\"url\":\"https:\/\/saxbystone.com\/lv\/\",\"name\":\"Saxby Stone\",\"description\":\"Natural stone tiles\",\"publisher\":{\"@id\":\"https:\/\/saxbystone.com\/lv\/#organization\"},\"potentialAction\":[{\"@type\":\"SearchAction\",\"target\":{\"@type\":\"EntryPoint\",\"urlTemplate\":\"https:\/\/saxbystone.com\/lv\/?s={search_term_string}\"},\"query-input\":{\"@type\":\"PropertyValueSpecification\",\"valueRequired\":true,\"valueName\":\"search_term_string\"}}],\"inLanguage\":\"lv-LV\"},{\"@type\":\"Organization\",\"@id\":\"https:\/\/saxbystone.com\/lv\/#organization\",\"name\":\"Saxby Stone\",\"url\":\"https:\/\/saxbystone.com\/lv\/\",\"logo\":{\"@type\":\"ImageObject\",\"inLanguage\":\"lv-LV\",\"@id\":\"https:\/\/saxbystone.com\/lv\/#\/schema\/logo\/image\/\",\"url\":\"https:\/\/saxbystone.com\/wp-content\/uploads\/2024\/09\/cropped-Saxby-Stone-logo-official-1st.png\",\"contentUrl\":\"https:\/\/saxbystone.com\/wp-content\/uploads\/2024\/09\/cropped-Saxby-Stone-logo-official-1st.png\",\"width\":512,\"height\":512,\"caption\":\"Saxby Stone\"},\"image\":{\"@id\":\"https:\/\/saxbystone.com\/lv\/#\/schema\/logo\/image\/\"},\"sameAs\":[\"https:\/\/www.instagram.com\/saxbystone\/\"]}]}<\/script>\n<!-- \/ Yoast SEO plugin. -->","yoast_head_json":{"title":"Crema Marfil marmors - Saxby Stone","robots":{"index":"index","follow":"follow","max-snippet":"max-snippet:-1","max-image-preview":"max-image-preview:large","max-video-preview":"max-video-preview:-1"},"canonical":"https:\/\/saxbystone.com\/lv\/produkts\/crema-marfil-marmors\/","og_locale":"lv_LV","og_type":"article","og_title":"Crema Marfil marmors - Saxby Stone","og_description":"Crema Marfil marmoru jau gadsimtiem ilgi ieg\u016bst kalnos piej\u016bras josl\u0101 net\u0101lu no Alikantes Sp\u0101nij\u0101. \u0160is klasiskais gai\u0161i b\u0113\u0161\u0101s kr\u0101sas marmors ar viegl\u0101m gai\u0161\u0101m dz\u012bsl\u0101m ir izmantots gr\u012bdas fl\u012bz\u0113m Vidusj\u016bras vill\u0101s kop\u0161 sen\u0101s Romas laikiem.  Crema Marfil marmora gr\u012bdas fl\u012bzes ienes gaismu un telpiskumu m\u016bsdienu dizain\u0101, \u012bpa\u0161i, ja tiek izmantotas liela izm\u0113ra, piem\u0113ram, 600 x 600 mm fl\u012bzes. \u0160\u012b iemesla d\u0113\u013c t\u0101s ir pier\u0101d\u012bju\u0161as savu popularit\u0101ti liel\u0101s jaunuzcelt\u0101s vill\u0101s, kur bag\u0101t\u012bgs dabiskais apgaismojums \u013cauj fl\u012bz\u0113m rad\u012bt telpiskuma iespaidu.  Pieejama mat\u0113ta apdare.  Lai redz\u0113tu cenu, izv\u0113lieties fl\u012bzes izm\u0113ru. Bezmaksas pieg\u0101de ir pas\u016bt\u012bjumiem virs 25 m2.","og_url":"https:\/\/saxbystone.com\/lv\/produkts\/crema-marfil-marmors\/","og_site_name":"Saxby Stone","article_modified_time":"2025-08-14T08:46:02+00:00","og_image":[{"width":2560,"height":2352,"url":"https:\/\/saxbystone.com\/wp-content\/uploads\/2024\/10\/Crema-Marfil-Marmor-honed-21-square-scaled.jpg","type":"image\/jpeg"}],"twitter_card":"summary_large_image","twitter_misc":{"Est. reading time":"1 minute"},"schema":{"@context":"https:\/\/schema.org","@graph":[{"@type":"WebPage","@id":"https:\/\/saxbystone.com\/lv\/produkts\/crema-marfil-marmors\/","url":"https:\/\/saxbystone.com\/lv\/produkts\/crema-marfil-marmors\/","name":"Crema Marfil marmors - Saxby Stone","isPartOf":{"@id":"https:\/\/saxbystone.com\/lv\/#website"},"primaryImageOfPage":{"@id":"https:\/\/saxbystone.com\/lv\/produkts\/crema-marfil-marmors\/#primaryimage"},"image":{"@id":"https:\/\/saxbystone.com\/lv\/produkts\/crema-marfil-marmors\/#primaryimage"},"thumbnailUrl":"https:\/\/saxbystone.com\/wp-content\/uploads\/2024\/10\/Crema-Marfil-Marmor-honed-21-square-scaled.jpg","datePublished":"2024-10-25T13:26:11+00:00","dateModified":"2025-08-14T08:46:02+00:00","breadcrumb":{"@id":"https:\/\/saxbystone.com\/lv\/produkts\/crema-marfil-marmors\/#breadcrumb"},"inLanguage":"lv-LV","potentialAction":[{"@type":"ReadAction","target":["https:\/\/saxbystone.com\/lv\/produkts\/crema-marfil-marmors\/"]}]},{"@type":"ImageObject","inLanguage":"lv-LV","@id":"https:\/\/saxbystone.com\/lv\/produkts\/crema-marfil-marmors\/#primaryimage","url":"https:\/\/saxbystone.com\/wp-content\/uploads\/2024\/10\/Crema-Marfil-Marmor-honed-21-square-scaled.jpg","contentUrl":"https:\/\/saxbystone.com\/wp-content\/uploads\/2024\/10\/Crema-Marfil-Marmor-honed-21-square-scaled.jpg","width":2560,"height":2352},{"@type":"BreadcrumbList","@id":"https:\/\/saxbystone.com\/lv\/produkts\/crema-marfil-marmors\/#breadcrumb","itemListElement":[{"@type":"ListItem","position":1,"name":"Home","item":"https:\/\/saxbystone.com\/lv\/"},{"@type":"ListItem","position":2,"name":"Akmens fl\u012bzes","item":"https:\/\/saxbystone.com\/stone-tiles\/"},{"@type":"ListItem","position":3,"name":"Crema Marfil marmors"}]},{"@type":"WebSite","@id":"https:\/\/saxbystone.com\/lv\/#website","url":"https:\/\/saxbystone.com\/lv\/","name":"Saxby Stone","description":"Natural stone tiles","publisher":{"@id":"https:\/\/saxbystone.com\/lv\/#organization"},"potentialAction":[{"@type":"SearchAction","target":{"@type":"EntryPoint","urlTemplate":"https:\/\/saxbystone.com\/lv\/?s={search_term_string}"},"query-input":{"@type":"PropertyValueSpecification","valueRequired":true,"valueName":"search_term_string"}}],"inLanguage":"lv-LV"},{"@type":"Organization","@id":"https:\/\/saxbystone.com\/lv\/#organization","name":"Saxby Stone","url":"https:\/\/saxbystone.com\/lv\/","logo":{"@type":"ImageObject","inLanguage":"lv-LV","@id":"https:\/\/saxbystone.com\/lv\/#\/schema\/logo\/image\/","url":"https:\/\/saxbystone.com\/wp-content\/uploads\/2024\/09\/cropped-Saxby-Stone-logo-official-1st.png","contentUrl":"https:\/\/saxbystone.com\/wp-content\/uploads\/2024\/09\/cropped-Saxby-Stone-logo-official-1st.png","width":512,"height":512,"caption":"Saxby Stone"},"image":{"@id":"https:\/\/saxbystone.com\/lv\/#\/schema\/logo\/image\/"},"sameAs":["https:\/\/www.instagram.com\/saxbystone\/"]}]}},"_links":{"self":[{"href":"https:\/\/saxbystone.com\/lv\/wp-json\/wp\/v2\/product\/4050","targetHints":{"allow":["GET"]}}],"collection":[{"href":"https:\/\/saxbystone.com\/lv\/wp-json\/wp\/v2\/product"}],"about":[{"href":"https:\/\/saxbystone.com\/lv\/wp-json\/wp\/v2\/types\/product"}],"wp:featuredmedia":[{"embeddable":true,"href":"https:\/\/saxbystone.com\/lv\/wp-json\/wp\/v2\/media\/4785"}],"wp:attachment":[{"href":"https:\/\/saxbystone.com\/lv\/wp-json\/wp\/v2\/media?parent=4050"}],"wp:term":[{"taxonomy":"product_brand","embeddable":true,"href":"https:\/\/saxbystone.com\/lv\/wp-json\/wp\/v2\/product_brand?post=4050"},{"taxonomy":"product_cat","embeddable":true,"href":"https:\/\/saxbystone.com\/lv\/wp-json\/wp\/v2\/product_cat?post=4050"},{"taxonomy":"product_tag","embeddable":true,"href":"https:\/\/saxbystone.com\/lv\/wp-json\/wp\/v2\/product_tag?post=4050"}],"curies":[{"name":"wp","href":"https:\/\/api.w.org\/{rel}","templated":true}]}}