{"id":4044,"date":"2024-10-25T16:16:34","date_gmt":"2024-10-25T13:16:34","guid":{"rendered":"https:\/\/saxbystone.com\/product\/olandes-kalkakmens\/"},"modified":"2026-04-09T10:57:27","modified_gmt":"2026-04-09T07:57:27","slug":"oland","status":"publish","type":"product","link":"https:\/\/saxbystone.com\/lv\/produkts\/oland\/","title":{"rendered":"\u00d6land Grey G1S ka\u013c\u0137akmens"},"content":{"rendered":"","protected":false},"excerpt":{"rendered":"<p>\u00d6land Grey ka\u013c\u0137akmenim, kas veidojies pirms vair\u0101k nek\u0101 550 miljoniem gadu, kad Zviedrija atrad\u0101s dienvidos no ekvatora, piem\u012bt bag\u0101t\u012bgs tropisko j\u016bras iem\u012btnieku un augu fos\u012bliju raksts. Ammon\u012btu un nautilo\u012bdu fos\u012blijas pie\u0161\u0137ir Olandes ka\u013c\u0137akmenim identit\u0101ti un vienreiz\u012bgumu, ko nov\u0113rt\u0113 vis\u0101 Skandin\u0101vij\u0101 un Zieme\u013cvalstu re\u0123ion\u0101.<\/p>\n<p>\u00d6land Grey ka\u013c\u0137akmens G15 fl\u012bzes, kas grezno mui\u017eu, villu un dz\u012bvok\u013cu gr\u012bdas vis\u0101 Zviedrij\u0101, atrodamas ar luksus viesn\u012bc\u0101s, piem\u0113ram, Ett Hem Stokholm\u0101 un Arlandas lidost\u0101.<\/p>\n<p>\u0160is ka\u013c\u0137akmens, ko ieg\u016bst saska\u0146\u0101 ar \u0123imenes raktuvju, kas atrodas Baltijas j\u016bras krast\u0101 Oland\u0113, trad\u012bcij\u0101m, ir stiprs, iztur\u012bgs un uzticams, un tam piem\u012bt visas Zviedrijas kvalit\u0101tei rakstur\u012bg\u0101s iez\u012bmes.<\/p>\n<p>Pieejama mat\u0113ta apdare.<\/p>\n<p><em>Lai redz\u0113tu cenu, izv\u0113lieties fl\u012bzes izm\u0113ru. Bezmaksas pieg\u0101de ir pas\u016bt\u012bjumiem virs 25 m<sup>2<\/sup>.<\/em><\/p>\n","protected":false},"featured_media":4045,"template":"","meta":{"_acf_changed":false},"product_brand":[],"product_cat":[188,187,190,205,186],"product_tag":[],"class_list":{"0":"post-4044","1":"product","2":"type-product","3":"status-publish","4":"has-post-thumbnail","6":"product_cat-visas-flizes","7":"product_cat-gridas-sienas-flizes","8":"product_cat-darba-virsmas-palodzes","9":"product_cat-brugakmens","10":"product_cat-komerctelpam","12":"first","13":"instock","14":"shipping-taxable","15":"purchasable","16":"product-type-variable","17":"add-to-wishlist-after_add_to_cart"},"acf":[],"yoast_head":"<!-- This site is optimized with the Yoast SEO plugin v26.4 - https:\/\/yoast.com\/wordpress\/plugins\/seo\/ -->\n<title>\u00d6land Grey G1S ka\u013c\u0137akmens - Saxby Stone<\/title>\n<meta name=\"robots\" content=\"index, follow, max-snippet:-1, max-image-preview:large, max-video-preview:-1\" \/>\n<link rel=\"canonical\" href=\"https:\/\/saxbystone.com\/lv\/produkts\/oland\/\" \/>\n<meta property=\"og:locale\" content=\"lv_LV\" \/>\n<meta property=\"og:type\" content=\"article\" \/>\n<meta property=\"og:title\" content=\"\u00d6land Grey G1S ka\u013c\u0137akmens - Saxby Stone\" \/>\n<meta property=\"og:description\" content=\"\u00d6land Grey ka\u013c\u0137akmenim, kas veidojies pirms vair\u0101k nek\u0101 550 miljoniem gadu, kad Zviedrija atrad\u0101s dienvidos no ekvatora, piem\u012bt bag\u0101t\u012bgs tropisko j\u016bras iem\u012btnieku un augu fos\u012bliju raksts. Ammon\u012btu un nautilo\u012bdu fos\u012blijas pie\u0161\u0137ir Olandes ka\u013c\u0137akmenim identit\u0101ti un vienreiz\u012bgumu, ko nov\u0113rt\u0113 vis\u0101 Skandin\u0101vij\u0101 un Zieme\u013cvalstu re\u0123ion\u0101.  \u00d6land Grey ka\u013c\u0137akmens G15 fl\u012bzes, kas grezno mui\u017eu, villu un dz\u012bvok\u013cu gr\u012bdas vis\u0101 Zviedrij\u0101, atrodamas ar luksus viesn\u012bc\u0101s, piem\u0113ram, Ett Hem Stokholm\u0101 un Arlandas lidost\u0101.  \u0160is ka\u013c\u0137akmens, ko ieg\u016bst saska\u0146\u0101 ar \u0123imenes raktuvju, kas atrodas Baltijas j\u016bras krast\u0101 Oland\u0113, trad\u012bcij\u0101m, ir stiprs, iztur\u012bgs un uzticams, un tam piem\u012bt visas Zviedrijas kvalit\u0101tei rakstur\u012bg\u0101s iez\u012bmes.  Pieejama mat\u0113ta apdare.  Lai redz\u0113tu cenu, izv\u0113lieties fl\u012bzes izm\u0113ru. Bezmaksas pieg\u0101de ir pas\u016bt\u012bjumiem virs 25 m2.\" \/>\n<meta property=\"og:url\" content=\"https:\/\/saxbystone.com\/lv\/produkts\/oland\/\" \/>\n<meta property=\"og:site_name\" content=\"Saxby Stone\" \/>\n<meta property=\"article:modified_time\" content=\"2026-04-09T07:57:27+00:00\" \/>\n<meta property=\"og:image\" content=\"https:\/\/saxbystone.com\/wp-content\/uploads\/2024\/10\/Oland-Limestone.jpg\" \/>\n\t<meta property=\"og:image:width\" content=\"1200\" \/>\n\t<meta property=\"og:image:height\" content=\"900\" \/>\n\t<meta property=\"og:image:type\" content=\"image\/jpeg\" \/>\n<meta name=\"twitter:card\" content=\"summary_large_image\" \/>\n<meta name=\"twitter:label1\" content=\"Est. reading time\" \/>\n\t<meta name=\"twitter:data1\" content=\"1 minute\" \/>\n<script type=\"application\/ld+json\" class=\"yoast-schema-graph\">{\"@context\":\"https:\/\/schema.org\",\"@graph\":[{\"@type\":\"WebPage\",\"@id\":\"https:\/\/saxbystone.com\/lv\/produkts\/oland\/\",\"url\":\"https:\/\/saxbystone.com\/lv\/produkts\/oland\/\",\"name\":\"\u00d6land Grey G1S ka\u013c\u0137akmens - Saxby Stone\",\"isPartOf\":{\"@id\":\"https:\/\/saxbystone.com\/lv\/#website\"},\"primaryImageOfPage\":{\"@id\":\"https:\/\/saxbystone.com\/lv\/produkts\/oland\/#primaryimage\"},\"image\":{\"@id\":\"https:\/\/saxbystone.com\/lv\/produkts\/oland\/#primaryimage\"},\"thumbnailUrl\":\"https:\/\/saxbystone.com\/wp-content\/uploads\/2024\/10\/Oland-Limestone.jpg\",\"datePublished\":\"2024-10-25T13:16:34+00:00\",\"dateModified\":\"2026-04-09T07:57:27+00:00\",\"breadcrumb\":{\"@id\":\"https:\/\/saxbystone.com\/lv\/produkts\/oland\/#breadcrumb\"},\"inLanguage\":\"lv-LV\",\"potentialAction\":[{\"@type\":\"ReadAction\",\"target\":[\"https:\/\/saxbystone.com\/lv\/produkts\/oland\/\"]}]},{\"@type\":\"ImageObject\",\"inLanguage\":\"lv-LV\",\"@id\":\"https:\/\/saxbystone.com\/lv\/produkts\/oland\/#primaryimage\",\"url\":\"https:\/\/saxbystone.com\/wp-content\/uploads\/2024\/10\/Oland-Limestone.jpg\",\"contentUrl\":\"https:\/\/saxbystone.com\/wp-content\/uploads\/2024\/10\/Oland-Limestone.jpg\",\"width\":1200,\"height\":900},{\"@type\":\"BreadcrumbList\",\"@id\":\"https:\/\/saxbystone.com\/lv\/produkts\/oland\/#breadcrumb\",\"itemListElement\":[{\"@type\":\"ListItem\",\"position\":1,\"name\":\"Home\",\"item\":\"https:\/\/saxbystone.com\/lv\/\"},{\"@type\":\"ListItem\",\"position\":2,\"name\":\"Akmens fl\u012bzes\",\"item\":\"https:\/\/saxbystone.com\/stone-tiles\/\"},{\"@type\":\"ListItem\",\"position\":3,\"name\":\"\u00d6land Grey G1S ka\u013c\u0137akmens\"}]},{\"@type\":\"WebSite\",\"@id\":\"https:\/\/saxbystone.com\/lv\/#website\",\"url\":\"https:\/\/saxbystone.com\/lv\/\",\"name\":\"Saxby Stone\",\"description\":\"Natural stone tiles\",\"publisher\":{\"@id\":\"https:\/\/saxbystone.com\/lv\/#organization\"},\"potentialAction\":[{\"@type\":\"SearchAction\",\"target\":{\"@type\":\"EntryPoint\",\"urlTemplate\":\"https:\/\/saxbystone.com\/lv\/?s={search_term_string}\"},\"query-input\":{\"@type\":\"PropertyValueSpecification\",\"valueRequired\":true,\"valueName\":\"search_term_string\"}}],\"inLanguage\":\"lv-LV\"},{\"@type\":\"Organization\",\"@id\":\"https:\/\/saxbystone.com\/lv\/#organization\",\"name\":\"Saxby Stone\",\"url\":\"https:\/\/saxbystone.com\/lv\/\",\"logo\":{\"@type\":\"ImageObject\",\"inLanguage\":\"lv-LV\",\"@id\":\"https:\/\/saxbystone.com\/lv\/#\/schema\/logo\/image\/\",\"url\":\"https:\/\/saxbystone.com\/wp-content\/uploads\/2024\/09\/cropped-Saxby-Stone-logo-official-1st.png\",\"contentUrl\":\"https:\/\/saxbystone.com\/wp-content\/uploads\/2024\/09\/cropped-Saxby-Stone-logo-official-1st.png\",\"width\":512,\"height\":512,\"caption\":\"Saxby Stone\"},\"image\":{\"@id\":\"https:\/\/saxbystone.com\/lv\/#\/schema\/logo\/image\/\"},\"sameAs\":[\"https:\/\/www.instagram.com\/saxbystone\/\"]}]}<\/script>\n<!-- \/ Yoast SEO plugin. -->","yoast_head_json":{"title":"\u00d6land Grey G1S ka\u013c\u0137akmens - Saxby Stone","robots":{"index":"index","follow":"follow","max-snippet":"max-snippet:-1","max-image-preview":"max-image-preview:large","max-video-preview":"max-video-preview:-1"},"canonical":"https:\/\/saxbystone.com\/lv\/produkts\/oland\/","og_locale":"lv_LV","og_type":"article","og_title":"\u00d6land Grey G1S ka\u013c\u0137akmens - Saxby Stone","og_description":"\u00d6land Grey ka\u013c\u0137akmenim, kas veidojies pirms vair\u0101k nek\u0101 550 miljoniem gadu, kad Zviedrija atrad\u0101s dienvidos no ekvatora, piem\u012bt bag\u0101t\u012bgs tropisko j\u016bras iem\u012btnieku un augu fos\u012bliju raksts. Ammon\u012btu un nautilo\u012bdu fos\u012blijas pie\u0161\u0137ir Olandes ka\u013c\u0137akmenim identit\u0101ti un vienreiz\u012bgumu, ko nov\u0113rt\u0113 vis\u0101 Skandin\u0101vij\u0101 un Zieme\u013cvalstu re\u0123ion\u0101.  \u00d6land Grey ka\u013c\u0137akmens G15 fl\u012bzes, kas grezno mui\u017eu, villu un dz\u012bvok\u013cu gr\u012bdas vis\u0101 Zviedrij\u0101, atrodamas ar luksus viesn\u012bc\u0101s, piem\u0113ram, Ett Hem Stokholm\u0101 un Arlandas lidost\u0101.  \u0160is ka\u013c\u0137akmens, ko ieg\u016bst saska\u0146\u0101 ar \u0123imenes raktuvju, kas atrodas Baltijas j\u016bras krast\u0101 Oland\u0113, trad\u012bcij\u0101m, ir stiprs, iztur\u012bgs un uzticams, un tam piem\u012bt visas Zviedrijas kvalit\u0101tei rakstur\u012bg\u0101s iez\u012bmes.  Pieejama mat\u0113ta apdare.  Lai redz\u0113tu cenu, izv\u0113lieties fl\u012bzes izm\u0113ru. Bezmaksas pieg\u0101de ir pas\u016bt\u012bjumiem virs 25 m2.","og_url":"https:\/\/saxbystone.com\/lv\/produkts\/oland\/","og_site_name":"Saxby Stone","article_modified_time":"2026-04-09T07:57:27+00:00","og_image":[{"width":1200,"height":900,"url":"https:\/\/saxbystone.com\/wp-content\/uploads\/2024\/10\/Oland-Limestone.jpg","type":"image\/jpeg"}],"twitter_card":"summary_large_image","twitter_misc":{"Est. reading time":"1 minute"},"schema":{"@context":"https:\/\/schema.org","@graph":[{"@type":"WebPage","@id":"https:\/\/saxbystone.com\/lv\/produkts\/oland\/","url":"https:\/\/saxbystone.com\/lv\/produkts\/oland\/","name":"\u00d6land Grey G1S ka\u013c\u0137akmens - Saxby Stone","isPartOf":{"@id":"https:\/\/saxbystone.com\/lv\/#website"},"primaryImageOfPage":{"@id":"https:\/\/saxbystone.com\/lv\/produkts\/oland\/#primaryimage"},"image":{"@id":"https:\/\/saxbystone.com\/lv\/produkts\/oland\/#primaryimage"},"thumbnailUrl":"https:\/\/saxbystone.com\/wp-content\/uploads\/2024\/10\/Oland-Limestone.jpg","datePublished":"2024-10-25T13:16:34+00:00","dateModified":"2026-04-09T07:57:27+00:00","breadcrumb":{"@id":"https:\/\/saxbystone.com\/lv\/produkts\/oland\/#breadcrumb"},"inLanguage":"lv-LV","potentialAction":[{"@type":"ReadAction","target":["https:\/\/saxbystone.com\/lv\/produkts\/oland\/"]}]},{"@type":"ImageObject","inLanguage":"lv-LV","@id":"https:\/\/saxbystone.com\/lv\/produkts\/oland\/#primaryimage","url":"https:\/\/saxbystone.com\/wp-content\/uploads\/2024\/10\/Oland-Limestone.jpg","contentUrl":"https:\/\/saxbystone.com\/wp-content\/uploads\/2024\/10\/Oland-Limestone.jpg","width":1200,"height":900},{"@type":"BreadcrumbList","@id":"https:\/\/saxbystone.com\/lv\/produkts\/oland\/#breadcrumb","itemListElement":[{"@type":"ListItem","position":1,"name":"Home","item":"https:\/\/saxbystone.com\/lv\/"},{"@type":"ListItem","position":2,"name":"Akmens fl\u012bzes","item":"https:\/\/saxbystone.com\/stone-tiles\/"},{"@type":"ListItem","position":3,"name":"\u00d6land Grey G1S ka\u013c\u0137akmens"}]},{"@type":"WebSite","@id":"https:\/\/saxbystone.com\/lv\/#website","url":"https:\/\/saxbystone.com\/lv\/","name":"Saxby Stone","description":"Natural stone tiles","publisher":{"@id":"https:\/\/saxbystone.com\/lv\/#organization"},"potentialAction":[{"@type":"SearchAction","target":{"@type":"EntryPoint","urlTemplate":"https:\/\/saxbystone.com\/lv\/?s={search_term_string}"},"query-input":{"@type":"PropertyValueSpecification","valueRequired":true,"valueName":"search_term_string"}}],"inLanguage":"lv-LV"},{"@type":"Organization","@id":"https:\/\/saxbystone.com\/lv\/#organization","name":"Saxby Stone","url":"https:\/\/saxbystone.com\/lv\/","logo":{"@type":"ImageObject","inLanguage":"lv-LV","@id":"https:\/\/saxbystone.com\/lv\/#\/schema\/logo\/image\/","url":"https:\/\/saxbystone.com\/wp-content\/uploads\/2024\/09\/cropped-Saxby-Stone-logo-official-1st.png","contentUrl":"https:\/\/saxbystone.com\/wp-content\/uploads\/2024\/09\/cropped-Saxby-Stone-logo-official-1st.png","width":512,"height":512,"caption":"Saxby Stone"},"image":{"@id":"https:\/\/saxbystone.com\/lv\/#\/schema\/logo\/image\/"},"sameAs":["https:\/\/www.instagram.com\/saxbystone\/"]}]}},"_links":{"self":[{"href":"https:\/\/saxbystone.com\/lv\/wp-json\/wp\/v2\/product\/4044","targetHints":{"allow":["GET"]}}],"collection":[{"href":"https:\/\/saxbystone.com\/lv\/wp-json\/wp\/v2\/product"}],"about":[{"href":"https:\/\/saxbystone.com\/lv\/wp-json\/wp\/v2\/types\/product"}],"wp:featuredmedia":[{"embeddable":true,"href":"https:\/\/saxbystone.com\/lv\/wp-json\/wp\/v2\/media\/4045"}],"wp:attachment":[{"href":"https:\/\/saxbystone.com\/lv\/wp-json\/wp\/v2\/media?parent=4044"}],"wp:term":[{"taxonomy":"product_brand","embeddable":true,"href":"https:\/\/saxbystone.com\/lv\/wp-json\/wp\/v2\/product_brand?post=4044"},{"taxonomy":"product_cat","embeddable":true,"href":"https:\/\/saxbystone.com\/lv\/wp-json\/wp\/v2\/product_cat?post=4044"},{"taxonomy":"product_tag","embeddable":true,"href":"https:\/\/saxbystone.com\/lv\/wp-json\/wp\/v2\/product_tag?post=4044"}],"curies":[{"name":"wp","href":"https:\/\/api.w.org\/{rel}","templated":true}]}}