{"id":4038,"date":"2024-10-25T16:08:19","date_gmt":"2024-10-25T13:08:19","guid":{"rendered":"https:\/\/saxbystone.com\/product\/jemtlandes-pelekais-kalkakmens\/"},"modified":"2025-11-28T11:14:35","modified_gmt":"2025-11-28T09:14:35","slug":"jamtlands-grey","status":"publish","type":"product","link":"https:\/\/saxbystone.com\/lv\/produkts\/jamtlands-grey\/","title":{"rendered":"J\u00e4mtland Grey ka\u013c\u0137akmens"},"content":{"rendered":"","protected":false},"excerpt":{"rendered":"<p>J\u00e4mtland Grey ka\u013c\u0137akmeni, kas ir nacion\u0101lais favor\u012btmateri\u0101ls Zviedrij\u0101, ieg\u016bst no kalniem net\u0101lu no Ostersundas un Brunflo Zviedrij\u0101, kur ka\u013c\u0137akmens izveidojies pirms vair\u0101k nek\u0101 465 miljoniem gadu, un to uzskata par vec\u0101ko un ciet\u0101ko ka\u013c\u0137akmeni Eirop\u0101.<\/p>\n<p>Arhitekti nor\u0101da specifik\u0101cij\u0101s \u0161o ka\u013c\u0137akmeni, kad klienti v\u0113las pievilc\u012bgu un iztur\u012bgu ka\u013c\u0137akmeni, kas vienlaic\u012bgi ir ar\u012b nesatricin\u0101ms Zviedrijas nacion\u0101l\u0101s identit\u0101tes simbols.<\/p>\n<p>J\u00e4mtland Grey ka\u013c\u0137akmens pie\u0161\u0137ir nenov\u0113rt\u0113tu kvalit\u0101tes un iztur\u012bbas iespaidu gan smalkam juristu birojam Stokholmas centr\u0101, gan vasarn\u012bcai att\u0101lin\u0101t\u0101 arhipel\u0101ga rajon\u0101.<\/p>\n<p>Pieejama mat\u0113ta apdare.<\/p>\n<p><em>Lai redz\u0113tu cenu, izv\u0113lieties fl\u012bzes izm\u0113ru. Bezmaksas pieg\u0101de ir pas\u016bt\u012bjumiem virs 25 m<sup>2<\/sup>.<\/em><\/p>\n","protected":false},"featured_media":4039,"template":"","meta":{"_acf_changed":false},"product_brand":[],"product_cat":[188,187,190,205,186],"product_tag":[],"class_list":{"0":"post-4038","1":"product","2":"type-product","3":"status-publish","4":"has-post-thumbnail","6":"product_cat-visas-flizes","7":"product_cat-gridas-sienas-flizes","8":"product_cat-darba-virsmas-palodzes","9":"product_cat-brugakmens","10":"product_cat-komerctelpam","12":"first","13":"instock","14":"shipping-taxable","15":"purchasable","16":"product-type-variable","17":"add-to-wishlist-after_add_to_cart"},"acf":[],"yoast_head":"<!-- This site is optimized with the Yoast SEO plugin v26.4 - https:\/\/yoast.com\/wordpress\/plugins\/seo\/ -->\n<title>J\u00e4mtland Grey ka\u013c\u0137akmens - Saxby Stone<\/title>\n<meta name=\"robots\" content=\"index, follow, max-snippet:-1, max-image-preview:large, max-video-preview:-1\" \/>\n<link rel=\"canonical\" href=\"https:\/\/saxbystone.com\/lv\/produkts\/jamtlands-grey\/\" \/>\n<meta property=\"og:locale\" content=\"lv_LV\" \/>\n<meta property=\"og:type\" content=\"article\" \/>\n<meta property=\"og:title\" content=\"J\u00e4mtland Grey ka\u013c\u0137akmens - Saxby Stone\" \/>\n<meta property=\"og:description\" content=\"J\u00e4mtland Grey ka\u013c\u0137akmeni, kas ir nacion\u0101lais favor\u012btmateri\u0101ls Zviedrij\u0101, ieg\u016bst no kalniem net\u0101lu no Ostersundas un Brunflo Zviedrij\u0101, kur ka\u013c\u0137akmens izveidojies pirms vair\u0101k nek\u0101 465 miljoniem gadu, un to uzskata par vec\u0101ko un ciet\u0101ko ka\u013c\u0137akmeni Eirop\u0101.  Arhitekti nor\u0101da specifik\u0101cij\u0101s \u0161o ka\u013c\u0137akmeni, kad klienti v\u0113las pievilc\u012bgu un iztur\u012bgu ka\u013c\u0137akmeni, kas vienlaic\u012bgi ir ar\u012b nesatricin\u0101ms Zviedrijas nacion\u0101l\u0101s identit\u0101tes simbols.  J\u00e4mtland Grey ka\u013c\u0137akmens pie\u0161\u0137ir nenov\u0113rt\u0113tu kvalit\u0101tes un iztur\u012bbas iespaidu gan smalkam juristu birojam Stokholmas centr\u0101, gan vasarn\u012bcai att\u0101lin\u0101t\u0101 arhipel\u0101ga rajon\u0101.  Pieejama mat\u0113ta apdare.  Lai redz\u0113tu cenu, izv\u0113lieties fl\u012bzes izm\u0113ru. Bezmaksas pieg\u0101de ir pas\u016bt\u012bjumiem virs 25 m2.\" \/>\n<meta property=\"og:url\" content=\"https:\/\/saxbystone.com\/lv\/produkts\/jamtlands-grey\/\" \/>\n<meta property=\"og:site_name\" content=\"Saxby Stone\" \/>\n<meta property=\"article:modified_time\" content=\"2025-11-28T09:14:35+00:00\" \/>\n<meta property=\"og:image\" content=\"https:\/\/saxbystone.com\/wp-content\/uploads\/2024\/10\/Jamtlands-Grey-Mannheimer-Swartling-office.jpg\" \/>\n\t<meta property=\"og:image:width\" content=\"2048\" \/>\n\t<meta property=\"og:image:height\" content=\"1536\" \/>\n\t<meta property=\"og:image:type\" content=\"image\/jpeg\" \/>\n<meta name=\"twitter:card\" content=\"summary_large_image\" \/>\n<meta name=\"twitter:label1\" content=\"Est. reading time\" \/>\n\t<meta name=\"twitter:data1\" content=\"1 minute\" \/>\n<script type=\"application\/ld+json\" class=\"yoast-schema-graph\">{\"@context\":\"https:\/\/schema.org\",\"@graph\":[{\"@type\":\"WebPage\",\"@id\":\"https:\/\/saxbystone.com\/lv\/produkts\/jamtlands-grey\/\",\"url\":\"https:\/\/saxbystone.com\/lv\/produkts\/jamtlands-grey\/\",\"name\":\"J\u00e4mtland Grey ka\u013c\u0137akmens - Saxby Stone\",\"isPartOf\":{\"@id\":\"https:\/\/saxbystone.com\/lv\/#website\"},\"primaryImageOfPage\":{\"@id\":\"https:\/\/saxbystone.com\/lv\/produkts\/jamtlands-grey\/#primaryimage\"},\"image\":{\"@id\":\"https:\/\/saxbystone.com\/lv\/produkts\/jamtlands-grey\/#primaryimage\"},\"thumbnailUrl\":\"https:\/\/saxbystone.com\/wp-content\/uploads\/2024\/10\/Jamtlands-Grey-Mannheimer-Swartling-office.jpg\",\"datePublished\":\"2024-10-25T13:08:19+00:00\",\"dateModified\":\"2025-11-28T09:14:35+00:00\",\"breadcrumb\":{\"@id\":\"https:\/\/saxbystone.com\/lv\/produkts\/jamtlands-grey\/#breadcrumb\"},\"inLanguage\":\"lv-LV\",\"potentialAction\":[{\"@type\":\"ReadAction\",\"target\":[\"https:\/\/saxbystone.com\/lv\/produkts\/jamtlands-grey\/\"]}]},{\"@type\":\"ImageObject\",\"inLanguage\":\"lv-LV\",\"@id\":\"https:\/\/saxbystone.com\/lv\/produkts\/jamtlands-grey\/#primaryimage\",\"url\":\"https:\/\/saxbystone.com\/wp-content\/uploads\/2024\/10\/Jamtlands-Grey-Mannheimer-Swartling-office.jpg\",\"contentUrl\":\"https:\/\/saxbystone.com\/wp-content\/uploads\/2024\/10\/Jamtlands-Grey-Mannheimer-Swartling-office.jpg\",\"width\":2048,\"height\":1536},{\"@type\":\"BreadcrumbList\",\"@id\":\"https:\/\/saxbystone.com\/lv\/produkts\/jamtlands-grey\/#breadcrumb\",\"itemListElement\":[{\"@type\":\"ListItem\",\"position\":1,\"name\":\"Home\",\"item\":\"https:\/\/saxbystone.com\/lv\/\"},{\"@type\":\"ListItem\",\"position\":2,\"name\":\"Akmens fl\u012bzes\",\"item\":\"https:\/\/saxbystone.com\/stone-tiles\/\"},{\"@type\":\"ListItem\",\"position\":3,\"name\":\"J\u00e4mtland Grey ka\u013c\u0137akmens\"}]},{\"@type\":\"WebSite\",\"@id\":\"https:\/\/saxbystone.com\/lv\/#website\",\"url\":\"https:\/\/saxbystone.com\/lv\/\",\"name\":\"Saxby Stone\",\"description\":\"Natural stone tiles\",\"publisher\":{\"@id\":\"https:\/\/saxbystone.com\/lv\/#organization\"},\"potentialAction\":[{\"@type\":\"SearchAction\",\"target\":{\"@type\":\"EntryPoint\",\"urlTemplate\":\"https:\/\/saxbystone.com\/lv\/?s={search_term_string}\"},\"query-input\":{\"@type\":\"PropertyValueSpecification\",\"valueRequired\":true,\"valueName\":\"search_term_string\"}}],\"inLanguage\":\"lv-LV\"},{\"@type\":\"Organization\",\"@id\":\"https:\/\/saxbystone.com\/lv\/#organization\",\"name\":\"Saxby Stone\",\"url\":\"https:\/\/saxbystone.com\/lv\/\",\"logo\":{\"@type\":\"ImageObject\",\"inLanguage\":\"lv-LV\",\"@id\":\"https:\/\/saxbystone.com\/lv\/#\/schema\/logo\/image\/\",\"url\":\"https:\/\/saxbystone.com\/wp-content\/uploads\/2024\/09\/cropped-Saxby-Stone-logo-official-1st.png\",\"contentUrl\":\"https:\/\/saxbystone.com\/wp-content\/uploads\/2024\/09\/cropped-Saxby-Stone-logo-official-1st.png\",\"width\":512,\"height\":512,\"caption\":\"Saxby Stone\"},\"image\":{\"@id\":\"https:\/\/saxbystone.com\/lv\/#\/schema\/logo\/image\/\"},\"sameAs\":[\"https:\/\/www.instagram.com\/saxbystone\/\"]}]}<\/script>\n<!-- \/ Yoast SEO plugin. -->","yoast_head_json":{"title":"J\u00e4mtland Grey ka\u013c\u0137akmens - Saxby Stone","robots":{"index":"index","follow":"follow","max-snippet":"max-snippet:-1","max-image-preview":"max-image-preview:large","max-video-preview":"max-video-preview:-1"},"canonical":"https:\/\/saxbystone.com\/lv\/produkts\/jamtlands-grey\/","og_locale":"lv_LV","og_type":"article","og_title":"J\u00e4mtland Grey ka\u013c\u0137akmens - Saxby Stone","og_description":"J\u00e4mtland Grey ka\u013c\u0137akmeni, kas ir nacion\u0101lais favor\u012btmateri\u0101ls Zviedrij\u0101, ieg\u016bst no kalniem net\u0101lu no Ostersundas un Brunflo Zviedrij\u0101, kur ka\u013c\u0137akmens izveidojies pirms vair\u0101k nek\u0101 465 miljoniem gadu, un to uzskata par vec\u0101ko un ciet\u0101ko ka\u013c\u0137akmeni Eirop\u0101.  Arhitekti nor\u0101da specifik\u0101cij\u0101s \u0161o ka\u013c\u0137akmeni, kad klienti v\u0113las pievilc\u012bgu un iztur\u012bgu ka\u013c\u0137akmeni, kas vienlaic\u012bgi ir ar\u012b nesatricin\u0101ms Zviedrijas nacion\u0101l\u0101s identit\u0101tes simbols.  J\u00e4mtland Grey ka\u013c\u0137akmens pie\u0161\u0137ir nenov\u0113rt\u0113tu kvalit\u0101tes un iztur\u012bbas iespaidu gan smalkam juristu birojam Stokholmas centr\u0101, gan vasarn\u012bcai att\u0101lin\u0101t\u0101 arhipel\u0101ga rajon\u0101.  Pieejama mat\u0113ta apdare.  Lai redz\u0113tu cenu, izv\u0113lieties fl\u012bzes izm\u0113ru. Bezmaksas pieg\u0101de ir pas\u016bt\u012bjumiem virs 25 m2.","og_url":"https:\/\/saxbystone.com\/lv\/produkts\/jamtlands-grey\/","og_site_name":"Saxby Stone","article_modified_time":"2025-11-28T09:14:35+00:00","og_image":[{"width":2048,"height":1536,"url":"https:\/\/saxbystone.com\/wp-content\/uploads\/2024\/10\/Jamtlands-Grey-Mannheimer-Swartling-office.jpg","type":"image\/jpeg"}],"twitter_card":"summary_large_image","twitter_misc":{"Est. reading time":"1 minute"},"schema":{"@context":"https:\/\/schema.org","@graph":[{"@type":"WebPage","@id":"https:\/\/saxbystone.com\/lv\/produkts\/jamtlands-grey\/","url":"https:\/\/saxbystone.com\/lv\/produkts\/jamtlands-grey\/","name":"J\u00e4mtland Grey ka\u013c\u0137akmens - Saxby Stone","isPartOf":{"@id":"https:\/\/saxbystone.com\/lv\/#website"},"primaryImageOfPage":{"@id":"https:\/\/saxbystone.com\/lv\/produkts\/jamtlands-grey\/#primaryimage"},"image":{"@id":"https:\/\/saxbystone.com\/lv\/produkts\/jamtlands-grey\/#primaryimage"},"thumbnailUrl":"https:\/\/saxbystone.com\/wp-content\/uploads\/2024\/10\/Jamtlands-Grey-Mannheimer-Swartling-office.jpg","datePublished":"2024-10-25T13:08:19+00:00","dateModified":"2025-11-28T09:14:35+00:00","breadcrumb":{"@id":"https:\/\/saxbystone.com\/lv\/produkts\/jamtlands-grey\/#breadcrumb"},"inLanguage":"lv-LV","potentialAction":[{"@type":"ReadAction","target":["https:\/\/saxbystone.com\/lv\/produkts\/jamtlands-grey\/"]}]},{"@type":"ImageObject","inLanguage":"lv-LV","@id":"https:\/\/saxbystone.com\/lv\/produkts\/jamtlands-grey\/#primaryimage","url":"https:\/\/saxbystone.com\/wp-content\/uploads\/2024\/10\/Jamtlands-Grey-Mannheimer-Swartling-office.jpg","contentUrl":"https:\/\/saxbystone.com\/wp-content\/uploads\/2024\/10\/Jamtlands-Grey-Mannheimer-Swartling-office.jpg","width":2048,"height":1536},{"@type":"BreadcrumbList","@id":"https:\/\/saxbystone.com\/lv\/produkts\/jamtlands-grey\/#breadcrumb","itemListElement":[{"@type":"ListItem","position":1,"name":"Home","item":"https:\/\/saxbystone.com\/lv\/"},{"@type":"ListItem","position":2,"name":"Akmens fl\u012bzes","item":"https:\/\/saxbystone.com\/stone-tiles\/"},{"@type":"ListItem","position":3,"name":"J\u00e4mtland Grey ka\u013c\u0137akmens"}]},{"@type":"WebSite","@id":"https:\/\/saxbystone.com\/lv\/#website","url":"https:\/\/saxbystone.com\/lv\/","name":"Saxby Stone","description":"Natural stone tiles","publisher":{"@id":"https:\/\/saxbystone.com\/lv\/#organization"},"potentialAction":[{"@type":"SearchAction","target":{"@type":"EntryPoint","urlTemplate":"https:\/\/saxbystone.com\/lv\/?s={search_term_string}"},"query-input":{"@type":"PropertyValueSpecification","valueRequired":true,"valueName":"search_term_string"}}],"inLanguage":"lv-LV"},{"@type":"Organization","@id":"https:\/\/saxbystone.com\/lv\/#organization","name":"Saxby Stone","url":"https:\/\/saxbystone.com\/lv\/","logo":{"@type":"ImageObject","inLanguage":"lv-LV","@id":"https:\/\/saxbystone.com\/lv\/#\/schema\/logo\/image\/","url":"https:\/\/saxbystone.com\/wp-content\/uploads\/2024\/09\/cropped-Saxby-Stone-logo-official-1st.png","contentUrl":"https:\/\/saxbystone.com\/wp-content\/uploads\/2024\/09\/cropped-Saxby-Stone-logo-official-1st.png","width":512,"height":512,"caption":"Saxby Stone"},"image":{"@id":"https:\/\/saxbystone.com\/lv\/#\/schema\/logo\/image\/"},"sameAs":["https:\/\/www.instagram.com\/saxbystone\/"]}]}},"_links":{"self":[{"href":"https:\/\/saxbystone.com\/lv\/wp-json\/wp\/v2\/product\/4038","targetHints":{"allow":["GET"]}}],"collection":[{"href":"https:\/\/saxbystone.com\/lv\/wp-json\/wp\/v2\/product"}],"about":[{"href":"https:\/\/saxbystone.com\/lv\/wp-json\/wp\/v2\/types\/product"}],"wp:featuredmedia":[{"embeddable":true,"href":"https:\/\/saxbystone.com\/lv\/wp-json\/wp\/v2\/media\/4039"}],"wp:attachment":[{"href":"https:\/\/saxbystone.com\/lv\/wp-json\/wp\/v2\/media?parent=4038"}],"wp:term":[{"taxonomy":"product_brand","embeddable":true,"href":"https:\/\/saxbystone.com\/lv\/wp-json\/wp\/v2\/product_brand?post=4038"},{"taxonomy":"product_cat","embeddable":true,"href":"https:\/\/saxbystone.com\/lv\/wp-json\/wp\/v2\/product_cat?post=4038"},{"taxonomy":"product_tag","embeddable":true,"href":"https:\/\/saxbystone.com\/lv\/wp-json\/wp\/v2\/product_tag?post=4038"}],"curies":[{"name":"wp","href":"https:\/\/api.w.org\/{rel}","templated":true}]}}