{"id":4028,"date":"2024-10-25T15:58:17","date_gmt":"2024-10-25T12:58:17","guid":{"rendered":"https:\/\/saxbystone.com\/product\/botnijas-zilais-kalkakmens\/"},"modified":"2026-04-09T08:17:29","modified_gmt":"2026-04-09T05:17:29","slug":"bothnia-blue","status":"publish","type":"product","link":"https:\/\/saxbystone.com\/lv\/produkts\/bothnia-blue\/","title":{"rendered":"Bothnia Blue ka\u013c\u0137akmens"},"content":{"rendered":"","protected":false},"excerpt":{"rendered":"<p>Bothnia Blue ka\u013c\u0137akmeni, kas paz\u012bstams ar\u012b k\u0101 Ata\u00edja Azul, ieg\u016bst Portug\u0101les centr\u0101laj\u0101 da\u013c\u0101 net\u0101lu no v\u0113sturisk\u0101s Alkobasas pils\u0113tas. Tam piem\u012bt zilgani kr\u0101sas to\u0146i ar nedaudz fos\u012bliju iez\u012bm\u0113m un \u016bdens l\u012bnij\u0101m, kas padara \u0161o akmeni vienreiz\u0113ju. \u0160o ka\u013c\u0137akmeni izmanto gan gr\u012bdas, gan sienu fl\u012bz\u0113m, k\u0101 ar\u012b k\u0101p\u0146u un logu palod\u017eu izgatavo\u0161anai.<\/p>\n<p>Bothnia Blue ka\u013c\u0137akmens zilganais kr\u0101sas tonis piem\u012bt tikai nedaudziem ka\u013c\u0137akme\u0146iem, t\u0101p\u0113c m\u0113s dom\u0101jam, ka tas ir iedvesmojo\u0161s un vienreiz\u0113js.<\/p>\n<p>Pieejama mat\u0113ta un birst\u0113ta apdare.<\/p>\n<p><em>Lai redz\u0113tu cenu, izv\u0113lieties fl\u012bzes izm\u0113ru. Bezmaksas pieg\u0101de ir pas\u016bt\u012bjumiem virs 25 m<sup>2<\/sup>.<\/em><\/p>\n","protected":false},"featured_media":4029,"template":"","meta":{"_acf_changed":false},"product_brand":[],"product_cat":[188,187],"product_tag":[],"class_list":{"0":"post-4028","1":"product","2":"type-product","3":"status-publish","4":"has-post-thumbnail","6":"product_cat-visas-flizes","7":"product_cat-gridas-sienas-flizes","9":"first","10":"instock","11":"shipping-taxable","12":"purchasable","13":"product-type-variable","14":"add-to-wishlist-after_add_to_cart"},"acf":[],"yoast_head":"<!-- This site is optimized with the Yoast SEO plugin v26.4 - https:\/\/yoast.com\/wordpress\/plugins\/seo\/ -->\n<title>Bothnia Blue ka\u013c\u0137akmens - Saxby Stone<\/title>\n<meta name=\"robots\" content=\"index, follow, max-snippet:-1, max-image-preview:large, max-video-preview:-1\" \/>\n<link rel=\"canonical\" href=\"https:\/\/saxbystone.com\/lv\/produkts\/bothnia-blue\/\" \/>\n<meta property=\"og:locale\" content=\"lv_LV\" \/>\n<meta property=\"og:type\" content=\"article\" \/>\n<meta property=\"og:title\" content=\"Bothnia Blue ka\u013c\u0137akmens - Saxby Stone\" \/>\n<meta property=\"og:description\" content=\"Bothnia Blue ka\u013c\u0137akmeni, kas paz\u012bstams ar\u012b k\u0101 Ata\u00edja Azul, ieg\u016bst Portug\u0101les centr\u0101laj\u0101 da\u013c\u0101 net\u0101lu no v\u0113sturisk\u0101s Alkobasas pils\u0113tas. Tam piem\u012bt zilgani kr\u0101sas to\u0146i ar nedaudz fos\u012bliju iez\u012bm\u0113m un \u016bdens l\u012bnij\u0101m, kas padara \u0161o akmeni vienreiz\u0113ju. \u0160o ka\u013c\u0137akmeni izmanto gan gr\u012bdas, gan sienu fl\u012bz\u0113m, k\u0101 ar\u012b k\u0101p\u0146u un logu palod\u017eu izgatavo\u0161anai.  Bothnia Blue ka\u013c\u0137akmens zilganais kr\u0101sas tonis piem\u012bt tikai nedaudziem ka\u013c\u0137akme\u0146iem, t\u0101p\u0113c m\u0113s dom\u0101jam, ka tas ir iedvesmojo\u0161s un vienreiz\u0113js.  Pieejama mat\u0113ta un birst\u0113ta apdare.  Lai redz\u0113tu cenu, izv\u0113lieties fl\u012bzes izm\u0113ru. Bezmaksas pieg\u0101de ir pas\u016bt\u012bjumiem virs 25 m2.\" \/>\n<meta property=\"og:url\" content=\"https:\/\/saxbystone.com\/lv\/produkts\/bothnia-blue\/\" \/>\n<meta property=\"og:site_name\" content=\"Saxby Stone\" \/>\n<meta property=\"article:modified_time\" content=\"2026-04-09T05:17:29+00:00\" \/>\n<meta property=\"og:image\" content=\"https:\/\/saxbystone.com\/wp-content\/uploads\/2024\/10\/Bothnia-Blue-Limestone-e1731400655645.jpg\" \/>\n\t<meta property=\"og:image:width\" content=\"695\" \/>\n\t<meta property=\"og:image:height\" content=\"500\" \/>\n\t<meta property=\"og:image:type\" content=\"image\/jpeg\" \/>\n<meta name=\"twitter:card\" content=\"summary_large_image\" \/>\n<meta name=\"twitter:label1\" content=\"Est. reading time\" \/>\n\t<meta name=\"twitter:data1\" content=\"1 minute\" \/>\n<script type=\"application\/ld+json\" class=\"yoast-schema-graph\">{\"@context\":\"https:\/\/schema.org\",\"@graph\":[{\"@type\":\"WebPage\",\"@id\":\"https:\/\/saxbystone.com\/lv\/produkts\/bothnia-blue\/\",\"url\":\"https:\/\/saxbystone.com\/lv\/produkts\/bothnia-blue\/\",\"name\":\"Bothnia Blue ka\u013c\u0137akmens - Saxby Stone\",\"isPartOf\":{\"@id\":\"https:\/\/saxbystone.com\/lv\/#website\"},\"primaryImageOfPage\":{\"@id\":\"https:\/\/saxbystone.com\/lv\/produkts\/bothnia-blue\/#primaryimage\"},\"image\":{\"@id\":\"https:\/\/saxbystone.com\/lv\/produkts\/bothnia-blue\/#primaryimage\"},\"thumbnailUrl\":\"https:\/\/saxbystone.com\/wp-content\/uploads\/2024\/10\/Bothnia-Blue-Limestone-e1731400655645.jpg\",\"datePublished\":\"2024-10-25T12:58:17+00:00\",\"dateModified\":\"2026-04-09T05:17:29+00:00\",\"breadcrumb\":{\"@id\":\"https:\/\/saxbystone.com\/lv\/produkts\/bothnia-blue\/#breadcrumb\"},\"inLanguage\":\"lv-LV\",\"potentialAction\":[{\"@type\":\"ReadAction\",\"target\":[\"https:\/\/saxbystone.com\/lv\/produkts\/bothnia-blue\/\"]}]},{\"@type\":\"ImageObject\",\"inLanguage\":\"lv-LV\",\"@id\":\"https:\/\/saxbystone.com\/lv\/produkts\/bothnia-blue\/#primaryimage\",\"url\":\"https:\/\/saxbystone.com\/wp-content\/uploads\/2024\/10\/Bothnia-Blue-Limestone-e1731400655645.jpg\",\"contentUrl\":\"https:\/\/saxbystone.com\/wp-content\/uploads\/2024\/10\/Bothnia-Blue-Limestone-e1731400655645.jpg\",\"width\":695,\"height\":500},{\"@type\":\"BreadcrumbList\",\"@id\":\"https:\/\/saxbystone.com\/lv\/produkts\/bothnia-blue\/#breadcrumb\",\"itemListElement\":[{\"@type\":\"ListItem\",\"position\":1,\"name\":\"Home\",\"item\":\"https:\/\/saxbystone.com\/lv\/\"},{\"@type\":\"ListItem\",\"position\":2,\"name\":\"Akmens fl\u012bzes\",\"item\":\"https:\/\/saxbystone.com\/stone-tiles\/\"},{\"@type\":\"ListItem\",\"position\":3,\"name\":\"Bothnia Blue ka\u013c\u0137akmens\"}]},{\"@type\":\"WebSite\",\"@id\":\"https:\/\/saxbystone.com\/lv\/#website\",\"url\":\"https:\/\/saxbystone.com\/lv\/\",\"name\":\"Saxby Stone\",\"description\":\"Natural stone tiles\",\"publisher\":{\"@id\":\"https:\/\/saxbystone.com\/lv\/#organization\"},\"potentialAction\":[{\"@type\":\"SearchAction\",\"target\":{\"@type\":\"EntryPoint\",\"urlTemplate\":\"https:\/\/saxbystone.com\/lv\/?s={search_term_string}\"},\"query-input\":{\"@type\":\"PropertyValueSpecification\",\"valueRequired\":true,\"valueName\":\"search_term_string\"}}],\"inLanguage\":\"lv-LV\"},{\"@type\":\"Organization\",\"@id\":\"https:\/\/saxbystone.com\/lv\/#organization\",\"name\":\"Saxby Stone\",\"url\":\"https:\/\/saxbystone.com\/lv\/\",\"logo\":{\"@type\":\"ImageObject\",\"inLanguage\":\"lv-LV\",\"@id\":\"https:\/\/saxbystone.com\/lv\/#\/schema\/logo\/image\/\",\"url\":\"https:\/\/saxbystone.com\/wp-content\/uploads\/2024\/09\/cropped-Saxby-Stone-logo-official-1st.png\",\"contentUrl\":\"https:\/\/saxbystone.com\/wp-content\/uploads\/2024\/09\/cropped-Saxby-Stone-logo-official-1st.png\",\"width\":512,\"height\":512,\"caption\":\"Saxby Stone\"},\"image\":{\"@id\":\"https:\/\/saxbystone.com\/lv\/#\/schema\/logo\/image\/\"},\"sameAs\":[\"https:\/\/www.instagram.com\/saxbystone\/\"]}]}<\/script>\n<!-- \/ Yoast SEO plugin. -->","yoast_head_json":{"title":"Bothnia Blue ka\u013c\u0137akmens - Saxby Stone","robots":{"index":"index","follow":"follow","max-snippet":"max-snippet:-1","max-image-preview":"max-image-preview:large","max-video-preview":"max-video-preview:-1"},"canonical":"https:\/\/saxbystone.com\/lv\/produkts\/bothnia-blue\/","og_locale":"lv_LV","og_type":"article","og_title":"Bothnia Blue ka\u013c\u0137akmens - Saxby Stone","og_description":"Bothnia Blue ka\u013c\u0137akmeni, kas paz\u012bstams ar\u012b k\u0101 Ata\u00edja Azul, ieg\u016bst Portug\u0101les centr\u0101laj\u0101 da\u013c\u0101 net\u0101lu no v\u0113sturisk\u0101s Alkobasas pils\u0113tas. Tam piem\u012bt zilgani kr\u0101sas to\u0146i ar nedaudz fos\u012bliju iez\u012bm\u0113m un \u016bdens l\u012bnij\u0101m, kas padara \u0161o akmeni vienreiz\u0113ju. \u0160o ka\u013c\u0137akmeni izmanto gan gr\u012bdas, gan sienu fl\u012bz\u0113m, k\u0101 ar\u012b k\u0101p\u0146u un logu palod\u017eu izgatavo\u0161anai.  Bothnia Blue ka\u013c\u0137akmens zilganais kr\u0101sas tonis piem\u012bt tikai nedaudziem ka\u013c\u0137akme\u0146iem, t\u0101p\u0113c m\u0113s dom\u0101jam, ka tas ir iedvesmojo\u0161s un vienreiz\u0113js.  Pieejama mat\u0113ta un birst\u0113ta apdare.  Lai redz\u0113tu cenu, izv\u0113lieties fl\u012bzes izm\u0113ru. Bezmaksas pieg\u0101de ir pas\u016bt\u012bjumiem virs 25 m2.","og_url":"https:\/\/saxbystone.com\/lv\/produkts\/bothnia-blue\/","og_site_name":"Saxby Stone","article_modified_time":"2026-04-09T05:17:29+00:00","og_image":[{"width":695,"height":500,"url":"https:\/\/saxbystone.com\/wp-content\/uploads\/2024\/10\/Bothnia-Blue-Limestone-e1731400655645.jpg","type":"image\/jpeg"}],"twitter_card":"summary_large_image","twitter_misc":{"Est. reading time":"1 minute"},"schema":{"@context":"https:\/\/schema.org","@graph":[{"@type":"WebPage","@id":"https:\/\/saxbystone.com\/lv\/produkts\/bothnia-blue\/","url":"https:\/\/saxbystone.com\/lv\/produkts\/bothnia-blue\/","name":"Bothnia Blue ka\u013c\u0137akmens - Saxby Stone","isPartOf":{"@id":"https:\/\/saxbystone.com\/lv\/#website"},"primaryImageOfPage":{"@id":"https:\/\/saxbystone.com\/lv\/produkts\/bothnia-blue\/#primaryimage"},"image":{"@id":"https:\/\/saxbystone.com\/lv\/produkts\/bothnia-blue\/#primaryimage"},"thumbnailUrl":"https:\/\/saxbystone.com\/wp-content\/uploads\/2024\/10\/Bothnia-Blue-Limestone-e1731400655645.jpg","datePublished":"2024-10-25T12:58:17+00:00","dateModified":"2026-04-09T05:17:29+00:00","breadcrumb":{"@id":"https:\/\/saxbystone.com\/lv\/produkts\/bothnia-blue\/#breadcrumb"},"inLanguage":"lv-LV","potentialAction":[{"@type":"ReadAction","target":["https:\/\/saxbystone.com\/lv\/produkts\/bothnia-blue\/"]}]},{"@type":"ImageObject","inLanguage":"lv-LV","@id":"https:\/\/saxbystone.com\/lv\/produkts\/bothnia-blue\/#primaryimage","url":"https:\/\/saxbystone.com\/wp-content\/uploads\/2024\/10\/Bothnia-Blue-Limestone-e1731400655645.jpg","contentUrl":"https:\/\/saxbystone.com\/wp-content\/uploads\/2024\/10\/Bothnia-Blue-Limestone-e1731400655645.jpg","width":695,"height":500},{"@type":"BreadcrumbList","@id":"https:\/\/saxbystone.com\/lv\/produkts\/bothnia-blue\/#breadcrumb","itemListElement":[{"@type":"ListItem","position":1,"name":"Home","item":"https:\/\/saxbystone.com\/lv\/"},{"@type":"ListItem","position":2,"name":"Akmens fl\u012bzes","item":"https:\/\/saxbystone.com\/stone-tiles\/"},{"@type":"ListItem","position":3,"name":"Bothnia Blue ka\u013c\u0137akmens"}]},{"@type":"WebSite","@id":"https:\/\/saxbystone.com\/lv\/#website","url":"https:\/\/saxbystone.com\/lv\/","name":"Saxby Stone","description":"Natural stone tiles","publisher":{"@id":"https:\/\/saxbystone.com\/lv\/#organization"},"potentialAction":[{"@type":"SearchAction","target":{"@type":"EntryPoint","urlTemplate":"https:\/\/saxbystone.com\/lv\/?s={search_term_string}"},"query-input":{"@type":"PropertyValueSpecification","valueRequired":true,"valueName":"search_term_string"}}],"inLanguage":"lv-LV"},{"@type":"Organization","@id":"https:\/\/saxbystone.com\/lv\/#organization","name":"Saxby Stone","url":"https:\/\/saxbystone.com\/lv\/","logo":{"@type":"ImageObject","inLanguage":"lv-LV","@id":"https:\/\/saxbystone.com\/lv\/#\/schema\/logo\/image\/","url":"https:\/\/saxbystone.com\/wp-content\/uploads\/2024\/09\/cropped-Saxby-Stone-logo-official-1st.png","contentUrl":"https:\/\/saxbystone.com\/wp-content\/uploads\/2024\/09\/cropped-Saxby-Stone-logo-official-1st.png","width":512,"height":512,"caption":"Saxby Stone"},"image":{"@id":"https:\/\/saxbystone.com\/lv\/#\/schema\/logo\/image\/"},"sameAs":["https:\/\/www.instagram.com\/saxbystone\/"]}]}},"_links":{"self":[{"href":"https:\/\/saxbystone.com\/lv\/wp-json\/wp\/v2\/product\/4028","targetHints":{"allow":["GET"]}}],"collection":[{"href":"https:\/\/saxbystone.com\/lv\/wp-json\/wp\/v2\/product"}],"about":[{"href":"https:\/\/saxbystone.com\/lv\/wp-json\/wp\/v2\/types\/product"}],"wp:featuredmedia":[{"embeddable":true,"href":"https:\/\/saxbystone.com\/lv\/wp-json\/wp\/v2\/media\/4029"}],"wp:attachment":[{"href":"https:\/\/saxbystone.com\/lv\/wp-json\/wp\/v2\/media?parent=4028"}],"wp:term":[{"taxonomy":"product_brand","embeddable":true,"href":"https:\/\/saxbystone.com\/lv\/wp-json\/wp\/v2\/product_brand?post=4028"},{"taxonomy":"product_cat","embeddable":true,"href":"https:\/\/saxbystone.com\/lv\/wp-json\/wp\/v2\/product_cat?post=4028"},{"taxonomy":"product_tag","embeddable":true,"href":"https:\/\/saxbystone.com\/lv\/wp-json\/wp\/v2\/product_tag?post=4028"}],"curies":[{"name":"wp","href":"https:\/\/api.w.org\/{rel}","templated":true}]}}