{"id":4018,"date":"2024-10-25T15:31:57","date_gmt":"2024-10-25T12:31:57","guid":{"rendered":"https:\/\/saxbystone.com\/product\/moleanos-zilais-kalkakmens\/"},"modified":"2026-04-09T08:26:59","modified_gmt":"2026-04-09T05:26:59","slug":"moleanos-blue","status":"publish","type":"product","link":"https:\/\/saxbystone.com\/lv\/produkts\/moleanos-blue\/","title":{"rendered":"Moleanos Blue ka\u013c\u0137akmens"},"content":{"rendered":"","protected":false},"excerpt":{"rendered":"<p>Moleanos Blue ka\u013c\u0137akmens gai\u0161i pel\u0113k\u0101s un zilgan\u0101s kr\u0101sas ir iecien\u012bju\u0161i arhitekti un interjera dizaineri Skandin\u0101vijas re\u0123ion\u0101, v\u0113loties rad\u012bt modernu un minim\u0101lisma stilu. \u0160\u012b ka\u013c\u0137akmens, ko pla\u0161i izmanto k\u0101 gr\u012bdas fl\u012bzes un logu palodzes, raksturu lieliski papildina j\u016bras glieme\u017en\u012bcu fos\u012blijas.<\/p>\n<p>Pul\u0113tas fl\u012bzes ar taisnu z\u0101\u0123\u0113tu malu ir \u013coti labi piem\u0113rotas modern\u0101m m\u016bsdien\u012bg\u0101m vill\u0101m un dz\u012bvok\u013ciem. \u0160\u012b ka\u013c\u0137akmens stipr\u012bba un iztur\u012bba noz\u012bm\u0113, ka tam nepar\u0101d\u012bsies noveco\u0161anas vai nodiluma iez\u012bmes pat p\u0113c ilgiem gadiem.<\/p>\n<p>Pieejama mat\u0113ta un birst\u0113ta apdare.<\/p>\n<p><em>Lai redz\u0113tu cenu, izv\u0113lieties fl\u012bzes izm\u0113ru. Bezmaksas pieg\u0101de ir pas\u016bt\u012bjumiem virs 25 m<sup>2<\/sup>.<\/em><\/p>\n","protected":false},"featured_media":4019,"template":"","meta":{"_acf_changed":false},"product_brand":[],"product_cat":[188,187,190],"product_tag":[],"class_list":{"0":"post-4018","1":"product","2":"type-product","3":"status-publish","4":"has-post-thumbnail","6":"product_cat-visas-flizes","7":"product_cat-gridas-sienas-flizes","8":"product_cat-darba-virsmas-palodzes","10":"first","11":"instock","12":"shipping-taxable","13":"purchasable","14":"product-type-variable","15":"add-to-wishlist-after_add_to_cart"},"acf":[],"yoast_head":"<!-- This site is optimized with the Yoast SEO plugin v26.4 - https:\/\/yoast.com\/wordpress\/plugins\/seo\/ -->\n<title>Moleanos Blue ka\u013c\u0137akmens - Saxby Stone<\/title>\n<meta name=\"robots\" content=\"index, follow, max-snippet:-1, max-image-preview:large, max-video-preview:-1\" \/>\n<link rel=\"canonical\" href=\"https:\/\/saxbystone.com\/lv\/produkts\/moleanos-blue\/\" \/>\n<meta property=\"og:locale\" content=\"lv_LV\" \/>\n<meta property=\"og:type\" content=\"article\" \/>\n<meta property=\"og:title\" content=\"Moleanos Blue ka\u013c\u0137akmens - Saxby Stone\" \/>\n<meta property=\"og:description\" content=\"Moleanos Blue ka\u013c\u0137akmens gai\u0161i pel\u0113k\u0101s un zilgan\u0101s kr\u0101sas ir iecien\u012bju\u0161i arhitekti un interjera dizaineri Skandin\u0101vijas re\u0123ion\u0101, v\u0113loties rad\u012bt modernu un minim\u0101lisma stilu. \u0160\u012b ka\u013c\u0137akmens, ko pla\u0161i izmanto k\u0101 gr\u012bdas fl\u012bzes un logu palodzes, raksturu lieliski papildina j\u016bras glieme\u017en\u012bcu fos\u012blijas.  Pul\u0113tas fl\u012bzes ar taisnu z\u0101\u0123\u0113tu malu ir \u013coti labi piem\u0113rotas modern\u0101m m\u016bsdien\u012bg\u0101m vill\u0101m un dz\u012bvok\u013ciem. \u0160\u012b ka\u013c\u0137akmens stipr\u012bba un iztur\u012bba noz\u012bm\u0113, ka tam nepar\u0101d\u012bsies noveco\u0161anas vai nodiluma iez\u012bmes pat p\u0113c ilgiem gadiem.  Pieejama mat\u0113ta un birst\u0113ta apdare.  Lai redz\u0113tu cenu, izv\u0113lieties fl\u012bzes izm\u0113ru. Bezmaksas pieg\u0101de ir pas\u016bt\u012bjumiem virs 25 m2.\" \/>\n<meta property=\"og:url\" content=\"https:\/\/saxbystone.com\/lv\/produkts\/moleanos-blue\/\" \/>\n<meta property=\"og:site_name\" content=\"Saxby Stone\" \/>\n<meta property=\"article:modified_time\" content=\"2026-04-09T05:26:59+00:00\" \/>\n<meta property=\"og:image\" content=\"https:\/\/saxbystone.com\/wp-content\/uploads\/2024\/10\/Moleanos-Blue-Limestone.jpg\" \/>\n\t<meta property=\"og:image:width\" content=\"900\" \/>\n\t<meta property=\"og:image:height\" content=\"600\" \/>\n\t<meta property=\"og:image:type\" content=\"image\/jpeg\" \/>\n<meta name=\"twitter:card\" content=\"summary_large_image\" \/>\n<meta name=\"twitter:label1\" content=\"Est. reading time\" \/>\n\t<meta name=\"twitter:data1\" content=\"1 minute\" \/>\n<script type=\"application\/ld+json\" class=\"yoast-schema-graph\">{\"@context\":\"https:\/\/schema.org\",\"@graph\":[{\"@type\":\"WebPage\",\"@id\":\"https:\/\/saxbystone.com\/lv\/produkts\/moleanos-blue\/\",\"url\":\"https:\/\/saxbystone.com\/lv\/produkts\/moleanos-blue\/\",\"name\":\"Moleanos Blue ka\u013c\u0137akmens - Saxby Stone\",\"isPartOf\":{\"@id\":\"https:\/\/saxbystone.com\/lv\/#website\"},\"primaryImageOfPage\":{\"@id\":\"https:\/\/saxbystone.com\/lv\/produkts\/moleanos-blue\/#primaryimage\"},\"image\":{\"@id\":\"https:\/\/saxbystone.com\/lv\/produkts\/moleanos-blue\/#primaryimage\"},\"thumbnailUrl\":\"https:\/\/saxbystone.com\/wp-content\/uploads\/2024\/10\/Moleanos-Blue-Limestone.jpg\",\"datePublished\":\"2024-10-25T12:31:57+00:00\",\"dateModified\":\"2026-04-09T05:26:59+00:00\",\"breadcrumb\":{\"@id\":\"https:\/\/saxbystone.com\/lv\/produkts\/moleanos-blue\/#breadcrumb\"},\"inLanguage\":\"lv-LV\",\"potentialAction\":[{\"@type\":\"ReadAction\",\"target\":[\"https:\/\/saxbystone.com\/lv\/produkts\/moleanos-blue\/\"]}]},{\"@type\":\"ImageObject\",\"inLanguage\":\"lv-LV\",\"@id\":\"https:\/\/saxbystone.com\/lv\/produkts\/moleanos-blue\/#primaryimage\",\"url\":\"https:\/\/saxbystone.com\/wp-content\/uploads\/2024\/10\/Moleanos-Blue-Limestone.jpg\",\"contentUrl\":\"https:\/\/saxbystone.com\/wp-content\/uploads\/2024\/10\/Moleanos-Blue-Limestone.jpg\",\"width\":900,\"height\":600},{\"@type\":\"BreadcrumbList\",\"@id\":\"https:\/\/saxbystone.com\/lv\/produkts\/moleanos-blue\/#breadcrumb\",\"itemListElement\":[{\"@type\":\"ListItem\",\"position\":1,\"name\":\"Home\",\"item\":\"https:\/\/saxbystone.com\/lv\/\"},{\"@type\":\"ListItem\",\"position\":2,\"name\":\"Akmens fl\u012bzes\",\"item\":\"https:\/\/saxbystone.com\/stone-tiles\/\"},{\"@type\":\"ListItem\",\"position\":3,\"name\":\"Moleanos Blue ka\u013c\u0137akmens\"}]},{\"@type\":\"WebSite\",\"@id\":\"https:\/\/saxbystone.com\/lv\/#website\",\"url\":\"https:\/\/saxbystone.com\/lv\/\",\"name\":\"Saxby Stone\",\"description\":\"Natural stone tiles\",\"publisher\":{\"@id\":\"https:\/\/saxbystone.com\/lv\/#organization\"},\"potentialAction\":[{\"@type\":\"SearchAction\",\"target\":{\"@type\":\"EntryPoint\",\"urlTemplate\":\"https:\/\/saxbystone.com\/lv\/?s={search_term_string}\"},\"query-input\":{\"@type\":\"PropertyValueSpecification\",\"valueRequired\":true,\"valueName\":\"search_term_string\"}}],\"inLanguage\":\"lv-LV\"},{\"@type\":\"Organization\",\"@id\":\"https:\/\/saxbystone.com\/lv\/#organization\",\"name\":\"Saxby Stone\",\"url\":\"https:\/\/saxbystone.com\/lv\/\",\"logo\":{\"@type\":\"ImageObject\",\"inLanguage\":\"lv-LV\",\"@id\":\"https:\/\/saxbystone.com\/lv\/#\/schema\/logo\/image\/\",\"url\":\"https:\/\/saxbystone.com\/wp-content\/uploads\/2024\/09\/cropped-Saxby-Stone-logo-official-1st.png\",\"contentUrl\":\"https:\/\/saxbystone.com\/wp-content\/uploads\/2024\/09\/cropped-Saxby-Stone-logo-official-1st.png\",\"width\":512,\"height\":512,\"caption\":\"Saxby Stone\"},\"image\":{\"@id\":\"https:\/\/saxbystone.com\/lv\/#\/schema\/logo\/image\/\"},\"sameAs\":[\"https:\/\/www.instagram.com\/saxbystone\/\"]}]}<\/script>\n<!-- \/ Yoast SEO plugin. -->","yoast_head_json":{"title":"Moleanos Blue ka\u013c\u0137akmens - Saxby Stone","robots":{"index":"index","follow":"follow","max-snippet":"max-snippet:-1","max-image-preview":"max-image-preview:large","max-video-preview":"max-video-preview:-1"},"canonical":"https:\/\/saxbystone.com\/lv\/produkts\/moleanos-blue\/","og_locale":"lv_LV","og_type":"article","og_title":"Moleanos Blue ka\u013c\u0137akmens - Saxby Stone","og_description":"Moleanos Blue ka\u013c\u0137akmens gai\u0161i pel\u0113k\u0101s un zilgan\u0101s kr\u0101sas ir iecien\u012bju\u0161i arhitekti un interjera dizaineri Skandin\u0101vijas re\u0123ion\u0101, v\u0113loties rad\u012bt modernu un minim\u0101lisma stilu. \u0160\u012b ka\u013c\u0137akmens, ko pla\u0161i izmanto k\u0101 gr\u012bdas fl\u012bzes un logu palodzes, raksturu lieliski papildina j\u016bras glieme\u017en\u012bcu fos\u012blijas.  Pul\u0113tas fl\u012bzes ar taisnu z\u0101\u0123\u0113tu malu ir \u013coti labi piem\u0113rotas modern\u0101m m\u016bsdien\u012bg\u0101m vill\u0101m un dz\u012bvok\u013ciem. \u0160\u012b ka\u013c\u0137akmens stipr\u012bba un iztur\u012bba noz\u012bm\u0113, ka tam nepar\u0101d\u012bsies noveco\u0161anas vai nodiluma iez\u012bmes pat p\u0113c ilgiem gadiem.  Pieejama mat\u0113ta un birst\u0113ta apdare.  Lai redz\u0113tu cenu, izv\u0113lieties fl\u012bzes izm\u0113ru. Bezmaksas pieg\u0101de ir pas\u016bt\u012bjumiem virs 25 m2.","og_url":"https:\/\/saxbystone.com\/lv\/produkts\/moleanos-blue\/","og_site_name":"Saxby Stone","article_modified_time":"2026-04-09T05:26:59+00:00","og_image":[{"width":900,"height":600,"url":"https:\/\/saxbystone.com\/wp-content\/uploads\/2024\/10\/Moleanos-Blue-Limestone.jpg","type":"image\/jpeg"}],"twitter_card":"summary_large_image","twitter_misc":{"Est. reading time":"1 minute"},"schema":{"@context":"https:\/\/schema.org","@graph":[{"@type":"WebPage","@id":"https:\/\/saxbystone.com\/lv\/produkts\/moleanos-blue\/","url":"https:\/\/saxbystone.com\/lv\/produkts\/moleanos-blue\/","name":"Moleanos Blue ka\u013c\u0137akmens - Saxby Stone","isPartOf":{"@id":"https:\/\/saxbystone.com\/lv\/#website"},"primaryImageOfPage":{"@id":"https:\/\/saxbystone.com\/lv\/produkts\/moleanos-blue\/#primaryimage"},"image":{"@id":"https:\/\/saxbystone.com\/lv\/produkts\/moleanos-blue\/#primaryimage"},"thumbnailUrl":"https:\/\/saxbystone.com\/wp-content\/uploads\/2024\/10\/Moleanos-Blue-Limestone.jpg","datePublished":"2024-10-25T12:31:57+00:00","dateModified":"2026-04-09T05:26:59+00:00","breadcrumb":{"@id":"https:\/\/saxbystone.com\/lv\/produkts\/moleanos-blue\/#breadcrumb"},"inLanguage":"lv-LV","potentialAction":[{"@type":"ReadAction","target":["https:\/\/saxbystone.com\/lv\/produkts\/moleanos-blue\/"]}]},{"@type":"ImageObject","inLanguage":"lv-LV","@id":"https:\/\/saxbystone.com\/lv\/produkts\/moleanos-blue\/#primaryimage","url":"https:\/\/saxbystone.com\/wp-content\/uploads\/2024\/10\/Moleanos-Blue-Limestone.jpg","contentUrl":"https:\/\/saxbystone.com\/wp-content\/uploads\/2024\/10\/Moleanos-Blue-Limestone.jpg","width":900,"height":600},{"@type":"BreadcrumbList","@id":"https:\/\/saxbystone.com\/lv\/produkts\/moleanos-blue\/#breadcrumb","itemListElement":[{"@type":"ListItem","position":1,"name":"Home","item":"https:\/\/saxbystone.com\/lv\/"},{"@type":"ListItem","position":2,"name":"Akmens fl\u012bzes","item":"https:\/\/saxbystone.com\/stone-tiles\/"},{"@type":"ListItem","position":3,"name":"Moleanos Blue ka\u013c\u0137akmens"}]},{"@type":"WebSite","@id":"https:\/\/saxbystone.com\/lv\/#website","url":"https:\/\/saxbystone.com\/lv\/","name":"Saxby Stone","description":"Natural stone tiles","publisher":{"@id":"https:\/\/saxbystone.com\/lv\/#organization"},"potentialAction":[{"@type":"SearchAction","target":{"@type":"EntryPoint","urlTemplate":"https:\/\/saxbystone.com\/lv\/?s={search_term_string}"},"query-input":{"@type":"PropertyValueSpecification","valueRequired":true,"valueName":"search_term_string"}}],"inLanguage":"lv-LV"},{"@type":"Organization","@id":"https:\/\/saxbystone.com\/lv\/#organization","name":"Saxby Stone","url":"https:\/\/saxbystone.com\/lv\/","logo":{"@type":"ImageObject","inLanguage":"lv-LV","@id":"https:\/\/saxbystone.com\/lv\/#\/schema\/logo\/image\/","url":"https:\/\/saxbystone.com\/wp-content\/uploads\/2024\/09\/cropped-Saxby-Stone-logo-official-1st.png","contentUrl":"https:\/\/saxbystone.com\/wp-content\/uploads\/2024\/09\/cropped-Saxby-Stone-logo-official-1st.png","width":512,"height":512,"caption":"Saxby Stone"},"image":{"@id":"https:\/\/saxbystone.com\/lv\/#\/schema\/logo\/image\/"},"sameAs":["https:\/\/www.instagram.com\/saxbystone\/"]}]}},"_links":{"self":[{"href":"https:\/\/saxbystone.com\/lv\/wp-json\/wp\/v2\/product\/4018","targetHints":{"allow":["GET"]}}],"collection":[{"href":"https:\/\/saxbystone.com\/lv\/wp-json\/wp\/v2\/product"}],"about":[{"href":"https:\/\/saxbystone.com\/lv\/wp-json\/wp\/v2\/types\/product"}],"wp:featuredmedia":[{"embeddable":true,"href":"https:\/\/saxbystone.com\/lv\/wp-json\/wp\/v2\/media\/4019"}],"wp:attachment":[{"href":"https:\/\/saxbystone.com\/lv\/wp-json\/wp\/v2\/media?parent=4018"}],"wp:term":[{"taxonomy":"product_brand","embeddable":true,"href":"https:\/\/saxbystone.com\/lv\/wp-json\/wp\/v2\/product_brand?post=4018"},{"taxonomy":"product_cat","embeddable":true,"href":"https:\/\/saxbystone.com\/lv\/wp-json\/wp\/v2\/product_cat?post=4018"},{"taxonomy":"product_tag","embeddable":true,"href":"https:\/\/saxbystone.com\/lv\/wp-json\/wp\/v2\/product_tag?post=4018"}],"curies":[{"name":"wp","href":"https:\/\/api.w.org\/{rel}","templated":true}]}}