{"id":4004,"date":"2024-10-25T15:00:21","date_gmt":"2024-10-25T12:00:21","guid":{"rendered":"https:\/\/saxbystone.com\/product\/sederbijas-kalkakmens\/"},"modified":"2026-02-27T08:45:36","modified_gmt":"2026-02-27T06:45:36","slug":"soderby","status":"publish","type":"product","link":"https:\/\/saxbystone.com\/lv\/produkts\/soderby\/","title":{"rendered":"S\u00f6derby ka\u013c\u0137akmens"},"content":{"rendered":"","protected":false},"excerpt":{"rendered":"<p>M\u016bsu S\u00f6derby ka\u013c\u0137akmens fl\u012bzes ar vecin\u0101tu virsmu ir popul\u0101ra izv\u0113le, jo t\u0101m ir kr\u0113mkr\u0101sas fos\u012blijas un rustik\u0101li ielaidumi, kas liek gr\u012bdai izskat\u012bties t\u0101, ir k\u0101 t\u0101 b\u016btu iekl\u0101ta pirms daudziem gadiem. Ide\u0101li piem\u0113rotas izmanto\u0161anai lauku m\u0101jas virtuv\u0113 vai dz\u012bvojam\u0101 telp\u0101.<\/p>\n<p>Gai\u0161i b\u0113\u0161ie kr\u0101su to\u0146i pastiprina dabisk\u0101s gaismas efektu, padarot dz\u012bvojam\u0101s telpas un virtuves gai\u0161\u0101kas un \u012bs\u0101s ziemas dienas omul\u012bg\u0101kas un maz\u0101k pel\u0113kas.<\/p>\n<p>Pieejama vecin\u0101ta apdare.<\/p>\n<p><em>Lai redz\u0113tu cenu, izv\u0113lieties fl\u012bzes izm\u0113ru. Bezmaksas pieg\u0101de ir pas\u016bt\u012bjumiem virs 25 m<sup>2<\/sup>.<\/em><\/p>\n","protected":false},"featured_media":4005,"template":"","meta":{"_acf_changed":false},"product_brand":[],"product_cat":[188,187],"product_tag":[],"class_list":{"0":"post-4004","1":"product","2":"type-product","3":"status-publish","4":"has-post-thumbnail","6":"product_cat-visas-flizes","7":"product_cat-gridas-sienas-flizes","9":"first","10":"instock","11":"shipping-taxable","12":"purchasable","13":"product-type-variable","14":"add-to-wishlist-after_add_to_cart"},"acf":[],"yoast_head":"<!-- This site is optimized with the Yoast SEO plugin v26.4 - https:\/\/yoast.com\/wordpress\/plugins\/seo\/ -->\n<title>S\u00f6derby ka\u013c\u0137akmens - Saxby Stone<\/title>\n<meta name=\"robots\" content=\"index, follow, max-snippet:-1, max-image-preview:large, max-video-preview:-1\" \/>\n<link rel=\"canonical\" href=\"https:\/\/saxbystone.com\/lv\/produkts\/soderby\/\" \/>\n<meta property=\"og:locale\" content=\"lv_LV\" \/>\n<meta property=\"og:type\" content=\"article\" \/>\n<meta property=\"og:title\" content=\"S\u00f6derby ka\u013c\u0137akmens - Saxby Stone\" \/>\n<meta property=\"og:description\" content=\"M\u016bsu S\u00f6derby ka\u013c\u0137akmens fl\u012bzes ar vecin\u0101tu virsmu ir popul\u0101ra izv\u0113le, jo t\u0101m ir kr\u0113mkr\u0101sas fos\u012blijas un rustik\u0101li ielaidumi, kas liek gr\u012bdai izskat\u012bties t\u0101, ir k\u0101 t\u0101 b\u016btu iekl\u0101ta pirms daudziem gadiem. Ide\u0101li piem\u0113rotas izmanto\u0161anai lauku m\u0101jas virtuv\u0113 vai dz\u012bvojam\u0101 telp\u0101.  Gai\u0161i b\u0113\u0161ie kr\u0101su to\u0146i pastiprina dabisk\u0101s gaismas efektu, padarot dz\u012bvojam\u0101s telpas un virtuves gai\u0161\u0101kas un \u012bs\u0101s ziemas dienas omul\u012bg\u0101kas un maz\u0101k pel\u0113kas.  Pieejama vecin\u0101ta apdare.  Lai redz\u0113tu cenu, izv\u0113lieties fl\u012bzes izm\u0113ru. Bezmaksas pieg\u0101de ir pas\u016bt\u012bjumiem virs 25 m2.\" \/>\n<meta property=\"og:url\" content=\"https:\/\/saxbystone.com\/lv\/produkts\/soderby\/\" \/>\n<meta property=\"og:site_name\" content=\"Saxby Stone\" \/>\n<meta property=\"article:modified_time\" content=\"2026-02-27T06:45:36+00:00\" \/>\n<meta property=\"og:image\" content=\"https:\/\/saxbystone.com\/wp-content\/uploads\/2024\/10\/Soderby-Limestone-flooring-tiles.jpg\" \/>\n\t<meta property=\"og:image:width\" content=\"720\" \/>\n\t<meta property=\"og:image:height\" content=\"540\" \/>\n\t<meta property=\"og:image:type\" content=\"image\/jpeg\" \/>\n<meta name=\"twitter:card\" content=\"summary_large_image\" \/>\n<meta name=\"twitter:label1\" content=\"Est. reading time\" \/>\n\t<meta name=\"twitter:data1\" content=\"1 minute\" \/>\n<script type=\"application\/ld+json\" class=\"yoast-schema-graph\">{\"@context\":\"https:\/\/schema.org\",\"@graph\":[{\"@type\":\"WebPage\",\"@id\":\"https:\/\/saxbystone.com\/lv\/produkts\/soderby\/\",\"url\":\"https:\/\/saxbystone.com\/lv\/produkts\/soderby\/\",\"name\":\"S\u00f6derby ka\u013c\u0137akmens - Saxby Stone\",\"isPartOf\":{\"@id\":\"https:\/\/saxbystone.com\/lv\/#website\"},\"primaryImageOfPage\":{\"@id\":\"https:\/\/saxbystone.com\/lv\/produkts\/soderby\/#primaryimage\"},\"image\":{\"@id\":\"https:\/\/saxbystone.com\/lv\/produkts\/soderby\/#primaryimage\"},\"thumbnailUrl\":\"https:\/\/saxbystone.com\/wp-content\/uploads\/2024\/10\/Soderby-Limestone-flooring-tiles.jpg\",\"datePublished\":\"2024-10-25T12:00:21+00:00\",\"dateModified\":\"2026-02-27T06:45:36+00:00\",\"breadcrumb\":{\"@id\":\"https:\/\/saxbystone.com\/lv\/produkts\/soderby\/#breadcrumb\"},\"inLanguage\":\"lv-LV\",\"potentialAction\":[{\"@type\":\"ReadAction\",\"target\":[\"https:\/\/saxbystone.com\/lv\/produkts\/soderby\/\"]}]},{\"@type\":\"ImageObject\",\"inLanguage\":\"lv-LV\",\"@id\":\"https:\/\/saxbystone.com\/lv\/produkts\/soderby\/#primaryimage\",\"url\":\"https:\/\/saxbystone.com\/wp-content\/uploads\/2024\/10\/Soderby-Limestone-flooring-tiles.jpg\",\"contentUrl\":\"https:\/\/saxbystone.com\/wp-content\/uploads\/2024\/10\/Soderby-Limestone-flooring-tiles.jpg\",\"width\":720,\"height\":540},{\"@type\":\"BreadcrumbList\",\"@id\":\"https:\/\/saxbystone.com\/lv\/produkts\/soderby\/#breadcrumb\",\"itemListElement\":[{\"@type\":\"ListItem\",\"position\":1,\"name\":\"Home\",\"item\":\"https:\/\/saxbystone.com\/lv\/\"},{\"@type\":\"ListItem\",\"position\":2,\"name\":\"Akmens fl\u012bzes\",\"item\":\"https:\/\/saxbystone.com\/stone-tiles\/\"},{\"@type\":\"ListItem\",\"position\":3,\"name\":\"S\u00f6derby ka\u013c\u0137akmens\"}]},{\"@type\":\"WebSite\",\"@id\":\"https:\/\/saxbystone.com\/lv\/#website\",\"url\":\"https:\/\/saxbystone.com\/lv\/\",\"name\":\"Saxby Stone\",\"description\":\"Natural stone tiles\",\"publisher\":{\"@id\":\"https:\/\/saxbystone.com\/lv\/#organization\"},\"potentialAction\":[{\"@type\":\"SearchAction\",\"target\":{\"@type\":\"EntryPoint\",\"urlTemplate\":\"https:\/\/saxbystone.com\/lv\/?s={search_term_string}\"},\"query-input\":{\"@type\":\"PropertyValueSpecification\",\"valueRequired\":true,\"valueName\":\"search_term_string\"}}],\"inLanguage\":\"lv-LV\"},{\"@type\":\"Organization\",\"@id\":\"https:\/\/saxbystone.com\/lv\/#organization\",\"name\":\"Saxby Stone\",\"url\":\"https:\/\/saxbystone.com\/lv\/\",\"logo\":{\"@type\":\"ImageObject\",\"inLanguage\":\"lv-LV\",\"@id\":\"https:\/\/saxbystone.com\/lv\/#\/schema\/logo\/image\/\",\"url\":\"https:\/\/saxbystone.com\/wp-content\/uploads\/2024\/09\/cropped-Saxby-Stone-logo-official-1st.png\",\"contentUrl\":\"https:\/\/saxbystone.com\/wp-content\/uploads\/2024\/09\/cropped-Saxby-Stone-logo-official-1st.png\",\"width\":512,\"height\":512,\"caption\":\"Saxby Stone\"},\"image\":{\"@id\":\"https:\/\/saxbystone.com\/lv\/#\/schema\/logo\/image\/\"},\"sameAs\":[\"https:\/\/www.instagram.com\/saxbystone\/\"]}]}<\/script>\n<!-- \/ Yoast SEO plugin. -->","yoast_head_json":{"title":"S\u00f6derby ka\u013c\u0137akmens - Saxby Stone","robots":{"index":"index","follow":"follow","max-snippet":"max-snippet:-1","max-image-preview":"max-image-preview:large","max-video-preview":"max-video-preview:-1"},"canonical":"https:\/\/saxbystone.com\/lv\/produkts\/soderby\/","og_locale":"lv_LV","og_type":"article","og_title":"S\u00f6derby ka\u013c\u0137akmens - Saxby Stone","og_description":"M\u016bsu S\u00f6derby ka\u013c\u0137akmens fl\u012bzes ar vecin\u0101tu virsmu ir popul\u0101ra izv\u0113le, jo t\u0101m ir kr\u0113mkr\u0101sas fos\u012blijas un rustik\u0101li ielaidumi, kas liek gr\u012bdai izskat\u012bties t\u0101, ir k\u0101 t\u0101 b\u016btu iekl\u0101ta pirms daudziem gadiem. Ide\u0101li piem\u0113rotas izmanto\u0161anai lauku m\u0101jas virtuv\u0113 vai dz\u012bvojam\u0101 telp\u0101.  Gai\u0161i b\u0113\u0161ie kr\u0101su to\u0146i pastiprina dabisk\u0101s gaismas efektu, padarot dz\u012bvojam\u0101s telpas un virtuves gai\u0161\u0101kas un \u012bs\u0101s ziemas dienas omul\u012bg\u0101kas un maz\u0101k pel\u0113kas.  Pieejama vecin\u0101ta apdare.  Lai redz\u0113tu cenu, izv\u0113lieties fl\u012bzes izm\u0113ru. Bezmaksas pieg\u0101de ir pas\u016bt\u012bjumiem virs 25 m2.","og_url":"https:\/\/saxbystone.com\/lv\/produkts\/soderby\/","og_site_name":"Saxby Stone","article_modified_time":"2026-02-27T06:45:36+00:00","og_image":[{"width":720,"height":540,"url":"https:\/\/saxbystone.com\/wp-content\/uploads\/2024\/10\/Soderby-Limestone-flooring-tiles.jpg","type":"image\/jpeg"}],"twitter_card":"summary_large_image","twitter_misc":{"Est. reading time":"1 minute"},"schema":{"@context":"https:\/\/schema.org","@graph":[{"@type":"WebPage","@id":"https:\/\/saxbystone.com\/lv\/produkts\/soderby\/","url":"https:\/\/saxbystone.com\/lv\/produkts\/soderby\/","name":"S\u00f6derby ka\u013c\u0137akmens - Saxby Stone","isPartOf":{"@id":"https:\/\/saxbystone.com\/lv\/#website"},"primaryImageOfPage":{"@id":"https:\/\/saxbystone.com\/lv\/produkts\/soderby\/#primaryimage"},"image":{"@id":"https:\/\/saxbystone.com\/lv\/produkts\/soderby\/#primaryimage"},"thumbnailUrl":"https:\/\/saxbystone.com\/wp-content\/uploads\/2024\/10\/Soderby-Limestone-flooring-tiles.jpg","datePublished":"2024-10-25T12:00:21+00:00","dateModified":"2026-02-27T06:45:36+00:00","breadcrumb":{"@id":"https:\/\/saxbystone.com\/lv\/produkts\/soderby\/#breadcrumb"},"inLanguage":"lv-LV","potentialAction":[{"@type":"ReadAction","target":["https:\/\/saxbystone.com\/lv\/produkts\/soderby\/"]}]},{"@type":"ImageObject","inLanguage":"lv-LV","@id":"https:\/\/saxbystone.com\/lv\/produkts\/soderby\/#primaryimage","url":"https:\/\/saxbystone.com\/wp-content\/uploads\/2024\/10\/Soderby-Limestone-flooring-tiles.jpg","contentUrl":"https:\/\/saxbystone.com\/wp-content\/uploads\/2024\/10\/Soderby-Limestone-flooring-tiles.jpg","width":720,"height":540},{"@type":"BreadcrumbList","@id":"https:\/\/saxbystone.com\/lv\/produkts\/soderby\/#breadcrumb","itemListElement":[{"@type":"ListItem","position":1,"name":"Home","item":"https:\/\/saxbystone.com\/lv\/"},{"@type":"ListItem","position":2,"name":"Akmens fl\u012bzes","item":"https:\/\/saxbystone.com\/stone-tiles\/"},{"@type":"ListItem","position":3,"name":"S\u00f6derby ka\u013c\u0137akmens"}]},{"@type":"WebSite","@id":"https:\/\/saxbystone.com\/lv\/#website","url":"https:\/\/saxbystone.com\/lv\/","name":"Saxby Stone","description":"Natural stone tiles","publisher":{"@id":"https:\/\/saxbystone.com\/lv\/#organization"},"potentialAction":[{"@type":"SearchAction","target":{"@type":"EntryPoint","urlTemplate":"https:\/\/saxbystone.com\/lv\/?s={search_term_string}"},"query-input":{"@type":"PropertyValueSpecification","valueRequired":true,"valueName":"search_term_string"}}],"inLanguage":"lv-LV"},{"@type":"Organization","@id":"https:\/\/saxbystone.com\/lv\/#organization","name":"Saxby Stone","url":"https:\/\/saxbystone.com\/lv\/","logo":{"@type":"ImageObject","inLanguage":"lv-LV","@id":"https:\/\/saxbystone.com\/lv\/#\/schema\/logo\/image\/","url":"https:\/\/saxbystone.com\/wp-content\/uploads\/2024\/09\/cropped-Saxby-Stone-logo-official-1st.png","contentUrl":"https:\/\/saxbystone.com\/wp-content\/uploads\/2024\/09\/cropped-Saxby-Stone-logo-official-1st.png","width":512,"height":512,"caption":"Saxby Stone"},"image":{"@id":"https:\/\/saxbystone.com\/lv\/#\/schema\/logo\/image\/"},"sameAs":["https:\/\/www.instagram.com\/saxbystone\/"]}]}},"_links":{"self":[{"href":"https:\/\/saxbystone.com\/lv\/wp-json\/wp\/v2\/product\/4004","targetHints":{"allow":["GET"]}}],"collection":[{"href":"https:\/\/saxbystone.com\/lv\/wp-json\/wp\/v2\/product"}],"about":[{"href":"https:\/\/saxbystone.com\/lv\/wp-json\/wp\/v2\/types\/product"}],"wp:featuredmedia":[{"embeddable":true,"href":"https:\/\/saxbystone.com\/lv\/wp-json\/wp\/v2\/media\/4005"}],"wp:attachment":[{"href":"https:\/\/saxbystone.com\/lv\/wp-json\/wp\/v2\/media?parent=4004"}],"wp:term":[{"taxonomy":"product_brand","embeddable":true,"href":"https:\/\/saxbystone.com\/lv\/wp-json\/wp\/v2\/product_brand?post=4004"},{"taxonomy":"product_cat","embeddable":true,"href":"https:\/\/saxbystone.com\/lv\/wp-json\/wp\/v2\/product_cat?post=4004"},{"taxonomy":"product_tag","embeddable":true,"href":"https:\/\/saxbystone.com\/lv\/wp-json\/wp\/v2\/product_tag?post=4004"}],"curies":[{"name":"wp","href":"https:\/\/api.w.org\/{rel}","templated":true}]}}