{"id":3974,"date":"2024-10-25T14:13:00","date_gmt":"2024-10-25T11:13:00","guid":{"rendered":"https:\/\/saxbystone.com\/product\/gotlandes-pelekais-kalkakmens\/"},"modified":"2025-12-04T10:29:12","modified_gmt":"2025-12-04T08:29:12","slug":"gotland-grey","status":"publish","type":"product","link":"https:\/\/saxbystone.com\/lv\/produkts\/gotland-grey\/","title":{"rendered":"Gotland Grey ka\u013c\u0137akmens"},"content":{"rendered":"","protected":false},"excerpt":{"rendered":"<p>Gotland Grey ka\u013c\u0137akmenim, kas ieg\u016bts no akmens gr\u0113das, kas stiepjas zem Baltijas j\u016bras no Gotlandes salas l\u012bdz S\u0101rem\u0101 salai Igaunij\u0101,\u00a0 piem\u012bt izcila saliztur\u012bba, un parasti to nor\u0101da specifik\u0101cij\u0101s k\u0101 fl\u012bzes \u0101r\u0113j\u0101m teras\u0113m un \u0113ku fas\u0101d\u0113m.<\/p>\n<p>No Gotland Grey ka\u013c\u0137akmens izgatavot\u0101s fl\u012bzes ir ide\u0101li piem\u0113rotas izmanto\u0161anai peldbaseinu \u0101r\u0113j\u0101 apdar\u0113 un teras\u0113s, kur dabiski pel\u0113k\u0101s un b\u0113\u0161\u0101s kr\u0101sas to\u0146i vienm\u0113r\u012bgi iek\u013caujas dabiskaj\u0101 vid\u0113.<\/p>\n<p>Pieejama mat\u0113ta un birst\u0113ta apdare.<\/p>\n<p><em>Lai redz\u0113tu cenu, izv\u0113lieties fl\u012bzes izm\u0113ru. Bezmaksas pieg\u0101de ir pas\u016bt\u012bjumiem virs 25 m<sup>2<\/sup>. Atlaides pas\u016bt\u012bjumiem virs 100 m<sup>2<\/sup>.<\/em><\/p>\n","protected":false},"featured_media":6321,"template":"","meta":{"_acf_changed":false},"product_brand":[],"product_cat":[188,187,191,205],"product_tag":[],"class_list":{"0":"post-3974","1":"product","2":"type-product","3":"status-publish","4":"has-post-thumbnail","6":"product_cat-visas-flizes","7":"product_cat-gridas-sienas-flizes","8":"product_cat-fasades-akmens","9":"product_cat-brugakmens","11":"first","12":"instock","13":"shipping-taxable","14":"purchasable","15":"product-type-variable","16":"add-to-wishlist-after_add_to_cart"},"acf":[],"yoast_head":"<!-- This site is optimized with the Yoast SEO plugin v26.4 - https:\/\/yoast.com\/wordpress\/plugins\/seo\/ -->\n<title>Gotland Grey ka\u013c\u0137akmens - Saxby Stone<\/title>\n<meta name=\"description\" content=\"Quarried from a seam of rock that runs from Gotland to Saaremaa in Estonia\" \/>\n<meta name=\"robots\" content=\"index, follow, max-snippet:-1, max-image-preview:large, max-video-preview:-1\" \/>\n<link rel=\"canonical\" href=\"https:\/\/saxbystone.com\/lv\/produkts\/gotland-grey\/\" \/>\n<meta property=\"og:locale\" content=\"lv_LV\" \/>\n<meta property=\"og:type\" content=\"article\" \/>\n<meta property=\"og:title\" content=\"Gotland Grey ka\u013c\u0137akmens - Saxby Stone\" \/>\n<meta property=\"og:description\" content=\"Quarried from a seam of rock that runs from Gotland to Saaremaa in Estonia\" \/>\n<meta property=\"og:url\" content=\"https:\/\/saxbystone.com\/lv\/produkts\/gotland-grey\/\" \/>\n<meta property=\"og:site_name\" content=\"Saxby Stone\" \/>\n<meta property=\"article:modified_time\" content=\"2025-12-04T08:29:12+00:00\" \/>\n<meta property=\"og:image\" content=\"https:\/\/saxbystone.com\/wp-content\/uploads\/2025\/03\/Noblessner-Residential-Tallinn-Estonia-5.jpg\" \/>\n\t<meta property=\"og:image:width\" content=\"2435\" \/>\n\t<meta property=\"og:image:height\" content=\"1826\" \/>\n\t<meta property=\"og:image:type\" content=\"image\/jpeg\" \/>\n<meta name=\"twitter:card\" content=\"summary_large_image\" \/>\n<meta name=\"twitter:label1\" content=\"Est. reading time\" \/>\n\t<meta name=\"twitter:data1\" content=\"1 minute\" \/>\n<script type=\"application\/ld+json\" class=\"yoast-schema-graph\">{\"@context\":\"https:\/\/schema.org\",\"@graph\":[{\"@type\":\"WebPage\",\"@id\":\"https:\/\/saxbystone.com\/lv\/produkts\/gotland-grey\/\",\"url\":\"https:\/\/saxbystone.com\/lv\/produkts\/gotland-grey\/\",\"name\":\"Gotland Grey ka\u013c\u0137akmens - Saxby Stone\",\"isPartOf\":{\"@id\":\"https:\/\/saxbystone.com\/lv\/#website\"},\"primaryImageOfPage\":{\"@id\":\"https:\/\/saxbystone.com\/lv\/produkts\/gotland-grey\/#primaryimage\"},\"image\":{\"@id\":\"https:\/\/saxbystone.com\/lv\/produkts\/gotland-grey\/#primaryimage\"},\"thumbnailUrl\":\"https:\/\/saxbystone.com\/wp-content\/uploads\/2025\/03\/Noblessner-Residential-Tallinn-Estonia-5.jpg\",\"datePublished\":\"2024-10-25T11:13:00+00:00\",\"dateModified\":\"2025-12-04T08:29:12+00:00\",\"description\":\"Quarried from a seam of rock that runs from Gotland to Saaremaa in Estonia\",\"breadcrumb\":{\"@id\":\"https:\/\/saxbystone.com\/lv\/produkts\/gotland-grey\/#breadcrumb\"},\"inLanguage\":\"lv-LV\",\"potentialAction\":[{\"@type\":\"ReadAction\",\"target\":[\"https:\/\/saxbystone.com\/lv\/produkts\/gotland-grey\/\"]}]},{\"@type\":\"ImageObject\",\"inLanguage\":\"lv-LV\",\"@id\":\"https:\/\/saxbystone.com\/lv\/produkts\/gotland-grey\/#primaryimage\",\"url\":\"https:\/\/saxbystone.com\/wp-content\/uploads\/2025\/03\/Noblessner-Residential-Tallinn-Estonia-5.jpg\",\"contentUrl\":\"https:\/\/saxbystone.com\/wp-content\/uploads\/2025\/03\/Noblessner-Residential-Tallinn-Estonia-5.jpg\",\"width\":2435,\"height\":1826},{\"@type\":\"BreadcrumbList\",\"@id\":\"https:\/\/saxbystone.com\/lv\/produkts\/gotland-grey\/#breadcrumb\",\"itemListElement\":[{\"@type\":\"ListItem\",\"position\":1,\"name\":\"Home\",\"item\":\"https:\/\/saxbystone.com\/lv\/\"},{\"@type\":\"ListItem\",\"position\":2,\"name\":\"Akmens fl\u012bzes\",\"item\":\"https:\/\/saxbystone.com\/stone-tiles\/\"},{\"@type\":\"ListItem\",\"position\":3,\"name\":\"Gotland Grey ka\u013c\u0137akmens\"}]},{\"@type\":\"WebSite\",\"@id\":\"https:\/\/saxbystone.com\/lv\/#website\",\"url\":\"https:\/\/saxbystone.com\/lv\/\",\"name\":\"Saxby Stone\",\"description\":\"Natural stone tiles\",\"publisher\":{\"@id\":\"https:\/\/saxbystone.com\/lv\/#organization\"},\"potentialAction\":[{\"@type\":\"SearchAction\",\"target\":{\"@type\":\"EntryPoint\",\"urlTemplate\":\"https:\/\/saxbystone.com\/lv\/?s={search_term_string}\"},\"query-input\":{\"@type\":\"PropertyValueSpecification\",\"valueRequired\":true,\"valueName\":\"search_term_string\"}}],\"inLanguage\":\"lv-LV\"},{\"@type\":\"Organization\",\"@id\":\"https:\/\/saxbystone.com\/lv\/#organization\",\"name\":\"Saxby Stone\",\"url\":\"https:\/\/saxbystone.com\/lv\/\",\"logo\":{\"@type\":\"ImageObject\",\"inLanguage\":\"lv-LV\",\"@id\":\"https:\/\/saxbystone.com\/lv\/#\/schema\/logo\/image\/\",\"url\":\"https:\/\/saxbystone.com\/wp-content\/uploads\/2024\/09\/cropped-Saxby-Stone-logo-official-1st.png\",\"contentUrl\":\"https:\/\/saxbystone.com\/wp-content\/uploads\/2024\/09\/cropped-Saxby-Stone-logo-official-1st.png\",\"width\":512,\"height\":512,\"caption\":\"Saxby Stone\"},\"image\":{\"@id\":\"https:\/\/saxbystone.com\/lv\/#\/schema\/logo\/image\/\"},\"sameAs\":[\"https:\/\/www.instagram.com\/saxbystone\/\"]}]}<\/script>\n<!-- \/ Yoast SEO plugin. -->","yoast_head_json":{"title":"Gotland Grey ka\u013c\u0137akmens - Saxby Stone","description":"Quarried from a seam of rock that runs from Gotland to Saaremaa in Estonia","robots":{"index":"index","follow":"follow","max-snippet":"max-snippet:-1","max-image-preview":"max-image-preview:large","max-video-preview":"max-video-preview:-1"},"canonical":"https:\/\/saxbystone.com\/lv\/produkts\/gotland-grey\/","og_locale":"lv_LV","og_type":"article","og_title":"Gotland Grey ka\u013c\u0137akmens - Saxby Stone","og_description":"Quarried from a seam of rock that runs from Gotland to Saaremaa in Estonia","og_url":"https:\/\/saxbystone.com\/lv\/produkts\/gotland-grey\/","og_site_name":"Saxby Stone","article_modified_time":"2025-12-04T08:29:12+00:00","og_image":[{"width":2435,"height":1826,"url":"https:\/\/saxbystone.com\/wp-content\/uploads\/2025\/03\/Noblessner-Residential-Tallinn-Estonia-5.jpg","type":"image\/jpeg"}],"twitter_card":"summary_large_image","twitter_misc":{"Est. reading time":"1 minute"},"schema":{"@context":"https:\/\/schema.org","@graph":[{"@type":"WebPage","@id":"https:\/\/saxbystone.com\/lv\/produkts\/gotland-grey\/","url":"https:\/\/saxbystone.com\/lv\/produkts\/gotland-grey\/","name":"Gotland Grey ka\u013c\u0137akmens - Saxby Stone","isPartOf":{"@id":"https:\/\/saxbystone.com\/lv\/#website"},"primaryImageOfPage":{"@id":"https:\/\/saxbystone.com\/lv\/produkts\/gotland-grey\/#primaryimage"},"image":{"@id":"https:\/\/saxbystone.com\/lv\/produkts\/gotland-grey\/#primaryimage"},"thumbnailUrl":"https:\/\/saxbystone.com\/wp-content\/uploads\/2025\/03\/Noblessner-Residential-Tallinn-Estonia-5.jpg","datePublished":"2024-10-25T11:13:00+00:00","dateModified":"2025-12-04T08:29:12+00:00","description":"Quarried from a seam of rock that runs from Gotland to Saaremaa in Estonia","breadcrumb":{"@id":"https:\/\/saxbystone.com\/lv\/produkts\/gotland-grey\/#breadcrumb"},"inLanguage":"lv-LV","potentialAction":[{"@type":"ReadAction","target":["https:\/\/saxbystone.com\/lv\/produkts\/gotland-grey\/"]}]},{"@type":"ImageObject","inLanguage":"lv-LV","@id":"https:\/\/saxbystone.com\/lv\/produkts\/gotland-grey\/#primaryimage","url":"https:\/\/saxbystone.com\/wp-content\/uploads\/2025\/03\/Noblessner-Residential-Tallinn-Estonia-5.jpg","contentUrl":"https:\/\/saxbystone.com\/wp-content\/uploads\/2025\/03\/Noblessner-Residential-Tallinn-Estonia-5.jpg","width":2435,"height":1826},{"@type":"BreadcrumbList","@id":"https:\/\/saxbystone.com\/lv\/produkts\/gotland-grey\/#breadcrumb","itemListElement":[{"@type":"ListItem","position":1,"name":"Home","item":"https:\/\/saxbystone.com\/lv\/"},{"@type":"ListItem","position":2,"name":"Akmens fl\u012bzes","item":"https:\/\/saxbystone.com\/stone-tiles\/"},{"@type":"ListItem","position":3,"name":"Gotland Grey ka\u013c\u0137akmens"}]},{"@type":"WebSite","@id":"https:\/\/saxbystone.com\/lv\/#website","url":"https:\/\/saxbystone.com\/lv\/","name":"Saxby Stone","description":"Natural stone tiles","publisher":{"@id":"https:\/\/saxbystone.com\/lv\/#organization"},"potentialAction":[{"@type":"SearchAction","target":{"@type":"EntryPoint","urlTemplate":"https:\/\/saxbystone.com\/lv\/?s={search_term_string}"},"query-input":{"@type":"PropertyValueSpecification","valueRequired":true,"valueName":"search_term_string"}}],"inLanguage":"lv-LV"},{"@type":"Organization","@id":"https:\/\/saxbystone.com\/lv\/#organization","name":"Saxby Stone","url":"https:\/\/saxbystone.com\/lv\/","logo":{"@type":"ImageObject","inLanguage":"lv-LV","@id":"https:\/\/saxbystone.com\/lv\/#\/schema\/logo\/image\/","url":"https:\/\/saxbystone.com\/wp-content\/uploads\/2024\/09\/cropped-Saxby-Stone-logo-official-1st.png","contentUrl":"https:\/\/saxbystone.com\/wp-content\/uploads\/2024\/09\/cropped-Saxby-Stone-logo-official-1st.png","width":512,"height":512,"caption":"Saxby Stone"},"image":{"@id":"https:\/\/saxbystone.com\/lv\/#\/schema\/logo\/image\/"},"sameAs":["https:\/\/www.instagram.com\/saxbystone\/"]}]}},"_links":{"self":[{"href":"https:\/\/saxbystone.com\/lv\/wp-json\/wp\/v2\/product\/3974","targetHints":{"allow":["GET"]}}],"collection":[{"href":"https:\/\/saxbystone.com\/lv\/wp-json\/wp\/v2\/product"}],"about":[{"href":"https:\/\/saxbystone.com\/lv\/wp-json\/wp\/v2\/types\/product"}],"wp:featuredmedia":[{"embeddable":true,"href":"https:\/\/saxbystone.com\/lv\/wp-json\/wp\/v2\/media\/6321"}],"wp:attachment":[{"href":"https:\/\/saxbystone.com\/lv\/wp-json\/wp\/v2\/media?parent=3974"}],"wp:term":[{"taxonomy":"product_brand","embeddable":true,"href":"https:\/\/saxbystone.com\/lv\/wp-json\/wp\/v2\/product_brand?post=3974"},{"taxonomy":"product_cat","embeddable":true,"href":"https:\/\/saxbystone.com\/lv\/wp-json\/wp\/v2\/product_cat?post=3974"},{"taxonomy":"product_tag","embeddable":true,"href":"https:\/\/saxbystone.com\/lv\/wp-json\/wp\/v2\/product_tag?post=3974"}],"curies":[{"name":"wp","href":"https:\/\/api.w.org\/{rel}","templated":true}]}}