{"id":3960,"date":"2024-10-25T13:59:26","date_gmt":"2024-10-25T10:59:26","guid":{"rendered":"https:\/\/saxbystone.com\/product\/alandu-peleki-besais-kalkakmens\/"},"modified":"2025-12-04T10:24:56","modified_gmt":"2025-12-04T08:24:56","slug":"alandu-grey-beige","status":"publish","type":"product","link":"https:\/\/saxbystone.com\/lv\/produkts\/alandu-grey-beige\/","title":{"rendered":"\u00c5land Grey-Beige ka\u013c\u0137akmens"},"content":{"rendered":"","protected":false},"excerpt":{"rendered":"<p>M\u0113s dom\u0101jam, ka, pateicoties zilgani-b\u0113\u0161as kr\u0101sas to\u0146iem, \u00c5land Grey-Beige ka\u013c\u0137akmens atspogu\u013co Baltijas j\u016bras noska\u0146ojumu un no t\u0101 var izgatavot lieliskas gr\u012bdas un sienas fl\u012bzes modernu m\u016bsdien\u012bgu dz\u012bvok\u013cu un villu projektiem.<\/p>\n<p>\u00c5land Grey-Beige ka\u013c\u0137akmens ir paz\u012bstams, pateicoties t\u0101 saliztur\u012bbas \u012bpa\u0161\u012bb\u0101m, un to var izmantot ar\u012b \u0101rpus telp\u0101m k\u0101 fas\u0101des fl\u012bzes dz\u012bvojam\u0101m un komerci\u0101laj\u0101m \u0113k\u0101m.<\/p>\n<p>Nesen m\u0113s pieg\u0101d\u0101j\u0101m liela izm\u0113ra fl\u012bzes, 1200 x 600 mm, ar \u010detrkant\u012bg\u0101m riev\u0101m izmanto\u0161anai k\u0101 sienas fl\u012bzes tirdzniec\u012bbas centr\u0101, kas ir redzams fotogr\u0101fij\u0101s.<\/p>\n<p>Pieejama mat\u0113ta apdare.<\/p>\n<p><em>Lai redz\u0113tu cenu, izv\u0113lieties fl\u012bzes izm\u0113ru. Bezmaksas pieg\u0101de ir pas\u016bt\u012bjumiem virs 25 m<sup>2<\/sup>. Atlaides pas\u016bt\u012bjumiem virs 100 m<sup>2<\/sup>.<\/em><\/p>\n","protected":false},"featured_media":3961,"template":"","meta":{"_acf_changed":false},"product_brand":[],"product_cat":[188,187,190,191,205,186],"product_tag":[],"class_list":{"0":"post-3960","1":"product","2":"type-product","3":"status-publish","4":"has-post-thumbnail","6":"product_cat-visas-flizes","7":"product_cat-gridas-sienas-flizes","8":"product_cat-darba-virsmas-palodzes","9":"product_cat-fasades-akmens","10":"product_cat-brugakmens","11":"product_cat-komerctelpam","13":"first","14":"instock","15":"shipping-taxable","16":"purchasable","17":"product-type-variable","18":"add-to-wishlist-after_add_to_cart"},"acf":[],"yoast_head":"<!-- This site is optimized with the Yoast SEO plugin v26.4 - https:\/\/yoast.com\/wordpress\/plugins\/seo\/ -->\n<title>\u00c5land Grey-Beige ka\u013c\u0137akmens - Saxby Stone<\/title>\n<meta name=\"robots\" content=\"index, follow, max-snippet:-1, max-image-preview:large, max-video-preview:-1\" \/>\n<link rel=\"canonical\" href=\"https:\/\/saxbystone.com\/lv\/produkts\/alandu-grey-beige\/\" \/>\n<meta property=\"og:locale\" content=\"lv_LV\" \/>\n<meta property=\"og:type\" content=\"article\" \/>\n<meta property=\"og:title\" content=\"\u00c5land Grey-Beige ka\u013c\u0137akmens - Saxby Stone\" \/>\n<meta property=\"og:description\" content=\"M\u0113s dom\u0101jam, ka, pateicoties zilgani-b\u0113\u0161as kr\u0101sas to\u0146iem, \u00c5land Grey-Beige ka\u013c\u0137akmens atspogu\u013co Baltijas j\u016bras noska\u0146ojumu un no t\u0101 var izgatavot lieliskas gr\u012bdas un sienas fl\u012bzes modernu m\u016bsdien\u012bgu dz\u012bvok\u013cu un villu projektiem.  \u00c5land Grey-Beige ka\u013c\u0137akmens ir paz\u012bstams, pateicoties t\u0101 saliztur\u012bbas \u012bpa\u0161\u012bb\u0101m, un to var izmantot ar\u012b \u0101rpus telp\u0101m k\u0101 fas\u0101des fl\u012bzes dz\u012bvojam\u0101m un komerci\u0101laj\u0101m \u0113k\u0101m.  Nesen m\u0113s pieg\u0101d\u0101j\u0101m liela izm\u0113ra fl\u012bzes, 1200 x 600 mm, ar \u010detrkant\u012bg\u0101m riev\u0101m izmanto\u0161anai k\u0101 sienas fl\u012bzes tirdzniec\u012bbas centr\u0101, kas ir redzams fotogr\u0101fij\u0101s.  Pieejama mat\u0113ta apdare.  Lai redz\u0113tu cenu, izv\u0113lieties fl\u012bzes izm\u0113ru. Bezmaksas pieg\u0101de ir pas\u016bt\u012bjumiem virs 25 m2. Atlaides pas\u016bt\u012bjumiem virs 100 m2.\" \/>\n<meta property=\"og:url\" content=\"https:\/\/saxbystone.com\/lv\/produkts\/alandu-grey-beige\/\" \/>\n<meta property=\"og:site_name\" content=\"Saxby Stone\" \/>\n<meta property=\"article:modified_time\" content=\"2025-12-04T08:24:56+00:00\" \/>\n<meta property=\"og:image\" content=\"https:\/\/saxbystone.com\/wp-content\/uploads\/2024\/10\/Aland-Grey-Beige-Porto-Franco.jpg\" \/>\n\t<meta property=\"og:image:width\" content=\"900\" \/>\n\t<meta property=\"og:image:height\" content=\"600\" \/>\n\t<meta property=\"og:image:type\" content=\"image\/jpeg\" \/>\n<meta name=\"twitter:card\" content=\"summary_large_image\" \/>\n<meta name=\"twitter:label1\" content=\"Est. reading time\" \/>\n\t<meta name=\"twitter:data1\" content=\"1 minute\" \/>\n<script type=\"application\/ld+json\" class=\"yoast-schema-graph\">{\"@context\":\"https:\/\/schema.org\",\"@graph\":[{\"@type\":\"WebPage\",\"@id\":\"https:\/\/saxbystone.com\/lv\/produkts\/alandu-grey-beige\/\",\"url\":\"https:\/\/saxbystone.com\/lv\/produkts\/alandu-grey-beige\/\",\"name\":\"\u00c5land Grey-Beige ka\u013c\u0137akmens - Saxby Stone\",\"isPartOf\":{\"@id\":\"https:\/\/saxbystone.com\/lv\/#website\"},\"primaryImageOfPage\":{\"@id\":\"https:\/\/saxbystone.com\/lv\/produkts\/alandu-grey-beige\/#primaryimage\"},\"image\":{\"@id\":\"https:\/\/saxbystone.com\/lv\/produkts\/alandu-grey-beige\/#primaryimage\"},\"thumbnailUrl\":\"https:\/\/saxbystone.com\/wp-content\/uploads\/2024\/10\/Aland-Grey-Beige-Porto-Franco.jpg\",\"datePublished\":\"2024-10-25T10:59:26+00:00\",\"dateModified\":\"2025-12-04T08:24:56+00:00\",\"breadcrumb\":{\"@id\":\"https:\/\/saxbystone.com\/lv\/produkts\/alandu-grey-beige\/#breadcrumb\"},\"inLanguage\":\"lv-LV\",\"potentialAction\":[{\"@type\":\"ReadAction\",\"target\":[\"https:\/\/saxbystone.com\/lv\/produkts\/alandu-grey-beige\/\"]}]},{\"@type\":\"ImageObject\",\"inLanguage\":\"lv-LV\",\"@id\":\"https:\/\/saxbystone.com\/lv\/produkts\/alandu-grey-beige\/#primaryimage\",\"url\":\"https:\/\/saxbystone.com\/wp-content\/uploads\/2024\/10\/Aland-Grey-Beige-Porto-Franco.jpg\",\"contentUrl\":\"https:\/\/saxbystone.com\/wp-content\/uploads\/2024\/10\/Aland-Grey-Beige-Porto-Franco.jpg\",\"width\":900,\"height\":600},{\"@type\":\"BreadcrumbList\",\"@id\":\"https:\/\/saxbystone.com\/lv\/produkts\/alandu-grey-beige\/#breadcrumb\",\"itemListElement\":[{\"@type\":\"ListItem\",\"position\":1,\"name\":\"Home\",\"item\":\"https:\/\/saxbystone.com\/lv\/\"},{\"@type\":\"ListItem\",\"position\":2,\"name\":\"Akmens fl\u012bzes\",\"item\":\"https:\/\/saxbystone.com\/stone-tiles\/\"},{\"@type\":\"ListItem\",\"position\":3,\"name\":\"\u00c5land Grey-Beige ka\u013c\u0137akmens\"}]},{\"@type\":\"WebSite\",\"@id\":\"https:\/\/saxbystone.com\/lv\/#website\",\"url\":\"https:\/\/saxbystone.com\/lv\/\",\"name\":\"Saxby Stone\",\"description\":\"Natural stone tiles\",\"publisher\":{\"@id\":\"https:\/\/saxbystone.com\/lv\/#organization\"},\"potentialAction\":[{\"@type\":\"SearchAction\",\"target\":{\"@type\":\"EntryPoint\",\"urlTemplate\":\"https:\/\/saxbystone.com\/lv\/?s={search_term_string}\"},\"query-input\":{\"@type\":\"PropertyValueSpecification\",\"valueRequired\":true,\"valueName\":\"search_term_string\"}}],\"inLanguage\":\"lv-LV\"},{\"@type\":\"Organization\",\"@id\":\"https:\/\/saxbystone.com\/lv\/#organization\",\"name\":\"Saxby Stone\",\"url\":\"https:\/\/saxbystone.com\/lv\/\",\"logo\":{\"@type\":\"ImageObject\",\"inLanguage\":\"lv-LV\",\"@id\":\"https:\/\/saxbystone.com\/lv\/#\/schema\/logo\/image\/\",\"url\":\"https:\/\/saxbystone.com\/wp-content\/uploads\/2024\/09\/cropped-Saxby-Stone-logo-official-1st.png\",\"contentUrl\":\"https:\/\/saxbystone.com\/wp-content\/uploads\/2024\/09\/cropped-Saxby-Stone-logo-official-1st.png\",\"width\":512,\"height\":512,\"caption\":\"Saxby Stone\"},\"image\":{\"@id\":\"https:\/\/saxbystone.com\/lv\/#\/schema\/logo\/image\/\"},\"sameAs\":[\"https:\/\/www.instagram.com\/saxbystone\/\"]}]}<\/script>\n<!-- \/ Yoast SEO plugin. -->","yoast_head_json":{"title":"\u00c5land Grey-Beige ka\u013c\u0137akmens - Saxby Stone","robots":{"index":"index","follow":"follow","max-snippet":"max-snippet:-1","max-image-preview":"max-image-preview:large","max-video-preview":"max-video-preview:-1"},"canonical":"https:\/\/saxbystone.com\/lv\/produkts\/alandu-grey-beige\/","og_locale":"lv_LV","og_type":"article","og_title":"\u00c5land Grey-Beige ka\u013c\u0137akmens - Saxby Stone","og_description":"M\u0113s dom\u0101jam, ka, pateicoties zilgani-b\u0113\u0161as kr\u0101sas to\u0146iem, \u00c5land Grey-Beige ka\u013c\u0137akmens atspogu\u013co Baltijas j\u016bras noska\u0146ojumu un no t\u0101 var izgatavot lieliskas gr\u012bdas un sienas fl\u012bzes modernu m\u016bsdien\u012bgu dz\u012bvok\u013cu un villu projektiem.  \u00c5land Grey-Beige ka\u013c\u0137akmens ir paz\u012bstams, pateicoties t\u0101 saliztur\u012bbas \u012bpa\u0161\u012bb\u0101m, un to var izmantot ar\u012b \u0101rpus telp\u0101m k\u0101 fas\u0101des fl\u012bzes dz\u012bvojam\u0101m un komerci\u0101laj\u0101m \u0113k\u0101m.  Nesen m\u0113s pieg\u0101d\u0101j\u0101m liela izm\u0113ra fl\u012bzes, 1200 x 600 mm, ar \u010detrkant\u012bg\u0101m riev\u0101m izmanto\u0161anai k\u0101 sienas fl\u012bzes tirdzniec\u012bbas centr\u0101, kas ir redzams fotogr\u0101fij\u0101s.  Pieejama mat\u0113ta apdare.  Lai redz\u0113tu cenu, izv\u0113lieties fl\u012bzes izm\u0113ru. Bezmaksas pieg\u0101de ir pas\u016bt\u012bjumiem virs 25 m2. Atlaides pas\u016bt\u012bjumiem virs 100 m2.","og_url":"https:\/\/saxbystone.com\/lv\/produkts\/alandu-grey-beige\/","og_site_name":"Saxby Stone","article_modified_time":"2025-12-04T08:24:56+00:00","og_image":[{"width":900,"height":600,"url":"https:\/\/saxbystone.com\/wp-content\/uploads\/2024\/10\/Aland-Grey-Beige-Porto-Franco.jpg","type":"image\/jpeg"}],"twitter_card":"summary_large_image","twitter_misc":{"Est. reading time":"1 minute"},"schema":{"@context":"https:\/\/schema.org","@graph":[{"@type":"WebPage","@id":"https:\/\/saxbystone.com\/lv\/produkts\/alandu-grey-beige\/","url":"https:\/\/saxbystone.com\/lv\/produkts\/alandu-grey-beige\/","name":"\u00c5land Grey-Beige ka\u013c\u0137akmens - Saxby Stone","isPartOf":{"@id":"https:\/\/saxbystone.com\/lv\/#website"},"primaryImageOfPage":{"@id":"https:\/\/saxbystone.com\/lv\/produkts\/alandu-grey-beige\/#primaryimage"},"image":{"@id":"https:\/\/saxbystone.com\/lv\/produkts\/alandu-grey-beige\/#primaryimage"},"thumbnailUrl":"https:\/\/saxbystone.com\/wp-content\/uploads\/2024\/10\/Aland-Grey-Beige-Porto-Franco.jpg","datePublished":"2024-10-25T10:59:26+00:00","dateModified":"2025-12-04T08:24:56+00:00","breadcrumb":{"@id":"https:\/\/saxbystone.com\/lv\/produkts\/alandu-grey-beige\/#breadcrumb"},"inLanguage":"lv-LV","potentialAction":[{"@type":"ReadAction","target":["https:\/\/saxbystone.com\/lv\/produkts\/alandu-grey-beige\/"]}]},{"@type":"ImageObject","inLanguage":"lv-LV","@id":"https:\/\/saxbystone.com\/lv\/produkts\/alandu-grey-beige\/#primaryimage","url":"https:\/\/saxbystone.com\/wp-content\/uploads\/2024\/10\/Aland-Grey-Beige-Porto-Franco.jpg","contentUrl":"https:\/\/saxbystone.com\/wp-content\/uploads\/2024\/10\/Aland-Grey-Beige-Porto-Franco.jpg","width":900,"height":600},{"@type":"BreadcrumbList","@id":"https:\/\/saxbystone.com\/lv\/produkts\/alandu-grey-beige\/#breadcrumb","itemListElement":[{"@type":"ListItem","position":1,"name":"Home","item":"https:\/\/saxbystone.com\/lv\/"},{"@type":"ListItem","position":2,"name":"Akmens fl\u012bzes","item":"https:\/\/saxbystone.com\/stone-tiles\/"},{"@type":"ListItem","position":3,"name":"\u00c5land Grey-Beige ka\u013c\u0137akmens"}]},{"@type":"WebSite","@id":"https:\/\/saxbystone.com\/lv\/#website","url":"https:\/\/saxbystone.com\/lv\/","name":"Saxby Stone","description":"Natural stone tiles","publisher":{"@id":"https:\/\/saxbystone.com\/lv\/#organization"},"potentialAction":[{"@type":"SearchAction","target":{"@type":"EntryPoint","urlTemplate":"https:\/\/saxbystone.com\/lv\/?s={search_term_string}"},"query-input":{"@type":"PropertyValueSpecification","valueRequired":true,"valueName":"search_term_string"}}],"inLanguage":"lv-LV"},{"@type":"Organization","@id":"https:\/\/saxbystone.com\/lv\/#organization","name":"Saxby Stone","url":"https:\/\/saxbystone.com\/lv\/","logo":{"@type":"ImageObject","inLanguage":"lv-LV","@id":"https:\/\/saxbystone.com\/lv\/#\/schema\/logo\/image\/","url":"https:\/\/saxbystone.com\/wp-content\/uploads\/2024\/09\/cropped-Saxby-Stone-logo-official-1st.png","contentUrl":"https:\/\/saxbystone.com\/wp-content\/uploads\/2024\/09\/cropped-Saxby-Stone-logo-official-1st.png","width":512,"height":512,"caption":"Saxby Stone"},"image":{"@id":"https:\/\/saxbystone.com\/lv\/#\/schema\/logo\/image\/"},"sameAs":["https:\/\/www.instagram.com\/saxbystone\/"]}]}},"_links":{"self":[{"href":"https:\/\/saxbystone.com\/lv\/wp-json\/wp\/v2\/product\/3960","targetHints":{"allow":["GET"]}}],"collection":[{"href":"https:\/\/saxbystone.com\/lv\/wp-json\/wp\/v2\/product"}],"about":[{"href":"https:\/\/saxbystone.com\/lv\/wp-json\/wp\/v2\/types\/product"}],"wp:featuredmedia":[{"embeddable":true,"href":"https:\/\/saxbystone.com\/lv\/wp-json\/wp\/v2\/media\/3961"}],"wp:attachment":[{"href":"https:\/\/saxbystone.com\/lv\/wp-json\/wp\/v2\/media?parent=3960"}],"wp:term":[{"taxonomy":"product_brand","embeddable":true,"href":"https:\/\/saxbystone.com\/lv\/wp-json\/wp\/v2\/product_brand?post=3960"},{"taxonomy":"product_cat","embeddable":true,"href":"https:\/\/saxbystone.com\/lv\/wp-json\/wp\/v2\/product_cat?post=3960"},{"taxonomy":"product_tag","embeddable":true,"href":"https:\/\/saxbystone.com\/lv\/wp-json\/wp\/v2\/product_tag?post=3960"}],"curies":[{"name":"wp","href":"https:\/\/api.w.org\/{rel}","templated":true}]}}