{"id":3956,"date":"2024-10-25T13:48:27","date_gmt":"2024-10-25T10:48:27","guid":{"rendered":"https:\/\/saxbystone.com\/product\/zilonkaula-travertins-vecinats\/"},"modified":"2025-11-26T11:24:45","modified_gmt":"2025-11-26T09:24:45","slug":"ivory-travertins-vecinats","status":"publish","type":"product","link":"https:\/\/saxbystone.com\/lv\/produkts\/ivory-travertins-vecinats\/","title":{"rendered":"Ivory travert\u012bns, vecin\u0101ts"},"content":{"rendered":"","protected":false},"excerpt":{"rendered":"<p>Ivory travert\u012bns ar vecin\u0101tu virsmu ir vienl\u012bdz piem\u0113rots gan tiem, kas v\u0113las izveidot iespaid\u012bga mui\u017eas stila interjeru, gan tiem, kas vienk\u0101r\u0161i v\u0113las likt savai vasarn\u012bcai izskat\u012bties mazliet rustik\u0101l\u0101kai.<\/p>\n<p>M\u016bsu vecin\u0101tais Ivory travert\u012bns ir premium kvalit\u0101tes materi\u0101ls, kas ieg\u016bts no raktuv\u0113m, no kur\u0101m m\u0113s to p\u0113rkam jau ilg\u0101k nek\u0101 divdesmit gadus.<\/p>\n<p>Ir pieejami daudzi da\u017e\u0101di izm\u0113ri, k\u0101 ar\u012b popul\u0101rais French raksts, k\u0101 to reiz\u0113m d\u0113v\u0113.<\/p>\n<p><em>Lai redz\u0113tu cenu, izv\u0113lieties fl\u012bzes izm\u0113ru. Bezmaksas pieg\u0101de ir pas\u016bt\u012bjumiem virs 25 m<sup>2<\/sup>.<\/em><\/p>\n","protected":false},"featured_media":3957,"template":"","meta":{"_acf_changed":false},"product_brand":[],"product_cat":[188,187],"product_tag":[],"class_list":{"0":"post-3956","1":"product","2":"type-product","3":"status-publish","4":"has-post-thumbnail","6":"product_cat-visas-flizes","7":"product_cat-gridas-sienas-flizes","9":"first","10":"instock","11":"shipping-taxable","12":"purchasable","13":"product-type-variable","14":"add-to-wishlist-after_add_to_cart"},"acf":[],"yoast_head":"<!-- This site is optimized with the Yoast SEO plugin v26.4 - https:\/\/yoast.com\/wordpress\/plugins\/seo\/ -->\n<title>Ivory travert\u012bns, vecin\u0101ts - Saxby Stone<\/title>\n<meta name=\"robots\" content=\"index, follow, max-snippet:-1, max-image-preview:large, max-video-preview:-1\" \/>\n<link rel=\"canonical\" href=\"https:\/\/saxbystone.com\/lv\/produkts\/ivory-travertins-vecinats\/\" \/>\n<meta property=\"og:locale\" content=\"lv_LV\" \/>\n<meta property=\"og:type\" content=\"article\" \/>\n<meta property=\"og:title\" content=\"Ivory travert\u012bns, vecin\u0101ts - Saxby Stone\" \/>\n<meta property=\"og:description\" content=\"Ivory travert\u012bns ar vecin\u0101tu virsmu ir vienl\u012bdz piem\u0113rots gan tiem, kas v\u0113las izveidot iespaid\u012bga mui\u017eas stila interjeru, gan tiem, kas vienk\u0101r\u0161i v\u0113las likt savai vasarn\u012bcai izskat\u012bties mazliet rustik\u0101l\u0101kai.  M\u016bsu vecin\u0101tais Ivory travert\u012bns ir premium kvalit\u0101tes materi\u0101ls, kas ieg\u016bts no raktuv\u0113m, no kur\u0101m m\u0113s to p\u0113rkam jau ilg\u0101k nek\u0101 divdesmit gadus.  Ir pieejami daudzi da\u017e\u0101di izm\u0113ri, k\u0101 ar\u012b popul\u0101rais French raksts, k\u0101 to reiz\u0113m d\u0113v\u0113.  Lai redz\u0113tu cenu, izv\u0113lieties fl\u012bzes izm\u0113ru. Bezmaksas pieg\u0101de ir pas\u016bt\u012bjumiem virs 25 m2.\" \/>\n<meta property=\"og:url\" content=\"https:\/\/saxbystone.com\/lv\/produkts\/ivory-travertins-vecinats\/\" \/>\n<meta property=\"og:site_name\" content=\"Saxby Stone\" \/>\n<meta property=\"article:modified_time\" content=\"2025-11-26T09:24:45+00:00\" \/>\n<meta property=\"og:image\" content=\"https:\/\/saxbystone.com\/wp-content\/uploads\/2024\/10\/12-Ivory-Travertine-Tumbled.jpg\" \/>\n\t<meta property=\"og:image:width\" content=\"900\" \/>\n\t<meta property=\"og:image:height\" content=\"600\" \/>\n\t<meta property=\"og:image:type\" content=\"image\/jpeg\" \/>\n<meta name=\"twitter:card\" content=\"summary_large_image\" \/>\n<meta name=\"twitter:label1\" content=\"Est. reading time\" \/>\n\t<meta name=\"twitter:data1\" content=\"1 minute\" \/>\n<script type=\"application\/ld+json\" class=\"yoast-schema-graph\">{\"@context\":\"https:\/\/schema.org\",\"@graph\":[{\"@type\":\"WebPage\",\"@id\":\"https:\/\/saxbystone.com\/lv\/produkts\/ivory-travertins-vecinats\/\",\"url\":\"https:\/\/saxbystone.com\/lv\/produkts\/ivory-travertins-vecinats\/\",\"name\":\"Ivory travert\u012bns, vecin\u0101ts - Saxby Stone\",\"isPartOf\":{\"@id\":\"https:\/\/saxbystone.com\/lv\/#website\"},\"primaryImageOfPage\":{\"@id\":\"https:\/\/saxbystone.com\/lv\/produkts\/ivory-travertins-vecinats\/#primaryimage\"},\"image\":{\"@id\":\"https:\/\/saxbystone.com\/lv\/produkts\/ivory-travertins-vecinats\/#primaryimage\"},\"thumbnailUrl\":\"https:\/\/saxbystone.com\/wp-content\/uploads\/2024\/10\/12-Ivory-Travertine-Tumbled.jpg\",\"datePublished\":\"2024-10-25T10:48:27+00:00\",\"dateModified\":\"2025-11-26T09:24:45+00:00\",\"breadcrumb\":{\"@id\":\"https:\/\/saxbystone.com\/lv\/produkts\/ivory-travertins-vecinats\/#breadcrumb\"},\"inLanguage\":\"lv-LV\",\"potentialAction\":[{\"@type\":\"ReadAction\",\"target\":[\"https:\/\/saxbystone.com\/lv\/produkts\/ivory-travertins-vecinats\/\"]}]},{\"@type\":\"ImageObject\",\"inLanguage\":\"lv-LV\",\"@id\":\"https:\/\/saxbystone.com\/lv\/produkts\/ivory-travertins-vecinats\/#primaryimage\",\"url\":\"https:\/\/saxbystone.com\/wp-content\/uploads\/2024\/10\/12-Ivory-Travertine-Tumbled.jpg\",\"contentUrl\":\"https:\/\/saxbystone.com\/wp-content\/uploads\/2024\/10\/12-Ivory-Travertine-Tumbled.jpg\",\"width\":900,\"height\":600},{\"@type\":\"BreadcrumbList\",\"@id\":\"https:\/\/saxbystone.com\/lv\/produkts\/ivory-travertins-vecinats\/#breadcrumb\",\"itemListElement\":[{\"@type\":\"ListItem\",\"position\":1,\"name\":\"Home\",\"item\":\"https:\/\/saxbystone.com\/lv\/\"},{\"@type\":\"ListItem\",\"position\":2,\"name\":\"Akmens fl\u012bzes\",\"item\":\"https:\/\/saxbystone.com\/stone-tiles\/\"},{\"@type\":\"ListItem\",\"position\":3,\"name\":\"Ivory travert\u012bns, vecin\u0101ts\"}]},{\"@type\":\"WebSite\",\"@id\":\"https:\/\/saxbystone.com\/lv\/#website\",\"url\":\"https:\/\/saxbystone.com\/lv\/\",\"name\":\"Saxby Stone\",\"description\":\"Natural stone tiles\",\"publisher\":{\"@id\":\"https:\/\/saxbystone.com\/lv\/#organization\"},\"potentialAction\":[{\"@type\":\"SearchAction\",\"target\":{\"@type\":\"EntryPoint\",\"urlTemplate\":\"https:\/\/saxbystone.com\/lv\/?s={search_term_string}\"},\"query-input\":{\"@type\":\"PropertyValueSpecification\",\"valueRequired\":true,\"valueName\":\"search_term_string\"}}],\"inLanguage\":\"lv-LV\"},{\"@type\":\"Organization\",\"@id\":\"https:\/\/saxbystone.com\/lv\/#organization\",\"name\":\"Saxby Stone\",\"url\":\"https:\/\/saxbystone.com\/lv\/\",\"logo\":{\"@type\":\"ImageObject\",\"inLanguage\":\"lv-LV\",\"@id\":\"https:\/\/saxbystone.com\/lv\/#\/schema\/logo\/image\/\",\"url\":\"https:\/\/saxbystone.com\/wp-content\/uploads\/2024\/09\/cropped-Saxby-Stone-logo-official-1st.png\",\"contentUrl\":\"https:\/\/saxbystone.com\/wp-content\/uploads\/2024\/09\/cropped-Saxby-Stone-logo-official-1st.png\",\"width\":512,\"height\":512,\"caption\":\"Saxby Stone\"},\"image\":{\"@id\":\"https:\/\/saxbystone.com\/lv\/#\/schema\/logo\/image\/\"},\"sameAs\":[\"https:\/\/www.instagram.com\/saxbystone\/\"]}]}<\/script>\n<!-- \/ Yoast SEO plugin. -->","yoast_head_json":{"title":"Ivory travert\u012bns, vecin\u0101ts - Saxby Stone","robots":{"index":"index","follow":"follow","max-snippet":"max-snippet:-1","max-image-preview":"max-image-preview:large","max-video-preview":"max-video-preview:-1"},"canonical":"https:\/\/saxbystone.com\/lv\/produkts\/ivory-travertins-vecinats\/","og_locale":"lv_LV","og_type":"article","og_title":"Ivory travert\u012bns, vecin\u0101ts - Saxby Stone","og_description":"Ivory travert\u012bns ar vecin\u0101tu virsmu ir vienl\u012bdz piem\u0113rots gan tiem, kas v\u0113las izveidot iespaid\u012bga mui\u017eas stila interjeru, gan tiem, kas vienk\u0101r\u0161i v\u0113las likt savai vasarn\u012bcai izskat\u012bties mazliet rustik\u0101l\u0101kai.  M\u016bsu vecin\u0101tais Ivory travert\u012bns ir premium kvalit\u0101tes materi\u0101ls, kas ieg\u016bts no raktuv\u0113m, no kur\u0101m m\u0113s to p\u0113rkam jau ilg\u0101k nek\u0101 divdesmit gadus.  Ir pieejami daudzi da\u017e\u0101di izm\u0113ri, k\u0101 ar\u012b popul\u0101rais French raksts, k\u0101 to reiz\u0113m d\u0113v\u0113.  Lai redz\u0113tu cenu, izv\u0113lieties fl\u012bzes izm\u0113ru. Bezmaksas pieg\u0101de ir pas\u016bt\u012bjumiem virs 25 m2.","og_url":"https:\/\/saxbystone.com\/lv\/produkts\/ivory-travertins-vecinats\/","og_site_name":"Saxby Stone","article_modified_time":"2025-11-26T09:24:45+00:00","og_image":[{"width":900,"height":600,"url":"https:\/\/saxbystone.com\/wp-content\/uploads\/2024\/10\/12-Ivory-Travertine-Tumbled.jpg","type":"image\/jpeg"}],"twitter_card":"summary_large_image","twitter_misc":{"Est. reading time":"1 minute"},"schema":{"@context":"https:\/\/schema.org","@graph":[{"@type":"WebPage","@id":"https:\/\/saxbystone.com\/lv\/produkts\/ivory-travertins-vecinats\/","url":"https:\/\/saxbystone.com\/lv\/produkts\/ivory-travertins-vecinats\/","name":"Ivory travert\u012bns, vecin\u0101ts - Saxby Stone","isPartOf":{"@id":"https:\/\/saxbystone.com\/lv\/#website"},"primaryImageOfPage":{"@id":"https:\/\/saxbystone.com\/lv\/produkts\/ivory-travertins-vecinats\/#primaryimage"},"image":{"@id":"https:\/\/saxbystone.com\/lv\/produkts\/ivory-travertins-vecinats\/#primaryimage"},"thumbnailUrl":"https:\/\/saxbystone.com\/wp-content\/uploads\/2024\/10\/12-Ivory-Travertine-Tumbled.jpg","datePublished":"2024-10-25T10:48:27+00:00","dateModified":"2025-11-26T09:24:45+00:00","breadcrumb":{"@id":"https:\/\/saxbystone.com\/lv\/produkts\/ivory-travertins-vecinats\/#breadcrumb"},"inLanguage":"lv-LV","potentialAction":[{"@type":"ReadAction","target":["https:\/\/saxbystone.com\/lv\/produkts\/ivory-travertins-vecinats\/"]}]},{"@type":"ImageObject","inLanguage":"lv-LV","@id":"https:\/\/saxbystone.com\/lv\/produkts\/ivory-travertins-vecinats\/#primaryimage","url":"https:\/\/saxbystone.com\/wp-content\/uploads\/2024\/10\/12-Ivory-Travertine-Tumbled.jpg","contentUrl":"https:\/\/saxbystone.com\/wp-content\/uploads\/2024\/10\/12-Ivory-Travertine-Tumbled.jpg","width":900,"height":600},{"@type":"BreadcrumbList","@id":"https:\/\/saxbystone.com\/lv\/produkts\/ivory-travertins-vecinats\/#breadcrumb","itemListElement":[{"@type":"ListItem","position":1,"name":"Home","item":"https:\/\/saxbystone.com\/lv\/"},{"@type":"ListItem","position":2,"name":"Akmens fl\u012bzes","item":"https:\/\/saxbystone.com\/stone-tiles\/"},{"@type":"ListItem","position":3,"name":"Ivory travert\u012bns, vecin\u0101ts"}]},{"@type":"WebSite","@id":"https:\/\/saxbystone.com\/lv\/#website","url":"https:\/\/saxbystone.com\/lv\/","name":"Saxby Stone","description":"Natural stone tiles","publisher":{"@id":"https:\/\/saxbystone.com\/lv\/#organization"},"potentialAction":[{"@type":"SearchAction","target":{"@type":"EntryPoint","urlTemplate":"https:\/\/saxbystone.com\/lv\/?s={search_term_string}"},"query-input":{"@type":"PropertyValueSpecification","valueRequired":true,"valueName":"search_term_string"}}],"inLanguage":"lv-LV"},{"@type":"Organization","@id":"https:\/\/saxbystone.com\/lv\/#organization","name":"Saxby Stone","url":"https:\/\/saxbystone.com\/lv\/","logo":{"@type":"ImageObject","inLanguage":"lv-LV","@id":"https:\/\/saxbystone.com\/lv\/#\/schema\/logo\/image\/","url":"https:\/\/saxbystone.com\/wp-content\/uploads\/2024\/09\/cropped-Saxby-Stone-logo-official-1st.png","contentUrl":"https:\/\/saxbystone.com\/wp-content\/uploads\/2024\/09\/cropped-Saxby-Stone-logo-official-1st.png","width":512,"height":512,"caption":"Saxby Stone"},"image":{"@id":"https:\/\/saxbystone.com\/lv\/#\/schema\/logo\/image\/"},"sameAs":["https:\/\/www.instagram.com\/saxbystone\/"]}]}},"_links":{"self":[{"href":"https:\/\/saxbystone.com\/lv\/wp-json\/wp\/v2\/product\/3956","targetHints":{"allow":["GET"]}}],"collection":[{"href":"https:\/\/saxbystone.com\/lv\/wp-json\/wp\/v2\/product"}],"about":[{"href":"https:\/\/saxbystone.com\/lv\/wp-json\/wp\/v2\/types\/product"}],"wp:featuredmedia":[{"embeddable":true,"href":"https:\/\/saxbystone.com\/lv\/wp-json\/wp\/v2\/media\/3957"}],"wp:attachment":[{"href":"https:\/\/saxbystone.com\/lv\/wp-json\/wp\/v2\/media?parent=3956"}],"wp:term":[{"taxonomy":"product_brand","embeddable":true,"href":"https:\/\/saxbystone.com\/lv\/wp-json\/wp\/v2\/product_brand?post=3956"},{"taxonomy":"product_cat","embeddable":true,"href":"https:\/\/saxbystone.com\/lv\/wp-json\/wp\/v2\/product_cat?post=3956"},{"taxonomy":"product_tag","embeddable":true,"href":"https:\/\/saxbystone.com\/lv\/wp-json\/wp\/v2\/product_tag?post=3956"}],"curies":[{"name":"wp","href":"https:\/\/api.w.org\/{rel}","templated":true}]}}